{"id":830267,"date":"2023-07-31T02:00:00","date_gmt":"2023-07-31T00:00:00","guid":{"rendered":"https:\/\/b2b.calibereurope.com\/product\/ir-em-ah-de_de\/"},"modified":"2023-07-31T10:07:25","modified_gmt":"2023-07-31T08:07:25","slug":"ir-em-ah-de_de","status":"publish","type":"product","link":"https:\/\/b2b.calibereurope.com\/de\/produkt\/ir-em-ah-de_de\/","title":{"rendered":"iRing Easy Lock Mount &#8211; Arm und universelle Handyhalterung &#8211; Verstellbarer Arm &#8211; Starke Klemme &#8211; Drehbar &#8211; F\u00fcr Smartphone und Tablet"},"content":{"rendered":"<p>Der iRing Easy Lock Mount Arm und der universelle Telefon- oder Tablet-Halter ist die perfekte L\u00f6sung, um Ihr Smartphone oder Tablet sicher und einfach zu befestigen. Mit seinem <strong>verstellbaren Arm<\/strong> und seiner <strong>starken Klemme<\/strong> bietet dieser Telefonhalter einen festen und zuverl\u00e4ssigen Halt, damit Sie Ihr Ger\u00e4t immer griffbereit haben. Der Arm kann an <strong>2 Punkten schwenken<\/strong> und ist <strong>38 cm lang<\/strong>. Dadurch finden Sie immer die ideale Position. Die Klemme funktioniert auch magnetisch, ideal f\u00fcr <strong>MagSafe<\/strong>-kompatible Produkte.<\/p>\n<p><strong>Eigenschaften:<\/strong><\/p>\n<ul>\n<li>Verstellbarer Arm<\/li>\n<li>Starke Klemme<\/li>\n<li>Schwenkt an 2 Punkten<\/li>\n<li>38 cm langer Arm<\/li>\n<li>Funktioniert mit MagSafe<\/li>\n<li>Schnelle Entriegelung<\/li>\n<li>Verschiedene F\u00fc\u00dfe erh\u00e4ltlich<\/li>\n<\/ul>\n<h3>Entsperren mit 1 Knopf<\/h3>\n<p>Dank des innovativen Designs des iRing Easy Lock Mount k\u00f6nnen Sie Ihr Ger\u00e4t mit nur einem Knopfdruck verriegeln. Dies erm\u00f6glicht eine schnelle und einfache Befestigung und verhindert ein versehentliches L\u00f6sen Ihres Telefons oder Tablets.<\/p>\n<h3>Kompatibel mit verschiedenen iRing Montagef\u00fc\u00dfen<\/h3>\n<p>Der iRing Easy Lock Mount ist mit verschiedenen Pro-Montagebasen kompatibel, sodass Sie ihn mit einer Vielzahl von Ger\u00e4ten verwenden k\u00f6nnen. Es gibt den Standardfu\u00df, der einfach zu bewegen ist. M\u00f6chten Sie ihn am Rand Ihres Schreibtisches oder Tisches befestigen? Schauen Sie sich dann den Clip-St\u00e4nder an. F\u00fcr glatte Oberfl\u00e4chen gibt es auch den Saugnapffu\u00df.<\/p>\n<h3>Fester Halt<\/h3>\n<p>Der iRing Easy Lock Mount bietet einen einfachen und festen Halt f\u00fcr Ihr Ger\u00e4t. Dank der Gelenkstruktur k\u00f6nnen Sie den Arm einfach l\u00f6sen und an eine andere Basis oder Position verschieben. So k\u00f6nnen Sie Ihr Telefon oder Tablet immer in der bequemsten und praktischsten Position platzieren.<\/p>\n<h3>Magnetischer Halter<\/h3>\n<p>Der iRing Easy Lock Mount ist mit einem magnetischen Halter f\u00fcr MagSafe-Produkte ausgestattet. Dadurch k\u00f6nnen Sie Ihre MagSafe-kompatiblen Ger\u00e4te sicher und einfach befestigen, ohne zus\u00e4tzliches Zubeh\u00f6r zu ben\u00f6tigen.<\/p>\n<p><strong>Im Lieferumfang enthalten:<\/p>\n<p><\/strong>1 x Arm<br \/>1 x Halter<\/p>\n<p><strong>Wichtig:<\/strong> Fu\u00df nicht im Lieferumfang enthalten. Die Montageplatte, der Saugnapf oder die Klemme k\u00f6nnen separat bestellt werden.<\/p>\n<p>&nbsp;<\/p>\n","protected":false},"excerpt":{"rendered":"<p>Der iRing Easy Lock Mount Arm und der universelle Telefon- oder Tablet-Halter ist die perfekte L\u00f6sung, um Ihr Smartphone oder Tablet sicher und einfach zu befestigen. Mit seinem verstellbaren Arm und seiner starken Klemme bietet dieser Telefonhalter einen festen und zuverl\u00e4ssigen Halt, damit Sie Ihr Ger\u00e4t immer griffbereit haben. Der Arm kann an 2 Punkten [&hellip;]<\/p>\n","protected":false},"featured_media":830271,"template":"","meta":{"_acf_changed":false,"site-sidebar-layout":"default","site-content-layout":"","ast-site-content-layout":"default","site-content-style":"default","site-sidebar-style":"default","ast-global-header-display":"","ast-banner-title-visibility":"","ast-main-header-display":"","ast-hfb-above-header-display":"","ast-hfb-below-header-display":"","ast-hfb-mobile-header-display":"","site-post-title":"","ast-breadcrumbs-content":"","ast-featured-img":"","footer-sml-layout":"","theme-transparent-header-meta":"","adv-header-id-meta":"","stick-header-meta":"","header-above-stick-meta":"","header-main-stick-meta":"","header-below-stick-meta":"","astra-migrate-meta-layouts":"default","ast-page-background-enabled":"default","ast-page-background-meta":{"desktop":{"background-color":"","background-image":"","background-repeat":"repeat","background-position":"center center","background-size":"auto","background-attachment":"scroll","background-type":"","background-media":"","overlay-type":"","overlay-color":"","overlay-opacity":"","overlay-gradient":""},"tablet":{"background-color":"","background-image":"","background-repeat":"repeat","background-position":"center center","background-size":"auto","background-attachment":"scroll","background-type":"","background-media":"","overlay-type":"","overlay-color":"","overlay-opacity":"","overlay-gradient":""},"mobile":{"background-color":"","background-image":"","background-repeat":"repeat","background-position":"center center","background-size":"auto","background-attachment":"scroll","background-type":"","background-media":"","overlay-type":"","overlay-color":"","overlay-opacity":"","overlay-gradient":""}},"ast-content-background-meta":{"desktop":{"background-color":"var(--ast-global-color-5)","background-image":"","background-repeat":"repeat","background-position":"center center","background-size":"auto","background-attachment":"scroll","background-type":"","background-media":"","overlay-type":"","overlay-color":"","overlay-opacity":"","overlay-gradient":""},"tablet":{"background-color":"var(--ast-global-color-5)","background-image":"","background-repeat":"repeat","background-position":"center center","background-size":"auto","background-attachment":"scroll","background-type":"","background-media":"","overlay-type":"","overlay-color":"","overlay-opacity":"","overlay-gradient":""},"mobile":{"background-color":"var(--ast-global-color-5)","background-image":"","background-repeat":"repeat","background-position":"center center","background-size":"auto","background-attachment":"scroll","background-type":"","background-media":"","overlay-type":"","overlay-color":"","overlay-opacity":"","overlay-gradient":""}}},"product_brand":[],"product_cat":[12183,12291,12231,12295,12203,12235],"product_tag":[],"class_list":{"0":"post-830267","1":"product","2":"type-product","3":"status-publish","4":"has-post-thumbnail","6":"product_cat-beeld_de_de","7":"product_cat-navigatie_telefonie_de_de","8":"product_cat-geluid_de_de","9":"product_cat-accessoires_navigatie_telefonie_de_de","10":"product_cat-accessoires_beeld_de_de","11":"product_cat-accessoires_de_de","12":"desktop-align-center","13":"tablet-align-center","14":"mobile-align-center","15":"ast-product-gallery-layout-horizontal","16":"ast-product-gallery-with-no-image","17":"ast-product-tabs-layout-horizontal","19":"first","20":"instock","21":"taxable","22":"shipping-taxable","23":"purchasable","24":"product-type-simple"},"acf":[],"yoast_head":"<!-- This site is optimized with the Yoast SEO plugin v26.5 - https:\/\/yoast.com\/wordpress\/plugins\/seo\/ -->\n<title>iRing Easy Lock Mount - Arm und universelle Handyhalterung - Verstellbarer Arm - Starke Klemme - Drehbar - F\u00fcr Smartphone und Tablet - Caliber Europe B.V.<\/title>\n<meta name=\"robots\" content=\"noindex, follow, max-snippet:-1, max-image-preview:large, max-video-preview:-1\" \/>\n<meta property=\"og:locale\" content=\"de_DE\" \/>\n<meta property=\"og:type\" content=\"article\" \/>\n<meta property=\"og:title\" content=\"iRing Easy Lock Mount - Arm und universelle Handyhalterung - Verstellbarer Arm - Starke Klemme - Drehbar - F\u00fcr Smartphone und Tablet - Caliber Europe B.V.\" \/>\n<meta property=\"og:description\" content=\"Der iRing Easy Lock Mount Arm und der universelle Telefon- oder Tablet-Halter ist die perfekte L\u00f6sung, um Ihr Smartphone oder Tablet sicher und einfach zu befestigen. Mit seinem verstellbaren Arm und seiner starken Klemme bietet dieser Telefonhalter einen festen und zuverl\u00e4ssigen Halt, damit Sie Ihr Ger\u00e4t immer griffbereit haben. Der Arm kann an 2 Punkten [&hellip;]\" \/>\n<meta property=\"og:url\" content=\"https:\/\/b2b.calibereurope.com\/product\/ir-em-ah-de_de\/\" \/>\n<meta property=\"og:site_name\" content=\"Caliber Europe B.V.\" \/>\n<meta property=\"article:modified_time\" content=\"2023-07-31T08:07:25+00:00\" \/>\n<meta name=\"twitter:card\" content=\"summary_large_image\" \/>\n<meta name=\"twitter:label1\" content=\"Gesch\u00e4tzte Lesezeit\" \/>\n\t<meta name=\"twitter:data1\" content=\"2\u00a0Minuten\" \/>\n<script type=\"application\/ld+json\" class=\"yoast-schema-graph\">{\"@context\":\"https:\/\/schema.org\",\"@graph\":[{\"@type\":\"WebPage\",\"@id\":\"https:\/\/b2b.calibereurope.com\/product\/ir-em-ah-de_de\/\",\"url\":\"https:\/\/b2b.calibereurope.com\/product\/ir-em-ah-de_de\/\",\"name\":\"iRing Easy Lock Mount - Arm und universelle Handyhalterung - Verstellbarer Arm - Starke Klemme - Drehbar - F\u00fcr Smartphone und Tablet - Caliber Europe B.V.\",\"isPartOf\":{\"@id\":\"https:\/\/b2b.calibereurope.com\/#website\"},\"primaryImageOfPage\":{\"@id\":\"https:\/\/b2b.calibereurope.com\/product\/ir-em-ah-de_de\/#primaryimage\"},\"image\":{\"@id\":\"https:\/\/b2b.calibereurope.com\/product\/ir-em-ah-de_de\/#primaryimage\"},\"thumbnailUrl\":\"https:\/\/b2b.calibereurope.com\/wp-content\/uploads\/2023\/07\/f5a29bdbdfa8f8ec262aebe58911ca39137ba836_EasyMount_ArmHolder_StandBase.jpg\",\"datePublished\":\"2023-07-31T00:00:00+00:00\",\"dateModified\":\"2023-07-31T08:07:25+00:00\",\"breadcrumb\":{\"@id\":\"https:\/\/b2b.calibereurope.com\/product\/ir-em-ah-de_de\/#breadcrumb\"},\"inLanguage\":\"de\",\"potentialAction\":[{\"@type\":\"ReadAction\",\"target\":[\"https:\/\/b2b.calibereurope.com\/product\/ir-em-ah-de_de\/\"]}]},{\"@type\":\"ImageObject\",\"inLanguage\":\"de\",\"@id\":\"https:\/\/b2b.calibereurope.com\/product\/ir-em-ah-de_de\/#primaryimage\",\"url\":\"https:\/\/b2b.calibereurope.com\/wp-content\/uploads\/2023\/07\/f5a29bdbdfa8f8ec262aebe58911ca39137ba836_EasyMount_ArmHolder_StandBase.jpg\",\"contentUrl\":\"https:\/\/b2b.calibereurope.com\/wp-content\/uploads\/2023\/07\/f5a29bdbdfa8f8ec262aebe58911ca39137ba836_EasyMount_ArmHolder_StandBase.jpg\",\"width\":2500,\"height\":1876},{\"@type\":\"BreadcrumbList\",\"@id\":\"https:\/\/b2b.calibereurope.com\/product\/ir-em-ah-de_de\/#breadcrumb\",\"itemListElement\":[{\"@type\":\"ListItem\",\"position\":1,\"name\":\"Home\",\"item\":\"https:\/\/b2b.calibereurope.com\/de\/\"},{\"@type\":\"ListItem\",\"position\":2,\"name\":\"Shop\",\"item\":\"https:\/\/b2b.calibereurope.com\/de\/shop\/\"},{\"@type\":\"ListItem\",\"position\":3,\"name\":\"iRing Easy Lock Mount &#8211; Arm und universelle Handyhalterung &#8211; Verstellbarer Arm &#8211; Starke Klemme &#8211; Drehbar &#8211; F\u00fcr Smartphone und Tablet\"}]},{\"@type\":\"WebSite\",\"@id\":\"https:\/\/b2b.calibereurope.com\/#website\",\"url\":\"https:\/\/b2b.calibereurope.com\/\",\"name\":\"Caliber Europe B.V.\",\"description\":\"B2B Webshop\",\"publisher\":{\"@id\":\"https:\/\/b2b.calibereurope.com\/#organization\"},\"potentialAction\":[{\"@type\":\"SearchAction\",\"target\":{\"@type\":\"EntryPoint\",\"urlTemplate\":\"https:\/\/b2b.calibereurope.com\/?s={search_term_string}\"},\"query-input\":{\"@type\":\"PropertyValueSpecification\",\"valueRequired\":true,\"valueName\":\"search_term_string\"}}],\"inLanguage\":\"de\"},{\"@type\":\"Organization\",\"@id\":\"https:\/\/b2b.calibereurope.com\/#organization\",\"name\":\"Caliber Europe B.V.\",\"url\":\"https:\/\/b2b.calibereurope.com\/\",\"logo\":{\"@type\":\"ImageObject\",\"inLanguage\":\"de\",\"@id\":\"https:\/\/b2b.calibereurope.com\/#\/schema\/logo\/image\/\",\"url\":\"https:\/\/b2b.calibereurope.com\/wp-content\/uploads\/2020\/12\/Caliber_Logo-Black.png\",\"contentUrl\":\"https:\/\/b2b.calibereurope.com\/wp-content\/uploads\/2020\/12\/Caliber_Logo-Black.png\",\"width\":3157,\"height\":356,\"caption\":\"Caliber Europe B.V.\"},\"image\":{\"@id\":\"https:\/\/b2b.calibereurope.com\/#\/schema\/logo\/image\/\"}}]}<\/script>\n<!-- \/ Yoast SEO plugin. -->","yoast_head_json":{"title":"iRing Easy Lock Mount - Arm und universelle Handyhalterung - Verstellbarer Arm - Starke Klemme - Drehbar - F\u00fcr Smartphone und Tablet - Caliber Europe B.V.","robots":{"index":"noindex","follow":"follow","max-snippet":"max-snippet:-1","max-image-preview":"max-image-preview:large","max-video-preview":"max-video-preview:-1"},"og_locale":"de_DE","og_type":"article","og_title":"iRing Easy Lock Mount - Arm und universelle Handyhalterung - Verstellbarer Arm - Starke Klemme - Drehbar - F\u00fcr Smartphone und Tablet - Caliber Europe B.V.","og_description":"Der iRing Easy Lock Mount Arm und der universelle Telefon- oder Tablet-Halter ist die perfekte L\u00f6sung, um Ihr Smartphone oder Tablet sicher und einfach zu befestigen. Mit seinem verstellbaren Arm und seiner starken Klemme bietet dieser Telefonhalter einen festen und zuverl\u00e4ssigen Halt, damit Sie Ihr Ger\u00e4t immer griffbereit haben. Der Arm kann an 2 Punkten [&hellip;]","og_url":"https:\/\/b2b.calibereurope.com\/product\/ir-em-ah-de_de\/","og_site_name":"Caliber Europe B.V.","article_modified_time":"2023-07-31T08:07:25+00:00","twitter_card":"summary_large_image","twitter_misc":{"Gesch\u00e4tzte Lesezeit":"2\u00a0Minuten"},"schema":{"@context":"https:\/\/schema.org","@graph":[{"@type":"WebPage","@id":"https:\/\/b2b.calibereurope.com\/product\/ir-em-ah-de_de\/","url":"https:\/\/b2b.calibereurope.com\/product\/ir-em-ah-de_de\/","name":"iRing Easy Lock Mount - Arm und universelle Handyhalterung - Verstellbarer Arm - Starke Klemme - Drehbar - F\u00fcr Smartphone und Tablet - Caliber Europe B.V.","isPartOf":{"@id":"https:\/\/b2b.calibereurope.com\/#website"},"primaryImageOfPage":{"@id":"https:\/\/b2b.calibereurope.com\/product\/ir-em-ah-de_de\/#primaryimage"},"image":{"@id":"https:\/\/b2b.calibereurope.com\/product\/ir-em-ah-de_de\/#primaryimage"},"thumbnailUrl":"https:\/\/b2b.calibereurope.com\/wp-content\/uploads\/2023\/07\/f5a29bdbdfa8f8ec262aebe58911ca39137ba836_EasyMount_ArmHolder_StandBase.jpg","datePublished":"2023-07-31T00:00:00+00:00","dateModified":"2023-07-31T08:07:25+00:00","breadcrumb":{"@id":"https:\/\/b2b.calibereurope.com\/product\/ir-em-ah-de_de\/#breadcrumb"},"inLanguage":"de","potentialAction":[{"@type":"ReadAction","target":["https:\/\/b2b.calibereurope.com\/product\/ir-em-ah-de_de\/"]}]},{"@type":"ImageObject","inLanguage":"de","@id":"https:\/\/b2b.calibereurope.com\/product\/ir-em-ah-de_de\/#primaryimage","url":"https:\/\/b2b.calibereurope.com\/wp-content\/uploads\/2023\/07\/f5a29bdbdfa8f8ec262aebe58911ca39137ba836_EasyMount_ArmHolder_StandBase.jpg","contentUrl":"https:\/\/b2b.calibereurope.com\/wp-content\/uploads\/2023\/07\/f5a29bdbdfa8f8ec262aebe58911ca39137ba836_EasyMount_ArmHolder_StandBase.jpg","width":2500,"height":1876},{"@type":"BreadcrumbList","@id":"https:\/\/b2b.calibereurope.com\/product\/ir-em-ah-de_de\/#breadcrumb","itemListElement":[{"@type":"ListItem","position":1,"name":"Home","item":"https:\/\/b2b.calibereurope.com\/de\/"},{"@type":"ListItem","position":2,"name":"Shop","item":"https:\/\/b2b.calibereurope.com\/de\/shop\/"},{"@type":"ListItem","position":3,"name":"iRing Easy Lock Mount &#8211; Arm und universelle Handyhalterung &#8211; Verstellbarer Arm &#8211; Starke Klemme &#8211; Drehbar &#8211; F\u00fcr Smartphone und Tablet"}]},{"@type":"WebSite","@id":"https:\/\/b2b.calibereurope.com\/#website","url":"https:\/\/b2b.calibereurope.com\/","name":"Caliber Europe B.V.","description":"B2B Webshop","publisher":{"@id":"https:\/\/b2b.calibereurope.com\/#organization"},"potentialAction":[{"@type":"SearchAction","target":{"@type":"EntryPoint","urlTemplate":"https:\/\/b2b.calibereurope.com\/?s={search_term_string}"},"query-input":{"@type":"PropertyValueSpecification","valueRequired":true,"valueName":"search_term_string"}}],"inLanguage":"de"},{"@type":"Organization","@id":"https:\/\/b2b.calibereurope.com\/#organization","name":"Caliber Europe B.V.","url":"https:\/\/b2b.calibereurope.com\/","logo":{"@type":"ImageObject","inLanguage":"de","@id":"https:\/\/b2b.calibereurope.com\/#\/schema\/logo\/image\/","url":"https:\/\/b2b.calibereurope.com\/wp-content\/uploads\/2020\/12\/Caliber_Logo-Black.png","contentUrl":"https:\/\/b2b.calibereurope.com\/wp-content\/uploads\/2020\/12\/Caliber_Logo-Black.png","width":3157,"height":356,"caption":"Caliber Europe B.V."},"image":{"@id":"https:\/\/b2b.calibereurope.com\/#\/schema\/logo\/image\/"}}]}},"_links":{"self":[{"href":"https:\/\/b2b.calibereurope.com\/de\/wp-json\/wp\/v2\/product\/830267","targetHints":{"allow":["GET"]}}],"collection":[{"href":"https:\/\/b2b.calibereurope.com\/de\/wp-json\/wp\/v2\/product"}],"about":[{"href":"https:\/\/b2b.calibereurope.com\/de\/wp-json\/wp\/v2\/types\/product"}],"version-history":[{"count":0,"href":"https:\/\/b2b.calibereurope.com\/de\/wp-json\/wp\/v2\/product\/830267\/revisions"}],"wp:featuredmedia":[{"embeddable":true,"href":"https:\/\/b2b.calibereurope.com\/de\/wp-json\/wp\/v2\/media\/830271"}],"wp:attachment":[{"href":"https:\/\/b2b.calibereurope.com\/de\/wp-json\/wp\/v2\/media?parent=830267"}],"wp:term":[{"taxonomy":"product_brand","embeddable":true,"href":"https:\/\/b2b.calibereurope.com\/de\/wp-json\/wp\/v2\/product_brand?post=830267"},{"taxonomy":"product_cat","embeddable":true,"href":"https:\/\/b2b.calibereurope.com\/de\/wp-json\/wp\/v2\/product_cat?post=830267"},{"taxonomy":"product_tag","embeddable":true,"href":"https:\/\/b2b.calibereurope.com\/de\/wp-json\/wp\/v2\/product_tag?post=830267"}],"curies":[{"name":"wp","href":"https:\/\/api.w.org\/{rel}","templated":true}]}}