{"id":841800,"date":"2026-04-16T02:00:00","date_gmt":"2026-04-16T00:00:00","guid":{"rendered":"0"},"modified":"2026-04-16T06:46:25","modified_gmt":"2026-04-16T04:46:25","slug":"RMD058DAB-de_DE","status":"publish","type":"product","link":"https:\/\/b2b.calibereurope.com\/de\/produkt\/RMD058DAB-de_DE\/","title":{"rendered":"Autoradio mit Bluetooth &#8211; DAB &#8211; DAB+ &#8211; Autoradio mit USB, SD, AUX, FM &#8211; 1 DIN &#8211; Freisprechen &#8211; USB-Ladeanschluss &#8211; 4 x 100 Watt (RMD058DAB)"},"content":{"rendered":"<p>Das <b>Caliber RMD058DAB<\/b> Autoradio mit Bluetooth bietet alles, was Sie f\u00fcr angenehme Autofahrten ben\u00f6tigen. Oft allein im Auto? Kein Problem! Verbinden Sie einfach Ihr Telefon \u00fcber Bluetooth und f\u00fchren Sie <b>Freisprechanrufe<\/b>, um sich mit Freunden oder Kollegen zu unterhalten. Alleine oder gemeinsam zu den Hits mitsingen? W\u00e4hlen Sie Ihren Lieblings-DAB+ oder <b>FM-Radiosender<\/b> und lassen Sie Ihre Stimmb\u00e4nder arbeiten. Und als Sahneh\u00e4ubchen genie\u00dfen Sie eine anpassbare Atmosph\u00e4re, indem Sie die <b>Beleuchtung in verschiedenen Farben<\/b> einstellen und sogar eine Lichtshow hinzuf\u00fcgen. Die <b>Bluetooth-Technologie, USB-, AUX- und SD-Anschl\u00fcsse<\/b> bieten zus\u00e4tzliche M\u00f6glichkeiten, Ihre Lieblingstitel unterwegs zu h\u00f6ren.<\/p>\n<p><b><br \/>Eigenschaften: <\/b><br \/>\u2022 Bluetooth-Technologie <br \/>\u2022 Anpassbare Tastenbeleuchtung + Lichtshow-Option!<br \/>\u2022 DAB+ &amp; FM mit RDS-EON<br \/>\u2022 4 x 100 WATT <br \/>\u2022 AUX-, USB- und SD-Wiedergabem\u00f6glichkeiten (bis zu 32GB)<br \/>\u2022 MP3-Wiedergabe<br \/>\u2022 ID3-Tag<br \/>\u2022 Freisprechen<br \/>\u2022 A2DP + AVRCP Audiostreaming <br \/>\u2022 Festes Panel <br \/>\u2022 Aktive DAB+ Antenne enthalten <br \/>\u2022 ISO-Stecker <br \/>\u2022 Standard 1-DIN-Format <br \/>\u2022 90mm Einbautiefe<br \/>\u2022 Externes Mikrofon<br \/>\u2022 2 Paar RCA-Ausg\u00e4nge<\/p>\n<h3>Anpassbar an Ihren Stil<\/h3>\n<p>Neben den vielen Optionen wie DAB+, FM, Bluetooth-Technologie, USB, SD und AUX kann dieses Radio auch vollst\u00e4ndig an Ihren Stil angepasst werden! Sie k\u00f6nnen die Farbe der Beleuchtung einfach anpassen. K\u00f6nnen Sie sich nicht f\u00fcr eine Farbe entscheiden? Kein Problem, dieses Radio verf\u00fcgt auch \u00fcber eine Lichtshow-Option!<\/p>\n<h3>Entdecken Sie DAB+<\/h3>\n<p>Dank der mitgelieferten DAB+ Antenne dieses Autoradios k\u00f6nnen Sie sowohl FM- als auch DAB+ Radio h\u00f6ren. DAB+ ist gro\u00dfartig, weil es digitale Rundfunksendungen mit klarem Klang und einer gro\u00dfen Auswahl an Sendern bietet, ohne Rauschen oder St\u00f6rungen. Es bietet auch zus\u00e4tzliche Funktionen wie Textinformationen und die M\u00f6glichkeit, einfach zwischen Sendern zu wechseln. Au\u00dferdem ist DAB+ effizienter in der Frequenznutzung, sodass mehr Sender ausgestrahlt werden k\u00f6nnen und es weniger anf\u00e4llig f\u00fcr Rauschen ist.<\/p>\n<h3>Freisprechen<\/h3>\n<p>Dieses Bluetooth-Autoradio dient dank des eingebauten Mikrofons auch als Freisprecheinrichtung. So k\u00f6nnen Sie problemlos Freisprechanrufe t\u00e4tigen, w\u00e4hrend Sie unterwegs sind. Mit der stabilen Bluetooth-Verbindung m\u00fcssen Sie sich nie wieder Sorgen machen, einen Anruf zu verpassen. F\u00fchren Sie endlose Telefongespr\u00e4che sicher und einfach mit Kollegen, Freunden oder der Familie!<\/p>\n","protected":false},"excerpt":{"rendered":"<p>Das Caliber RMD058DAB Autoradio mit Bluetooth bietet alles, was Sie f\u00fcr angenehme Autofahrten ben\u00f6tigen. Oft allein im Auto? Kein Problem! Verbinden Sie einfach Ihr Telefon \u00fcber Bluetooth und f\u00fchren Sie Freisprechanrufe, um sich mit Freunden oder Kollegen zu unterhalten. Alleine oder gemeinsam zu den Hits mitsingen? W\u00e4hlen Sie Ihren Lieblings-DAB+ oder FM-Radiosender und lassen Sie [&hellip;]<\/p>\n","protected":false},"featured_media":873449,"template":"","meta":{"_acf_changed":false,"site-sidebar-layout":"default","site-content-layout":"","ast-site-content-layout":"default","site-content-style":"default","site-sidebar-style":"default","ast-global-header-display":"","ast-banner-title-visibility":"","ast-main-header-display":"","ast-hfb-above-header-display":"","ast-hfb-below-header-display":"","ast-hfb-mobile-header-display":"","site-post-title":"","ast-breadcrumbs-content":"","ast-featured-img":"","footer-sml-layout":"","theme-transparent-header-meta":"","adv-header-id-meta":"","stick-header-meta":"","header-above-stick-meta":"","header-main-stick-meta":"","header-below-stick-meta":"","astra-migrate-meta-layouts":"default","ast-page-background-enabled":"default","ast-page-background-meta":{"desktop":{"background-color":"","background-image":"","background-repeat":"repeat","background-position":"center center","background-size":"auto","background-attachment":"scroll","background-type":"","background-media":"","overlay-type":"","overlay-color":"","overlay-opacity":"","overlay-gradient":""},"tablet":{"background-color":"","background-image":"","background-repeat":"repeat","background-position":"center center","background-size":"auto","background-attachment":"scroll","background-type":"","background-media":"","overlay-type":"","overlay-color":"","overlay-opacity":"","overlay-gradient":""},"mobile":{"background-color":"","background-image":"","background-repeat":"repeat","background-position":"center center","background-size":"auto","background-attachment":"scroll","background-type":"","background-media":"","overlay-type":"","overlay-color":"","overlay-opacity":"","overlay-gradient":""}},"ast-content-background-meta":{"desktop":{"background-color":"var(--ast-global-color-5)","background-image":"","background-repeat":"repeat","background-position":"center center","background-size":"auto","background-attachment":"scroll","background-type":"","background-media":"","overlay-type":"","overlay-color":"","overlay-opacity":"","overlay-gradient":""},"tablet":{"background-color":"var(--ast-global-color-5)","background-image":"","background-repeat":"repeat","background-position":"center center","background-size":"auto","background-attachment":"scroll","background-type":"","background-media":"","overlay-type":"","overlay-color":"","overlay-opacity":"","overlay-gradient":""},"mobile":{"background-color":"var(--ast-global-color-5)","background-image":"","background-repeat":"repeat","background-position":"center center","background-size":"auto","background-attachment":"scroll","background-type":"","background-media":"","overlay-type":"","overlay-color":"","overlay-opacity":"","overlay-gradient":""}}},"product_brand":[],"product_cat":[12139,12171],"product_tag":[],"class_list":{"0":"post-841800","1":"product","2":"type-product","3":"status-publish","4":"has-post-thumbnail","6":"product_cat-auto_de_de","7":"product_cat-radios_auto_de_de","8":"desktop-align-center","9":"tablet-align-center","10":"mobile-align-center","11":"ast-product-gallery-layout-horizontal","12":"ast-product-gallery-with-no-image","13":"ast-product-tabs-layout-horizontal","15":"first","16":"instock","17":"taxable","18":"shipping-taxable","19":"purchasable","20":"product-type-simple"},"acf":[],"yoast_head":"<!-- This site is optimized with the Yoast SEO plugin v26.5 - https:\/\/yoast.com\/wordpress\/plugins\/seo\/ -->\n<title>Autoradio mit Bluetooth - DAB - DAB+ - Autoradio mit USB, SD, AUX, FM - 1 DIN - Freisprechen - USB-Ladeanschluss - 4 x 100 Watt (RMD058DAB) - Caliber Europe B.V.<\/title>\n<meta name=\"robots\" content=\"noindex, follow, max-snippet:-1, max-image-preview:large, max-video-preview:-1\" \/>\n<meta property=\"og:locale\" content=\"de_DE\" \/>\n<meta property=\"og:type\" content=\"article\" \/>\n<meta property=\"og:title\" content=\"Autoradio mit Bluetooth - DAB - DAB+ - Autoradio mit USB, SD, AUX, FM - 1 DIN - Freisprechen - USB-Ladeanschluss - 4 x 100 Watt (RMD058DAB) - Caliber Europe B.V.\" \/>\n<meta property=\"og:description\" content=\"Das Caliber RMD058DAB Autoradio mit Bluetooth bietet alles, was Sie f\u00fcr angenehme Autofahrten ben\u00f6tigen. Oft allein im Auto? Kein Problem! Verbinden Sie einfach Ihr Telefon \u00fcber Bluetooth und f\u00fchren Sie Freisprechanrufe, um sich mit Freunden oder Kollegen zu unterhalten. Alleine oder gemeinsam zu den Hits mitsingen? W\u00e4hlen Sie Ihren Lieblings-DAB+ oder FM-Radiosender und lassen Sie [&hellip;]\" \/>\n<meta property=\"og:url\" content=\"https:\/\/b2b.calibereurope.com\/?post_type=product&amp;p=841800\" \/>\n<meta property=\"og:site_name\" content=\"Caliber Europe B.V.\" \/>\n<meta property=\"article:modified_time\" content=\"2026-04-16T04:46:25+00:00\" \/>\n<meta name=\"twitter:card\" content=\"summary_large_image\" \/>\n<meta name=\"twitter:label1\" content=\"Gesch\u00e4tzte Lesezeit\" \/>\n\t<meta name=\"twitter:data1\" content=\"2\u00a0Minuten\" \/>\n<script type=\"application\/ld+json\" class=\"yoast-schema-graph\">{\"@context\":\"https:\/\/schema.org\",\"@graph\":[{\"@type\":\"WebPage\",\"@id\":\"https:\/\/b2b.calibereurope.com\/?post_type=product&p=841800\",\"url\":\"https:\/\/b2b.calibereurope.com\/?post_type=product&p=841800\",\"name\":\"Autoradio mit Bluetooth - DAB - DAB+ - Autoradio mit USB, SD, AUX, FM - 1 DIN - Freisprechen - USB-Ladeanschluss - 4 x 100 Watt (RMD058DAB) - Caliber Europe B.V.\",\"isPartOf\":{\"@id\":\"https:\/\/b2b.calibereurope.com\/#website\"},\"primaryImageOfPage\":{\"@id\":\"https:\/\/b2b.calibereurope.com\/?post_type=product&p=841800#primaryimage\"},\"image\":{\"@id\":\"https:\/\/b2b.calibereurope.com\/?post_type=product&p=841800#primaryimage\"},\"thumbnailUrl\":\"https:\/\/b2b.calibereurope.com\/wp-content\/uploads\/2026\/04\/0130ea92a79dc0696c8ecfd1786e78f6b128875c_RMD058DAB-4.png\",\"datePublished\":\"2026-04-16T00:00:00+00:00\",\"dateModified\":\"2026-04-16T04:46:25+00:00\",\"breadcrumb\":{\"@id\":\"https:\/\/b2b.calibereurope.com\/?post_type=product&p=841800#breadcrumb\"},\"inLanguage\":\"de\",\"potentialAction\":[{\"@type\":\"ReadAction\",\"target\":[\"https:\/\/b2b.calibereurope.com\/?post_type=product&p=841800\"]}]},{\"@type\":\"ImageObject\",\"inLanguage\":\"de\",\"@id\":\"https:\/\/b2b.calibereurope.com\/?post_type=product&p=841800#primaryimage\",\"url\":\"https:\/\/b2b.calibereurope.com\/wp-content\/uploads\/2026\/04\/0130ea92a79dc0696c8ecfd1786e78f6b128875c_RMD058DAB-4.png\",\"contentUrl\":\"https:\/\/b2b.calibereurope.com\/wp-content\/uploads\/2026\/04\/0130ea92a79dc0696c8ecfd1786e78f6b128875c_RMD058DAB-4.png\",\"width\":2500,\"height\":2500},{\"@type\":\"BreadcrumbList\",\"@id\":\"https:\/\/b2b.calibereurope.com\/?post_type=product&p=841800#breadcrumb\",\"itemListElement\":[{\"@type\":\"ListItem\",\"position\":1,\"name\":\"Home\",\"item\":\"https:\/\/b2b.calibereurope.com\/de\/\"},{\"@type\":\"ListItem\",\"position\":2,\"name\":\"Shop\",\"item\":\"https:\/\/b2b.calibereurope.com\/de\/shop\/\"},{\"@type\":\"ListItem\",\"position\":3,\"name\":\"RMD058DAB\"}]},{\"@type\":\"WebSite\",\"@id\":\"https:\/\/b2b.calibereurope.com\/#website\",\"url\":\"https:\/\/b2b.calibereurope.com\/\",\"name\":\"Caliber Europe B.V.\",\"description\":\"B2B Webshop\",\"publisher\":{\"@id\":\"https:\/\/b2b.calibereurope.com\/#organization\"},\"potentialAction\":[{\"@type\":\"SearchAction\",\"target\":{\"@type\":\"EntryPoint\",\"urlTemplate\":\"https:\/\/b2b.calibereurope.com\/?s={search_term_string}\"},\"query-input\":{\"@type\":\"PropertyValueSpecification\",\"valueRequired\":true,\"valueName\":\"search_term_string\"}}],\"inLanguage\":\"de\"},{\"@type\":\"Organization\",\"@id\":\"https:\/\/b2b.calibereurope.com\/#organization\",\"name\":\"Caliber Europe B.V.\",\"url\":\"https:\/\/b2b.calibereurope.com\/\",\"logo\":{\"@type\":\"ImageObject\",\"inLanguage\":\"de\",\"@id\":\"https:\/\/b2b.calibereurope.com\/#\/schema\/logo\/image\/\",\"url\":\"https:\/\/b2b.calibereurope.com\/wp-content\/uploads\/2020\/12\/Caliber_Logo-Black.png\",\"contentUrl\":\"https:\/\/b2b.calibereurope.com\/wp-content\/uploads\/2020\/12\/Caliber_Logo-Black.png\",\"width\":3157,\"height\":356,\"caption\":\"Caliber Europe B.V.\"},\"image\":{\"@id\":\"https:\/\/b2b.calibereurope.com\/#\/schema\/logo\/image\/\"}}]}<\/script>\n<!-- \/ Yoast SEO plugin. -->","yoast_head_json":{"title":"Autoradio mit Bluetooth - DAB - DAB+ - Autoradio mit USB, SD, AUX, FM - 1 DIN - Freisprechen - USB-Ladeanschluss - 4 x 100 Watt (RMD058DAB) - Caliber Europe B.V.","robots":{"index":"noindex","follow":"follow","max-snippet":"max-snippet:-1","max-image-preview":"max-image-preview:large","max-video-preview":"max-video-preview:-1"},"og_locale":"de_DE","og_type":"article","og_title":"Autoradio mit Bluetooth - DAB - DAB+ - Autoradio mit USB, SD, AUX, FM - 1 DIN - Freisprechen - USB-Ladeanschluss - 4 x 100 Watt (RMD058DAB) - Caliber Europe B.V.","og_description":"Das Caliber RMD058DAB Autoradio mit Bluetooth bietet alles, was Sie f\u00fcr angenehme Autofahrten ben\u00f6tigen. Oft allein im Auto? Kein Problem! Verbinden Sie einfach Ihr Telefon \u00fcber Bluetooth und f\u00fchren Sie Freisprechanrufe, um sich mit Freunden oder Kollegen zu unterhalten. Alleine oder gemeinsam zu den Hits mitsingen? W\u00e4hlen Sie Ihren Lieblings-DAB+ oder FM-Radiosender und lassen Sie [&hellip;]","og_url":"https:\/\/b2b.calibereurope.com\/?post_type=product&p=841800","og_site_name":"Caliber Europe B.V.","article_modified_time":"2026-04-16T04:46:25+00:00","twitter_card":"summary_large_image","twitter_misc":{"Gesch\u00e4tzte Lesezeit":"2\u00a0Minuten"},"schema":{"@context":"https:\/\/schema.org","@graph":[{"@type":"WebPage","@id":"https:\/\/b2b.calibereurope.com\/?post_type=product&p=841800","url":"https:\/\/b2b.calibereurope.com\/?post_type=product&p=841800","name":"Autoradio mit Bluetooth - DAB - DAB+ - Autoradio mit USB, SD, AUX, FM - 1 DIN - Freisprechen - USB-Ladeanschluss - 4 x 100 Watt (RMD058DAB) - Caliber Europe B.V.","isPartOf":{"@id":"https:\/\/b2b.calibereurope.com\/#website"},"primaryImageOfPage":{"@id":"https:\/\/b2b.calibereurope.com\/?post_type=product&p=841800#primaryimage"},"image":{"@id":"https:\/\/b2b.calibereurope.com\/?post_type=product&p=841800#primaryimage"},"thumbnailUrl":"https:\/\/b2b.calibereurope.com\/wp-content\/uploads\/2026\/04\/0130ea92a79dc0696c8ecfd1786e78f6b128875c_RMD058DAB-4.png","datePublished":"2026-04-16T00:00:00+00:00","dateModified":"2026-04-16T04:46:25+00:00","breadcrumb":{"@id":"https:\/\/b2b.calibereurope.com\/?post_type=product&p=841800#breadcrumb"},"inLanguage":"de","potentialAction":[{"@type":"ReadAction","target":["https:\/\/b2b.calibereurope.com\/?post_type=product&p=841800"]}]},{"@type":"ImageObject","inLanguage":"de","@id":"https:\/\/b2b.calibereurope.com\/?post_type=product&p=841800#primaryimage","url":"https:\/\/b2b.calibereurope.com\/wp-content\/uploads\/2026\/04\/0130ea92a79dc0696c8ecfd1786e78f6b128875c_RMD058DAB-4.png","contentUrl":"https:\/\/b2b.calibereurope.com\/wp-content\/uploads\/2026\/04\/0130ea92a79dc0696c8ecfd1786e78f6b128875c_RMD058DAB-4.png","width":2500,"height":2500},{"@type":"BreadcrumbList","@id":"https:\/\/b2b.calibereurope.com\/?post_type=product&p=841800#breadcrumb","itemListElement":[{"@type":"ListItem","position":1,"name":"Home","item":"https:\/\/b2b.calibereurope.com\/de\/"},{"@type":"ListItem","position":2,"name":"Shop","item":"https:\/\/b2b.calibereurope.com\/de\/shop\/"},{"@type":"ListItem","position":3,"name":"RMD058DAB"}]},{"@type":"WebSite","@id":"https:\/\/b2b.calibereurope.com\/#website","url":"https:\/\/b2b.calibereurope.com\/","name":"Caliber Europe B.V.","description":"B2B Webshop","publisher":{"@id":"https:\/\/b2b.calibereurope.com\/#organization"},"potentialAction":[{"@type":"SearchAction","target":{"@type":"EntryPoint","urlTemplate":"https:\/\/b2b.calibereurope.com\/?s={search_term_string}"},"query-input":{"@type":"PropertyValueSpecification","valueRequired":true,"valueName":"search_term_string"}}],"inLanguage":"de"},{"@type":"Organization","@id":"https:\/\/b2b.calibereurope.com\/#organization","name":"Caliber Europe B.V.","url":"https:\/\/b2b.calibereurope.com\/","logo":{"@type":"ImageObject","inLanguage":"de","@id":"https:\/\/b2b.calibereurope.com\/#\/schema\/logo\/image\/","url":"https:\/\/b2b.calibereurope.com\/wp-content\/uploads\/2020\/12\/Caliber_Logo-Black.png","contentUrl":"https:\/\/b2b.calibereurope.com\/wp-content\/uploads\/2020\/12\/Caliber_Logo-Black.png","width":3157,"height":356,"caption":"Caliber Europe B.V."},"image":{"@id":"https:\/\/b2b.calibereurope.com\/#\/schema\/logo\/image\/"}}]}},"_links":{"self":[{"href":"https:\/\/b2b.calibereurope.com\/de\/wp-json\/wp\/v2\/product\/841800","targetHints":{"allow":["GET"]}}],"collection":[{"href":"https:\/\/b2b.calibereurope.com\/de\/wp-json\/wp\/v2\/product"}],"about":[{"href":"https:\/\/b2b.calibereurope.com\/de\/wp-json\/wp\/v2\/types\/product"}],"version-history":[{"count":0,"href":"https:\/\/b2b.calibereurope.com\/de\/wp-json\/wp\/v2\/product\/841800\/revisions"}],"wp:featuredmedia":[{"embeddable":true,"href":"https:\/\/b2b.calibereurope.com\/de\/wp-json\/wp\/v2\/media\/873449"}],"wp:attachment":[{"href":"https:\/\/b2b.calibereurope.com\/de\/wp-json\/wp\/v2\/media?parent=841800"}],"wp:term":[{"taxonomy":"product_brand","embeddable":true,"href":"https:\/\/b2b.calibereurope.com\/de\/wp-json\/wp\/v2\/product_brand?post=841800"},{"taxonomy":"product_cat","embeddable":true,"href":"https:\/\/b2b.calibereurope.com\/de\/wp-json\/wp\/v2\/product_cat?post=841800"},{"taxonomy":"product_tag","embeddable":true,"href":"https:\/\/b2b.calibereurope.com\/de\/wp-json\/wp\/v2\/product_tag?post=841800"}],"curies":[{"name":"wp","href":"https:\/\/api.w.org\/{rel}","templated":true}]}}