{"id":853019,"date":"2025-12-04T01:00:00","date_gmt":"2025-12-04T00:00:00","guid":{"rendered":"0"},"modified":"2025-12-04T14:45:57","modified_gmt":"2025-12-04T13:45:57","slug":"RMD404DAB-de_DE","status":"publish","type":"product","link":"https:\/\/b2b.calibereurope.com\/de\/produkt\/RMD404DAB-de_DE\/","title":{"rendered":"Autoradio mit Bluetooth, USB, AUX &#8211; 4-Zoll-Bildschirm &#8211; R\u00fcckfahrkamera-Anschluss &#8211; Extra USB (RMD404DAB-BT)"},"content":{"rendered":"<p>Genie\u00dfen Sie Ihre Lieblingsmusik auf jeder Autofahrt mit dem Caliber RMD404DAB-BT Autoradio mit <strong>Bluetooth\u00ae-, DAB+- und USB-Anschlussm\u00f6glichkeit<\/strong>. Sie k\u00f6nnen auch <strong>AUX <\/strong>und <strong>SD <\/strong>verwenden. So haben Sie immer eine M\u00f6glichkeit, Audio unterwegs abzuspielen. Die Steuerung des Sounds ist \u00fcber den <strong>4-Zoll-Bildschirm <\/strong>einfach. Auf dem Bildschirm k\u00f6nnen Sie auch Videos im <strong>MP4-Format <\/strong>abspielen. M\u00f6chten Sie sicher r\u00fcckw\u00e4rts einparken? Dann k\u00f6nnen Sie den Bildschirm sogar <strong>mit einer R\u00fcckfahrkamera verbinden<\/strong>. So k\u00f6nnen Sie immer sehen, was hinter Ihnen passiert.<\/p>\n<p><\/p>\n<p><strong>Merkmale:<\/strong><\/p>\n<ul>\n<li>DAB+ und FM-Radio<\/li>\n<li>Micro SD, USB, AUX und Bluetooth<\/li>\n<li>Kann mit einer R\u00fcckfahrkamera verbunden werden<\/li>\n<li>Mit Fernbedienung und Mikrofon<\/li>\n<li>7 Verschiedene Beleuchtungsfarben<\/li>\n<li>4-Zoll-Bildschirm<\/li>\n<li>ISO-Stecker<\/li>\n<li>4 Band EQ-Einstellungen<\/li>\n<li>Zus\u00e4tzlicher USB-A Ausgang zum Laden<\/li>\n<li>Geeignet f\u00fcr MP4-Videos<\/li>\n<\/ul>\n<h3>Immer verbunden<\/h3>\n<p>Mit diesem Autoradio mit Bluetooth\u00ae k\u00f6nnen Sie Ihr Telefon jederzeit mit dem Radio verbinden. Koppeln Sie Ihr Smartphone einfach \u00fcber Bluetooth\u00ae und h\u00f6ren Sie Ihre Spotify-Lieblingslisten oder lernen Sie unterwegs Neues, indem Sie einen Podcast auflegen. Nat\u00fcrlich k\u00f6nnen Sie Ihr Telefon auch \u00fcber AUX oder USB anschlie\u00dfen. H\u00f6ren Sie lieber Radio? Dann nutzen Sie das DAB+ oder UKW-Radio, um jeden Morgen zur Arbeit zu fahren, w\u00e4hrend im Hintergrund Ihre Lieblings-DJs oder die neuesten Nachrichten laufen.<\/p>\n<h3>Videos und Clips ansehen<\/h3>\n<p>Das Autoradio mit USB und Bluetooth\u00ae verf\u00fcgt au\u00dferdem \u00fcber einen 4-Zoll-Bildschirm. Auf dem Bildschirm k\u00f6nnen Sie Videos und Filme abspielen. Das ist perfekt, wenn sich Ihr Beifahrer w\u00e4hrend einer langen Fahrt zu langweilen beginnt. Sie bevorzugen etwas mehr Sicherheit auf der Stra\u00dfe? Dann k\u00f6nnen Sie den Bildschirm des Autoradios mit einer R\u00fcckfahrkamera verbinden. Auf diese Weise k\u00f6nnen Sie immer sehen, was um Sie herum vor sich geht.<\/p>\n<h3>Der beste Klang<\/h3>\n<p>M\u00f6gen Sie keinen blechernen Radiosound? Dann ist dieses Radio genau das Richtige f\u00fcr Sie. Sie genie\u00dfen eine hohe Klangqualit\u00e4t und k\u00f6nnen einstellen, ob Sie z.B. mehr Bassverst\u00e4rkung beim H\u00f6ren w\u00fcnschen. Dieses Radio ist auch eine gute Wahl, wenn Sie h\u00e4ufig Gespr\u00e4che unterwegs f\u00fchren. Mit dem externen Mikrofon k\u00f6nnen Sie kristallklare Gespr\u00e4che f\u00fchren. So sind Sie auch auf einer stark befahrenen Stra\u00dfe deutlich zu h\u00f6ren.<\/p>\n<p><strong><br \/> Mitgeliefert:<\/strong><\/p>\n<ul>\n<li>Caliber RMD404DAB-BT<\/li>\n<li>Fernbedienung<\/li>\n<li>Mikrofon<\/li>\n<\/ul>\n","protected":false},"excerpt":{"rendered":"<p>Genie\u00dfen Sie Ihre Lieblingsmusik auf jeder Autofahrt mit dem Caliber RMD404DAB-BT Autoradio mit Bluetooth\u00ae-, DAB+- und USB-Anschlussm\u00f6glichkeit. Sie k\u00f6nnen auch AUX und SD verwenden. So haben Sie immer eine M\u00f6glichkeit, Audio unterwegs abzuspielen. Die Steuerung des Sounds ist \u00fcber den 4-Zoll-Bildschirm einfach. Auf dem Bildschirm k\u00f6nnen Sie auch Videos im MP4-Format abspielen. M\u00f6chten Sie sicher [&hellip;]<\/p>\n","protected":false},"featured_media":866082,"template":"","meta":{"_acf_changed":false,"site-sidebar-layout":"default","site-content-layout":"","ast-site-content-layout":"default","site-content-style":"default","site-sidebar-style":"default","ast-global-header-display":"","ast-banner-title-visibility":"","ast-main-header-display":"","ast-hfb-above-header-display":"","ast-hfb-below-header-display":"","ast-hfb-mobile-header-display":"","site-post-title":"","ast-breadcrumbs-content":"","ast-featured-img":"","footer-sml-layout":"","theme-transparent-header-meta":"","adv-header-id-meta":"","stick-header-meta":"","header-above-stick-meta":"","header-main-stick-meta":"","header-below-stick-meta":"","astra-migrate-meta-layouts":"default","ast-page-background-enabled":"default","ast-page-background-meta":{"desktop":{"background-color":"","background-image":"","background-repeat":"repeat","background-position":"center center","background-size":"auto","background-attachment":"scroll","background-type":"","background-media":"","overlay-type":"","overlay-color":"","overlay-opacity":"","overlay-gradient":""},"tablet":{"background-color":"","background-image":"","background-repeat":"repeat","background-position":"center center","background-size":"auto","background-attachment":"scroll","background-type":"","background-media":"","overlay-type":"","overlay-color":"","overlay-opacity":"","overlay-gradient":""},"mobile":{"background-color":"","background-image":"","background-repeat":"repeat","background-position":"center center","background-size":"auto","background-attachment":"scroll","background-type":"","background-media":"","overlay-type":"","overlay-color":"","overlay-opacity":"","overlay-gradient":""}},"ast-content-background-meta":{"desktop":{"background-color":"var(--ast-global-color-5)","background-image":"","background-repeat":"repeat","background-position":"center center","background-size":"auto","background-attachment":"scroll","background-type":"","background-media":"","overlay-type":"","overlay-color":"","overlay-opacity":"","overlay-gradient":""},"tablet":{"background-color":"var(--ast-global-color-5)","background-image":"","background-repeat":"repeat","background-position":"center center","background-size":"auto","background-attachment":"scroll","background-type":"","background-media":"","overlay-type":"","overlay-color":"","overlay-opacity":"","overlay-gradient":""},"mobile":{"background-color":"var(--ast-global-color-5)","background-image":"","background-repeat":"repeat","background-position":"center center","background-size":"auto","background-attachment":"scroll","background-type":"","background-media":"","overlay-type":"","overlay-color":"","overlay-opacity":"","overlay-gradient":""}}},"product_brand":[],"product_cat":[22956],"product_tag":[],"class_list":{"0":"post-853019","1":"product","2":"type-product","3":"status-publish","4":"has-post-thumbnail","6":"product_cat-keine-kategorie","7":"desktop-align-center","8":"tablet-align-center","9":"mobile-align-center","10":"ast-product-gallery-layout-horizontal","11":"ast-product-tabs-layout-horizontal","13":"first","14":"instock","15":"taxable","16":"shipping-taxable","17":"purchasable","18":"product-type-simple"},"acf":[],"yoast_head":"<!-- This site is optimized with the Yoast SEO plugin v26.5 - https:\/\/yoast.com\/wordpress\/plugins\/seo\/ -->\n<title>Autoradio mit Bluetooth, USB, AUX - 4-Zoll-Bildschirm - R\u00fcckfahrkamera-Anschluss - Extra USB (RMD404DAB-BT) - Caliber Europe B.V.<\/title>\n<meta name=\"robots\" content=\"noindex, follow, max-snippet:-1, max-image-preview:large, max-video-preview:-1\" \/>\n<meta property=\"og:locale\" content=\"de_DE\" \/>\n<meta property=\"og:type\" content=\"article\" \/>\n<meta property=\"og:title\" content=\"Autoradio mit Bluetooth, USB, AUX - 4-Zoll-Bildschirm - R\u00fcckfahrkamera-Anschluss - Extra USB (RMD404DAB-BT) - Caliber Europe B.V.\" \/>\n<meta property=\"og:description\" content=\"Genie\u00dfen Sie Ihre Lieblingsmusik auf jeder Autofahrt mit dem Caliber RMD404DAB-BT Autoradio mit Bluetooth\u00ae-, DAB+- und USB-Anschlussm\u00f6glichkeit. Sie k\u00f6nnen auch AUX und SD verwenden. So haben Sie immer eine M\u00f6glichkeit, Audio unterwegs abzuspielen. Die Steuerung des Sounds ist \u00fcber den 4-Zoll-Bildschirm einfach. Auf dem Bildschirm k\u00f6nnen Sie auch Videos im MP4-Format abspielen. M\u00f6chten Sie sicher [&hellip;]\" \/>\n<meta property=\"og:url\" content=\"https:\/\/b2b.calibereurope.com\/product\/rmd404dab-de_de\/\" \/>\n<meta property=\"og:site_name\" content=\"Caliber Europe B.V.\" \/>\n<meta property=\"article:modified_time\" content=\"2025-12-04T13:45:57+00:00\" \/>\n<meta name=\"twitter:card\" content=\"summary_large_image\" \/>\n<meta name=\"twitter:label1\" content=\"Gesch\u00e4tzte Lesezeit\" \/>\n\t<meta name=\"twitter:data1\" content=\"2\u00a0Minuten\" \/>\n<script type=\"application\/ld+json\" class=\"yoast-schema-graph\">{\"@context\":\"https:\/\/schema.org\",\"@graph\":[{\"@type\":\"WebPage\",\"@id\":\"https:\/\/b2b.calibereurope.com\/product\/rmd404dab-de_de\/\",\"url\":\"https:\/\/b2b.calibereurope.com\/product\/rmd404dab-de_de\/\",\"name\":\"Autoradio mit Bluetooth, USB, AUX - 4-Zoll-Bildschirm - R\u00fcckfahrkamera-Anschluss - Extra USB (RMD404DAB-BT) - Caliber Europe B.V.\",\"isPartOf\":{\"@id\":\"https:\/\/b2b.calibereurope.com\/#website\"},\"primaryImageOfPage\":{\"@id\":\"https:\/\/b2b.calibereurope.com\/product\/rmd404dab-de_de\/#primaryimage\"},\"image\":{\"@id\":\"https:\/\/b2b.calibereurope.com\/product\/rmd404dab-de_de\/#primaryimage\"},\"thumbnailUrl\":\"https:\/\/b2b.calibereurope.com\/wp-content\/uploads\/2025\/12\/d6b638af5097620e96a94b23a57c5f898ae89fdf_RMD404DAB_BT-4.jpg\",\"datePublished\":\"2025-12-04T00:00:00+00:00\",\"dateModified\":\"2025-12-04T13:45:57+00:00\",\"breadcrumb\":{\"@id\":\"https:\/\/b2b.calibereurope.com\/product\/rmd404dab-de_de\/#breadcrumb\"},\"inLanguage\":\"de\",\"potentialAction\":[{\"@type\":\"ReadAction\",\"target\":[\"https:\/\/b2b.calibereurope.com\/product\/rmd404dab-de_de\/\"]}]},{\"@type\":\"ImageObject\",\"inLanguage\":\"de\",\"@id\":\"https:\/\/b2b.calibereurope.com\/product\/rmd404dab-de_de\/#primaryimage\",\"url\":\"https:\/\/b2b.calibereurope.com\/wp-content\/uploads\/2025\/12\/d6b638af5097620e96a94b23a57c5f898ae89fdf_RMD404DAB_BT-4.jpg\",\"contentUrl\":\"https:\/\/b2b.calibereurope.com\/wp-content\/uploads\/2025\/12\/d6b638af5097620e96a94b23a57c5f898ae89fdf_RMD404DAB_BT-4.jpg\",\"width\":1024,\"height\":768},{\"@type\":\"BreadcrumbList\",\"@id\":\"https:\/\/b2b.calibereurope.com\/product\/rmd404dab-de_de\/#breadcrumb\",\"itemListElement\":[{\"@type\":\"ListItem\",\"position\":1,\"name\":\"Home\",\"item\":\"https:\/\/b2b.calibereurope.com\/de\/\"},{\"@type\":\"ListItem\",\"position\":2,\"name\":\"Shop\",\"item\":\"https:\/\/b2b.calibereurope.com\/de\/shop\/\"},{\"@type\":\"ListItem\",\"position\":3,\"name\":\"Autoradio mit Bluetooth, USB, AUX &#8211; 4-Zoll-Bildschirm &#8211; R\u00fcckfahrkamera-Anschluss &#8211; Extra USB (RMD404DAB-BT)\"}]},{\"@type\":\"WebSite\",\"@id\":\"https:\/\/b2b.calibereurope.com\/#website\",\"url\":\"https:\/\/b2b.calibereurope.com\/\",\"name\":\"Caliber Europe B.V.\",\"description\":\"B2B Webshop\",\"publisher\":{\"@id\":\"https:\/\/b2b.calibereurope.com\/#organization\"},\"potentialAction\":[{\"@type\":\"SearchAction\",\"target\":{\"@type\":\"EntryPoint\",\"urlTemplate\":\"https:\/\/b2b.calibereurope.com\/?s={search_term_string}\"},\"query-input\":{\"@type\":\"PropertyValueSpecification\",\"valueRequired\":true,\"valueName\":\"search_term_string\"}}],\"inLanguage\":\"de\"},{\"@type\":\"Organization\",\"@id\":\"https:\/\/b2b.calibereurope.com\/#organization\",\"name\":\"Caliber Europe B.V.\",\"url\":\"https:\/\/b2b.calibereurope.com\/\",\"logo\":{\"@type\":\"ImageObject\",\"inLanguage\":\"de\",\"@id\":\"https:\/\/b2b.calibereurope.com\/#\/schema\/logo\/image\/\",\"url\":\"https:\/\/b2b.calibereurope.com\/wp-content\/uploads\/2020\/12\/Caliber_Logo-Black.png\",\"contentUrl\":\"https:\/\/b2b.calibereurope.com\/wp-content\/uploads\/2020\/12\/Caliber_Logo-Black.png\",\"width\":3157,\"height\":356,\"caption\":\"Caliber Europe B.V.\"},\"image\":{\"@id\":\"https:\/\/b2b.calibereurope.com\/#\/schema\/logo\/image\/\"}}]}<\/script>\n<!-- \/ Yoast SEO plugin. -->","yoast_head_json":{"title":"Autoradio mit Bluetooth, USB, AUX - 4-Zoll-Bildschirm - R\u00fcckfahrkamera-Anschluss - Extra USB (RMD404DAB-BT) - Caliber Europe B.V.","robots":{"index":"noindex","follow":"follow","max-snippet":"max-snippet:-1","max-image-preview":"max-image-preview:large","max-video-preview":"max-video-preview:-1"},"og_locale":"de_DE","og_type":"article","og_title":"Autoradio mit Bluetooth, USB, AUX - 4-Zoll-Bildschirm - R\u00fcckfahrkamera-Anschluss - Extra USB (RMD404DAB-BT) - Caliber Europe B.V.","og_description":"Genie\u00dfen Sie Ihre Lieblingsmusik auf jeder Autofahrt mit dem Caliber RMD404DAB-BT Autoradio mit Bluetooth\u00ae-, DAB+- und USB-Anschlussm\u00f6glichkeit. Sie k\u00f6nnen auch AUX und SD verwenden. So haben Sie immer eine M\u00f6glichkeit, Audio unterwegs abzuspielen. Die Steuerung des Sounds ist \u00fcber den 4-Zoll-Bildschirm einfach. Auf dem Bildschirm k\u00f6nnen Sie auch Videos im MP4-Format abspielen. M\u00f6chten Sie sicher [&hellip;]","og_url":"https:\/\/b2b.calibereurope.com\/product\/rmd404dab-de_de\/","og_site_name":"Caliber Europe B.V.","article_modified_time":"2025-12-04T13:45:57+00:00","twitter_card":"summary_large_image","twitter_misc":{"Gesch\u00e4tzte Lesezeit":"2\u00a0Minuten"},"schema":{"@context":"https:\/\/schema.org","@graph":[{"@type":"WebPage","@id":"https:\/\/b2b.calibereurope.com\/product\/rmd404dab-de_de\/","url":"https:\/\/b2b.calibereurope.com\/product\/rmd404dab-de_de\/","name":"Autoradio mit Bluetooth, USB, AUX - 4-Zoll-Bildschirm - R\u00fcckfahrkamera-Anschluss - Extra USB (RMD404DAB-BT) - Caliber Europe B.V.","isPartOf":{"@id":"https:\/\/b2b.calibereurope.com\/#website"},"primaryImageOfPage":{"@id":"https:\/\/b2b.calibereurope.com\/product\/rmd404dab-de_de\/#primaryimage"},"image":{"@id":"https:\/\/b2b.calibereurope.com\/product\/rmd404dab-de_de\/#primaryimage"},"thumbnailUrl":"https:\/\/b2b.calibereurope.com\/wp-content\/uploads\/2025\/12\/d6b638af5097620e96a94b23a57c5f898ae89fdf_RMD404DAB_BT-4.jpg","datePublished":"2025-12-04T00:00:00+00:00","dateModified":"2025-12-04T13:45:57+00:00","breadcrumb":{"@id":"https:\/\/b2b.calibereurope.com\/product\/rmd404dab-de_de\/#breadcrumb"},"inLanguage":"de","potentialAction":[{"@type":"ReadAction","target":["https:\/\/b2b.calibereurope.com\/product\/rmd404dab-de_de\/"]}]},{"@type":"ImageObject","inLanguage":"de","@id":"https:\/\/b2b.calibereurope.com\/product\/rmd404dab-de_de\/#primaryimage","url":"https:\/\/b2b.calibereurope.com\/wp-content\/uploads\/2025\/12\/d6b638af5097620e96a94b23a57c5f898ae89fdf_RMD404DAB_BT-4.jpg","contentUrl":"https:\/\/b2b.calibereurope.com\/wp-content\/uploads\/2025\/12\/d6b638af5097620e96a94b23a57c5f898ae89fdf_RMD404DAB_BT-4.jpg","width":1024,"height":768},{"@type":"BreadcrumbList","@id":"https:\/\/b2b.calibereurope.com\/product\/rmd404dab-de_de\/#breadcrumb","itemListElement":[{"@type":"ListItem","position":1,"name":"Home","item":"https:\/\/b2b.calibereurope.com\/de\/"},{"@type":"ListItem","position":2,"name":"Shop","item":"https:\/\/b2b.calibereurope.com\/de\/shop\/"},{"@type":"ListItem","position":3,"name":"Autoradio mit Bluetooth, USB, AUX &#8211; 4-Zoll-Bildschirm &#8211; R\u00fcckfahrkamera-Anschluss &#8211; Extra USB (RMD404DAB-BT)"}]},{"@type":"WebSite","@id":"https:\/\/b2b.calibereurope.com\/#website","url":"https:\/\/b2b.calibereurope.com\/","name":"Caliber Europe B.V.","description":"B2B Webshop","publisher":{"@id":"https:\/\/b2b.calibereurope.com\/#organization"},"potentialAction":[{"@type":"SearchAction","target":{"@type":"EntryPoint","urlTemplate":"https:\/\/b2b.calibereurope.com\/?s={search_term_string}"},"query-input":{"@type":"PropertyValueSpecification","valueRequired":true,"valueName":"search_term_string"}}],"inLanguage":"de"},{"@type":"Organization","@id":"https:\/\/b2b.calibereurope.com\/#organization","name":"Caliber Europe B.V.","url":"https:\/\/b2b.calibereurope.com\/","logo":{"@type":"ImageObject","inLanguage":"de","@id":"https:\/\/b2b.calibereurope.com\/#\/schema\/logo\/image\/","url":"https:\/\/b2b.calibereurope.com\/wp-content\/uploads\/2020\/12\/Caliber_Logo-Black.png","contentUrl":"https:\/\/b2b.calibereurope.com\/wp-content\/uploads\/2020\/12\/Caliber_Logo-Black.png","width":3157,"height":356,"caption":"Caliber Europe B.V."},"image":{"@id":"https:\/\/b2b.calibereurope.com\/#\/schema\/logo\/image\/"}}]}},"_links":{"self":[{"href":"https:\/\/b2b.calibereurope.com\/de\/wp-json\/wp\/v2\/product\/853019","targetHints":{"allow":["GET"]}}],"collection":[{"href":"https:\/\/b2b.calibereurope.com\/de\/wp-json\/wp\/v2\/product"}],"about":[{"href":"https:\/\/b2b.calibereurope.com\/de\/wp-json\/wp\/v2\/types\/product"}],"version-history":[{"count":0,"href":"https:\/\/b2b.calibereurope.com\/de\/wp-json\/wp\/v2\/product\/853019\/revisions"}],"wp:featuredmedia":[{"embeddable":true,"href":"https:\/\/b2b.calibereurope.com\/de\/wp-json\/wp\/v2\/media\/866082"}],"wp:attachment":[{"href":"https:\/\/b2b.calibereurope.com\/de\/wp-json\/wp\/v2\/media?parent=853019"}],"wp:term":[{"taxonomy":"product_brand","embeddable":true,"href":"https:\/\/b2b.calibereurope.com\/de\/wp-json\/wp\/v2\/product_brand?post=853019"},{"taxonomy":"product_cat","embeddable":true,"href":"https:\/\/b2b.calibereurope.com\/de\/wp-json\/wp\/v2\/product_cat?post=853019"},{"taxonomy":"product_tag","embeddable":true,"href":"https:\/\/b2b.calibereurope.com\/de\/wp-json\/wp\/v2\/product_tag?post=853019"}],"curies":[{"name":"wp","href":"https:\/\/api.w.org\/{rel}","templated":true}]}}