{"id":853055,"date":"2025-12-04T01:00:00","date_gmt":"2025-12-04T00:00:00","guid":{"rendered":"0"},"modified":"2025-12-04T14:50:22","modified_gmt":"2025-12-04T13:50:22","slug":"RMD583DAB-de_DE","status":"publish","type":"product","link":"https:\/\/b2b.calibereurope.com\/de\/produkt\/RMD583DAB-de_DE\/","title":{"rendered":"Autoradio mit Klappbildschirm &#8211; Bluetooth &#8211; DAB+ &#8211; USB &#8211; SD &#8211; AUX &#8211; 1 DIN &#8211; Einfach-DIN &#8211; R\u00fcckfahrkamera-Eingang (RMD583DAB-BT)"},"content":{"rendered":"<p>Entdecken Sie das <strong>Caliber RMD583DAB-BT<\/strong> Autoradio f\u00fcr ein fortschrittliches und vielseitiges Fahrerlebnis. Dieses Autoradio ist f\u00fcr Fahrzeugmodelle mit einem 1-DIN-Schacht geeignet. Das Autoradio bietet die M\u00f6glichkeit, eine <strong>R\u00fcckfahrkamera<\/strong> anzuschlie\u00dfen. Mit der <strong>automatischen Aktivierung<\/strong> beim R\u00fcckw\u00e4rtsfahren wird das Einparken zum Kinderspiel.<\/p>\n<p>Auf dem dazugeh\u00f6rigen Bildschirm k\u00f6nnen Sie ganz einfach die <strong>Kamerabilder<\/strong> anzeigen. Dar\u00fcber hinaus bietet dieser Klappbildschirm die M\u00f6glichkeit, <strong>Videos<\/strong> \u00fcber <strong>USB und SD<\/strong> abzuspielen, <strong>Fotos<\/strong> anzusehen und sogar detaillierte Informationen zu Ihrer <strong>Musik<\/strong> anzuzeigen, w\u00e4hrend Sie unterwegs sind.<\/p>\n<p><strong>Eigenschaften:<\/strong><\/p>\n<ul>\n<li>FM- und DAB+-Tuner<\/li>\n<li>Bluetooth, AUX, USB und SD<\/li>\n<li>Touchscreen<\/li>\n<li>Telefonladefunktion<\/li>\n<li>Wiedergabe von MP3, MPEG4, AAC, DivX, WMA und JPEG<\/li>\n<li>Freisprechfunktion<\/li>\n<li>Abnehmbares Frontpanel<\/li>\n<li>4&#215;75 Watt Leistung<\/li>\n<li>Farbe: Schwarz<\/li>\n<li>Einbautiefe 165 mm<\/li>\n<\/ul>\n<h3><strong>Bluetooth\u00ae-Konnektivit\u00e4t<\/strong><\/h3>\n<p>Dank der <strong>kabellosen Bluetooth\u00ae-Technologie<\/strong> k\u00f6nnen Sie mit diesem Autoradio <strong>freih\u00e4ndig telefonieren<\/strong>. Sie f\u00fchren klare und gut verst\u00e4ndliche Gespr\u00e4che mit dem mitgelieferten externen Mikrofon. Dar\u00fcber hinaus haben Sie die M\u00f6glichkeit zur drahtlosen Musikwiedergabe.<\/p>\n<h3><strong>R\u00fcckfahrkameras<\/strong><\/h3>\n<p>Dieses Autoradio bietet eine breite Palette von Konnektivit\u00e4tsoptionen, einschlie\u00dflich nahtloser Integration mit <strong>R\u00fcckfahrkameras<\/strong>. Mit der <strong>automatischen Aktivierung<\/strong> der Kamera beim <strong>R\u00fcckw\u00e4rtsfahren<\/strong> profitieren Sie von zus\u00e4tzlichem Komfort und Sicherheit. Sie m\u00fcssen keine Kn\u00f6pfe oder Men\u00fcs durchsuchen, was ein effizienteres und sichereres Fahrerlebnis erm\u00f6glicht.<\/p>\n<h3><strong>Klappbildschirm<\/strong><\/h3>\n<p>Schlie\u00dfen Sie externe Ger\u00e4te an die RCA- und Videoeing\u00e4nge an, um <strong>Videomaterial<\/strong> auf dem <strong>Klappbildschirm mit Touchscreen<\/strong> des Autoradios abzuspielen. Ob <strong>Filme<\/strong>, <strong>Videos<\/strong> oder <strong>Diaschauen<\/strong> Ihrer Urlaubsfotos, Sie k\u00f6nnen alles in hoher Aufl\u00f6sung anzeigen. Die ID3-Tag-Funktion liefert Ihnen zudem detaillierte Informationen zur abgespielten Musik.<\/p>\n<h3><strong>Kraftvoller Sound<\/strong><\/h3>\n<p>Mit einer maximalen Leistung von <strong>4x 75 Watt<\/strong> liefert dieses Autoradio kristallklaren Sound. Egal, ob Sie tiefe B\u00e4sse oder klare T\u00f6ne m\u00f6gen, dieses Autoradio bietet die perfekte Balance.<\/p>\n<h3><strong>Bequeme Fernbedienung<\/strong><\/h3>\n<p>Bedienen Sie Ihr Autoradio mit der mitgelieferten Fernbedienung. Dadurch haben Sie alle Funktionen bequem zur Hand.<\/p>\n<h3><strong>Einfache Installation<\/strong><\/h3>\n<p>Mit seinem <strong>ISO-Stecker<\/strong> und dem Standard-<strong>1-DIN-Format<\/strong> l\u00e4sst sich dieses Autoradio problemlos in den meisten Fahrzeugen installieren. Die <strong>Einbautiefe<\/strong> des Autoradios betr\u00e4gt <strong>165 mm<\/strong>. Entscheiden Sie sich f\u00fcr ein ultimatives Autoradio-Erlebnis und r\u00fcsten Sie Ihre Fahrt mit diesem fortschrittlichen Autoradio mit einer maximalen Leistung von <strong>4x 75 Watt<\/strong> auf!<\/p>\n<p><strong>Im Lieferumfang enthalten:<\/strong><\/p>\n<ul>\n<li>Caliber RMD583DAB-BT<\/li>\n<li>DAB+-Antenne<\/li>\n<li>Fernbedienung<\/li>\n<li>Mikrofon<\/li>\n<\/ul>\n","protected":false},"excerpt":{"rendered":"<p>Entdecken Sie das Caliber RMD583DAB-BT Autoradio f\u00fcr ein fortschrittliches und vielseitiges Fahrerlebnis. Dieses Autoradio ist f\u00fcr Fahrzeugmodelle mit einem 1-DIN-Schacht geeignet. Das Autoradio bietet die M\u00f6glichkeit, eine R\u00fcckfahrkamera anzuschlie\u00dfen. Mit der automatischen Aktivierung beim R\u00fcckw\u00e4rtsfahren wird das Einparken zum Kinderspiel. Auf dem dazugeh\u00f6rigen Bildschirm k\u00f6nnen Sie ganz einfach die Kamerabilder anzeigen. Dar\u00fcber hinaus bietet dieser [&hellip;]<\/p>\n","protected":false},"featured_media":867634,"template":"","meta":{"_acf_changed":false,"site-sidebar-layout":"default","site-content-layout":"","ast-site-content-layout":"default","site-content-style":"default","site-sidebar-style":"default","ast-global-header-display":"","ast-banner-title-visibility":"","ast-main-header-display":"","ast-hfb-above-header-display":"","ast-hfb-below-header-display":"","ast-hfb-mobile-header-display":"","site-post-title":"","ast-breadcrumbs-content":"","ast-featured-img":"","footer-sml-layout":"","theme-transparent-header-meta":"","adv-header-id-meta":"","stick-header-meta":"","header-above-stick-meta":"","header-main-stick-meta":"","header-below-stick-meta":"","astra-migrate-meta-layouts":"default","ast-page-background-enabled":"default","ast-page-background-meta":{"desktop":{"background-color":"","background-image":"","background-repeat":"repeat","background-position":"center center","background-size":"auto","background-attachment":"scroll","background-type":"","background-media":"","overlay-type":"","overlay-color":"","overlay-opacity":"","overlay-gradient":""},"tablet":{"background-color":"","background-image":"","background-repeat":"repeat","background-position":"center center","background-size":"auto","background-attachment":"scroll","background-type":"","background-media":"","overlay-type":"","overlay-color":"","overlay-opacity":"","overlay-gradient":""},"mobile":{"background-color":"","background-image":"","background-repeat":"repeat","background-position":"center center","background-size":"auto","background-attachment":"scroll","background-type":"","background-media":"","overlay-type":"","overlay-color":"","overlay-opacity":"","overlay-gradient":""}},"ast-content-background-meta":{"desktop":{"background-color":"var(--ast-global-color-5)","background-image":"","background-repeat":"repeat","background-position":"center center","background-size":"auto","background-attachment":"scroll","background-type":"","background-media":"","overlay-type":"","overlay-color":"","overlay-opacity":"","overlay-gradient":""},"tablet":{"background-color":"var(--ast-global-color-5)","background-image":"","background-repeat":"repeat","background-position":"center center","background-size":"auto","background-attachment":"scroll","background-type":"","background-media":"","overlay-type":"","overlay-color":"","overlay-opacity":"","overlay-gradient":""},"mobile":{"background-color":"var(--ast-global-color-5)","background-image":"","background-repeat":"repeat","background-position":"center center","background-size":"auto","background-attachment":"scroll","background-type":"","background-media":"","overlay-type":"","overlay-color":"","overlay-opacity":"","overlay-gradient":""}}},"product_brand":[],"product_cat":[22956],"product_tag":[],"class_list":{"0":"post-853055","1":"product","2":"type-product","3":"status-publish","4":"has-post-thumbnail","6":"product_cat-keine-kategorie","7":"desktop-align-center","8":"tablet-align-center","9":"mobile-align-center","10":"ast-product-gallery-layout-horizontal","11":"ast-product-tabs-layout-horizontal","13":"first","14":"instock","15":"taxable","16":"shipping-taxable","17":"purchasable","18":"product-type-simple"},"acf":[],"yoast_head":"<!-- This site is optimized with the Yoast SEO plugin v26.5 - https:\/\/yoast.com\/wordpress\/plugins\/seo\/ -->\n<title>Autoradio mit Klappbildschirm - Bluetooth - DAB+ - USB - SD - AUX - 1 DIN - Einfach-DIN - R\u00fcckfahrkamera-Eingang (RMD583DAB-BT) - Caliber Europe B.V.<\/title>\n<meta name=\"robots\" content=\"noindex, follow, max-snippet:-1, max-image-preview:large, max-video-preview:-1\" \/>\n<meta property=\"og:locale\" content=\"de_DE\" \/>\n<meta property=\"og:type\" content=\"article\" \/>\n<meta property=\"og:title\" content=\"Autoradio mit Klappbildschirm - Bluetooth - DAB+ - USB - SD - AUX - 1 DIN - Einfach-DIN - R\u00fcckfahrkamera-Eingang (RMD583DAB-BT) - Caliber Europe B.V.\" \/>\n<meta property=\"og:description\" content=\"Entdecken Sie das Caliber RMD583DAB-BT Autoradio f\u00fcr ein fortschrittliches und vielseitiges Fahrerlebnis. Dieses Autoradio ist f\u00fcr Fahrzeugmodelle mit einem 1-DIN-Schacht geeignet. Das Autoradio bietet die M\u00f6glichkeit, eine R\u00fcckfahrkamera anzuschlie\u00dfen. Mit der automatischen Aktivierung beim R\u00fcckw\u00e4rtsfahren wird das Einparken zum Kinderspiel. Auf dem dazugeh\u00f6rigen Bildschirm k\u00f6nnen Sie ganz einfach die Kamerabilder anzeigen. Dar\u00fcber hinaus bietet dieser [&hellip;]\" \/>\n<meta property=\"og:url\" content=\"https:\/\/b2b.calibereurope.com\/product\/rmd583dab-de_de\/\" \/>\n<meta property=\"og:site_name\" content=\"Caliber Europe B.V.\" \/>\n<meta property=\"article:modified_time\" content=\"2025-12-04T13:50:22+00:00\" \/>\n<meta name=\"twitter:card\" content=\"summary_large_image\" \/>\n<meta name=\"twitter:label1\" content=\"Gesch\u00e4tzte Lesezeit\" \/>\n\t<meta name=\"twitter:data1\" content=\"2\u00a0Minuten\" \/>\n<script type=\"application\/ld+json\" class=\"yoast-schema-graph\">{\"@context\":\"https:\/\/schema.org\",\"@graph\":[{\"@type\":\"WebPage\",\"@id\":\"https:\/\/b2b.calibereurope.com\/product\/rmd583dab-de_de\/\",\"url\":\"https:\/\/b2b.calibereurope.com\/product\/rmd583dab-de_de\/\",\"name\":\"Autoradio mit Klappbildschirm - Bluetooth - DAB+ - USB - SD - AUX - 1 DIN - Einfach-DIN - R\u00fcckfahrkamera-Eingang (RMD583DAB-BT) - Caliber Europe B.V.\",\"isPartOf\":{\"@id\":\"https:\/\/b2b.calibereurope.com\/#website\"},\"primaryImageOfPage\":{\"@id\":\"https:\/\/b2b.calibereurope.com\/product\/rmd583dab-de_de\/#primaryimage\"},\"image\":{\"@id\":\"https:\/\/b2b.calibereurope.com\/product\/rmd583dab-de_de\/#primaryimage\"},\"thumbnailUrl\":\"https:\/\/b2b.calibereurope.com\/wp-content\/uploads\/2025\/12\/6a42851dfea6366a6ea3f27a22b2789d796882e6_Caliber___20230383_Fotografie_autoradio_RMD583DAB_BT___Front_scherm_open_LR-4.jpg\",\"datePublished\":\"2025-12-04T00:00:00+00:00\",\"dateModified\":\"2025-12-04T13:50:22+00:00\",\"breadcrumb\":{\"@id\":\"https:\/\/b2b.calibereurope.com\/product\/rmd583dab-de_de\/#breadcrumb\"},\"inLanguage\":\"de\",\"potentialAction\":[{\"@type\":\"ReadAction\",\"target\":[\"https:\/\/b2b.calibereurope.com\/product\/rmd583dab-de_de\/\"]}]},{\"@type\":\"ImageObject\",\"inLanguage\":\"de\",\"@id\":\"https:\/\/b2b.calibereurope.com\/product\/rmd583dab-de_de\/#primaryimage\",\"url\":\"https:\/\/b2b.calibereurope.com\/wp-content\/uploads\/2025\/12\/6a42851dfea6366a6ea3f27a22b2789d796882e6_Caliber___20230383_Fotografie_autoradio_RMD583DAB_BT___Front_scherm_open_LR-4.jpg\",\"contentUrl\":\"https:\/\/b2b.calibereurope.com\/wp-content\/uploads\/2025\/12\/6a42851dfea6366a6ea3f27a22b2789d796882e6_Caliber___20230383_Fotografie_autoradio_RMD583DAB_BT___Front_scherm_open_LR-4.jpg\",\"width\":1024,\"height\":768},{\"@type\":\"BreadcrumbList\",\"@id\":\"https:\/\/b2b.calibereurope.com\/product\/rmd583dab-de_de\/#breadcrumb\",\"itemListElement\":[{\"@type\":\"ListItem\",\"position\":1,\"name\":\"Home\",\"item\":\"https:\/\/b2b.calibereurope.com\/de\/\"},{\"@type\":\"ListItem\",\"position\":2,\"name\":\"Shop\",\"item\":\"https:\/\/b2b.calibereurope.com\/de\/shop\/\"},{\"@type\":\"ListItem\",\"position\":3,\"name\":\"Autoradio mit Klappbildschirm &#8211; Bluetooth &#8211; DAB+ &#8211; USB &#8211; SD &#8211; AUX &#8211; 1 DIN &#8211; Einfach-DIN &#8211; R\u00fcckfahrkamera-Eingang (RMD583DAB-BT)\"}]},{\"@type\":\"WebSite\",\"@id\":\"https:\/\/b2b.calibereurope.com\/#website\",\"url\":\"https:\/\/b2b.calibereurope.com\/\",\"name\":\"Caliber Europe B.V.\",\"description\":\"B2B Webshop\",\"publisher\":{\"@id\":\"https:\/\/b2b.calibereurope.com\/#organization\"},\"potentialAction\":[{\"@type\":\"SearchAction\",\"target\":{\"@type\":\"EntryPoint\",\"urlTemplate\":\"https:\/\/b2b.calibereurope.com\/?s={search_term_string}\"},\"query-input\":{\"@type\":\"PropertyValueSpecification\",\"valueRequired\":true,\"valueName\":\"search_term_string\"}}],\"inLanguage\":\"de\"},{\"@type\":\"Organization\",\"@id\":\"https:\/\/b2b.calibereurope.com\/#organization\",\"name\":\"Caliber Europe B.V.\",\"url\":\"https:\/\/b2b.calibereurope.com\/\",\"logo\":{\"@type\":\"ImageObject\",\"inLanguage\":\"de\",\"@id\":\"https:\/\/b2b.calibereurope.com\/#\/schema\/logo\/image\/\",\"url\":\"https:\/\/b2b.calibereurope.com\/wp-content\/uploads\/2020\/12\/Caliber_Logo-Black.png\",\"contentUrl\":\"https:\/\/b2b.calibereurope.com\/wp-content\/uploads\/2020\/12\/Caliber_Logo-Black.png\",\"width\":3157,\"height\":356,\"caption\":\"Caliber Europe B.V.\"},\"image\":{\"@id\":\"https:\/\/b2b.calibereurope.com\/#\/schema\/logo\/image\/\"}}]}<\/script>\n<!-- \/ Yoast SEO plugin. -->","yoast_head_json":{"title":"Autoradio mit Klappbildschirm - Bluetooth - DAB+ - USB - SD - AUX - 1 DIN - Einfach-DIN - R\u00fcckfahrkamera-Eingang (RMD583DAB-BT) - Caliber Europe B.V.","robots":{"index":"noindex","follow":"follow","max-snippet":"max-snippet:-1","max-image-preview":"max-image-preview:large","max-video-preview":"max-video-preview:-1"},"og_locale":"de_DE","og_type":"article","og_title":"Autoradio mit Klappbildschirm - Bluetooth - DAB+ - USB - SD - AUX - 1 DIN - Einfach-DIN - R\u00fcckfahrkamera-Eingang (RMD583DAB-BT) - Caliber Europe B.V.","og_description":"Entdecken Sie das Caliber RMD583DAB-BT Autoradio f\u00fcr ein fortschrittliches und vielseitiges Fahrerlebnis. Dieses Autoradio ist f\u00fcr Fahrzeugmodelle mit einem 1-DIN-Schacht geeignet. Das Autoradio bietet die M\u00f6glichkeit, eine R\u00fcckfahrkamera anzuschlie\u00dfen. Mit der automatischen Aktivierung beim R\u00fcckw\u00e4rtsfahren wird das Einparken zum Kinderspiel. Auf dem dazugeh\u00f6rigen Bildschirm k\u00f6nnen Sie ganz einfach die Kamerabilder anzeigen. Dar\u00fcber hinaus bietet dieser [&hellip;]","og_url":"https:\/\/b2b.calibereurope.com\/product\/rmd583dab-de_de\/","og_site_name":"Caliber Europe B.V.","article_modified_time":"2025-12-04T13:50:22+00:00","twitter_card":"summary_large_image","twitter_misc":{"Gesch\u00e4tzte Lesezeit":"2\u00a0Minuten"},"schema":{"@context":"https:\/\/schema.org","@graph":[{"@type":"WebPage","@id":"https:\/\/b2b.calibereurope.com\/product\/rmd583dab-de_de\/","url":"https:\/\/b2b.calibereurope.com\/product\/rmd583dab-de_de\/","name":"Autoradio mit Klappbildschirm - Bluetooth - DAB+ - USB - SD - AUX - 1 DIN - Einfach-DIN - R\u00fcckfahrkamera-Eingang (RMD583DAB-BT) - Caliber Europe B.V.","isPartOf":{"@id":"https:\/\/b2b.calibereurope.com\/#website"},"primaryImageOfPage":{"@id":"https:\/\/b2b.calibereurope.com\/product\/rmd583dab-de_de\/#primaryimage"},"image":{"@id":"https:\/\/b2b.calibereurope.com\/product\/rmd583dab-de_de\/#primaryimage"},"thumbnailUrl":"https:\/\/b2b.calibereurope.com\/wp-content\/uploads\/2025\/12\/6a42851dfea6366a6ea3f27a22b2789d796882e6_Caliber___20230383_Fotografie_autoradio_RMD583DAB_BT___Front_scherm_open_LR-4.jpg","datePublished":"2025-12-04T00:00:00+00:00","dateModified":"2025-12-04T13:50:22+00:00","breadcrumb":{"@id":"https:\/\/b2b.calibereurope.com\/product\/rmd583dab-de_de\/#breadcrumb"},"inLanguage":"de","potentialAction":[{"@type":"ReadAction","target":["https:\/\/b2b.calibereurope.com\/product\/rmd583dab-de_de\/"]}]},{"@type":"ImageObject","inLanguage":"de","@id":"https:\/\/b2b.calibereurope.com\/product\/rmd583dab-de_de\/#primaryimage","url":"https:\/\/b2b.calibereurope.com\/wp-content\/uploads\/2025\/12\/6a42851dfea6366a6ea3f27a22b2789d796882e6_Caliber___20230383_Fotografie_autoradio_RMD583DAB_BT___Front_scherm_open_LR-4.jpg","contentUrl":"https:\/\/b2b.calibereurope.com\/wp-content\/uploads\/2025\/12\/6a42851dfea6366a6ea3f27a22b2789d796882e6_Caliber___20230383_Fotografie_autoradio_RMD583DAB_BT___Front_scherm_open_LR-4.jpg","width":1024,"height":768},{"@type":"BreadcrumbList","@id":"https:\/\/b2b.calibereurope.com\/product\/rmd583dab-de_de\/#breadcrumb","itemListElement":[{"@type":"ListItem","position":1,"name":"Home","item":"https:\/\/b2b.calibereurope.com\/de\/"},{"@type":"ListItem","position":2,"name":"Shop","item":"https:\/\/b2b.calibereurope.com\/de\/shop\/"},{"@type":"ListItem","position":3,"name":"Autoradio mit Klappbildschirm &#8211; Bluetooth &#8211; DAB+ &#8211; USB &#8211; SD &#8211; AUX &#8211; 1 DIN &#8211; Einfach-DIN &#8211; R\u00fcckfahrkamera-Eingang (RMD583DAB-BT)"}]},{"@type":"WebSite","@id":"https:\/\/b2b.calibereurope.com\/#website","url":"https:\/\/b2b.calibereurope.com\/","name":"Caliber Europe B.V.","description":"B2B Webshop","publisher":{"@id":"https:\/\/b2b.calibereurope.com\/#organization"},"potentialAction":[{"@type":"SearchAction","target":{"@type":"EntryPoint","urlTemplate":"https:\/\/b2b.calibereurope.com\/?s={search_term_string}"},"query-input":{"@type":"PropertyValueSpecification","valueRequired":true,"valueName":"search_term_string"}}],"inLanguage":"de"},{"@type":"Organization","@id":"https:\/\/b2b.calibereurope.com\/#organization","name":"Caliber Europe B.V.","url":"https:\/\/b2b.calibereurope.com\/","logo":{"@type":"ImageObject","inLanguage":"de","@id":"https:\/\/b2b.calibereurope.com\/#\/schema\/logo\/image\/","url":"https:\/\/b2b.calibereurope.com\/wp-content\/uploads\/2020\/12\/Caliber_Logo-Black.png","contentUrl":"https:\/\/b2b.calibereurope.com\/wp-content\/uploads\/2020\/12\/Caliber_Logo-Black.png","width":3157,"height":356,"caption":"Caliber Europe B.V."},"image":{"@id":"https:\/\/b2b.calibereurope.com\/#\/schema\/logo\/image\/"}}]}},"_links":{"self":[{"href":"https:\/\/b2b.calibereurope.com\/de\/wp-json\/wp\/v2\/product\/853055","targetHints":{"allow":["GET"]}}],"collection":[{"href":"https:\/\/b2b.calibereurope.com\/de\/wp-json\/wp\/v2\/product"}],"about":[{"href":"https:\/\/b2b.calibereurope.com\/de\/wp-json\/wp\/v2\/types\/product"}],"version-history":[{"count":0,"href":"https:\/\/b2b.calibereurope.com\/de\/wp-json\/wp\/v2\/product\/853055\/revisions"}],"wp:featuredmedia":[{"embeddable":true,"href":"https:\/\/b2b.calibereurope.com\/de\/wp-json\/wp\/v2\/media\/867634"}],"wp:attachment":[{"href":"https:\/\/b2b.calibereurope.com\/de\/wp-json\/wp\/v2\/media?parent=853055"}],"wp:term":[{"taxonomy":"product_brand","embeddable":true,"href":"https:\/\/b2b.calibereurope.com\/de\/wp-json\/wp\/v2\/product_brand?post=853055"},{"taxonomy":"product_cat","embeddable":true,"href":"https:\/\/b2b.calibereurope.com\/de\/wp-json\/wp\/v2\/product_cat?post=853055"},{"taxonomy":"product_tag","embeddable":true,"href":"https:\/\/b2b.calibereurope.com\/de\/wp-json\/wp\/v2\/product_tag?post=853055"}],"curies":[{"name":"wp","href":"https:\/\/api.w.org\/{rel}","templated":true}]}}