{"id":855964,"date":"2025-12-04T01:00:00","date_gmt":"2025-12-04T00:00:00","guid":{"rendered":"0"},"modified":"2025-12-04T15:01:19","modified_gmt":"2025-12-04T14:01:19","slug":"RMD120-de_DE","status":"publish","type":"product","link":"https:\/\/b2b.calibereurope.com\/de\/produkt\/RMD120-de_DE\/","title":{"rendered":"Auto Radio mit Bluetooth &#8211; 1 DIN &#8211; USB &#8211; 18 Eigenschaftskan\u00e4le &#8211; Retro Look (RMD120BT)"},"content":{"rendered":"<p><P> H\u00f6ren Sie sich Ihre Lieblings -Radiosendungen und Wiedergabelisten mit dem Caliber RMD120BT -Auto -Radio mit Bluetooth an. Sie h\u00f6ren Ihre Lieblingsshows \u00fcber das <strong> fm Radio <\/strong>. Sie k\u00f6nnen dies leicht mit Hilfe der <strong> 18 Pr\u00e4ditatoren <\/strong> finden. Wenn Sie Ihren eigenen Wiedergabelisten h\u00f6ren m\u00f6chten, ist dies auch m\u00f6glich. Schlie\u00dfen Sie Ihr Smartphone \u00fcber <strong> Bluetooth <\/strong> an und schalten Sie den gew\u00fcnschten Podcast oder die gew\u00fcnschte Wiedergabeliste ein. Dank des externen Mikrofons <strong> <\/strong> k\u00f6nnen Sie <strong> Hands -Free <\/strong> nennen. Das Bluetooth Car Radio hat ein gro\u00dfartiges <strong> Retro -Look <\/strong>, das Ihrem Auto einen einzigartigen Look verleiht. <\/p>\n<p> <strong> Eigenschaften: <\/strong> <\/p>\n<ul>\n<li> 4x 75 Watt Power\n<li> FM -Radio -Tuner, Aux, USB und SD\n<li > MP3- und WMA -Unterst\u00fctzung <Li> abnehmbares Frontplatte\n<li> Bluetooth -Audio -Technologie <Li> Handsfree -Anruf mit Mikrofon\n<li> 1 DIN -Auto -Radio mit Retro -Look\n<li> 18 FM -Anbieter\n<li> 100 mm gebaut -Intiefe -In -Tiefe -in -Tiefe -In -Tiefe <l> ISO -Anschluss <\/\/ li> <\/ul>\n<p> <strong> Hinweis: <\/strong> kein CD -Eingang <\/p>\n<h3> Immer Ihre Lieblingsmusik <\/h3>\n<p> Kannst du nicht Sein f\u00fcr einen Moment ohne deine Lieblingsmusik? Dann bietet dieses Auto -Radio eine L\u00f6sung. Mit dem FM -Radio h\u00f6ren Sie zahlreiche Radiosender, Talkshows und Nachrichten. Sie haben 18 Vorg\u00e4nger eingerichtet, damit Sie zu jeder Tageszeit schnell den richtigen Kanal finden k\u00f6nnen. H\u00f6ren Sie lieber kein Radio? Schlie\u00dfen Sie Ihr Telefon dann \u00fcber Bluetooth an. Damit k\u00f6nnen Sie nicht nur Wiedergabelisten einschalten, sondern auch interessante Podcasts h\u00f6ren. Wenn Ihr Telefon kein Bluetooth hat, k\u00f6nnen Sie Aux, USB oder SD verwenden. Zum Beispiel bietet das Auto -Radio mit Bluetooth und USB, SD und Aux verschiedene Optionen, um Ihre Lieblingsmusik anzuh\u00f6ren. <\/p>\n<h3> Crystal -Clear -Gespr\u00e4che <\/h3>\n<p> Sind Sie oft beliebt auf dem Weg und m\u00f6chten Sie vermeidensgem\u00e4\u00dfe Anrufe vermeiden? Verwenden Sie dann das mitgelieferte externes Mikrofon. Damit f\u00fchren Sie kristallklare Gespr\u00e4che, auch wenn Sie auf der Autobahn sind. Auf diese Weise k\u00f6nnen Sie H\u00e4nde -frei nennen, ohne unsichere Situationen zu erstellen. <\/p>\n<h3> Einzigartiges Retro -Design <\/h3>\n<p> Dieses Radio ist ein echter Augenanf\u00e4nger in Ihrem Innenraum. Das Design des Autoradio hat mit einem coolen Retro -Look ausgestattet, was Ihnen den Vintage -Look verleiht, profitiert aber auch von einem hochwertigen Sound. Auf diese Weise kombinieren Sie das Beste aus zwei Welten! Die Frontplatte ist abnehmbar. Parken Sie Ihr Auto f\u00fcr lange Zeit irgendwo? Speichern Sie die Frontplatte woanders, um Diebstahl zu verhindern. <\/p>\n<p> <strong> <br \/> enthalten: <\/strong> <\/p>\n<ul>\n<li> Caliber RMD120BT\n<li> Externes Mikrofon<br \/>\n","protected":false},"excerpt":{"rendered":"<p>H\u00f6ren Sie sich Ihre Lieblings -Radiosendungen und Wiedergabelisten mit dem Caliber RMD120BT -Auto -Radio mit Bluetooth an. Sie h\u00f6ren Ihre Lieblingsshows \u00fcber das fm Radio . Sie k\u00f6nnen dies leicht mit Hilfe der 18 Pr\u00e4ditatoren finden. Wenn Sie Ihren eigenen Wiedergabelisten h\u00f6ren m\u00f6chten, ist dies auch m\u00f6glich. Schlie\u00dfen Sie Ihr Smartphone \u00fcber Bluetooth an und [&hellip;]<\/p>\n","protected":false},"featured_media":869091,"template":"","meta":{"_acf_changed":false,"site-sidebar-layout":"default","site-content-layout":"","ast-site-content-layout":"default","site-content-style":"default","site-sidebar-style":"default","ast-global-header-display":"","ast-banner-title-visibility":"","ast-main-header-display":"","ast-hfb-above-header-display":"","ast-hfb-below-header-display":"","ast-hfb-mobile-header-display":"","site-post-title":"","ast-breadcrumbs-content":"","ast-featured-img":"","footer-sml-layout":"","theme-transparent-header-meta":"","adv-header-id-meta":"","stick-header-meta":"","header-above-stick-meta":"","header-main-stick-meta":"","header-below-stick-meta":"","astra-migrate-meta-layouts":"default","ast-page-background-enabled":"default","ast-page-background-meta":{"desktop":{"background-color":"","background-image":"","background-repeat":"repeat","background-position":"center center","background-size":"auto","background-attachment":"scroll","background-type":"","background-media":"","overlay-type":"","overlay-color":"","overlay-opacity":"","overlay-gradient":""},"tablet":{"background-color":"","background-image":"","background-repeat":"repeat","background-position":"center center","background-size":"auto","background-attachment":"scroll","background-type":"","background-media":"","overlay-type":"","overlay-color":"","overlay-opacity":"","overlay-gradient":""},"mobile":{"background-color":"","background-image":"","background-repeat":"repeat","background-position":"center center","background-size":"auto","background-attachment":"scroll","background-type":"","background-media":"","overlay-type":"","overlay-color":"","overlay-opacity":"","overlay-gradient":""}},"ast-content-background-meta":{"desktop":{"background-color":"var(--ast-global-color-5)","background-image":"","background-repeat":"repeat","background-position":"center center","background-size":"auto","background-attachment":"scroll","background-type":"","background-media":"","overlay-type":"","overlay-color":"","overlay-opacity":"","overlay-gradient":""},"tablet":{"background-color":"var(--ast-global-color-5)","background-image":"","background-repeat":"repeat","background-position":"center center","background-size":"auto","background-attachment":"scroll","background-type":"","background-media":"","overlay-type":"","overlay-color":"","overlay-opacity":"","overlay-gradient":""},"mobile":{"background-color":"var(--ast-global-color-5)","background-image":"","background-repeat":"repeat","background-position":"center center","background-size":"auto","background-attachment":"scroll","background-type":"","background-media":"","overlay-type":"","overlay-color":"","overlay-opacity":"","overlay-gradient":""}}},"product_brand":[],"product_cat":[22956],"product_tag":[],"class_list":{"0":"post-855964","1":"product","2":"type-product","3":"status-publish","4":"has-post-thumbnail","6":"product_cat-keine-kategorie","7":"desktop-align-center","8":"tablet-align-center","9":"mobile-align-center","10":"ast-product-gallery-layout-horizontal","11":"ast-product-tabs-layout-horizontal","13":"first","14":"instock","15":"taxable","16":"shipping-taxable","17":"purchasable","18":"product-type-simple"},"acf":[],"yoast_head":"<!-- This site is optimized with the Yoast SEO plugin v26.5 - https:\/\/yoast.com\/wordpress\/plugins\/seo\/ -->\n<title>Auto Radio mit Bluetooth - 1 DIN - USB - 18 Eigenschaftskan\u00e4le - Retro Look (RMD120BT) - Caliber Europe B.V.<\/title>\n<meta name=\"robots\" content=\"noindex, follow, max-snippet:-1, max-image-preview:large, max-video-preview:-1\" \/>\n<meta property=\"og:locale\" content=\"de_DE\" \/>\n<meta property=\"og:type\" content=\"article\" \/>\n<meta property=\"og:title\" content=\"Auto Radio mit Bluetooth - 1 DIN - USB - 18 Eigenschaftskan\u00e4le - Retro Look (RMD120BT) - Caliber Europe B.V.\" \/>\n<meta property=\"og:description\" content=\"H\u00f6ren Sie sich Ihre Lieblings -Radiosendungen und Wiedergabelisten mit dem Caliber RMD120BT -Auto -Radio mit Bluetooth an. Sie h\u00f6ren Ihre Lieblingsshows \u00fcber das fm Radio . Sie k\u00f6nnen dies leicht mit Hilfe der 18 Pr\u00e4ditatoren finden. Wenn Sie Ihren eigenen Wiedergabelisten h\u00f6ren m\u00f6chten, ist dies auch m\u00f6glich. Schlie\u00dfen Sie Ihr Smartphone \u00fcber Bluetooth an und [&hellip;]\" \/>\n<meta property=\"og:url\" content=\"https:\/\/b2b.calibereurope.com\/de\/produkt\/rmd120-de_de\/\" \/>\n<meta property=\"og:site_name\" content=\"Caliber Europe B.V.\" \/>\n<meta property=\"article:modified_time\" content=\"2025-12-04T14:01:19+00:00\" \/>\n<meta property=\"og:image\" content=\"http:\/\/b2b.calibereurope.com\/wp-content\/uploads\/2025\/02\/0ac5c9a78056996e857e7d2be29fe4baa57c71a3_RMD120BT.jpg\" \/>\n\t<meta property=\"og:image:width\" content=\"640\" \/>\n\t<meta property=\"og:image:height\" content=\"480\" \/>\n\t<meta property=\"og:image:type\" content=\"image\/jpeg\" \/>\n<meta name=\"twitter:card\" content=\"summary_large_image\" \/>\n<meta name=\"twitter:label1\" content=\"Gesch\u00e4tzte Lesezeit\" \/>\n\t<meta name=\"twitter:data1\" content=\"2\u00a0Minuten\" \/>\n<script type=\"application\/ld+json\" class=\"yoast-schema-graph\">{\"@context\":\"https:\/\/schema.org\",\"@graph\":[{\"@type\":\"WebPage\",\"@id\":\"https:\/\/b2b.calibereurope.com\/de\/produkt\/rmd120-de_de\/\",\"url\":\"https:\/\/b2b.calibereurope.com\/de\/produkt\/rmd120-de_de\/\",\"name\":\"Auto Radio mit Bluetooth - 1 DIN - USB - 18 Eigenschaftskan\u00e4le - Retro Look (RMD120BT) - Caliber Europe B.V.\",\"isPartOf\":{\"@id\":\"https:\/\/b2b.calibereurope.com\/#website\"},\"primaryImageOfPage\":{\"@id\":\"https:\/\/b2b.calibereurope.com\/de\/produkt\/rmd120-de_de\/#primaryimage\"},\"image\":{\"@id\":\"https:\/\/b2b.calibereurope.com\/de\/produkt\/rmd120-de_de\/#primaryimage\"},\"thumbnailUrl\":\"https:\/\/b2b.calibereurope.com\/wp-content\/uploads\/2025\/12\/0ac5c9a78056996e857e7d2be29fe4baa57c71a3_RMD120BT-4.jpg\",\"datePublished\":\"2025-12-04T00:00:00+00:00\",\"dateModified\":\"2025-12-04T14:01:19+00:00\",\"breadcrumb\":{\"@id\":\"https:\/\/b2b.calibereurope.com\/de\/produkt\/rmd120-de_de\/#breadcrumb\"},\"inLanguage\":\"de\",\"potentialAction\":[{\"@type\":\"ReadAction\",\"target\":[\"https:\/\/b2b.calibereurope.com\/de\/produkt\/rmd120-de_de\/\"]}]},{\"@type\":\"ImageObject\",\"inLanguage\":\"de\",\"@id\":\"https:\/\/b2b.calibereurope.com\/de\/produkt\/rmd120-de_de\/#primaryimage\",\"url\":\"https:\/\/b2b.calibereurope.com\/wp-content\/uploads\/2025\/12\/0ac5c9a78056996e857e7d2be29fe4baa57c71a3_RMD120BT-4.jpg\",\"contentUrl\":\"https:\/\/b2b.calibereurope.com\/wp-content\/uploads\/2025\/12\/0ac5c9a78056996e857e7d2be29fe4baa57c71a3_RMD120BT-4.jpg\",\"width\":640,\"height\":480},{\"@type\":\"BreadcrumbList\",\"@id\":\"https:\/\/b2b.calibereurope.com\/de\/produkt\/rmd120-de_de\/#breadcrumb\",\"itemListElement\":[{\"@type\":\"ListItem\",\"position\":1,\"name\":\"Home\",\"item\":\"https:\/\/b2b.calibereurope.com\/de\/\"},{\"@type\":\"ListItem\",\"position\":2,\"name\":\"Shop\",\"item\":\"https:\/\/b2b.calibereurope.com\/de\/shop\/\"},{\"@type\":\"ListItem\",\"position\":3,\"name\":\"Auto Radio mit Bluetooth &#8211; 1 DIN &#8211; USB &#8211; 18 Eigenschaftskan\u00e4le &#8211; Retro Look (RMD120BT)\"}]},{\"@type\":\"WebSite\",\"@id\":\"https:\/\/b2b.calibereurope.com\/#website\",\"url\":\"https:\/\/b2b.calibereurope.com\/\",\"name\":\"Caliber Europe B.V.\",\"description\":\"B2B Webshop\",\"publisher\":{\"@id\":\"https:\/\/b2b.calibereurope.com\/#organization\"},\"potentialAction\":[{\"@type\":\"SearchAction\",\"target\":{\"@type\":\"EntryPoint\",\"urlTemplate\":\"https:\/\/b2b.calibereurope.com\/?s={search_term_string}\"},\"query-input\":{\"@type\":\"PropertyValueSpecification\",\"valueRequired\":true,\"valueName\":\"search_term_string\"}}],\"inLanguage\":\"de\"},{\"@type\":\"Organization\",\"@id\":\"https:\/\/b2b.calibereurope.com\/#organization\",\"name\":\"Caliber Europe B.V.\",\"url\":\"https:\/\/b2b.calibereurope.com\/\",\"logo\":{\"@type\":\"ImageObject\",\"inLanguage\":\"de\",\"@id\":\"https:\/\/b2b.calibereurope.com\/#\/schema\/logo\/image\/\",\"url\":\"https:\/\/b2b.calibereurope.com\/wp-content\/uploads\/2020\/12\/Caliber_Logo-Black.png\",\"contentUrl\":\"https:\/\/b2b.calibereurope.com\/wp-content\/uploads\/2020\/12\/Caliber_Logo-Black.png\",\"width\":3157,\"height\":356,\"caption\":\"Caliber Europe B.V.\"},\"image\":{\"@id\":\"https:\/\/b2b.calibereurope.com\/#\/schema\/logo\/image\/\"}}]}<\/script>\n<!-- \/ Yoast SEO plugin. -->","yoast_head_json":{"title":"Auto Radio mit Bluetooth - 1 DIN - USB - 18 Eigenschaftskan\u00e4le - Retro Look (RMD120BT) - Caliber Europe B.V.","robots":{"index":"noindex","follow":"follow","max-snippet":"max-snippet:-1","max-image-preview":"max-image-preview:large","max-video-preview":"max-video-preview:-1"},"og_locale":"de_DE","og_type":"article","og_title":"Auto Radio mit Bluetooth - 1 DIN - USB - 18 Eigenschaftskan\u00e4le - Retro Look (RMD120BT) - Caliber Europe B.V.","og_description":"H\u00f6ren Sie sich Ihre Lieblings -Radiosendungen und Wiedergabelisten mit dem Caliber RMD120BT -Auto -Radio mit Bluetooth an. Sie h\u00f6ren Ihre Lieblingsshows \u00fcber das fm Radio . Sie k\u00f6nnen dies leicht mit Hilfe der 18 Pr\u00e4ditatoren finden. Wenn Sie Ihren eigenen Wiedergabelisten h\u00f6ren m\u00f6chten, ist dies auch m\u00f6glich. Schlie\u00dfen Sie Ihr Smartphone \u00fcber Bluetooth an und [&hellip;]","og_url":"https:\/\/b2b.calibereurope.com\/de\/produkt\/rmd120-de_de\/","og_site_name":"Caliber Europe B.V.","article_modified_time":"2025-12-04T14:01:19+00:00","og_image":[{"width":640,"height":480,"url":"http:\/\/b2b.calibereurope.com\/wp-content\/uploads\/2025\/02\/0ac5c9a78056996e857e7d2be29fe4baa57c71a3_RMD120BT.jpg","type":"image\/jpeg"}],"twitter_card":"summary_large_image","twitter_misc":{"Gesch\u00e4tzte Lesezeit":"2\u00a0Minuten"},"schema":{"@context":"https:\/\/schema.org","@graph":[{"@type":"WebPage","@id":"https:\/\/b2b.calibereurope.com\/de\/produkt\/rmd120-de_de\/","url":"https:\/\/b2b.calibereurope.com\/de\/produkt\/rmd120-de_de\/","name":"Auto Radio mit Bluetooth - 1 DIN - USB - 18 Eigenschaftskan\u00e4le - Retro Look (RMD120BT) - Caliber Europe B.V.","isPartOf":{"@id":"https:\/\/b2b.calibereurope.com\/#website"},"primaryImageOfPage":{"@id":"https:\/\/b2b.calibereurope.com\/de\/produkt\/rmd120-de_de\/#primaryimage"},"image":{"@id":"https:\/\/b2b.calibereurope.com\/de\/produkt\/rmd120-de_de\/#primaryimage"},"thumbnailUrl":"https:\/\/b2b.calibereurope.com\/wp-content\/uploads\/2025\/12\/0ac5c9a78056996e857e7d2be29fe4baa57c71a3_RMD120BT-4.jpg","datePublished":"2025-12-04T00:00:00+00:00","dateModified":"2025-12-04T14:01:19+00:00","breadcrumb":{"@id":"https:\/\/b2b.calibereurope.com\/de\/produkt\/rmd120-de_de\/#breadcrumb"},"inLanguage":"de","potentialAction":[{"@type":"ReadAction","target":["https:\/\/b2b.calibereurope.com\/de\/produkt\/rmd120-de_de\/"]}]},{"@type":"ImageObject","inLanguage":"de","@id":"https:\/\/b2b.calibereurope.com\/de\/produkt\/rmd120-de_de\/#primaryimage","url":"https:\/\/b2b.calibereurope.com\/wp-content\/uploads\/2025\/12\/0ac5c9a78056996e857e7d2be29fe4baa57c71a3_RMD120BT-4.jpg","contentUrl":"https:\/\/b2b.calibereurope.com\/wp-content\/uploads\/2025\/12\/0ac5c9a78056996e857e7d2be29fe4baa57c71a3_RMD120BT-4.jpg","width":640,"height":480},{"@type":"BreadcrumbList","@id":"https:\/\/b2b.calibereurope.com\/de\/produkt\/rmd120-de_de\/#breadcrumb","itemListElement":[{"@type":"ListItem","position":1,"name":"Home","item":"https:\/\/b2b.calibereurope.com\/de\/"},{"@type":"ListItem","position":2,"name":"Shop","item":"https:\/\/b2b.calibereurope.com\/de\/shop\/"},{"@type":"ListItem","position":3,"name":"Auto Radio mit Bluetooth &#8211; 1 DIN &#8211; USB &#8211; 18 Eigenschaftskan\u00e4le &#8211; Retro Look (RMD120BT)"}]},{"@type":"WebSite","@id":"https:\/\/b2b.calibereurope.com\/#website","url":"https:\/\/b2b.calibereurope.com\/","name":"Caliber Europe B.V.","description":"B2B Webshop","publisher":{"@id":"https:\/\/b2b.calibereurope.com\/#organization"},"potentialAction":[{"@type":"SearchAction","target":{"@type":"EntryPoint","urlTemplate":"https:\/\/b2b.calibereurope.com\/?s={search_term_string}"},"query-input":{"@type":"PropertyValueSpecification","valueRequired":true,"valueName":"search_term_string"}}],"inLanguage":"de"},{"@type":"Organization","@id":"https:\/\/b2b.calibereurope.com\/#organization","name":"Caliber Europe B.V.","url":"https:\/\/b2b.calibereurope.com\/","logo":{"@type":"ImageObject","inLanguage":"de","@id":"https:\/\/b2b.calibereurope.com\/#\/schema\/logo\/image\/","url":"https:\/\/b2b.calibereurope.com\/wp-content\/uploads\/2020\/12\/Caliber_Logo-Black.png","contentUrl":"https:\/\/b2b.calibereurope.com\/wp-content\/uploads\/2020\/12\/Caliber_Logo-Black.png","width":3157,"height":356,"caption":"Caliber Europe B.V."},"image":{"@id":"https:\/\/b2b.calibereurope.com\/#\/schema\/logo\/image\/"}}]}},"_links":{"self":[{"href":"https:\/\/b2b.calibereurope.com\/de\/wp-json\/wp\/v2\/product\/855964","targetHints":{"allow":["GET"]}}],"collection":[{"href":"https:\/\/b2b.calibereurope.com\/de\/wp-json\/wp\/v2\/product"}],"about":[{"href":"https:\/\/b2b.calibereurope.com\/de\/wp-json\/wp\/v2\/types\/product"}],"version-history":[{"count":1,"href":"https:\/\/b2b.calibereurope.com\/de\/wp-json\/wp\/v2\/product\/855964\/revisions"}],"predecessor-version":[{"id":856089,"href":"https:\/\/b2b.calibereurope.com\/de\/wp-json\/wp\/v2\/product\/855964\/revisions\/856089"}],"wp:featuredmedia":[{"embeddable":true,"href":"https:\/\/b2b.calibereurope.com\/de\/wp-json\/wp\/v2\/media\/869091"}],"wp:attachment":[{"href":"https:\/\/b2b.calibereurope.com\/de\/wp-json\/wp\/v2\/media?parent=855964"}],"wp:term":[{"taxonomy":"product_brand","embeddable":true,"href":"https:\/\/b2b.calibereurope.com\/de\/wp-json\/wp\/v2\/product_brand?post=855964"},{"taxonomy":"product_cat","embeddable":true,"href":"https:\/\/b2b.calibereurope.com\/de\/wp-json\/wp\/v2\/product_cat?post=855964"},{"taxonomy":"product_tag","embeddable":true,"href":"https:\/\/b2b.calibereurope.com\/de\/wp-json\/wp\/v2\/product_tag?post=855964"}],"curies":[{"name":"wp","href":"https:\/\/api.w.org\/{rel}","templated":true}]}}