{"id":855984,"date":"2025-12-04T01:00:00","date_gmt":"2025-12-04T00:00:00","guid":{"rendered":"0"},"modified":"2025-12-04T15:03:19","modified_gmt":"2025-12-04T14:03:19","slug":"RMD120-B-de_DE","status":"publish","type":"product","link":"https:\/\/b2b.calibereurope.com\/de\/produkt\/RMD120-B-de_DE\/","title":{"rendered":"Autoradio &#8211; Retro mit Bluetooth\u00ae Technologie &#8211; USB &#8211; SD &#8211; 4x 75Watt &#8211; Schwarz (RMD120BT-B)"},"content":{"rendered":"<div>Das Caliber RMD120BT-B ist die schwarze Version des Autoradios RMD120BT mit Bluetooth\u00ae-Technologie. H\u00f6ren Sie Ihre Lieblingsmusik von Ihrem Smartphone \u00fcber Bluetooth\u00ae-Technologie oder nutzen Sie das Radio als Freisprechanlage. Sie telefonieren \u00fcber die Lautsprecher in Ihrem Auto.<\/div>\n<div><\/div>\n<div><span style=\"font-weight: bold;\">Mehrweg-Musikwiedergabe<\/span><\/div>\n<div>Der RMD120BT-B verf\u00fcgt \u00fcber einen USB-, einen SD-Karten- und einen AUX-Eingang, so dass Sie diese Anschl\u00fcsse auch f\u00fcr die Wiedergabe von Musik von Ihrem Handy nutzen k\u00f6nnen. Dank der lauten maximalen Ausgangsleistung von 4x 75 Watt wird der Sound Ihres Autos Ihre Musik nie \u00fcbert\u00f6nen. Dar\u00fcber hinaus sorgt das A2DP-Bluetooth\u00ae-Technologieprofil f\u00fcr reibungsloses Streaming und gute Klangqualit\u00e4t.<\/div>\n<div><\/div>\n<div><span style=\"font-weight: bold;\">Radio<\/span><\/div>\n<div>Sie k\u00f6nnen Radio h\u00f6ren und 18 UKW-Voreinstellungen vornehmen. Auf diese Weise k\u00f6nnen Sie leicht von einem Sender zum anderen wechseln. Mit der Funktion RDS EON erhalten Sie bei eingeschaltetem Radio immer aktuelle Verkehrsinformationen. Dieses Autoradio hat die Standard 1-DIN Gr\u00f6\u00dfe, so dass Sie Ihr altes Autoradio leicht ersetzen k\u00f6nnen.<\/div>\n","protected":false},"excerpt":{"rendered":"<p>Das Caliber RMD120BT-B ist die schwarze Version des Autoradios RMD120BT mit Bluetooth\u00ae-Technologie. H\u00f6ren Sie Ihre Lieblingsmusik von Ihrem Smartphone \u00fcber Bluetooth\u00ae-Technologie oder nutzen Sie das Radio als Freisprechanlage. Sie telefonieren \u00fcber die Lautsprecher in Ihrem Auto. Mehrweg-Musikwiedergabe Der RMD120BT-B verf\u00fcgt \u00fcber einen USB-, einen SD-Karten- und einen AUX-Eingang, so dass Sie diese Anschl\u00fcsse auch f\u00fcr [&hellip;]<\/p>\n","protected":false},"featured_media":869539,"template":"","meta":{"_acf_changed":false,"site-sidebar-layout":"default","site-content-layout":"","ast-site-content-layout":"default","site-content-style":"default","site-sidebar-style":"default","ast-global-header-display":"","ast-banner-title-visibility":"","ast-main-header-display":"","ast-hfb-above-header-display":"","ast-hfb-below-header-display":"","ast-hfb-mobile-header-display":"","site-post-title":"","ast-breadcrumbs-content":"","ast-featured-img":"","footer-sml-layout":"","theme-transparent-header-meta":"","adv-header-id-meta":"","stick-header-meta":"","header-above-stick-meta":"","header-main-stick-meta":"","header-below-stick-meta":"","astra-migrate-meta-layouts":"default","ast-page-background-enabled":"default","ast-page-background-meta":{"desktop":{"background-color":"","background-image":"","background-repeat":"repeat","background-position":"center center","background-size":"auto","background-attachment":"scroll","background-type":"","background-media":"","overlay-type":"","overlay-color":"","overlay-opacity":"","overlay-gradient":""},"tablet":{"background-color":"","background-image":"","background-repeat":"repeat","background-position":"center center","background-size":"auto","background-attachment":"scroll","background-type":"","background-media":"","overlay-type":"","overlay-color":"","overlay-opacity":"","overlay-gradient":""},"mobile":{"background-color":"","background-image":"","background-repeat":"repeat","background-position":"center center","background-size":"auto","background-attachment":"scroll","background-type":"","background-media":"","overlay-type":"","overlay-color":"","overlay-opacity":"","overlay-gradient":""}},"ast-content-background-meta":{"desktop":{"background-color":"var(--ast-global-color-5)","background-image":"","background-repeat":"repeat","background-position":"center center","background-size":"auto","background-attachment":"scroll","background-type":"","background-media":"","overlay-type":"","overlay-color":"","overlay-opacity":"","overlay-gradient":""},"tablet":{"background-color":"var(--ast-global-color-5)","background-image":"","background-repeat":"repeat","background-position":"center center","background-size":"auto","background-attachment":"scroll","background-type":"","background-media":"","overlay-type":"","overlay-color":"","overlay-opacity":"","overlay-gradient":""},"mobile":{"background-color":"var(--ast-global-color-5)","background-image":"","background-repeat":"repeat","background-position":"center center","background-size":"auto","background-attachment":"scroll","background-type":"","background-media":"","overlay-type":"","overlay-color":"","overlay-opacity":"","overlay-gradient":""}}},"product_brand":[],"product_cat":[22956],"product_tag":[],"class_list":{"0":"post-855984","1":"product","2":"type-product","3":"status-publish","4":"has-post-thumbnail","6":"product_cat-keine-kategorie","7":"desktop-align-center","8":"tablet-align-center","9":"mobile-align-center","10":"ast-product-gallery-layout-horizontal","11":"ast-product-tabs-layout-horizontal","13":"first","14":"instock","15":"taxable","16":"shipping-taxable","17":"purchasable","18":"product-type-simple"},"acf":[],"yoast_head":"<!-- This site is optimized with the Yoast SEO plugin v26.5 - https:\/\/yoast.com\/wordpress\/plugins\/seo\/ -->\n<title>Autoradio - Retro mit Bluetooth\u00ae Technologie - USB - SD - 4x 75Watt - Schwarz (RMD120BT-B) - Caliber Europe B.V.<\/title>\n<meta name=\"robots\" content=\"noindex, follow, max-snippet:-1, max-image-preview:large, max-video-preview:-1\" \/>\n<meta property=\"og:locale\" content=\"de_DE\" \/>\n<meta property=\"og:type\" content=\"article\" \/>\n<meta property=\"og:title\" content=\"Autoradio - Retro mit Bluetooth\u00ae Technologie - USB - SD - 4x 75Watt - Schwarz (RMD120BT-B) - Caliber Europe B.V.\" \/>\n<meta property=\"og:description\" content=\"Das Caliber RMD120BT-B ist die schwarze Version des Autoradios RMD120BT mit Bluetooth\u00ae-Technologie. H\u00f6ren Sie Ihre Lieblingsmusik von Ihrem Smartphone \u00fcber Bluetooth\u00ae-Technologie oder nutzen Sie das Radio als Freisprechanlage. Sie telefonieren \u00fcber die Lautsprecher in Ihrem Auto. Mehrweg-Musikwiedergabe Der RMD120BT-B verf\u00fcgt \u00fcber einen USB-, einen SD-Karten- und einen AUX-Eingang, so dass Sie diese Anschl\u00fcsse auch f\u00fcr [&hellip;]\" \/>\n<meta property=\"og:url\" content=\"https:\/\/b2b.calibereurope.com\/de\/produkt\/rmd120-b-de_de\/\" \/>\n<meta property=\"og:site_name\" content=\"Caliber Europe B.V.\" \/>\n<meta property=\"article:modified_time\" content=\"2025-12-04T14:03:19+00:00\" \/>\n<meta property=\"og:image\" content=\"http:\/\/b2b.calibereurope.com\/wp-content\/uploads\/2025\/02\/86e00fc954ee489a0dad102be2ecdb817ca974a7_RMD120BT_B.jpg\" \/>\n\t<meta property=\"og:image:width\" content=\"640\" \/>\n\t<meta property=\"og:image:height\" content=\"480\" \/>\n\t<meta property=\"og:image:type\" content=\"image\/jpeg\" \/>\n<meta name=\"twitter:card\" content=\"summary_large_image\" \/>\n<meta name=\"twitter:label1\" content=\"Gesch\u00e4tzte Lesezeit\" \/>\n\t<meta name=\"twitter:data1\" content=\"1\u00a0Minute\" \/>\n<script type=\"application\/ld+json\" class=\"yoast-schema-graph\">{\"@context\":\"https:\/\/schema.org\",\"@graph\":[{\"@type\":\"WebPage\",\"@id\":\"https:\/\/b2b.calibereurope.com\/de\/produkt\/rmd120-b-de_de\/\",\"url\":\"https:\/\/b2b.calibereurope.com\/de\/produkt\/rmd120-b-de_de\/\",\"name\":\"Autoradio - Retro mit Bluetooth\u00ae Technologie - USB - SD - 4x 75Watt - Schwarz (RMD120BT-B) - Caliber Europe B.V.\",\"isPartOf\":{\"@id\":\"https:\/\/b2b.calibereurope.com\/#website\"},\"primaryImageOfPage\":{\"@id\":\"https:\/\/b2b.calibereurope.com\/de\/produkt\/rmd120-b-de_de\/#primaryimage\"},\"image\":{\"@id\":\"https:\/\/b2b.calibereurope.com\/de\/produkt\/rmd120-b-de_de\/#primaryimage\"},\"thumbnailUrl\":\"https:\/\/b2b.calibereurope.com\/wp-content\/uploads\/2025\/12\/86e00fc954ee489a0dad102be2ecdb817ca974a7_RMD120BT_B-4.jpg\",\"datePublished\":\"2025-12-04T00:00:00+00:00\",\"dateModified\":\"2025-12-04T14:03:19+00:00\",\"breadcrumb\":{\"@id\":\"https:\/\/b2b.calibereurope.com\/de\/produkt\/rmd120-b-de_de\/#breadcrumb\"},\"inLanguage\":\"de\",\"potentialAction\":[{\"@type\":\"ReadAction\",\"target\":[\"https:\/\/b2b.calibereurope.com\/de\/produkt\/rmd120-b-de_de\/\"]}]},{\"@type\":\"ImageObject\",\"inLanguage\":\"de\",\"@id\":\"https:\/\/b2b.calibereurope.com\/de\/produkt\/rmd120-b-de_de\/#primaryimage\",\"url\":\"https:\/\/b2b.calibereurope.com\/wp-content\/uploads\/2025\/12\/86e00fc954ee489a0dad102be2ecdb817ca974a7_RMD120BT_B-4.jpg\",\"contentUrl\":\"https:\/\/b2b.calibereurope.com\/wp-content\/uploads\/2025\/12\/86e00fc954ee489a0dad102be2ecdb817ca974a7_RMD120BT_B-4.jpg\",\"width\":640,\"height\":480},{\"@type\":\"BreadcrumbList\",\"@id\":\"https:\/\/b2b.calibereurope.com\/de\/produkt\/rmd120-b-de_de\/#breadcrumb\",\"itemListElement\":[{\"@type\":\"ListItem\",\"position\":1,\"name\":\"Home\",\"item\":\"https:\/\/b2b.calibereurope.com\/de\/\"},{\"@type\":\"ListItem\",\"position\":2,\"name\":\"Shop\",\"item\":\"https:\/\/b2b.calibereurope.com\/de\/shop\/\"},{\"@type\":\"ListItem\",\"position\":3,\"name\":\"Autoradio &#8211; Retro mit Bluetooth\u00ae Technologie &#8211; USB &#8211; SD &#8211; 4x 75Watt &#8211; Schwarz (RMD120BT-B)\"}]},{\"@type\":\"WebSite\",\"@id\":\"https:\/\/b2b.calibereurope.com\/#website\",\"url\":\"https:\/\/b2b.calibereurope.com\/\",\"name\":\"Caliber Europe B.V.\",\"description\":\"B2B Webshop\",\"publisher\":{\"@id\":\"https:\/\/b2b.calibereurope.com\/#organization\"},\"potentialAction\":[{\"@type\":\"SearchAction\",\"target\":{\"@type\":\"EntryPoint\",\"urlTemplate\":\"https:\/\/b2b.calibereurope.com\/?s={search_term_string}\"},\"query-input\":{\"@type\":\"PropertyValueSpecification\",\"valueRequired\":true,\"valueName\":\"search_term_string\"}}],\"inLanguage\":\"de\"},{\"@type\":\"Organization\",\"@id\":\"https:\/\/b2b.calibereurope.com\/#organization\",\"name\":\"Caliber Europe B.V.\",\"url\":\"https:\/\/b2b.calibereurope.com\/\",\"logo\":{\"@type\":\"ImageObject\",\"inLanguage\":\"de\",\"@id\":\"https:\/\/b2b.calibereurope.com\/#\/schema\/logo\/image\/\",\"url\":\"https:\/\/b2b.calibereurope.com\/wp-content\/uploads\/2020\/12\/Caliber_Logo-Black.png\",\"contentUrl\":\"https:\/\/b2b.calibereurope.com\/wp-content\/uploads\/2020\/12\/Caliber_Logo-Black.png\",\"width\":3157,\"height\":356,\"caption\":\"Caliber Europe B.V.\"},\"image\":{\"@id\":\"https:\/\/b2b.calibereurope.com\/#\/schema\/logo\/image\/\"}}]}<\/script>\n<!-- \/ Yoast SEO plugin. -->","yoast_head_json":{"title":"Autoradio - Retro mit Bluetooth\u00ae Technologie - USB - SD - 4x 75Watt - Schwarz (RMD120BT-B) - Caliber Europe B.V.","robots":{"index":"noindex","follow":"follow","max-snippet":"max-snippet:-1","max-image-preview":"max-image-preview:large","max-video-preview":"max-video-preview:-1"},"og_locale":"de_DE","og_type":"article","og_title":"Autoradio - Retro mit Bluetooth\u00ae Technologie - USB - SD - 4x 75Watt - Schwarz (RMD120BT-B) - Caliber Europe B.V.","og_description":"Das Caliber RMD120BT-B ist die schwarze Version des Autoradios RMD120BT mit Bluetooth\u00ae-Technologie. H\u00f6ren Sie Ihre Lieblingsmusik von Ihrem Smartphone \u00fcber Bluetooth\u00ae-Technologie oder nutzen Sie das Radio als Freisprechanlage. Sie telefonieren \u00fcber die Lautsprecher in Ihrem Auto. Mehrweg-Musikwiedergabe Der RMD120BT-B verf\u00fcgt \u00fcber einen USB-, einen SD-Karten- und einen AUX-Eingang, so dass Sie diese Anschl\u00fcsse auch f\u00fcr [&hellip;]","og_url":"https:\/\/b2b.calibereurope.com\/de\/produkt\/rmd120-b-de_de\/","og_site_name":"Caliber Europe B.V.","article_modified_time":"2025-12-04T14:03:19+00:00","og_image":[{"width":640,"height":480,"url":"http:\/\/b2b.calibereurope.com\/wp-content\/uploads\/2025\/02\/86e00fc954ee489a0dad102be2ecdb817ca974a7_RMD120BT_B.jpg","type":"image\/jpeg"}],"twitter_card":"summary_large_image","twitter_misc":{"Gesch\u00e4tzte Lesezeit":"1\u00a0Minute"},"schema":{"@context":"https:\/\/schema.org","@graph":[{"@type":"WebPage","@id":"https:\/\/b2b.calibereurope.com\/de\/produkt\/rmd120-b-de_de\/","url":"https:\/\/b2b.calibereurope.com\/de\/produkt\/rmd120-b-de_de\/","name":"Autoradio - Retro mit Bluetooth\u00ae Technologie - USB - SD - 4x 75Watt - Schwarz (RMD120BT-B) - Caliber Europe B.V.","isPartOf":{"@id":"https:\/\/b2b.calibereurope.com\/#website"},"primaryImageOfPage":{"@id":"https:\/\/b2b.calibereurope.com\/de\/produkt\/rmd120-b-de_de\/#primaryimage"},"image":{"@id":"https:\/\/b2b.calibereurope.com\/de\/produkt\/rmd120-b-de_de\/#primaryimage"},"thumbnailUrl":"https:\/\/b2b.calibereurope.com\/wp-content\/uploads\/2025\/12\/86e00fc954ee489a0dad102be2ecdb817ca974a7_RMD120BT_B-4.jpg","datePublished":"2025-12-04T00:00:00+00:00","dateModified":"2025-12-04T14:03:19+00:00","breadcrumb":{"@id":"https:\/\/b2b.calibereurope.com\/de\/produkt\/rmd120-b-de_de\/#breadcrumb"},"inLanguage":"de","potentialAction":[{"@type":"ReadAction","target":["https:\/\/b2b.calibereurope.com\/de\/produkt\/rmd120-b-de_de\/"]}]},{"@type":"ImageObject","inLanguage":"de","@id":"https:\/\/b2b.calibereurope.com\/de\/produkt\/rmd120-b-de_de\/#primaryimage","url":"https:\/\/b2b.calibereurope.com\/wp-content\/uploads\/2025\/12\/86e00fc954ee489a0dad102be2ecdb817ca974a7_RMD120BT_B-4.jpg","contentUrl":"https:\/\/b2b.calibereurope.com\/wp-content\/uploads\/2025\/12\/86e00fc954ee489a0dad102be2ecdb817ca974a7_RMD120BT_B-4.jpg","width":640,"height":480},{"@type":"BreadcrumbList","@id":"https:\/\/b2b.calibereurope.com\/de\/produkt\/rmd120-b-de_de\/#breadcrumb","itemListElement":[{"@type":"ListItem","position":1,"name":"Home","item":"https:\/\/b2b.calibereurope.com\/de\/"},{"@type":"ListItem","position":2,"name":"Shop","item":"https:\/\/b2b.calibereurope.com\/de\/shop\/"},{"@type":"ListItem","position":3,"name":"Autoradio &#8211; Retro mit Bluetooth\u00ae Technologie &#8211; USB &#8211; SD &#8211; 4x 75Watt &#8211; Schwarz (RMD120BT-B)"}]},{"@type":"WebSite","@id":"https:\/\/b2b.calibereurope.com\/#website","url":"https:\/\/b2b.calibereurope.com\/","name":"Caliber Europe B.V.","description":"B2B Webshop","publisher":{"@id":"https:\/\/b2b.calibereurope.com\/#organization"},"potentialAction":[{"@type":"SearchAction","target":{"@type":"EntryPoint","urlTemplate":"https:\/\/b2b.calibereurope.com\/?s={search_term_string}"},"query-input":{"@type":"PropertyValueSpecification","valueRequired":true,"valueName":"search_term_string"}}],"inLanguage":"de"},{"@type":"Organization","@id":"https:\/\/b2b.calibereurope.com\/#organization","name":"Caliber Europe B.V.","url":"https:\/\/b2b.calibereurope.com\/","logo":{"@type":"ImageObject","inLanguage":"de","@id":"https:\/\/b2b.calibereurope.com\/#\/schema\/logo\/image\/","url":"https:\/\/b2b.calibereurope.com\/wp-content\/uploads\/2020\/12\/Caliber_Logo-Black.png","contentUrl":"https:\/\/b2b.calibereurope.com\/wp-content\/uploads\/2020\/12\/Caliber_Logo-Black.png","width":3157,"height":356,"caption":"Caliber Europe B.V."},"image":{"@id":"https:\/\/b2b.calibereurope.com\/#\/schema\/logo\/image\/"}}]}},"_links":{"self":[{"href":"https:\/\/b2b.calibereurope.com\/de\/wp-json\/wp\/v2\/product\/855984","targetHints":{"allow":["GET"]}}],"collection":[{"href":"https:\/\/b2b.calibereurope.com\/de\/wp-json\/wp\/v2\/product"}],"about":[{"href":"https:\/\/b2b.calibereurope.com\/de\/wp-json\/wp\/v2\/types\/product"}],"version-history":[{"count":1,"href":"https:\/\/b2b.calibereurope.com\/de\/wp-json\/wp\/v2\/product\/855984\/revisions"}],"predecessor-version":[{"id":856093,"href":"https:\/\/b2b.calibereurope.com\/de\/wp-json\/wp\/v2\/product\/855984\/revisions\/856093"}],"wp:featuredmedia":[{"embeddable":true,"href":"https:\/\/b2b.calibereurope.com\/de\/wp-json\/wp\/v2\/media\/869539"}],"wp:attachment":[{"href":"https:\/\/b2b.calibereurope.com\/de\/wp-json\/wp\/v2\/media?parent=855984"}],"wp:term":[{"taxonomy":"product_brand","embeddable":true,"href":"https:\/\/b2b.calibereurope.com\/de\/wp-json\/wp\/v2\/product_brand?post=855984"},{"taxonomy":"product_cat","embeddable":true,"href":"https:\/\/b2b.calibereurope.com\/de\/wp-json\/wp\/v2\/product_cat?post=855984"},{"taxonomy":"product_tag","embeddable":true,"href":"https:\/\/b2b.calibereurope.com\/de\/wp-json\/wp\/v2\/product_tag?post=855984"}],"curies":[{"name":"wp","href":"https:\/\/api.w.org\/{rel}","templated":true}]}}