{"id":856048,"date":"2025-12-04T01:00:00","date_gmt":"2025-12-04T00:00:00","guid":{"rendered":"0"},"modified":"2025-12-04T15:06:01","modified_gmt":"2025-12-04T14:06:01","slug":"RMD120DAB-B-de_DE","status":"publish","type":"product","link":"https:\/\/b2b.calibereurope.com\/de\/produkt\/RMD120DAB-B-de_DE\/","title":{"rendered":"Autoradio mit DAB+ &#8211; USB &#8211; Bluetooth\u00ae Technologie 4x 75Watt &#8211; Retro-Look Schwarz verchromt (RMD120DAB-BT-B)"},"content":{"rendered":"<p>Das Caliber RMD120DAB-BT\/B ist die schwarz verchromte Version des Bluetooth\u00ae Technologie-DAB+-Autoradios RMD120DAB-BT. H\u00f6ren Sie Ihre Lieblingsmusik von Ihrem Smartphone \u00fcber Bluetooth\u00ae Technologie oder nutzen Sie das Radio als Freisprechanlage im Auto. Sie rufen \u00fcber die Lautsprecher in Ihrem Auto an.<\/p>\n<p><strong>Musik auf mehrere Arten spielen<\/strong><br \/>\nDer RMD120DAB-BT\/B verf\u00fcgt \u00fcber einen USB-, SD-Karten- und Hilfseingang, so dass Sie \u00fcber diese Anschl\u00fcsse auch Musik von Ihrem Telefon wiedergeben k\u00f6nnen. Dank der lauten Maximalleistung von 4x 75 Watt wird der Klang Ihres Autos Ihre Musik nie \u00fcberw\u00e4ltigen. Dar\u00fcber hinaus sorgt das A2DP-Bluetooth\u00ae Technologie-Profil f\u00fcr fl\u00fcssiges Streaming und gute Tonqualit\u00e4t.<\/p>\n<p><strong>DAB+ Qualit\u00e4t<\/strong><br \/>\nDAB+ hat eine bessere Klangqualit\u00e4t als das \u00e4ltere FM. Der Empfang ist besser und man hat weniger L\u00e4rm. DAB+ bietet mehr Definition im Klang, so dass Sie Ihre Lieblingshits und Radiosendungen mehr genie\u00dfen k\u00f6nnen. <\/p>\n<p><strong>Radio<\/strong><br \/>\n<br \/>H\u00f6ren Sie Radio und stellen Sie 18 FM-Voreinstellungen ein. Auf diese Weise k\u00f6nnen Sie leicht von einer Station zur anderen wechseln. Mit der RDS EON-Funktion erhalten Sie immer aktuelle Verkehrsinformationen, wenn das Radio eingeschaltet ist. Dieses Autoradio hat die Standardgr\u00f6\u00dfe 1-DIN, so dass Sie Ihr altes Autoradio leicht austauschen k\u00f6nnen.<\/p>\n","protected":false},"excerpt":{"rendered":"<p>Das Caliber RMD120DAB-BT\/B ist die schwarz verchromte Version des Bluetooth\u00ae Technologie-DAB+-Autoradios RMD120DAB-BT. H\u00f6ren Sie Ihre Lieblingsmusik von Ihrem Smartphone \u00fcber Bluetooth\u00ae Technologie oder nutzen Sie das Radio als Freisprechanlage im Auto. Sie rufen \u00fcber die Lautsprecher in Ihrem Auto an. Musik auf mehrere Arten spielen Der RMD120DAB-BT\/B verf\u00fcgt \u00fcber einen USB-, SD-Karten- und Hilfseingang, so [&hellip;]<\/p>\n","protected":false},"featured_media":870055,"template":"","meta":{"_acf_changed":false,"site-sidebar-layout":"default","site-content-layout":"","ast-site-content-layout":"default","site-content-style":"default","site-sidebar-style":"default","ast-global-header-display":"","ast-banner-title-visibility":"","ast-main-header-display":"","ast-hfb-above-header-display":"","ast-hfb-below-header-display":"","ast-hfb-mobile-header-display":"","site-post-title":"","ast-breadcrumbs-content":"","ast-featured-img":"","footer-sml-layout":"","theme-transparent-header-meta":"","adv-header-id-meta":"","stick-header-meta":"","header-above-stick-meta":"","header-main-stick-meta":"","header-below-stick-meta":"","astra-migrate-meta-layouts":"default","ast-page-background-enabled":"default","ast-page-background-meta":{"desktop":{"background-color":"","background-image":"","background-repeat":"repeat","background-position":"center center","background-size":"auto","background-attachment":"scroll","background-type":"","background-media":"","overlay-type":"","overlay-color":"","overlay-opacity":"","overlay-gradient":""},"tablet":{"background-color":"","background-image":"","background-repeat":"repeat","background-position":"center center","background-size":"auto","background-attachment":"scroll","background-type":"","background-media":"","overlay-type":"","overlay-color":"","overlay-opacity":"","overlay-gradient":""},"mobile":{"background-color":"","background-image":"","background-repeat":"repeat","background-position":"center center","background-size":"auto","background-attachment":"scroll","background-type":"","background-media":"","overlay-type":"","overlay-color":"","overlay-opacity":"","overlay-gradient":""}},"ast-content-background-meta":{"desktop":{"background-color":"var(--ast-global-color-5)","background-image":"","background-repeat":"repeat","background-position":"center center","background-size":"auto","background-attachment":"scroll","background-type":"","background-media":"","overlay-type":"","overlay-color":"","overlay-opacity":"","overlay-gradient":""},"tablet":{"background-color":"var(--ast-global-color-5)","background-image":"","background-repeat":"repeat","background-position":"center center","background-size":"auto","background-attachment":"scroll","background-type":"","background-media":"","overlay-type":"","overlay-color":"","overlay-opacity":"","overlay-gradient":""},"mobile":{"background-color":"var(--ast-global-color-5)","background-image":"","background-repeat":"repeat","background-position":"center center","background-size":"auto","background-attachment":"scroll","background-type":"","background-media":"","overlay-type":"","overlay-color":"","overlay-opacity":"","overlay-gradient":""}}},"product_brand":[],"product_cat":[22956],"product_tag":[],"class_list":{"0":"post-856048","1":"product","2":"type-product","3":"status-publish","4":"has-post-thumbnail","6":"product_cat-keine-kategorie","7":"desktop-align-center","8":"tablet-align-center","9":"mobile-align-center","10":"ast-product-gallery-layout-horizontal","11":"ast-product-tabs-layout-horizontal","13":"first","14":"instock","15":"taxable","16":"shipping-taxable","17":"purchasable","18":"product-type-simple"},"acf":[],"yoast_head":"<!-- This site is optimized with the Yoast SEO plugin v26.5 - https:\/\/yoast.com\/wordpress\/plugins\/seo\/ -->\n<title>Autoradio mit DAB+ - USB - Bluetooth\u00ae Technologie 4x 75Watt - Retro-Look Schwarz verchromt (RMD120DAB-BT-B) - Caliber Europe B.V.<\/title>\n<meta name=\"robots\" content=\"noindex, follow, max-snippet:-1, max-image-preview:large, max-video-preview:-1\" \/>\n<meta property=\"og:locale\" content=\"de_DE\" \/>\n<meta property=\"og:type\" content=\"article\" \/>\n<meta property=\"og:title\" content=\"Autoradio mit DAB+ - USB - Bluetooth\u00ae Technologie 4x 75Watt - Retro-Look Schwarz verchromt (RMD120DAB-BT-B) - Caliber Europe B.V.\" \/>\n<meta property=\"og:description\" content=\"Das Caliber RMD120DAB-BT\/B ist die schwarz verchromte Version des Bluetooth\u00ae Technologie-DAB+-Autoradios RMD120DAB-BT. H\u00f6ren Sie Ihre Lieblingsmusik von Ihrem Smartphone \u00fcber Bluetooth\u00ae Technologie oder nutzen Sie das Radio als Freisprechanlage im Auto. Sie rufen \u00fcber die Lautsprecher in Ihrem Auto an. Musik auf mehrere Arten spielen Der RMD120DAB-BT\/B verf\u00fcgt \u00fcber einen USB-, SD-Karten- und Hilfseingang, so [&hellip;]\" \/>\n<meta property=\"og:url\" content=\"https:\/\/b2b.calibereurope.com\/de\/produkt\/rmd120dab-b-de_de\/\" \/>\n<meta property=\"og:site_name\" content=\"Caliber Europe B.V.\" \/>\n<meta property=\"article:modified_time\" content=\"2025-12-04T14:06:01+00:00\" \/>\n<meta property=\"og:image\" content=\"http:\/\/b2b.calibereurope.com\/wp-content\/uploads\/2025\/02\/bc02a690bcafbe240d989cc2e71b1cd8deb5f2c8_Caliber_RMD_120_DAB_BT_B_Front-scaled.png\" \/>\n\t<meta property=\"og:image:width\" content=\"2560\" \/>\n\t<meta property=\"og:image:height\" content=\"1707\" \/>\n\t<meta property=\"og:image:type\" content=\"image\/png\" \/>\n<meta name=\"twitter:card\" content=\"summary_large_image\" \/>\n<meta name=\"twitter:label1\" content=\"Gesch\u00e4tzte Lesezeit\" \/>\n\t<meta name=\"twitter:data1\" content=\"1\u00a0Minute\" \/>\n<script type=\"application\/ld+json\" class=\"yoast-schema-graph\">{\"@context\":\"https:\/\/schema.org\",\"@graph\":[{\"@type\":\"WebPage\",\"@id\":\"https:\/\/b2b.calibereurope.com\/de\/produkt\/rmd120dab-b-de_de\/\",\"url\":\"https:\/\/b2b.calibereurope.com\/de\/produkt\/rmd120dab-b-de_de\/\",\"name\":\"Autoradio mit DAB+ - USB - Bluetooth\u00ae Technologie 4x 75Watt - Retro-Look Schwarz verchromt (RMD120DAB-BT-B) - Caliber Europe B.V.\",\"isPartOf\":{\"@id\":\"https:\/\/b2b.calibereurope.com\/#website\"},\"primaryImageOfPage\":{\"@id\":\"https:\/\/b2b.calibereurope.com\/de\/produkt\/rmd120dab-b-de_de\/#primaryimage\"},\"image\":{\"@id\":\"https:\/\/b2b.calibereurope.com\/de\/produkt\/rmd120dab-b-de_de\/#primaryimage\"},\"thumbnailUrl\":\"https:\/\/b2b.calibereurope.com\/wp-content\/uploads\/2025\/12\/bc02a690bcafbe240d989cc2e71b1cd8deb5f2c8_Caliber_RMD_120_DAB_BT_B_Front-4-scaled.png\",\"datePublished\":\"2025-12-04T00:00:00+00:00\",\"dateModified\":\"2025-12-04T14:06:01+00:00\",\"breadcrumb\":{\"@id\":\"https:\/\/b2b.calibereurope.com\/de\/produkt\/rmd120dab-b-de_de\/#breadcrumb\"},\"inLanguage\":\"de\",\"potentialAction\":[{\"@type\":\"ReadAction\",\"target\":[\"https:\/\/b2b.calibereurope.com\/de\/produkt\/rmd120dab-b-de_de\/\"]}]},{\"@type\":\"ImageObject\",\"inLanguage\":\"de\",\"@id\":\"https:\/\/b2b.calibereurope.com\/de\/produkt\/rmd120dab-b-de_de\/#primaryimage\",\"url\":\"https:\/\/b2b.calibereurope.com\/wp-content\/uploads\/2025\/12\/bc02a690bcafbe240d989cc2e71b1cd8deb5f2c8_Caliber_RMD_120_DAB_BT_B_Front-4-scaled.png\",\"contentUrl\":\"https:\/\/b2b.calibereurope.com\/wp-content\/uploads\/2025\/12\/bc02a690bcafbe240d989cc2e71b1cd8deb5f2c8_Caliber_RMD_120_DAB_BT_B_Front-4-scaled.png\",\"width\":2560,\"height\":1707},{\"@type\":\"BreadcrumbList\",\"@id\":\"https:\/\/b2b.calibereurope.com\/de\/produkt\/rmd120dab-b-de_de\/#breadcrumb\",\"itemListElement\":[{\"@type\":\"ListItem\",\"position\":1,\"name\":\"Home\",\"item\":\"https:\/\/b2b.calibereurope.com\/de\/\"},{\"@type\":\"ListItem\",\"position\":2,\"name\":\"Shop\",\"item\":\"https:\/\/b2b.calibereurope.com\/de\/shop\/\"},{\"@type\":\"ListItem\",\"position\":3,\"name\":\"Autoradio mit DAB+ &#8211; USB &#8211; Bluetooth\u00ae Technologie 4x 75Watt &#8211; Retro-Look Schwarz verchromt (RMD120DAB-BT-B)\"}]},{\"@type\":\"WebSite\",\"@id\":\"https:\/\/b2b.calibereurope.com\/#website\",\"url\":\"https:\/\/b2b.calibereurope.com\/\",\"name\":\"Caliber Europe B.V.\",\"description\":\"B2B Webshop\",\"publisher\":{\"@id\":\"https:\/\/b2b.calibereurope.com\/#organization\"},\"potentialAction\":[{\"@type\":\"SearchAction\",\"target\":{\"@type\":\"EntryPoint\",\"urlTemplate\":\"https:\/\/b2b.calibereurope.com\/?s={search_term_string}\"},\"query-input\":{\"@type\":\"PropertyValueSpecification\",\"valueRequired\":true,\"valueName\":\"search_term_string\"}}],\"inLanguage\":\"de\"},{\"@type\":\"Organization\",\"@id\":\"https:\/\/b2b.calibereurope.com\/#organization\",\"name\":\"Caliber Europe B.V.\",\"url\":\"https:\/\/b2b.calibereurope.com\/\",\"logo\":{\"@type\":\"ImageObject\",\"inLanguage\":\"de\",\"@id\":\"https:\/\/b2b.calibereurope.com\/#\/schema\/logo\/image\/\",\"url\":\"https:\/\/b2b.calibereurope.com\/wp-content\/uploads\/2020\/12\/Caliber_Logo-Black.png\",\"contentUrl\":\"https:\/\/b2b.calibereurope.com\/wp-content\/uploads\/2020\/12\/Caliber_Logo-Black.png\",\"width\":3157,\"height\":356,\"caption\":\"Caliber Europe B.V.\"},\"image\":{\"@id\":\"https:\/\/b2b.calibereurope.com\/#\/schema\/logo\/image\/\"}}]}<\/script>\n<!-- \/ Yoast SEO plugin. -->","yoast_head_json":{"title":"Autoradio mit DAB+ - USB - Bluetooth\u00ae Technologie 4x 75Watt - Retro-Look Schwarz verchromt (RMD120DAB-BT-B) - Caliber Europe B.V.","robots":{"index":"noindex","follow":"follow","max-snippet":"max-snippet:-1","max-image-preview":"max-image-preview:large","max-video-preview":"max-video-preview:-1"},"og_locale":"de_DE","og_type":"article","og_title":"Autoradio mit DAB+ - USB - Bluetooth\u00ae Technologie 4x 75Watt - Retro-Look Schwarz verchromt (RMD120DAB-BT-B) - Caliber Europe B.V.","og_description":"Das Caliber RMD120DAB-BT\/B ist die schwarz verchromte Version des Bluetooth\u00ae Technologie-DAB+-Autoradios RMD120DAB-BT. H\u00f6ren Sie Ihre Lieblingsmusik von Ihrem Smartphone \u00fcber Bluetooth\u00ae Technologie oder nutzen Sie das Radio als Freisprechanlage im Auto. Sie rufen \u00fcber die Lautsprecher in Ihrem Auto an. Musik auf mehrere Arten spielen Der RMD120DAB-BT\/B verf\u00fcgt \u00fcber einen USB-, SD-Karten- und Hilfseingang, so [&hellip;]","og_url":"https:\/\/b2b.calibereurope.com\/de\/produkt\/rmd120dab-b-de_de\/","og_site_name":"Caliber Europe B.V.","article_modified_time":"2025-12-04T14:06:01+00:00","og_image":[{"width":2560,"height":1707,"url":"http:\/\/b2b.calibereurope.com\/wp-content\/uploads\/2025\/02\/bc02a690bcafbe240d989cc2e71b1cd8deb5f2c8_Caliber_RMD_120_DAB_BT_B_Front-scaled.png","type":"image\/png"}],"twitter_card":"summary_large_image","twitter_misc":{"Gesch\u00e4tzte Lesezeit":"1\u00a0Minute"},"schema":{"@context":"https:\/\/schema.org","@graph":[{"@type":"WebPage","@id":"https:\/\/b2b.calibereurope.com\/de\/produkt\/rmd120dab-b-de_de\/","url":"https:\/\/b2b.calibereurope.com\/de\/produkt\/rmd120dab-b-de_de\/","name":"Autoradio mit DAB+ - USB - Bluetooth\u00ae Technologie 4x 75Watt - Retro-Look Schwarz verchromt (RMD120DAB-BT-B) - Caliber Europe B.V.","isPartOf":{"@id":"https:\/\/b2b.calibereurope.com\/#website"},"primaryImageOfPage":{"@id":"https:\/\/b2b.calibereurope.com\/de\/produkt\/rmd120dab-b-de_de\/#primaryimage"},"image":{"@id":"https:\/\/b2b.calibereurope.com\/de\/produkt\/rmd120dab-b-de_de\/#primaryimage"},"thumbnailUrl":"https:\/\/b2b.calibereurope.com\/wp-content\/uploads\/2025\/12\/bc02a690bcafbe240d989cc2e71b1cd8deb5f2c8_Caliber_RMD_120_DAB_BT_B_Front-4-scaled.png","datePublished":"2025-12-04T00:00:00+00:00","dateModified":"2025-12-04T14:06:01+00:00","breadcrumb":{"@id":"https:\/\/b2b.calibereurope.com\/de\/produkt\/rmd120dab-b-de_de\/#breadcrumb"},"inLanguage":"de","potentialAction":[{"@type":"ReadAction","target":["https:\/\/b2b.calibereurope.com\/de\/produkt\/rmd120dab-b-de_de\/"]}]},{"@type":"ImageObject","inLanguage":"de","@id":"https:\/\/b2b.calibereurope.com\/de\/produkt\/rmd120dab-b-de_de\/#primaryimage","url":"https:\/\/b2b.calibereurope.com\/wp-content\/uploads\/2025\/12\/bc02a690bcafbe240d989cc2e71b1cd8deb5f2c8_Caliber_RMD_120_DAB_BT_B_Front-4-scaled.png","contentUrl":"https:\/\/b2b.calibereurope.com\/wp-content\/uploads\/2025\/12\/bc02a690bcafbe240d989cc2e71b1cd8deb5f2c8_Caliber_RMD_120_DAB_BT_B_Front-4-scaled.png","width":2560,"height":1707},{"@type":"BreadcrumbList","@id":"https:\/\/b2b.calibereurope.com\/de\/produkt\/rmd120dab-b-de_de\/#breadcrumb","itemListElement":[{"@type":"ListItem","position":1,"name":"Home","item":"https:\/\/b2b.calibereurope.com\/de\/"},{"@type":"ListItem","position":2,"name":"Shop","item":"https:\/\/b2b.calibereurope.com\/de\/shop\/"},{"@type":"ListItem","position":3,"name":"Autoradio mit DAB+ &#8211; USB &#8211; Bluetooth\u00ae Technologie 4x 75Watt &#8211; Retro-Look Schwarz verchromt (RMD120DAB-BT-B)"}]},{"@type":"WebSite","@id":"https:\/\/b2b.calibereurope.com\/#website","url":"https:\/\/b2b.calibereurope.com\/","name":"Caliber Europe B.V.","description":"B2B Webshop","publisher":{"@id":"https:\/\/b2b.calibereurope.com\/#organization"},"potentialAction":[{"@type":"SearchAction","target":{"@type":"EntryPoint","urlTemplate":"https:\/\/b2b.calibereurope.com\/?s={search_term_string}"},"query-input":{"@type":"PropertyValueSpecification","valueRequired":true,"valueName":"search_term_string"}}],"inLanguage":"de"},{"@type":"Organization","@id":"https:\/\/b2b.calibereurope.com\/#organization","name":"Caliber Europe B.V.","url":"https:\/\/b2b.calibereurope.com\/","logo":{"@type":"ImageObject","inLanguage":"de","@id":"https:\/\/b2b.calibereurope.com\/#\/schema\/logo\/image\/","url":"https:\/\/b2b.calibereurope.com\/wp-content\/uploads\/2020\/12\/Caliber_Logo-Black.png","contentUrl":"https:\/\/b2b.calibereurope.com\/wp-content\/uploads\/2020\/12\/Caliber_Logo-Black.png","width":3157,"height":356,"caption":"Caliber Europe B.V."},"image":{"@id":"https:\/\/b2b.calibereurope.com\/#\/schema\/logo\/image\/"}}]}},"_links":{"self":[{"href":"https:\/\/b2b.calibereurope.com\/de\/wp-json\/wp\/v2\/product\/856048","targetHints":{"allow":["GET"]}}],"collection":[{"href":"https:\/\/b2b.calibereurope.com\/de\/wp-json\/wp\/v2\/product"}],"about":[{"href":"https:\/\/b2b.calibereurope.com\/de\/wp-json\/wp\/v2\/types\/product"}],"version-history":[{"count":1,"href":"https:\/\/b2b.calibereurope.com\/de\/wp-json\/wp\/v2\/product\/856048\/revisions"}],"predecessor-version":[{"id":856086,"href":"https:\/\/b2b.calibereurope.com\/de\/wp-json\/wp\/v2\/product\/856048\/revisions\/856086"}],"wp:featuredmedia":[{"embeddable":true,"href":"https:\/\/b2b.calibereurope.com\/de\/wp-json\/wp\/v2\/media\/870055"}],"wp:attachment":[{"href":"https:\/\/b2b.calibereurope.com\/de\/wp-json\/wp\/v2\/media?parent=856048"}],"wp:term":[{"taxonomy":"product_brand","embeddable":true,"href":"https:\/\/b2b.calibereurope.com\/de\/wp-json\/wp\/v2\/product_brand?post=856048"},{"taxonomy":"product_cat","embeddable":true,"href":"https:\/\/b2b.calibereurope.com\/de\/wp-json\/wp\/v2\/product_cat?post=856048"},{"taxonomy":"product_tag","embeddable":true,"href":"https:\/\/b2b.calibereurope.com\/de\/wp-json\/wp\/v2\/product_tag?post=856048"}],"curies":[{"name":"wp","href":"https:\/\/api.w.org\/{rel}","templated":true}]}}