{"id":865625,"date":"2026-04-20T02:00:00","date_gmt":"2026-04-20T00:00:00","guid":{"rendered":"0"},"modified":"2026-04-20T10:48:52","modified_gmt":"2026-04-20T08:48:52","slug":"RMD941DAB-CMR-de_DE","status":"publish","type":"product","link":"https:\/\/b2b.calibereurope.com\/de\/produkt\/RMD941DAB-CMR-de_DE\/","title":{"rendered":"Autoradio 1 din Apple CarPlay mirroring DAB+ (RMD941DAB-CMR)"},"content":{"rendered":"<p>\nDieses Apple CarPlay\u00ae 1 DIN-Autoradio ist das erste unserer neuen Generation, das auch eine HD-R\u00fcckfahrkamera enth\u00e4lt. Das RMD941DAB-CMR wird zu Ihrem neuen Begleiter, sodass Sie die R\u00fcckansicht auf einem breiten Bildschirm nutzen k\u00f6nnen, um Ihre Man\u00f6ver zu erleichtern. Dank der Autolink Pro-App k\u00f6nnen Sie alle Apps Ihres Android-Smartphones verbinden und per Mirroring (Bildschirmspiegelung) nutzen.<\/p>\n<p><\/p>\n<\/p>\n<p><strong>Eigenschaften:<\/strong><\/p>\n<ul>\n<li><strong>Maximale Leistung:<\/strong> 4x 100 W<\/li>\n<li><strong>Display:<\/strong> kapazitiver Touchscreen 6,36&#39;&#39; (IPS), 1280&#215;452 Pixel<\/li>\n<li><strong>Apple CarPlay\u00ae:<\/strong> drahtlos<\/li>\n<li><strong>Android Mirroring:<\/strong> drahtlose Bildschirmspiegelung \u00fcber Autolink Pro<\/li>\n<li><strong>Tuner:<\/strong> DAB+\/AM\/FM\/RDS (inklusive DAB+-Antenne)<\/li>\n<li><strong>Sendersuche:<\/strong> automatische Suche und Auswahl von DAB- und FM-Sendern<\/li>\n<li><strong>Bluetooth\u00ae:<\/strong> Freisprecheinrichtung, internes und externes Mikrofon<\/li>\n<li><strong>Medien:<\/strong> USB-\/Micro-SD-Player (bis 64 GB), AUX-Eingang<\/li>\n<li><strong>Dateiformate:<\/strong> MP3, MPEG4, DivX, WMA, JPEG, FLAC, AAC<\/li>\n<li><strong>Kameraanschl\u00fcsse:<\/strong> f\u00fcr R\u00fcckfahr- und Frontkamera (automatische Aktivierung der R\u00fcckfahrkamera, 1x 720AHD Kamera im Lieferumfang)<\/li>\n<li><strong>Equalizer:<\/strong> Multiband<\/li>\n<li><strong>RCA-Eing\u00e4nge:<\/strong> Audio\/Video<\/li>\n<li><strong>RCA-Anschl\u00fcsse:<\/strong> vorne und hinten<\/li>\n<li><strong>Ausg\u00e4nge:<\/strong> Audio\/Video<\/li>\n<li><strong>USB-C:<\/strong> Ladeanschluss 5V \/ 1,5 A<\/li>\n<li><strong>Anschluss:<\/strong> integrierter ISO-Anschluss<\/li>\n<li><strong>Bedienung:<\/strong> inklusive Fernbedienung<\/li>\n<\/ul>\n<h3>Zus\u00e4tzliche Informationen<\/h3>\n<p>\nMitgeliefertes Zubeh\u00f6r: 1 R\u00fcckfahrkamera (720 AHD), 1 Fernbedienung, 1 Bedienungsanleitung, 1 externes Mikrofon (3 m Kabel), 1 DAB+-Antenne, Installationszubeh\u00f6r.<\/p>\n","protected":false},"excerpt":{"rendered":"<p>Dieses Apple CarPlay\u00ae 1 DIN-Autoradio ist das erste unserer neuen Generation, das auch eine HD-R\u00fcckfahrkamera enth\u00e4lt. Das RMD941DAB-CMR wird zu Ihrem neuen Begleiter, sodass Sie die R\u00fcckansicht auf einem breiten Bildschirm nutzen k\u00f6nnen, um Ihre Man\u00f6ver zu erleichtern. Dank der Autolink Pro-App k\u00f6nnen Sie alle Apps Ihres Android-Smartphones verbinden und per Mirroring (Bildschirmspiegelung) nutzen. Eigenschaften: [&hellip;]<\/p>\n","protected":false},"featured_media":873658,"template":"","meta":{"_acf_changed":false,"site-sidebar-layout":"default","site-content-layout":"","ast-site-content-layout":"default","site-content-style":"default","site-sidebar-style":"default","ast-global-header-display":"","ast-banner-title-visibility":"","ast-main-header-display":"","ast-hfb-above-header-display":"","ast-hfb-below-header-display":"","ast-hfb-mobile-header-display":"","site-post-title":"","ast-breadcrumbs-content":"","ast-featured-img":"","footer-sml-layout":"","theme-transparent-header-meta":"","adv-header-id-meta":"","stick-header-meta":"","header-above-stick-meta":"","header-main-stick-meta":"","header-below-stick-meta":"","astra-migrate-meta-layouts":"default","ast-page-background-enabled":"default","ast-page-background-meta":{"desktop":{"background-color":"","background-image":"","background-repeat":"repeat","background-position":"center center","background-size":"auto","background-attachment":"scroll","background-type":"","background-media":"","overlay-type":"","overlay-color":"","overlay-opacity":"","overlay-gradient":""},"tablet":{"background-color":"","background-image":"","background-repeat":"repeat","background-position":"center center","background-size":"auto","background-attachment":"scroll","background-type":"","background-media":"","overlay-type":"","overlay-color":"","overlay-opacity":"","overlay-gradient":""},"mobile":{"background-color":"","background-image":"","background-repeat":"repeat","background-position":"center center","background-size":"auto","background-attachment":"scroll","background-type":"","background-media":"","overlay-type":"","overlay-color":"","overlay-opacity":"","overlay-gradient":""}},"ast-content-background-meta":{"desktop":{"background-color":"var(--ast-global-color-5)","background-image":"","background-repeat":"repeat","background-position":"center center","background-size":"auto","background-attachment":"scroll","background-type":"","background-media":"","overlay-type":"","overlay-color":"","overlay-opacity":"","overlay-gradient":""},"tablet":{"background-color":"var(--ast-global-color-5)","background-image":"","background-repeat":"repeat","background-position":"center center","background-size":"auto","background-attachment":"scroll","background-type":"","background-media":"","overlay-type":"","overlay-color":"","overlay-opacity":"","overlay-gradient":""},"mobile":{"background-color":"var(--ast-global-color-5)","background-image":"","background-repeat":"repeat","background-position":"center center","background-size":"auto","background-attachment":"scroll","background-type":"","background-media":"","overlay-type":"","overlay-color":"","overlay-opacity":"","overlay-gradient":""}}},"product_brand":[],"product_cat":[12139,12171],"product_tag":[],"class_list":{"0":"post-865625","1":"product","2":"type-product","3":"status-publish","4":"has-post-thumbnail","6":"product_cat-auto_de_de","7":"product_cat-radios_auto_de_de","8":"desktop-align-center","9":"tablet-align-center","10":"mobile-align-center","11":"ast-product-gallery-layout-horizontal","12":"ast-product-gallery-with-no-image","13":"ast-product-tabs-layout-horizontal","15":"first","16":"onbackorder","17":"taxable","18":"shipping-taxable","19":"purchasable","20":"product-type-simple"},"acf":[],"yoast_head":"<!-- This site is optimized with the Yoast SEO plugin v26.5 - https:\/\/yoast.com\/wordpress\/plugins\/seo\/ -->\n<title>Autoradio 1 din Apple CarPlay mirroring DAB+ (RMD941DAB-CMR) - Caliber Europe B.V.<\/title>\n<meta name=\"robots\" content=\"noindex, follow, max-snippet:-1, max-image-preview:large, max-video-preview:-1\" \/>\n<meta property=\"og:locale\" content=\"de_DE\" \/>\n<meta property=\"og:type\" content=\"article\" \/>\n<meta property=\"og:title\" content=\"Autoradio 1 din Apple CarPlay mirroring DAB+ (RMD941DAB-CMR) - Caliber Europe B.V.\" \/>\n<meta property=\"og:description\" content=\"Dieses Apple CarPlay\u00ae 1 DIN-Autoradio ist das erste unserer neuen Generation, das auch eine HD-R\u00fcckfahrkamera enth\u00e4lt. Das RMD941DAB-CMR wird zu Ihrem neuen Begleiter, sodass Sie die R\u00fcckansicht auf einem breiten Bildschirm nutzen k\u00f6nnen, um Ihre Man\u00f6ver zu erleichtern. Dank der Autolink Pro-App k\u00f6nnen Sie alle Apps Ihres Android-Smartphones verbinden und per Mirroring (Bildschirmspiegelung) nutzen. Eigenschaften: [&hellip;]\" \/>\n<meta property=\"og:url\" content=\"https:\/\/b2b.calibereurope.com\/product\/rmd941dab-cmr-de_de\/\" \/>\n<meta property=\"og:site_name\" content=\"Caliber Europe B.V.\" \/>\n<meta property=\"article:modified_time\" content=\"2026-04-20T08:48:52+00:00\" \/>\n<meta name=\"twitter:card\" content=\"summary_large_image\" \/>\n<meta name=\"twitter:label1\" content=\"Gesch\u00e4tzte Lesezeit\" \/>\n\t<meta name=\"twitter:data1\" content=\"1\u00a0Minute\" \/>\n<script type=\"application\/ld+json\" class=\"yoast-schema-graph\">{\"@context\":\"https:\/\/schema.org\",\"@graph\":[{\"@type\":\"WebPage\",\"@id\":\"https:\/\/b2b.calibereurope.com\/product\/rmd941dab-cmr-de_de\/\",\"url\":\"https:\/\/b2b.calibereurope.com\/product\/rmd941dab-cmr-de_de\/\",\"name\":\"Autoradio 1 din Apple CarPlay mirroring DAB+ (RMD941DAB-CMR) - Caliber Europe B.V.\",\"isPartOf\":{\"@id\":\"https:\/\/b2b.calibereurope.com\/#website\"},\"primaryImageOfPage\":{\"@id\":\"https:\/\/b2b.calibereurope.com\/product\/rmd941dab-cmr-de_de\/#primaryimage\"},\"image\":{\"@id\":\"https:\/\/b2b.calibereurope.com\/product\/rmd941dab-cmr-de_de\/#primaryimage\"},\"thumbnailUrl\":\"https:\/\/b2b.calibereurope.com\/wp-content\/uploads\/2026\/04\/7b9d4223250c281ba51b0d27228aa53c652ac871_RMD941DAB_CMR_front_carplay_with_camera-4.jpg\",\"datePublished\":\"2026-04-20T00:00:00+00:00\",\"dateModified\":\"2026-04-20T08:48:52+00:00\",\"breadcrumb\":{\"@id\":\"https:\/\/b2b.calibereurope.com\/product\/rmd941dab-cmr-de_de\/#breadcrumb\"},\"inLanguage\":\"de\",\"potentialAction\":[{\"@type\":\"ReadAction\",\"target\":[\"https:\/\/b2b.calibereurope.com\/product\/rmd941dab-cmr-de_de\/\"]}]},{\"@type\":\"ImageObject\",\"inLanguage\":\"de\",\"@id\":\"https:\/\/b2b.calibereurope.com\/product\/rmd941dab-cmr-de_de\/#primaryimage\",\"url\":\"https:\/\/b2b.calibereurope.com\/wp-content\/uploads\/2026\/04\/7b9d4223250c281ba51b0d27228aa53c652ac871_RMD941DAB_CMR_front_carplay_with_camera-4.jpg\",\"contentUrl\":\"https:\/\/b2b.calibereurope.com\/wp-content\/uploads\/2026\/04\/7b9d4223250c281ba51b0d27228aa53c652ac871_RMD941DAB_CMR_front_carplay_with_camera-4.jpg\",\"width\":2000,\"height\":2000},{\"@type\":\"BreadcrumbList\",\"@id\":\"https:\/\/b2b.calibereurope.com\/product\/rmd941dab-cmr-de_de\/#breadcrumb\",\"itemListElement\":[{\"@type\":\"ListItem\",\"position\":1,\"name\":\"Home\",\"item\":\"https:\/\/b2b.calibereurope.com\/de\/\"},{\"@type\":\"ListItem\",\"position\":2,\"name\":\"Shop\",\"item\":\"https:\/\/b2b.calibereurope.com\/de\/shop\/\"},{\"@type\":\"ListItem\",\"position\":3,\"name\":\"RMD941DAB-CMR\"}]},{\"@type\":\"WebSite\",\"@id\":\"https:\/\/b2b.calibereurope.com\/#website\",\"url\":\"https:\/\/b2b.calibereurope.com\/\",\"name\":\"Caliber Europe B.V.\",\"description\":\"B2B Webshop\",\"publisher\":{\"@id\":\"https:\/\/b2b.calibereurope.com\/#organization\"},\"potentialAction\":[{\"@type\":\"SearchAction\",\"target\":{\"@type\":\"EntryPoint\",\"urlTemplate\":\"https:\/\/b2b.calibereurope.com\/?s={search_term_string}\"},\"query-input\":{\"@type\":\"PropertyValueSpecification\",\"valueRequired\":true,\"valueName\":\"search_term_string\"}}],\"inLanguage\":\"de\"},{\"@type\":\"Organization\",\"@id\":\"https:\/\/b2b.calibereurope.com\/#organization\",\"name\":\"Caliber Europe B.V.\",\"url\":\"https:\/\/b2b.calibereurope.com\/\",\"logo\":{\"@type\":\"ImageObject\",\"inLanguage\":\"de\",\"@id\":\"https:\/\/b2b.calibereurope.com\/#\/schema\/logo\/image\/\",\"url\":\"https:\/\/b2b.calibereurope.com\/wp-content\/uploads\/2020\/12\/Caliber_Logo-Black.png\",\"contentUrl\":\"https:\/\/b2b.calibereurope.com\/wp-content\/uploads\/2020\/12\/Caliber_Logo-Black.png\",\"width\":3157,\"height\":356,\"caption\":\"Caliber Europe B.V.\"},\"image\":{\"@id\":\"https:\/\/b2b.calibereurope.com\/#\/schema\/logo\/image\/\"}}]}<\/script>\n<!-- \/ Yoast SEO plugin. -->","yoast_head_json":{"title":"Autoradio 1 din Apple CarPlay mirroring DAB+ (RMD941DAB-CMR) - Caliber Europe B.V.","robots":{"index":"noindex","follow":"follow","max-snippet":"max-snippet:-1","max-image-preview":"max-image-preview:large","max-video-preview":"max-video-preview:-1"},"og_locale":"de_DE","og_type":"article","og_title":"Autoradio 1 din Apple CarPlay mirroring DAB+ (RMD941DAB-CMR) - Caliber Europe B.V.","og_description":"Dieses Apple CarPlay\u00ae 1 DIN-Autoradio ist das erste unserer neuen Generation, das auch eine HD-R\u00fcckfahrkamera enth\u00e4lt. Das RMD941DAB-CMR wird zu Ihrem neuen Begleiter, sodass Sie die R\u00fcckansicht auf einem breiten Bildschirm nutzen k\u00f6nnen, um Ihre Man\u00f6ver zu erleichtern. Dank der Autolink Pro-App k\u00f6nnen Sie alle Apps Ihres Android-Smartphones verbinden und per Mirroring (Bildschirmspiegelung) nutzen. Eigenschaften: [&hellip;]","og_url":"https:\/\/b2b.calibereurope.com\/product\/rmd941dab-cmr-de_de\/","og_site_name":"Caliber Europe B.V.","article_modified_time":"2026-04-20T08:48:52+00:00","twitter_card":"summary_large_image","twitter_misc":{"Gesch\u00e4tzte Lesezeit":"1\u00a0Minute"},"schema":{"@context":"https:\/\/schema.org","@graph":[{"@type":"WebPage","@id":"https:\/\/b2b.calibereurope.com\/product\/rmd941dab-cmr-de_de\/","url":"https:\/\/b2b.calibereurope.com\/product\/rmd941dab-cmr-de_de\/","name":"Autoradio 1 din Apple CarPlay mirroring DAB+ (RMD941DAB-CMR) - Caliber Europe B.V.","isPartOf":{"@id":"https:\/\/b2b.calibereurope.com\/#website"},"primaryImageOfPage":{"@id":"https:\/\/b2b.calibereurope.com\/product\/rmd941dab-cmr-de_de\/#primaryimage"},"image":{"@id":"https:\/\/b2b.calibereurope.com\/product\/rmd941dab-cmr-de_de\/#primaryimage"},"thumbnailUrl":"https:\/\/b2b.calibereurope.com\/wp-content\/uploads\/2026\/04\/7b9d4223250c281ba51b0d27228aa53c652ac871_RMD941DAB_CMR_front_carplay_with_camera-4.jpg","datePublished":"2026-04-20T00:00:00+00:00","dateModified":"2026-04-20T08:48:52+00:00","breadcrumb":{"@id":"https:\/\/b2b.calibereurope.com\/product\/rmd941dab-cmr-de_de\/#breadcrumb"},"inLanguage":"de","potentialAction":[{"@type":"ReadAction","target":["https:\/\/b2b.calibereurope.com\/product\/rmd941dab-cmr-de_de\/"]}]},{"@type":"ImageObject","inLanguage":"de","@id":"https:\/\/b2b.calibereurope.com\/product\/rmd941dab-cmr-de_de\/#primaryimage","url":"https:\/\/b2b.calibereurope.com\/wp-content\/uploads\/2026\/04\/7b9d4223250c281ba51b0d27228aa53c652ac871_RMD941DAB_CMR_front_carplay_with_camera-4.jpg","contentUrl":"https:\/\/b2b.calibereurope.com\/wp-content\/uploads\/2026\/04\/7b9d4223250c281ba51b0d27228aa53c652ac871_RMD941DAB_CMR_front_carplay_with_camera-4.jpg","width":2000,"height":2000},{"@type":"BreadcrumbList","@id":"https:\/\/b2b.calibereurope.com\/product\/rmd941dab-cmr-de_de\/#breadcrumb","itemListElement":[{"@type":"ListItem","position":1,"name":"Home","item":"https:\/\/b2b.calibereurope.com\/de\/"},{"@type":"ListItem","position":2,"name":"Shop","item":"https:\/\/b2b.calibereurope.com\/de\/shop\/"},{"@type":"ListItem","position":3,"name":"RMD941DAB-CMR"}]},{"@type":"WebSite","@id":"https:\/\/b2b.calibereurope.com\/#website","url":"https:\/\/b2b.calibereurope.com\/","name":"Caliber Europe B.V.","description":"B2B Webshop","publisher":{"@id":"https:\/\/b2b.calibereurope.com\/#organization"},"potentialAction":[{"@type":"SearchAction","target":{"@type":"EntryPoint","urlTemplate":"https:\/\/b2b.calibereurope.com\/?s={search_term_string}"},"query-input":{"@type":"PropertyValueSpecification","valueRequired":true,"valueName":"search_term_string"}}],"inLanguage":"de"},{"@type":"Organization","@id":"https:\/\/b2b.calibereurope.com\/#organization","name":"Caliber Europe B.V.","url":"https:\/\/b2b.calibereurope.com\/","logo":{"@type":"ImageObject","inLanguage":"de","@id":"https:\/\/b2b.calibereurope.com\/#\/schema\/logo\/image\/","url":"https:\/\/b2b.calibereurope.com\/wp-content\/uploads\/2020\/12\/Caliber_Logo-Black.png","contentUrl":"https:\/\/b2b.calibereurope.com\/wp-content\/uploads\/2020\/12\/Caliber_Logo-Black.png","width":3157,"height":356,"caption":"Caliber Europe B.V."},"image":{"@id":"https:\/\/b2b.calibereurope.com\/#\/schema\/logo\/image\/"}}]}},"_links":{"self":[{"href":"https:\/\/b2b.calibereurope.com\/de\/wp-json\/wp\/v2\/product\/865625","targetHints":{"allow":["GET"]}}],"collection":[{"href":"https:\/\/b2b.calibereurope.com\/de\/wp-json\/wp\/v2\/product"}],"about":[{"href":"https:\/\/b2b.calibereurope.com\/de\/wp-json\/wp\/v2\/types\/product"}],"version-history":[{"count":0,"href":"https:\/\/b2b.calibereurope.com\/de\/wp-json\/wp\/v2\/product\/865625\/revisions"}],"wp:featuredmedia":[{"embeddable":true,"href":"https:\/\/b2b.calibereurope.com\/de\/wp-json\/wp\/v2\/media\/873658"}],"wp:attachment":[{"href":"https:\/\/b2b.calibereurope.com\/de\/wp-json\/wp\/v2\/media?parent=865625"}],"wp:term":[{"taxonomy":"product_brand","embeddable":true,"href":"https:\/\/b2b.calibereurope.com\/de\/wp-json\/wp\/v2\/product_brand?post=865625"},{"taxonomy":"product_cat","embeddable":true,"href":"https:\/\/b2b.calibereurope.com\/de\/wp-json\/wp\/v2\/product_cat?post=865625"},{"taxonomy":"product_tag","embeddable":true,"href":"https:\/\/b2b.calibereurope.com\/de\/wp-json\/wp\/v2\/product_tag?post=865625"}],"curies":[{"name":"wp","href":"https:\/\/api.w.org\/{rel}","templated":true}]}}