{"id":865629,"date":"2026-04-16T02:00:00","date_gmt":"2026-04-16T00:00:00","guid":{"rendered":"0"},"modified":"2026-04-16T06:48:00","modified_gmt":"2026-04-16T04:48:00","slug":"RMD910DAB-CMR-de_DE","status":"publish","type":"product","link":"https:\/\/b2b.calibereurope.com\/de\/produkt\/RMD910DAB-CMR-de_DE\/","title":{"rendered":"Autoradio Apple CarPlay, mirroring Android DAB+ (RMD910DAB-CMR)"},"content":{"rendered":"<p>\nDieses 1-DIN-DAB-Autoradio erg\u00e4nzt das Apple CarPlay\u00ae-Sortiment und ist standardm\u00e4\u00dfig mit einer HD-R\u00fcckfahrkamera ausgestattet, die beim R\u00fcckw\u00e4rtsfahren automatisch aktiviert wird. Als zus\u00e4tzliche Option ist ein Anschluss f\u00fcr eine zweite HD-Kamera an der Vorderseite vorgesehen. Mit der kostenlosen Autolink Pro-App k\u00f6nnen Sie Ihr Android-Smartphone verbinden und den Bildschirm Ihres Telefons \u00fcber das Autoradio anzeigen und bedienen (Mirroring). Selbstverst\u00e4ndlich ist Freisprechen eine Standardfunktion. Damit ist das RMD910DAB-CMR die perfekte Erg\u00e4nzung zu Ihrem Smartphone in Ihrem Auto.<\/p>\n<p><\/p>\n<\/p>\n<p><strong>Eigenschaften:<\/strong><\/p>\n<ul>\n<li><strong>Maximale Leistung:<\/strong> 4x 100 W<\/li>\n<li><strong>Display:<\/strong> kapazitiver Touchscreen 10,1&#39;&#39; TFT, 1280&#215;720 Pixel<\/li>\n<li><strong>Apple CarPlay\u00ae:<\/strong> drahtlos<\/li>\n<li><strong>Android Mirroring:<\/strong> drahtlose Bildschirmspiegelung inkl. Steuerung \u00fcber Autolink Pro<\/li>\n<li><strong>Tuner:<\/strong> DAB+\/AM\/FM\/RDS (aktive DAB-Antenne im Lieferumfang enthalten)<\/li>\n<li><strong>Einbauformat:<\/strong> 1 DIN<\/li>\n<li><strong>Verstellbarer Bildschirm:<\/strong> neigbar nach rechts, links, oben und unten sowie h\u00f6henverstellbar f\u00fcr optimale Positionierung<\/li>\n<li><strong>Bluetooth\u00ae:<\/strong> Freisprecheinrichtung, externes Mikrofon<\/li>\n<li><strong>Medien:<\/strong> USB-Player (bis 64 GB) und AUX-Eingang<\/li>\n<li><strong>Dateiformate:<\/strong> MP3, MPEG4, DivX, WMA, JPEG, FLAC, AAC<\/li>\n<li><strong>R\u00fcckfahrsystem:<\/strong> automatische Aktivierung beim Einlegen des R\u00fcckw\u00e4rtsgangs<\/li>\n<li><strong>Kamera:<\/strong> hochwertige 720p AHD-Kamera f\u00fcr klare Sicht beim Vorw\u00e4rts- und R\u00fcckw\u00e4rtsman\u00f6vrieren<\/li>\n<li><strong>Equalizer:<\/strong> Multiband<\/li>\n<li><strong>RCA-Eing\u00e4nge:<\/strong> Audio und Video<\/li>\n<li><strong>RCA-Ausg\u00e4nge:<\/strong> vorne, hinten und Subwoofer<\/li>\n<li><strong>RCA-Ausgang:<\/strong> Audio\/Video<\/li>\n<li><strong>Bedienung:<\/strong> inklusive Fernbedienung<\/li>\n<li><strong>Anschluss:<\/strong> ISO-Anschluss<\/li>\n<\/ul>\n<h3>Zus\u00e4tzliche Informationen<\/h3>\n<p>\nMitgeliefertes Zubeh\u00f6r: 1 R\u00fcckfahrkamera, 1 Fernbedienung, 1 Bedienungsanleitung, 1 externes Mikrofon (3 m Kabel), 1 aktive DAB-Antenne und Installationszubeh\u00f6r.<\/p>\n","protected":false},"excerpt":{"rendered":"<p>Dieses 1-DIN-DAB-Autoradio erg\u00e4nzt das Apple CarPlay\u00ae-Sortiment und ist standardm\u00e4\u00dfig mit einer HD-R\u00fcckfahrkamera ausgestattet, die beim R\u00fcckw\u00e4rtsfahren automatisch aktiviert wird. Als zus\u00e4tzliche Option ist ein Anschluss f\u00fcr eine zweite HD-Kamera an der Vorderseite vorgesehen. Mit der kostenlosen Autolink Pro-App k\u00f6nnen Sie Ihr Android-Smartphone verbinden und den Bildschirm Ihres Telefons \u00fcber das Autoradio anzeigen und bedienen (Mirroring). [&hellip;]<\/p>\n","protected":false},"featured_media":873545,"template":"","meta":{"_acf_changed":false,"site-sidebar-layout":"default","site-content-layout":"","ast-site-content-layout":"default","site-content-style":"default","site-sidebar-style":"default","ast-global-header-display":"","ast-banner-title-visibility":"","ast-main-header-display":"","ast-hfb-above-header-display":"","ast-hfb-below-header-display":"","ast-hfb-mobile-header-display":"","site-post-title":"","ast-breadcrumbs-content":"","ast-featured-img":"","footer-sml-layout":"","theme-transparent-header-meta":"","adv-header-id-meta":"","stick-header-meta":"","header-above-stick-meta":"","header-main-stick-meta":"","header-below-stick-meta":"","astra-migrate-meta-layouts":"default","ast-page-background-enabled":"default","ast-page-background-meta":{"desktop":{"background-color":"","background-image":"","background-repeat":"repeat","background-position":"center center","background-size":"auto","background-attachment":"scroll","background-type":"","background-media":"","overlay-type":"","overlay-color":"","overlay-opacity":"","overlay-gradient":""},"tablet":{"background-color":"","background-image":"","background-repeat":"repeat","background-position":"center center","background-size":"auto","background-attachment":"scroll","background-type":"","background-media":"","overlay-type":"","overlay-color":"","overlay-opacity":"","overlay-gradient":""},"mobile":{"background-color":"","background-image":"","background-repeat":"repeat","background-position":"center center","background-size":"auto","background-attachment":"scroll","background-type":"","background-media":"","overlay-type":"","overlay-color":"","overlay-opacity":"","overlay-gradient":""}},"ast-content-background-meta":{"desktop":{"background-color":"var(--ast-global-color-5)","background-image":"","background-repeat":"repeat","background-position":"center center","background-size":"auto","background-attachment":"scroll","background-type":"","background-media":"","overlay-type":"","overlay-color":"","overlay-opacity":"","overlay-gradient":""},"tablet":{"background-color":"var(--ast-global-color-5)","background-image":"","background-repeat":"repeat","background-position":"center center","background-size":"auto","background-attachment":"scroll","background-type":"","background-media":"","overlay-type":"","overlay-color":"","overlay-opacity":"","overlay-gradient":""},"mobile":{"background-color":"var(--ast-global-color-5)","background-image":"","background-repeat":"repeat","background-position":"center center","background-size":"auto","background-attachment":"scroll","background-type":"","background-media":"","overlay-type":"","overlay-color":"","overlay-opacity":"","overlay-gradient":""}}},"product_brand":[],"product_cat":[12139,12171],"product_tag":[],"class_list":{"0":"post-865629","1":"product","2":"type-product","3":"status-publish","4":"has-post-thumbnail","6":"product_cat-auto_de_de","7":"product_cat-radios_auto_de_de","8":"desktop-align-center","9":"tablet-align-center","10":"mobile-align-center","11":"ast-product-gallery-layout-horizontal","12":"ast-product-gallery-with-no-image","13":"ast-product-tabs-layout-horizontal","15":"first","16":"onbackorder","17":"taxable","18":"shipping-taxable","19":"purchasable","20":"product-type-simple"},"acf":[],"yoast_head":"<!-- This site is optimized with the Yoast SEO plugin v26.5 - https:\/\/yoast.com\/wordpress\/plugins\/seo\/ -->\n<title>Autoradio Apple CarPlay, mirroring Android DAB+ (RMD910DAB-CMR) - Caliber Europe B.V.<\/title>\n<meta name=\"robots\" content=\"noindex, follow, max-snippet:-1, max-image-preview:large, max-video-preview:-1\" \/>\n<meta property=\"og:locale\" content=\"de_DE\" \/>\n<meta property=\"og:type\" content=\"article\" \/>\n<meta property=\"og:title\" content=\"Autoradio Apple CarPlay, mirroring Android DAB+ (RMD910DAB-CMR) - Caliber Europe B.V.\" \/>\n<meta property=\"og:description\" content=\"Dieses 1-DIN-DAB-Autoradio erg\u00e4nzt das Apple CarPlay\u00ae-Sortiment und ist standardm\u00e4\u00dfig mit einer HD-R\u00fcckfahrkamera ausgestattet, die beim R\u00fcckw\u00e4rtsfahren automatisch aktiviert wird. Als zus\u00e4tzliche Option ist ein Anschluss f\u00fcr eine zweite HD-Kamera an der Vorderseite vorgesehen. Mit der kostenlosen Autolink Pro-App k\u00f6nnen Sie Ihr Android-Smartphone verbinden und den Bildschirm Ihres Telefons \u00fcber das Autoradio anzeigen und bedienen (Mirroring). [&hellip;]\" \/>\n<meta property=\"og:url\" content=\"https:\/\/b2b.calibereurope.com\/product\/rmd910dab-cmr-de_de\/\" \/>\n<meta property=\"og:site_name\" content=\"Caliber Europe B.V.\" \/>\n<meta property=\"article:modified_time\" content=\"2026-04-16T04:48:00+00:00\" \/>\n<meta name=\"twitter:card\" content=\"summary_large_image\" \/>\n<meta name=\"twitter:label1\" content=\"Gesch\u00e4tzte Lesezeit\" \/>\n\t<meta name=\"twitter:data1\" content=\"1\u00a0Minute\" \/>\n<script type=\"application\/ld+json\" class=\"yoast-schema-graph\">{\"@context\":\"https:\/\/schema.org\",\"@graph\":[{\"@type\":\"WebPage\",\"@id\":\"https:\/\/b2b.calibereurope.com\/product\/rmd910dab-cmr-de_de\/\",\"url\":\"https:\/\/b2b.calibereurope.com\/product\/rmd910dab-cmr-de_de\/\",\"name\":\"Autoradio Apple CarPlay, mirroring Android DAB+ (RMD910DAB-CMR) - Caliber Europe B.V.\",\"isPartOf\":{\"@id\":\"https:\/\/b2b.calibereurope.com\/#website\"},\"primaryImageOfPage\":{\"@id\":\"https:\/\/b2b.calibereurope.com\/product\/rmd910dab-cmr-de_de\/#primaryimage\"},\"image\":{\"@id\":\"https:\/\/b2b.calibereurope.com\/product\/rmd910dab-cmr-de_de\/#primaryimage\"},\"thumbnailUrl\":\"https:\/\/b2b.calibereurope.com\/wp-content\/uploads\/2026\/04\/2208a6369fc847b370c89ac0e18e4438970a7585_RMD910DAB_CMR_with_camera.jpg\",\"datePublished\":\"2026-04-16T00:00:00+00:00\",\"dateModified\":\"2026-04-16T04:48:00+00:00\",\"breadcrumb\":{\"@id\":\"https:\/\/b2b.calibereurope.com\/product\/rmd910dab-cmr-de_de\/#breadcrumb\"},\"inLanguage\":\"de\",\"potentialAction\":[{\"@type\":\"ReadAction\",\"target\":[\"https:\/\/b2b.calibereurope.com\/product\/rmd910dab-cmr-de_de\/\"]}]},{\"@type\":\"ImageObject\",\"inLanguage\":\"de\",\"@id\":\"https:\/\/b2b.calibereurope.com\/product\/rmd910dab-cmr-de_de\/#primaryimage\",\"url\":\"https:\/\/b2b.calibereurope.com\/wp-content\/uploads\/2026\/04\/2208a6369fc847b370c89ac0e18e4438970a7585_RMD910DAB_CMR_with_camera.jpg\",\"contentUrl\":\"https:\/\/b2b.calibereurope.com\/wp-content\/uploads\/2026\/04\/2208a6369fc847b370c89ac0e18e4438970a7585_RMD910DAB_CMR_with_camera.jpg\",\"width\":2000,\"height\":2000},{\"@type\":\"BreadcrumbList\",\"@id\":\"https:\/\/b2b.calibereurope.com\/product\/rmd910dab-cmr-de_de\/#breadcrumb\",\"itemListElement\":[{\"@type\":\"ListItem\",\"position\":1,\"name\":\"Home\",\"item\":\"https:\/\/b2b.calibereurope.com\/de\/\"},{\"@type\":\"ListItem\",\"position\":2,\"name\":\"Shop\",\"item\":\"https:\/\/b2b.calibereurope.com\/de\/shop\/\"},{\"@type\":\"ListItem\",\"position\":3,\"name\":\"RMD910DAB-CMR\"}]},{\"@type\":\"WebSite\",\"@id\":\"https:\/\/b2b.calibereurope.com\/#website\",\"url\":\"https:\/\/b2b.calibereurope.com\/\",\"name\":\"Caliber Europe B.V.\",\"description\":\"B2B Webshop\",\"publisher\":{\"@id\":\"https:\/\/b2b.calibereurope.com\/#organization\"},\"potentialAction\":[{\"@type\":\"SearchAction\",\"target\":{\"@type\":\"EntryPoint\",\"urlTemplate\":\"https:\/\/b2b.calibereurope.com\/?s={search_term_string}\"},\"query-input\":{\"@type\":\"PropertyValueSpecification\",\"valueRequired\":true,\"valueName\":\"search_term_string\"}}],\"inLanguage\":\"de\"},{\"@type\":\"Organization\",\"@id\":\"https:\/\/b2b.calibereurope.com\/#organization\",\"name\":\"Caliber Europe B.V.\",\"url\":\"https:\/\/b2b.calibereurope.com\/\",\"logo\":{\"@type\":\"ImageObject\",\"inLanguage\":\"de\",\"@id\":\"https:\/\/b2b.calibereurope.com\/#\/schema\/logo\/image\/\",\"url\":\"https:\/\/b2b.calibereurope.com\/wp-content\/uploads\/2020\/12\/Caliber_Logo-Black.png\",\"contentUrl\":\"https:\/\/b2b.calibereurope.com\/wp-content\/uploads\/2020\/12\/Caliber_Logo-Black.png\",\"width\":3157,\"height\":356,\"caption\":\"Caliber Europe B.V.\"},\"image\":{\"@id\":\"https:\/\/b2b.calibereurope.com\/#\/schema\/logo\/image\/\"}}]}<\/script>\n<!-- \/ Yoast SEO plugin. -->","yoast_head_json":{"title":"Autoradio Apple CarPlay, mirroring Android DAB+ (RMD910DAB-CMR) - Caliber Europe B.V.","robots":{"index":"noindex","follow":"follow","max-snippet":"max-snippet:-1","max-image-preview":"max-image-preview:large","max-video-preview":"max-video-preview:-1"},"og_locale":"de_DE","og_type":"article","og_title":"Autoradio Apple CarPlay, mirroring Android DAB+ (RMD910DAB-CMR) - Caliber Europe B.V.","og_description":"Dieses 1-DIN-DAB-Autoradio erg\u00e4nzt das Apple CarPlay\u00ae-Sortiment und ist standardm\u00e4\u00dfig mit einer HD-R\u00fcckfahrkamera ausgestattet, die beim R\u00fcckw\u00e4rtsfahren automatisch aktiviert wird. Als zus\u00e4tzliche Option ist ein Anschluss f\u00fcr eine zweite HD-Kamera an der Vorderseite vorgesehen. Mit der kostenlosen Autolink Pro-App k\u00f6nnen Sie Ihr Android-Smartphone verbinden und den Bildschirm Ihres Telefons \u00fcber das Autoradio anzeigen und bedienen (Mirroring). [&hellip;]","og_url":"https:\/\/b2b.calibereurope.com\/product\/rmd910dab-cmr-de_de\/","og_site_name":"Caliber Europe B.V.","article_modified_time":"2026-04-16T04:48:00+00:00","twitter_card":"summary_large_image","twitter_misc":{"Gesch\u00e4tzte Lesezeit":"1\u00a0Minute"},"schema":{"@context":"https:\/\/schema.org","@graph":[{"@type":"WebPage","@id":"https:\/\/b2b.calibereurope.com\/product\/rmd910dab-cmr-de_de\/","url":"https:\/\/b2b.calibereurope.com\/product\/rmd910dab-cmr-de_de\/","name":"Autoradio Apple CarPlay, mirroring Android DAB+ (RMD910DAB-CMR) - Caliber Europe B.V.","isPartOf":{"@id":"https:\/\/b2b.calibereurope.com\/#website"},"primaryImageOfPage":{"@id":"https:\/\/b2b.calibereurope.com\/product\/rmd910dab-cmr-de_de\/#primaryimage"},"image":{"@id":"https:\/\/b2b.calibereurope.com\/product\/rmd910dab-cmr-de_de\/#primaryimage"},"thumbnailUrl":"https:\/\/b2b.calibereurope.com\/wp-content\/uploads\/2026\/04\/2208a6369fc847b370c89ac0e18e4438970a7585_RMD910DAB_CMR_with_camera.jpg","datePublished":"2026-04-16T00:00:00+00:00","dateModified":"2026-04-16T04:48:00+00:00","breadcrumb":{"@id":"https:\/\/b2b.calibereurope.com\/product\/rmd910dab-cmr-de_de\/#breadcrumb"},"inLanguage":"de","potentialAction":[{"@type":"ReadAction","target":["https:\/\/b2b.calibereurope.com\/product\/rmd910dab-cmr-de_de\/"]}]},{"@type":"ImageObject","inLanguage":"de","@id":"https:\/\/b2b.calibereurope.com\/product\/rmd910dab-cmr-de_de\/#primaryimage","url":"https:\/\/b2b.calibereurope.com\/wp-content\/uploads\/2026\/04\/2208a6369fc847b370c89ac0e18e4438970a7585_RMD910DAB_CMR_with_camera.jpg","contentUrl":"https:\/\/b2b.calibereurope.com\/wp-content\/uploads\/2026\/04\/2208a6369fc847b370c89ac0e18e4438970a7585_RMD910DAB_CMR_with_camera.jpg","width":2000,"height":2000},{"@type":"BreadcrumbList","@id":"https:\/\/b2b.calibereurope.com\/product\/rmd910dab-cmr-de_de\/#breadcrumb","itemListElement":[{"@type":"ListItem","position":1,"name":"Home","item":"https:\/\/b2b.calibereurope.com\/de\/"},{"@type":"ListItem","position":2,"name":"Shop","item":"https:\/\/b2b.calibereurope.com\/de\/shop\/"},{"@type":"ListItem","position":3,"name":"RMD910DAB-CMR"}]},{"@type":"WebSite","@id":"https:\/\/b2b.calibereurope.com\/#website","url":"https:\/\/b2b.calibereurope.com\/","name":"Caliber Europe B.V.","description":"B2B Webshop","publisher":{"@id":"https:\/\/b2b.calibereurope.com\/#organization"},"potentialAction":[{"@type":"SearchAction","target":{"@type":"EntryPoint","urlTemplate":"https:\/\/b2b.calibereurope.com\/?s={search_term_string}"},"query-input":{"@type":"PropertyValueSpecification","valueRequired":true,"valueName":"search_term_string"}}],"inLanguage":"de"},{"@type":"Organization","@id":"https:\/\/b2b.calibereurope.com\/#organization","name":"Caliber Europe B.V.","url":"https:\/\/b2b.calibereurope.com\/","logo":{"@type":"ImageObject","inLanguage":"de","@id":"https:\/\/b2b.calibereurope.com\/#\/schema\/logo\/image\/","url":"https:\/\/b2b.calibereurope.com\/wp-content\/uploads\/2020\/12\/Caliber_Logo-Black.png","contentUrl":"https:\/\/b2b.calibereurope.com\/wp-content\/uploads\/2020\/12\/Caliber_Logo-Black.png","width":3157,"height":356,"caption":"Caliber Europe B.V."},"image":{"@id":"https:\/\/b2b.calibereurope.com\/#\/schema\/logo\/image\/"}}]}},"_links":{"self":[{"href":"https:\/\/b2b.calibereurope.com\/de\/wp-json\/wp\/v2\/product\/865629","targetHints":{"allow":["GET"]}}],"collection":[{"href":"https:\/\/b2b.calibereurope.com\/de\/wp-json\/wp\/v2\/product"}],"about":[{"href":"https:\/\/b2b.calibereurope.com\/de\/wp-json\/wp\/v2\/types\/product"}],"version-history":[{"count":0,"href":"https:\/\/b2b.calibereurope.com\/de\/wp-json\/wp\/v2\/product\/865629\/revisions"}],"wp:featuredmedia":[{"embeddable":true,"href":"https:\/\/b2b.calibereurope.com\/de\/wp-json\/wp\/v2\/media\/873545"}],"wp:attachment":[{"href":"https:\/\/b2b.calibereurope.com\/de\/wp-json\/wp\/v2\/media?parent=865629"}],"wp:term":[{"taxonomy":"product_brand","embeddable":true,"href":"https:\/\/b2b.calibereurope.com\/de\/wp-json\/wp\/v2\/product_brand?post=865629"},{"taxonomy":"product_cat","embeddable":true,"href":"https:\/\/b2b.calibereurope.com\/de\/wp-json\/wp\/v2\/product_cat?post=865629"},{"taxonomy":"product_tag","embeddable":true,"href":"https:\/\/b2b.calibereurope.com\/de\/wp-json\/wp\/v2\/product_tag?post=865629"}],"curies":[{"name":"wp","href":"https:\/\/api.w.org\/{rel}","templated":true}]}}