{"id":524432,"date":"2021-10-01T13:54:51","date_gmt":"2021-10-01T11:54:51","guid":{"rendered":"https:\/\/b2b.calibereurope.com\/privacy-policy\/"},"modified":"2021-10-01T13:54:51","modified_gmt":"2021-10-01T11:54:51","slug":"privacy-policy","status":"publish","type":"page","link":"https:\/\/b2b.calibereurope.com\/fr\/privacy-policy\/","title":{"rendered":"Privacy policy"},"content":{"rendered":"\t\t<div data-elementor-type=\"wp-page\" data-elementor-id=\"524432\" class=\"elementor elementor-524432 elementor-524423\" data-elementor-post-type=\"page\">\n\t\t\t\t\t\t<section class=\"elementor-section elementor-top-section elementor-element elementor-element-8b10c7e elementor-section-boxed elementor-section-height-default elementor-section-height-default\" data-id=\"8b10c7e\" data-element_type=\"section\">\n\t\t\t\t\t\t<div class=\"elementor-container elementor-column-gap-default\">\n\t\t\t\t\t<div class=\"elementor-column elementor-col-100 elementor-top-column elementor-element elementor-element-b0318b9\" data-id=\"b0318b9\" data-element_type=\"column\">\n\t\t\t<div class=\"elementor-widget-wrap elementor-element-populated\">\n\t\t\t\t\t\t<div class=\"elementor-element elementor-element-0ccf726 elementor-widget elementor-widget-text-editor\" data-id=\"0ccf726\" data-element_type=\"widget\" data-widget_type=\"text-editor.default\">\n\t\t\t\t<div class=\"elementor-widget-container\">\n\t\t\t\t\t\t\t\t\t<p><strong>D\u00e9claration de confidentialit\u00e9 et de cookies Caliber Europe B.V.<\/strong><br \/>1 juin 2021<\/p>\n<p>Dans notre boutique en ligne, des donn\u00e9es sensibles \u00e0 la confidentialit\u00e9 ou des donn\u00e9es personnelles sont trait\u00e9es. Caliber Europe B.V. accorde une grande importance \u00e0 une gestion prudente des donn\u00e9es personnelles. Les donn\u00e9es personnelles seront donc soigneusement trait\u00e9es et s\u00e9curis\u00e9es par nos soins.<\/p>\n<p>Dans le cadre de notre traitement, nous nous conformons aux exigences de la l\u00e9gislation sur la vie priv\u00e9e. Cela signifie, entre autres, que nous : <\/p>\n<p>&#8211; <strong>Sp\u00e9cifier clairement nos objectifs<\/strong> avant de traiter les donn\u00e9es personnelles, par le biais de la pr\u00e9sente d\u00e9claration de confidentialit\u00e9 ;<br \/>&#8211;<strong>Restreindre notre collecte de donn\u00e9es personnelles<\/strong> aux seules donn\u00e9es personnelles qui sont n\u00e9cessaires \u00e0 des fins l\u00e9gitimes ;<br \/>&#8211; <strong>soumettre<\/strong> votre consentement explicite<\/strong> pour le traitement de vos donn\u00e9es personnelles dans les cas o\u00f9 votre consentement est requis ; <br \/>&#8211; <strong>prendre des mesures de s\u00e9curit\u00e9 appropri\u00e9es<\/strong> pour prot\u00e9ger vos donn\u00e9es personnelles et exiger la m\u00eame chose des parties qui traitent les donn\u00e9es personnelles en notre nom;<br \/>&#8211; <strong>respecter votre droit<\/strong> d&rsquo;acc\u00e9der, de corriger ou de supprimer vos donn\u00e9es personnelles \u00e0 votre demande. <\/p>\n<p>Caliber Europe B.V. est la partie responsable du traitement des donn\u00e9es. Dans cette d\u00e9claration de confidentialit\u00e9, nous expliquons quelles sont les donn\u00e9es personnelles que nous collectons et utilisons et dans quel but sur la boutique en ligne https:\/\/calibereurope.com. Nous vous conseillons de la lire attentivement.<\/p>\n<p>Si vous avez des questions, ou si vous voulez savoir exactement ce que nous conservons de vous, veuillez contacter Caliber Europe B.V..<\/p>\n<p><strong>Votre compte<\/strong><br \/>Certaines parties de notre boutique en ligne n\u00e9cessitent que vous vous inscriviez d&rsquo;abord. Vous devez ensuite fournir des informations sur vous-m\u00eame et choisir un nom d&rsquo;utilisateur. Nous cr\u00e9ons ainsi un compte, sur lequel vous pouvez vous connecter avec ce nom d&rsquo;utilisateur et un mot de passe de votre choix. \u00c0 cette fin, nous utilisons votre nom et votre adresse, votre adresse de facturation et votre adresse \u00e9lectronique. Nous le faisons sur la base de votre consentement. Nous conservons ces informations jusqu&rsquo;\u00e0 ce que vous fermiez le compte.<\/p>\n<p>Nous conservons ces informations pour que vous n&rsquo;ayez pas \u00e0 les remplir \u00e0 nouveau \u00e0 chaque fois et pour que nous puissions vous contacter dans le cadre de l&rsquo;ex\u00e9cution du contrat. Vous pouvez modifier vos informations via votre compte quand vous le souhaitez.<\/p>\n<p><em>Fournir \u00e0 des tiers<\/em><br \/>Nous coop\u00e9rons avec certaines entreprises qui peuvent recevoir de notre part vos donn\u00e9es personnelles mentionn\u00e9es ci-dessus.<\/p>\n<p><strong>Gestion des commandes<\/strong><br \/>Lorsque vous passez une commande chez nous, nous utilisons vos donn\u00e9es personnelles pour la g\u00e9rer correctement. Nous pouvons communiquer vos donn\u00e9es personnelles \u00e0 notre service de livraison pour vous livrer la commande. Nous recevons \u00e9galement des informations sur votre paiement de la part de votre banque ou de votre soci\u00e9t\u00e9 de carte de cr\u00e9dit. \u00c0 cette fin, nous utilisons votre nom et votre adresse, votre adresse de facturation et votre adresse \u00e9lectronique. Nous le faisons sur la base de votre consentement. Nous conservons ces informations jusqu&rsquo;\u00e0 ce que votre commande soit termin\u00e9e. Nous conservons certaines donn\u00e9es clients pendant des p\u00e9riodes plus longues afin de nous conformer aux exigences l\u00e9gales en mati\u00e8re de conservation fiscale.<\/p>\n<p><em>Fournir \u00e0 des tiers<\/em><br \/>Nous coop\u00e9rons avec certaines entreprises qui peuvent recevoir de notre part vos donn\u00e9es personnelles mentionn\u00e9es ci-dessus.<\/p>\n<p><strong>L&rsquo;affichage d&rsquo;avis sur le site web<\/strong><br \/>Vous pouvez nous laisser un avis. Nous utilisons les informations personnellement identifiables n\u00e9cessaires pour publier l&rsquo;avis sur le site et nous utilisons votre adresse \u00e9lectronique pour ce faire. Nous le faisons avec votre permission. Nous conservons ces informations pendant 1 an.<\/p>\n<p><strong>Formulaire de contact et Newsletter<\/strong><br \/>Le formulaire de contact est l&rsquo;endroit o\u00f9 vous pouvez nous poser des questions ou faire des demandes. Pour ce faire, nous utilisons vos nom et adresse, votre num\u00e9ro de t\u00e9l\u00e9phone et votre adresse \u00e9lectronique. Nous le faisons avec votre permission. Nous conserverons ces informations jusqu&rsquo;\u00e0 ce que nous soyons s\u00fbrs que vous \u00eates satisfait de notre r\u00e9ponse.<\/p>\n<p>Nous proposons une lettre d&rsquo;information pour informer les parties int\u00e9ress\u00e9es de nos produits et\/ou services. Chaque bulletin d&rsquo;information contient un lien qui vous permet de vous d\u00e9sabonner. <\/p>\n<p>Votre adresse \u00e9lectronique est automatiquement ajout\u00e9e \u00e0 la liste des abonn\u00e9s. Ces donn\u00e9es sont conserv\u00e9es jusqu&rsquo;\u00e0 ce que vous annuliez l&rsquo;abonnement.<\/p>\n<p><em>Fournir \u00e0 des tiers<\/em><br \/>Nous coop\u00e9rons avec certaines entreprises qui peuvent recevoir de notre part vos donn\u00e9es personnelles mentionn\u00e9es ci-dessus.<\/p>\n<p><strong>Statistiques et profilage<\/strong><br \/>Nous conservons des statistiques sur l&rsquo;utilisation de notre boutique en ligne Avec ces statistiques, nous am\u00e9liorons notre boutique en ligne pour ne montrer par exemple que des informations pertinentes.  Nous pouvons combiner vos donn\u00e9es personnelles pour en savoir plus sur vous. Bien entendu, nous respecterons votre vie priv\u00e9e \u00e0 tout moment. Si vous ne le souhaitez pas, vous pouvez toujours nous le dire.<br \/>Nous utiliserons votre nom et votre adresse \u00e9lectronique. Nous le faisons sur la base de votre consentement. Nous conservons ces informations pendant un an.<\/p>\n<p><em>Fournir \u00e0 des tiers<\/em><br \/>Nous coop\u00e9rons avec certaines entreprises qui peuvent recevoir de notre part vos donn\u00e9es personnelles mentionn\u00e9es ci-dessus.<\/p>\n<p><strong>Publicit\u00e9<\/strong><br \/>Nous souhaitons vous envoyer des publicit\u00e9s concernant des offres et de nouveaux produits ou services. Nous le faisons :<br \/>&#8211; par e-mail<br \/>&#8211; via les m\u00e9dias sociaux<\/p>\n<p>Vous pouvez \u00e0 tout moment refuser cette publicit\u00e9. Chaque courriel contient un lien de d\u00e9sabonnement. Vous pouvez soit nous bloquer, soit utiliser l&rsquo;option de d\u00e9sinscription. Vous pouvez \u00e9galement nous en informer via votre compte.<\/p>\n<p><strong>Fourniture \u00e0 d&rsquo;autres soci\u00e9t\u00e9s ou institutions<\/strong><br \/>\u00c0 l&rsquo;exception des partenaires mentionn\u00e9s ci-dessus, nous ne donnons en aucun cas vos donn\u00e9es personnelles \u00e0 d&rsquo;autres soci\u00e9t\u00e9s ou institutions, sauf si nous y sommes l\u00e9galement oblig\u00e9s (par exemple si les forces de police l&rsquo;exigent lorsqu&rsquo;elles soup\u00e7onnent un crime).<\/p>\n<p><strong>Statistiques<\/strong><br \/>Nous conservons des statistiques sur l&rsquo;utilisation de notre boutique en ligne<\/p>\n<p><strong>Cookies<\/strong><br \/>Notre boutique en ligne utilise des cookies. Les cookies sont de petits fichiers dans lesquels nous pouvons stocker des informations afin que vous ne deviez pas les remplir \u00e0 chaque fois. <\/p>\n<p>Lorsque vous visitez notre boutique en ligne pour la premi\u00e8re fois, nous vous montrons un message expliquant les cookies. Vous pouvez d\u00e9sactiver les cookies via votre navigateur, mais certaines parties de notre boutique en ligne ne fonctionneront alors pas correctement.<\/p>\n<p>Nous utilisons Google Analytics pour suivre la fa\u00e7on dont les visiteurs utilisent notre boutique en ligne. Nous avons conclu un accord de traitement avec Google. Il contient des accords stricts sur ce qu&rsquo;ils sont autoris\u00e9s \u00e0 suivre. Nous n&rsquo;avons pas autoris\u00e9 Google \u00e0 utiliser les informations d&rsquo;analyse obtenues pour d&rsquo;autres services Google. Nous faisons anonymiser les adresses IP par Google.<\/p>\n<p><strong>S\u00e9curit\u00e9<\/strong><br \/>La s\u00e9curit\u00e9 des donn\u00e9es personnelles est tr\u00e8s importante pour nous. Nous veillons \u00e0 ce que vos donn\u00e9es soient bien prot\u00e9g\u00e9es par nos soins. Nous ajustons constamment la s\u00e9curit\u00e9 et pr\u00eatons attention \u00e0 ce qui peut mal tourner.<\/p>\n<p><strong>Modifications de la pr\u00e9sente d\u00e9claration de confidentialit\u00e9<\/strong><br \/>Nous nous r\u00e9servons le droit d&rsquo;apporter des modifications \u00e0 cette d\u00e9claration de confidentialit\u00e9. Nous vous recommandons de lire r\u00e9guli\u00e8rement cette d\u00e9claration de confidentialit\u00e9 afin d&rsquo;\u00eatre inform\u00e9 de tout changement. Nous ferons de notre mieux pour notifier les changements s\u00e9par\u00e9ment.<\/p>\n<p><strong>Voir, modifier et supprimer vos donn\u00e9es<\/strong><br \/>Si vous avez des questions ou si vous voulez savoir quelles donn\u00e9es personnelles nous d\u00e9tenons \u00e0 votre sujet, vous pouvez toujours nous contacter. Voir les coordonn\u00e9es ci-dessous. <\/p>\n<p>Vous avez les droits suivants :<\/p>\n<p>&#8211; obtenir une explication sur les donn\u00e9es personnelles dont nous disposons et ce que nous en faisons<br \/>&#8211; voir les donn\u00e9es personnelles exactes dont nous disposons<br \/>&#8211; faire corriger les erreurs<br \/>&#8211; faire supprimer les donn\u00e9es personnelles obsol\u00e8tes<br \/>&#8211; faire transf\u00e9rer les donn\u00e9es personnelles \u00e0 une autre partie<br \/>&#8211; retirer l&rsquo;autorisation<br \/>&#8211; s&rsquo;opposer \u00e0 une certaine utilisation<\/p>\n<p>Veuillez toujours vous assurer que vous indiquez clairement qui vous \u00eates afin que nous puissions \u00eatre s\u00fbrs de ne pas corriger ou supprimer les donn\u00e9es concernant la mauvaise personne. <\/p>\n<p><strong>R\u00e9clamation<\/strong><br \/>Si vous estimez que nous ne vous aidons pas de la bonne mani\u00e8re, alors vous avez le droit de vous plaindre aupr\u00e8s du r\u00e9gulateur appel\u00e9 l&rsquo;autorit\u00e9 de protection des donn\u00e9es. Il s&rsquo;agit de l&rsquo;Autorit\u00e9 de protection des donn\u00e9es personnelles.<\/p>\n<p><strong>Donn\u00e9es de contact<\/strong><br \/>Caliber Europe B.V.<br \/>Kortakker 10 4264AE Veen support@caliber.nl<br \/>0416-699000<\/p>\n<p>.<\/p>\n\t\t\t\t\t\t\t\t<\/div>\n\t\t\t\t<\/div>\n\t\t\t\t\t<\/div>\n\t\t<\/div>\n\t\t\t\t\t<\/div>\n\t\t<\/section>\n\t\t\t\t<\/div>\n\t\t","protected":false},"excerpt":{"rendered":"<p>D\u00e9claration de confidentialit\u00e9 et de cookies Caliber Europe B.V.1 juin 2021 Dans notre boutique en ligne, des donn\u00e9es sensibles \u00e0 la confidentialit\u00e9 ou des donn\u00e9es personnelles sont trait\u00e9es. Caliber Europe B.V. accorde une grande importance \u00e0 une gestion prudente des donn\u00e9es personnelles. Les donn\u00e9es personnelles seront donc soigneusement trait\u00e9es et s\u00e9curis\u00e9es par nos soins. Dans [&hellip;]<\/p>\n","protected":false},"author":1,"featured_media":0,"parent":0,"menu_order":0,"comment_status":"closed","ping_status":"closed","template":"","meta":{"_acf_changed":false,"site-sidebar-layout":"no-sidebar","site-content-layout":"page-builder","ast-site-content-layout":"default","site-content-style":"default","site-sidebar-style":"default","ast-global-header-display":"","ast-banner-title-visibility":"","ast-main-header-display":"","ast-hfb-above-header-display":"","ast-hfb-below-header-display":"","ast-hfb-mobile-header-display":"","site-post-title":"disabled","ast-breadcrumbs-content":"","ast-featured-img":"disabled","footer-sml-layout":"","theme-transparent-header-meta":"default","adv-header-id-meta":"","stick-header-meta":"default","header-above-stick-meta":"","header-main-stick-meta":"","header-below-stick-meta":"","astra-migrate-meta-layouts":"default","ast-page-background-enabled":"default","ast-page-background-meta":{"desktop":{"background-color":"","background-image":"","background-repeat":"repeat","background-position":"center center","background-size":"auto","background-attachment":"scroll","background-type":"","background-media":"","overlay-type":"","overlay-color":"","overlay-opacity":"","overlay-gradient":""},"tablet":{"background-color":"","background-image":"","background-repeat":"repeat","background-position":"center center","background-size":"auto","background-attachment":"scroll","background-type":"","background-media":"","overlay-type":"","overlay-color":"","overlay-opacity":"","overlay-gradient":""},"mobile":{"background-color":"","background-image":"","background-repeat":"repeat","background-position":"center center","background-size":"auto","background-attachment":"scroll","background-type":"","background-media":"","overlay-type":"","overlay-color":"","overlay-opacity":"","overlay-gradient":""}},"ast-content-background-meta":{"desktop":{"background-color":"var(--ast-global-color-5)","background-image":"","background-repeat":"repeat","background-position":"center center","background-size":"auto","background-attachment":"scroll","background-type":"","background-media":"","overlay-type":"","overlay-color":"","overlay-opacity":"","overlay-gradient":""},"tablet":{"background-color":"var(--ast-global-color-5)","background-image":"","background-repeat":"repeat","background-position":"center center","background-size":"auto","background-attachment":"scroll","background-type":"","background-media":"","overlay-type":"","overlay-color":"","overlay-opacity":"","overlay-gradient":""},"mobile":{"background-color":"var(--ast-global-color-5)","background-image":"","background-repeat":"repeat","background-position":"center center","background-size":"auto","background-attachment":"scroll","background-type":"","background-media":"","overlay-type":"","overlay-color":"","overlay-opacity":"","overlay-gradient":""}},"footnotes":""},"class_list":["post-524432","page","type-page","status-publish","hentry"],"acf":[],"yoast_head":"<!-- This site is optimized with the Yoast SEO plugin v26.5 - https:\/\/yoast.com\/wordpress\/plugins\/seo\/ -->\n<title>Privacy policy - Caliber Europe B.V.<\/title>\n<meta name=\"robots\" content=\"noindex, follow, max-snippet:-1, max-image-preview:large, max-video-preview:-1\" \/>\n<meta property=\"og:locale\" content=\"fr_FR\" \/>\n<meta property=\"og:type\" content=\"article\" \/>\n<meta property=\"og:title\" content=\"Privacy policy - Caliber Europe B.V.\" \/>\n<meta property=\"og:description\" content=\"D\u00e9claration de confidentialit\u00e9 et de cookies Caliber Europe B.V.1 juin 2021 Dans notre boutique en ligne, des donn\u00e9es sensibles \u00e0 la confidentialit\u00e9 ou des donn\u00e9es personnelles sont trait\u00e9es. Caliber Europe B.V. accorde une grande importance \u00e0 une gestion prudente des donn\u00e9es personnelles. Les donn\u00e9es personnelles seront donc soigneusement trait\u00e9es et s\u00e9curis\u00e9es par nos soins. Dans [&hellip;]\" \/>\n<meta property=\"og:url\" content=\"https:\/\/b2b.calibereurope.com\/fr\/privacy-policy\/\" \/>\n<meta property=\"og:site_name\" content=\"Caliber Europe B.V.\" \/>\n<meta name=\"twitter:card\" content=\"summary_large_image\" \/>\n<meta name=\"twitter:label1\" content=\"Dur\u00e9e de lecture estim\u00e9e\" \/>\n\t<meta name=\"twitter:data1\" content=\"7 minutes\" \/>\n<script type=\"application\/ld+json\" class=\"yoast-schema-graph\">{\"@context\":\"https:\/\/schema.org\",\"@graph\":[{\"@type\":\"WebPage\",\"@id\":\"https:\/\/b2b.calibereurope.com\/fr\/privacy-policy\/\",\"url\":\"https:\/\/b2b.calibereurope.com\/fr\/privacy-policy\/\",\"name\":\"Privacy policy - Caliber Europe B.V.\",\"isPartOf\":{\"@id\":\"https:\/\/b2b.calibereurope.com\/#website\"},\"datePublished\":\"2021-10-01T11:54:51+00:00\",\"breadcrumb\":{\"@id\":\"https:\/\/b2b.calibereurope.com\/fr\/privacy-policy\/#breadcrumb\"},\"inLanguage\":\"fr-FR\",\"potentialAction\":[{\"@type\":\"ReadAction\",\"target\":[\"https:\/\/b2b.calibereurope.com\/fr\/privacy-policy\/\"]}]},{\"@type\":\"BreadcrumbList\",\"@id\":\"https:\/\/b2b.calibereurope.com\/fr\/privacy-policy\/#breadcrumb\",\"itemListElement\":[{\"@type\":\"ListItem\",\"position\":1,\"name\":\"Home\",\"item\":\"https:\/\/b2b.calibereurope.com\/fr\/home\/\"},{\"@type\":\"ListItem\",\"position\":2,\"name\":\"Privacy policy\"}]},{\"@type\":\"WebSite\",\"@id\":\"https:\/\/b2b.calibereurope.com\/#website\",\"url\":\"https:\/\/b2b.calibereurope.com\/\",\"name\":\"Caliber Europe B.V.\",\"description\":\"B2B Webshop\",\"publisher\":{\"@id\":\"https:\/\/b2b.calibereurope.com\/#organization\"},\"potentialAction\":[{\"@type\":\"SearchAction\",\"target\":{\"@type\":\"EntryPoint\",\"urlTemplate\":\"https:\/\/b2b.calibereurope.com\/?s={search_term_string}\"},\"query-input\":{\"@type\":\"PropertyValueSpecification\",\"valueRequired\":true,\"valueName\":\"search_term_string\"}}],\"inLanguage\":\"fr-FR\"},{\"@type\":\"Organization\",\"@id\":\"https:\/\/b2b.calibereurope.com\/#organization\",\"name\":\"Caliber Europe B.V.\",\"url\":\"https:\/\/b2b.calibereurope.com\/\",\"logo\":{\"@type\":\"ImageObject\",\"inLanguage\":\"fr-FR\",\"@id\":\"https:\/\/b2b.calibereurope.com\/#\/schema\/logo\/image\/\",\"url\":\"https:\/\/b2b.calibereurope.com\/wp-content\/uploads\/2020\/12\/Caliber_Logo-Black.png\",\"contentUrl\":\"https:\/\/b2b.calibereurope.com\/wp-content\/uploads\/2020\/12\/Caliber_Logo-Black.png\",\"width\":3157,\"height\":356,\"caption\":\"Caliber Europe B.V.\"},\"image\":{\"@id\":\"https:\/\/b2b.calibereurope.com\/#\/schema\/logo\/image\/\"}}]}<\/script>\n<!-- \/ Yoast SEO plugin. -->","yoast_head_json":{"title":"Privacy policy - Caliber Europe B.V.","robots":{"index":"noindex","follow":"follow","max-snippet":"max-snippet:-1","max-image-preview":"max-image-preview:large","max-video-preview":"max-video-preview:-1"},"og_locale":"fr_FR","og_type":"article","og_title":"Privacy policy - Caliber Europe B.V.","og_description":"D\u00e9claration de confidentialit\u00e9 et de cookies Caliber Europe B.V.1 juin 2021 Dans notre boutique en ligne, des donn\u00e9es sensibles \u00e0 la confidentialit\u00e9 ou des donn\u00e9es personnelles sont trait\u00e9es. Caliber Europe B.V. accorde une grande importance \u00e0 une gestion prudente des donn\u00e9es personnelles. Les donn\u00e9es personnelles seront donc soigneusement trait\u00e9es et s\u00e9curis\u00e9es par nos soins. Dans [&hellip;]","og_url":"https:\/\/b2b.calibereurope.com\/fr\/privacy-policy\/","og_site_name":"Caliber Europe B.V.","twitter_card":"summary_large_image","twitter_misc":{"Dur\u00e9e de lecture estim\u00e9e":"7 minutes"},"schema":{"@context":"https:\/\/schema.org","@graph":[{"@type":"WebPage","@id":"https:\/\/b2b.calibereurope.com\/fr\/privacy-policy\/","url":"https:\/\/b2b.calibereurope.com\/fr\/privacy-policy\/","name":"Privacy policy - Caliber Europe B.V.","isPartOf":{"@id":"https:\/\/b2b.calibereurope.com\/#website"},"datePublished":"2021-10-01T11:54:51+00:00","breadcrumb":{"@id":"https:\/\/b2b.calibereurope.com\/fr\/privacy-policy\/#breadcrumb"},"inLanguage":"fr-FR","potentialAction":[{"@type":"ReadAction","target":["https:\/\/b2b.calibereurope.com\/fr\/privacy-policy\/"]}]},{"@type":"BreadcrumbList","@id":"https:\/\/b2b.calibereurope.com\/fr\/privacy-policy\/#breadcrumb","itemListElement":[{"@type":"ListItem","position":1,"name":"Home","item":"https:\/\/b2b.calibereurope.com\/fr\/home\/"},{"@type":"ListItem","position":2,"name":"Privacy policy"}]},{"@type":"WebSite","@id":"https:\/\/b2b.calibereurope.com\/#website","url":"https:\/\/b2b.calibereurope.com\/","name":"Caliber Europe B.V.","description":"B2B Webshop","publisher":{"@id":"https:\/\/b2b.calibereurope.com\/#organization"},"potentialAction":[{"@type":"SearchAction","target":{"@type":"EntryPoint","urlTemplate":"https:\/\/b2b.calibereurope.com\/?s={search_term_string}"},"query-input":{"@type":"PropertyValueSpecification","valueRequired":true,"valueName":"search_term_string"}}],"inLanguage":"fr-FR"},{"@type":"Organization","@id":"https:\/\/b2b.calibereurope.com\/#organization","name":"Caliber Europe B.V.","url":"https:\/\/b2b.calibereurope.com\/","logo":{"@type":"ImageObject","inLanguage":"fr-FR","@id":"https:\/\/b2b.calibereurope.com\/#\/schema\/logo\/image\/","url":"https:\/\/b2b.calibereurope.com\/wp-content\/uploads\/2020\/12\/Caliber_Logo-Black.png","contentUrl":"https:\/\/b2b.calibereurope.com\/wp-content\/uploads\/2020\/12\/Caliber_Logo-Black.png","width":3157,"height":356,"caption":"Caliber Europe B.V."},"image":{"@id":"https:\/\/b2b.calibereurope.com\/#\/schema\/logo\/image\/"}}]}},"_links":{"self":[{"href":"https:\/\/b2b.calibereurope.com\/fr\/wp-json\/wp\/v2\/pages\/524432","targetHints":{"allow":["GET"]}}],"collection":[{"href":"https:\/\/b2b.calibereurope.com\/fr\/wp-json\/wp\/v2\/pages"}],"about":[{"href":"https:\/\/b2b.calibereurope.com\/fr\/wp-json\/wp\/v2\/types\/page"}],"author":[{"embeddable":true,"href":"https:\/\/b2b.calibereurope.com\/fr\/wp-json\/wp\/v2\/users\/1"}],"replies":[{"embeddable":true,"href":"https:\/\/b2b.calibereurope.com\/fr\/wp-json\/wp\/v2\/comments?post=524432"}],"version-history":[{"count":0,"href":"https:\/\/b2b.calibereurope.com\/fr\/wp-json\/wp\/v2\/pages\/524432\/revisions"}],"wp:attachment":[{"href":"https:\/\/b2b.calibereurope.com\/fr\/wp-json\/wp\/v2\/media?parent=524432"}],"curies":[{"name":"wp","href":"https:\/\/api.w.org\/{rel}","templated":true}]}}