{"id":458430,"date":"2024-07-17T00:00:00","date_gmt":"2024-07-17T00:00:00","guid":{"rendered":""},"modified":"2024-07-17T07:41:39","modified_gmt":"2024-07-17T05:41:39","slug":"CYCLO-FRONT-BIKE-MOUNT-PLUS-fr_FR","status":"publish","type":"product","link":"https:\/\/b2b.calibereurope.com\/fr\/produit\/CYCLO-FRONT-BIKE-MOUNT-PLUS-fr_FR\/","title":{"rendered":"Mio Cyclo Bike Mount Plus Adaptateur Histoire Histurage Accessiore"},"content":{"rendered":"<p>Mio Mount de v\u00e9lo avant<br \/>\nAssure un bon attachement au guidon. La position du porte-commande est adaptable pour un angle de vision optimal. Ce porte-contr\u00f4le est une mise \u00e0 niveau contrairement au porte-direction fourni par le Mio Cyclo Cyclonavigati. La pince de commande assure une fixation stable sur le guidon de sorte que vous n&#39;avez pas \u00e0 vous soucier de changer d&#39;ordinateur de cyclisme MIO. Avec le syst\u00e8me Twist-Lock, vous attachez la navigation \u00e0 v\u00e9lo sur le support en un rien de temps. De cette fa\u00e7on, vous appr\u00e9ciez votre navigation de cycle MIO.<br \/>\nCe porte-commande est compatible avec tous les mod\u00e8les de navigation de cycle MIO cyclo. Peut \u00eatre attach\u00e9 \u00e0 toute la direction d&#39;un diam\u00e8tre de 25,4 \u00e0 31,8 mm.<\/p>\n","protected":false},"excerpt":{"rendered":"<p>Mio Mount de v\u00e9lo avant Assure un bon attachement au guidon. La position du porte-commande est adaptable pour un angle de vision optimal. Ce porte-contr\u00f4le est une mise \u00e0 niveau contrairement au porte-direction fourni par le Mio Cyclo Cyclonavigati. La pince de commande assure une fixation stable sur le guidon de sorte que vous n&#39;avez [&hellip;]<\/p>\n","protected":false},"featured_media":848608,"template":"","meta":{"_acf_changed":false,"site-sidebar-layout":"default","site-content-layout":"","ast-site-content-layout":"default","site-content-style":"default","site-sidebar-style":"default","ast-global-header-display":"","ast-banner-title-visibility":"","ast-main-header-display":"","ast-hfb-above-header-display":"","ast-hfb-below-header-display":"","ast-hfb-mobile-header-display":"","site-post-title":"","ast-breadcrumbs-content":"","ast-featured-img":"","footer-sml-layout":"","theme-transparent-header-meta":"","adv-header-id-meta":"","stick-header-meta":"","header-above-stick-meta":"","header-main-stick-meta":"","header-below-stick-meta":"","astra-migrate-meta-layouts":"default","ast-page-background-enabled":"default","ast-page-background-meta":{"desktop":{"background-color":"","background-image":"","background-repeat":"repeat","background-position":"center center","background-size":"auto","background-attachment":"scroll","background-type":"","background-media":"","overlay-type":"","overlay-color":"","overlay-opacity":"","overlay-gradient":""},"tablet":{"background-color":"","background-image":"","background-repeat":"repeat","background-position":"center center","background-size":"auto","background-attachment":"scroll","background-type":"","background-media":"","overlay-type":"","overlay-color":"","overlay-opacity":"","overlay-gradient":""},"mobile":{"background-color":"","background-image":"","background-repeat":"repeat","background-position":"center center","background-size":"auto","background-attachment":"scroll","background-type":"","background-media":"","overlay-type":"","overlay-color":"","overlay-opacity":"","overlay-gradient":""}},"ast-content-background-meta":{"desktop":{"background-color":"var(--ast-global-color-5)","background-image":"","background-repeat":"repeat","background-position":"center center","background-size":"auto","background-attachment":"scroll","background-type":"","background-media":"","overlay-type":"","overlay-color":"","overlay-opacity":"","overlay-gradient":""},"tablet":{"background-color":"var(--ast-global-color-5)","background-image":"","background-repeat":"repeat","background-position":"center center","background-size":"auto","background-attachment":"scroll","background-type":"","background-media":"","overlay-type":"","overlay-color":"","overlay-opacity":"","overlay-gradient":""},"mobile":{"background-color":"var(--ast-global-color-5)","background-image":"","background-repeat":"repeat","background-position":"center center","background-size":"auto","background-attachment":"scroll","background-type":"","background-media":"","overlay-type":"","overlay-color":"","overlay-opacity":"","overlay-gradient":""}}},"product_brand":[],"product_cat":[12294,12202,12234,12182,12290,12230],"product_tag":[11592],"class_list":{"0":"post-458430","1":"product","2":"type-product","3":"status-publish","4":"has-post-thumbnail","6":"product_cat-accessoires_navigatie_telefonie_fr_fr","7":"product_cat-accessoires_beeld_fr_fr","8":"product_cat-accessoires_fr_fr","9":"product_cat-beeld_fr_fr","10":"product_cat-navigatie_telefonie_fr_fr","11":"product_cat-geluid_fr_fr","12":"product_tag-mio-fr","13":"desktop-align-center","14":"tablet-align-center","15":"mobile-align-center","16":"ast-product-gallery-layout-horizontal","17":"ast-product-tabs-layout-horizontal","19":"first","20":"outofstock","21":"taxable","22":"shipping-taxable","23":"purchasable","24":"product-type-simple"},"acf":[],"yoast_head":"<!-- This site is optimized with the Yoast SEO plugin v26.5 - https:\/\/yoast.com\/wordpress\/plugins\/seo\/ -->\n<title>Mio Cyclo Bike Mount Plus Adaptateur Histoire Histurage Accessiore - Caliber Europe B.V.<\/title>\n<meta name=\"robots\" content=\"noindex, follow, max-snippet:-1, max-image-preview:large, max-video-preview:-1\" \/>\n<meta property=\"og:locale\" content=\"fr_FR\" \/>\n<meta property=\"og:type\" content=\"article\" \/>\n<meta property=\"og:title\" content=\"Mio Cyclo Bike Mount Plus Adaptateur Histoire Histurage Accessiore - Caliber Europe B.V.\" \/>\n<meta property=\"og:description\" content=\"Mio Mount de v\u00e9lo avant Assure un bon attachement au guidon. La position du porte-commande est adaptable pour un angle de vision optimal. Ce porte-contr\u00f4le est une mise \u00e0 niveau contrairement au porte-direction fourni par le Mio Cyclo Cyclonavigati. La pince de commande assure une fixation stable sur le guidon de sorte que vous n&#039;avez [&hellip;]\" \/>\n<meta property=\"og:url\" content=\"https:\/\/b2b.calibereurope.com\/fr\/produit\/cyclo-front-bike-mount-plus-fr_fr\/\" \/>\n<meta property=\"og:site_name\" content=\"Caliber Europe B.V.\" \/>\n<meta property=\"article:modified_time\" content=\"2024-07-17T05:41:39+00:00\" \/>\n<meta property=\"og:image\" content=\"https:\/\/b2b.calibereurope.com\/wp-content\/uploads\/2021\/09\/e81bea76953d7a1006e1f7b753ad96c81df9c319_Front_Bike_Mount_Plus_1.jpg\" \/>\n\t<meta property=\"og:image:width\" content=\"1024\" \/>\n\t<meta property=\"og:image:height\" content=\"729\" \/>\n\t<meta property=\"og:image:type\" content=\"image\/jpeg\" \/>\n<meta name=\"twitter:card\" content=\"summary_large_image\" \/>\n<meta name=\"twitter:label1\" content=\"Dur\u00e9e de lecture estim\u00e9e\" \/>\n\t<meta name=\"twitter:data1\" content=\"1 minute\" \/>\n<script type=\"application\/ld+json\" class=\"yoast-schema-graph\">{\"@context\":\"https:\/\/schema.org\",\"@graph\":[{\"@type\":\"WebPage\",\"@id\":\"https:\/\/b2b.calibereurope.com\/fr\/produit\/cyclo-front-bike-mount-plus-fr_fr\/\",\"url\":\"https:\/\/b2b.calibereurope.com\/fr\/produit\/cyclo-front-bike-mount-plus-fr_fr\/\",\"name\":\"Mio Cyclo Bike Mount Plus Adaptateur Histoire Histurage Accessiore - Caliber Europe B.V.\",\"isPartOf\":{\"@id\":\"https:\/\/b2b.calibereurope.com\/#website\"},\"primaryImageOfPage\":{\"@id\":\"https:\/\/b2b.calibereurope.com\/fr\/produit\/cyclo-front-bike-mount-plus-fr_fr\/#primaryimage\"},\"image\":{\"@id\":\"https:\/\/b2b.calibereurope.com\/fr\/produit\/cyclo-front-bike-mount-plus-fr_fr\/#primaryimage\"},\"thumbnailUrl\":\"https:\/\/b2b.calibereurope.com\/wp-content\/uploads\/2024\/07\/e81bea76953d7a1006e1f7b753ad96c81df9c319_Front_Bike_Mount_Plus_1.jpg\",\"datePublished\":\"2024-07-17T00:00:00+00:00\",\"dateModified\":\"2024-07-17T05:41:39+00:00\",\"breadcrumb\":{\"@id\":\"https:\/\/b2b.calibereurope.com\/fr\/produit\/cyclo-front-bike-mount-plus-fr_fr\/#breadcrumb\"},\"inLanguage\":\"fr-FR\",\"potentialAction\":[{\"@type\":\"ReadAction\",\"target\":[\"https:\/\/b2b.calibereurope.com\/fr\/produit\/cyclo-front-bike-mount-plus-fr_fr\/\"]}]},{\"@type\":\"ImageObject\",\"inLanguage\":\"fr-FR\",\"@id\":\"https:\/\/b2b.calibereurope.com\/fr\/produit\/cyclo-front-bike-mount-plus-fr_fr\/#primaryimage\",\"url\":\"https:\/\/b2b.calibereurope.com\/wp-content\/uploads\/2024\/07\/e81bea76953d7a1006e1f7b753ad96c81df9c319_Front_Bike_Mount_Plus_1.jpg\",\"contentUrl\":\"https:\/\/b2b.calibereurope.com\/wp-content\/uploads\/2024\/07\/e81bea76953d7a1006e1f7b753ad96c81df9c319_Front_Bike_Mount_Plus_1.jpg\",\"width\":1024,\"height\":729},{\"@type\":\"BreadcrumbList\",\"@id\":\"https:\/\/b2b.calibereurope.com\/fr\/produit\/cyclo-front-bike-mount-plus-fr_fr\/#breadcrumb\",\"itemListElement\":[{\"@type\":\"ListItem\",\"position\":1,\"name\":\"Home\",\"item\":\"https:\/\/b2b.calibereurope.com\/fr\/home\/\"},{\"@type\":\"ListItem\",\"position\":2,\"name\":\"Boutique\",\"item\":\"https:\/\/b2b.calibereurope.com\/fr\/boutique\/\"},{\"@type\":\"ListItem\",\"position\":3,\"name\":\"Cyclo-Front-Bike-Mont-Plus (Cyclo-Front-Bike-Mont-Plus) (CYCLO-FRONT-BIKE-MOUNT-PLUS)\"}]},{\"@type\":\"WebSite\",\"@id\":\"https:\/\/b2b.calibereurope.com\/#website\",\"url\":\"https:\/\/b2b.calibereurope.com\/\",\"name\":\"Caliber Europe B.V.\",\"description\":\"B2B Webshop\",\"publisher\":{\"@id\":\"https:\/\/b2b.calibereurope.com\/#organization\"},\"potentialAction\":[{\"@type\":\"SearchAction\",\"target\":{\"@type\":\"EntryPoint\",\"urlTemplate\":\"https:\/\/b2b.calibereurope.com\/?s={search_term_string}\"},\"query-input\":{\"@type\":\"PropertyValueSpecification\",\"valueRequired\":true,\"valueName\":\"search_term_string\"}}],\"inLanguage\":\"fr-FR\"},{\"@type\":\"Organization\",\"@id\":\"https:\/\/b2b.calibereurope.com\/#organization\",\"name\":\"Caliber Europe B.V.\",\"url\":\"https:\/\/b2b.calibereurope.com\/\",\"logo\":{\"@type\":\"ImageObject\",\"inLanguage\":\"fr-FR\",\"@id\":\"https:\/\/b2b.calibereurope.com\/#\/schema\/logo\/image\/\",\"url\":\"https:\/\/b2b.calibereurope.com\/wp-content\/uploads\/2020\/12\/Caliber_Logo-Black.png\",\"contentUrl\":\"https:\/\/b2b.calibereurope.com\/wp-content\/uploads\/2020\/12\/Caliber_Logo-Black.png\",\"width\":3157,\"height\":356,\"caption\":\"Caliber Europe B.V.\"},\"image\":{\"@id\":\"https:\/\/b2b.calibereurope.com\/#\/schema\/logo\/image\/\"}}]}<\/script>\n<!-- \/ Yoast SEO plugin. -->","yoast_head_json":{"title":"Mio Cyclo Bike Mount Plus Adaptateur Histoire Histurage Accessiore - Caliber Europe B.V.","robots":{"index":"noindex","follow":"follow","max-snippet":"max-snippet:-1","max-image-preview":"max-image-preview:large","max-video-preview":"max-video-preview:-1"},"og_locale":"fr_FR","og_type":"article","og_title":"Mio Cyclo Bike Mount Plus Adaptateur Histoire Histurage Accessiore - Caliber Europe B.V.","og_description":"Mio Mount de v\u00e9lo avant Assure un bon attachement au guidon. La position du porte-commande est adaptable pour un angle de vision optimal. Ce porte-contr\u00f4le est une mise \u00e0 niveau contrairement au porte-direction fourni par le Mio Cyclo Cyclonavigati. La pince de commande assure une fixation stable sur le guidon de sorte que vous n&#39;avez [&hellip;]","og_url":"https:\/\/b2b.calibereurope.com\/fr\/produit\/cyclo-front-bike-mount-plus-fr_fr\/","og_site_name":"Caliber Europe B.V.","article_modified_time":"2024-07-17T05:41:39+00:00","og_image":[{"width":1024,"height":729,"url":"https:\/\/b2b.calibereurope.com\/wp-content\/uploads\/2021\/09\/e81bea76953d7a1006e1f7b753ad96c81df9c319_Front_Bike_Mount_Plus_1.jpg","type":"image\/jpeg"}],"twitter_card":"summary_large_image","twitter_misc":{"Dur\u00e9e de lecture estim\u00e9e":"1 minute"},"schema":{"@context":"https:\/\/schema.org","@graph":[{"@type":"WebPage","@id":"https:\/\/b2b.calibereurope.com\/fr\/produit\/cyclo-front-bike-mount-plus-fr_fr\/","url":"https:\/\/b2b.calibereurope.com\/fr\/produit\/cyclo-front-bike-mount-plus-fr_fr\/","name":"Mio Cyclo Bike Mount Plus Adaptateur Histoire Histurage Accessiore - Caliber Europe B.V.","isPartOf":{"@id":"https:\/\/b2b.calibereurope.com\/#website"},"primaryImageOfPage":{"@id":"https:\/\/b2b.calibereurope.com\/fr\/produit\/cyclo-front-bike-mount-plus-fr_fr\/#primaryimage"},"image":{"@id":"https:\/\/b2b.calibereurope.com\/fr\/produit\/cyclo-front-bike-mount-plus-fr_fr\/#primaryimage"},"thumbnailUrl":"https:\/\/b2b.calibereurope.com\/wp-content\/uploads\/2024\/07\/e81bea76953d7a1006e1f7b753ad96c81df9c319_Front_Bike_Mount_Plus_1.jpg","datePublished":"2024-07-17T00:00:00+00:00","dateModified":"2024-07-17T05:41:39+00:00","breadcrumb":{"@id":"https:\/\/b2b.calibereurope.com\/fr\/produit\/cyclo-front-bike-mount-plus-fr_fr\/#breadcrumb"},"inLanguage":"fr-FR","potentialAction":[{"@type":"ReadAction","target":["https:\/\/b2b.calibereurope.com\/fr\/produit\/cyclo-front-bike-mount-plus-fr_fr\/"]}]},{"@type":"ImageObject","inLanguage":"fr-FR","@id":"https:\/\/b2b.calibereurope.com\/fr\/produit\/cyclo-front-bike-mount-plus-fr_fr\/#primaryimage","url":"https:\/\/b2b.calibereurope.com\/wp-content\/uploads\/2024\/07\/e81bea76953d7a1006e1f7b753ad96c81df9c319_Front_Bike_Mount_Plus_1.jpg","contentUrl":"https:\/\/b2b.calibereurope.com\/wp-content\/uploads\/2024\/07\/e81bea76953d7a1006e1f7b753ad96c81df9c319_Front_Bike_Mount_Plus_1.jpg","width":1024,"height":729},{"@type":"BreadcrumbList","@id":"https:\/\/b2b.calibereurope.com\/fr\/produit\/cyclo-front-bike-mount-plus-fr_fr\/#breadcrumb","itemListElement":[{"@type":"ListItem","position":1,"name":"Home","item":"https:\/\/b2b.calibereurope.com\/fr\/home\/"},{"@type":"ListItem","position":2,"name":"Boutique","item":"https:\/\/b2b.calibereurope.com\/fr\/boutique\/"},{"@type":"ListItem","position":3,"name":"Cyclo-Front-Bike-Mont-Plus (Cyclo-Front-Bike-Mont-Plus) (CYCLO-FRONT-BIKE-MOUNT-PLUS)"}]},{"@type":"WebSite","@id":"https:\/\/b2b.calibereurope.com\/#website","url":"https:\/\/b2b.calibereurope.com\/","name":"Caliber Europe B.V.","description":"B2B Webshop","publisher":{"@id":"https:\/\/b2b.calibereurope.com\/#organization"},"potentialAction":[{"@type":"SearchAction","target":{"@type":"EntryPoint","urlTemplate":"https:\/\/b2b.calibereurope.com\/?s={search_term_string}"},"query-input":{"@type":"PropertyValueSpecification","valueRequired":true,"valueName":"search_term_string"}}],"inLanguage":"fr-FR"},{"@type":"Organization","@id":"https:\/\/b2b.calibereurope.com\/#organization","name":"Caliber Europe B.V.","url":"https:\/\/b2b.calibereurope.com\/","logo":{"@type":"ImageObject","inLanguage":"fr-FR","@id":"https:\/\/b2b.calibereurope.com\/#\/schema\/logo\/image\/","url":"https:\/\/b2b.calibereurope.com\/wp-content\/uploads\/2020\/12\/Caliber_Logo-Black.png","contentUrl":"https:\/\/b2b.calibereurope.com\/wp-content\/uploads\/2020\/12\/Caliber_Logo-Black.png","width":3157,"height":356,"caption":"Caliber Europe B.V."},"image":{"@id":"https:\/\/b2b.calibereurope.com\/#\/schema\/logo\/image\/"}}]}},"_links":{"self":[{"href":"https:\/\/b2b.calibereurope.com\/fr\/wp-json\/wp\/v2\/product\/458430","targetHints":{"allow":["GET"]}}],"collection":[{"href":"https:\/\/b2b.calibereurope.com\/fr\/wp-json\/wp\/v2\/product"}],"about":[{"href":"https:\/\/b2b.calibereurope.com\/fr\/wp-json\/wp\/v2\/types\/product"}],"version-history":[{"count":0,"href":"https:\/\/b2b.calibereurope.com\/fr\/wp-json\/wp\/v2\/product\/458430\/revisions"}],"wp:featuredmedia":[{"embeddable":true,"href":"https:\/\/b2b.calibereurope.com\/fr\/wp-json\/wp\/v2\/media\/848608"}],"wp:attachment":[{"href":"https:\/\/b2b.calibereurope.com\/fr\/wp-json\/wp\/v2\/media?parent=458430"}],"wp:term":[{"taxonomy":"product_brand","embeddable":true,"href":"https:\/\/b2b.calibereurope.com\/fr\/wp-json\/wp\/v2\/product_brand?post=458430"},{"taxonomy":"product_cat","embeddable":true,"href":"https:\/\/b2b.calibereurope.com\/fr\/wp-json\/wp\/v2\/product_cat?post=458430"},{"taxonomy":"product_tag","embeddable":true,"href":"https:\/\/b2b.calibereurope.com\/fr\/wp-json\/wp\/v2\/product_tag?post=458430"}],"curies":[{"name":"wp","href":"https:\/\/api.w.org\/{rel}","templated":true}]}}