{"id":458571,"date":"2024-07-17T02:00:00","date_gmt":"2024-07-17T00:00:00","guid":{"rendered":""},"modified":"2024-08-16T15:33:58","modified_gmt":"2024-08-16T13:33:58","slug":"MIVUE-795-fr_FR","status":"publish","type":"product","link":"https:\/\/b2b.calibereurope.com\/fr\/produit\/MIVUE-795-fr_FR\/","title":{"rendered":"Mio Mivue 795 Dashcam, 2.5K QHD 1600P, GPS, Notification de cam\u00e9ra Flash, Capteur G, \u00e9cran de 2,7 \u00ab\u00a0"},"content":{"rendered":"<p>Avec le Mio Mivue 795, vous passez clairement l&#39;environnement de votre voiture pendant la journ\u00e9e et la nuit. Les enregistrements de capteur CMOS \u00e0 faible luminosit\u00e9 &#8211; \u00e9galement dans des images vid\u00e9o lumineuses \u00e0 faible luminosit\u00e9 avec des couleurs profondes et un contraste \u00e9lev\u00e9. Cela est utile si vous vous impliquez dans un accident de voiture pendant le cr\u00e9puscule. Le capteur G prend directement des mouvements soudains et stocke les enregistrements de cette promotion. De plus, vous regardez en arri\u00e8re sur les images en 1600p (mieux que la Full HD) dans un angle de vue de 150 degr\u00e9s. Le DashCam enregistre \u00e9galement des plaques d&#39;immatriculation et des feux arri\u00e8re. Gr\u00e2ce au GPS int\u00e9gr\u00e9, votre vitesse et votre emplacement sont enregistr\u00e9s \u00e0 tous les enregistrements. De cette fa\u00e7on, vous montrez que, en cas d&#39;accident, vous ne conduisez pas trop vite. Avez-vous peur que vous fassiez cela? Ensuite, vous recevrez des avertissements d&#39;alerte Flash avec Smart Alert. Le Mivue 795 prend \u00e9galement en compte votre s\u00e9curit\u00e9. De cette fa\u00e7on, vous obtenez un avertissement si vous \u00eates dangereux de fatigu\u00e9 et que DashCam vous attire \u00e0 la suite d&#39;un \u00e9ventuel affrontement. M\u00eame lorsque votre voiture est gar\u00e9e, le Mivue 795 capture les mouvements. C&#39;est ainsi que votre mat\u00e9riel d&#39;image collecte si un cambrioleur est actif. Pour cela, vous avez besoin d&#39;une smartbox (non incluse).<\/p>\n","protected":false},"excerpt":{"rendered":"<p>Avec le Mio Mivue 795, vous passez clairement l&#39;environnement de votre voiture pendant la journ\u00e9e et la nuit. Les enregistrements de capteur CMOS \u00e0 faible luminosit\u00e9 &#8211; \u00e9galement dans des images vid\u00e9o lumineuses \u00e0 faible luminosit\u00e9 avec des couleurs profondes et un contraste \u00e9lev\u00e9. Cela est utile si vous vous impliquez dans un accident de [&hellip;]<\/p>\n","protected":false},"featured_media":848640,"template":"","meta":{"_acf_changed":false,"site-sidebar-layout":"default","site-content-layout":"","ast-site-content-layout":"default","site-content-style":"default","site-sidebar-style":"default","ast-global-header-display":"","ast-banner-title-visibility":"","ast-main-header-display":"","ast-hfb-above-header-display":"","ast-hfb-below-header-display":"","ast-hfb-mobile-header-display":"","site-post-title":"","ast-breadcrumbs-content":"","ast-featured-img":"","footer-sml-layout":"","theme-transparent-header-meta":"","adv-header-id-meta":"","stick-header-meta":"","header-above-stick-meta":"","header-main-stick-meta":"","header-below-stick-meta":"","astra-migrate-meta-layouts":"default","ast-page-background-enabled":"default","ast-page-background-meta":{"desktop":{"background-color":"","background-image":"","background-repeat":"repeat","background-position":"center center","background-size":"auto","background-attachment":"scroll","background-type":"","background-media":"","overlay-type":"","overlay-color":"","overlay-opacity":"","overlay-gradient":""},"tablet":{"background-color":"","background-image":"","background-repeat":"repeat","background-position":"center center","background-size":"auto","background-attachment":"scroll","background-type":"","background-media":"","overlay-type":"","overlay-color":"","overlay-opacity":"","overlay-gradient":""},"mobile":{"background-color":"","background-image":"","background-repeat":"repeat","background-position":"center center","background-size":"auto","background-attachment":"scroll","background-type":"","background-media":"","overlay-type":"","overlay-color":"","overlay-opacity":"","overlay-gradient":""}},"ast-content-background-meta":{"desktop":{"background-color":"var(--ast-global-color-5)","background-image":"","background-repeat":"repeat","background-position":"center center","background-size":"auto","background-attachment":"scroll","background-type":"","background-media":"","overlay-type":"","overlay-color":"","overlay-opacity":"","overlay-gradient":""},"tablet":{"background-color":"var(--ast-global-color-5)","background-image":"","background-repeat":"repeat","background-position":"center center","background-size":"auto","background-attachment":"scroll","background-type":"","background-media":"","overlay-type":"","overlay-color":"","overlay-opacity":"","overlay-gradient":""},"mobile":{"background-color":"var(--ast-global-color-5)","background-image":"","background-repeat":"repeat","background-position":"center center","background-size":"auto","background-attachment":"scroll","background-type":"","background-media":"","overlay-type":"","overlay-color":"","overlay-opacity":"","overlay-gradient":""}}},"product_brand":[],"product_cat":[12190,12182],"product_tag":[11592],"class_list":{"0":"post-458571","1":"product","2":"type-product","3":"status-publish","4":"has-post-thumbnail","6":"product_cat-dashcams_fr_fr","7":"product_cat-beeld_fr_fr","8":"product_tag-mio-fr","9":"desktop-align-center","10":"tablet-align-center","11":"mobile-align-center","12":"ast-product-gallery-layout-horizontal","13":"ast-product-tabs-layout-horizontal","15":"first","16":"outofstock","17":"taxable","18":"shipping-taxable","19":"purchasable","20":"product-type-simple"},"acf":[],"yoast_head":"<!-- This site is optimized with the Yoast SEO plugin v26.5 - https:\/\/yoast.com\/wordpress\/plugins\/seo\/ -->\n<title>Mio Mivue 795 Dashcam, 2.5K QHD 1600P, GPS, Notification de cam\u00e9ra Flash, Capteur G, \u00e9cran de 2,7 &quot; - Caliber Europe B.V.<\/title>\n<meta name=\"robots\" content=\"noindex, follow, max-snippet:-1, max-image-preview:large, max-video-preview:-1\" \/>\n<meta property=\"og:locale\" content=\"fr_FR\" \/>\n<meta property=\"og:type\" content=\"article\" \/>\n<meta property=\"og:title\" content=\"Mio Mivue 795 Dashcam, 2.5K QHD 1600P, GPS, Notification de cam\u00e9ra Flash, Capteur G, \u00e9cran de 2,7 &quot; - Caliber Europe B.V.\" \/>\n<meta property=\"og:description\" content=\"Avec le Mio Mivue 795, vous passez clairement l&#039;environnement de votre voiture pendant la journ\u00e9e et la nuit. Les enregistrements de capteur CMOS \u00e0 faible luminosit\u00e9 &#8211; \u00e9galement dans des images vid\u00e9o lumineuses \u00e0 faible luminosit\u00e9 avec des couleurs profondes et un contraste \u00e9lev\u00e9. Cela est utile si vous vous impliquez dans un accident de [&hellip;]\" \/>\n<meta property=\"og:url\" content=\"https:\/\/b2b.calibereurope.com\/fr\/produit\/MIVUE-795-fr_FR\/\" \/>\n<meta property=\"og:site_name\" content=\"Caliber Europe B.V.\" \/>\n<meta property=\"article:modified_time\" content=\"2024-08-16T13:33:58+00:00\" \/>\n<meta property=\"og:image\" content=\"https:\/\/b2b.calibereurope.com\/wp-content\/uploads\/2021\/11\/39c10c95449f9c16a47ffe8498668f6b852acf35_mivue_795_camera_back_03_2.jpg\" \/>\n\t<meta property=\"og:image:width\" content=\"1024\" \/>\n\t<meta property=\"og:image:height\" content=\"768\" \/>\n\t<meta property=\"og:image:type\" content=\"image\/jpeg\" \/>\n<meta name=\"twitter:card\" content=\"summary_large_image\" \/>\n<meta name=\"twitter:label1\" content=\"Dur\u00e9e de lecture estim\u00e9e\" \/>\n\t<meta name=\"twitter:data1\" content=\"1 minute\" \/>\n<script type=\"application\/ld+json\" class=\"yoast-schema-graph\">{\"@context\":\"https:\/\/schema.org\",\"@graph\":[{\"@type\":\"WebPage\",\"@id\":\"https:\/\/b2b.calibereurope.com\/fr\/produit\/MIVUE-795-fr_FR\/\",\"url\":\"https:\/\/b2b.calibereurope.com\/fr\/produit\/MIVUE-795-fr_FR\/\",\"name\":\"Mio Mivue 795 Dashcam, 2.5K QHD 1600P, GPS, Notification de cam\u00e9ra Flash, Capteur G, \u00e9cran de 2,7 \\\" - Caliber Europe B.V.\",\"isPartOf\":{\"@id\":\"https:\/\/b2b.calibereurope.com\/#website\"},\"primaryImageOfPage\":{\"@id\":\"https:\/\/b2b.calibereurope.com\/fr\/produit\/MIVUE-795-fr_FR\/#primaryimage\"},\"image\":{\"@id\":\"https:\/\/b2b.calibereurope.com\/fr\/produit\/MIVUE-795-fr_FR\/#primaryimage\"},\"thumbnailUrl\":\"https:\/\/b2b.calibereurope.com\/wp-content\/uploads\/2024\/07\/39c10c95449f9c16a47ffe8498668f6b852acf35_mivue_795_camera_back_03_2.jpg\",\"datePublished\":\"2024-07-17T00:00:00+00:00\",\"dateModified\":\"2024-08-16T13:33:58+00:00\",\"breadcrumb\":{\"@id\":\"https:\/\/b2b.calibereurope.com\/fr\/produit\/MIVUE-795-fr_FR\/#breadcrumb\"},\"inLanguage\":\"fr-FR\",\"potentialAction\":[{\"@type\":\"ReadAction\",\"target\":[\"https:\/\/b2b.calibereurope.com\/fr\/produit\/MIVUE-795-fr_FR\/\"]}]},{\"@type\":\"ImageObject\",\"inLanguage\":\"fr-FR\",\"@id\":\"https:\/\/b2b.calibereurope.com\/fr\/produit\/MIVUE-795-fr_FR\/#primaryimage\",\"url\":\"https:\/\/b2b.calibereurope.com\/wp-content\/uploads\/2024\/07\/39c10c95449f9c16a47ffe8498668f6b852acf35_mivue_795_camera_back_03_2.jpg\",\"contentUrl\":\"https:\/\/b2b.calibereurope.com\/wp-content\/uploads\/2024\/07\/39c10c95449f9c16a47ffe8498668f6b852acf35_mivue_795_camera_back_03_2.jpg\",\"width\":1024,\"height\":768},{\"@type\":\"BreadcrumbList\",\"@id\":\"https:\/\/b2b.calibereurope.com\/fr\/produit\/MIVUE-795-fr_FR\/#breadcrumb\",\"itemListElement\":[{\"@type\":\"ListItem\",\"position\":1,\"name\":\"Home\",\"item\":\"https:\/\/b2b.calibereurope.com\/fr\/home\/\"},{\"@type\":\"ListItem\",\"position\":2,\"name\":\"Boutique\",\"item\":\"https:\/\/b2b.calibereurope.com\/fr\/boutique\/\"},{\"@type\":\"ListItem\",\"position\":3,\"name\":\"MIVUE -795 (MIVUE-795)\"}]},{\"@type\":\"WebSite\",\"@id\":\"https:\/\/b2b.calibereurope.com\/#website\",\"url\":\"https:\/\/b2b.calibereurope.com\/\",\"name\":\"Caliber Europe B.V.\",\"description\":\"B2B Webshop\",\"publisher\":{\"@id\":\"https:\/\/b2b.calibereurope.com\/#organization\"},\"potentialAction\":[{\"@type\":\"SearchAction\",\"target\":{\"@type\":\"EntryPoint\",\"urlTemplate\":\"https:\/\/b2b.calibereurope.com\/?s={search_term_string}\"},\"query-input\":{\"@type\":\"PropertyValueSpecification\",\"valueRequired\":true,\"valueName\":\"search_term_string\"}}],\"inLanguage\":\"fr-FR\"},{\"@type\":\"Organization\",\"@id\":\"https:\/\/b2b.calibereurope.com\/#organization\",\"name\":\"Caliber Europe B.V.\",\"url\":\"https:\/\/b2b.calibereurope.com\/\",\"logo\":{\"@type\":\"ImageObject\",\"inLanguage\":\"fr-FR\",\"@id\":\"https:\/\/b2b.calibereurope.com\/#\/schema\/logo\/image\/\",\"url\":\"https:\/\/b2b.calibereurope.com\/wp-content\/uploads\/2020\/12\/Caliber_Logo-Black.png\",\"contentUrl\":\"https:\/\/b2b.calibereurope.com\/wp-content\/uploads\/2020\/12\/Caliber_Logo-Black.png\",\"width\":3157,\"height\":356,\"caption\":\"Caliber Europe B.V.\"},\"image\":{\"@id\":\"https:\/\/b2b.calibereurope.com\/#\/schema\/logo\/image\/\"}}]}<\/script>\n<!-- \/ Yoast SEO plugin. -->","yoast_head_json":{"title":"Mio Mivue 795 Dashcam, 2.5K QHD 1600P, GPS, Notification de cam\u00e9ra Flash, Capteur G, \u00e9cran de 2,7 \" - Caliber Europe B.V.","robots":{"index":"noindex","follow":"follow","max-snippet":"max-snippet:-1","max-image-preview":"max-image-preview:large","max-video-preview":"max-video-preview:-1"},"og_locale":"fr_FR","og_type":"article","og_title":"Mio Mivue 795 Dashcam, 2.5K QHD 1600P, GPS, Notification de cam\u00e9ra Flash, Capteur G, \u00e9cran de 2,7 \" - Caliber Europe B.V.","og_description":"Avec le Mio Mivue 795, vous passez clairement l&#39;environnement de votre voiture pendant la journ\u00e9e et la nuit. Les enregistrements de capteur CMOS \u00e0 faible luminosit\u00e9 &#8211; \u00e9galement dans des images vid\u00e9o lumineuses \u00e0 faible luminosit\u00e9 avec des couleurs profondes et un contraste \u00e9lev\u00e9. Cela est utile si vous vous impliquez dans un accident de [&hellip;]","og_url":"https:\/\/b2b.calibereurope.com\/fr\/produit\/MIVUE-795-fr_FR\/","og_site_name":"Caliber Europe B.V.","article_modified_time":"2024-08-16T13:33:58+00:00","og_image":[{"width":1024,"height":768,"url":"https:\/\/b2b.calibereurope.com\/wp-content\/uploads\/2021\/11\/39c10c95449f9c16a47ffe8498668f6b852acf35_mivue_795_camera_back_03_2.jpg","type":"image\/jpeg"}],"twitter_card":"summary_large_image","twitter_misc":{"Dur\u00e9e de lecture estim\u00e9e":"1 minute"},"schema":{"@context":"https:\/\/schema.org","@graph":[{"@type":"WebPage","@id":"https:\/\/b2b.calibereurope.com\/fr\/produit\/MIVUE-795-fr_FR\/","url":"https:\/\/b2b.calibereurope.com\/fr\/produit\/MIVUE-795-fr_FR\/","name":"Mio Mivue 795 Dashcam, 2.5K QHD 1600P, GPS, Notification de cam\u00e9ra Flash, Capteur G, \u00e9cran de 2,7 \" - Caliber Europe B.V.","isPartOf":{"@id":"https:\/\/b2b.calibereurope.com\/#website"},"primaryImageOfPage":{"@id":"https:\/\/b2b.calibereurope.com\/fr\/produit\/MIVUE-795-fr_FR\/#primaryimage"},"image":{"@id":"https:\/\/b2b.calibereurope.com\/fr\/produit\/MIVUE-795-fr_FR\/#primaryimage"},"thumbnailUrl":"https:\/\/b2b.calibereurope.com\/wp-content\/uploads\/2024\/07\/39c10c95449f9c16a47ffe8498668f6b852acf35_mivue_795_camera_back_03_2.jpg","datePublished":"2024-07-17T00:00:00+00:00","dateModified":"2024-08-16T13:33:58+00:00","breadcrumb":{"@id":"https:\/\/b2b.calibereurope.com\/fr\/produit\/MIVUE-795-fr_FR\/#breadcrumb"},"inLanguage":"fr-FR","potentialAction":[{"@type":"ReadAction","target":["https:\/\/b2b.calibereurope.com\/fr\/produit\/MIVUE-795-fr_FR\/"]}]},{"@type":"ImageObject","inLanguage":"fr-FR","@id":"https:\/\/b2b.calibereurope.com\/fr\/produit\/MIVUE-795-fr_FR\/#primaryimage","url":"https:\/\/b2b.calibereurope.com\/wp-content\/uploads\/2024\/07\/39c10c95449f9c16a47ffe8498668f6b852acf35_mivue_795_camera_back_03_2.jpg","contentUrl":"https:\/\/b2b.calibereurope.com\/wp-content\/uploads\/2024\/07\/39c10c95449f9c16a47ffe8498668f6b852acf35_mivue_795_camera_back_03_2.jpg","width":1024,"height":768},{"@type":"BreadcrumbList","@id":"https:\/\/b2b.calibereurope.com\/fr\/produit\/MIVUE-795-fr_FR\/#breadcrumb","itemListElement":[{"@type":"ListItem","position":1,"name":"Home","item":"https:\/\/b2b.calibereurope.com\/fr\/home\/"},{"@type":"ListItem","position":2,"name":"Boutique","item":"https:\/\/b2b.calibereurope.com\/fr\/boutique\/"},{"@type":"ListItem","position":3,"name":"MIVUE -795 (MIVUE-795)"}]},{"@type":"WebSite","@id":"https:\/\/b2b.calibereurope.com\/#website","url":"https:\/\/b2b.calibereurope.com\/","name":"Caliber Europe B.V.","description":"B2B Webshop","publisher":{"@id":"https:\/\/b2b.calibereurope.com\/#organization"},"potentialAction":[{"@type":"SearchAction","target":{"@type":"EntryPoint","urlTemplate":"https:\/\/b2b.calibereurope.com\/?s={search_term_string}"},"query-input":{"@type":"PropertyValueSpecification","valueRequired":true,"valueName":"search_term_string"}}],"inLanguage":"fr-FR"},{"@type":"Organization","@id":"https:\/\/b2b.calibereurope.com\/#organization","name":"Caliber Europe B.V.","url":"https:\/\/b2b.calibereurope.com\/","logo":{"@type":"ImageObject","inLanguage":"fr-FR","@id":"https:\/\/b2b.calibereurope.com\/#\/schema\/logo\/image\/","url":"https:\/\/b2b.calibereurope.com\/wp-content\/uploads\/2020\/12\/Caliber_Logo-Black.png","contentUrl":"https:\/\/b2b.calibereurope.com\/wp-content\/uploads\/2020\/12\/Caliber_Logo-Black.png","width":3157,"height":356,"caption":"Caliber Europe B.V."},"image":{"@id":"https:\/\/b2b.calibereurope.com\/#\/schema\/logo\/image\/"}}]}},"_links":{"self":[{"href":"https:\/\/b2b.calibereurope.com\/fr\/wp-json\/wp\/v2\/product\/458571","targetHints":{"allow":["GET"]}}],"collection":[{"href":"https:\/\/b2b.calibereurope.com\/fr\/wp-json\/wp\/v2\/product"}],"about":[{"href":"https:\/\/b2b.calibereurope.com\/fr\/wp-json\/wp\/v2\/types\/product"}],"version-history":[{"count":0,"href":"https:\/\/b2b.calibereurope.com\/fr\/wp-json\/wp\/v2\/product\/458571\/revisions"}],"wp:featuredmedia":[{"embeddable":true,"href":"https:\/\/b2b.calibereurope.com\/fr\/wp-json\/wp\/v2\/media\/848640"}],"wp:attachment":[{"href":"https:\/\/b2b.calibereurope.com\/fr\/wp-json\/wp\/v2\/media?parent=458571"}],"wp:term":[{"taxonomy":"product_brand","embeddable":true,"href":"https:\/\/b2b.calibereurope.com\/fr\/wp-json\/wp\/v2\/product_brand?post=458571"},{"taxonomy":"product_cat","embeddable":true,"href":"https:\/\/b2b.calibereurope.com\/fr\/wp-json\/wp\/v2\/product_cat?post=458571"},{"taxonomy":"product_tag","embeddable":true,"href":"https:\/\/b2b.calibereurope.com\/fr\/wp-json\/wp\/v2\/product_tag?post=458571"}],"curies":[{"name":"wp","href":"https:\/\/api.w.org\/{rel}","templated":true}]}}