{"id":458646,"date":"2024-07-17T00:00:00","date_gmt":"2024-07-17T00:00:00","guid":{"rendered":""},"modified":"2024-07-17T07:42:00","modified_gmt":"2024-07-17T05:42:00","slug":"REAR-VIEW-CAMERA-A50-fr_FR","status":"publish","type":"product","link":"https:\/\/b2b.calibereurope.com\/fr\/produit\/REAR-VIEW-CAMERA-A50-fr_FR\/","title":{"rendered":"Mio Mivue A50 Huit Cam\u00e9ra, Full HD 1080P avec capteur de lumi\u00e8re basse pour la s\u00e9rie MIVUE DASHCAM. Sony Starvis"},"content":{"rendered":"<p>La cam\u00e9ra arri\u00e8re Mio Mivue A50 est une extension de votre Dashcam Mio Mivue. Cette cam\u00e9ra de recul corrige la situation de la route derri\u00e8re la voiture. En raison du capteur \u00e0 faible luminosit\u00e9 Sony Starvis, il offre \u00e9galement une bonne image dans le noir, en combinaison avec les enregistrements Full HD 1080p. L&#39;angle d&#39;image de 140 degr\u00e9s prend \u00e9galement la cam\u00e9ra arri\u00e8re sur ce qui vous arrive sur les voies.<br \/>\nUne fois que vous avez d\u00e9marr\u00e9 la voiture, l&#39;appareil photo se connecte automatiquement au DashCam dans la voiture et commence les enregistrements.<\/p>\n","protected":false},"excerpt":{"rendered":"<p>La cam\u00e9ra arri\u00e8re Mio Mivue A50 est une extension de votre Dashcam Mio Mivue. Cette cam\u00e9ra de recul corrige la situation de la route derri\u00e8re la voiture. En raison du capteur \u00e0 faible luminosit\u00e9 Sony Starvis, il offre \u00e9galement une bonne image dans le noir, en combinaison avec les enregistrements Full HD 1080p. L&#39;angle d&#39;image [&hellip;]<\/p>\n","protected":false},"featured_media":790525,"template":"","meta":{"_acf_changed":false,"site-sidebar-layout":"default","site-content-layout":"","ast-site-content-layout":"default","site-content-style":"default","site-sidebar-style":"default","ast-global-header-display":"","ast-banner-title-visibility":"","ast-main-header-display":"","ast-hfb-above-header-display":"","ast-hfb-below-header-display":"","ast-hfb-mobile-header-display":"","site-post-title":"","ast-breadcrumbs-content":"","ast-featured-img":"","footer-sml-layout":"","theme-transparent-header-meta":"","adv-header-id-meta":"","stick-header-meta":"","header-above-stick-meta":"","header-main-stick-meta":"","header-below-stick-meta":"","astra-migrate-meta-layouts":"default","ast-page-background-enabled":"default","ast-page-background-meta":{"desktop":{"background-color":"","background-image":"","background-repeat":"repeat","background-position":"center center","background-size":"auto","background-attachment":"scroll","background-type":"","background-media":"","overlay-type":"","overlay-color":"","overlay-opacity":"","overlay-gradient":""},"tablet":{"background-color":"","background-image":"","background-repeat":"repeat","background-position":"center center","background-size":"auto","background-attachment":"scroll","background-type":"","background-media":"","overlay-type":"","overlay-color":"","overlay-opacity":"","overlay-gradient":""},"mobile":{"background-color":"","background-image":"","background-repeat":"repeat","background-position":"center center","background-size":"auto","background-attachment":"scroll","background-type":"","background-media":"","overlay-type":"","overlay-color":"","overlay-opacity":"","overlay-gradient":""}},"ast-content-background-meta":{"desktop":{"background-color":"var(--ast-global-color-5)","background-image":"","background-repeat":"repeat","background-position":"center center","background-size":"auto","background-attachment":"scroll","background-type":"","background-media":"","overlay-type":"","overlay-color":"","overlay-opacity":"","overlay-gradient":""},"tablet":{"background-color":"var(--ast-global-color-5)","background-image":"","background-repeat":"repeat","background-position":"center center","background-size":"auto","background-attachment":"scroll","background-type":"","background-media":"","overlay-type":"","overlay-color":"","overlay-opacity":"","overlay-gradient":""},"mobile":{"background-color":"var(--ast-global-color-5)","background-image":"","background-repeat":"repeat","background-position":"center center","background-size":"auto","background-attachment":"scroll","background-type":"","background-media":"","overlay-type":"","overlay-color":"","overlay-opacity":"","overlay-gradient":""}}},"product_brand":[],"product_cat":[12190,12182],"product_tag":[11592],"class_list":{"0":"post-458646","1":"product","2":"type-product","3":"status-publish","4":"has-post-thumbnail","6":"product_cat-dashcams_fr_fr","7":"product_cat-beeld_fr_fr","8":"product_tag-mio-fr","9":"desktop-align-center","10":"tablet-align-center","11":"mobile-align-center","12":"ast-product-gallery-layout-horizontal","13":"ast-product-tabs-layout-horizontal","15":"first","16":"outofstock","17":"taxable","18":"shipping-taxable","19":"purchasable","20":"product-type-simple"},"acf":[],"yoast_head":"<!-- This site is optimized with the Yoast SEO plugin v26.5 - https:\/\/yoast.com\/wordpress\/plugins\/seo\/ -->\n<title>Mio Mivue A50 Huit Cam\u00e9ra, Full HD 1080P avec capteur de lumi\u00e8re basse pour la s\u00e9rie MIVUE DASHCAM. Sony Starvis - Caliber Europe B.V.<\/title>\n<meta name=\"robots\" content=\"noindex, follow, max-snippet:-1, max-image-preview:large, max-video-preview:-1\" \/>\n<meta property=\"og:locale\" content=\"fr_FR\" \/>\n<meta property=\"og:type\" content=\"article\" \/>\n<meta property=\"og:title\" content=\"Mio Mivue A50 Huit Cam\u00e9ra, Full HD 1080P avec capteur de lumi\u00e8re basse pour la s\u00e9rie MIVUE DASHCAM. Sony Starvis - Caliber Europe B.V.\" \/>\n<meta property=\"og:description\" content=\"La cam\u00e9ra arri\u00e8re Mio Mivue A50 est une extension de votre Dashcam Mio Mivue. Cette cam\u00e9ra de recul corrige la situation de la route derri\u00e8re la voiture. En raison du capteur \u00e0 faible luminosit\u00e9 Sony Starvis, il offre \u00e9galement une bonne image dans le noir, en combinaison avec les enregistrements Full HD 1080p. L&#039;angle d&#039;image [&hellip;]\" \/>\n<meta property=\"og:url\" content=\"https:\/\/b2b.calibereurope.com\/fr\/produit\/REAR-VIEW-CAMERA-A50-fr_FR\/\" \/>\n<meta property=\"og:site_name\" content=\"Caliber Europe B.V.\" \/>\n<meta property=\"article:modified_time\" content=\"2024-07-17T05:42:00+00:00\" \/>\n<meta property=\"og:image\" content=\"https:\/\/b2b.calibereurope.com\/wp-content\/uploads\/2021\/11\/e12ba3042c397f4ff39ae70a10513a8af8823ce1_MiVue_T50_A50_camera_Front-scaled.jpg\" \/>\n\t<meta property=\"og:image:width\" content=\"2560\" \/>\n\t<meta property=\"og:image:height\" content=\"1506\" \/>\n\t<meta property=\"og:image:type\" content=\"image\/jpeg\" \/>\n<meta name=\"twitter:card\" content=\"summary_large_image\" \/>\n<meta name=\"twitter:label1\" content=\"Dur\u00e9e de lecture estim\u00e9e\" \/>\n\t<meta name=\"twitter:data1\" content=\"1 minute\" \/>\n<script type=\"application\/ld+json\" class=\"yoast-schema-graph\">{\"@context\":\"https:\/\/schema.org\",\"@graph\":[{\"@type\":\"WebPage\",\"@id\":\"https:\/\/b2b.calibereurope.com\/fr\/produit\/REAR-VIEW-CAMERA-A50-fr_FR\/\",\"url\":\"https:\/\/b2b.calibereurope.com\/fr\/produit\/REAR-VIEW-CAMERA-A50-fr_FR\/\",\"name\":\"Mio Mivue A50 Huit Cam\u00e9ra, Full HD 1080P avec capteur de lumi\u00e8re basse pour la s\u00e9rie MIVUE DASHCAM. Sony Starvis - Caliber Europe B.V.\",\"isPartOf\":{\"@id\":\"https:\/\/b2b.calibereurope.com\/#website\"},\"primaryImageOfPage\":{\"@id\":\"https:\/\/b2b.calibereurope.com\/fr\/produit\/REAR-VIEW-CAMERA-A50-fr_FR\/#primaryimage\"},\"image\":{\"@id\":\"https:\/\/b2b.calibereurope.com\/fr\/produit\/REAR-VIEW-CAMERA-A50-fr_FR\/#primaryimage\"},\"thumbnailUrl\":\"https:\/\/b2b.calibereurope.com\/wp-content\/uploads\/2023\/01\/e12ba3042c397f4ff39ae70a10513a8af8823ce1_MiVue_T50_A50_camera_Front-scaled.jpg\",\"datePublished\":\"2024-07-17T00:00:00+00:00\",\"dateModified\":\"2024-07-17T05:42:00+00:00\",\"breadcrumb\":{\"@id\":\"https:\/\/b2b.calibereurope.com\/fr\/produit\/REAR-VIEW-CAMERA-A50-fr_FR\/#breadcrumb\"},\"inLanguage\":\"fr-FR\",\"potentialAction\":[{\"@type\":\"ReadAction\",\"target\":[\"https:\/\/b2b.calibereurope.com\/fr\/produit\/REAR-VIEW-CAMERA-A50-fr_FR\/\"]}]},{\"@type\":\"ImageObject\",\"inLanguage\":\"fr-FR\",\"@id\":\"https:\/\/b2b.calibereurope.com\/fr\/produit\/REAR-VIEW-CAMERA-A50-fr_FR\/#primaryimage\",\"url\":\"https:\/\/b2b.calibereurope.com\/wp-content\/uploads\/2023\/01\/e12ba3042c397f4ff39ae70a10513a8af8823ce1_MiVue_T50_A50_camera_Front-scaled.jpg\",\"contentUrl\":\"https:\/\/b2b.calibereurope.com\/wp-content\/uploads\/2023\/01\/e12ba3042c397f4ff39ae70a10513a8af8823ce1_MiVue_T50_A50_camera_Front-scaled.jpg\",\"width\":2560,\"height\":1506},{\"@type\":\"BreadcrumbList\",\"@id\":\"https:\/\/b2b.calibereurope.com\/fr\/produit\/REAR-VIEW-CAMERA-A50-fr_FR\/#breadcrumb\",\"itemListElement\":[{\"@type\":\"ListItem\",\"position\":1,\"name\":\"Home\",\"item\":\"https:\/\/b2b.calibereurope.com\/fr\/home\/\"},{\"@type\":\"ListItem\",\"position\":2,\"name\":\"Boutique\",\"item\":\"https:\/\/b2b.calibereurope.com\/fr\/boutique\/\"},{\"@type\":\"ListItem\",\"position\":3,\"name\":\"MIO A50 (vue arri\u00e8re-cam\u00e9ra-A50 arri\u00e8re-cam\u00e9ra-A50) (REAR-VIEW-CAMERA-A50)\"}]},{\"@type\":\"WebSite\",\"@id\":\"https:\/\/b2b.calibereurope.com\/#website\",\"url\":\"https:\/\/b2b.calibereurope.com\/\",\"name\":\"Caliber Europe B.V.\",\"description\":\"B2B Webshop\",\"publisher\":{\"@id\":\"https:\/\/b2b.calibereurope.com\/#organization\"},\"potentialAction\":[{\"@type\":\"SearchAction\",\"target\":{\"@type\":\"EntryPoint\",\"urlTemplate\":\"https:\/\/b2b.calibereurope.com\/?s={search_term_string}\"},\"query-input\":{\"@type\":\"PropertyValueSpecification\",\"valueRequired\":true,\"valueName\":\"search_term_string\"}}],\"inLanguage\":\"fr-FR\"},{\"@type\":\"Organization\",\"@id\":\"https:\/\/b2b.calibereurope.com\/#organization\",\"name\":\"Caliber Europe B.V.\",\"url\":\"https:\/\/b2b.calibereurope.com\/\",\"logo\":{\"@type\":\"ImageObject\",\"inLanguage\":\"fr-FR\",\"@id\":\"https:\/\/b2b.calibereurope.com\/#\/schema\/logo\/image\/\",\"url\":\"https:\/\/b2b.calibereurope.com\/wp-content\/uploads\/2020\/12\/Caliber_Logo-Black.png\",\"contentUrl\":\"https:\/\/b2b.calibereurope.com\/wp-content\/uploads\/2020\/12\/Caliber_Logo-Black.png\",\"width\":3157,\"height\":356,\"caption\":\"Caliber Europe B.V.\"},\"image\":{\"@id\":\"https:\/\/b2b.calibereurope.com\/#\/schema\/logo\/image\/\"}}]}<\/script>\n<!-- \/ Yoast SEO plugin. -->","yoast_head_json":{"title":"Mio Mivue A50 Huit Cam\u00e9ra, Full HD 1080P avec capteur de lumi\u00e8re basse pour la s\u00e9rie MIVUE DASHCAM. Sony Starvis - Caliber Europe B.V.","robots":{"index":"noindex","follow":"follow","max-snippet":"max-snippet:-1","max-image-preview":"max-image-preview:large","max-video-preview":"max-video-preview:-1"},"og_locale":"fr_FR","og_type":"article","og_title":"Mio Mivue A50 Huit Cam\u00e9ra, Full HD 1080P avec capteur de lumi\u00e8re basse pour la s\u00e9rie MIVUE DASHCAM. Sony Starvis - Caliber Europe B.V.","og_description":"La cam\u00e9ra arri\u00e8re Mio Mivue A50 est une extension de votre Dashcam Mio Mivue. Cette cam\u00e9ra de recul corrige la situation de la route derri\u00e8re la voiture. En raison du capteur \u00e0 faible luminosit\u00e9 Sony Starvis, il offre \u00e9galement une bonne image dans le noir, en combinaison avec les enregistrements Full HD 1080p. L&#39;angle d&#39;image [&hellip;]","og_url":"https:\/\/b2b.calibereurope.com\/fr\/produit\/REAR-VIEW-CAMERA-A50-fr_FR\/","og_site_name":"Caliber Europe B.V.","article_modified_time":"2024-07-17T05:42:00+00:00","og_image":[{"width":2560,"height":1506,"url":"https:\/\/b2b.calibereurope.com\/wp-content\/uploads\/2021\/11\/e12ba3042c397f4ff39ae70a10513a8af8823ce1_MiVue_T50_A50_camera_Front-scaled.jpg","type":"image\/jpeg"}],"twitter_card":"summary_large_image","twitter_misc":{"Dur\u00e9e de lecture estim\u00e9e":"1 minute"},"schema":{"@context":"https:\/\/schema.org","@graph":[{"@type":"WebPage","@id":"https:\/\/b2b.calibereurope.com\/fr\/produit\/REAR-VIEW-CAMERA-A50-fr_FR\/","url":"https:\/\/b2b.calibereurope.com\/fr\/produit\/REAR-VIEW-CAMERA-A50-fr_FR\/","name":"Mio Mivue A50 Huit Cam\u00e9ra, Full HD 1080P avec capteur de lumi\u00e8re basse pour la s\u00e9rie MIVUE DASHCAM. Sony Starvis - Caliber Europe B.V.","isPartOf":{"@id":"https:\/\/b2b.calibereurope.com\/#website"},"primaryImageOfPage":{"@id":"https:\/\/b2b.calibereurope.com\/fr\/produit\/REAR-VIEW-CAMERA-A50-fr_FR\/#primaryimage"},"image":{"@id":"https:\/\/b2b.calibereurope.com\/fr\/produit\/REAR-VIEW-CAMERA-A50-fr_FR\/#primaryimage"},"thumbnailUrl":"https:\/\/b2b.calibereurope.com\/wp-content\/uploads\/2023\/01\/e12ba3042c397f4ff39ae70a10513a8af8823ce1_MiVue_T50_A50_camera_Front-scaled.jpg","datePublished":"2024-07-17T00:00:00+00:00","dateModified":"2024-07-17T05:42:00+00:00","breadcrumb":{"@id":"https:\/\/b2b.calibereurope.com\/fr\/produit\/REAR-VIEW-CAMERA-A50-fr_FR\/#breadcrumb"},"inLanguage":"fr-FR","potentialAction":[{"@type":"ReadAction","target":["https:\/\/b2b.calibereurope.com\/fr\/produit\/REAR-VIEW-CAMERA-A50-fr_FR\/"]}]},{"@type":"ImageObject","inLanguage":"fr-FR","@id":"https:\/\/b2b.calibereurope.com\/fr\/produit\/REAR-VIEW-CAMERA-A50-fr_FR\/#primaryimage","url":"https:\/\/b2b.calibereurope.com\/wp-content\/uploads\/2023\/01\/e12ba3042c397f4ff39ae70a10513a8af8823ce1_MiVue_T50_A50_camera_Front-scaled.jpg","contentUrl":"https:\/\/b2b.calibereurope.com\/wp-content\/uploads\/2023\/01\/e12ba3042c397f4ff39ae70a10513a8af8823ce1_MiVue_T50_A50_camera_Front-scaled.jpg","width":2560,"height":1506},{"@type":"BreadcrumbList","@id":"https:\/\/b2b.calibereurope.com\/fr\/produit\/REAR-VIEW-CAMERA-A50-fr_FR\/#breadcrumb","itemListElement":[{"@type":"ListItem","position":1,"name":"Home","item":"https:\/\/b2b.calibereurope.com\/fr\/home\/"},{"@type":"ListItem","position":2,"name":"Boutique","item":"https:\/\/b2b.calibereurope.com\/fr\/boutique\/"},{"@type":"ListItem","position":3,"name":"MIO A50 (vue arri\u00e8re-cam\u00e9ra-A50 arri\u00e8re-cam\u00e9ra-A50) (REAR-VIEW-CAMERA-A50)"}]},{"@type":"WebSite","@id":"https:\/\/b2b.calibereurope.com\/#website","url":"https:\/\/b2b.calibereurope.com\/","name":"Caliber Europe B.V.","description":"B2B Webshop","publisher":{"@id":"https:\/\/b2b.calibereurope.com\/#organization"},"potentialAction":[{"@type":"SearchAction","target":{"@type":"EntryPoint","urlTemplate":"https:\/\/b2b.calibereurope.com\/?s={search_term_string}"},"query-input":{"@type":"PropertyValueSpecification","valueRequired":true,"valueName":"search_term_string"}}],"inLanguage":"fr-FR"},{"@type":"Organization","@id":"https:\/\/b2b.calibereurope.com\/#organization","name":"Caliber Europe B.V.","url":"https:\/\/b2b.calibereurope.com\/","logo":{"@type":"ImageObject","inLanguage":"fr-FR","@id":"https:\/\/b2b.calibereurope.com\/#\/schema\/logo\/image\/","url":"https:\/\/b2b.calibereurope.com\/wp-content\/uploads\/2020\/12\/Caliber_Logo-Black.png","contentUrl":"https:\/\/b2b.calibereurope.com\/wp-content\/uploads\/2020\/12\/Caliber_Logo-Black.png","width":3157,"height":356,"caption":"Caliber Europe B.V."},"image":{"@id":"https:\/\/b2b.calibereurope.com\/#\/schema\/logo\/image\/"}}]}},"_links":{"self":[{"href":"https:\/\/b2b.calibereurope.com\/fr\/wp-json\/wp\/v2\/product\/458646","targetHints":{"allow":["GET"]}}],"collection":[{"href":"https:\/\/b2b.calibereurope.com\/fr\/wp-json\/wp\/v2\/product"}],"about":[{"href":"https:\/\/b2b.calibereurope.com\/fr\/wp-json\/wp\/v2\/types\/product"}],"version-history":[{"count":0,"href":"https:\/\/b2b.calibereurope.com\/fr\/wp-json\/wp\/v2\/product\/458646\/revisions"}],"wp:featuredmedia":[{"embeddable":true,"href":"https:\/\/b2b.calibereurope.com\/fr\/wp-json\/wp\/v2\/media\/790525"}],"wp:attachment":[{"href":"https:\/\/b2b.calibereurope.com\/fr\/wp-json\/wp\/v2\/media?parent=458646"}],"wp:term":[{"taxonomy":"product_brand","embeddable":true,"href":"https:\/\/b2b.calibereurope.com\/fr\/wp-json\/wp\/v2\/product_brand?post=458646"},{"taxonomy":"product_cat","embeddable":true,"href":"https:\/\/b2b.calibereurope.com\/fr\/wp-json\/wp\/v2\/product_cat?post=458646"},{"taxonomy":"product_tag","embeddable":true,"href":"https:\/\/b2b.calibereurope.com\/fr\/wp-json\/wp\/v2\/product_tag?post=458646"}],"curies":[{"name":"wp","href":"https:\/\/api.w.org\/{rel}","templated":true}]}}