{"id":458650,"date":"2024-07-17T00:00:00","date_gmt":"2024-07-17T00:00:00","guid":{"rendered":""},"modified":"2024-07-17T07:42:24","modified_gmt":"2024-07-17T05:42:24","slug":"MIVUE-866-fr_FR","status":"publish","type":"product","link":"https:\/\/b2b.calibereurope.com\/fr\/produit\/MIVUE-866-fr_FR\/","title":{"rendered":"Mio Mivue 866 Dashcam, Full HD 1080P, GPS, G-Sensor, WiFi, Notification de la cam\u00e9ra Flash, 2,7 \u00ab\u00a0Affichage, Mio Night Vision"},"content":{"rendered":"<p>Le Mio Mivue 866 enregistre votre environnement jour et nuit dans une tr\u00e8s grande luminosit\u00e9 et avec des couleurs vibrantes. Le capteur Mio Ultra est 1,5 fois sup\u00e9rieur au capteur normal. Ce capteur a \u00e9galement des fonctions utiles qui \u00e9largissent votre facilit\u00e9 de conduite et de s\u00e9curit\u00e9. Ce dashcam a un angle de cam\u00e9ra inf\u00e9rieur \u00e0 150 degr\u00e9s et s\u00e9curise votre itin\u00e9raire en Full HD en 60 images par seconde. En cons\u00e9quence, les images sont \u00e9galement tr\u00e8s fortes \u00e0 une vitesse \u00e9lev\u00e9e. Gr\u00e2ce au WiFi, vous synchronisez les enregistrements en temps r\u00e9el avec votre smartphone. Le capteur G prend directement des mouvements soudains et stocke les enregistrements de cette promotion. Ce dashcam a un angle de cam\u00e9ra ajustable de moins de 140 degr\u00e9s. De cette fa\u00e7on, vous d\u00e9terminez quelle partie que vous montrez. Le MIVUE dispose \u00e9galement d&#39;une connexion Wi-Fi, vous synchronisez les enregistrements en temps r\u00e9el avec votre smartphone. Parall\u00e8lement, vous avez une s\u00e9curit\u00e9 suppl\u00e9mentaire avec l&#39;avertissement de la cam\u00e9ra de vitesse GPS, de sorte que vous soyez averti \u00e0 temps pour une cam\u00e9ra de vitesse. De plus, vous emp\u00eachez les cibles avec les avertissements moyens de la cam\u00e9ra de vitesse. La limite de vitesse, le temps et la distance restants sont affich\u00e9s ici. Gr\u00e2ce au GPS int\u00e9gr\u00e9, vous recevrez des avertissements Flash via une alerte intelligente et votre vitesse de conduite sera enregistr\u00e9e avec pr\u00e9cision. Le MIVUE prend \u00e9galement en compte votre s\u00e9curit\u00e9. De cette fa\u00e7on, vous obtenez un avertissement si vous \u00eates dangereux de fatigu\u00e9 et que DashCam vous attire \u00e0 la suite d&#39;un \u00e9ventuel affrontement. M\u00eame si votre voiture est gar\u00e9e, le MIVUE se d\u00e9place coinc\u00e9. La position de stationnement aliment\u00e9e passivement; Avec une position de stationnement en attente de 48 heures sur des batteries internes, le MIVUE d\u00e9marre automatiquement l&#39;enregistrement si des vibrations sont d\u00e9tect\u00e9es. De plus, le MIVU peut \u00eatre li\u00e9 \u00e0 une smartbox pour des p\u00e9riodes d&#39;enregistrement plus longues. C&#39;est ainsi que votre mat\u00e9riel d&#39;image collecte si un cambrioleur est actif. Pour cela, vous avez besoin d&#39;une smartbox (non incluse).<\/p>\n","protected":false},"excerpt":{"rendered":"<p>Le Mio Mivue 866 enregistre votre environnement jour et nuit dans une tr\u00e8s grande luminosit\u00e9 et avec des couleurs vibrantes. Le capteur Mio Ultra est 1,5 fois sup\u00e9rieur au capteur normal. Ce capteur a \u00e9galement des fonctions utiles qui \u00e9largissent votre facilit\u00e9 de conduite et de s\u00e9curit\u00e9. Ce dashcam a un angle de cam\u00e9ra inf\u00e9rieur [&hellip;]<\/p>\n","protected":false},"featured_media":652823,"template":"","meta":{"_acf_changed":false,"site-sidebar-layout":"default","site-content-layout":"","ast-site-content-layout":"default","site-content-style":"default","site-sidebar-style":"default","ast-global-header-display":"","ast-banner-title-visibility":"","ast-main-header-display":"","ast-hfb-above-header-display":"","ast-hfb-below-header-display":"","ast-hfb-mobile-header-display":"","site-post-title":"","ast-breadcrumbs-content":"","ast-featured-img":"","footer-sml-layout":"","theme-transparent-header-meta":"","adv-header-id-meta":"","stick-header-meta":"","header-above-stick-meta":"","header-main-stick-meta":"","header-below-stick-meta":"","astra-migrate-meta-layouts":"default","ast-page-background-enabled":"default","ast-page-background-meta":{"desktop":{"background-color":"","background-image":"","background-repeat":"repeat","background-position":"center center","background-size":"auto","background-attachment":"scroll","background-type":"","background-media":"","overlay-type":"","overlay-color":"","overlay-opacity":"","overlay-gradient":""},"tablet":{"background-color":"","background-image":"","background-repeat":"repeat","background-position":"center center","background-size":"auto","background-attachment":"scroll","background-type":"","background-media":"","overlay-type":"","overlay-color":"","overlay-opacity":"","overlay-gradient":""},"mobile":{"background-color":"","background-image":"","background-repeat":"repeat","background-position":"center center","background-size":"auto","background-attachment":"scroll","background-type":"","background-media":"","overlay-type":"","overlay-color":"","overlay-opacity":"","overlay-gradient":""}},"ast-content-background-meta":{"desktop":{"background-color":"var(--ast-global-color-5)","background-image":"","background-repeat":"repeat","background-position":"center center","background-size":"auto","background-attachment":"scroll","background-type":"","background-media":"","overlay-type":"","overlay-color":"","overlay-opacity":"","overlay-gradient":""},"tablet":{"background-color":"var(--ast-global-color-5)","background-image":"","background-repeat":"repeat","background-position":"center center","background-size":"auto","background-attachment":"scroll","background-type":"","background-media":"","overlay-type":"","overlay-color":"","overlay-opacity":"","overlay-gradient":""},"mobile":{"background-color":"var(--ast-global-color-5)","background-image":"","background-repeat":"repeat","background-position":"center center","background-size":"auto","background-attachment":"scroll","background-type":"","background-media":"","overlay-type":"","overlay-color":"","overlay-opacity":"","overlay-gradient":""}}},"product_brand":[],"product_cat":[12190,12182],"product_tag":[11592],"class_list":{"0":"post-458650","1":"product","2":"type-product","3":"status-publish","4":"has-post-thumbnail","6":"product_cat-dashcams_fr_fr","7":"product_cat-beeld_fr_fr","8":"product_tag-mio-fr","9":"desktop-align-center","10":"tablet-align-center","11":"mobile-align-center","12":"ast-product-gallery-layout-horizontal","13":"ast-product-tabs-layout-horizontal","15":"first","16":"outofstock","17":"taxable","18":"shipping-taxable","19":"purchasable","20":"product-type-simple"},"acf":[],"yoast_head":"<!-- This site is optimized with the Yoast SEO plugin v26.5 - https:\/\/yoast.com\/wordpress\/plugins\/seo\/ -->\n<title>Mio Mivue 866 Dashcam, Full HD 1080P, GPS, G-Sensor, WiFi, Notification de la cam\u00e9ra Flash, 2,7 &quot;Affichage, Mio Night Vision - Caliber Europe B.V.<\/title>\n<meta name=\"robots\" content=\"noindex, follow, max-snippet:-1, max-image-preview:large, max-video-preview:-1\" \/>\n<meta property=\"og:locale\" content=\"fr_FR\" \/>\n<meta property=\"og:type\" content=\"article\" \/>\n<meta property=\"og:title\" content=\"Mio Mivue 866 Dashcam, Full HD 1080P, GPS, G-Sensor, WiFi, Notification de la cam\u00e9ra Flash, 2,7 &quot;Affichage, Mio Night Vision - Caliber Europe B.V.\" \/>\n<meta property=\"og:description\" content=\"Le Mio Mivue 866 enregistre votre environnement jour et nuit dans une tr\u00e8s grande luminosit\u00e9 et avec des couleurs vibrantes. Le capteur Mio Ultra est 1,5 fois sup\u00e9rieur au capteur normal. Ce capteur a \u00e9galement des fonctions utiles qui \u00e9largissent votre facilit\u00e9 de conduite et de s\u00e9curit\u00e9. Ce dashcam a un angle de cam\u00e9ra inf\u00e9rieur [&hellip;]\" \/>\n<meta property=\"og:url\" content=\"https:\/\/b2b.calibereurope.com\/fr\/produit\/mivue-866-fr_fr\/\" \/>\n<meta property=\"og:site_name\" content=\"Caliber Europe B.V.\" \/>\n<meta property=\"article:modified_time\" content=\"2024-07-17T05:42:24+00:00\" \/>\n<meta property=\"og:image\" content=\"https:\/\/b2b.calibereurope.com\/wp-content\/uploads\/2021\/11\/9dc6ad71845507a90ac129014a4de193016631b3_mivue_866_camera_angle_l45_04.jpg\" \/>\n\t<meta property=\"og:image:width\" content=\"1024\" \/>\n\t<meta property=\"og:image:height\" content=\"768\" \/>\n\t<meta property=\"og:image:type\" content=\"image\/jpeg\" \/>\n<meta name=\"twitter:card\" content=\"summary_large_image\" \/>\n<meta name=\"twitter:label1\" content=\"Dur\u00e9e de lecture estim\u00e9e\" \/>\n\t<meta name=\"twitter:data1\" content=\"2 minutes\" \/>\n<script type=\"application\/ld+json\" class=\"yoast-schema-graph\">{\"@context\":\"https:\/\/schema.org\",\"@graph\":[{\"@type\":\"WebPage\",\"@id\":\"https:\/\/b2b.calibereurope.com\/fr\/produit\/mivue-866-fr_fr\/\",\"url\":\"https:\/\/b2b.calibereurope.com\/fr\/produit\/mivue-866-fr_fr\/\",\"name\":\"Mio Mivue 866 Dashcam, Full HD 1080P, GPS, G-Sensor, WiFi, Notification de la cam\u00e9ra Flash, 2,7 \\\"Affichage, Mio Night Vision - Caliber Europe B.V.\",\"isPartOf\":{\"@id\":\"https:\/\/b2b.calibereurope.com\/#website\"},\"primaryImageOfPage\":{\"@id\":\"https:\/\/b2b.calibereurope.com\/fr\/produit\/mivue-866-fr_fr\/#primaryimage\"},\"image\":{\"@id\":\"https:\/\/b2b.calibereurope.com\/fr\/produit\/mivue-866-fr_fr\/#primaryimage\"},\"thumbnailUrl\":\"https:\/\/b2b.calibereurope.com\/wp-content\/uploads\/2022\/04\/9dc6ad71845507a90ac129014a4de193016631b3_mivue_866_camera_angle_l45_04.jpg\",\"datePublished\":\"2024-07-17T00:00:00+00:00\",\"dateModified\":\"2024-07-17T05:42:24+00:00\",\"breadcrumb\":{\"@id\":\"https:\/\/b2b.calibereurope.com\/fr\/produit\/mivue-866-fr_fr\/#breadcrumb\"},\"inLanguage\":\"fr-FR\",\"potentialAction\":[{\"@type\":\"ReadAction\",\"target\":[\"https:\/\/b2b.calibereurope.com\/fr\/produit\/mivue-866-fr_fr\/\"]}]},{\"@type\":\"ImageObject\",\"inLanguage\":\"fr-FR\",\"@id\":\"https:\/\/b2b.calibereurope.com\/fr\/produit\/mivue-866-fr_fr\/#primaryimage\",\"url\":\"https:\/\/b2b.calibereurope.com\/wp-content\/uploads\/2022\/04\/9dc6ad71845507a90ac129014a4de193016631b3_mivue_866_camera_angle_l45_04.jpg\",\"contentUrl\":\"https:\/\/b2b.calibereurope.com\/wp-content\/uploads\/2022\/04\/9dc6ad71845507a90ac129014a4de193016631b3_mivue_866_camera_angle_l45_04.jpg\",\"width\":1024,\"height\":768},{\"@type\":\"BreadcrumbList\",\"@id\":\"https:\/\/b2b.calibereurope.com\/fr\/produit\/mivue-866-fr_fr\/#breadcrumb\",\"itemListElement\":[{\"@type\":\"ListItem\",\"position\":1,\"name\":\"Home\",\"item\":\"https:\/\/b2b.calibereurope.com\/fr\/home\/\"},{\"@type\":\"ListItem\",\"position\":2,\"name\":\"Boutique\",\"item\":\"https:\/\/b2b.calibereurope.com\/fr\/boutique\/\"},{\"@type\":\"ListItem\",\"position\":3,\"name\":\"Dashcam (Mivue-866)\"}]},{\"@type\":\"WebSite\",\"@id\":\"https:\/\/b2b.calibereurope.com\/#website\",\"url\":\"https:\/\/b2b.calibereurope.com\/\",\"name\":\"Caliber Europe B.V.\",\"description\":\"B2B Webshop\",\"publisher\":{\"@id\":\"https:\/\/b2b.calibereurope.com\/#organization\"},\"potentialAction\":[{\"@type\":\"SearchAction\",\"target\":{\"@type\":\"EntryPoint\",\"urlTemplate\":\"https:\/\/b2b.calibereurope.com\/?s={search_term_string}\"},\"query-input\":{\"@type\":\"PropertyValueSpecification\",\"valueRequired\":true,\"valueName\":\"search_term_string\"}}],\"inLanguage\":\"fr-FR\"},{\"@type\":\"Organization\",\"@id\":\"https:\/\/b2b.calibereurope.com\/#organization\",\"name\":\"Caliber Europe B.V.\",\"url\":\"https:\/\/b2b.calibereurope.com\/\",\"logo\":{\"@type\":\"ImageObject\",\"inLanguage\":\"fr-FR\",\"@id\":\"https:\/\/b2b.calibereurope.com\/#\/schema\/logo\/image\/\",\"url\":\"https:\/\/b2b.calibereurope.com\/wp-content\/uploads\/2020\/12\/Caliber_Logo-Black.png\",\"contentUrl\":\"https:\/\/b2b.calibereurope.com\/wp-content\/uploads\/2020\/12\/Caliber_Logo-Black.png\",\"width\":3157,\"height\":356,\"caption\":\"Caliber Europe B.V.\"},\"image\":{\"@id\":\"https:\/\/b2b.calibereurope.com\/#\/schema\/logo\/image\/\"}}]}<\/script>\n<!-- \/ Yoast SEO plugin. -->","yoast_head_json":{"title":"Mio Mivue 866 Dashcam, Full HD 1080P, GPS, G-Sensor, WiFi, Notification de la cam\u00e9ra Flash, 2,7 \"Affichage, Mio Night Vision - Caliber Europe B.V.","robots":{"index":"noindex","follow":"follow","max-snippet":"max-snippet:-1","max-image-preview":"max-image-preview:large","max-video-preview":"max-video-preview:-1"},"og_locale":"fr_FR","og_type":"article","og_title":"Mio Mivue 866 Dashcam, Full HD 1080P, GPS, G-Sensor, WiFi, Notification de la cam\u00e9ra Flash, 2,7 \"Affichage, Mio Night Vision - Caliber Europe B.V.","og_description":"Le Mio Mivue 866 enregistre votre environnement jour et nuit dans une tr\u00e8s grande luminosit\u00e9 et avec des couleurs vibrantes. Le capteur Mio Ultra est 1,5 fois sup\u00e9rieur au capteur normal. Ce capteur a \u00e9galement des fonctions utiles qui \u00e9largissent votre facilit\u00e9 de conduite et de s\u00e9curit\u00e9. Ce dashcam a un angle de cam\u00e9ra inf\u00e9rieur [&hellip;]","og_url":"https:\/\/b2b.calibereurope.com\/fr\/produit\/mivue-866-fr_fr\/","og_site_name":"Caliber Europe B.V.","article_modified_time":"2024-07-17T05:42:24+00:00","og_image":[{"width":1024,"height":768,"url":"https:\/\/b2b.calibereurope.com\/wp-content\/uploads\/2021\/11\/9dc6ad71845507a90ac129014a4de193016631b3_mivue_866_camera_angle_l45_04.jpg","type":"image\/jpeg"}],"twitter_card":"summary_large_image","twitter_misc":{"Dur\u00e9e de lecture estim\u00e9e":"2 minutes"},"schema":{"@context":"https:\/\/schema.org","@graph":[{"@type":"WebPage","@id":"https:\/\/b2b.calibereurope.com\/fr\/produit\/mivue-866-fr_fr\/","url":"https:\/\/b2b.calibereurope.com\/fr\/produit\/mivue-866-fr_fr\/","name":"Mio Mivue 866 Dashcam, Full HD 1080P, GPS, G-Sensor, WiFi, Notification de la cam\u00e9ra Flash, 2,7 \"Affichage, Mio Night Vision - Caliber Europe B.V.","isPartOf":{"@id":"https:\/\/b2b.calibereurope.com\/#website"},"primaryImageOfPage":{"@id":"https:\/\/b2b.calibereurope.com\/fr\/produit\/mivue-866-fr_fr\/#primaryimage"},"image":{"@id":"https:\/\/b2b.calibereurope.com\/fr\/produit\/mivue-866-fr_fr\/#primaryimage"},"thumbnailUrl":"https:\/\/b2b.calibereurope.com\/wp-content\/uploads\/2022\/04\/9dc6ad71845507a90ac129014a4de193016631b3_mivue_866_camera_angle_l45_04.jpg","datePublished":"2024-07-17T00:00:00+00:00","dateModified":"2024-07-17T05:42:24+00:00","breadcrumb":{"@id":"https:\/\/b2b.calibereurope.com\/fr\/produit\/mivue-866-fr_fr\/#breadcrumb"},"inLanguage":"fr-FR","potentialAction":[{"@type":"ReadAction","target":["https:\/\/b2b.calibereurope.com\/fr\/produit\/mivue-866-fr_fr\/"]}]},{"@type":"ImageObject","inLanguage":"fr-FR","@id":"https:\/\/b2b.calibereurope.com\/fr\/produit\/mivue-866-fr_fr\/#primaryimage","url":"https:\/\/b2b.calibereurope.com\/wp-content\/uploads\/2022\/04\/9dc6ad71845507a90ac129014a4de193016631b3_mivue_866_camera_angle_l45_04.jpg","contentUrl":"https:\/\/b2b.calibereurope.com\/wp-content\/uploads\/2022\/04\/9dc6ad71845507a90ac129014a4de193016631b3_mivue_866_camera_angle_l45_04.jpg","width":1024,"height":768},{"@type":"BreadcrumbList","@id":"https:\/\/b2b.calibereurope.com\/fr\/produit\/mivue-866-fr_fr\/#breadcrumb","itemListElement":[{"@type":"ListItem","position":1,"name":"Home","item":"https:\/\/b2b.calibereurope.com\/fr\/home\/"},{"@type":"ListItem","position":2,"name":"Boutique","item":"https:\/\/b2b.calibereurope.com\/fr\/boutique\/"},{"@type":"ListItem","position":3,"name":"Dashcam (Mivue-866)"}]},{"@type":"WebSite","@id":"https:\/\/b2b.calibereurope.com\/#website","url":"https:\/\/b2b.calibereurope.com\/","name":"Caliber Europe B.V.","description":"B2B Webshop","publisher":{"@id":"https:\/\/b2b.calibereurope.com\/#organization"},"potentialAction":[{"@type":"SearchAction","target":{"@type":"EntryPoint","urlTemplate":"https:\/\/b2b.calibereurope.com\/?s={search_term_string}"},"query-input":{"@type":"PropertyValueSpecification","valueRequired":true,"valueName":"search_term_string"}}],"inLanguage":"fr-FR"},{"@type":"Organization","@id":"https:\/\/b2b.calibereurope.com\/#organization","name":"Caliber Europe B.V.","url":"https:\/\/b2b.calibereurope.com\/","logo":{"@type":"ImageObject","inLanguage":"fr-FR","@id":"https:\/\/b2b.calibereurope.com\/#\/schema\/logo\/image\/","url":"https:\/\/b2b.calibereurope.com\/wp-content\/uploads\/2020\/12\/Caliber_Logo-Black.png","contentUrl":"https:\/\/b2b.calibereurope.com\/wp-content\/uploads\/2020\/12\/Caliber_Logo-Black.png","width":3157,"height":356,"caption":"Caliber Europe B.V."},"image":{"@id":"https:\/\/b2b.calibereurope.com\/#\/schema\/logo\/image\/"}}]}},"_links":{"self":[{"href":"https:\/\/b2b.calibereurope.com\/fr\/wp-json\/wp\/v2\/product\/458650","targetHints":{"allow":["GET"]}}],"collection":[{"href":"https:\/\/b2b.calibereurope.com\/fr\/wp-json\/wp\/v2\/product"}],"about":[{"href":"https:\/\/b2b.calibereurope.com\/fr\/wp-json\/wp\/v2\/types\/product"}],"version-history":[{"count":0,"href":"https:\/\/b2b.calibereurope.com\/fr\/wp-json\/wp\/v2\/product\/458650\/revisions"}],"wp:featuredmedia":[{"embeddable":true,"href":"https:\/\/b2b.calibereurope.com\/fr\/wp-json\/wp\/v2\/media\/652823"}],"wp:attachment":[{"href":"https:\/\/b2b.calibereurope.com\/fr\/wp-json\/wp\/v2\/media?parent=458650"}],"wp:term":[{"taxonomy":"product_brand","embeddable":true,"href":"https:\/\/b2b.calibereurope.com\/fr\/wp-json\/wp\/v2\/product_brand?post=458650"},{"taxonomy":"product_cat","embeddable":true,"href":"https:\/\/b2b.calibereurope.com\/fr\/wp-json\/wp\/v2\/product_cat?post=458650"},{"taxonomy":"product_tag","embeddable":true,"href":"https:\/\/b2b.calibereurope.com\/fr\/wp-json\/wp\/v2\/product_tag?post=458650"}],"curies":[{"name":"wp","href":"https:\/\/api.w.org\/{rel}","templated":true}]}}