{"id":467608,"date":"2024-06-11T02:00:00","date_gmt":"2024-06-11T00:00:00","guid":{"rendered":""},"modified":"2024-06-11T14:33:14","modified_gmt":"2024-06-11T12:33:14","slug":"HPS1202U-fr_FR","status":"publish","type":"product","link":"https:\/\/b2b.calibereurope.com\/fr\/produit\/HPS1202U-fr_FR\/","title":{"rendered":"Pobite avec fiche de distribution USB &#8211; Protection couvante &#8211; 2 ports USB (HPS1202U)"},"content":{"rendered":"<p> Cr\u00e9ez plus de points d&#39;alimentation en un instant avec cette prise HPS1202U de Caliber avec USB. La fiche de distribution <strong> 220 V <\/strong> est \u00e9quip\u00e9e de <strong> deux sockets <\/strong> qui sont <strong> 45 degr\u00e9s tordus <\/strong>, afin que vous puissiez facilement mettre les bouchons. De plus, vous trouverez <strong> deux ports USB <\/strong> dans le bloc de fiche. De cette fa\u00e7on, vous pouvez facilement charger votre t\u00e9l\u00e9phone sans pi\u00e8ce de couplage. Gr\u00e2ce \u00e0 la <strong> surcharge et \u00e0 la protection des surtensions <\/strong>, vous pouvez utiliser la prise en toute s\u00e9curit\u00e9. En raison de la <strong> protection de l&#39;enfance <\/strong>, vous pouvez \u00e9galement quitter en toute s\u00e9curit\u00e9 le bouchon de distribution lorsqu&#39;il y a des enfants dans la maison. <\/p>\n<p> <strong> Propri\u00e9t\u00e9s: <\/strong> <\/p>\n<ul>\n<li> 2x 45 degr\u00e9s socket torsad\u00e9 (220 V)\n<li> Connexion USB 2x (2.4A )\n<li> Rotable\n<li> Protection de surcharge\n<li> Protection de d\u00e9bordement\n<li> Protection couvante\n<li> Protection de l&#39;enfance\n<li> Convient pour Max. 3680 watt\n<li> Max 16a par prise\n<li> Couverture ancr\u00e9e et ignifuge <\/ \/ li> <\/li>\n<\/li>\n<\/li>\n<p> ul> <\/p>\n<h3> Capacit\u00e9 suffisante <\/h3>\n<p> Smartphones, tablettes, ordinateurs portables, bo\u00eetes, \u00e9couteurs et oreilles sans fil: nous utilisons de nos jours des appareils \u00e9lectroniques et intelligents sans fin, Tout cela doit \u00eatre factur\u00e9 de temps en temps. En cons\u00e9quence, les prises de la maison sont de plus en plus pleines. Au lieu de rechercher cette prise loin dans le coin, vous pouvez \u00e9galement utiliser une prise de distribution pratique. Cette prise avec des connexions USB transforme une prise en quatre points d&#39;alimentation avec une puissance suffisante. Vous avez donc soudainement beaucoup plus de capacit\u00e9 de chargement pour tous vos appareils au m\u00eame endroit! <\/p>\n<h3> Design pratique <\/h3>\n<p> Les deux prises de la bande d&#39;alimentation ont \u00e9t\u00e9 tourn\u00e9es de 45 degr\u00e9s, ce qui facilite la branchement. Lorsque la prise sup\u00e9rieure est utilis\u00e9e, vous pouvez \u00e9galement aller bien avec la prise inf\u00e9rieure de la prise. En haut de la fiche de distribution, deux ports USB sont disponibles c\u00f4te \u00e0 c\u00f4te, de sorte que le bloc de fiche conserve une taille compacte. <\/p>\n<h3> Utilisation s\u00fbre <\/h3>\n<p> La douille double est mise \u00e0 la terre et a un bo\u00eetier r\u00e9fractaire. De plus, diff\u00e9rentes protections sont int\u00e9gr\u00e9es, afin que vous puissiez utiliser la prise avec USB sans souci. Le s\u00e9parateur de socket est \u00e9quip\u00e9 d&#39;une protection contre les surcharges, d&#39;une protection de d\u00e9bordement et d&#39;une protection contre les surtensions. De cette fa\u00e7on, vous pouvez utiliser les quatre points d&#39;alimentation en toute s\u00e9curit\u00e9 en m\u00eame temps. Gr\u00e2ce \u00e0 la protection de l&#39;enfance, vous n&#39;avez pas \u00e0 faire attention \u00e0 la place de la prise lorsqu&#39;il y a des enfants dans la maison. <\/p>\n","protected":false},"excerpt":{"rendered":"<p>Cr\u00e9ez plus de points d&#39;alimentation en un instant avec cette prise HPS1202U de Caliber avec USB. La fiche de distribution 220 V est \u00e9quip\u00e9e de deux sockets qui sont 45 degr\u00e9s tordus , afin que vous puissiez facilement mettre les bouchons. De plus, vous trouverez deux ports USB dans le bloc de fiche. De cette [&hellip;]<\/p>\n","protected":false},"featured_media":844985,"template":"","meta":{"_acf_changed":false,"site-sidebar-layout":"default","site-content-layout":"","ast-site-content-layout":"default","site-content-style":"default","site-sidebar-style":"default","ast-global-header-display":"","ast-banner-title-visibility":"","ast-main-header-display":"","ast-hfb-above-header-display":"","ast-hfb-below-header-display":"","ast-hfb-mobile-header-display":"","site-post-title":"","ast-breadcrumbs-content":"","ast-featured-img":"","footer-sml-layout":"","theme-transparent-header-meta":"","adv-header-id-meta":"","stick-header-meta":"","header-above-stick-meta":"","header-main-stick-meta":"","header-below-stick-meta":"","astra-migrate-meta-layouts":"default","ast-page-background-enabled":"default","ast-page-background-meta":{"desktop":{"background-color":"","background-image":"","background-repeat":"repeat","background-position":"center center","background-size":"auto","background-attachment":"scroll","background-type":"","background-media":"","overlay-type":"","overlay-color":"","overlay-opacity":"","overlay-gradient":""},"tablet":{"background-color":"","background-image":"","background-repeat":"repeat","background-position":"center center","background-size":"auto","background-attachment":"scroll","background-type":"","background-media":"","overlay-type":"","overlay-color":"","overlay-opacity":"","overlay-gradient":""},"mobile":{"background-color":"","background-image":"","background-repeat":"repeat","background-position":"center center","background-size":"auto","background-attachment":"scroll","background-type":"","background-media":"","overlay-type":"","overlay-color":"","overlay-opacity":"","overlay-gradient":""}},"ast-content-background-meta":{"desktop":{"background-color":"var(--ast-global-color-5)","background-image":"","background-repeat":"repeat","background-position":"center center","background-size":"auto","background-attachment":"scroll","background-type":"","background-media":"","overlay-type":"","overlay-color":"","overlay-opacity":"","overlay-gradient":""},"tablet":{"background-color":"var(--ast-global-color-5)","background-image":"","background-repeat":"repeat","background-position":"center center","background-size":"auto","background-attachment":"scroll","background-type":"","background-media":"","overlay-type":"","overlay-color":"","overlay-opacity":"","overlay-gradient":""},"mobile":{"background-color":"var(--ast-global-color-5)","background-image":"","background-repeat":"repeat","background-position":"center center","background-size":"auto","background-attachment":"scroll","background-type":"","background-media":"","overlay-type":"","overlay-color":"","overlay-opacity":"","overlay-gradient":""}}},"product_brand":[],"product_cat":[22955],"product_tag":[21750],"class_list":{"0":"post-467608","1":"product","2":"type-product","3":"status-publish","4":"has-post-thumbnail","6":"product_cat-pas-de-categorie","7":"product_tag-plugs-fr","8":"desktop-align-center","9":"tablet-align-center","10":"mobile-align-center","11":"ast-product-gallery-layout-horizontal","12":"ast-product-tabs-layout-horizontal","14":"first","15":"instock","16":"taxable","17":"shipping-taxable","18":"purchasable","19":"product-type-simple"},"acf":[],"yoast_head":"<!-- This site is optimized with the Yoast SEO plugin v26.5 - https:\/\/yoast.com\/wordpress\/plugins\/seo\/ -->\n<title>Pobite avec fiche de distribution USB - Protection couvante - 2 ports USB (HPS1202U) - Caliber Europe B.V.<\/title>\n<meta name=\"robots\" content=\"noindex, follow, max-snippet:-1, max-image-preview:large, max-video-preview:-1\" \/>\n<meta property=\"og:locale\" content=\"fr_FR\" \/>\n<meta property=\"og:type\" content=\"article\" \/>\n<meta property=\"og:title\" content=\"Pobite avec fiche de distribution USB - Protection couvante - 2 ports USB (HPS1202U) - Caliber Europe B.V.\" \/>\n<meta property=\"og:description\" content=\"Cr\u00e9ez plus de points d&#039;alimentation en un instant avec cette prise HPS1202U de Caliber avec USB. La fiche de distribution 220 V est \u00e9quip\u00e9e de deux sockets qui sont 45 degr\u00e9s tordus , afin que vous puissiez facilement mettre les bouchons. De plus, vous trouverez deux ports USB dans le bloc de fiche. De cette [&hellip;]\" \/>\n<meta property=\"og:url\" content=\"https:\/\/b2b.calibereurope.com\/fr\/?post_type=product&amp;p=467608\" \/>\n<meta property=\"og:site_name\" content=\"Caliber Europe B.V.\" \/>\n<meta property=\"article:modified_time\" content=\"2024-06-11T12:33:14+00:00\" \/>\n<meta property=\"og:image\" content=\"https:\/\/b2b.calibereurope.com\/wp-content\/uploads\/2021\/11\/b11733057436bec50c7216d50510861408e293fe_HPS1202U_web.jpg\" \/>\n\t<meta property=\"og:image:width\" content=\"1024\" \/>\n\t<meta property=\"og:image:height\" content=\"768\" \/>\n\t<meta property=\"og:image:type\" content=\"image\/jpeg\" \/>\n<meta name=\"twitter:card\" content=\"summary_large_image\" \/>\n<meta name=\"twitter:label1\" content=\"Dur\u00e9e de lecture estim\u00e9e\" \/>\n\t<meta name=\"twitter:data1\" content=\"2 minutes\" \/>\n<script type=\"application\/ld+json\" class=\"yoast-schema-graph\">{\"@context\":\"https:\/\/schema.org\",\"@graph\":[{\"@type\":\"WebPage\",\"@id\":\"https:\/\/b2b.calibereurope.com\/fr\/?post_type=product&p=467608\",\"url\":\"https:\/\/b2b.calibereurope.com\/fr\/?post_type=product&p=467608\",\"name\":\"Pobite avec fiche de distribution USB - Protection couvante - 2 ports USB (HPS1202U) - Caliber Europe B.V.\",\"isPartOf\":{\"@id\":\"https:\/\/b2b.calibereurope.com\/#website\"},\"primaryImageOfPage\":{\"@id\":\"https:\/\/b2b.calibereurope.com\/fr\/?post_type=product&p=467608#primaryimage\"},\"image\":{\"@id\":\"https:\/\/b2b.calibereurope.com\/fr\/?post_type=product&p=467608#primaryimage\"},\"thumbnailUrl\":\"https:\/\/b2b.calibereurope.com\/wp-content\/uploads\/2024\/06\/b11733057436bec50c7216d50510861408e293fe_HPS1202U_web.jpg\",\"datePublished\":\"2024-06-11T00:00:00+00:00\",\"dateModified\":\"2024-06-11T12:33:14+00:00\",\"breadcrumb\":{\"@id\":\"https:\/\/b2b.calibereurope.com\/fr\/?post_type=product&p=467608#breadcrumb\"},\"inLanguage\":\"fr-FR\",\"potentialAction\":[{\"@type\":\"ReadAction\",\"target\":[\"https:\/\/b2b.calibereurope.com\/fr\/?post_type=product&p=467608\"]}]},{\"@type\":\"ImageObject\",\"inLanguage\":\"fr-FR\",\"@id\":\"https:\/\/b2b.calibereurope.com\/fr\/?post_type=product&p=467608#primaryimage\",\"url\":\"https:\/\/b2b.calibereurope.com\/wp-content\/uploads\/2024\/06\/b11733057436bec50c7216d50510861408e293fe_HPS1202U_web.jpg\",\"contentUrl\":\"https:\/\/b2b.calibereurope.com\/wp-content\/uploads\/2024\/06\/b11733057436bec50c7216d50510861408e293fe_HPS1202U_web.jpg\",\"width\":1024,\"height\":768},{\"@type\":\"BreadcrumbList\",\"@id\":\"https:\/\/b2b.calibereurope.com\/fr\/?post_type=product&p=467608#breadcrumb\",\"itemListElement\":[{\"@type\":\"ListItem\",\"position\":1,\"name\":\"Home\",\"item\":\"https:\/\/b2b.calibereurope.com\/fr\/home\/\"},{\"@type\":\"ListItem\",\"position\":2,\"name\":\"Boutique\",\"item\":\"https:\/\/b2b.calibereurope.com\/fr\/boutique\/\"},{\"@type\":\"ListItem\",\"position\":3,\"name\":\"Bloc de prises 2 Connexion avec X USB &#8211; Blanc\/Gris (HPS1202U)\"}]},{\"@type\":\"WebSite\",\"@id\":\"https:\/\/b2b.calibereurope.com\/#website\",\"url\":\"https:\/\/b2b.calibereurope.com\/\",\"name\":\"Caliber Europe B.V.\",\"description\":\"B2B Webshop\",\"publisher\":{\"@id\":\"https:\/\/b2b.calibereurope.com\/#organization\"},\"potentialAction\":[{\"@type\":\"SearchAction\",\"target\":{\"@type\":\"EntryPoint\",\"urlTemplate\":\"https:\/\/b2b.calibereurope.com\/?s={search_term_string}\"},\"query-input\":{\"@type\":\"PropertyValueSpecification\",\"valueRequired\":true,\"valueName\":\"search_term_string\"}}],\"inLanguage\":\"fr-FR\"},{\"@type\":\"Organization\",\"@id\":\"https:\/\/b2b.calibereurope.com\/#organization\",\"name\":\"Caliber Europe B.V.\",\"url\":\"https:\/\/b2b.calibereurope.com\/\",\"logo\":{\"@type\":\"ImageObject\",\"inLanguage\":\"fr-FR\",\"@id\":\"https:\/\/b2b.calibereurope.com\/#\/schema\/logo\/image\/\",\"url\":\"https:\/\/b2b.calibereurope.com\/wp-content\/uploads\/2020\/12\/Caliber_Logo-Black.png\",\"contentUrl\":\"https:\/\/b2b.calibereurope.com\/wp-content\/uploads\/2020\/12\/Caliber_Logo-Black.png\",\"width\":3157,\"height\":356,\"caption\":\"Caliber Europe B.V.\"},\"image\":{\"@id\":\"https:\/\/b2b.calibereurope.com\/#\/schema\/logo\/image\/\"}}]}<\/script>\n<!-- \/ Yoast SEO plugin. -->","yoast_head_json":{"title":"Pobite avec fiche de distribution USB - Protection couvante - 2 ports USB (HPS1202U) - Caliber Europe B.V.","robots":{"index":"noindex","follow":"follow","max-snippet":"max-snippet:-1","max-image-preview":"max-image-preview:large","max-video-preview":"max-video-preview:-1"},"og_locale":"fr_FR","og_type":"article","og_title":"Pobite avec fiche de distribution USB - Protection couvante - 2 ports USB (HPS1202U) - Caliber Europe B.V.","og_description":"Cr\u00e9ez plus de points d&#39;alimentation en un instant avec cette prise HPS1202U de Caliber avec USB. La fiche de distribution 220 V est \u00e9quip\u00e9e de deux sockets qui sont 45 degr\u00e9s tordus , afin que vous puissiez facilement mettre les bouchons. De plus, vous trouverez deux ports USB dans le bloc de fiche. De cette [&hellip;]","og_url":"https:\/\/b2b.calibereurope.com\/fr\/?post_type=product&p=467608","og_site_name":"Caliber Europe B.V.","article_modified_time":"2024-06-11T12:33:14+00:00","og_image":[{"width":1024,"height":768,"url":"https:\/\/b2b.calibereurope.com\/wp-content\/uploads\/2021\/11\/b11733057436bec50c7216d50510861408e293fe_HPS1202U_web.jpg","type":"image\/jpeg"}],"twitter_card":"summary_large_image","twitter_misc":{"Dur\u00e9e de lecture estim\u00e9e":"2 minutes"},"schema":{"@context":"https:\/\/schema.org","@graph":[{"@type":"WebPage","@id":"https:\/\/b2b.calibereurope.com\/fr\/?post_type=product&p=467608","url":"https:\/\/b2b.calibereurope.com\/fr\/?post_type=product&p=467608","name":"Pobite avec fiche de distribution USB - Protection couvante - 2 ports USB (HPS1202U) - Caliber Europe B.V.","isPartOf":{"@id":"https:\/\/b2b.calibereurope.com\/#website"},"primaryImageOfPage":{"@id":"https:\/\/b2b.calibereurope.com\/fr\/?post_type=product&p=467608#primaryimage"},"image":{"@id":"https:\/\/b2b.calibereurope.com\/fr\/?post_type=product&p=467608#primaryimage"},"thumbnailUrl":"https:\/\/b2b.calibereurope.com\/wp-content\/uploads\/2024\/06\/b11733057436bec50c7216d50510861408e293fe_HPS1202U_web.jpg","datePublished":"2024-06-11T00:00:00+00:00","dateModified":"2024-06-11T12:33:14+00:00","breadcrumb":{"@id":"https:\/\/b2b.calibereurope.com\/fr\/?post_type=product&p=467608#breadcrumb"},"inLanguage":"fr-FR","potentialAction":[{"@type":"ReadAction","target":["https:\/\/b2b.calibereurope.com\/fr\/?post_type=product&p=467608"]}]},{"@type":"ImageObject","inLanguage":"fr-FR","@id":"https:\/\/b2b.calibereurope.com\/fr\/?post_type=product&p=467608#primaryimage","url":"https:\/\/b2b.calibereurope.com\/wp-content\/uploads\/2024\/06\/b11733057436bec50c7216d50510861408e293fe_HPS1202U_web.jpg","contentUrl":"https:\/\/b2b.calibereurope.com\/wp-content\/uploads\/2024\/06\/b11733057436bec50c7216d50510861408e293fe_HPS1202U_web.jpg","width":1024,"height":768},{"@type":"BreadcrumbList","@id":"https:\/\/b2b.calibereurope.com\/fr\/?post_type=product&p=467608#breadcrumb","itemListElement":[{"@type":"ListItem","position":1,"name":"Home","item":"https:\/\/b2b.calibereurope.com\/fr\/home\/"},{"@type":"ListItem","position":2,"name":"Boutique","item":"https:\/\/b2b.calibereurope.com\/fr\/boutique\/"},{"@type":"ListItem","position":3,"name":"Bloc de prises 2 Connexion avec X USB &#8211; Blanc\/Gris (HPS1202U)"}]},{"@type":"WebSite","@id":"https:\/\/b2b.calibereurope.com\/#website","url":"https:\/\/b2b.calibereurope.com\/","name":"Caliber Europe B.V.","description":"B2B Webshop","publisher":{"@id":"https:\/\/b2b.calibereurope.com\/#organization"},"potentialAction":[{"@type":"SearchAction","target":{"@type":"EntryPoint","urlTemplate":"https:\/\/b2b.calibereurope.com\/?s={search_term_string}"},"query-input":{"@type":"PropertyValueSpecification","valueRequired":true,"valueName":"search_term_string"}}],"inLanguage":"fr-FR"},{"@type":"Organization","@id":"https:\/\/b2b.calibereurope.com\/#organization","name":"Caliber Europe B.V.","url":"https:\/\/b2b.calibereurope.com\/","logo":{"@type":"ImageObject","inLanguage":"fr-FR","@id":"https:\/\/b2b.calibereurope.com\/#\/schema\/logo\/image\/","url":"https:\/\/b2b.calibereurope.com\/wp-content\/uploads\/2020\/12\/Caliber_Logo-Black.png","contentUrl":"https:\/\/b2b.calibereurope.com\/wp-content\/uploads\/2020\/12\/Caliber_Logo-Black.png","width":3157,"height":356,"caption":"Caliber Europe B.V."},"image":{"@id":"https:\/\/b2b.calibereurope.com\/#\/schema\/logo\/image\/"}}]}},"_links":{"self":[{"href":"https:\/\/b2b.calibereurope.com\/fr\/wp-json\/wp\/v2\/product\/467608","targetHints":{"allow":["GET"]}}],"collection":[{"href":"https:\/\/b2b.calibereurope.com\/fr\/wp-json\/wp\/v2\/product"}],"about":[{"href":"https:\/\/b2b.calibereurope.com\/fr\/wp-json\/wp\/v2\/types\/product"}],"version-history":[{"count":0,"href":"https:\/\/b2b.calibereurope.com\/fr\/wp-json\/wp\/v2\/product\/467608\/revisions"}],"wp:featuredmedia":[{"embeddable":true,"href":"https:\/\/b2b.calibereurope.com\/fr\/wp-json\/wp\/v2\/media\/844985"}],"wp:attachment":[{"href":"https:\/\/b2b.calibereurope.com\/fr\/wp-json\/wp\/v2\/media?parent=467608"}],"wp:term":[{"taxonomy":"product_brand","embeddable":true,"href":"https:\/\/b2b.calibereurope.com\/fr\/wp-json\/wp\/v2\/product_brand?post=467608"},{"taxonomy":"product_cat","embeddable":true,"href":"https:\/\/b2b.calibereurope.com\/fr\/wp-json\/wp\/v2\/product_cat?post=467608"},{"taxonomy":"product_tag","embeddable":true,"href":"https:\/\/b2b.calibereurope.com\/fr\/wp-json\/wp\/v2\/product_tag?post=467608"}],"curies":[{"name":"wp","href":"https:\/\/api.w.org\/{rel}","templated":true}]}}