{"id":469780,"date":"2024-09-04T02:00:00","date_gmt":"2024-09-04T00:00:00","guid":{"rendered":""},"modified":"2024-11-28T11:17:23","modified_gmt":"2024-11-28T10:17:23","slug":"CSB3M-fr_FR","status":"publish","type":"product","link":"https:\/\/b2b.calibereurope.com\/fr\/produit\/CSB3M-fr_FR\/","title":{"rendered":"Enceinte de Voiture &#8211; Enceinte Marine \u00e0 poser 40 Watt (CSB3M)"},"content":{"rendered":"<p>Le Caliber CSB3M est un ensemble d&#39;enceintes qui ajoute plus de d\u00e9finition \u00e0 votre musique. Vous pouvez utiliser ces enceintes \u00e9tanches dans diverses situations. Vous pouvez par exemple les installer sur votre bateau, sur la plage arri\u00e8re de votre voiture ou dans la salle de bains. Le rev\u00eatement anti UV fournit \u00e9galement une couche protectrice, de sorte que les enceintes ne sont pas facilement endommag\u00e9es. <\/p>\n<p><strong> Son clair<\/strong><br \/>Le son des enceintes CSB3M est d\u00e9taill\u00e9 et limpide. La gamme de fr\u00e9quences de 110 hertz \u00e0 22 kilohertz garantit donc une grande d\u00e9finition de votre musique. Avec une puissance RMS de 40 watts et une puissance max de 80 watts, vous ne manquerez pas non plus de puissance pour vos morceaux pr\u00e9f\u00e9r\u00e9s. Les haut-parleurs utilisent un syst\u00e8me \u00e0 deux voies, avec des sons aigus et graves produits s\u00e9par\u00e9ment par un tweeter et un woofer. <\/p>\n<p><strong> Montage <\/strong><br \/>Ensemble d&#39;enceintes CSB3M est livr\u00e9 avec des supports de montage. Ils se montent facilement et ne laissent pas non plus de trop gros trous de vis. Placez-les o\u00f9 vous voulez et profitez d&#39;un son agr\u00e9able et pr\u00e9cis partout.<\/p>\n","protected":false},"excerpt":{"rendered":"<p>Le Caliber CSB3M est un ensemble d&#39;enceintes qui ajoute plus de d\u00e9finition \u00e0 votre musique. Vous pouvez utiliser ces enceintes \u00e9tanches dans diverses situations. Vous pouvez par exemple les installer sur votre bateau, sur la plage arri\u00e8re de votre voiture ou dans la salle de bains. Le rev\u00eatement anti UV fournit \u00e9galement une couche protectrice, [&hellip;]<\/p>\n","protected":false},"featured_media":851916,"template":"","meta":{"_acf_changed":false,"site-sidebar-layout":"default","site-content-layout":"","ast-site-content-layout":"default","site-content-style":"default","site-sidebar-style":"default","ast-global-header-display":"","ast-banner-title-visibility":"","ast-main-header-display":"","ast-hfb-above-header-display":"","ast-hfb-below-header-display":"","ast-hfb-mobile-header-display":"","site-post-title":"","ast-breadcrumbs-content":"","ast-featured-img":"","footer-sml-layout":"","theme-transparent-header-meta":"","adv-header-id-meta":"","stick-header-meta":"","header-above-stick-meta":"","header-main-stick-meta":"","header-below-stick-meta":"","astra-migrate-meta-layouts":"default","ast-page-background-enabled":"default","ast-page-background-meta":{"desktop":{"background-color":"","background-image":"","background-repeat":"repeat","background-position":"center center","background-size":"auto","background-attachment":"scroll","background-type":"","background-media":"","overlay-type":"","overlay-color":"","overlay-opacity":"","overlay-gradient":""},"tablet":{"background-color":"","background-image":"","background-repeat":"repeat","background-position":"center center","background-size":"auto","background-attachment":"scroll","background-type":"","background-media":"","overlay-type":"","overlay-color":"","overlay-opacity":"","overlay-gradient":""},"mobile":{"background-color":"","background-image":"","background-repeat":"repeat","background-position":"center center","background-size":"auto","background-attachment":"scroll","background-type":"","background-media":"","overlay-type":"","overlay-color":"","overlay-opacity":"","overlay-gradient":""}},"ast-content-background-meta":{"desktop":{"background-color":"var(--ast-global-color-5)","background-image":"","background-repeat":"repeat","background-position":"center center","background-size":"auto","background-attachment":"scroll","background-type":"","background-media":"","overlay-type":"","overlay-color":"","overlay-opacity":"","overlay-gradient":""},"tablet":{"background-color":"var(--ast-global-color-5)","background-image":"","background-repeat":"repeat","background-position":"center center","background-size":"auto","background-attachment":"scroll","background-type":"","background-media":"","overlay-type":"","overlay-color":"","overlay-opacity":"","overlay-gradient":""},"mobile":{"background-color":"var(--ast-global-color-5)","background-image":"","background-repeat":"repeat","background-position":"center center","background-size":"auto","background-attachment":"scroll","background-type":"","background-media":"","overlay-type":"","overlay-color":"","overlay-opacity":"","overlay-gradient":""}}},"product_brand":[],"product_cat":[22955],"product_tag":[],"class_list":{"0":"post-469780","1":"product","2":"type-product","3":"status-publish","4":"has-post-thumbnail","6":"product_cat-pas-de-categorie","7":"desktop-align-center","8":"tablet-align-center","9":"mobile-align-center","10":"ast-product-gallery-layout-horizontal","11":"ast-product-gallery-with-no-image","12":"ast-product-tabs-layout-horizontal","14":"first","15":"outofstock","16":"taxable","17":"shipping-taxable","18":"purchasable","19":"product-type-simple"},"acf":[],"yoast_head":"<!-- This site is optimized with the Yoast SEO plugin v26.5 - https:\/\/yoast.com\/wordpress\/plugins\/seo\/ -->\n<title>Enceinte de Voiture - Enceinte Marine \u00e0 poser 40 Watt (CSB3M) - Caliber Europe B.V.<\/title>\n<meta name=\"robots\" content=\"noindex, follow, max-snippet:-1, max-image-preview:large, max-video-preview:-1\" \/>\n<meta property=\"og:locale\" content=\"fr_FR\" \/>\n<meta property=\"og:type\" content=\"article\" \/>\n<meta property=\"og:title\" content=\"Enceinte de Voiture - Enceinte Marine \u00e0 poser 40 Watt (CSB3M) - Caliber Europe B.V.\" \/>\n<meta property=\"og:description\" content=\"Le Caliber CSB3M est un ensemble d&#039;enceintes qui ajoute plus de d\u00e9finition \u00e0 votre musique. Vous pouvez utiliser ces enceintes \u00e9tanches dans diverses situations. Vous pouvez par exemple les installer sur votre bateau, sur la plage arri\u00e8re de votre voiture ou dans la salle de bains. Le rev\u00eatement anti UV fournit \u00e9galement une couche protectrice, [&hellip;]\" \/>\n<meta property=\"og:url\" content=\"https:\/\/b2b.calibereurope.com\/fr\/produit\/csb3m-fr_fr\/\" \/>\n<meta property=\"og:site_name\" content=\"Caliber Europe B.V.\" \/>\n<meta property=\"article:modified_time\" content=\"2024-11-28T10:17:23+00:00\" \/>\n<meta property=\"og:image\" content=\"https:\/\/b2b.calibereurope.com\/wp-content\/uploads\/2021\/09\/964400b15d39ff7440abb8f95758b9d1eb911b97_CSB_3M.jpg\" \/>\n\t<meta property=\"og:image:width\" content=\"640\" \/>\n\t<meta property=\"og:image:height\" content=\"480\" \/>\n\t<meta property=\"og:image:type\" content=\"image\/jpeg\" \/>\n<meta name=\"twitter:card\" content=\"summary_large_image\" \/>\n<meta name=\"twitter:label1\" content=\"Dur\u00e9e de lecture estim\u00e9e\" \/>\n\t<meta name=\"twitter:data1\" content=\"1 minute\" \/>\n<script type=\"application\/ld+json\" class=\"yoast-schema-graph\">{\"@context\":\"https:\/\/schema.org\",\"@graph\":[{\"@type\":\"WebPage\",\"@id\":\"https:\/\/b2b.calibereurope.com\/fr\/produit\/csb3m-fr_fr\/\",\"url\":\"https:\/\/b2b.calibereurope.com\/fr\/produit\/csb3m-fr_fr\/\",\"name\":\"Enceinte de Voiture - Enceinte Marine \u00e0 poser 40 Watt (CSB3M) - Caliber Europe B.V.\",\"isPartOf\":{\"@id\":\"https:\/\/b2b.calibereurope.com\/#website\"},\"primaryImageOfPage\":{\"@id\":\"https:\/\/b2b.calibereurope.com\/fr\/produit\/csb3m-fr_fr\/#primaryimage\"},\"image\":{\"@id\":\"https:\/\/b2b.calibereurope.com\/fr\/produit\/csb3m-fr_fr\/#primaryimage\"},\"thumbnailUrl\":\"https:\/\/b2b.calibereurope.com\/wp-content\/uploads\/2024\/09\/964400b15d39ff7440abb8f95758b9d1eb911b97_CSB_3M.jpg\",\"datePublished\":\"2024-09-04T00:00:00+00:00\",\"dateModified\":\"2024-11-28T10:17:23+00:00\",\"breadcrumb\":{\"@id\":\"https:\/\/b2b.calibereurope.com\/fr\/produit\/csb3m-fr_fr\/#breadcrumb\"},\"inLanguage\":\"fr-FR\",\"potentialAction\":[{\"@type\":\"ReadAction\",\"target\":[\"https:\/\/b2b.calibereurope.com\/fr\/produit\/csb3m-fr_fr\/\"]}]},{\"@type\":\"ImageObject\",\"inLanguage\":\"fr-FR\",\"@id\":\"https:\/\/b2b.calibereurope.com\/fr\/produit\/csb3m-fr_fr\/#primaryimage\",\"url\":\"https:\/\/b2b.calibereurope.com\/wp-content\/uploads\/2024\/09\/964400b15d39ff7440abb8f95758b9d1eb911b97_CSB_3M.jpg\",\"contentUrl\":\"https:\/\/b2b.calibereurope.com\/wp-content\/uploads\/2024\/09\/964400b15d39ff7440abb8f95758b9d1eb911b97_CSB_3M.jpg\",\"width\":640,\"height\":480},{\"@type\":\"BreadcrumbList\",\"@id\":\"https:\/\/b2b.calibereurope.com\/fr\/produit\/csb3m-fr_fr\/#breadcrumb\",\"itemListElement\":[{\"@type\":\"ListItem\",\"position\":1,\"name\":\"Home\",\"item\":\"https:\/\/b2b.calibereurope.com\/fr\/home\/\"},{\"@type\":\"ListItem\",\"position\":2,\"name\":\"Boutique\",\"item\":\"https:\/\/b2b.calibereurope.com\/fr\/boutique\/\"},{\"@type\":\"ListItem\",\"position\":3,\"name\":\"Haut-parleur de voiture &#8211; 40 Watt (CSB3M)\"}]},{\"@type\":\"WebSite\",\"@id\":\"https:\/\/b2b.calibereurope.com\/#website\",\"url\":\"https:\/\/b2b.calibereurope.com\/\",\"name\":\"Caliber Europe B.V.\",\"description\":\"B2B Webshop\",\"publisher\":{\"@id\":\"https:\/\/b2b.calibereurope.com\/#organization\"},\"potentialAction\":[{\"@type\":\"SearchAction\",\"target\":{\"@type\":\"EntryPoint\",\"urlTemplate\":\"https:\/\/b2b.calibereurope.com\/?s={search_term_string}\"},\"query-input\":{\"@type\":\"PropertyValueSpecification\",\"valueRequired\":true,\"valueName\":\"search_term_string\"}}],\"inLanguage\":\"fr-FR\"},{\"@type\":\"Organization\",\"@id\":\"https:\/\/b2b.calibereurope.com\/#organization\",\"name\":\"Caliber Europe B.V.\",\"url\":\"https:\/\/b2b.calibereurope.com\/\",\"logo\":{\"@type\":\"ImageObject\",\"inLanguage\":\"fr-FR\",\"@id\":\"https:\/\/b2b.calibereurope.com\/#\/schema\/logo\/image\/\",\"url\":\"https:\/\/b2b.calibereurope.com\/wp-content\/uploads\/2020\/12\/Caliber_Logo-Black.png\",\"contentUrl\":\"https:\/\/b2b.calibereurope.com\/wp-content\/uploads\/2020\/12\/Caliber_Logo-Black.png\",\"width\":3157,\"height\":356,\"caption\":\"Caliber Europe B.V.\"},\"image\":{\"@id\":\"https:\/\/b2b.calibereurope.com\/#\/schema\/logo\/image\/\"}}]}<\/script>\n<!-- \/ Yoast SEO plugin. -->","yoast_head_json":{"title":"Enceinte de Voiture - Enceinte Marine \u00e0 poser 40 Watt (CSB3M) - Caliber Europe B.V.","robots":{"index":"noindex","follow":"follow","max-snippet":"max-snippet:-1","max-image-preview":"max-image-preview:large","max-video-preview":"max-video-preview:-1"},"og_locale":"fr_FR","og_type":"article","og_title":"Enceinte de Voiture - Enceinte Marine \u00e0 poser 40 Watt (CSB3M) - Caliber Europe B.V.","og_description":"Le Caliber CSB3M est un ensemble d&#39;enceintes qui ajoute plus de d\u00e9finition \u00e0 votre musique. Vous pouvez utiliser ces enceintes \u00e9tanches dans diverses situations. Vous pouvez par exemple les installer sur votre bateau, sur la plage arri\u00e8re de votre voiture ou dans la salle de bains. Le rev\u00eatement anti UV fournit \u00e9galement une couche protectrice, [&hellip;]","og_url":"https:\/\/b2b.calibereurope.com\/fr\/produit\/csb3m-fr_fr\/","og_site_name":"Caliber Europe B.V.","article_modified_time":"2024-11-28T10:17:23+00:00","og_image":[{"width":640,"height":480,"url":"https:\/\/b2b.calibereurope.com\/wp-content\/uploads\/2021\/09\/964400b15d39ff7440abb8f95758b9d1eb911b97_CSB_3M.jpg","type":"image\/jpeg"}],"twitter_card":"summary_large_image","twitter_misc":{"Dur\u00e9e de lecture estim\u00e9e":"1 minute"},"schema":{"@context":"https:\/\/schema.org","@graph":[{"@type":"WebPage","@id":"https:\/\/b2b.calibereurope.com\/fr\/produit\/csb3m-fr_fr\/","url":"https:\/\/b2b.calibereurope.com\/fr\/produit\/csb3m-fr_fr\/","name":"Enceinte de Voiture - Enceinte Marine \u00e0 poser 40 Watt (CSB3M) - Caliber Europe B.V.","isPartOf":{"@id":"https:\/\/b2b.calibereurope.com\/#website"},"primaryImageOfPage":{"@id":"https:\/\/b2b.calibereurope.com\/fr\/produit\/csb3m-fr_fr\/#primaryimage"},"image":{"@id":"https:\/\/b2b.calibereurope.com\/fr\/produit\/csb3m-fr_fr\/#primaryimage"},"thumbnailUrl":"https:\/\/b2b.calibereurope.com\/wp-content\/uploads\/2024\/09\/964400b15d39ff7440abb8f95758b9d1eb911b97_CSB_3M.jpg","datePublished":"2024-09-04T00:00:00+00:00","dateModified":"2024-11-28T10:17:23+00:00","breadcrumb":{"@id":"https:\/\/b2b.calibereurope.com\/fr\/produit\/csb3m-fr_fr\/#breadcrumb"},"inLanguage":"fr-FR","potentialAction":[{"@type":"ReadAction","target":["https:\/\/b2b.calibereurope.com\/fr\/produit\/csb3m-fr_fr\/"]}]},{"@type":"ImageObject","inLanguage":"fr-FR","@id":"https:\/\/b2b.calibereurope.com\/fr\/produit\/csb3m-fr_fr\/#primaryimage","url":"https:\/\/b2b.calibereurope.com\/wp-content\/uploads\/2024\/09\/964400b15d39ff7440abb8f95758b9d1eb911b97_CSB_3M.jpg","contentUrl":"https:\/\/b2b.calibereurope.com\/wp-content\/uploads\/2024\/09\/964400b15d39ff7440abb8f95758b9d1eb911b97_CSB_3M.jpg","width":640,"height":480},{"@type":"BreadcrumbList","@id":"https:\/\/b2b.calibereurope.com\/fr\/produit\/csb3m-fr_fr\/#breadcrumb","itemListElement":[{"@type":"ListItem","position":1,"name":"Home","item":"https:\/\/b2b.calibereurope.com\/fr\/home\/"},{"@type":"ListItem","position":2,"name":"Boutique","item":"https:\/\/b2b.calibereurope.com\/fr\/boutique\/"},{"@type":"ListItem","position":3,"name":"Haut-parleur de voiture &#8211; 40 Watt (CSB3M)"}]},{"@type":"WebSite","@id":"https:\/\/b2b.calibereurope.com\/#website","url":"https:\/\/b2b.calibereurope.com\/","name":"Caliber Europe B.V.","description":"B2B Webshop","publisher":{"@id":"https:\/\/b2b.calibereurope.com\/#organization"},"potentialAction":[{"@type":"SearchAction","target":{"@type":"EntryPoint","urlTemplate":"https:\/\/b2b.calibereurope.com\/?s={search_term_string}"},"query-input":{"@type":"PropertyValueSpecification","valueRequired":true,"valueName":"search_term_string"}}],"inLanguage":"fr-FR"},{"@type":"Organization","@id":"https:\/\/b2b.calibereurope.com\/#organization","name":"Caliber Europe B.V.","url":"https:\/\/b2b.calibereurope.com\/","logo":{"@type":"ImageObject","inLanguage":"fr-FR","@id":"https:\/\/b2b.calibereurope.com\/#\/schema\/logo\/image\/","url":"https:\/\/b2b.calibereurope.com\/wp-content\/uploads\/2020\/12\/Caliber_Logo-Black.png","contentUrl":"https:\/\/b2b.calibereurope.com\/wp-content\/uploads\/2020\/12\/Caliber_Logo-Black.png","width":3157,"height":356,"caption":"Caliber Europe B.V."},"image":{"@id":"https:\/\/b2b.calibereurope.com\/#\/schema\/logo\/image\/"}}]}},"_links":{"self":[{"href":"https:\/\/b2b.calibereurope.com\/fr\/wp-json\/wp\/v2\/product\/469780","targetHints":{"allow":["GET"]}}],"collection":[{"href":"https:\/\/b2b.calibereurope.com\/fr\/wp-json\/wp\/v2\/product"}],"about":[{"href":"https:\/\/b2b.calibereurope.com\/fr\/wp-json\/wp\/v2\/types\/product"}],"version-history":[{"count":0,"href":"https:\/\/b2b.calibereurope.com\/fr\/wp-json\/wp\/v2\/product\/469780\/revisions"}],"wp:featuredmedia":[{"embeddable":true,"href":"https:\/\/b2b.calibereurope.com\/fr\/wp-json\/wp\/v2\/media\/851916"}],"wp:attachment":[{"href":"https:\/\/b2b.calibereurope.com\/fr\/wp-json\/wp\/v2\/media?parent=469780"}],"wp:term":[{"taxonomy":"product_brand","embeddable":true,"href":"https:\/\/b2b.calibereurope.com\/fr\/wp-json\/wp\/v2\/product_brand?post=469780"},{"taxonomy":"product_cat","embeddable":true,"href":"https:\/\/b2b.calibereurope.com\/fr\/wp-json\/wp\/v2\/product_cat?post=469780"},{"taxonomy":"product_tag","embeddable":true,"href":"https:\/\/b2b.calibereurope.com\/fr\/wp-json\/wp\/v2\/product_tag?post=469780"}],"curies":[{"name":"wp","href":"https:\/\/api.w.org\/{rel}","templated":true}]}}