{"id":475320,"date":"2025-01-15T01:00:00","date_gmt":"2025-01-15T00:00:00","guid":{"rendered":""},"modified":"2025-01-15T08:44:31","modified_gmt":"2025-01-15T07:44:31","slug":"hbt-e27-startpack-fr_fr","status":"publish","type":"product","link":"https:\/\/b2b.calibereurope.com\/fr\/produit\/hbt-e27-startpack-fr_fr\/","title":{"rendered":"Pack de d\u00e9marrage E27 Lampe connect\u00e9e graduable avec passerelle HBT &#8211; 3x A19 ampoules poires LED  connect\u00e9es &#8211; 850 Lumen &#8211; 8 Watts (HBT-E27-STARTPACK)"},"content":{"rendered":"<p> Compl\u00e9tez votre maison connect\u00e9e avec les ampoules LED Caliber HBT E27. Avec ce kit de d\u00e9marrage, vous obtenez <strong> trois ampoules connect\u00e9es avec passerelle <\/strong>. Vous pouvez relier <strong> les lampes individuelles entre elles <\/strong> gr\u00e2ce \u00e0 la passerelle, puis les configurer exactement comme vous le souhaitez.<strong> <\/strong> Laissez les lampes RGB briller comme vous le souhaitez pour cr\u00e9er l&#39;atmosph\u00e8re ad\u00e9quate dans la pi\u00e8ce. Elles peuvent \u00eatre <strong> d\u00e9clin\u00e9es dans toutes les couleurs imaginables <\/strong>: du blanc chaud au blanc froid et du rose au bleu. Les ampoules connect\u00e9es sont, <strong> compatibles avec Alexa, Siri et Google <\/strong>, ce qui permet de les contr\u00f4ler facilement par la voix \u00e9galement. <\/p>\n<p> <strong>Caract\u00e9ristiques :<\/strong> <\/p>\n<ul>\n<li> Ampoule LED avec culot E27\n<li> Mod\u00e8le d&#39;ampoule A19 &#39;poire&#39;\n<li> Ensemble de 3 ampoules + Passerelle\n<li>8 watts et 850 lumen\n<li> Temp\u00e9rature de couleur 2700K \u00e0 6500K\n<li> Ampoule RGB : toutes les couleurs possibles\n<li> Compatible avec les articles connect\u00e9s Caliber HBT\n<li> Compatible avec Alexa, Siri et Google\n<li> Contr\u00f4lable via l&#39;application gratuite Caliber Smart Home\n<li> Fonctionne en WiFi et Bluetooth <\/li>\n<\/ul>\n<h3> Cette ampoule connect\u00e9e cr\u00e9e l&#39;ambiance <\/h3>\n<p> L&#39;\u00e9clairage connect\u00e9 est l&#39;avenir de la maison et avec les ampoules connect\u00e9es, l&#39;ambiance est cr\u00e9\u00e9e en un rien de temps. Ce kit de d\u00e9marrage pour maison connect\u00e9e contient donc tout ce dont vous avez besoin pour un \u00e9clairage pratique. Vous contr\u00f4lez facilement les lampes via l&#39;application gratuite Caliber Smart Home, o\u00f9 vous pouvez, par exemple, enregistrer diff\u00e9rentes combinaisons de couleurs. Ainsi, vous n&#39;aurez pas \u00e0 trouver \u00e0 chaque fois la combinaison de couleurs parfaite pour le moment. C&#39;est l&#39;id\u00e9al pour les soir\u00e9es douillettes aux chandelles, ainsi que pour les f\u00eates et la bonne luminosit\u00e9 et couleur de lumi\u00e8re pour une journ\u00e9e de travail \u00e0 la maison. <\/p>\n<h3>C\u2019est facile d\u2019installer cette ampoule connect\u00e9e <\/h3>\n<p> Avec ce pack de d\u00e9marrage pour maison connect\u00e9e, vous recevez trois ampoules LED E27. L&#39;installation se fait en un rien de temps : il suffit de visser les ampoules RGB dans la source de lumi\u00e8re souhait\u00e9e. T\u00e9l\u00e9chargez ensuite gratuitement l&#39;application Caliber Smart Home et installez la passerelle Caliber HBT incluse. Enfin, vous associez les lumi\u00e8res connect\u00e9es via la passerelle et voil\u00e0 : vous contr\u00f4lez les couleurs et la luminosit\u00e9 facilement via l&#39;application. <\/p>\n<h3> Les meilleures ampoules connect\u00e9es et une bonne connexion vous offrent des lumi\u00e8res intelligentes <\/h3>\n<p> La passerelle n&#39;a besoin que d&#39;une connexion WiFi pour fonctionner. Gr\u00e2ce au r\u00e9seau maill\u00e9 Bluetooth, votre t\u00e9l\u00e9phone n&#39;a pas besoin d&#39;\u00eatre connect\u00e9 au r\u00e9seau WiFi de votre maison, mais vous pouvez contr\u00f4ler vos lumi\u00e8res connect\u00e9es d\u2019o\u00f9 que vous soyez. En outre, utilisez les param\u00e8tres pratiques et demandez \u00e0 vos ampoules connect\u00e9es de s&#39;\u00e9teindre automatiquement au coucher du soleil ou lorsque vous quittez votre domicile \u00e0 certaines heures, par exemple. Les ampoules connect\u00e9es avec raccord E27 sont \u00e9galement contr\u00f4lables via Siri, Google et Alexa. Vous pouvez donc aussi contr\u00f4ler les lumi\u00e8res lorsque vos mains sont pleines ou que votre t\u00e9l\u00e9phone avec l&#39;application n&#39;est pas \u00e0 port\u00e9e de main. <\/p>\n<p> <strong>Inclus :<\/strong> <\/p>\n<ul>\n<li>3x lampes LED Caliber HBT E27\n<li> Passerelle Caliber HBT\n<li> Manuel <\/li>\n<\/ul>\n","protected":false},"excerpt":{"rendered":"<p>Compl\u00e9tez votre maison connect\u00e9e avec les ampoules LED Caliber HBT E27. Avec ce kit de d\u00e9marrage, vous obtenez trois ampoules connect\u00e9es avec passerelle . Vous pouvez relier les lampes individuelles entre elles gr\u00e2ce \u00e0 la passerelle, puis les configurer exactement comme vous le souhaitez. Laissez les lampes RGB briller comme vous le souhaitez pour cr\u00e9er [&hellip;]<\/p>\n","protected":false},"featured_media":853713,"template":"","meta":{"_acf_changed":false,"site-sidebar-layout":"default","site-content-layout":"","ast-site-content-layout":"default","site-content-style":"default","site-sidebar-style":"default","ast-global-header-display":"","ast-banner-title-visibility":"","ast-main-header-display":"","ast-hfb-above-header-display":"","ast-hfb-below-header-display":"","ast-hfb-mobile-header-display":"","site-post-title":"","ast-breadcrumbs-content":"","ast-featured-img":"","footer-sml-layout":"","theme-transparent-header-meta":"","adv-header-id-meta":"","stick-header-meta":"","header-above-stick-meta":"","header-main-stick-meta":"","header-below-stick-meta":"","astra-migrate-meta-layouts":"default","ast-page-background-enabled":"default","ast-page-background-meta":{"desktop":{"background-color":"","background-image":"","background-repeat":"repeat","background-position":"center center","background-size":"auto","background-attachment":"scroll","background-type":"","background-media":"","overlay-type":"","overlay-color":"","overlay-opacity":"","overlay-gradient":""},"tablet":{"background-color":"","background-image":"","background-repeat":"repeat","background-position":"center center","background-size":"auto","background-attachment":"scroll","background-type":"","background-media":"","overlay-type":"","overlay-color":"","overlay-opacity":"","overlay-gradient":""},"mobile":{"background-color":"","background-image":"","background-repeat":"repeat","background-position":"center center","background-size":"auto","background-attachment":"scroll","background-type":"","background-media":"","overlay-type":"","overlay-color":"","overlay-opacity":"","overlay-gradient":""}},"ast-content-background-meta":{"desktop":{"background-color":"var(--ast-global-color-5)","background-image":"","background-repeat":"repeat","background-position":"center center","background-size":"auto","background-attachment":"scroll","background-type":"","background-media":"","overlay-type":"","overlay-color":"","overlay-opacity":"","overlay-gradient":""},"tablet":{"background-color":"var(--ast-global-color-5)","background-image":"","background-repeat":"repeat","background-position":"center center","background-size":"auto","background-attachment":"scroll","background-type":"","background-media":"","overlay-type":"","overlay-color":"","overlay-opacity":"","overlay-gradient":""},"mobile":{"background-color":"var(--ast-global-color-5)","background-image":"","background-repeat":"repeat","background-position":"center center","background-size":"auto","background-attachment":"scroll","background-type":"","background-media":"","overlay-type":"","overlay-color":"","overlay-opacity":"","overlay-gradient":""}}},"product_brand":[],"product_cat":[22955],"product_tag":[],"class_list":{"0":"post-475320","1":"product","2":"type-product","3":"status-publish","4":"has-post-thumbnail","6":"product_cat-pas-de-categorie","7":"desktop-align-center","8":"tablet-align-center","9":"mobile-align-center","10":"ast-product-gallery-layout-horizontal","11":"ast-product-tabs-layout-horizontal","13":"first","14":"instock","15":"taxable","16":"shipping-taxable","17":"purchasable","18":"product-type-simple"},"acf":[],"yoast_head":"<!-- This site is optimized with the Yoast SEO plugin v26.5 - https:\/\/yoast.com\/wordpress\/plugins\/seo\/ -->\n<title>Pack de d\u00e9marrage E27 Lampe connect\u00e9e graduable avec passerelle HBT - 3x A19 ampoules poires LED connect\u00e9es - 850 Lumen - 8 Watts (HBT-E27-STARTPACK) - Caliber Europe B.V.<\/title>\n<meta name=\"robots\" content=\"noindex, follow, max-snippet:-1, max-image-preview:large, max-video-preview:-1\" \/>\n<meta property=\"og:locale\" content=\"fr_FR\" \/>\n<meta property=\"og:type\" content=\"article\" \/>\n<meta property=\"og:title\" content=\"Pack de d\u00e9marrage E27 Lampe connect\u00e9e graduable avec passerelle HBT - 3x A19 ampoules poires LED connect\u00e9es - 850 Lumen - 8 Watts (HBT-E27-STARTPACK) - Caliber Europe B.V.\" \/>\n<meta property=\"og:description\" content=\"Compl\u00e9tez votre maison connect\u00e9e avec les ampoules LED Caliber HBT E27. Avec ce kit de d\u00e9marrage, vous obtenez trois ampoules connect\u00e9es avec passerelle . Vous pouvez relier les lampes individuelles entre elles gr\u00e2ce \u00e0 la passerelle, puis les configurer exactement comme vous le souhaitez. Laissez les lampes RGB briller comme vous le souhaitez pour cr\u00e9er [&hellip;]\" \/>\n<meta property=\"og:url\" content=\"https:\/\/b2b.calibereurope.com\/fr\/produit\/hbt-e27-startpack-fr_fr\/\" \/>\n<meta property=\"og:site_name\" content=\"Caliber Europe B.V.\" \/>\n<meta property=\"article:modified_time\" content=\"2025-01-15T07:44:31+00:00\" \/>\n<meta property=\"og:image\" content=\"https:\/\/b2b.calibereurope.com\/wp-content\/uploads\/2021\/09\/51b10a64364c2fe31977a9fab032709fc9bdf3e5_HBT_E27_STARTPACK_verpakking.jpg\" \/>\n\t<meta property=\"og:image:width\" content=\"1024\" \/>\n\t<meta property=\"og:image:height\" content=\"768\" \/>\n\t<meta property=\"og:image:type\" content=\"image\/jpeg\" \/>\n<meta name=\"twitter:card\" content=\"summary_large_image\" \/>\n<meta name=\"twitter:label1\" content=\"Dur\u00e9e de lecture estim\u00e9e\" \/>\n\t<meta name=\"twitter:data1\" content=\"3 minutes\" \/>\n<script type=\"application\/ld+json\" class=\"yoast-schema-graph\">{\"@context\":\"https:\/\/schema.org\",\"@graph\":[{\"@type\":\"WebPage\",\"@id\":\"https:\/\/b2b.calibereurope.com\/fr\/produit\/hbt-e27-startpack-fr_fr\/\",\"url\":\"https:\/\/b2b.calibereurope.com\/fr\/produit\/hbt-e27-startpack-fr_fr\/\",\"name\":\"Pack de d\u00e9marrage E27 Lampe connect\u00e9e graduable avec passerelle HBT - 3x A19 ampoules poires LED connect\u00e9es - 850 Lumen - 8 Watts (HBT-E27-STARTPACK) - Caliber Europe B.V.\",\"isPartOf\":{\"@id\":\"https:\/\/b2b.calibereurope.com\/#website\"},\"primaryImageOfPage\":{\"@id\":\"https:\/\/b2b.calibereurope.com\/fr\/produit\/hbt-e27-startpack-fr_fr\/#primaryimage\"},\"image\":{\"@id\":\"https:\/\/b2b.calibereurope.com\/fr\/produit\/hbt-e27-startpack-fr_fr\/#primaryimage\"},\"thumbnailUrl\":\"https:\/\/b2b.calibereurope.com\/wp-content\/uploads\/2025\/01\/51b10a64364c2fe31977a9fab032709fc9bdf3e5_HBT_E27_STARTPACK_verpakking.jpg\",\"datePublished\":\"2025-01-15T00:00:00+00:00\",\"dateModified\":\"2025-01-15T07:44:31+00:00\",\"breadcrumb\":{\"@id\":\"https:\/\/b2b.calibereurope.com\/fr\/produit\/hbt-e27-startpack-fr_fr\/#breadcrumb\"},\"inLanguage\":\"fr-FR\",\"potentialAction\":[{\"@type\":\"ReadAction\",\"target\":[\"https:\/\/b2b.calibereurope.com\/fr\/produit\/hbt-e27-startpack-fr_fr\/\"]}]},{\"@type\":\"ImageObject\",\"inLanguage\":\"fr-FR\",\"@id\":\"https:\/\/b2b.calibereurope.com\/fr\/produit\/hbt-e27-startpack-fr_fr\/#primaryimage\",\"url\":\"https:\/\/b2b.calibereurope.com\/wp-content\/uploads\/2025\/01\/51b10a64364c2fe31977a9fab032709fc9bdf3e5_HBT_E27_STARTPACK_verpakking.jpg\",\"contentUrl\":\"https:\/\/b2b.calibereurope.com\/wp-content\/uploads\/2025\/01\/51b10a64364c2fe31977a9fab032709fc9bdf3e5_HBT_E27_STARTPACK_verpakking.jpg\",\"width\":1024,\"height\":768},{\"@type\":\"BreadcrumbList\",\"@id\":\"https:\/\/b2b.calibereurope.com\/fr\/produit\/hbt-e27-startpack-fr_fr\/#breadcrumb\",\"itemListElement\":[{\"@type\":\"ListItem\",\"position\":1,\"name\":\"Home\",\"item\":\"https:\/\/b2b.calibereurope.com\/fr\/home\/\"},{\"@type\":\"ListItem\",\"position\":2,\"name\":\"Boutique\",\"item\":\"https:\/\/b2b.calibereurope.com\/fr\/boutique\/\"},{\"@type\":\"ListItem\",\"position\":3,\"name\":\"Paquet Smart Lamp Starter (HBT-E27-STARTPACK)\"}]},{\"@type\":\"WebSite\",\"@id\":\"https:\/\/b2b.calibereurope.com\/#website\",\"url\":\"https:\/\/b2b.calibereurope.com\/\",\"name\":\"Caliber Europe B.V.\",\"description\":\"B2B Webshop\",\"publisher\":{\"@id\":\"https:\/\/b2b.calibereurope.com\/#organization\"},\"potentialAction\":[{\"@type\":\"SearchAction\",\"target\":{\"@type\":\"EntryPoint\",\"urlTemplate\":\"https:\/\/b2b.calibereurope.com\/?s={search_term_string}\"},\"query-input\":{\"@type\":\"PropertyValueSpecification\",\"valueRequired\":true,\"valueName\":\"search_term_string\"}}],\"inLanguage\":\"fr-FR\"},{\"@type\":\"Organization\",\"@id\":\"https:\/\/b2b.calibereurope.com\/#organization\",\"name\":\"Caliber Europe B.V.\",\"url\":\"https:\/\/b2b.calibereurope.com\/\",\"logo\":{\"@type\":\"ImageObject\",\"inLanguage\":\"fr-FR\",\"@id\":\"https:\/\/b2b.calibereurope.com\/#\/schema\/logo\/image\/\",\"url\":\"https:\/\/b2b.calibereurope.com\/wp-content\/uploads\/2020\/12\/Caliber_Logo-Black.png\",\"contentUrl\":\"https:\/\/b2b.calibereurope.com\/wp-content\/uploads\/2020\/12\/Caliber_Logo-Black.png\",\"width\":3157,\"height\":356,\"caption\":\"Caliber Europe B.V.\"},\"image\":{\"@id\":\"https:\/\/b2b.calibereurope.com\/#\/schema\/logo\/image\/\"}}]}<\/script>\n<!-- \/ Yoast SEO plugin. -->","yoast_head_json":{"title":"Pack de d\u00e9marrage E27 Lampe connect\u00e9e graduable avec passerelle HBT - 3x A19 ampoules poires LED connect\u00e9es - 850 Lumen - 8 Watts (HBT-E27-STARTPACK) - Caliber Europe B.V.","robots":{"index":"noindex","follow":"follow","max-snippet":"max-snippet:-1","max-image-preview":"max-image-preview:large","max-video-preview":"max-video-preview:-1"},"og_locale":"fr_FR","og_type":"article","og_title":"Pack de d\u00e9marrage E27 Lampe connect\u00e9e graduable avec passerelle HBT - 3x A19 ampoules poires LED connect\u00e9es - 850 Lumen - 8 Watts (HBT-E27-STARTPACK) - Caliber Europe B.V.","og_description":"Compl\u00e9tez votre maison connect\u00e9e avec les ampoules LED Caliber HBT E27. Avec ce kit de d\u00e9marrage, vous obtenez trois ampoules connect\u00e9es avec passerelle . Vous pouvez relier les lampes individuelles entre elles gr\u00e2ce \u00e0 la passerelle, puis les configurer exactement comme vous le souhaitez. Laissez les lampes RGB briller comme vous le souhaitez pour cr\u00e9er [&hellip;]","og_url":"https:\/\/b2b.calibereurope.com\/fr\/produit\/hbt-e27-startpack-fr_fr\/","og_site_name":"Caliber Europe B.V.","article_modified_time":"2025-01-15T07:44:31+00:00","og_image":[{"width":1024,"height":768,"url":"https:\/\/b2b.calibereurope.com\/wp-content\/uploads\/2021\/09\/51b10a64364c2fe31977a9fab032709fc9bdf3e5_HBT_E27_STARTPACK_verpakking.jpg","type":"image\/jpeg"}],"twitter_card":"summary_large_image","twitter_misc":{"Dur\u00e9e de lecture estim\u00e9e":"3 minutes"},"schema":{"@context":"https:\/\/schema.org","@graph":[{"@type":"WebPage","@id":"https:\/\/b2b.calibereurope.com\/fr\/produit\/hbt-e27-startpack-fr_fr\/","url":"https:\/\/b2b.calibereurope.com\/fr\/produit\/hbt-e27-startpack-fr_fr\/","name":"Pack de d\u00e9marrage E27 Lampe connect\u00e9e graduable avec passerelle HBT - 3x A19 ampoules poires LED connect\u00e9es - 850 Lumen - 8 Watts (HBT-E27-STARTPACK) - Caliber Europe B.V.","isPartOf":{"@id":"https:\/\/b2b.calibereurope.com\/#website"},"primaryImageOfPage":{"@id":"https:\/\/b2b.calibereurope.com\/fr\/produit\/hbt-e27-startpack-fr_fr\/#primaryimage"},"image":{"@id":"https:\/\/b2b.calibereurope.com\/fr\/produit\/hbt-e27-startpack-fr_fr\/#primaryimage"},"thumbnailUrl":"https:\/\/b2b.calibereurope.com\/wp-content\/uploads\/2025\/01\/51b10a64364c2fe31977a9fab032709fc9bdf3e5_HBT_E27_STARTPACK_verpakking.jpg","datePublished":"2025-01-15T00:00:00+00:00","dateModified":"2025-01-15T07:44:31+00:00","breadcrumb":{"@id":"https:\/\/b2b.calibereurope.com\/fr\/produit\/hbt-e27-startpack-fr_fr\/#breadcrumb"},"inLanguage":"fr-FR","potentialAction":[{"@type":"ReadAction","target":["https:\/\/b2b.calibereurope.com\/fr\/produit\/hbt-e27-startpack-fr_fr\/"]}]},{"@type":"ImageObject","inLanguage":"fr-FR","@id":"https:\/\/b2b.calibereurope.com\/fr\/produit\/hbt-e27-startpack-fr_fr\/#primaryimage","url":"https:\/\/b2b.calibereurope.com\/wp-content\/uploads\/2025\/01\/51b10a64364c2fe31977a9fab032709fc9bdf3e5_HBT_E27_STARTPACK_verpakking.jpg","contentUrl":"https:\/\/b2b.calibereurope.com\/wp-content\/uploads\/2025\/01\/51b10a64364c2fe31977a9fab032709fc9bdf3e5_HBT_E27_STARTPACK_verpakking.jpg","width":1024,"height":768},{"@type":"BreadcrumbList","@id":"https:\/\/b2b.calibereurope.com\/fr\/produit\/hbt-e27-startpack-fr_fr\/#breadcrumb","itemListElement":[{"@type":"ListItem","position":1,"name":"Home","item":"https:\/\/b2b.calibereurope.com\/fr\/home\/"},{"@type":"ListItem","position":2,"name":"Boutique","item":"https:\/\/b2b.calibereurope.com\/fr\/boutique\/"},{"@type":"ListItem","position":3,"name":"Paquet Smart Lamp Starter (HBT-E27-STARTPACK)"}]},{"@type":"WebSite","@id":"https:\/\/b2b.calibereurope.com\/#website","url":"https:\/\/b2b.calibereurope.com\/","name":"Caliber Europe B.V.","description":"B2B Webshop","publisher":{"@id":"https:\/\/b2b.calibereurope.com\/#organization"},"potentialAction":[{"@type":"SearchAction","target":{"@type":"EntryPoint","urlTemplate":"https:\/\/b2b.calibereurope.com\/?s={search_term_string}"},"query-input":{"@type":"PropertyValueSpecification","valueRequired":true,"valueName":"search_term_string"}}],"inLanguage":"fr-FR"},{"@type":"Organization","@id":"https:\/\/b2b.calibereurope.com\/#organization","name":"Caliber Europe B.V.","url":"https:\/\/b2b.calibereurope.com\/","logo":{"@type":"ImageObject","inLanguage":"fr-FR","@id":"https:\/\/b2b.calibereurope.com\/#\/schema\/logo\/image\/","url":"https:\/\/b2b.calibereurope.com\/wp-content\/uploads\/2020\/12\/Caliber_Logo-Black.png","contentUrl":"https:\/\/b2b.calibereurope.com\/wp-content\/uploads\/2020\/12\/Caliber_Logo-Black.png","width":3157,"height":356,"caption":"Caliber Europe B.V."},"image":{"@id":"https:\/\/b2b.calibereurope.com\/#\/schema\/logo\/image\/"}}]}},"_links":{"self":[{"href":"https:\/\/b2b.calibereurope.com\/fr\/wp-json\/wp\/v2\/product\/475320","targetHints":{"allow":["GET"]}}],"collection":[{"href":"https:\/\/b2b.calibereurope.com\/fr\/wp-json\/wp\/v2\/product"}],"about":[{"href":"https:\/\/b2b.calibereurope.com\/fr\/wp-json\/wp\/v2\/types\/product"}],"version-history":[{"count":0,"href":"https:\/\/b2b.calibereurope.com\/fr\/wp-json\/wp\/v2\/product\/475320\/revisions"}],"wp:featuredmedia":[{"embeddable":true,"href":"https:\/\/b2b.calibereurope.com\/fr\/wp-json\/wp\/v2\/media\/853713"}],"wp:attachment":[{"href":"https:\/\/b2b.calibereurope.com\/fr\/wp-json\/wp\/v2\/media?parent=475320"}],"wp:term":[{"taxonomy":"product_brand","embeddable":true,"href":"https:\/\/b2b.calibereurope.com\/fr\/wp-json\/wp\/v2\/product_brand?post=475320"},{"taxonomy":"product_cat","embeddable":true,"href":"https:\/\/b2b.calibereurope.com\/fr\/wp-json\/wp\/v2\/product_cat?post=475320"},{"taxonomy":"product_tag","embeddable":true,"href":"https:\/\/b2b.calibereurope.com\/fr\/wp-json\/wp\/v2\/product_tag?post=475320"}],"curies":[{"name":"wp","href":"https:\/\/api.w.org\/{rel}","templated":true}]}}