{"id":475468,"date":"2025-01-15T01:00:00","date_gmt":"2025-01-15T00:00:00","guid":{"rendered":""},"modified":"2025-01-15T08:44:38","modified_gmt":"2025-01-15T07:44:38","slug":"HBT-GU10-STARTPACK-fr_FR","status":"publish","type":"product","link":"https:\/\/b2b.calibereurope.com\/fr\/produit\/HBT-GU10-STARTPACK-fr_FR\/","title":{"rendered":"Pack de d\u00e9marrage GU10 Lampe connect\u00e9e graduable avec passerelle &#8211; 3x spots RGB Led connect\u00e9s &#8211; 300 Lumen &#8211; 5 Watts (HBT-GU10-STARTPACK)"},"content":{"rendered":"<p> Optez pour un \u00e9clairage connect\u00e9 dans votre maison avec les ampoules LED Caliber HBT GU10. Ces spots connect\u00e9s sont le compl\u00e9ment id\u00e9al de votre maison connect\u00e9e. Ce kit de d\u00e9marrage complet comprend <strong>3 spots connect\u00e9s et une passerelle <\/strong>. Les ampoules connect\u00e9es offrent <strong>300 lumen<\/strong> et une puissance de <strong> 5W par ampoule <\/strong>. Avec <strong> l&#39;application gratuite Caliber Smart Home <\/strong> vous pouvez r\u00e9gler les lampes \u00e0 votre guise et gr\u00e2ce <strong> au r\u00e9seau maill\u00e9 Bluetooth <\/strong> vous g\u00e9rez vos lumi\u00e8res connect\u00e9es d\u2019o\u00f9 que vous soyez. Vous r\u00e9glez <strong> les spots RGB <\/strong> sur la couleur de votre choix : du blanc brillant ou simplement chaud au rouge ou au jaune. <\/p>\n<p> <strong> Caract\u00e9ristiques :   <\/strong> <\/p>\n<ul>\n<li> Ensemble complet d&#39;\u00e9clairage connect\u00e9\n<li>3x spots LED HBT-GU10\n<li> Comprend une passerelle HBT\n<li>300 lumen par spot\n<li>5W par spot\n<li> Lumi\u00e8re blanche et spot RGB\n<li> Temp\u00e9rature de la lumi\u00e8re r\u00e9glable (chaud \u00e0 froid)\n<li> Contr\u00f4lable via l&#39;application gratuite Caliber Smart Home\n<li> Le maillage Bluetooth \u00e9tend le signal\n<li> Compatible avec Alexa, Siri et Google <\/li>\n<\/ul>\n<h3> spot connect\u00e9e pour cr\u00e9er atmosph\u00e8re et ambiance <\/h3>\n<p> Comme ce sont des spots RGB, vous pouvez y ajouter la couleur de votre choix. De plus, elles sont dimmables et vous pouvez les contr\u00f4ler individuellement. Cr\u00e9ez des combinaisons de couleurs agr\u00e9ables pour cr\u00e9er l&#39;ambiance ou passez d&#39;une lumi\u00e8re blanche froide et brillante \u00e0 une lumi\u00e8re blanche chaude plus chaleureuse. Que vous travailliez ou que vous preniez un verre : choisissez la combinaison de couleurs qui convient au moment. <\/p>\n<h3>Spot connect\u00e9e, \u00e9clairage intelligent <\/h3>\n<p> Avec ces spots connect\u00e9s, vous pouvez non seulement r\u00e9gler la luminosit\u00e9 et la couleur souhait\u00e9es, mais aussi b\u00e9n\u00e9ficier de divers param\u00e8tres, comme les combinaisons de couleurs enregistr\u00e9es et les minuteries. Par exemple, vous pouvez r\u00e9gler les lumi\u00e8res connect\u00e9es pour qu&#39;elles s&#39;allument automatiquement lorsque vous rentrez chez vous et s&#39;\u00e9teignent lorsque vous partez. <\/p>\n<h3>C\u2019est facile d\u2019installer ce spot connect\u00e9e<\/h3>\n<p> Installation facile Profitez de votre \u00e9clairage domestique connect\u00e9 en un rien de temps gr\u00e2ce \u00e0 l&#39;installation rapide de ce kit de d\u00e9marrage. Il suffit de visser les spots connect\u00e9es dans une douille GU10 et de t\u00e9l\u00e9charger l&#39;application gratuite Caliber Smart Home. Dans celle-ci, appairez la passerelle puis les spots connect\u00e9es. Gr\u00e2ce au WiFi et au maillage Bluetooth de la passerelle HBT, vous pouvez alors contr\u00f4ler les lumi\u00e8res connect\u00e9es o\u00f9 que vous soyez, m\u00eame lorsque vous n&#39;\u00eates pas \u00e0 la maison !<\/p>\n<\/p>\n<p> <strong>Inclus :<\/strong> <\/p>\n<ul>\n<li>3x Spots Caliber HBT GU10 LED\n<li>Passerelle Caliber HBT\n<li> Manuel <\/li>\n<\/ul>\n","protected":false},"excerpt":{"rendered":"<p>Optez pour un \u00e9clairage connect\u00e9 dans votre maison avec les ampoules LED Caliber HBT GU10. Ces spots connect\u00e9s sont le compl\u00e9ment id\u00e9al de votre maison connect\u00e9e. Ce kit de d\u00e9marrage complet comprend 3 spots connect\u00e9s et une passerelle . Les ampoules connect\u00e9es offrent 300 lumen et une puissance de 5W par ampoule . Avec l&#39;application [&hellip;]<\/p>\n","protected":false},"featured_media":853749,"template":"","meta":{"_acf_changed":false,"site-sidebar-layout":"default","site-content-layout":"","ast-site-content-layout":"default","site-content-style":"default","site-sidebar-style":"default","ast-global-header-display":"","ast-banner-title-visibility":"","ast-main-header-display":"","ast-hfb-above-header-display":"","ast-hfb-below-header-display":"","ast-hfb-mobile-header-display":"","site-post-title":"","ast-breadcrumbs-content":"","ast-featured-img":"","footer-sml-layout":"","theme-transparent-header-meta":"","adv-header-id-meta":"","stick-header-meta":"","header-above-stick-meta":"","header-main-stick-meta":"","header-below-stick-meta":"","astra-migrate-meta-layouts":"default","ast-page-background-enabled":"default","ast-page-background-meta":{"desktop":{"background-color":"","background-image":"","background-repeat":"repeat","background-position":"center center","background-size":"auto","background-attachment":"scroll","background-type":"","background-media":"","overlay-type":"","overlay-color":"","overlay-opacity":"","overlay-gradient":""},"tablet":{"background-color":"","background-image":"","background-repeat":"repeat","background-position":"center center","background-size":"auto","background-attachment":"scroll","background-type":"","background-media":"","overlay-type":"","overlay-color":"","overlay-opacity":"","overlay-gradient":""},"mobile":{"background-color":"","background-image":"","background-repeat":"repeat","background-position":"center center","background-size":"auto","background-attachment":"scroll","background-type":"","background-media":"","overlay-type":"","overlay-color":"","overlay-opacity":"","overlay-gradient":""}},"ast-content-background-meta":{"desktop":{"background-color":"var(--ast-global-color-5)","background-image":"","background-repeat":"repeat","background-position":"center center","background-size":"auto","background-attachment":"scroll","background-type":"","background-media":"","overlay-type":"","overlay-color":"","overlay-opacity":"","overlay-gradient":""},"tablet":{"background-color":"var(--ast-global-color-5)","background-image":"","background-repeat":"repeat","background-position":"center center","background-size":"auto","background-attachment":"scroll","background-type":"","background-media":"","overlay-type":"","overlay-color":"","overlay-opacity":"","overlay-gradient":""},"mobile":{"background-color":"var(--ast-global-color-5)","background-image":"","background-repeat":"repeat","background-position":"center center","background-size":"auto","background-attachment":"scroll","background-type":"","background-media":"","overlay-type":"","overlay-color":"","overlay-opacity":"","overlay-gradient":""}}},"product_brand":[],"product_cat":[22955],"product_tag":[],"class_list":{"0":"post-475468","1":"product","2":"type-product","3":"status-publish","4":"has-post-thumbnail","6":"product_cat-pas-de-categorie","7":"desktop-align-center","8":"tablet-align-center","9":"mobile-align-center","10":"ast-product-gallery-layout-horizontal","11":"ast-product-tabs-layout-horizontal","13":"first","14":"instock","15":"taxable","16":"shipping-taxable","17":"purchasable","18":"product-type-simple"},"acf":[],"yoast_head":"<!-- This site is optimized with the Yoast SEO plugin v26.5 - https:\/\/yoast.com\/wordpress\/plugins\/seo\/ -->\n<title>Pack de d\u00e9marrage GU10 Lampe connect\u00e9e graduable avec passerelle - 3x spots RGB Led connect\u00e9s - 300 Lumen - 5 Watts (HBT-GU10-STARTPACK) - Caliber Europe B.V.<\/title>\n<meta name=\"robots\" content=\"noindex, follow, max-snippet:-1, max-image-preview:large, max-video-preview:-1\" \/>\n<meta property=\"og:locale\" content=\"fr_FR\" \/>\n<meta property=\"og:type\" content=\"article\" \/>\n<meta property=\"og:title\" content=\"Pack de d\u00e9marrage GU10 Lampe connect\u00e9e graduable avec passerelle - 3x spots RGB Led connect\u00e9s - 300 Lumen - 5 Watts (HBT-GU10-STARTPACK) - Caliber Europe B.V.\" \/>\n<meta property=\"og:description\" content=\"Optez pour un \u00e9clairage connect\u00e9 dans votre maison avec les ampoules LED Caliber HBT GU10. Ces spots connect\u00e9s sont le compl\u00e9ment id\u00e9al de votre maison connect\u00e9e. Ce kit de d\u00e9marrage complet comprend 3 spots connect\u00e9s et une passerelle . Les ampoules connect\u00e9es offrent 300 lumen et une puissance de 5W par ampoule . Avec l&#039;application [&hellip;]\" \/>\n<meta property=\"og:url\" content=\"https:\/\/b2b.calibereurope.com\/fr\/produit\/hbt-gu10-startpack-fr_fr\/\" \/>\n<meta property=\"og:site_name\" content=\"Caliber Europe B.V.\" \/>\n<meta property=\"article:modified_time\" content=\"2025-01-15T07:44:38+00:00\" \/>\n<meta property=\"og:image\" content=\"https:\/\/b2b.calibereurope.com\/wp-content\/uploads\/2021\/09\/c469f670c4cc74a41933c0a248272c4e680312da_HBT_GU10_STARTPACK_verpakking.jpg\" \/>\n\t<meta property=\"og:image:width\" content=\"1024\" \/>\n\t<meta property=\"og:image:height\" content=\"768\" \/>\n\t<meta property=\"og:image:type\" content=\"image\/jpeg\" \/>\n<meta name=\"twitter:card\" content=\"summary_large_image\" \/>\n<meta name=\"twitter:label1\" content=\"Dur\u00e9e de lecture estim\u00e9e\" \/>\n\t<meta name=\"twitter:data1\" content=\"2 minutes\" \/>\n<script type=\"application\/ld+json\" class=\"yoast-schema-graph\">{\"@context\":\"https:\/\/schema.org\",\"@graph\":[{\"@type\":\"WebPage\",\"@id\":\"https:\/\/b2b.calibereurope.com\/fr\/produit\/hbt-gu10-startpack-fr_fr\/\",\"url\":\"https:\/\/b2b.calibereurope.com\/fr\/produit\/hbt-gu10-startpack-fr_fr\/\",\"name\":\"Pack de d\u00e9marrage GU10 Lampe connect\u00e9e graduable avec passerelle - 3x spots RGB Led connect\u00e9s - 300 Lumen - 5 Watts (HBT-GU10-STARTPACK) - Caliber Europe B.V.\",\"isPartOf\":{\"@id\":\"https:\/\/b2b.calibereurope.com\/#website\"},\"primaryImageOfPage\":{\"@id\":\"https:\/\/b2b.calibereurope.com\/fr\/produit\/hbt-gu10-startpack-fr_fr\/#primaryimage\"},\"image\":{\"@id\":\"https:\/\/b2b.calibereurope.com\/fr\/produit\/hbt-gu10-startpack-fr_fr\/#primaryimage\"},\"thumbnailUrl\":\"https:\/\/b2b.calibereurope.com\/wp-content\/uploads\/2025\/01\/c469f670c4cc74a41933c0a248272c4e680312da_HBT_GU10_STARTPACK_verpakking.jpg\",\"datePublished\":\"2025-01-15T00:00:00+00:00\",\"dateModified\":\"2025-01-15T07:44:38+00:00\",\"breadcrumb\":{\"@id\":\"https:\/\/b2b.calibereurope.com\/fr\/produit\/hbt-gu10-startpack-fr_fr\/#breadcrumb\"},\"inLanguage\":\"fr-FR\",\"potentialAction\":[{\"@type\":\"ReadAction\",\"target\":[\"https:\/\/b2b.calibereurope.com\/fr\/produit\/hbt-gu10-startpack-fr_fr\/\"]}]},{\"@type\":\"ImageObject\",\"inLanguage\":\"fr-FR\",\"@id\":\"https:\/\/b2b.calibereurope.com\/fr\/produit\/hbt-gu10-startpack-fr_fr\/#primaryimage\",\"url\":\"https:\/\/b2b.calibereurope.com\/wp-content\/uploads\/2025\/01\/c469f670c4cc74a41933c0a248272c4e680312da_HBT_GU10_STARTPACK_verpakking.jpg\",\"contentUrl\":\"https:\/\/b2b.calibereurope.com\/wp-content\/uploads\/2025\/01\/c469f670c4cc74a41933c0a248272c4e680312da_HBT_GU10_STARTPACK_verpakking.jpg\",\"width\":1024,\"height\":768},{\"@type\":\"BreadcrumbList\",\"@id\":\"https:\/\/b2b.calibereurope.com\/fr\/produit\/hbt-gu10-startpack-fr_fr\/#breadcrumb\",\"itemListElement\":[{\"@type\":\"ListItem\",\"position\":1,\"name\":\"Home\",\"item\":\"https:\/\/b2b.calibereurope.com\/fr\/home\/\"},{\"@type\":\"ListItem\",\"position\":2,\"name\":\"Boutique\",\"item\":\"https:\/\/b2b.calibereurope.com\/fr\/boutique\/\"},{\"@type\":\"ListItem\",\"position\":3,\"name\":\"Paquet Smart Lamp Starter (HBT-GU10-STARTPACK)\"}]},{\"@type\":\"WebSite\",\"@id\":\"https:\/\/b2b.calibereurope.com\/#website\",\"url\":\"https:\/\/b2b.calibereurope.com\/\",\"name\":\"Caliber Europe B.V.\",\"description\":\"B2B Webshop\",\"publisher\":{\"@id\":\"https:\/\/b2b.calibereurope.com\/#organization\"},\"potentialAction\":[{\"@type\":\"SearchAction\",\"target\":{\"@type\":\"EntryPoint\",\"urlTemplate\":\"https:\/\/b2b.calibereurope.com\/?s={search_term_string}\"},\"query-input\":{\"@type\":\"PropertyValueSpecification\",\"valueRequired\":true,\"valueName\":\"search_term_string\"}}],\"inLanguage\":\"fr-FR\"},{\"@type\":\"Organization\",\"@id\":\"https:\/\/b2b.calibereurope.com\/#organization\",\"name\":\"Caliber Europe B.V.\",\"url\":\"https:\/\/b2b.calibereurope.com\/\",\"logo\":{\"@type\":\"ImageObject\",\"inLanguage\":\"fr-FR\",\"@id\":\"https:\/\/b2b.calibereurope.com\/#\/schema\/logo\/image\/\",\"url\":\"https:\/\/b2b.calibereurope.com\/wp-content\/uploads\/2020\/12\/Caliber_Logo-Black.png\",\"contentUrl\":\"https:\/\/b2b.calibereurope.com\/wp-content\/uploads\/2020\/12\/Caliber_Logo-Black.png\",\"width\":3157,\"height\":356,\"caption\":\"Caliber Europe B.V.\"},\"image\":{\"@id\":\"https:\/\/b2b.calibereurope.com\/#\/schema\/logo\/image\/\"}}]}<\/script>\n<!-- \/ Yoast SEO plugin. -->","yoast_head_json":{"title":"Pack de d\u00e9marrage GU10 Lampe connect\u00e9e graduable avec passerelle - 3x spots RGB Led connect\u00e9s - 300 Lumen - 5 Watts (HBT-GU10-STARTPACK) - Caliber Europe B.V.","robots":{"index":"noindex","follow":"follow","max-snippet":"max-snippet:-1","max-image-preview":"max-image-preview:large","max-video-preview":"max-video-preview:-1"},"og_locale":"fr_FR","og_type":"article","og_title":"Pack de d\u00e9marrage GU10 Lampe connect\u00e9e graduable avec passerelle - 3x spots RGB Led connect\u00e9s - 300 Lumen - 5 Watts (HBT-GU10-STARTPACK) - Caliber Europe B.V.","og_description":"Optez pour un \u00e9clairage connect\u00e9 dans votre maison avec les ampoules LED Caliber HBT GU10. Ces spots connect\u00e9s sont le compl\u00e9ment id\u00e9al de votre maison connect\u00e9e. Ce kit de d\u00e9marrage complet comprend 3 spots connect\u00e9s et une passerelle . Les ampoules connect\u00e9es offrent 300 lumen et une puissance de 5W par ampoule . Avec l&#39;application [&hellip;]","og_url":"https:\/\/b2b.calibereurope.com\/fr\/produit\/hbt-gu10-startpack-fr_fr\/","og_site_name":"Caliber Europe B.V.","article_modified_time":"2025-01-15T07:44:38+00:00","og_image":[{"width":1024,"height":768,"url":"https:\/\/b2b.calibereurope.com\/wp-content\/uploads\/2021\/09\/c469f670c4cc74a41933c0a248272c4e680312da_HBT_GU10_STARTPACK_verpakking.jpg","type":"image\/jpeg"}],"twitter_card":"summary_large_image","twitter_misc":{"Dur\u00e9e de lecture estim\u00e9e":"2 minutes"},"schema":{"@context":"https:\/\/schema.org","@graph":[{"@type":"WebPage","@id":"https:\/\/b2b.calibereurope.com\/fr\/produit\/hbt-gu10-startpack-fr_fr\/","url":"https:\/\/b2b.calibereurope.com\/fr\/produit\/hbt-gu10-startpack-fr_fr\/","name":"Pack de d\u00e9marrage GU10 Lampe connect\u00e9e graduable avec passerelle - 3x spots RGB Led connect\u00e9s - 300 Lumen - 5 Watts (HBT-GU10-STARTPACK) - Caliber Europe B.V.","isPartOf":{"@id":"https:\/\/b2b.calibereurope.com\/#website"},"primaryImageOfPage":{"@id":"https:\/\/b2b.calibereurope.com\/fr\/produit\/hbt-gu10-startpack-fr_fr\/#primaryimage"},"image":{"@id":"https:\/\/b2b.calibereurope.com\/fr\/produit\/hbt-gu10-startpack-fr_fr\/#primaryimage"},"thumbnailUrl":"https:\/\/b2b.calibereurope.com\/wp-content\/uploads\/2025\/01\/c469f670c4cc74a41933c0a248272c4e680312da_HBT_GU10_STARTPACK_verpakking.jpg","datePublished":"2025-01-15T00:00:00+00:00","dateModified":"2025-01-15T07:44:38+00:00","breadcrumb":{"@id":"https:\/\/b2b.calibereurope.com\/fr\/produit\/hbt-gu10-startpack-fr_fr\/#breadcrumb"},"inLanguage":"fr-FR","potentialAction":[{"@type":"ReadAction","target":["https:\/\/b2b.calibereurope.com\/fr\/produit\/hbt-gu10-startpack-fr_fr\/"]}]},{"@type":"ImageObject","inLanguage":"fr-FR","@id":"https:\/\/b2b.calibereurope.com\/fr\/produit\/hbt-gu10-startpack-fr_fr\/#primaryimage","url":"https:\/\/b2b.calibereurope.com\/wp-content\/uploads\/2025\/01\/c469f670c4cc74a41933c0a248272c4e680312da_HBT_GU10_STARTPACK_verpakking.jpg","contentUrl":"https:\/\/b2b.calibereurope.com\/wp-content\/uploads\/2025\/01\/c469f670c4cc74a41933c0a248272c4e680312da_HBT_GU10_STARTPACK_verpakking.jpg","width":1024,"height":768},{"@type":"BreadcrumbList","@id":"https:\/\/b2b.calibereurope.com\/fr\/produit\/hbt-gu10-startpack-fr_fr\/#breadcrumb","itemListElement":[{"@type":"ListItem","position":1,"name":"Home","item":"https:\/\/b2b.calibereurope.com\/fr\/home\/"},{"@type":"ListItem","position":2,"name":"Boutique","item":"https:\/\/b2b.calibereurope.com\/fr\/boutique\/"},{"@type":"ListItem","position":3,"name":"Paquet Smart Lamp Starter (HBT-GU10-STARTPACK)"}]},{"@type":"WebSite","@id":"https:\/\/b2b.calibereurope.com\/#website","url":"https:\/\/b2b.calibereurope.com\/","name":"Caliber Europe B.V.","description":"B2B Webshop","publisher":{"@id":"https:\/\/b2b.calibereurope.com\/#organization"},"potentialAction":[{"@type":"SearchAction","target":{"@type":"EntryPoint","urlTemplate":"https:\/\/b2b.calibereurope.com\/?s={search_term_string}"},"query-input":{"@type":"PropertyValueSpecification","valueRequired":true,"valueName":"search_term_string"}}],"inLanguage":"fr-FR"},{"@type":"Organization","@id":"https:\/\/b2b.calibereurope.com\/#organization","name":"Caliber Europe B.V.","url":"https:\/\/b2b.calibereurope.com\/","logo":{"@type":"ImageObject","inLanguage":"fr-FR","@id":"https:\/\/b2b.calibereurope.com\/#\/schema\/logo\/image\/","url":"https:\/\/b2b.calibereurope.com\/wp-content\/uploads\/2020\/12\/Caliber_Logo-Black.png","contentUrl":"https:\/\/b2b.calibereurope.com\/wp-content\/uploads\/2020\/12\/Caliber_Logo-Black.png","width":3157,"height":356,"caption":"Caliber Europe B.V."},"image":{"@id":"https:\/\/b2b.calibereurope.com\/#\/schema\/logo\/image\/"}}]}},"_links":{"self":[{"href":"https:\/\/b2b.calibereurope.com\/fr\/wp-json\/wp\/v2\/product\/475468","targetHints":{"allow":["GET"]}}],"collection":[{"href":"https:\/\/b2b.calibereurope.com\/fr\/wp-json\/wp\/v2\/product"}],"about":[{"href":"https:\/\/b2b.calibereurope.com\/fr\/wp-json\/wp\/v2\/types\/product"}],"version-history":[{"count":0,"href":"https:\/\/b2b.calibereurope.com\/fr\/wp-json\/wp\/v2\/product\/475468\/revisions"}],"wp:featuredmedia":[{"embeddable":true,"href":"https:\/\/b2b.calibereurope.com\/fr\/wp-json\/wp\/v2\/media\/853749"}],"wp:attachment":[{"href":"https:\/\/b2b.calibereurope.com\/fr\/wp-json\/wp\/v2\/media?parent=475468"}],"wp:term":[{"taxonomy":"product_brand","embeddable":true,"href":"https:\/\/b2b.calibereurope.com\/fr\/wp-json\/wp\/v2\/product_brand?post=475468"},{"taxonomy":"product_cat","embeddable":true,"href":"https:\/\/b2b.calibereurope.com\/fr\/wp-json\/wp\/v2\/product_cat?post=475468"},{"taxonomy":"product_tag","embeddable":true,"href":"https:\/\/b2b.calibereurope.com\/fr\/wp-json\/wp\/v2\/product_tag?post=475468"}],"curies":[{"name":"wp","href":"https:\/\/api.w.org\/{rel}","templated":true}]}}