{"id":475668,"date":"2025-01-15T01:00:00","date_gmt":"2025-01-15T00:00:00","guid":{"rendered":""},"modified":"2025-01-15T08:44:46","modified_gmt":"2025-01-15T07:44:46","slug":"hbt-br30-startpack-fr_fr","status":"publish","type":"product","link":"https:\/\/b2b.calibereurope.com\/fr\/produit\/hbt-br30-startpack-fr_fr\/","title":{"rendered":"Pack de d\u00e9marrage Ampoule Connect\u00e9e E27 Graduable avec Passerelle &#8211; 3x Led E27 connect\u00e9s &#8211; 850 Lumen &#8211; 8 Watts (HBT-BR30-STARTPACK)"},"content":{"rendered":"<p> Le pack de d\u00e9marrage de lampes connect\u00e9es Caliber HBT-BR30 avec passerelle est un <strong> ensemble complet <\/strong>. Les <strong> trois <\/strong> ampoules connect\u00e9es ont un <strong> raccord E27 <\/strong>. La lampe RGB peut \u00eatre r\u00e9gl\u00e9e <strong> dans toutes les couleurs de lumi\u00e8re souhait\u00e9es <\/strong>. En outre, la temp\u00e9rature de la lumi\u00e8re blanche peut \u00eatre r\u00e9gl\u00e9e <strong> du blanc chaud au blanc froid <\/strong>. L&#39;ampoule connect\u00e9e de <strong>8 watts <\/strong> a une luminosit\u00e9 de <strong>850 lumen <\/strong>. Gr\u00e2ce \u00e0 la passerelle incluse, la lampe se connecte au <strong> r\u00e9seau Bluetooth<\/strong> via <strong>wifi<\/strong>. Sur l&#39;, <strong> application <\/strong> Caliber Smart Home vous pouvez ensuite contr\u00f4ler <strong> facilement chaque ampoule connect\u00e9e <\/strong>. <\/p>\n<p> <strong> Caract\u00e9ristiques :<\/strong> <\/p>\n<ul>\n<li> Trois ampoules connect\u00e9es avec culot E27\n<li> Ensemble incluant la passerelle Caliber HBT\n<li>8 watts par ampoule LED\n<li> Affichage de la lumi\u00e8re 850 lumen\n<li> Temp\u00e9rature de la lumi\u00e8re r\u00e9glable (2700 &#8211; 6500K)\n<li> Ampoules r\u00e9glables individuellement\n<li> Contr\u00f4lable via l&#39;application gratuite Caliber Smart Home\n<li> Le maillage Bluetooth \u00e9tend le signal <\/li>\n<\/ul>\n<h3> Ampoule connect\u00e9e contr\u00f4lable de partout <\/h3>\n<p> Gr\u00e2ce \u00e0 la passerelle incluse, vous connectez les ampoules avec maillage Bluetooth \u00e0 internet via wifi. Cela vous permet de contr\u00f4ler facilement les lampes connect\u00e9es via l&#39;application Caliber Smart Home, o\u00f9 que vous soyez. R\u00e9glez toutes les lampes individuellement et d\u00e9cidez quand allumer ou \u00e9teindre une lampe connect\u00e9e dans une pi\u00e8ce. Toute la famille peut installer l&#39;application, afin que chacun puisse profiter de son \u00e9clairage d&#39;ambiance pr\u00e9f\u00e9r\u00e9 avec les lampes RGB<\/p>\n<h3> Pack de d\u00e9marrage complet d\u2019ampoules connect\u00e9es<\/h3>\n<p> Avec ce pack, vous pouvez \u00e9quiper votre maison d&#39;un \u00e9clairage connect\u00e9 en un rien de temps. Avec les trois lampes connect\u00e9es, vous pouvez cr\u00e9er la bonne atmosph\u00e8re dans les diff\u00e9rentes pi\u00e8ces. Contr\u00f4ler une lampe connect\u00e9e n&#39;a jamais \u00e9t\u00e9 aussi facile. La passerelle incluse \u00e9tend le signal et vous permet de contr\u00f4ler les lumi\u00e8res connect\u00e9es de n&#39;importe o\u00f9, m\u00eame \u00e0 distance. <\/p>\n<h3> Ces ampoules connect\u00e9es offrent de belles fonctions suppl\u00e9mentaires <\/h3>\n<p> Vous pouvez \u00e9galement allumer et \u00e9teindre les lampes par commande vocale. Si vous le souhaitez, vous pouvez relier les trois lampes entre elles afin de pouvoir les contr\u00f4ler toutes en m\u00eame temps avec votre voix. De plus, les lampes peuvent suivre le rythme de la musique, cr\u00e9ant ainsi l&#39;atmosph\u00e8re parfaite pour une f\u00eate r\u00e9ussie !  <\/p>\n<p> <strong>Inclus :<\/strong> <\/p>\n<ul>\n<li>3x lampe connect\u00e9e avec culot E27<\/li>\n<li>1x Passerelle Caliber HBT<\/li>\n<\/ul>\n","protected":false},"excerpt":{"rendered":"<p>Le pack de d\u00e9marrage de lampes connect\u00e9es Caliber HBT-BR30 avec passerelle est un ensemble complet . Les trois ampoules connect\u00e9es ont un raccord E27 . La lampe RGB peut \u00eatre r\u00e9gl\u00e9e dans toutes les couleurs de lumi\u00e8re souhait\u00e9es . En outre, la temp\u00e9rature de la lumi\u00e8re blanche peut \u00eatre r\u00e9gl\u00e9e du blanc chaud au blanc [&hellip;]<\/p>\n","protected":false},"featured_media":853785,"template":"","meta":{"_acf_changed":false,"site-sidebar-layout":"default","site-content-layout":"","ast-site-content-layout":"default","site-content-style":"default","site-sidebar-style":"default","ast-global-header-display":"","ast-banner-title-visibility":"","ast-main-header-display":"","ast-hfb-above-header-display":"","ast-hfb-below-header-display":"","ast-hfb-mobile-header-display":"","site-post-title":"","ast-breadcrumbs-content":"","ast-featured-img":"","footer-sml-layout":"","theme-transparent-header-meta":"","adv-header-id-meta":"","stick-header-meta":"","header-above-stick-meta":"","header-main-stick-meta":"","header-below-stick-meta":"","astra-migrate-meta-layouts":"default","ast-page-background-enabled":"default","ast-page-background-meta":{"desktop":{"background-color":"","background-image":"","background-repeat":"repeat","background-position":"center center","background-size":"auto","background-attachment":"scroll","background-type":"","background-media":"","overlay-type":"","overlay-color":"","overlay-opacity":"","overlay-gradient":""},"tablet":{"background-color":"","background-image":"","background-repeat":"repeat","background-position":"center center","background-size":"auto","background-attachment":"scroll","background-type":"","background-media":"","overlay-type":"","overlay-color":"","overlay-opacity":"","overlay-gradient":""},"mobile":{"background-color":"","background-image":"","background-repeat":"repeat","background-position":"center center","background-size":"auto","background-attachment":"scroll","background-type":"","background-media":"","overlay-type":"","overlay-color":"","overlay-opacity":"","overlay-gradient":""}},"ast-content-background-meta":{"desktop":{"background-color":"var(--ast-global-color-5)","background-image":"","background-repeat":"repeat","background-position":"center center","background-size":"auto","background-attachment":"scroll","background-type":"","background-media":"","overlay-type":"","overlay-color":"","overlay-opacity":"","overlay-gradient":""},"tablet":{"background-color":"var(--ast-global-color-5)","background-image":"","background-repeat":"repeat","background-position":"center center","background-size":"auto","background-attachment":"scroll","background-type":"","background-media":"","overlay-type":"","overlay-color":"","overlay-opacity":"","overlay-gradient":""},"mobile":{"background-color":"var(--ast-global-color-5)","background-image":"","background-repeat":"repeat","background-position":"center center","background-size":"auto","background-attachment":"scroll","background-type":"","background-media":"","overlay-type":"","overlay-color":"","overlay-opacity":"","overlay-gradient":""}}},"product_brand":[],"product_cat":[22955],"product_tag":[],"class_list":{"0":"post-475668","1":"product","2":"type-product","3":"status-publish","4":"has-post-thumbnail","6":"product_cat-pas-de-categorie","7":"desktop-align-center","8":"tablet-align-center","9":"mobile-align-center","10":"ast-product-gallery-layout-horizontal","11":"ast-product-tabs-layout-horizontal","13":"first","14":"instock","15":"taxable","16":"shipping-taxable","17":"purchasable","18":"product-type-simple"},"acf":[],"yoast_head":"<!-- This site is optimized with the Yoast SEO plugin v26.5 - https:\/\/yoast.com\/wordpress\/plugins\/seo\/ -->\n<title>Pack de d\u00e9marrage Ampoule Connect\u00e9e E27 Graduable avec Passerelle - 3x Led E27 connect\u00e9s - 850 Lumen - 8 Watts (HBT-BR30-STARTPACK) - Caliber Europe B.V.<\/title>\n<meta name=\"robots\" content=\"noindex, follow, max-snippet:-1, max-image-preview:large, max-video-preview:-1\" \/>\n<meta property=\"og:locale\" content=\"fr_FR\" \/>\n<meta property=\"og:type\" content=\"article\" \/>\n<meta property=\"og:title\" content=\"Pack de d\u00e9marrage Ampoule Connect\u00e9e E27 Graduable avec Passerelle - 3x Led E27 connect\u00e9s - 850 Lumen - 8 Watts (HBT-BR30-STARTPACK) - Caliber Europe B.V.\" \/>\n<meta property=\"og:description\" content=\"Le pack de d\u00e9marrage de lampes connect\u00e9es Caliber HBT-BR30 avec passerelle est un ensemble complet . Les trois ampoules connect\u00e9es ont un raccord E27 . La lampe RGB peut \u00eatre r\u00e9gl\u00e9e dans toutes les couleurs de lumi\u00e8re souhait\u00e9es . En outre, la temp\u00e9rature de la lumi\u00e8re blanche peut \u00eatre r\u00e9gl\u00e9e du blanc chaud au blanc [&hellip;]\" \/>\n<meta property=\"og:url\" content=\"https:\/\/b2b.calibereurope.com\/fr\/produit\/hbt-br30-startpack-fr_fr\/\" \/>\n<meta property=\"og:site_name\" content=\"Caliber Europe B.V.\" \/>\n<meta property=\"article:modified_time\" content=\"2025-01-15T07:44:46+00:00\" \/>\n<meta property=\"og:image\" content=\"https:\/\/b2b.calibereurope.com\/wp-content\/uploads\/2021\/09\/48efabece54cdf2f3ec4dc2651298dd38d3f8471_HBT_BR30_STARTPACK_verpakking.jpg\" \/>\n\t<meta property=\"og:image:width\" content=\"1024\" \/>\n\t<meta property=\"og:image:height\" content=\"768\" \/>\n\t<meta property=\"og:image:type\" content=\"image\/jpeg\" \/>\n<meta name=\"twitter:card\" content=\"summary_large_image\" \/>\n<meta name=\"twitter:label1\" content=\"Dur\u00e9e de lecture estim\u00e9e\" \/>\n\t<meta name=\"twitter:data1\" content=\"2 minutes\" \/>\n<script type=\"application\/ld+json\" class=\"yoast-schema-graph\">{\"@context\":\"https:\/\/schema.org\",\"@graph\":[{\"@type\":\"WebPage\",\"@id\":\"https:\/\/b2b.calibereurope.com\/fr\/produit\/hbt-br30-startpack-fr_fr\/\",\"url\":\"https:\/\/b2b.calibereurope.com\/fr\/produit\/hbt-br30-startpack-fr_fr\/\",\"name\":\"Pack de d\u00e9marrage Ampoule Connect\u00e9e E27 Graduable avec Passerelle - 3x Led E27 connect\u00e9s - 850 Lumen - 8 Watts (HBT-BR30-STARTPACK) - Caliber Europe B.V.\",\"isPartOf\":{\"@id\":\"https:\/\/b2b.calibereurope.com\/#website\"},\"primaryImageOfPage\":{\"@id\":\"https:\/\/b2b.calibereurope.com\/fr\/produit\/hbt-br30-startpack-fr_fr\/#primaryimage\"},\"image\":{\"@id\":\"https:\/\/b2b.calibereurope.com\/fr\/produit\/hbt-br30-startpack-fr_fr\/#primaryimage\"},\"thumbnailUrl\":\"https:\/\/b2b.calibereurope.com\/wp-content\/uploads\/2025\/01\/48efabece54cdf2f3ec4dc2651298dd38d3f8471_HBT_BR30_STARTPACK_verpakking.jpg\",\"datePublished\":\"2025-01-15T00:00:00+00:00\",\"dateModified\":\"2025-01-15T07:44:46+00:00\",\"breadcrumb\":{\"@id\":\"https:\/\/b2b.calibereurope.com\/fr\/produit\/hbt-br30-startpack-fr_fr\/#breadcrumb\"},\"inLanguage\":\"fr-FR\",\"potentialAction\":[{\"@type\":\"ReadAction\",\"target\":[\"https:\/\/b2b.calibereurope.com\/fr\/produit\/hbt-br30-startpack-fr_fr\/\"]}]},{\"@type\":\"ImageObject\",\"inLanguage\":\"fr-FR\",\"@id\":\"https:\/\/b2b.calibereurope.com\/fr\/produit\/hbt-br30-startpack-fr_fr\/#primaryimage\",\"url\":\"https:\/\/b2b.calibereurope.com\/wp-content\/uploads\/2025\/01\/48efabece54cdf2f3ec4dc2651298dd38d3f8471_HBT_BR30_STARTPACK_verpakking.jpg\",\"contentUrl\":\"https:\/\/b2b.calibereurope.com\/wp-content\/uploads\/2025\/01\/48efabece54cdf2f3ec4dc2651298dd38d3f8471_HBT_BR30_STARTPACK_verpakking.jpg\",\"width\":1024,\"height\":768},{\"@type\":\"BreadcrumbList\",\"@id\":\"https:\/\/b2b.calibereurope.com\/fr\/produit\/hbt-br30-startpack-fr_fr\/#breadcrumb\",\"itemListElement\":[{\"@type\":\"ListItem\",\"position\":1,\"name\":\"Home\",\"item\":\"https:\/\/b2b.calibereurope.com\/fr\/home\/\"},{\"@type\":\"ListItem\",\"position\":2,\"name\":\"Boutique\",\"item\":\"https:\/\/b2b.calibereurope.com\/fr\/boutique\/\"},{\"@type\":\"ListItem\",\"position\":3,\"name\":\"Paquet Smart Lamp Starter (HBT-BR30-STARTPACK)\"}]},{\"@type\":\"WebSite\",\"@id\":\"https:\/\/b2b.calibereurope.com\/#website\",\"url\":\"https:\/\/b2b.calibereurope.com\/\",\"name\":\"Caliber Europe B.V.\",\"description\":\"B2B Webshop\",\"publisher\":{\"@id\":\"https:\/\/b2b.calibereurope.com\/#organization\"},\"potentialAction\":[{\"@type\":\"SearchAction\",\"target\":{\"@type\":\"EntryPoint\",\"urlTemplate\":\"https:\/\/b2b.calibereurope.com\/?s={search_term_string}\"},\"query-input\":{\"@type\":\"PropertyValueSpecification\",\"valueRequired\":true,\"valueName\":\"search_term_string\"}}],\"inLanguage\":\"fr-FR\"},{\"@type\":\"Organization\",\"@id\":\"https:\/\/b2b.calibereurope.com\/#organization\",\"name\":\"Caliber Europe B.V.\",\"url\":\"https:\/\/b2b.calibereurope.com\/\",\"logo\":{\"@type\":\"ImageObject\",\"inLanguage\":\"fr-FR\",\"@id\":\"https:\/\/b2b.calibereurope.com\/#\/schema\/logo\/image\/\",\"url\":\"https:\/\/b2b.calibereurope.com\/wp-content\/uploads\/2020\/12\/Caliber_Logo-Black.png\",\"contentUrl\":\"https:\/\/b2b.calibereurope.com\/wp-content\/uploads\/2020\/12\/Caliber_Logo-Black.png\",\"width\":3157,\"height\":356,\"caption\":\"Caliber Europe B.V.\"},\"image\":{\"@id\":\"https:\/\/b2b.calibereurope.com\/#\/schema\/logo\/image\/\"}}]}<\/script>\n<!-- \/ Yoast SEO plugin. -->","yoast_head_json":{"title":"Pack de d\u00e9marrage Ampoule Connect\u00e9e E27 Graduable avec Passerelle - 3x Led E27 connect\u00e9s - 850 Lumen - 8 Watts (HBT-BR30-STARTPACK) - Caliber Europe B.V.","robots":{"index":"noindex","follow":"follow","max-snippet":"max-snippet:-1","max-image-preview":"max-image-preview:large","max-video-preview":"max-video-preview:-1"},"og_locale":"fr_FR","og_type":"article","og_title":"Pack de d\u00e9marrage Ampoule Connect\u00e9e E27 Graduable avec Passerelle - 3x Led E27 connect\u00e9s - 850 Lumen - 8 Watts (HBT-BR30-STARTPACK) - Caliber Europe B.V.","og_description":"Le pack de d\u00e9marrage de lampes connect\u00e9es Caliber HBT-BR30 avec passerelle est un ensemble complet . Les trois ampoules connect\u00e9es ont un raccord E27 . La lampe RGB peut \u00eatre r\u00e9gl\u00e9e dans toutes les couleurs de lumi\u00e8re souhait\u00e9es . En outre, la temp\u00e9rature de la lumi\u00e8re blanche peut \u00eatre r\u00e9gl\u00e9e du blanc chaud au blanc [&hellip;]","og_url":"https:\/\/b2b.calibereurope.com\/fr\/produit\/hbt-br30-startpack-fr_fr\/","og_site_name":"Caliber Europe B.V.","article_modified_time":"2025-01-15T07:44:46+00:00","og_image":[{"width":1024,"height":768,"url":"https:\/\/b2b.calibereurope.com\/wp-content\/uploads\/2021\/09\/48efabece54cdf2f3ec4dc2651298dd38d3f8471_HBT_BR30_STARTPACK_verpakking.jpg","type":"image\/jpeg"}],"twitter_card":"summary_large_image","twitter_misc":{"Dur\u00e9e de lecture estim\u00e9e":"2 minutes"},"schema":{"@context":"https:\/\/schema.org","@graph":[{"@type":"WebPage","@id":"https:\/\/b2b.calibereurope.com\/fr\/produit\/hbt-br30-startpack-fr_fr\/","url":"https:\/\/b2b.calibereurope.com\/fr\/produit\/hbt-br30-startpack-fr_fr\/","name":"Pack de d\u00e9marrage Ampoule Connect\u00e9e E27 Graduable avec Passerelle - 3x Led E27 connect\u00e9s - 850 Lumen - 8 Watts (HBT-BR30-STARTPACK) - Caliber Europe B.V.","isPartOf":{"@id":"https:\/\/b2b.calibereurope.com\/#website"},"primaryImageOfPage":{"@id":"https:\/\/b2b.calibereurope.com\/fr\/produit\/hbt-br30-startpack-fr_fr\/#primaryimage"},"image":{"@id":"https:\/\/b2b.calibereurope.com\/fr\/produit\/hbt-br30-startpack-fr_fr\/#primaryimage"},"thumbnailUrl":"https:\/\/b2b.calibereurope.com\/wp-content\/uploads\/2025\/01\/48efabece54cdf2f3ec4dc2651298dd38d3f8471_HBT_BR30_STARTPACK_verpakking.jpg","datePublished":"2025-01-15T00:00:00+00:00","dateModified":"2025-01-15T07:44:46+00:00","breadcrumb":{"@id":"https:\/\/b2b.calibereurope.com\/fr\/produit\/hbt-br30-startpack-fr_fr\/#breadcrumb"},"inLanguage":"fr-FR","potentialAction":[{"@type":"ReadAction","target":["https:\/\/b2b.calibereurope.com\/fr\/produit\/hbt-br30-startpack-fr_fr\/"]}]},{"@type":"ImageObject","inLanguage":"fr-FR","@id":"https:\/\/b2b.calibereurope.com\/fr\/produit\/hbt-br30-startpack-fr_fr\/#primaryimage","url":"https:\/\/b2b.calibereurope.com\/wp-content\/uploads\/2025\/01\/48efabece54cdf2f3ec4dc2651298dd38d3f8471_HBT_BR30_STARTPACK_verpakking.jpg","contentUrl":"https:\/\/b2b.calibereurope.com\/wp-content\/uploads\/2025\/01\/48efabece54cdf2f3ec4dc2651298dd38d3f8471_HBT_BR30_STARTPACK_verpakking.jpg","width":1024,"height":768},{"@type":"BreadcrumbList","@id":"https:\/\/b2b.calibereurope.com\/fr\/produit\/hbt-br30-startpack-fr_fr\/#breadcrumb","itemListElement":[{"@type":"ListItem","position":1,"name":"Home","item":"https:\/\/b2b.calibereurope.com\/fr\/home\/"},{"@type":"ListItem","position":2,"name":"Boutique","item":"https:\/\/b2b.calibereurope.com\/fr\/boutique\/"},{"@type":"ListItem","position":3,"name":"Paquet Smart Lamp Starter (HBT-BR30-STARTPACK)"}]},{"@type":"WebSite","@id":"https:\/\/b2b.calibereurope.com\/#website","url":"https:\/\/b2b.calibereurope.com\/","name":"Caliber Europe B.V.","description":"B2B Webshop","publisher":{"@id":"https:\/\/b2b.calibereurope.com\/#organization"},"potentialAction":[{"@type":"SearchAction","target":{"@type":"EntryPoint","urlTemplate":"https:\/\/b2b.calibereurope.com\/?s={search_term_string}"},"query-input":{"@type":"PropertyValueSpecification","valueRequired":true,"valueName":"search_term_string"}}],"inLanguage":"fr-FR"},{"@type":"Organization","@id":"https:\/\/b2b.calibereurope.com\/#organization","name":"Caliber Europe B.V.","url":"https:\/\/b2b.calibereurope.com\/","logo":{"@type":"ImageObject","inLanguage":"fr-FR","@id":"https:\/\/b2b.calibereurope.com\/#\/schema\/logo\/image\/","url":"https:\/\/b2b.calibereurope.com\/wp-content\/uploads\/2020\/12\/Caliber_Logo-Black.png","contentUrl":"https:\/\/b2b.calibereurope.com\/wp-content\/uploads\/2020\/12\/Caliber_Logo-Black.png","width":3157,"height":356,"caption":"Caliber Europe B.V."},"image":{"@id":"https:\/\/b2b.calibereurope.com\/#\/schema\/logo\/image\/"}}]}},"_links":{"self":[{"href":"https:\/\/b2b.calibereurope.com\/fr\/wp-json\/wp\/v2\/product\/475668","targetHints":{"allow":["GET"]}}],"collection":[{"href":"https:\/\/b2b.calibereurope.com\/fr\/wp-json\/wp\/v2\/product"}],"about":[{"href":"https:\/\/b2b.calibereurope.com\/fr\/wp-json\/wp\/v2\/types\/product"}],"version-history":[{"count":0,"href":"https:\/\/b2b.calibereurope.com\/fr\/wp-json\/wp\/v2\/product\/475668\/revisions"}],"wp:featuredmedia":[{"embeddable":true,"href":"https:\/\/b2b.calibereurope.com\/fr\/wp-json\/wp\/v2\/media\/853785"}],"wp:attachment":[{"href":"https:\/\/b2b.calibereurope.com\/fr\/wp-json\/wp\/v2\/media?parent=475668"}],"wp:term":[{"taxonomy":"product_brand","embeddable":true,"href":"https:\/\/b2b.calibereurope.com\/fr\/wp-json\/wp\/v2\/product_brand?post=475668"},{"taxonomy":"product_cat","embeddable":true,"href":"https:\/\/b2b.calibereurope.com\/fr\/wp-json\/wp\/v2\/product_cat?post=475668"},{"taxonomy":"product_tag","embeddable":true,"href":"https:\/\/b2b.calibereurope.com\/fr\/wp-json\/wp\/v2\/product_tag?post=475668"}],"curies":[{"name":"wp","href":"https:\/\/api.w.org\/{rel}","templated":true}]}}