{"id":475816,"date":"2025-01-15T01:00:00","date_gmt":"2025-01-15T00:00:00","guid":{"rendered":""},"modified":"2025-01-15T08:44:53","modified_gmt":"2025-01-15T07:44:53","slug":"HBT-E27-3PACK-fr_FR","status":"publish","type":"product","link":"https:\/\/b2b.calibereurope.com\/fr\/produit\/HBT-E27-3PACK-fr_FR\/","title":{"rendered":"Ensemble de 3 ampoules LED E27 RGB Graduables &#8211; 3x ampoules LED A19 Poire connect\u00e9es &#8211; 850 Lumen &#8211; 8 Watts &#8211; Avec App (HBT-E27-3PACK)"},"content":{"rendered":"<p> Offrez \u00e0 votre maison une belle mise \u00e0 niveau avec l&#39;ensemble de lampes connect\u00e9es Caliber HBT. Ces ampoules connect\u00e9es sont faciles \u00e0 contr\u00f4ler <strong> depuis votre smartphone ou votre tablette.<\/strong> En t\u00e9l\u00e9chargeant l&#39;application gratuite Caliber, vous pouvez <strong> connecter les lampes sans fil <\/strong> \u00e0 tous vos appareils intelligents en utilisant la passerelle Caliber HBT disponible s\u00e9par\u00e9ment. Les lumi\u00e8res connect\u00e9es pour la maison peuvent \u00eatre r\u00e9gl\u00e9es dans n&#39;importe quelle couleur et offrent <strong> 850 lumen et 8 watts <\/strong> par ampoule RGB. Les ampoules connect\u00e9es sont vendues par <strong> lot de 3<\/strong>, ce qui vous permet d&#39;\u00e9clairer plusieurs coins de la pi\u00e8ce ! <\/p>\n<p> <strong> Caract\u00e9ristiques :<\/strong> <\/p>\n<ul>\n<li> Ampoule LED avec culot E27\n<li>A19 \u2018Mod\u00e8le d&#39;ampoule A19 \u00ab\u00a0poire\u00a0\u00bb\n<li> Jeu de 3 ampoules\n<li>8 watts et 850 lumen\n<li> Temp\u00e9rature de couleur 2700K \u00e0 6500K\n<li> Ampoule RGB : toutes les couleurs sont possibles\n<li> Possibilit\u00e9 de connexion \u00e0 d&#39;autres articles connect\u00e9s Caliber\n<li> Compatible avec Alexa, Siri et Google\n<li> Contr\u00f4lable via l&#39;application gratuite Caliber Smart Home\n<li> Fonctionne en WiFi et Bluetooth <\/li>\n<\/ul>\n<p> <strong>Attention : <\/strong> Le contr\u00f4le se fait via la passerelle Caliber HBT disponible s\u00e9par\u00e9ment <\/p>\n<h3>Il est facile de raccorder cette ampoule connect\u00e9e <\/h3>\n<p> Le pack de 3 se compose de trois ampoules avec un culot E27. La lampe E27 est tr\u00e8s facile \u00e0 connecter. En la vissant dans le socle de la lampe, celle-ci est imm\u00e9diatement pr\u00eate \u00e0 \u00eatre utilis\u00e9e. Les ampoules connect\u00e9es peuvent \u00eatre contr\u00f4l\u00e9es depuis n&#39;importe quelle pi\u00e8ce de la maison car vous pouvez facilement les connecter \u00e0 votre tablette, votre smartphone ou d&#39;autres appareils intelligents. Vous pouvez \u00e9galement choisir d&#39;acheter un interrupteur avec les lampes pour les contr\u00f4ler de mani\u00e8re traditionnelle. <\/p>\n<h3> Cette ampoule connect\u00e9e permet de cr\u00e9er une palette de couleurs infinie <\/h3>\n<p Cette lampe connect\u00e9e est une lampe RGB. Cela signifie que la lampe peut \u00eatre r\u00e9gl\u00e9e en diff\u00e9rentes couleurs. Vous pouvez choisir d&#39;afficher une couleur blanche neutre, en blanc chaud ou froid. Cela est utile, par exemple, lorsque vous travaillez pendant la journ\u00e9e. Vous pouvez \u00e9galement choisir une couleur qui donne une ambiance lorsque vous recevez des visiteurs ou que vous passez une soir\u00e9e sur le canap\u00e9, par exemple. Gr\u00e2ce aux LEDs RGB, vous d\u00e9couvrirez une nouvelle couleur chaque nuit ! <\/p>\n<h3> L\u2019ampoule connect\u00e9e peut \u00eatre contr\u00f4l\u00e9e via commande vocale <\/h3>\n<p> Lorsque vous rentrez chez vous, vous pouvez imm\u00e9diatement allumer ou \u00e9teindre l&#39;ampoule connect\u00e9e \u00e0 l&#39;aide de la commande vocale tr\u00e8s pratique. La lampe E27 peut \u00eatre contr\u00f4l\u00e9e \u00e0 la fois par Alexa et Google. Bien entendu, vous pouvez \u00e9galement contr\u00f4ler la lampe via l&#39;application sur votre smartphone ou votre tablette. O\u00f9 que vous soyez dans la maison, vous pouvez facilement allumer ou \u00e9teindre les lampes <\/p>\n<p> <strong>Inclus :<\/strong> <\/p>\n<ul>\n<li>3x ampoules LED Caliber HBT E27\n<li>Manuel <\/li>\n<\/ul>\n","protected":false},"excerpt":{"rendered":"<p>Offrez \u00e0 votre maison une belle mise \u00e0 niveau avec l&#39;ensemble de lampes connect\u00e9es Caliber HBT. Ces ampoules connect\u00e9es sont faciles \u00e0 contr\u00f4ler depuis votre smartphone ou votre tablette. En t\u00e9l\u00e9chargeant l&#39;application gratuite Caliber, vous pouvez connecter les lampes sans fil \u00e0 tous vos appareils intelligents en utilisant la passerelle Caliber HBT disponible s\u00e9par\u00e9ment. Les [&hellip;]<\/p>\n","protected":false},"featured_media":853821,"template":"","meta":{"_acf_changed":false,"site-sidebar-layout":"default","site-content-layout":"","ast-site-content-layout":"default","site-content-style":"default","site-sidebar-style":"default","ast-global-header-display":"","ast-banner-title-visibility":"","ast-main-header-display":"","ast-hfb-above-header-display":"","ast-hfb-below-header-display":"","ast-hfb-mobile-header-display":"","site-post-title":"","ast-breadcrumbs-content":"","ast-featured-img":"","footer-sml-layout":"","theme-transparent-header-meta":"","adv-header-id-meta":"","stick-header-meta":"","header-above-stick-meta":"","header-main-stick-meta":"","header-below-stick-meta":"","astra-migrate-meta-layouts":"default","ast-page-background-enabled":"default","ast-page-background-meta":{"desktop":{"background-color":"","background-image":"","background-repeat":"repeat","background-position":"center center","background-size":"auto","background-attachment":"scroll","background-type":"","background-media":"","overlay-type":"","overlay-color":"","overlay-opacity":"","overlay-gradient":""},"tablet":{"background-color":"","background-image":"","background-repeat":"repeat","background-position":"center center","background-size":"auto","background-attachment":"scroll","background-type":"","background-media":"","overlay-type":"","overlay-color":"","overlay-opacity":"","overlay-gradient":""},"mobile":{"background-color":"","background-image":"","background-repeat":"repeat","background-position":"center center","background-size":"auto","background-attachment":"scroll","background-type":"","background-media":"","overlay-type":"","overlay-color":"","overlay-opacity":"","overlay-gradient":""}},"ast-content-background-meta":{"desktop":{"background-color":"var(--ast-global-color-5)","background-image":"","background-repeat":"repeat","background-position":"center center","background-size":"auto","background-attachment":"scroll","background-type":"","background-media":"","overlay-type":"","overlay-color":"","overlay-opacity":"","overlay-gradient":""},"tablet":{"background-color":"var(--ast-global-color-5)","background-image":"","background-repeat":"repeat","background-position":"center center","background-size":"auto","background-attachment":"scroll","background-type":"","background-media":"","overlay-type":"","overlay-color":"","overlay-opacity":"","overlay-gradient":""},"mobile":{"background-color":"var(--ast-global-color-5)","background-image":"","background-repeat":"repeat","background-position":"center center","background-size":"auto","background-attachment":"scroll","background-type":"","background-media":"","overlay-type":"","overlay-color":"","overlay-opacity":"","overlay-gradient":""}}},"product_brand":[],"product_cat":[22955],"product_tag":[],"class_list":{"0":"post-475816","1":"product","2":"type-product","3":"status-publish","4":"has-post-thumbnail","6":"product_cat-pas-de-categorie","7":"desktop-align-center","8":"tablet-align-center","9":"mobile-align-center","10":"ast-product-gallery-layout-horizontal","11":"ast-product-tabs-layout-horizontal","13":"first","14":"instock","15":"taxable","16":"shipping-taxable","17":"purchasable","18":"product-type-simple"},"acf":[],"yoast_head":"<!-- This site is optimized with the Yoast SEO plugin v26.5 - https:\/\/yoast.com\/wordpress\/plugins\/seo\/ -->\n<title>Ensemble de 3 ampoules LED E27 RGB Graduables - 3x ampoules LED A19 Poire connect\u00e9es - 850 Lumen - 8 Watts - Avec App (HBT-E27-3PACK) - Caliber Europe B.V.<\/title>\n<meta name=\"robots\" content=\"noindex, follow, max-snippet:-1, max-image-preview:large, max-video-preview:-1\" \/>\n<meta property=\"og:locale\" content=\"fr_FR\" \/>\n<meta property=\"og:type\" content=\"article\" \/>\n<meta property=\"og:title\" content=\"Ensemble de 3 ampoules LED E27 RGB Graduables - 3x ampoules LED A19 Poire connect\u00e9es - 850 Lumen - 8 Watts - Avec App (HBT-E27-3PACK) - Caliber Europe B.V.\" \/>\n<meta property=\"og:description\" content=\"Offrez \u00e0 votre maison une belle mise \u00e0 niveau avec l&#039;ensemble de lampes connect\u00e9es Caliber HBT. Ces ampoules connect\u00e9es sont faciles \u00e0 contr\u00f4ler depuis votre smartphone ou votre tablette. En t\u00e9l\u00e9chargeant l&#039;application gratuite Caliber, vous pouvez connecter les lampes sans fil \u00e0 tous vos appareils intelligents en utilisant la passerelle Caliber HBT disponible s\u00e9par\u00e9ment. Les [&hellip;]\" \/>\n<meta property=\"og:url\" content=\"https:\/\/b2b.calibereurope.com\/fr\/produit\/hbt-e27-3pack-fr_fr\/\" \/>\n<meta property=\"og:site_name\" content=\"Caliber Europe B.V.\" \/>\n<meta property=\"article:modified_time\" content=\"2025-01-15T07:44:53+00:00\" \/>\n<meta property=\"og:image\" content=\"https:\/\/b2b.calibereurope.com\/wp-content\/uploads\/2021\/09\/84df2fd4333b4dc95085a8d8cf4e5ee1a8f55c6c_HBT_E27_3PACK_verpakking.jpg\" \/>\n\t<meta property=\"og:image:width\" content=\"1024\" \/>\n\t<meta property=\"og:image:height\" content=\"768\" \/>\n\t<meta property=\"og:image:type\" content=\"image\/jpeg\" \/>\n<meta name=\"twitter:card\" content=\"summary_large_image\" \/>\n<meta name=\"twitter:label1\" content=\"Dur\u00e9e de lecture estim\u00e9e\" \/>\n\t<meta name=\"twitter:data1\" content=\"1 minute\" \/>\n<script type=\"application\/ld+json\" class=\"yoast-schema-graph\">{\"@context\":\"https:\/\/schema.org\",\"@graph\":[{\"@type\":\"WebPage\",\"@id\":\"https:\/\/b2b.calibereurope.com\/fr\/produit\/hbt-e27-3pack-fr_fr\/\",\"url\":\"https:\/\/b2b.calibereurope.com\/fr\/produit\/hbt-e27-3pack-fr_fr\/\",\"name\":\"Ensemble de 3 ampoules LED E27 RGB Graduables - 3x ampoules LED A19 Poire connect\u00e9es - 850 Lumen - 8 Watts - Avec App (HBT-E27-3PACK) - Caliber Europe B.V.\",\"isPartOf\":{\"@id\":\"https:\/\/b2b.calibereurope.com\/#website\"},\"primaryImageOfPage\":{\"@id\":\"https:\/\/b2b.calibereurope.com\/fr\/produit\/hbt-e27-3pack-fr_fr\/#primaryimage\"},\"image\":{\"@id\":\"https:\/\/b2b.calibereurope.com\/fr\/produit\/hbt-e27-3pack-fr_fr\/#primaryimage\"},\"thumbnailUrl\":\"https:\/\/b2b.calibereurope.com\/wp-content\/uploads\/2025\/01\/84df2fd4333b4dc95085a8d8cf4e5ee1a8f55c6c_HBT_E27_3PACK_verpakking.jpg\",\"datePublished\":\"2025-01-15T00:00:00+00:00\",\"dateModified\":\"2025-01-15T07:44:53+00:00\",\"breadcrumb\":{\"@id\":\"https:\/\/b2b.calibereurope.com\/fr\/produit\/hbt-e27-3pack-fr_fr\/#breadcrumb\"},\"inLanguage\":\"fr-FR\",\"potentialAction\":[{\"@type\":\"ReadAction\",\"target\":[\"https:\/\/b2b.calibereurope.com\/fr\/produit\/hbt-e27-3pack-fr_fr\/\"]}]},{\"@type\":\"ImageObject\",\"inLanguage\":\"fr-FR\",\"@id\":\"https:\/\/b2b.calibereurope.com\/fr\/produit\/hbt-e27-3pack-fr_fr\/#primaryimage\",\"url\":\"https:\/\/b2b.calibereurope.com\/wp-content\/uploads\/2025\/01\/84df2fd4333b4dc95085a8d8cf4e5ee1a8f55c6c_HBT_E27_3PACK_verpakking.jpg\",\"contentUrl\":\"https:\/\/b2b.calibereurope.com\/wp-content\/uploads\/2025\/01\/84df2fd4333b4dc95085a8d8cf4e5ee1a8f55c6c_HBT_E27_3PACK_verpakking.jpg\",\"width\":1024,\"height\":768},{\"@type\":\"BreadcrumbList\",\"@id\":\"https:\/\/b2b.calibereurope.com\/fr\/produit\/hbt-e27-3pack-fr_fr\/#breadcrumb\",\"itemListElement\":[{\"@type\":\"ListItem\",\"position\":1,\"name\":\"Home\",\"item\":\"https:\/\/b2b.calibereurope.com\/fr\/home\/\"},{\"@type\":\"ListItem\",\"position\":2,\"name\":\"Boutique\",\"item\":\"https:\/\/b2b.calibereurope.com\/fr\/boutique\/\"},{\"@type\":\"ListItem\",\"position\":3,\"name\":\"Lampe intelligente (HBT-E27-3PACK)\"}]},{\"@type\":\"WebSite\",\"@id\":\"https:\/\/b2b.calibereurope.com\/#website\",\"url\":\"https:\/\/b2b.calibereurope.com\/\",\"name\":\"Caliber Europe B.V.\",\"description\":\"B2B Webshop\",\"publisher\":{\"@id\":\"https:\/\/b2b.calibereurope.com\/#organization\"},\"potentialAction\":[{\"@type\":\"SearchAction\",\"target\":{\"@type\":\"EntryPoint\",\"urlTemplate\":\"https:\/\/b2b.calibereurope.com\/?s={search_term_string}\"},\"query-input\":{\"@type\":\"PropertyValueSpecification\",\"valueRequired\":true,\"valueName\":\"search_term_string\"}}],\"inLanguage\":\"fr-FR\"},{\"@type\":\"Organization\",\"@id\":\"https:\/\/b2b.calibereurope.com\/#organization\",\"name\":\"Caliber Europe B.V.\",\"url\":\"https:\/\/b2b.calibereurope.com\/\",\"logo\":{\"@type\":\"ImageObject\",\"inLanguage\":\"fr-FR\",\"@id\":\"https:\/\/b2b.calibereurope.com\/#\/schema\/logo\/image\/\",\"url\":\"https:\/\/b2b.calibereurope.com\/wp-content\/uploads\/2020\/12\/Caliber_Logo-Black.png\",\"contentUrl\":\"https:\/\/b2b.calibereurope.com\/wp-content\/uploads\/2020\/12\/Caliber_Logo-Black.png\",\"width\":3157,\"height\":356,\"caption\":\"Caliber Europe B.V.\"},\"image\":{\"@id\":\"https:\/\/b2b.calibereurope.com\/#\/schema\/logo\/image\/\"}}]}<\/script>\n<!-- \/ Yoast SEO plugin. -->","yoast_head_json":{"title":"Ensemble de 3 ampoules LED E27 RGB Graduables - 3x ampoules LED A19 Poire connect\u00e9es - 850 Lumen - 8 Watts - Avec App (HBT-E27-3PACK) - Caliber Europe B.V.","robots":{"index":"noindex","follow":"follow","max-snippet":"max-snippet:-1","max-image-preview":"max-image-preview:large","max-video-preview":"max-video-preview:-1"},"og_locale":"fr_FR","og_type":"article","og_title":"Ensemble de 3 ampoules LED E27 RGB Graduables - 3x ampoules LED A19 Poire connect\u00e9es - 850 Lumen - 8 Watts - Avec App (HBT-E27-3PACK) - Caliber Europe B.V.","og_description":"Offrez \u00e0 votre maison une belle mise \u00e0 niveau avec l&#39;ensemble de lampes connect\u00e9es Caliber HBT. Ces ampoules connect\u00e9es sont faciles \u00e0 contr\u00f4ler depuis votre smartphone ou votre tablette. En t\u00e9l\u00e9chargeant l&#39;application gratuite Caliber, vous pouvez connecter les lampes sans fil \u00e0 tous vos appareils intelligents en utilisant la passerelle Caliber HBT disponible s\u00e9par\u00e9ment. Les [&hellip;]","og_url":"https:\/\/b2b.calibereurope.com\/fr\/produit\/hbt-e27-3pack-fr_fr\/","og_site_name":"Caliber Europe B.V.","article_modified_time":"2025-01-15T07:44:53+00:00","og_image":[{"width":1024,"height":768,"url":"https:\/\/b2b.calibereurope.com\/wp-content\/uploads\/2021\/09\/84df2fd4333b4dc95085a8d8cf4e5ee1a8f55c6c_HBT_E27_3PACK_verpakking.jpg","type":"image\/jpeg"}],"twitter_card":"summary_large_image","twitter_misc":{"Dur\u00e9e de lecture estim\u00e9e":"1 minute"},"schema":{"@context":"https:\/\/schema.org","@graph":[{"@type":"WebPage","@id":"https:\/\/b2b.calibereurope.com\/fr\/produit\/hbt-e27-3pack-fr_fr\/","url":"https:\/\/b2b.calibereurope.com\/fr\/produit\/hbt-e27-3pack-fr_fr\/","name":"Ensemble de 3 ampoules LED E27 RGB Graduables - 3x ampoules LED A19 Poire connect\u00e9es - 850 Lumen - 8 Watts - Avec App (HBT-E27-3PACK) - Caliber Europe B.V.","isPartOf":{"@id":"https:\/\/b2b.calibereurope.com\/#website"},"primaryImageOfPage":{"@id":"https:\/\/b2b.calibereurope.com\/fr\/produit\/hbt-e27-3pack-fr_fr\/#primaryimage"},"image":{"@id":"https:\/\/b2b.calibereurope.com\/fr\/produit\/hbt-e27-3pack-fr_fr\/#primaryimage"},"thumbnailUrl":"https:\/\/b2b.calibereurope.com\/wp-content\/uploads\/2025\/01\/84df2fd4333b4dc95085a8d8cf4e5ee1a8f55c6c_HBT_E27_3PACK_verpakking.jpg","datePublished":"2025-01-15T00:00:00+00:00","dateModified":"2025-01-15T07:44:53+00:00","breadcrumb":{"@id":"https:\/\/b2b.calibereurope.com\/fr\/produit\/hbt-e27-3pack-fr_fr\/#breadcrumb"},"inLanguage":"fr-FR","potentialAction":[{"@type":"ReadAction","target":["https:\/\/b2b.calibereurope.com\/fr\/produit\/hbt-e27-3pack-fr_fr\/"]}]},{"@type":"ImageObject","inLanguage":"fr-FR","@id":"https:\/\/b2b.calibereurope.com\/fr\/produit\/hbt-e27-3pack-fr_fr\/#primaryimage","url":"https:\/\/b2b.calibereurope.com\/wp-content\/uploads\/2025\/01\/84df2fd4333b4dc95085a8d8cf4e5ee1a8f55c6c_HBT_E27_3PACK_verpakking.jpg","contentUrl":"https:\/\/b2b.calibereurope.com\/wp-content\/uploads\/2025\/01\/84df2fd4333b4dc95085a8d8cf4e5ee1a8f55c6c_HBT_E27_3PACK_verpakking.jpg","width":1024,"height":768},{"@type":"BreadcrumbList","@id":"https:\/\/b2b.calibereurope.com\/fr\/produit\/hbt-e27-3pack-fr_fr\/#breadcrumb","itemListElement":[{"@type":"ListItem","position":1,"name":"Home","item":"https:\/\/b2b.calibereurope.com\/fr\/home\/"},{"@type":"ListItem","position":2,"name":"Boutique","item":"https:\/\/b2b.calibereurope.com\/fr\/boutique\/"},{"@type":"ListItem","position":3,"name":"Lampe intelligente (HBT-E27-3PACK)"}]},{"@type":"WebSite","@id":"https:\/\/b2b.calibereurope.com\/#website","url":"https:\/\/b2b.calibereurope.com\/","name":"Caliber Europe B.V.","description":"B2B Webshop","publisher":{"@id":"https:\/\/b2b.calibereurope.com\/#organization"},"potentialAction":[{"@type":"SearchAction","target":{"@type":"EntryPoint","urlTemplate":"https:\/\/b2b.calibereurope.com\/?s={search_term_string}"},"query-input":{"@type":"PropertyValueSpecification","valueRequired":true,"valueName":"search_term_string"}}],"inLanguage":"fr-FR"},{"@type":"Organization","@id":"https:\/\/b2b.calibereurope.com\/#organization","name":"Caliber Europe B.V.","url":"https:\/\/b2b.calibereurope.com\/","logo":{"@type":"ImageObject","inLanguage":"fr-FR","@id":"https:\/\/b2b.calibereurope.com\/#\/schema\/logo\/image\/","url":"https:\/\/b2b.calibereurope.com\/wp-content\/uploads\/2020\/12\/Caliber_Logo-Black.png","contentUrl":"https:\/\/b2b.calibereurope.com\/wp-content\/uploads\/2020\/12\/Caliber_Logo-Black.png","width":3157,"height":356,"caption":"Caliber Europe B.V."},"image":{"@id":"https:\/\/b2b.calibereurope.com\/#\/schema\/logo\/image\/"}}]}},"_links":{"self":[{"href":"https:\/\/b2b.calibereurope.com\/fr\/wp-json\/wp\/v2\/product\/475816","targetHints":{"allow":["GET"]}}],"collection":[{"href":"https:\/\/b2b.calibereurope.com\/fr\/wp-json\/wp\/v2\/product"}],"about":[{"href":"https:\/\/b2b.calibereurope.com\/fr\/wp-json\/wp\/v2\/types\/product"}],"version-history":[{"count":0,"href":"https:\/\/b2b.calibereurope.com\/fr\/wp-json\/wp\/v2\/product\/475816\/revisions"}],"wp:featuredmedia":[{"embeddable":true,"href":"https:\/\/b2b.calibereurope.com\/fr\/wp-json\/wp\/v2\/media\/853821"}],"wp:attachment":[{"href":"https:\/\/b2b.calibereurope.com\/fr\/wp-json\/wp\/v2\/media?parent=475816"}],"wp:term":[{"taxonomy":"product_brand","embeddable":true,"href":"https:\/\/b2b.calibereurope.com\/fr\/wp-json\/wp\/v2\/product_brand?post=475816"},{"taxonomy":"product_cat","embeddable":true,"href":"https:\/\/b2b.calibereurope.com\/fr\/wp-json\/wp\/v2\/product_cat?post=475816"},{"taxonomy":"product_tag","embeddable":true,"href":"https:\/\/b2b.calibereurope.com\/fr\/wp-json\/wp\/v2\/product_tag?post=475816"}],"curies":[{"name":"wp","href":"https:\/\/api.w.org\/{rel}","templated":true}]}}