{"id":475948,"date":"2025-01-15T01:00:00","date_gmt":"2025-01-15T00:00:00","guid":{"rendered":""},"modified":"2025-01-15T08:45:03","modified_gmt":"2025-01-15T07:45:03","slug":"HBT-GU10-3PACK-fr_FR","status":"publish","type":"product","link":"https:\/\/b2b.calibereurope.com\/fr\/produit\/HBT-GU10-3PACK-fr_FR\/","title":{"rendered":"Ensemble de 3 spots Led Connect\u00e9es Graduables GU10 Leds RGB &#8211; 3x spots Led connect\u00e9es &#8211; 300 Lumen &#8211; 5 Watt &#8211; App pratique (HBT-GU10-3PACK)"},"content":{"rendered":"<p> Avec les ampoules Caliber HBT GU10 LED, l&#39;atmosph\u00e8re de votre maison est r\u00e9gl\u00e9e en un rien de temps. Avec cet ensemble, vous obtenez pas moins de <strong>3 spots <\/strong>, que vous pouvez facilement r\u00e9gler sur la luminosit\u00e9 et la couleur souhait\u00e9es. Ces spots connect\u00e9es <strong> s&#39;adaptent \u00e0 tous les culots GU10 standard <\/strong> de votre maison et peuvent \u00eatre <strong> install\u00e9es en un rien de temps avec une passerelle et l&#39;application gratuite Caliber Smart Home <\/strong>. Les spots offrent <strong>300 lumen <\/strong> par ampoule et chacune a une <strong> puissance de 5W. <\/strong> <\/p>\n<p> <strong> Caract\u00e9ristiques :<\/strong> <\/p>\n<ul>\n<li>3x spots connect\u00e9s GU10\n<li> couleurs RGB et blanc\n<li>300 lumen et 5W par spot\n<li> Temp\u00e9rature de la lumi\u00e8re r\u00e9glable de chaud \u00e0 froid\n<li> Contr\u00f4le via l&#39;application gratuite Caliber Smart Home\n<li> Compatible avec Alexa, Siri et Google\n<li> La maille Bluetooth \u00e9tend le signal <\/li>\n<\/ul>\n<p> <strong>Attention : <\/strong> Pas enti\u00e8rement fonctionnel sans la passerelle Caliber HBT<\/p>\n<h3> \u00c9clairage  de la maison gr\u00e2ce aux spots connect\u00e9es<\/h3>\n<p> L&#39;\u00e9clairage connect\u00e9 est l&#39;avenir et pour une bonne raison. Pourquoi opter pour des spots ordinaires qui ne peuvent qu&#39;\u00eatre allum\u00e9s et \u00e9teints, alors que vous pouvez aussi opter pour des spots connect\u00e9s qui peuvent \u00eatre r\u00e9gl\u00e9s comme vous le souhaitez ? R\u00e9glez ces lumi\u00e8res RGB avec une luminosit\u00e9 douce et des tons chauds pour une soir\u00e9e en amoureux ou alternez les couleurs vives au rythme de la musique lors d&#39;une f\u00eate. Enregistrez diff\u00e9rents r\u00e9glages de couleurs via l&#39;application Caliber Smart Home pour avoir vos combinaisons de couleurs pr\u00e9f\u00e9r\u00e9es \u00e0 port\u00e9e de main. <\/p>\n<h3> Installation rapide des spots connect\u00e9es<\/h3>\n<p> Ces spots connect\u00e9es s&#39;installent en un rien de temps. Par exemple, utilisez les trois lampes LED GU10 comme compl\u00e9ment \u00e0 votre \u00e9clairage intelligent existant ou utilisez le kit en combinaison avec la passerelle Caliber HBT disponible en option. Vous pouvez facilement coupler ces spots connect\u00e9s avec une passerelle install\u00e9e ou nouvelle via l&#39;application gratuite et ajouter simplement les trois spots connect\u00e9es \u00e0 la passerelle. <\/p>\n<h3> Contr\u00f4lez les ampoules connect\u00e9es d\u2019o\u00f9 que vous soyez <\/h3>\n<p> Vous d\u00e9couvrez en arrivant au travail que vous avez oubli\u00e9 d&#39;\u00e9teindre les lumi\u00e8res ? Pas de probl\u00e8me. Gr\u00e2ce \u00e0 la technologie de maillage Bluetooth, le signal des spots connect\u00e9es est \u00e9tendu, et vous pouvez facilement les \u00e9teindre ou les allumer. Avec cela, ces ampoules connect\u00e9es disposent de gadgets encore plus pratiques. Par exemple, vous pouvez r\u00e9gler les lampes RGB pour qu&#39;elles s&#39;allument lorsque vous rentrez chez vous ou pour qu&#39;elles s&#39;\u00e9teignent automatiquement \u00e0 certaines heures. C&#39;est \u00e7a, l&#39;\u00e9clairage connect\u00e9 ! <\/p>\n<p> <strong>Inclus :<\/strong> <\/p>\n<ul>\n<li>3x spots LED Caliber HBT GU10\n<li>Manuel<\/li>\n<\/ul>\n","protected":false},"excerpt":{"rendered":"<p>Avec les ampoules Caliber HBT GU10 LED, l&#39;atmosph\u00e8re de votre maison est r\u00e9gl\u00e9e en un rien de temps. Avec cet ensemble, vous obtenez pas moins de 3 spots , que vous pouvez facilement r\u00e9gler sur la luminosit\u00e9 et la couleur souhait\u00e9es. Ces spots connect\u00e9es s&#39;adaptent \u00e0 tous les culots GU10 standard de votre maison et [&hellip;]<\/p>\n","protected":false},"featured_media":853853,"template":"","meta":{"_acf_changed":false,"site-sidebar-layout":"default","site-content-layout":"","ast-site-content-layout":"default","site-content-style":"default","site-sidebar-style":"default","ast-global-header-display":"","ast-banner-title-visibility":"","ast-main-header-display":"","ast-hfb-above-header-display":"","ast-hfb-below-header-display":"","ast-hfb-mobile-header-display":"","site-post-title":"","ast-breadcrumbs-content":"","ast-featured-img":"","footer-sml-layout":"","theme-transparent-header-meta":"","adv-header-id-meta":"","stick-header-meta":"","header-above-stick-meta":"","header-main-stick-meta":"","header-below-stick-meta":"","astra-migrate-meta-layouts":"default","ast-page-background-enabled":"default","ast-page-background-meta":{"desktop":{"background-color":"","background-image":"","background-repeat":"repeat","background-position":"center center","background-size":"auto","background-attachment":"scroll","background-type":"","background-media":"","overlay-type":"","overlay-color":"","overlay-opacity":"","overlay-gradient":""},"tablet":{"background-color":"","background-image":"","background-repeat":"repeat","background-position":"center center","background-size":"auto","background-attachment":"scroll","background-type":"","background-media":"","overlay-type":"","overlay-color":"","overlay-opacity":"","overlay-gradient":""},"mobile":{"background-color":"","background-image":"","background-repeat":"repeat","background-position":"center center","background-size":"auto","background-attachment":"scroll","background-type":"","background-media":"","overlay-type":"","overlay-color":"","overlay-opacity":"","overlay-gradient":""}},"ast-content-background-meta":{"desktop":{"background-color":"var(--ast-global-color-5)","background-image":"","background-repeat":"repeat","background-position":"center center","background-size":"auto","background-attachment":"scroll","background-type":"","background-media":"","overlay-type":"","overlay-color":"","overlay-opacity":"","overlay-gradient":""},"tablet":{"background-color":"var(--ast-global-color-5)","background-image":"","background-repeat":"repeat","background-position":"center center","background-size":"auto","background-attachment":"scroll","background-type":"","background-media":"","overlay-type":"","overlay-color":"","overlay-opacity":"","overlay-gradient":""},"mobile":{"background-color":"var(--ast-global-color-5)","background-image":"","background-repeat":"repeat","background-position":"center center","background-size":"auto","background-attachment":"scroll","background-type":"","background-media":"","overlay-type":"","overlay-color":"","overlay-opacity":"","overlay-gradient":""}}},"product_brand":[],"product_cat":[22955],"product_tag":[],"class_list":{"0":"post-475948","1":"product","2":"type-product","3":"status-publish","4":"has-post-thumbnail","6":"product_cat-pas-de-categorie","7":"desktop-align-center","8":"tablet-align-center","9":"mobile-align-center","10":"ast-product-gallery-layout-horizontal","11":"ast-product-tabs-layout-horizontal","13":"first","14":"instock","15":"taxable","16":"shipping-taxable","17":"purchasable","18":"product-type-simple"},"acf":[],"yoast_head":"<!-- This site is optimized with the Yoast SEO plugin v26.5 - https:\/\/yoast.com\/wordpress\/plugins\/seo\/ -->\n<title>Ensemble de 3 spots Led Connect\u00e9es Graduables GU10 Leds RGB - 3x spots Led connect\u00e9es - 300 Lumen - 5 Watt - App pratique (HBT-GU10-3PACK) - Caliber Europe B.V.<\/title>\n<meta name=\"robots\" content=\"noindex, follow, max-snippet:-1, max-image-preview:large, max-video-preview:-1\" \/>\n<meta property=\"og:locale\" content=\"fr_FR\" \/>\n<meta property=\"og:type\" content=\"article\" \/>\n<meta property=\"og:title\" content=\"Ensemble de 3 spots Led Connect\u00e9es Graduables GU10 Leds RGB - 3x spots Led connect\u00e9es - 300 Lumen - 5 Watt - App pratique (HBT-GU10-3PACK) - Caliber Europe B.V.\" \/>\n<meta property=\"og:description\" content=\"Avec les ampoules Caliber HBT GU10 LED, l&#039;atmosph\u00e8re de votre maison est r\u00e9gl\u00e9e en un rien de temps. Avec cet ensemble, vous obtenez pas moins de 3 spots , que vous pouvez facilement r\u00e9gler sur la luminosit\u00e9 et la couleur souhait\u00e9es. Ces spots connect\u00e9es s&#039;adaptent \u00e0 tous les culots GU10 standard de votre maison et [&hellip;]\" \/>\n<meta property=\"og:url\" content=\"https:\/\/b2b.calibereurope.com\/fr\/produit\/hbt-gu10-3pack-fr_fr\/\" \/>\n<meta property=\"og:site_name\" content=\"Caliber Europe B.V.\" \/>\n<meta property=\"article:modified_time\" content=\"2025-01-15T07:45:03+00:00\" \/>\n<meta property=\"og:image\" content=\"https:\/\/b2b.calibereurope.com\/wp-content\/uploads\/2021\/09\/e9f6e099bc3ca069a9e000330a47a59fb426594a_HBT_GU10_3PACK_verpakking.jpg\" \/>\n\t<meta property=\"og:image:width\" content=\"1024\" \/>\n\t<meta property=\"og:image:height\" content=\"768\" \/>\n\t<meta property=\"og:image:type\" content=\"image\/jpeg\" \/>\n<meta name=\"twitter:card\" content=\"summary_large_image\" \/>\n<meta name=\"twitter:label1\" content=\"Dur\u00e9e de lecture estim\u00e9e\" \/>\n\t<meta name=\"twitter:data1\" content=\"2 minutes\" \/>\n<script type=\"application\/ld+json\" class=\"yoast-schema-graph\">{\"@context\":\"https:\/\/schema.org\",\"@graph\":[{\"@type\":\"WebPage\",\"@id\":\"https:\/\/b2b.calibereurope.com\/fr\/produit\/hbt-gu10-3pack-fr_fr\/\",\"url\":\"https:\/\/b2b.calibereurope.com\/fr\/produit\/hbt-gu10-3pack-fr_fr\/\",\"name\":\"Ensemble de 3 spots Led Connect\u00e9es Graduables GU10 Leds RGB - 3x spots Led connect\u00e9es - 300 Lumen - 5 Watt - App pratique (HBT-GU10-3PACK) - Caliber Europe B.V.\",\"isPartOf\":{\"@id\":\"https:\/\/b2b.calibereurope.com\/#website\"},\"primaryImageOfPage\":{\"@id\":\"https:\/\/b2b.calibereurope.com\/fr\/produit\/hbt-gu10-3pack-fr_fr\/#primaryimage\"},\"image\":{\"@id\":\"https:\/\/b2b.calibereurope.com\/fr\/produit\/hbt-gu10-3pack-fr_fr\/#primaryimage\"},\"thumbnailUrl\":\"https:\/\/b2b.calibereurope.com\/wp-content\/uploads\/2025\/01\/535981e7b8fce731b175c058a8da3cc7f499954c_HBT_GU10_STARTPACK_verpakking.jpg\",\"datePublished\":\"2025-01-15T00:00:00+00:00\",\"dateModified\":\"2025-01-15T07:45:03+00:00\",\"breadcrumb\":{\"@id\":\"https:\/\/b2b.calibereurope.com\/fr\/produit\/hbt-gu10-3pack-fr_fr\/#breadcrumb\"},\"inLanguage\":\"fr-FR\",\"potentialAction\":[{\"@type\":\"ReadAction\",\"target\":[\"https:\/\/b2b.calibereurope.com\/fr\/produit\/hbt-gu10-3pack-fr_fr\/\"]}]},{\"@type\":\"ImageObject\",\"inLanguage\":\"fr-FR\",\"@id\":\"https:\/\/b2b.calibereurope.com\/fr\/produit\/hbt-gu10-3pack-fr_fr\/#primaryimage\",\"url\":\"https:\/\/b2b.calibereurope.com\/wp-content\/uploads\/2025\/01\/535981e7b8fce731b175c058a8da3cc7f499954c_HBT_GU10_STARTPACK_verpakking.jpg\",\"contentUrl\":\"https:\/\/b2b.calibereurope.com\/wp-content\/uploads\/2025\/01\/535981e7b8fce731b175c058a8da3cc7f499954c_HBT_GU10_STARTPACK_verpakking.jpg\",\"width\":1024,\"height\":768},{\"@type\":\"BreadcrumbList\",\"@id\":\"https:\/\/b2b.calibereurope.com\/fr\/produit\/hbt-gu10-3pack-fr_fr\/#breadcrumb\",\"itemListElement\":[{\"@type\":\"ListItem\",\"position\":1,\"name\":\"Home\",\"item\":\"https:\/\/b2b.calibereurope.com\/fr\/home\/\"},{\"@type\":\"ListItem\",\"position\":2,\"name\":\"Boutique\",\"item\":\"https:\/\/b2b.calibereurope.com\/fr\/boutique\/\"},{\"@type\":\"ListItem\",\"position\":3,\"name\":\"Lampe intelligente (HBT-GU10-3PACK)\"}]},{\"@type\":\"WebSite\",\"@id\":\"https:\/\/b2b.calibereurope.com\/#website\",\"url\":\"https:\/\/b2b.calibereurope.com\/\",\"name\":\"Caliber Europe B.V.\",\"description\":\"B2B Webshop\",\"publisher\":{\"@id\":\"https:\/\/b2b.calibereurope.com\/#organization\"},\"potentialAction\":[{\"@type\":\"SearchAction\",\"target\":{\"@type\":\"EntryPoint\",\"urlTemplate\":\"https:\/\/b2b.calibereurope.com\/?s={search_term_string}\"},\"query-input\":{\"@type\":\"PropertyValueSpecification\",\"valueRequired\":true,\"valueName\":\"search_term_string\"}}],\"inLanguage\":\"fr-FR\"},{\"@type\":\"Organization\",\"@id\":\"https:\/\/b2b.calibereurope.com\/#organization\",\"name\":\"Caliber Europe B.V.\",\"url\":\"https:\/\/b2b.calibereurope.com\/\",\"logo\":{\"@type\":\"ImageObject\",\"inLanguage\":\"fr-FR\",\"@id\":\"https:\/\/b2b.calibereurope.com\/#\/schema\/logo\/image\/\",\"url\":\"https:\/\/b2b.calibereurope.com\/wp-content\/uploads\/2020\/12\/Caliber_Logo-Black.png\",\"contentUrl\":\"https:\/\/b2b.calibereurope.com\/wp-content\/uploads\/2020\/12\/Caliber_Logo-Black.png\",\"width\":3157,\"height\":356,\"caption\":\"Caliber Europe B.V.\"},\"image\":{\"@id\":\"https:\/\/b2b.calibereurope.com\/#\/schema\/logo\/image\/\"}}]}<\/script>\n<!-- \/ Yoast SEO plugin. -->","yoast_head_json":{"title":"Ensemble de 3 spots Led Connect\u00e9es Graduables GU10 Leds RGB - 3x spots Led connect\u00e9es - 300 Lumen - 5 Watt - App pratique (HBT-GU10-3PACK) - Caliber Europe B.V.","robots":{"index":"noindex","follow":"follow","max-snippet":"max-snippet:-1","max-image-preview":"max-image-preview:large","max-video-preview":"max-video-preview:-1"},"og_locale":"fr_FR","og_type":"article","og_title":"Ensemble de 3 spots Led Connect\u00e9es Graduables GU10 Leds RGB - 3x spots Led connect\u00e9es - 300 Lumen - 5 Watt - App pratique (HBT-GU10-3PACK) - Caliber Europe B.V.","og_description":"Avec les ampoules Caliber HBT GU10 LED, l&#39;atmosph\u00e8re de votre maison est r\u00e9gl\u00e9e en un rien de temps. Avec cet ensemble, vous obtenez pas moins de 3 spots , que vous pouvez facilement r\u00e9gler sur la luminosit\u00e9 et la couleur souhait\u00e9es. Ces spots connect\u00e9es s&#39;adaptent \u00e0 tous les culots GU10 standard de votre maison et [&hellip;]","og_url":"https:\/\/b2b.calibereurope.com\/fr\/produit\/hbt-gu10-3pack-fr_fr\/","og_site_name":"Caliber Europe B.V.","article_modified_time":"2025-01-15T07:45:03+00:00","og_image":[{"width":1024,"height":768,"url":"https:\/\/b2b.calibereurope.com\/wp-content\/uploads\/2021\/09\/e9f6e099bc3ca069a9e000330a47a59fb426594a_HBT_GU10_3PACK_verpakking.jpg","type":"image\/jpeg"}],"twitter_card":"summary_large_image","twitter_misc":{"Dur\u00e9e de lecture estim\u00e9e":"2 minutes"},"schema":{"@context":"https:\/\/schema.org","@graph":[{"@type":"WebPage","@id":"https:\/\/b2b.calibereurope.com\/fr\/produit\/hbt-gu10-3pack-fr_fr\/","url":"https:\/\/b2b.calibereurope.com\/fr\/produit\/hbt-gu10-3pack-fr_fr\/","name":"Ensemble de 3 spots Led Connect\u00e9es Graduables GU10 Leds RGB - 3x spots Led connect\u00e9es - 300 Lumen - 5 Watt - App pratique (HBT-GU10-3PACK) - Caliber Europe B.V.","isPartOf":{"@id":"https:\/\/b2b.calibereurope.com\/#website"},"primaryImageOfPage":{"@id":"https:\/\/b2b.calibereurope.com\/fr\/produit\/hbt-gu10-3pack-fr_fr\/#primaryimage"},"image":{"@id":"https:\/\/b2b.calibereurope.com\/fr\/produit\/hbt-gu10-3pack-fr_fr\/#primaryimage"},"thumbnailUrl":"https:\/\/b2b.calibereurope.com\/wp-content\/uploads\/2025\/01\/535981e7b8fce731b175c058a8da3cc7f499954c_HBT_GU10_STARTPACK_verpakking.jpg","datePublished":"2025-01-15T00:00:00+00:00","dateModified":"2025-01-15T07:45:03+00:00","breadcrumb":{"@id":"https:\/\/b2b.calibereurope.com\/fr\/produit\/hbt-gu10-3pack-fr_fr\/#breadcrumb"},"inLanguage":"fr-FR","potentialAction":[{"@type":"ReadAction","target":["https:\/\/b2b.calibereurope.com\/fr\/produit\/hbt-gu10-3pack-fr_fr\/"]}]},{"@type":"ImageObject","inLanguage":"fr-FR","@id":"https:\/\/b2b.calibereurope.com\/fr\/produit\/hbt-gu10-3pack-fr_fr\/#primaryimage","url":"https:\/\/b2b.calibereurope.com\/wp-content\/uploads\/2025\/01\/535981e7b8fce731b175c058a8da3cc7f499954c_HBT_GU10_STARTPACK_verpakking.jpg","contentUrl":"https:\/\/b2b.calibereurope.com\/wp-content\/uploads\/2025\/01\/535981e7b8fce731b175c058a8da3cc7f499954c_HBT_GU10_STARTPACK_verpakking.jpg","width":1024,"height":768},{"@type":"BreadcrumbList","@id":"https:\/\/b2b.calibereurope.com\/fr\/produit\/hbt-gu10-3pack-fr_fr\/#breadcrumb","itemListElement":[{"@type":"ListItem","position":1,"name":"Home","item":"https:\/\/b2b.calibereurope.com\/fr\/home\/"},{"@type":"ListItem","position":2,"name":"Boutique","item":"https:\/\/b2b.calibereurope.com\/fr\/boutique\/"},{"@type":"ListItem","position":3,"name":"Lampe intelligente (HBT-GU10-3PACK)"}]},{"@type":"WebSite","@id":"https:\/\/b2b.calibereurope.com\/#website","url":"https:\/\/b2b.calibereurope.com\/","name":"Caliber Europe B.V.","description":"B2B Webshop","publisher":{"@id":"https:\/\/b2b.calibereurope.com\/#organization"},"potentialAction":[{"@type":"SearchAction","target":{"@type":"EntryPoint","urlTemplate":"https:\/\/b2b.calibereurope.com\/?s={search_term_string}"},"query-input":{"@type":"PropertyValueSpecification","valueRequired":true,"valueName":"search_term_string"}}],"inLanguage":"fr-FR"},{"@type":"Organization","@id":"https:\/\/b2b.calibereurope.com\/#organization","name":"Caliber Europe B.V.","url":"https:\/\/b2b.calibereurope.com\/","logo":{"@type":"ImageObject","inLanguage":"fr-FR","@id":"https:\/\/b2b.calibereurope.com\/#\/schema\/logo\/image\/","url":"https:\/\/b2b.calibereurope.com\/wp-content\/uploads\/2020\/12\/Caliber_Logo-Black.png","contentUrl":"https:\/\/b2b.calibereurope.com\/wp-content\/uploads\/2020\/12\/Caliber_Logo-Black.png","width":3157,"height":356,"caption":"Caliber Europe B.V."},"image":{"@id":"https:\/\/b2b.calibereurope.com\/#\/schema\/logo\/image\/"}}]}},"_links":{"self":[{"href":"https:\/\/b2b.calibereurope.com\/fr\/wp-json\/wp\/v2\/product\/475948","targetHints":{"allow":["GET"]}}],"collection":[{"href":"https:\/\/b2b.calibereurope.com\/fr\/wp-json\/wp\/v2\/product"}],"about":[{"href":"https:\/\/b2b.calibereurope.com\/fr\/wp-json\/wp\/v2\/types\/product"}],"version-history":[{"count":0,"href":"https:\/\/b2b.calibereurope.com\/fr\/wp-json\/wp\/v2\/product\/475948\/revisions"}],"wp:featuredmedia":[{"embeddable":true,"href":"https:\/\/b2b.calibereurope.com\/fr\/wp-json\/wp\/v2\/media\/853853"}],"wp:attachment":[{"href":"https:\/\/b2b.calibereurope.com\/fr\/wp-json\/wp\/v2\/media?parent=475948"}],"wp:term":[{"taxonomy":"product_brand","embeddable":true,"href":"https:\/\/b2b.calibereurope.com\/fr\/wp-json\/wp\/v2\/product_brand?post=475948"},{"taxonomy":"product_cat","embeddable":true,"href":"https:\/\/b2b.calibereurope.com\/fr\/wp-json\/wp\/v2\/product_cat?post=475948"},{"taxonomy":"product_tag","embeddable":true,"href":"https:\/\/b2b.calibereurope.com\/fr\/wp-json\/wp\/v2\/product_tag?post=475948"}],"curies":[{"name":"wp","href":"https:\/\/api.w.org\/{rel}","templated":true}]}}