{"id":476096,"date":"2025-01-15T01:00:00","date_gmt":"2025-01-15T00:00:00","guid":{"rendered":""},"modified":"2025-01-15T08:45:13","modified_gmt":"2025-01-15T07:45:13","slug":"HBT-BR30-3PACK-fr_FR","status":"publish","type":"product","link":"https:\/\/b2b.calibereurope.com\/fr\/produit\/HBT-BR30-3PACK-fr_FR\/","title":{"rendered":"Ensemble de 3 Ampoules E27 Leds RGB Connect\u00e9es \u2013 Ampoules Led E27 connect\u00e9es &#8211; 850 Lumen &#8211; 8 Watts &#8211; Application pratique (HBT-BR30-3PACK)"},"content":{"rendered":"<p> Le pack de 3 ampoules connect\u00e9es Caliber HBT-BR30 contient <strong>3 ampoules connect\u00e9es <\/strong> avec un<strong> culot E27<\/strong>. Cela vous permet de diffuser dans une pi\u00e8ce non seulement une lumi\u00e8re blanche brillante, mais avec cette <strong> ampoule RGB <\/strong> vous pouvez \u00e9galement <strong> choisir n&#39;importe quelle couleur <\/strong> en fonction de votre humeur! La temp\u00e9rature de la lumi\u00e8re peut \u00e9galement \u00eatre <strong> r\u00e9gl\u00e9e du blanc chaud au blanc froid <\/strong>. L&#39;ampoule connect\u00e9e a une puissance de <strong>8 watts<\/strong> et une luminosit\u00e9 de 850 lumen <strong>850 lumen<\/strong>. Le contr\u00f4le de la lampe connect\u00e9e est facile avec la passerelle Caliber disponible s\u00e9par\u00e9ment et <strong> l&#39;application Smart Home gratuite.<\/strong> <\/p>\n<p> <strong> Caract\u00e9ristiques :<\/strong> <\/p>\n<ul>\n<li> Jeu de trois ampoules connect\u00e9es\n<li> Culot E27\n<li> Temp\u00e9rature de la lumi\u00e8re r\u00e9glable (2700K &#8211; 6500K)\n<li>8 watts par ampoule\n<li>850 lumen\n<li> Graduable avec le variateur Caliber HBT\n<li> Contr\u00f4lable via l&#39;application Caliber Smart Home\n<li> Fonctionne avec WiFi et Bluetooth <\/li>\n<\/ul>\n<p> <strong>Attention : <\/strong> le contr\u00f4le se fait via la passerelle Caliber HBT disponible s\u00e9par\u00e9ment <\/p>\n<h3> Toutes les couleurs de l&#39;arc-en-ciel dans cette ampoule connect\u00e9e<\/h3>\n<p> Cette ampoule connect\u00e9e \u00e9met une lumi\u00e8re blanche avec une temp\u00e9rature de couleur allant de 2700K (lumi\u00e8re blanche chaude) \u00e0 6500K (lumi\u00e8re blanche froide). Vous recherchez une ambiance cosy ou calme ? Vous pouvez alors choisir l&#39;une des nombreuses couleurs de l\u2019ampoule RGB, comme la lumi\u00e8re rouge, jaune ou bleue. Il est ainsi facile de cr\u00e9er votre propre f\u00eate et vous pouvez m\u00eame cr\u00e9er un effet disco. <\/p>\n<h3> Cette ampoule connect\u00e9e graduable cr\u00e9e une ambiance agr\u00e9able chez vous <\/h3>\n<p> Les trois lampes peuvent \u00eatre command\u00e9es s\u00e9par\u00e9ment les unes des autres. L&#39;avantage de ces lampes connect\u00e9es est qu&#39;elles sont graduables avec le variateur Caliber HBT. Vous pouvez donc toujours r\u00e9gler la luminosit\u00e9 et la couleur dans n&#39;importe quel coin de la pi\u00e8ce o\u00f9 les ampoules sont suspendues <\/p>\n<h3> Ampoules connect\u00e9es faciles \u00e0 contr\u00f4ler <\/h3>\n<p> Les ampoules connect\u00e9es sont contr\u00f4lables via l&#39;application gratuite Caliber Smart Home. Si vous disposez d&#39;une passerelle Caliber, vous pouvez l&#39;utiliser \u00e0 son plein potentiel et programmer toutes sortes de r\u00e9glages de lumi\u00e8re. Par exemple, d\u00e9finissez quand un projecteur s&#39;allume et s&#39;\u00e9teint automatiquement. Via l&#39;application, vous pouvez \u00e9galement utiliser la commande vocale et r\u00e9gler facilement la lumi\u00e8re via votre voix. Chaque membre du foyer peut, par exemple, demander une couleur diff\u00e9rente et la lampe connect\u00e9e s&#39;adaptera instantan\u00e9ment. <\/p>\n<p> <strong>Inclus :<\/strong> <\/p>\n<p> 3x ampoules LED Caliber HBT-E27 <\/p>\n","protected":false},"excerpt":{"rendered":"<p>Le pack de 3 ampoules connect\u00e9es Caliber HBT-BR30 contient 3 ampoules connect\u00e9es avec un culot E27. Cela vous permet de diffuser dans une pi\u00e8ce non seulement une lumi\u00e8re blanche brillante, mais avec cette ampoule RGB vous pouvez \u00e9galement choisir n&#39;importe quelle couleur en fonction de votre humeur! La temp\u00e9rature de la lumi\u00e8re peut \u00e9galement \u00eatre [&hellip;]<\/p>\n","protected":false},"featured_media":853889,"template":"","meta":{"_acf_changed":false,"site-sidebar-layout":"default","site-content-layout":"","ast-site-content-layout":"default","site-content-style":"default","site-sidebar-style":"default","ast-global-header-display":"","ast-banner-title-visibility":"","ast-main-header-display":"","ast-hfb-above-header-display":"","ast-hfb-below-header-display":"","ast-hfb-mobile-header-display":"","site-post-title":"","ast-breadcrumbs-content":"","ast-featured-img":"","footer-sml-layout":"","theme-transparent-header-meta":"","adv-header-id-meta":"","stick-header-meta":"","header-above-stick-meta":"","header-main-stick-meta":"","header-below-stick-meta":"","astra-migrate-meta-layouts":"default","ast-page-background-enabled":"default","ast-page-background-meta":{"desktop":{"background-color":"","background-image":"","background-repeat":"repeat","background-position":"center center","background-size":"auto","background-attachment":"scroll","background-type":"","background-media":"","overlay-type":"","overlay-color":"","overlay-opacity":"","overlay-gradient":""},"tablet":{"background-color":"","background-image":"","background-repeat":"repeat","background-position":"center center","background-size":"auto","background-attachment":"scroll","background-type":"","background-media":"","overlay-type":"","overlay-color":"","overlay-opacity":"","overlay-gradient":""},"mobile":{"background-color":"","background-image":"","background-repeat":"repeat","background-position":"center center","background-size":"auto","background-attachment":"scroll","background-type":"","background-media":"","overlay-type":"","overlay-color":"","overlay-opacity":"","overlay-gradient":""}},"ast-content-background-meta":{"desktop":{"background-color":"var(--ast-global-color-5)","background-image":"","background-repeat":"repeat","background-position":"center center","background-size":"auto","background-attachment":"scroll","background-type":"","background-media":"","overlay-type":"","overlay-color":"","overlay-opacity":"","overlay-gradient":""},"tablet":{"background-color":"var(--ast-global-color-5)","background-image":"","background-repeat":"repeat","background-position":"center center","background-size":"auto","background-attachment":"scroll","background-type":"","background-media":"","overlay-type":"","overlay-color":"","overlay-opacity":"","overlay-gradient":""},"mobile":{"background-color":"var(--ast-global-color-5)","background-image":"","background-repeat":"repeat","background-position":"center center","background-size":"auto","background-attachment":"scroll","background-type":"","background-media":"","overlay-type":"","overlay-color":"","overlay-opacity":"","overlay-gradient":""}}},"product_brand":[],"product_cat":[22955],"product_tag":[],"class_list":{"0":"post-476096","1":"product","2":"type-product","3":"status-publish","4":"has-post-thumbnail","6":"product_cat-pas-de-categorie","7":"desktop-align-center","8":"tablet-align-center","9":"mobile-align-center","10":"ast-product-gallery-layout-horizontal","11":"ast-product-tabs-layout-horizontal","13":"first","14":"instock","15":"taxable","16":"shipping-taxable","17":"purchasable","18":"product-type-simple"},"acf":[],"yoast_head":"<!-- This site is optimized with the Yoast SEO plugin v26.5 - https:\/\/yoast.com\/wordpress\/plugins\/seo\/ -->\n<title>Ensemble de 3 Ampoules E27 Leds RGB Connect\u00e9es \u2013 Ampoules Led E27 connect\u00e9es - 850 Lumen - 8 Watts - Application pratique (HBT-BR30-3PACK) - Caliber Europe B.V.<\/title>\n<meta name=\"robots\" content=\"noindex, follow, max-snippet:-1, max-image-preview:large, max-video-preview:-1\" \/>\n<meta property=\"og:locale\" content=\"fr_FR\" \/>\n<meta property=\"og:type\" content=\"article\" \/>\n<meta property=\"og:title\" content=\"Ensemble de 3 Ampoules E27 Leds RGB Connect\u00e9es \u2013 Ampoules Led E27 connect\u00e9es - 850 Lumen - 8 Watts - Application pratique (HBT-BR30-3PACK) - Caliber Europe B.V.\" \/>\n<meta property=\"og:description\" content=\"Le pack de 3 ampoules connect\u00e9es Caliber HBT-BR30 contient 3 ampoules connect\u00e9es avec un culot E27. Cela vous permet de diffuser dans une pi\u00e8ce non seulement une lumi\u00e8re blanche brillante, mais avec cette ampoule RGB vous pouvez \u00e9galement choisir n&#039;importe quelle couleur en fonction de votre humeur! La temp\u00e9rature de la lumi\u00e8re peut \u00e9galement \u00eatre [&hellip;]\" \/>\n<meta property=\"og:url\" content=\"https:\/\/b2b.calibereurope.com\/fr\/produit\/hbt-br30-3pack-fr_fr\/\" \/>\n<meta property=\"og:site_name\" content=\"Caliber Europe B.V.\" \/>\n<meta property=\"article:modified_time\" content=\"2025-01-15T07:45:13+00:00\" \/>\n<meta property=\"og:image\" content=\"https:\/\/b2b.calibereurope.com\/wp-content\/uploads\/2021\/09\/5c542212bc62cefb3ca3afcd9da3e67c5ce451d5_HBT_BR30_3PACK_verpakking.jpg\" \/>\n\t<meta property=\"og:image:width\" content=\"1024\" \/>\n\t<meta property=\"og:image:height\" content=\"768\" \/>\n\t<meta property=\"og:image:type\" content=\"image\/jpeg\" \/>\n<meta name=\"twitter:card\" content=\"summary_large_image\" \/>\n<meta name=\"twitter:label1\" content=\"Dur\u00e9e de lecture estim\u00e9e\" \/>\n\t<meta name=\"twitter:data1\" content=\"2 minutes\" \/>\n<script type=\"application\/ld+json\" class=\"yoast-schema-graph\">{\"@context\":\"https:\/\/schema.org\",\"@graph\":[{\"@type\":\"WebPage\",\"@id\":\"https:\/\/b2b.calibereurope.com\/fr\/produit\/hbt-br30-3pack-fr_fr\/\",\"url\":\"https:\/\/b2b.calibereurope.com\/fr\/produit\/hbt-br30-3pack-fr_fr\/\",\"name\":\"Ensemble de 3 Ampoules E27 Leds RGB Connect\u00e9es \u2013 Ampoules Led E27 connect\u00e9es - 850 Lumen - 8 Watts - Application pratique (HBT-BR30-3PACK) - Caliber Europe B.V.\",\"isPartOf\":{\"@id\":\"https:\/\/b2b.calibereurope.com\/#website\"},\"primaryImageOfPage\":{\"@id\":\"https:\/\/b2b.calibereurope.com\/fr\/produit\/hbt-br30-3pack-fr_fr\/#primaryimage\"},\"image\":{\"@id\":\"https:\/\/b2b.calibereurope.com\/fr\/produit\/hbt-br30-3pack-fr_fr\/#primaryimage\"},\"thumbnailUrl\":\"https:\/\/b2b.calibereurope.com\/wp-content\/uploads\/2025\/01\/5c542212bc62cefb3ca3afcd9da3e67c5ce451d5_HBT_BR30_3PACK_verpakking.jpg\",\"datePublished\":\"2025-01-15T00:00:00+00:00\",\"dateModified\":\"2025-01-15T07:45:13+00:00\",\"breadcrumb\":{\"@id\":\"https:\/\/b2b.calibereurope.com\/fr\/produit\/hbt-br30-3pack-fr_fr\/#breadcrumb\"},\"inLanguage\":\"fr-FR\",\"potentialAction\":[{\"@type\":\"ReadAction\",\"target\":[\"https:\/\/b2b.calibereurope.com\/fr\/produit\/hbt-br30-3pack-fr_fr\/\"]}]},{\"@type\":\"ImageObject\",\"inLanguage\":\"fr-FR\",\"@id\":\"https:\/\/b2b.calibereurope.com\/fr\/produit\/hbt-br30-3pack-fr_fr\/#primaryimage\",\"url\":\"https:\/\/b2b.calibereurope.com\/wp-content\/uploads\/2025\/01\/5c542212bc62cefb3ca3afcd9da3e67c5ce451d5_HBT_BR30_3PACK_verpakking.jpg\",\"contentUrl\":\"https:\/\/b2b.calibereurope.com\/wp-content\/uploads\/2025\/01\/5c542212bc62cefb3ca3afcd9da3e67c5ce451d5_HBT_BR30_3PACK_verpakking.jpg\",\"width\":1024,\"height\":768},{\"@type\":\"BreadcrumbList\",\"@id\":\"https:\/\/b2b.calibereurope.com\/fr\/produit\/hbt-br30-3pack-fr_fr\/#breadcrumb\",\"itemListElement\":[{\"@type\":\"ListItem\",\"position\":1,\"name\":\"Home\",\"item\":\"https:\/\/b2b.calibereurope.com\/fr\/home\/\"},{\"@type\":\"ListItem\",\"position\":2,\"name\":\"Boutique\",\"item\":\"https:\/\/b2b.calibereurope.com\/fr\/boutique\/\"},{\"@type\":\"ListItem\",\"position\":3,\"name\":\"Lampe intelligente (HBT-BR30-3PACK)\"}]},{\"@type\":\"WebSite\",\"@id\":\"https:\/\/b2b.calibereurope.com\/#website\",\"url\":\"https:\/\/b2b.calibereurope.com\/\",\"name\":\"Caliber Europe B.V.\",\"description\":\"B2B Webshop\",\"publisher\":{\"@id\":\"https:\/\/b2b.calibereurope.com\/#organization\"},\"potentialAction\":[{\"@type\":\"SearchAction\",\"target\":{\"@type\":\"EntryPoint\",\"urlTemplate\":\"https:\/\/b2b.calibereurope.com\/?s={search_term_string}\"},\"query-input\":{\"@type\":\"PropertyValueSpecification\",\"valueRequired\":true,\"valueName\":\"search_term_string\"}}],\"inLanguage\":\"fr-FR\"},{\"@type\":\"Organization\",\"@id\":\"https:\/\/b2b.calibereurope.com\/#organization\",\"name\":\"Caliber Europe B.V.\",\"url\":\"https:\/\/b2b.calibereurope.com\/\",\"logo\":{\"@type\":\"ImageObject\",\"inLanguage\":\"fr-FR\",\"@id\":\"https:\/\/b2b.calibereurope.com\/#\/schema\/logo\/image\/\",\"url\":\"https:\/\/b2b.calibereurope.com\/wp-content\/uploads\/2020\/12\/Caliber_Logo-Black.png\",\"contentUrl\":\"https:\/\/b2b.calibereurope.com\/wp-content\/uploads\/2020\/12\/Caliber_Logo-Black.png\",\"width\":3157,\"height\":356,\"caption\":\"Caliber Europe B.V.\"},\"image\":{\"@id\":\"https:\/\/b2b.calibereurope.com\/#\/schema\/logo\/image\/\"}}]}<\/script>\n<!-- \/ Yoast SEO plugin. -->","yoast_head_json":{"title":"Ensemble de 3 Ampoules E27 Leds RGB Connect\u00e9es \u2013 Ampoules Led E27 connect\u00e9es - 850 Lumen - 8 Watts - Application pratique (HBT-BR30-3PACK) - Caliber Europe B.V.","robots":{"index":"noindex","follow":"follow","max-snippet":"max-snippet:-1","max-image-preview":"max-image-preview:large","max-video-preview":"max-video-preview:-1"},"og_locale":"fr_FR","og_type":"article","og_title":"Ensemble de 3 Ampoules E27 Leds RGB Connect\u00e9es \u2013 Ampoules Led E27 connect\u00e9es - 850 Lumen - 8 Watts - Application pratique (HBT-BR30-3PACK) - Caliber Europe B.V.","og_description":"Le pack de 3 ampoules connect\u00e9es Caliber HBT-BR30 contient 3 ampoules connect\u00e9es avec un culot E27. Cela vous permet de diffuser dans une pi\u00e8ce non seulement une lumi\u00e8re blanche brillante, mais avec cette ampoule RGB vous pouvez \u00e9galement choisir n&#39;importe quelle couleur en fonction de votre humeur! La temp\u00e9rature de la lumi\u00e8re peut \u00e9galement \u00eatre [&hellip;]","og_url":"https:\/\/b2b.calibereurope.com\/fr\/produit\/hbt-br30-3pack-fr_fr\/","og_site_name":"Caliber Europe B.V.","article_modified_time":"2025-01-15T07:45:13+00:00","og_image":[{"width":1024,"height":768,"url":"https:\/\/b2b.calibereurope.com\/wp-content\/uploads\/2021\/09\/5c542212bc62cefb3ca3afcd9da3e67c5ce451d5_HBT_BR30_3PACK_verpakking.jpg","type":"image\/jpeg"}],"twitter_card":"summary_large_image","twitter_misc":{"Dur\u00e9e de lecture estim\u00e9e":"2 minutes"},"schema":{"@context":"https:\/\/schema.org","@graph":[{"@type":"WebPage","@id":"https:\/\/b2b.calibereurope.com\/fr\/produit\/hbt-br30-3pack-fr_fr\/","url":"https:\/\/b2b.calibereurope.com\/fr\/produit\/hbt-br30-3pack-fr_fr\/","name":"Ensemble de 3 Ampoules E27 Leds RGB Connect\u00e9es \u2013 Ampoules Led E27 connect\u00e9es - 850 Lumen - 8 Watts - Application pratique (HBT-BR30-3PACK) - Caliber Europe B.V.","isPartOf":{"@id":"https:\/\/b2b.calibereurope.com\/#website"},"primaryImageOfPage":{"@id":"https:\/\/b2b.calibereurope.com\/fr\/produit\/hbt-br30-3pack-fr_fr\/#primaryimage"},"image":{"@id":"https:\/\/b2b.calibereurope.com\/fr\/produit\/hbt-br30-3pack-fr_fr\/#primaryimage"},"thumbnailUrl":"https:\/\/b2b.calibereurope.com\/wp-content\/uploads\/2025\/01\/5c542212bc62cefb3ca3afcd9da3e67c5ce451d5_HBT_BR30_3PACK_verpakking.jpg","datePublished":"2025-01-15T00:00:00+00:00","dateModified":"2025-01-15T07:45:13+00:00","breadcrumb":{"@id":"https:\/\/b2b.calibereurope.com\/fr\/produit\/hbt-br30-3pack-fr_fr\/#breadcrumb"},"inLanguage":"fr-FR","potentialAction":[{"@type":"ReadAction","target":["https:\/\/b2b.calibereurope.com\/fr\/produit\/hbt-br30-3pack-fr_fr\/"]}]},{"@type":"ImageObject","inLanguage":"fr-FR","@id":"https:\/\/b2b.calibereurope.com\/fr\/produit\/hbt-br30-3pack-fr_fr\/#primaryimage","url":"https:\/\/b2b.calibereurope.com\/wp-content\/uploads\/2025\/01\/5c542212bc62cefb3ca3afcd9da3e67c5ce451d5_HBT_BR30_3PACK_verpakking.jpg","contentUrl":"https:\/\/b2b.calibereurope.com\/wp-content\/uploads\/2025\/01\/5c542212bc62cefb3ca3afcd9da3e67c5ce451d5_HBT_BR30_3PACK_verpakking.jpg","width":1024,"height":768},{"@type":"BreadcrumbList","@id":"https:\/\/b2b.calibereurope.com\/fr\/produit\/hbt-br30-3pack-fr_fr\/#breadcrumb","itemListElement":[{"@type":"ListItem","position":1,"name":"Home","item":"https:\/\/b2b.calibereurope.com\/fr\/home\/"},{"@type":"ListItem","position":2,"name":"Boutique","item":"https:\/\/b2b.calibereurope.com\/fr\/boutique\/"},{"@type":"ListItem","position":3,"name":"Lampe intelligente (HBT-BR30-3PACK)"}]},{"@type":"WebSite","@id":"https:\/\/b2b.calibereurope.com\/#website","url":"https:\/\/b2b.calibereurope.com\/","name":"Caliber Europe B.V.","description":"B2B Webshop","publisher":{"@id":"https:\/\/b2b.calibereurope.com\/#organization"},"potentialAction":[{"@type":"SearchAction","target":{"@type":"EntryPoint","urlTemplate":"https:\/\/b2b.calibereurope.com\/?s={search_term_string}"},"query-input":{"@type":"PropertyValueSpecification","valueRequired":true,"valueName":"search_term_string"}}],"inLanguage":"fr-FR"},{"@type":"Organization","@id":"https:\/\/b2b.calibereurope.com\/#organization","name":"Caliber Europe B.V.","url":"https:\/\/b2b.calibereurope.com\/","logo":{"@type":"ImageObject","inLanguage":"fr-FR","@id":"https:\/\/b2b.calibereurope.com\/#\/schema\/logo\/image\/","url":"https:\/\/b2b.calibereurope.com\/wp-content\/uploads\/2020\/12\/Caliber_Logo-Black.png","contentUrl":"https:\/\/b2b.calibereurope.com\/wp-content\/uploads\/2020\/12\/Caliber_Logo-Black.png","width":3157,"height":356,"caption":"Caliber Europe B.V."},"image":{"@id":"https:\/\/b2b.calibereurope.com\/#\/schema\/logo\/image\/"}}]}},"_links":{"self":[{"href":"https:\/\/b2b.calibereurope.com\/fr\/wp-json\/wp\/v2\/product\/476096","targetHints":{"allow":["GET"]}}],"collection":[{"href":"https:\/\/b2b.calibereurope.com\/fr\/wp-json\/wp\/v2\/product"}],"about":[{"href":"https:\/\/b2b.calibereurope.com\/fr\/wp-json\/wp\/v2\/types\/product"}],"version-history":[{"count":0,"href":"https:\/\/b2b.calibereurope.com\/fr\/wp-json\/wp\/v2\/product\/476096\/revisions"}],"wp:featuredmedia":[{"embeddable":true,"href":"https:\/\/b2b.calibereurope.com\/fr\/wp-json\/wp\/v2\/media\/853889"}],"wp:attachment":[{"href":"https:\/\/b2b.calibereurope.com\/fr\/wp-json\/wp\/v2\/media?parent=476096"}],"wp:term":[{"taxonomy":"product_brand","embeddable":true,"href":"https:\/\/b2b.calibereurope.com\/fr\/wp-json\/wp\/v2\/product_brand?post=476096"},{"taxonomy":"product_cat","embeddable":true,"href":"https:\/\/b2b.calibereurope.com\/fr\/wp-json\/wp\/v2\/product_cat?post=476096"},{"taxonomy":"product_tag","embeddable":true,"href":"https:\/\/b2b.calibereurope.com\/fr\/wp-json\/wp\/v2\/product_tag?post=476096"}],"curies":[{"name":"wp","href":"https:\/\/api.w.org\/{rel}","templated":true}]}}