{"id":476532,"date":"2025-12-04T01:00:00","date_gmt":"2025-12-04T00:00:00","guid":{"rendered":"0"},"modified":"2025-12-04T14:45:25","modified_gmt":"2025-12-04T13:45:25","slug":"HPG318DAB-fr_FR","status":"publish","type":"product","link":"https:\/\/b2b.calibereurope.com\/fr\/produit\/HPG318DAB-fr_FR\/","title":{"rendered":"Radio portable DAB + avec fonction r\u00e9veil matin &#8211; Sans fil jusqu&rsquo;\u00e0 8 heures &#8211; USB &#8211; Connexion Casque (HPG318DAB)"},"content":{"rendered":"<p>R\u00e9veillez-vous tous les matins avec les chansons des hit-parades gr\u00e2ce au radio r\u00e9veil Caliber HPG318DAB avec DAB plus. \u00c9coutez vos stations d&#39;information et vos DJs pr\u00e9f\u00e9r\u00e9s via la radio <strong>DAB+<\/strong> et <strong>FM<\/strong>, \u00e0 l&#39;int\u00e9rieur comme \u00e0 l&#39;ext\u00e9rieur. Vous pouvez emporter <strong>la radio portable<\/strong> avec vous facilement <strong>pendant 8 heures<\/strong> <strong>sans fil<\/strong>. R\u00e9glez jusqu&#39;\u00e0 <strong>10 pr\u00e9s\u00e9lections <\/strong> pour trouver toujours facilement votre station pr\u00e9f\u00e9r\u00e9e. Le <strong>r\u00e9veil<\/strong> vous permet de ne plus jamais arriver en retard au travail. L\u2019 <strong>\u00e9cran LCD- r\u00e9tro-\u00e9clair\u00e9<\/strong> vous permet de toujours lire l&#39;heure. <\/p>\n<p><strong>Caract\u00e9ristiques :<\/strong><\/p>\n<ul>\n<li>Radio DAB+\/FM avec RDS <\/li>\n<li>\u00e9cran LCD-r\u00e9tro-\u00e9clair\u00e9 <\/li>\n<li>Batterie rechargeable int\u00e9gr\u00e9e <\/li>\n<li>Facile \u00e0 utiliser <\/li>\n<li>8 heures d\u2019autonomie <\/li>\n<li>Fonction r\u00e9veil et heure de sommeil <\/li>\n<li>Antenne t\u00e9lescopique <\/li>\n<li>10 pr\u00e9s\u00e9lections <\/li>\n<li>Prise casque <\/li>\n<li>Port USB <\/li>\n<\/ul>\n<h3>Sortez du lit repos\u00e9  gr\u00e2ce \u00e0 ce r\u00e9veil<\/h3>\n<p>Levez-vous chaque matin avec suffisamment d&#39;\u00e9nergie apr\u00e8s une nuit de sommeil gr\u00e2ce \u00e0 la fonction pratique d&#39;heure de sommeil du r\u00e9veil. Cela garantit que la radio s&#39;\u00e9teint automatiquement \u00e0 l&#39;heure que vous avez d\u00e9finie. Vous pouvez donc r\u00eaver et vous endormir lentement au son de vos chansons pr\u00e9f\u00e9r\u00e9es. Le matin, vos DJs radio pr\u00e9f\u00e9r\u00e9s vous r\u00e9veilleront. Gr\u00e2ce \u00e0 la fonction de double alarme, vous pouvez r\u00e9gler deux alarmes pour que vous et votre partenaire puissiez l&#39;utiliser . <\/p>\n<h3>Vos stations pr\u00e9f\u00e9r\u00e9es au bout de vos doigts sur ce radio r\u00e9veil<\/h3>\n<p>Vous pr\u00e9f\u00e9rez ne pas vous r\u00e9veiller avec des tonalit\u00e9s ou des bips tonitruants le matin ? Alors ce radio-r\u00e9veil Caliber est fait pour vous. Gr\u00e2ce \u00e0 la radio DAB + et FM, vous vous r\u00e9veillerez sur des airs joyeux. Vous d\u00e9finissez pas moins de 10 pr\u00e9s\u00e9lections, de sorte que vous pouvez toujours trouver vos cha\u00eenes pr\u00e9f\u00e9r\u00e9es en un rien de temps. Les boutons pratiques situ\u00e9s sur le c\u00f4t\u00e9 du r\u00e9veil permettent de contr\u00f4ler facilement la radio et vos alarmes. <\/p>\n<h3>R\u00e9veil parfait pour les d\u00e9placements<\/h3>\n<p>Ce radio r\u00e9veil Caliber est multifonctionnel. En fait, vous pouvez \u00e9galement l&#39;utiliser comme radio portable. Gr\u00e2ce \u00e0 la batterie rechargeable int\u00e9gr\u00e9e, vous pouvez \u00e9couter de la musique sans fil jusqu&#39;\u00e0 8 heures. Emmenez-le \u00e0 la plage, \u00e0 une f\u00eate \u00e0 la maison ou \u00e0 un barbecue dans le parc, par exemple. Si vous pr\u00e9f\u00e9rez l\u2019\u00e9couter seul pendant un moment, vous pouvez utiliser la prise casque. <\/p>\n<p><strong><br \/>Inclus :<\/strong><\/p>\n<ul>\n<li>R\u00e9veil Caliber HPG318DAB avec DAB + <\/li>\n<li>C\u00e2ble de chargement\n <\/li>\n<li>Adaptateur\n<\/li>\n<\/ul>\n","protected":false},"excerpt":{"rendered":"<ul>\n<li>Radio DAB+\/FM avec RDS<\/li>\n<li>\u00e9cran LCD-r\u00e9tro-\u00e9clair\u00e9<\/li>\n<li>Batterie rechargeable int\u00e9gr\u00e9e<\/li>\n<li>Facile \u00e0 utiliser<\/li>\n<li>8 heures d\u2019autonomie<\/li>\n<li>Fonction r\u00e9veil et heure de sommeil<\/li>\n<li>Antenne t\u00e9lescopique<\/li>\n<li>10 pr\u00e9s\u00e9lections<\/li>\n<li>Prise casque<\/li>\n<li>Port USB<\/li>\n<\/ul>\n","protected":false},"featured_media":865969,"template":"","meta":{"_acf_changed":false,"site-sidebar-layout":"default","site-content-layout":"","ast-site-content-layout":"default","site-content-style":"default","site-sidebar-style":"default","ast-global-header-display":"","ast-banner-title-visibility":"","ast-main-header-display":"","ast-hfb-above-header-display":"","ast-hfb-below-header-display":"","ast-hfb-mobile-header-display":"","site-post-title":"","ast-breadcrumbs-content":"","ast-featured-img":"","footer-sml-layout":"","theme-transparent-header-meta":"","adv-header-id-meta":"","stick-header-meta":"","header-above-stick-meta":"","header-main-stick-meta":"","header-below-stick-meta":"","astra-migrate-meta-layouts":"default","ast-page-background-enabled":"default","ast-page-background-meta":{"desktop":{"background-color":"","background-image":"","background-repeat":"repeat","background-position":"center center","background-size":"auto","background-attachment":"scroll","background-type":"","background-media":"","overlay-type":"","overlay-color":"","overlay-opacity":"","overlay-gradient":""},"tablet":{"background-color":"","background-image":"","background-repeat":"repeat","background-position":"center center","background-size":"auto","background-attachment":"scroll","background-type":"","background-media":"","overlay-type":"","overlay-color":"","overlay-opacity":"","overlay-gradient":""},"mobile":{"background-color":"","background-image":"","background-repeat":"repeat","background-position":"center center","background-size":"auto","background-attachment":"scroll","background-type":"","background-media":"","overlay-type":"","overlay-color":"","overlay-opacity":"","overlay-gradient":""}},"ast-content-background-meta":{"desktop":{"background-color":"var(--ast-global-color-5)","background-image":"","background-repeat":"repeat","background-position":"center center","background-size":"auto","background-attachment":"scroll","background-type":"","background-media":"","overlay-type":"","overlay-color":"","overlay-opacity":"","overlay-gradient":""},"tablet":{"background-color":"var(--ast-global-color-5)","background-image":"","background-repeat":"repeat","background-position":"center center","background-size":"auto","background-attachment":"scroll","background-type":"","background-media":"","overlay-type":"","overlay-color":"","overlay-opacity":"","overlay-gradient":""},"mobile":{"background-color":"var(--ast-global-color-5)","background-image":"","background-repeat":"repeat","background-position":"center center","background-size":"auto","background-attachment":"scroll","background-type":"","background-media":"","overlay-type":"","overlay-color":"","overlay-opacity":"","overlay-gradient":""}}},"product_brand":[],"product_cat":[22955],"product_tag":[],"class_list":{"0":"post-476532","1":"product","2":"type-product","3":"status-publish","4":"has-post-thumbnail","6":"product_cat-pas-de-categorie","7":"desktop-align-center","8":"tablet-align-center","9":"mobile-align-center","10":"ast-product-gallery-layout-horizontal","11":"ast-product-gallery-with-no-image","12":"ast-product-tabs-layout-horizontal","14":"first","15":"instock","16":"taxable","17":"shipping-taxable","18":"purchasable","19":"product-type-simple"},"acf":[],"yoast_head":"<!-- This site is optimized with the Yoast SEO plugin v26.5 - https:\/\/yoast.com\/wordpress\/plugins\/seo\/ -->\n<title>Radio portable DAB + avec fonction r\u00e9veil matin - Sans fil jusqu&#039;\u00e0 8 heures - USB - Connexion Casque (HPG318DAB) - Caliber Europe B.V.<\/title>\n<meta name=\"robots\" content=\"noindex, follow, max-snippet:-1, max-image-preview:large, max-video-preview:-1\" \/>\n<meta property=\"og:locale\" content=\"fr_FR\" \/>\n<meta property=\"og:type\" content=\"article\" \/>\n<meta property=\"og:title\" content=\"Radio portable DAB + avec fonction r\u00e9veil matin - Sans fil jusqu&#039;\u00e0 8 heures - USB - Connexion Casque (HPG318DAB) - Caliber Europe B.V.\" \/>\n<meta property=\"og:description\" content=\"Radio DAB+\/FM avec RDS\u00e9cran LCD-r\u00e9tro-\u00e9clair\u00e9Batterie rechargeable int\u00e9gr\u00e9eFacile \u00e0 utiliser8 heures d\u2019autonomieFonction r\u00e9veil et heure de sommeilAntenne t\u00e9lescopique10 pr\u00e9s\u00e9lectionsPrise casquePort USB\" \/>\n<meta property=\"og:url\" content=\"https:\/\/b2b.calibereurope.com\/fr\/produit\/hpg318dab-fr_fr\/\" \/>\n<meta property=\"og:site_name\" content=\"Caliber Europe B.V.\" \/>\n<meta property=\"article:modified_time\" content=\"2025-12-04T13:45:25+00:00\" \/>\n<meta property=\"og:image\" content=\"https:\/\/b2b.calibereurope.com\/wp-content\/uploads\/2021\/10\/4ffc9689b63cac10b82ee86d57a14246ddf2f6ad_HPG318DAB.png\" \/>\n\t<meta property=\"og:image:width\" content=\"1600\" \/>\n\t<meta property=\"og:image:height\" content=\"1200\" \/>\n\t<meta property=\"og:image:type\" content=\"image\/png\" \/>\n<meta name=\"twitter:card\" content=\"summary_large_image\" \/>\n<meta name=\"twitter:label1\" content=\"Dur\u00e9e de lecture estim\u00e9e\" \/>\n\t<meta name=\"twitter:data1\" content=\"2 minutes\" \/>\n<script type=\"application\/ld+json\" class=\"yoast-schema-graph\">{\"@context\":\"https:\/\/schema.org\",\"@graph\":[{\"@type\":\"WebPage\",\"@id\":\"https:\/\/b2b.calibereurope.com\/fr\/produit\/hpg318dab-fr_fr\/\",\"url\":\"https:\/\/b2b.calibereurope.com\/fr\/produit\/hpg318dab-fr_fr\/\",\"name\":\"Radio portable DAB + avec fonction r\u00e9veil matin - Sans fil jusqu'\u00e0 8 heures - USB - Connexion Casque (HPG318DAB) - Caliber Europe B.V.\",\"isPartOf\":{\"@id\":\"https:\/\/b2b.calibereurope.com\/#website\"},\"primaryImageOfPage\":{\"@id\":\"https:\/\/b2b.calibereurope.com\/fr\/produit\/hpg318dab-fr_fr\/#primaryimage\"},\"image\":{\"@id\":\"https:\/\/b2b.calibereurope.com\/fr\/produit\/hpg318dab-fr_fr\/#primaryimage\"},\"thumbnailUrl\":\"https:\/\/b2b.calibereurope.com\/wp-content\/uploads\/2025\/12\/f4148fde79bb2f83bf6473105adaba5dc4c8b281_HPG318DAB-4.jpg\",\"datePublished\":\"2025-12-04T00:00:00+00:00\",\"dateModified\":\"2025-12-04T13:45:25+00:00\",\"breadcrumb\":{\"@id\":\"https:\/\/b2b.calibereurope.com\/fr\/produit\/hpg318dab-fr_fr\/#breadcrumb\"},\"inLanguage\":\"fr-FR\",\"potentialAction\":[{\"@type\":\"ReadAction\",\"target\":[\"https:\/\/b2b.calibereurope.com\/fr\/produit\/hpg318dab-fr_fr\/\"]}]},{\"@type\":\"ImageObject\",\"inLanguage\":\"fr-FR\",\"@id\":\"https:\/\/b2b.calibereurope.com\/fr\/produit\/hpg318dab-fr_fr\/#primaryimage\",\"url\":\"https:\/\/b2b.calibereurope.com\/wp-content\/uploads\/2025\/12\/f4148fde79bb2f83bf6473105adaba5dc4c8b281_HPG318DAB-4.jpg\",\"contentUrl\":\"https:\/\/b2b.calibereurope.com\/wp-content\/uploads\/2025\/12\/f4148fde79bb2f83bf6473105adaba5dc4c8b281_HPG318DAB-4.jpg\",\"width\":2000,\"height\":2000},{\"@type\":\"BreadcrumbList\",\"@id\":\"https:\/\/b2b.calibereurope.com\/fr\/produit\/hpg318dab-fr_fr\/#breadcrumb\",\"itemListElement\":[{\"@type\":\"ListItem\",\"position\":1,\"name\":\"Home\",\"item\":\"https:\/\/b2b.calibereurope.com\/fr\/home\/\"},{\"@type\":\"ListItem\",\"position\":2,\"name\":\"Boutique\",\"item\":\"https:\/\/b2b.calibereurope.com\/fr\/boutique\/\"},{\"@type\":\"ListItem\",\"position\":3,\"name\":\"Radio DAB+ portable &#8211; Avec fonction FM et alarme Batterie int\u00e9gr\u00e9e (HPG318DAB)\"}]},{\"@type\":\"WebSite\",\"@id\":\"https:\/\/b2b.calibereurope.com\/#website\",\"url\":\"https:\/\/b2b.calibereurope.com\/\",\"name\":\"Caliber Europe B.V.\",\"description\":\"B2B Webshop\",\"publisher\":{\"@id\":\"https:\/\/b2b.calibereurope.com\/#organization\"},\"potentialAction\":[{\"@type\":\"SearchAction\",\"target\":{\"@type\":\"EntryPoint\",\"urlTemplate\":\"https:\/\/b2b.calibereurope.com\/?s={search_term_string}\"},\"query-input\":{\"@type\":\"PropertyValueSpecification\",\"valueRequired\":true,\"valueName\":\"search_term_string\"}}],\"inLanguage\":\"fr-FR\"},{\"@type\":\"Organization\",\"@id\":\"https:\/\/b2b.calibereurope.com\/#organization\",\"name\":\"Caliber Europe B.V.\",\"url\":\"https:\/\/b2b.calibereurope.com\/\",\"logo\":{\"@type\":\"ImageObject\",\"inLanguage\":\"fr-FR\",\"@id\":\"https:\/\/b2b.calibereurope.com\/#\/schema\/logo\/image\/\",\"url\":\"https:\/\/b2b.calibereurope.com\/wp-content\/uploads\/2020\/12\/Caliber_Logo-Black.png\",\"contentUrl\":\"https:\/\/b2b.calibereurope.com\/wp-content\/uploads\/2020\/12\/Caliber_Logo-Black.png\",\"width\":3157,\"height\":356,\"caption\":\"Caliber Europe B.V.\"},\"image\":{\"@id\":\"https:\/\/b2b.calibereurope.com\/#\/schema\/logo\/image\/\"}}]}<\/script>\n<!-- \/ Yoast SEO plugin. -->","yoast_head_json":{"title":"Radio portable DAB + avec fonction r\u00e9veil matin - Sans fil jusqu'\u00e0 8 heures - USB - Connexion Casque (HPG318DAB) - Caliber Europe B.V.","robots":{"index":"noindex","follow":"follow","max-snippet":"max-snippet:-1","max-image-preview":"max-image-preview:large","max-video-preview":"max-video-preview:-1"},"og_locale":"fr_FR","og_type":"article","og_title":"Radio portable DAB + avec fonction r\u00e9veil matin - Sans fil jusqu'\u00e0 8 heures - USB - Connexion Casque (HPG318DAB) - Caliber Europe B.V.","og_description":"Radio DAB+\/FM avec RDS\u00e9cran LCD-r\u00e9tro-\u00e9clair\u00e9Batterie rechargeable int\u00e9gr\u00e9eFacile \u00e0 utiliser8 heures d\u2019autonomieFonction r\u00e9veil et heure de sommeilAntenne t\u00e9lescopique10 pr\u00e9s\u00e9lectionsPrise casquePort USB","og_url":"https:\/\/b2b.calibereurope.com\/fr\/produit\/hpg318dab-fr_fr\/","og_site_name":"Caliber Europe B.V.","article_modified_time":"2025-12-04T13:45:25+00:00","og_image":[{"width":1600,"height":1200,"url":"https:\/\/b2b.calibereurope.com\/wp-content\/uploads\/2021\/10\/4ffc9689b63cac10b82ee86d57a14246ddf2f6ad_HPG318DAB.png","type":"image\/png"}],"twitter_card":"summary_large_image","twitter_misc":{"Dur\u00e9e de lecture estim\u00e9e":"2 minutes"},"schema":{"@context":"https:\/\/schema.org","@graph":[{"@type":"WebPage","@id":"https:\/\/b2b.calibereurope.com\/fr\/produit\/hpg318dab-fr_fr\/","url":"https:\/\/b2b.calibereurope.com\/fr\/produit\/hpg318dab-fr_fr\/","name":"Radio portable DAB + avec fonction r\u00e9veil matin - Sans fil jusqu'\u00e0 8 heures - USB - Connexion Casque (HPG318DAB) - Caliber Europe B.V.","isPartOf":{"@id":"https:\/\/b2b.calibereurope.com\/#website"},"primaryImageOfPage":{"@id":"https:\/\/b2b.calibereurope.com\/fr\/produit\/hpg318dab-fr_fr\/#primaryimage"},"image":{"@id":"https:\/\/b2b.calibereurope.com\/fr\/produit\/hpg318dab-fr_fr\/#primaryimage"},"thumbnailUrl":"https:\/\/b2b.calibereurope.com\/wp-content\/uploads\/2025\/12\/f4148fde79bb2f83bf6473105adaba5dc4c8b281_HPG318DAB-4.jpg","datePublished":"2025-12-04T00:00:00+00:00","dateModified":"2025-12-04T13:45:25+00:00","breadcrumb":{"@id":"https:\/\/b2b.calibereurope.com\/fr\/produit\/hpg318dab-fr_fr\/#breadcrumb"},"inLanguage":"fr-FR","potentialAction":[{"@type":"ReadAction","target":["https:\/\/b2b.calibereurope.com\/fr\/produit\/hpg318dab-fr_fr\/"]}]},{"@type":"ImageObject","inLanguage":"fr-FR","@id":"https:\/\/b2b.calibereurope.com\/fr\/produit\/hpg318dab-fr_fr\/#primaryimage","url":"https:\/\/b2b.calibereurope.com\/wp-content\/uploads\/2025\/12\/f4148fde79bb2f83bf6473105adaba5dc4c8b281_HPG318DAB-4.jpg","contentUrl":"https:\/\/b2b.calibereurope.com\/wp-content\/uploads\/2025\/12\/f4148fde79bb2f83bf6473105adaba5dc4c8b281_HPG318DAB-4.jpg","width":2000,"height":2000},{"@type":"BreadcrumbList","@id":"https:\/\/b2b.calibereurope.com\/fr\/produit\/hpg318dab-fr_fr\/#breadcrumb","itemListElement":[{"@type":"ListItem","position":1,"name":"Home","item":"https:\/\/b2b.calibereurope.com\/fr\/home\/"},{"@type":"ListItem","position":2,"name":"Boutique","item":"https:\/\/b2b.calibereurope.com\/fr\/boutique\/"},{"@type":"ListItem","position":3,"name":"Radio DAB+ portable &#8211; Avec fonction FM et alarme Batterie int\u00e9gr\u00e9e (HPG318DAB)"}]},{"@type":"WebSite","@id":"https:\/\/b2b.calibereurope.com\/#website","url":"https:\/\/b2b.calibereurope.com\/","name":"Caliber Europe B.V.","description":"B2B Webshop","publisher":{"@id":"https:\/\/b2b.calibereurope.com\/#organization"},"potentialAction":[{"@type":"SearchAction","target":{"@type":"EntryPoint","urlTemplate":"https:\/\/b2b.calibereurope.com\/?s={search_term_string}"},"query-input":{"@type":"PropertyValueSpecification","valueRequired":true,"valueName":"search_term_string"}}],"inLanguage":"fr-FR"},{"@type":"Organization","@id":"https:\/\/b2b.calibereurope.com\/#organization","name":"Caliber Europe B.V.","url":"https:\/\/b2b.calibereurope.com\/","logo":{"@type":"ImageObject","inLanguage":"fr-FR","@id":"https:\/\/b2b.calibereurope.com\/#\/schema\/logo\/image\/","url":"https:\/\/b2b.calibereurope.com\/wp-content\/uploads\/2020\/12\/Caliber_Logo-Black.png","contentUrl":"https:\/\/b2b.calibereurope.com\/wp-content\/uploads\/2020\/12\/Caliber_Logo-Black.png","width":3157,"height":356,"caption":"Caliber Europe B.V."},"image":{"@id":"https:\/\/b2b.calibereurope.com\/#\/schema\/logo\/image\/"}}]}},"_links":{"self":[{"href":"https:\/\/b2b.calibereurope.com\/fr\/wp-json\/wp\/v2\/product\/476532","targetHints":{"allow":["GET"]}}],"collection":[{"href":"https:\/\/b2b.calibereurope.com\/fr\/wp-json\/wp\/v2\/product"}],"about":[{"href":"https:\/\/b2b.calibereurope.com\/fr\/wp-json\/wp\/v2\/types\/product"}],"version-history":[{"count":0,"href":"https:\/\/b2b.calibereurope.com\/fr\/wp-json\/wp\/v2\/product\/476532\/revisions"}],"wp:featuredmedia":[{"embeddable":true,"href":"https:\/\/b2b.calibereurope.com\/fr\/wp-json\/wp\/v2\/media\/865969"}],"wp:attachment":[{"href":"https:\/\/b2b.calibereurope.com\/fr\/wp-json\/wp\/v2\/media?parent=476532"}],"wp:term":[{"taxonomy":"product_brand","embeddable":true,"href":"https:\/\/b2b.calibereurope.com\/fr\/wp-json\/wp\/v2\/product_brand?post=476532"},{"taxonomy":"product_cat","embeddable":true,"href":"https:\/\/b2b.calibereurope.com\/fr\/wp-json\/wp\/v2\/product_cat?post=476532"},{"taxonomy":"product_tag","embeddable":true,"href":"https:\/\/b2b.calibereurope.com\/fr\/wp-json\/wp\/v2\/product_tag?post=476532"}],"curies":[{"name":"wp","href":"https:\/\/api.w.org\/{rel}","templated":true}]}}