{"id":476564,"date":"2023-09-20T02:00:00","date_gmt":"2023-09-20T00:00:00","guid":{"rendered":""},"modified":"2023-09-20T10:13:34","modified_gmt":"2023-09-20T08:13:34","slug":"PS46-fr_FR","status":"publish","type":"product","link":"https:\/\/b2b.calibereurope.com\/fr\/produit\/PS46-fr_FR\/","title":{"rendered":"Chargeur domestique avec 4X USB 4.2A &#8211; Blanc (PS46)"},"content":{"rendered":"<div><span style=\"font-weight: bold;\">Caliber PS46 &#8211; Chargeur domestique<\/span><\/div>\n<div>Aujourd&#39;hui, tout le monde poss\u00e8de un ou souvent plusieurs appareils mobiles. Un smartphone ou une tablette est tr\u00e8s courant. L&#39;inconv\u00e9nient est que vous avez tous ces diff\u00e9rents chargeurs. Lorsque vous voulez charger vos appareils, vous vous battez toujours pour trouver la bonne prise. Est-ce que tout cela est tr\u00e8s reconnaissable pour vous ? Alors le chargeur domestique Caliber PS46 est la solution id\u00e9ale pour vous. Avec ce chargeur domestique universel tr\u00e8s pratique, vous pouvez recharger jusqu&#39;\u00e0 quatre appareils diff\u00e9rents. Vous pouvez donc charger plusieurs smartphones en m\u00eame temps ou diff\u00e9rents appareils comme votre tablette, votre smartphone et votre appareil photo num\u00e9rique. Tout cela en m\u00eame temps et vous n&#39;avez besoin que d&#39;une seule prise. Super pratique, non ?<\/div>\n<div><\/div>\n<div><span style=\"font-weight: bold;\">Id\u00e9al aussi pour les voyages<\/span><\/div>\n<div>Le chargeur domestique Caliber PS46 n&#39;est pas seulement votre chargeur id\u00e9al \u00e0 la maison. Ce chargeur super pratique vous rendra aussi pleinement justice lors de vos d\u00e9placements. Vous n&#39;avez pas besoin d&#39;emporter des chargeurs s\u00e9par\u00e9s pour tous vos \u00e9quipements. Vous avez d\u00e9j\u00e0 assez de choses \u00e0 emporter. Et dans une chambre d&#39;h\u00f4tel moyenne, le nombre de prises de courant est g\u00e9n\u00e9ralement aussi limit\u00e9. En revanche, avec le chargeur domestique PS46, ce n&#39;est pas un probl\u00e8me du tout.<\/div>\n<div><\/div>\n<div><span style=\"font-weight: bold;\">Caract\u00e9ristiques du Caliber PS46 &#8211; Chargeur domestique<\/span><\/div>\n<div>Le chargeur domestique Caliber PS46 est un chargeur USB 5 volts tr\u00e8s pratique. Ses dimensions ne sont que de 33 x 106 x 70 millim\u00e8tres (HxLxW). Le chargeur ne p\u00e8se \u00e9galement que 255 grammes. Le PS46 est uniquement disponible en blanc. Il est livr\u00e9 avec un c\u00e2ble de 1,2 m\u00e8tre.<\/div>\n<div>Comme nous l&#39;avons dit, il convient pour charger plusieurs appareils avec un seul dock. Il est \u00e9quip\u00e9 de pas moins de 4 ports USB, ce qui vous permet de charger 4 appareils en m\u00eame temps. La capacit\u00e9 totale du chargeur est de 4,2 amp\u00e8res. Le chargeur est \u00e9quip\u00e9 d&#39;un indicateur LED tr\u00e8s pratique, qui vous permet de voir s&#39;il est aliment\u00e9 en \u00e9lectricit\u00e9 (220V). La tension de sortie est de 5V.<\/div>\n<div>La qualit\u00e9 du chargeur est excellente. Le chargeur domestique PS46 b\u00e9n\u00e9ficie d&#39;une garantie de 2 ans.<\/div>\n<div><\/div>\n","protected":false},"excerpt":{"rendered":"<p>Caliber PS46 &#8211; Chargeur domestique Aujourd&#39;hui, tout le monde poss\u00e8de un ou souvent plusieurs appareils mobiles. Un smartphone ou une tablette est tr\u00e8s courant. L&#39;inconv\u00e9nient est que vous avez tous ces diff\u00e9rents chargeurs. Lorsque vous voulez charger vos appareils, vous vous battez toujours pour trouver la bonne prise. Est-ce que tout cela est tr\u00e8s reconnaissable [&hellip;]<\/p>\n","protected":false},"featured_media":833444,"template":"","meta":{"_acf_changed":false,"site-sidebar-layout":"default","site-content-layout":"","ast-site-content-layout":"default","site-content-style":"default","site-sidebar-style":"default","ast-global-header-display":"","ast-banner-title-visibility":"","ast-main-header-display":"","ast-hfb-above-header-display":"","ast-hfb-below-header-display":"","ast-hfb-mobile-header-display":"","site-post-title":"","ast-breadcrumbs-content":"","ast-featured-img":"","footer-sml-layout":"","theme-transparent-header-meta":"","adv-header-id-meta":"","stick-header-meta":"","header-above-stick-meta":"","header-main-stick-meta":"","header-below-stick-meta":"","astra-migrate-meta-layouts":"default","ast-page-background-enabled":"default","ast-page-background-meta":{"desktop":{"background-color":"","background-image":"","background-repeat":"repeat","background-position":"center center","background-size":"auto","background-attachment":"scroll","background-type":"","background-media":"","overlay-type":"","overlay-color":"","overlay-opacity":"","overlay-gradient":""},"tablet":{"background-color":"","background-image":"","background-repeat":"repeat","background-position":"center center","background-size":"auto","background-attachment":"scroll","background-type":"","background-media":"","overlay-type":"","overlay-color":"","overlay-opacity":"","overlay-gradient":""},"mobile":{"background-color":"","background-image":"","background-repeat":"repeat","background-position":"center center","background-size":"auto","background-attachment":"scroll","background-type":"","background-media":"","overlay-type":"","overlay-color":"","overlay-opacity":"","overlay-gradient":""}},"ast-content-background-meta":{"desktop":{"background-color":"var(--ast-global-color-5)","background-image":"","background-repeat":"repeat","background-position":"center center","background-size":"auto","background-attachment":"scroll","background-type":"","background-media":"","overlay-type":"","overlay-color":"","overlay-opacity":"","overlay-gradient":""},"tablet":{"background-color":"var(--ast-global-color-5)","background-image":"","background-repeat":"repeat","background-position":"center center","background-size":"auto","background-attachment":"scroll","background-type":"","background-media":"","overlay-type":"","overlay-color":"","overlay-opacity":"","overlay-gradient":""},"mobile":{"background-color":"var(--ast-global-color-5)","background-image":"","background-repeat":"repeat","background-position":"center center","background-size":"auto","background-attachment":"scroll","background-type":"","background-media":"","overlay-type":"","overlay-color":"","overlay-opacity":"","overlay-gradient":""}}},"product_brand":[],"product_cat":[22955],"product_tag":[],"class_list":{"0":"post-476564","1":"product","2":"type-product","3":"status-publish","4":"has-post-thumbnail","6":"product_cat-pas-de-categorie","7":"desktop-align-center","8":"tablet-align-center","9":"mobile-align-center","10":"ast-product-gallery-layout-horizontal","11":"ast-product-tabs-layout-horizontal","13":"first","14":"outofstock","15":"taxable","16":"shipping-taxable","17":"purchasable","18":"product-type-simple"},"acf":[],"yoast_head":"<!-- This site is optimized with the Yoast SEO plugin v26.5 - https:\/\/yoast.com\/wordpress\/plugins\/seo\/ -->\n<title>Chargeur domestique avec 4X USB 4.2A - Blanc (PS46) - Caliber Europe B.V.<\/title>\n<meta name=\"robots\" content=\"noindex, follow, max-snippet:-1, max-image-preview:large, max-video-preview:-1\" \/>\n<meta property=\"og:locale\" content=\"fr_FR\" \/>\n<meta property=\"og:type\" content=\"article\" \/>\n<meta property=\"og:title\" content=\"Chargeur domestique avec 4X USB 4.2A - Blanc (PS46) - Caliber Europe B.V.\" \/>\n<meta property=\"og:description\" content=\"Caliber PS46 &#8211; Chargeur domestique Aujourd&#039;hui, tout le monde poss\u00e8de un ou souvent plusieurs appareils mobiles. Un smartphone ou une tablette est tr\u00e8s courant. L&#039;inconv\u00e9nient est que vous avez tous ces diff\u00e9rents chargeurs. Lorsque vous voulez charger vos appareils, vous vous battez toujours pour trouver la bonne prise. Est-ce que tout cela est tr\u00e8s reconnaissable [&hellip;]\" \/>\n<meta property=\"og:url\" content=\"https:\/\/b2b.calibereurope.com\/fr\/produit\/ps46-fr_fr\/\" \/>\n<meta property=\"og:site_name\" content=\"Caliber Europe B.V.\" \/>\n<meta property=\"article:modified_time\" content=\"2023-09-20T08:13:34+00:00\" \/>\n<meta property=\"og:image\" content=\"https:\/\/b2b.calibereurope.com\/wp-content\/uploads\/2021\/09\/b65d4cdab03ddc63a22a08c7f1ba3673961c568e_PS46_4xUSB.jpg\" \/>\n\t<meta property=\"og:image:width\" content=\"1024\" \/>\n\t<meta property=\"og:image:height\" content=\"768\" \/>\n\t<meta property=\"og:image:type\" content=\"image\/jpeg\" \/>\n<meta name=\"twitter:card\" content=\"summary_large_image\" \/>\n<meta name=\"twitter:label1\" content=\"Dur\u00e9e de lecture estim\u00e9e\" \/>\n\t<meta name=\"twitter:data1\" content=\"2 minutes\" \/>\n<script type=\"application\/ld+json\" class=\"yoast-schema-graph\">{\"@context\":\"https:\/\/schema.org\",\"@graph\":[{\"@type\":\"WebPage\",\"@id\":\"https:\/\/b2b.calibereurope.com\/fr\/produit\/ps46-fr_fr\/\",\"url\":\"https:\/\/b2b.calibereurope.com\/fr\/produit\/ps46-fr_fr\/\",\"name\":\"Chargeur domestique avec 4X USB 4.2A - Blanc (PS46) - Caliber Europe B.V.\",\"isPartOf\":{\"@id\":\"https:\/\/b2b.calibereurope.com\/#website\"},\"primaryImageOfPage\":{\"@id\":\"https:\/\/b2b.calibereurope.com\/fr\/produit\/ps46-fr_fr\/#primaryimage\"},\"image\":{\"@id\":\"https:\/\/b2b.calibereurope.com\/fr\/produit\/ps46-fr_fr\/#primaryimage\"},\"thumbnailUrl\":\"https:\/\/b2b.calibereurope.com\/wp-content\/uploads\/2023\/09\/b65d4cdab03ddc63a22a08c7f1ba3673961c568e_PS46_4xUSB.jpg\",\"datePublished\":\"2023-09-20T00:00:00+00:00\",\"dateModified\":\"2023-09-20T08:13:34+00:00\",\"breadcrumb\":{\"@id\":\"https:\/\/b2b.calibereurope.com\/fr\/produit\/ps46-fr_fr\/#breadcrumb\"},\"inLanguage\":\"fr-FR\",\"potentialAction\":[{\"@type\":\"ReadAction\",\"target\":[\"https:\/\/b2b.calibereurope.com\/fr\/produit\/ps46-fr_fr\/\"]}]},{\"@type\":\"ImageObject\",\"inLanguage\":\"fr-FR\",\"@id\":\"https:\/\/b2b.calibereurope.com\/fr\/produit\/ps46-fr_fr\/#primaryimage\",\"url\":\"https:\/\/b2b.calibereurope.com\/wp-content\/uploads\/2023\/09\/b65d4cdab03ddc63a22a08c7f1ba3673961c568e_PS46_4xUSB.jpg\",\"contentUrl\":\"https:\/\/b2b.calibereurope.com\/wp-content\/uploads\/2023\/09\/b65d4cdab03ddc63a22a08c7f1ba3673961c568e_PS46_4xUSB.jpg\",\"width\":1024,\"height\":768},{\"@type\":\"BreadcrumbList\",\"@id\":\"https:\/\/b2b.calibereurope.com\/fr\/produit\/ps46-fr_fr\/#breadcrumb\",\"itemListElement\":[{\"@type\":\"ListItem\",\"position\":1,\"name\":\"Home\",\"item\":\"https:\/\/b2b.calibereurope.com\/fr\/home\/\"},{\"@type\":\"ListItem\",\"position\":2,\"name\":\"Boutique\",\"item\":\"https:\/\/b2b.calibereurope.com\/fr\/boutique\/\"},{\"@type\":\"ListItem\",\"position\":3,\"name\":\"Chargeur domestique avec 4X USB 4.2A &#8211; Blanc (PS46)\"}]},{\"@type\":\"WebSite\",\"@id\":\"https:\/\/b2b.calibereurope.com\/#website\",\"url\":\"https:\/\/b2b.calibereurope.com\/\",\"name\":\"Caliber Europe B.V.\",\"description\":\"B2B Webshop\",\"publisher\":{\"@id\":\"https:\/\/b2b.calibereurope.com\/#organization\"},\"potentialAction\":[{\"@type\":\"SearchAction\",\"target\":{\"@type\":\"EntryPoint\",\"urlTemplate\":\"https:\/\/b2b.calibereurope.com\/?s={search_term_string}\"},\"query-input\":{\"@type\":\"PropertyValueSpecification\",\"valueRequired\":true,\"valueName\":\"search_term_string\"}}],\"inLanguage\":\"fr-FR\"},{\"@type\":\"Organization\",\"@id\":\"https:\/\/b2b.calibereurope.com\/#organization\",\"name\":\"Caliber Europe B.V.\",\"url\":\"https:\/\/b2b.calibereurope.com\/\",\"logo\":{\"@type\":\"ImageObject\",\"inLanguage\":\"fr-FR\",\"@id\":\"https:\/\/b2b.calibereurope.com\/#\/schema\/logo\/image\/\",\"url\":\"https:\/\/b2b.calibereurope.com\/wp-content\/uploads\/2020\/12\/Caliber_Logo-Black.png\",\"contentUrl\":\"https:\/\/b2b.calibereurope.com\/wp-content\/uploads\/2020\/12\/Caliber_Logo-Black.png\",\"width\":3157,\"height\":356,\"caption\":\"Caliber Europe B.V.\"},\"image\":{\"@id\":\"https:\/\/b2b.calibereurope.com\/#\/schema\/logo\/image\/\"}}]}<\/script>\n<!-- \/ Yoast SEO plugin. -->","yoast_head_json":{"title":"Chargeur domestique avec 4X USB 4.2A - Blanc (PS46) - Caliber Europe B.V.","robots":{"index":"noindex","follow":"follow","max-snippet":"max-snippet:-1","max-image-preview":"max-image-preview:large","max-video-preview":"max-video-preview:-1"},"og_locale":"fr_FR","og_type":"article","og_title":"Chargeur domestique avec 4X USB 4.2A - Blanc (PS46) - Caliber Europe B.V.","og_description":"Caliber PS46 &#8211; Chargeur domestique Aujourd&#39;hui, tout le monde poss\u00e8de un ou souvent plusieurs appareils mobiles. Un smartphone ou une tablette est tr\u00e8s courant. L&#39;inconv\u00e9nient est que vous avez tous ces diff\u00e9rents chargeurs. Lorsque vous voulez charger vos appareils, vous vous battez toujours pour trouver la bonne prise. Est-ce que tout cela est tr\u00e8s reconnaissable [&hellip;]","og_url":"https:\/\/b2b.calibereurope.com\/fr\/produit\/ps46-fr_fr\/","og_site_name":"Caliber Europe B.V.","article_modified_time":"2023-09-20T08:13:34+00:00","og_image":[{"width":1024,"height":768,"url":"https:\/\/b2b.calibereurope.com\/wp-content\/uploads\/2021\/09\/b65d4cdab03ddc63a22a08c7f1ba3673961c568e_PS46_4xUSB.jpg","type":"image\/jpeg"}],"twitter_card":"summary_large_image","twitter_misc":{"Dur\u00e9e de lecture estim\u00e9e":"2 minutes"},"schema":{"@context":"https:\/\/schema.org","@graph":[{"@type":"WebPage","@id":"https:\/\/b2b.calibereurope.com\/fr\/produit\/ps46-fr_fr\/","url":"https:\/\/b2b.calibereurope.com\/fr\/produit\/ps46-fr_fr\/","name":"Chargeur domestique avec 4X USB 4.2A - Blanc (PS46) - Caliber Europe B.V.","isPartOf":{"@id":"https:\/\/b2b.calibereurope.com\/#website"},"primaryImageOfPage":{"@id":"https:\/\/b2b.calibereurope.com\/fr\/produit\/ps46-fr_fr\/#primaryimage"},"image":{"@id":"https:\/\/b2b.calibereurope.com\/fr\/produit\/ps46-fr_fr\/#primaryimage"},"thumbnailUrl":"https:\/\/b2b.calibereurope.com\/wp-content\/uploads\/2023\/09\/b65d4cdab03ddc63a22a08c7f1ba3673961c568e_PS46_4xUSB.jpg","datePublished":"2023-09-20T00:00:00+00:00","dateModified":"2023-09-20T08:13:34+00:00","breadcrumb":{"@id":"https:\/\/b2b.calibereurope.com\/fr\/produit\/ps46-fr_fr\/#breadcrumb"},"inLanguage":"fr-FR","potentialAction":[{"@type":"ReadAction","target":["https:\/\/b2b.calibereurope.com\/fr\/produit\/ps46-fr_fr\/"]}]},{"@type":"ImageObject","inLanguage":"fr-FR","@id":"https:\/\/b2b.calibereurope.com\/fr\/produit\/ps46-fr_fr\/#primaryimage","url":"https:\/\/b2b.calibereurope.com\/wp-content\/uploads\/2023\/09\/b65d4cdab03ddc63a22a08c7f1ba3673961c568e_PS46_4xUSB.jpg","contentUrl":"https:\/\/b2b.calibereurope.com\/wp-content\/uploads\/2023\/09\/b65d4cdab03ddc63a22a08c7f1ba3673961c568e_PS46_4xUSB.jpg","width":1024,"height":768},{"@type":"BreadcrumbList","@id":"https:\/\/b2b.calibereurope.com\/fr\/produit\/ps46-fr_fr\/#breadcrumb","itemListElement":[{"@type":"ListItem","position":1,"name":"Home","item":"https:\/\/b2b.calibereurope.com\/fr\/home\/"},{"@type":"ListItem","position":2,"name":"Boutique","item":"https:\/\/b2b.calibereurope.com\/fr\/boutique\/"},{"@type":"ListItem","position":3,"name":"Chargeur domestique avec 4X USB 4.2A &#8211; Blanc (PS46)"}]},{"@type":"WebSite","@id":"https:\/\/b2b.calibereurope.com\/#website","url":"https:\/\/b2b.calibereurope.com\/","name":"Caliber Europe B.V.","description":"B2B Webshop","publisher":{"@id":"https:\/\/b2b.calibereurope.com\/#organization"},"potentialAction":[{"@type":"SearchAction","target":{"@type":"EntryPoint","urlTemplate":"https:\/\/b2b.calibereurope.com\/?s={search_term_string}"},"query-input":{"@type":"PropertyValueSpecification","valueRequired":true,"valueName":"search_term_string"}}],"inLanguage":"fr-FR"},{"@type":"Organization","@id":"https:\/\/b2b.calibereurope.com\/#organization","name":"Caliber Europe B.V.","url":"https:\/\/b2b.calibereurope.com\/","logo":{"@type":"ImageObject","inLanguage":"fr-FR","@id":"https:\/\/b2b.calibereurope.com\/#\/schema\/logo\/image\/","url":"https:\/\/b2b.calibereurope.com\/wp-content\/uploads\/2020\/12\/Caliber_Logo-Black.png","contentUrl":"https:\/\/b2b.calibereurope.com\/wp-content\/uploads\/2020\/12\/Caliber_Logo-Black.png","width":3157,"height":356,"caption":"Caliber Europe B.V."},"image":{"@id":"https:\/\/b2b.calibereurope.com\/#\/schema\/logo\/image\/"}}]}},"_links":{"self":[{"href":"https:\/\/b2b.calibereurope.com\/fr\/wp-json\/wp\/v2\/product\/476564","targetHints":{"allow":["GET"]}}],"collection":[{"href":"https:\/\/b2b.calibereurope.com\/fr\/wp-json\/wp\/v2\/product"}],"about":[{"href":"https:\/\/b2b.calibereurope.com\/fr\/wp-json\/wp\/v2\/types\/product"}],"version-history":[{"count":0,"href":"https:\/\/b2b.calibereurope.com\/fr\/wp-json\/wp\/v2\/product\/476564\/revisions"}],"wp:featuredmedia":[{"embeddable":true,"href":"https:\/\/b2b.calibereurope.com\/fr\/wp-json\/wp\/v2\/media\/833444"}],"wp:attachment":[{"href":"https:\/\/b2b.calibereurope.com\/fr\/wp-json\/wp\/v2\/media?parent=476564"}],"wp:term":[{"taxonomy":"product_brand","embeddable":true,"href":"https:\/\/b2b.calibereurope.com\/fr\/wp-json\/wp\/v2\/product_brand?post=476564"},{"taxonomy":"product_cat","embeddable":true,"href":"https:\/\/b2b.calibereurope.com\/fr\/wp-json\/wp\/v2\/product_cat?post=476564"},{"taxonomy":"product_tag","embeddable":true,"href":"https:\/\/b2b.calibereurope.com\/fr\/wp-json\/wp\/v2\/product_tag?post=476564"}],"curies":[{"name":"wp","href":"https:\/\/api.w.org\/{rel}","templated":true}]}}