{"id":476608,"date":"2024-03-13T01:00:00","date_gmt":"2024-03-13T00:00:00","guid":{"rendered":""},"modified":"2025-06-16T14:44:18","modified_gmt":"2025-06-16T12:44:18","slug":"HPA605BT-fr_FR","status":"publish","type":"product","link":"https:\/\/b2b.calibereurope.com\/fr\/produit\/HPA605BT-fr_FR\/","title":{"rendered":"Enceinte Bluetooth trolley \u00ab  Party \u00bb  &#8211; Ensemble karaok\u00e9 &#8211; 250 Watts &#8211; T\u00e9l\u00e9commande et Support Inclus (HPA605BT)"},"content":{"rendered":"<p>Cette <strong>enceinte Bluetooth Caliber Party-Large<\/strong> HPA605BT est id\u00e9ale pour les f\u00eates. Gr\u00e2ce au micro sans fil et \u00e0 la fonction karaok\u00e9 incluse, vous disposez instantan\u00e9ment d&#39;un \u00e9quipement de karaok\u00e9. Connectez facilement votre smartphone ou votre ordinateur portable \u00e0 l\u2019enceinte via bluetooth et d\u00e9placez l&#39;appareil jusqu&#39;\u00e0 10 m\u00e8tres de distance. Vous pouvez \u00e9galement lire de la musique via USB et SD. Avec une puissance de 250 watts, vous avez toujours suffisamment de son pour une f\u00eate r\u00e9ussie. Vous contr\u00f4lez facilement la musique \u00e0 l&#39;aide des boutons de commande ou de la t\u00e9l\u00e9commande.<\/p>\n<p><strong><br \/>Caract\u00e9ristiques :<\/strong><\/p>\n<ul>\n<li>Technologie Bluetooth (port\u00e9e 10 m)<\/li>\n<li>Capacit\u00e9s de lecture USB et SD (jusqu&#39;\u00e0 64 Go)<\/li>\n<li>\u00e9cran LED<\/li>\n<li>Puissance maximale de l&#39;enceinte : 250 W<\/li>\n<li>Batterie rechargeable avec une autonomie de 3 heures<\/li>\n<li>T\u00e9l\u00e9commande <\/li>\n<li>Fonctionnalit\u00e9 TWS<\/li>\n<li>Fonction karaok\u00e9 avec micro<\/li>\n<li>Support tr\u00e9pied r\u00e9glable<\/li>\n<li>L x P x H : 423 x 345 x 635 mm<\/li>\n<\/ul>\n<h3>C&#39;est parti pour une s\u00e9ance de karaok\u00e9<\/h3>\n<p>Envie de booster un peu la f\u00eate ? C&#39;est tout \u00e0 fait possible avec la fonction karaok\u00e9 de cette enceinte de f\u00eate. D\u00e8s que vous activez ce mode, le volume des voix diminue, ce qui vous permet de commencer un v\u00e9ritable karaok\u00e9 sur la bo\u00eete karaok\u00e9 avec micro. Vous pouvez connecter deux micros, dont un sans fil d\u00e9j\u00e0 inclus dans le kit karaok\u00e9 de cette enceinte de f\u00eate.<\/p>\n<h3>Options de lecture vari\u00e9es<\/h3>\n<p>Que vous ayez une liste de lecture partag\u00e9e sur Spotify, ou que vous souhaitiez diffuser une musique sp\u00e9cifique \u00e0 partir d&#39;une cl\u00e9 USB ou d&#39;une carte SD : c&#39;est possible avec cette enceinte portable. Connectez un appareil via Bluetooth et g\u00e9rez facilement la musique via votre smartphone ou votre ordinateur portable. Sur le panneau de l&#39;enceinte sans fil, vous trouverez toutes sortes de boutons pour g\u00e9rer la musique. Gr\u00e2ce \u00e0 la t\u00e9l\u00e9commande, vous pouvez \u00e9galement contr\u00f4ler la musique \u00e0 distance et vous n&#39;avez pas n\u00e9cessairement besoin de vous approcher de l\u2019enceinte.<\/p>\n<h3>Meilleure enceinte Bluetooth pour une f\u00eate r\u00e9ussie<\/h3>\n<p>La puissance de 250 watts de cette enceinte Bluetooth offre un volume suffisant pour qu&#39;un groupe important de personnes puisse profiter de la musique. Vous voulez encore plus de son ou qu&#39;il provienne de diff\u00e9rents angles ? Alors, vous pouvez facilement coupler deux de ces enceintes bluetooth gr\u00e2ce \u00e0 la fonction TWS. L&#39;enceinte de f\u00eate est dot\u00e9e d&#39;une batterie rechargeable qui offre jusqu&#39;\u00e0 3 heures d&#39;autonomie, de sorte que vous n&#39;avez pas toujours besoin d&#39;alimenter l\u2019enceinte. L&#39;enceinte sans fil se pr\u00e9sente sous la forme d&#39;un trolley et est facile \u00e0 d\u00e9placer. Gr\u00e2ce au support tr\u00e9pied r\u00e9glable, vous installez toujours la party box au bon endroit.<\/p>\n<p><strong><br \/>Inclus :<\/strong><\/p>\n<ul>\n<li>Enceinte de f\u00eate bluetooth Caliber Party-Large HPA605BT<\/li>\n<li>T\u00e9l\u00e9commande<\/li>\n<li>Micro sans fil<\/li>\n<li>Support\n<\/p>\n<\/li>\n<\/ul>\n","protected":false},"excerpt":{"rendered":"<p>Cette enceinte Bluetooth Caliber Party-Large HPA605BT est id\u00e9ale pour les f\u00eates. Gr\u00e2ce au micro sans fil et \u00e0 la fonction karaok\u00e9 incluse, vous disposez instantan\u00e9ment d&#39;un \u00e9quipement de karaok\u00e9. Connectez facilement votre smartphone ou votre ordinateur portable \u00e0 l\u2019enceinte via bluetooth et d\u00e9placez l&#39;appareil jusqu&#39;\u00e0 10 m\u00e8tres de distance. Vous pouvez \u00e9galement lire de la [&hellip;]<\/p>\n","protected":false},"featured_media":842713,"template":"","meta":{"_acf_changed":false,"site-sidebar-layout":"default","site-content-layout":"","ast-site-content-layout":"default","site-content-style":"default","site-sidebar-style":"default","ast-global-header-display":"","ast-banner-title-visibility":"","ast-main-header-display":"","ast-hfb-above-header-display":"","ast-hfb-below-header-display":"","ast-hfb-mobile-header-display":"","site-post-title":"","ast-breadcrumbs-content":"","ast-featured-img":"","footer-sml-layout":"","theme-transparent-header-meta":"","adv-header-id-meta":"","stick-header-meta":"","header-above-stick-meta":"","header-main-stick-meta":"","header-below-stick-meta":"","astra-migrate-meta-layouts":"default","ast-page-background-enabled":"default","ast-page-background-meta":{"desktop":{"background-color":"","background-image":"","background-repeat":"repeat","background-position":"center center","background-size":"auto","background-attachment":"scroll","background-type":"","background-media":"","overlay-type":"","overlay-color":"","overlay-opacity":"","overlay-gradient":""},"tablet":{"background-color":"","background-image":"","background-repeat":"repeat","background-position":"center center","background-size":"auto","background-attachment":"scroll","background-type":"","background-media":"","overlay-type":"","overlay-color":"","overlay-opacity":"","overlay-gradient":""},"mobile":{"background-color":"","background-image":"","background-repeat":"repeat","background-position":"center center","background-size":"auto","background-attachment":"scroll","background-type":"","background-media":"","overlay-type":"","overlay-color":"","overlay-opacity":"","overlay-gradient":""}},"ast-content-background-meta":{"desktop":{"background-color":"var(--ast-global-color-5)","background-image":"","background-repeat":"repeat","background-position":"center center","background-size":"auto","background-attachment":"scroll","background-type":"","background-media":"","overlay-type":"","overlay-color":"","overlay-opacity":"","overlay-gradient":""},"tablet":{"background-color":"var(--ast-global-color-5)","background-image":"","background-repeat":"repeat","background-position":"center center","background-size":"auto","background-attachment":"scroll","background-type":"","background-media":"","overlay-type":"","overlay-color":"","overlay-opacity":"","overlay-gradient":""},"mobile":{"background-color":"var(--ast-global-color-5)","background-image":"","background-repeat":"repeat","background-position":"center center","background-size":"auto","background-attachment":"scroll","background-type":"","background-media":"","overlay-type":"","overlay-color":"","overlay-opacity":"","overlay-gradient":""}}},"product_brand":[],"product_cat":[22955],"product_tag":[],"class_list":{"0":"post-476608","1":"product","2":"type-product","3":"status-publish","4":"has-post-thumbnail","6":"product_cat-pas-de-categorie","7":"desktop-align-center","8":"tablet-align-center","9":"mobile-align-center","10":"ast-product-gallery-layout-horizontal","11":"ast-product-tabs-layout-horizontal","13":"first","14":"outofstock","15":"taxable","16":"shipping-taxable","17":"purchasable","18":"product-type-simple"},"acf":[],"yoast_head":"<!-- This site is optimized with the Yoast SEO plugin v26.5 - https:\/\/yoast.com\/wordpress\/plugins\/seo\/ -->\n<title>Enceinte Bluetooth trolley \u00ab Party \u00bb - Ensemble karaok\u00e9 - 250 Watts - T\u00e9l\u00e9commande et Support Inclus (HPA605BT) - Caliber Europe B.V.<\/title>\n<meta name=\"robots\" content=\"noindex, follow, max-snippet:-1, max-image-preview:large, max-video-preview:-1\" \/>\n<meta property=\"og:locale\" content=\"fr_FR\" \/>\n<meta property=\"og:type\" content=\"article\" \/>\n<meta property=\"og:title\" content=\"Enceinte Bluetooth trolley \u00ab Party \u00bb - Ensemble karaok\u00e9 - 250 Watts - T\u00e9l\u00e9commande et Support Inclus (HPA605BT) - Caliber Europe B.V.\" \/>\n<meta property=\"og:description\" content=\"Cette enceinte Bluetooth Caliber Party-Large HPA605BT est id\u00e9ale pour les f\u00eates. Gr\u00e2ce au micro sans fil et \u00e0 la fonction karaok\u00e9 incluse, vous disposez instantan\u00e9ment d&#039;un \u00e9quipement de karaok\u00e9. Connectez facilement votre smartphone ou votre ordinateur portable \u00e0 l\u2019enceinte via bluetooth et d\u00e9placez l&#039;appareil jusqu&#039;\u00e0 10 m\u00e8tres de distance. Vous pouvez \u00e9galement lire de la [&hellip;]\" \/>\n<meta property=\"og:url\" content=\"https:\/\/b2b.calibereurope.com\/fr\/produit\/hpa605bt-fr_fr\/\" \/>\n<meta property=\"og:site_name\" content=\"Caliber Europe B.V.\" \/>\n<meta property=\"article:modified_time\" content=\"2025-06-16T12:44:18+00:00\" \/>\n<meta property=\"og:image\" content=\"https:\/\/b2b.calibereurope.com\/wp-content\/uploads\/2021\/11\/3bee301bcb725345041e0070a621e3eb683ef9ae_HPA605BT.jpg\" \/>\n\t<meta property=\"og:image:width\" content=\"1024\" \/>\n\t<meta property=\"og:image:height\" content=\"768\" \/>\n\t<meta property=\"og:image:type\" content=\"image\/jpeg\" \/>\n<meta name=\"twitter:card\" content=\"summary_large_image\" \/>\n<meta name=\"twitter:label1\" content=\"Dur\u00e9e de lecture estim\u00e9e\" \/>\n\t<meta name=\"twitter:data1\" content=\"2 minutes\" \/>\n<script type=\"application\/ld+json\" class=\"yoast-schema-graph\">{\"@context\":\"https:\/\/schema.org\",\"@graph\":[{\"@type\":\"WebPage\",\"@id\":\"https:\/\/b2b.calibereurope.com\/fr\/produit\/hpa605bt-fr_fr\/\",\"url\":\"https:\/\/b2b.calibereurope.com\/fr\/produit\/hpa605bt-fr_fr\/\",\"name\":\"Enceinte Bluetooth trolley \u00ab Party \u00bb - Ensemble karaok\u00e9 - 250 Watts - T\u00e9l\u00e9commande et Support Inclus (HPA605BT) - Caliber Europe B.V.\",\"isPartOf\":{\"@id\":\"https:\/\/b2b.calibereurope.com\/#website\"},\"primaryImageOfPage\":{\"@id\":\"https:\/\/b2b.calibereurope.com\/fr\/produit\/hpa605bt-fr_fr\/#primaryimage\"},\"image\":{\"@id\":\"https:\/\/b2b.calibereurope.com\/fr\/produit\/hpa605bt-fr_fr\/#primaryimage\"},\"thumbnailUrl\":\"https:\/\/b2b.calibereurope.com\/wp-content\/uploads\/2024\/03\/3aabfc5e37c8df2c75e69c2bfe9cf50968e98aad_HPA605BT.jpg\",\"datePublished\":\"2024-03-13T00:00:00+00:00\",\"dateModified\":\"2025-06-16T12:44:18+00:00\",\"breadcrumb\":{\"@id\":\"https:\/\/b2b.calibereurope.com\/fr\/produit\/hpa605bt-fr_fr\/#breadcrumb\"},\"inLanguage\":\"fr-FR\",\"potentialAction\":[{\"@type\":\"ReadAction\",\"target\":[\"https:\/\/b2b.calibereurope.com\/fr\/produit\/hpa605bt-fr_fr\/\"]}]},{\"@type\":\"ImageObject\",\"inLanguage\":\"fr-FR\",\"@id\":\"https:\/\/b2b.calibereurope.com\/fr\/produit\/hpa605bt-fr_fr\/#primaryimage\",\"url\":\"https:\/\/b2b.calibereurope.com\/wp-content\/uploads\/2024\/03\/3aabfc5e37c8df2c75e69c2bfe9cf50968e98aad_HPA605BT.jpg\",\"contentUrl\":\"https:\/\/b2b.calibereurope.com\/wp-content\/uploads\/2024\/03\/3aabfc5e37c8df2c75e69c2bfe9cf50968e98aad_HPA605BT.jpg\",\"width\":1024,\"height\":768},{\"@type\":\"BreadcrumbList\",\"@id\":\"https:\/\/b2b.calibereurope.com\/fr\/produit\/hpa605bt-fr_fr\/#breadcrumb\",\"itemListElement\":[{\"@type\":\"ListItem\",\"position\":1,\"name\":\"Home\",\"item\":\"https:\/\/b2b.calibereurope.com\/fr\/home\/\"},{\"@type\":\"ListItem\",\"position\":2,\"name\":\"Boutique\",\"item\":\"https:\/\/b2b.calibereurope.com\/fr\/boutique\/\"},{\"@type\":\"ListItem\",\"position\":3,\"name\":\"Haut-parleur trolley Bluetooth &#8211; Avec batterie microphone (HPA605BT)\"}]},{\"@type\":\"WebSite\",\"@id\":\"https:\/\/b2b.calibereurope.com\/#website\",\"url\":\"https:\/\/b2b.calibereurope.com\/\",\"name\":\"Caliber Europe B.V.\",\"description\":\"B2B Webshop\",\"publisher\":{\"@id\":\"https:\/\/b2b.calibereurope.com\/#organization\"},\"potentialAction\":[{\"@type\":\"SearchAction\",\"target\":{\"@type\":\"EntryPoint\",\"urlTemplate\":\"https:\/\/b2b.calibereurope.com\/?s={search_term_string}\"},\"query-input\":{\"@type\":\"PropertyValueSpecification\",\"valueRequired\":true,\"valueName\":\"search_term_string\"}}],\"inLanguage\":\"fr-FR\"},{\"@type\":\"Organization\",\"@id\":\"https:\/\/b2b.calibereurope.com\/#organization\",\"name\":\"Caliber Europe B.V.\",\"url\":\"https:\/\/b2b.calibereurope.com\/\",\"logo\":{\"@type\":\"ImageObject\",\"inLanguage\":\"fr-FR\",\"@id\":\"https:\/\/b2b.calibereurope.com\/#\/schema\/logo\/image\/\",\"url\":\"https:\/\/b2b.calibereurope.com\/wp-content\/uploads\/2020\/12\/Caliber_Logo-Black.png\",\"contentUrl\":\"https:\/\/b2b.calibereurope.com\/wp-content\/uploads\/2020\/12\/Caliber_Logo-Black.png\",\"width\":3157,\"height\":356,\"caption\":\"Caliber Europe B.V.\"},\"image\":{\"@id\":\"https:\/\/b2b.calibereurope.com\/#\/schema\/logo\/image\/\"}}]}<\/script>\n<!-- \/ Yoast SEO plugin. -->","yoast_head_json":{"title":"Enceinte Bluetooth trolley \u00ab Party \u00bb - Ensemble karaok\u00e9 - 250 Watts - T\u00e9l\u00e9commande et Support Inclus (HPA605BT) - Caliber Europe B.V.","robots":{"index":"noindex","follow":"follow","max-snippet":"max-snippet:-1","max-image-preview":"max-image-preview:large","max-video-preview":"max-video-preview:-1"},"og_locale":"fr_FR","og_type":"article","og_title":"Enceinte Bluetooth trolley \u00ab Party \u00bb - Ensemble karaok\u00e9 - 250 Watts - T\u00e9l\u00e9commande et Support Inclus (HPA605BT) - Caliber Europe B.V.","og_description":"Cette enceinte Bluetooth Caliber Party-Large HPA605BT est id\u00e9ale pour les f\u00eates. Gr\u00e2ce au micro sans fil et \u00e0 la fonction karaok\u00e9 incluse, vous disposez instantan\u00e9ment d&#39;un \u00e9quipement de karaok\u00e9. Connectez facilement votre smartphone ou votre ordinateur portable \u00e0 l\u2019enceinte via bluetooth et d\u00e9placez l&#39;appareil jusqu&#39;\u00e0 10 m\u00e8tres de distance. Vous pouvez \u00e9galement lire de la [&hellip;]","og_url":"https:\/\/b2b.calibereurope.com\/fr\/produit\/hpa605bt-fr_fr\/","og_site_name":"Caliber Europe B.V.","article_modified_time":"2025-06-16T12:44:18+00:00","og_image":[{"width":1024,"height":768,"url":"https:\/\/b2b.calibereurope.com\/wp-content\/uploads\/2021\/11\/3bee301bcb725345041e0070a621e3eb683ef9ae_HPA605BT.jpg","type":"image\/jpeg"}],"twitter_card":"summary_large_image","twitter_misc":{"Dur\u00e9e de lecture estim\u00e9e":"2 minutes"},"schema":{"@context":"https:\/\/schema.org","@graph":[{"@type":"WebPage","@id":"https:\/\/b2b.calibereurope.com\/fr\/produit\/hpa605bt-fr_fr\/","url":"https:\/\/b2b.calibereurope.com\/fr\/produit\/hpa605bt-fr_fr\/","name":"Enceinte Bluetooth trolley \u00ab Party \u00bb - Ensemble karaok\u00e9 - 250 Watts - T\u00e9l\u00e9commande et Support Inclus (HPA605BT) - Caliber Europe B.V.","isPartOf":{"@id":"https:\/\/b2b.calibereurope.com\/#website"},"primaryImageOfPage":{"@id":"https:\/\/b2b.calibereurope.com\/fr\/produit\/hpa605bt-fr_fr\/#primaryimage"},"image":{"@id":"https:\/\/b2b.calibereurope.com\/fr\/produit\/hpa605bt-fr_fr\/#primaryimage"},"thumbnailUrl":"https:\/\/b2b.calibereurope.com\/wp-content\/uploads\/2024\/03\/3aabfc5e37c8df2c75e69c2bfe9cf50968e98aad_HPA605BT.jpg","datePublished":"2024-03-13T00:00:00+00:00","dateModified":"2025-06-16T12:44:18+00:00","breadcrumb":{"@id":"https:\/\/b2b.calibereurope.com\/fr\/produit\/hpa605bt-fr_fr\/#breadcrumb"},"inLanguage":"fr-FR","potentialAction":[{"@type":"ReadAction","target":["https:\/\/b2b.calibereurope.com\/fr\/produit\/hpa605bt-fr_fr\/"]}]},{"@type":"ImageObject","inLanguage":"fr-FR","@id":"https:\/\/b2b.calibereurope.com\/fr\/produit\/hpa605bt-fr_fr\/#primaryimage","url":"https:\/\/b2b.calibereurope.com\/wp-content\/uploads\/2024\/03\/3aabfc5e37c8df2c75e69c2bfe9cf50968e98aad_HPA605BT.jpg","contentUrl":"https:\/\/b2b.calibereurope.com\/wp-content\/uploads\/2024\/03\/3aabfc5e37c8df2c75e69c2bfe9cf50968e98aad_HPA605BT.jpg","width":1024,"height":768},{"@type":"BreadcrumbList","@id":"https:\/\/b2b.calibereurope.com\/fr\/produit\/hpa605bt-fr_fr\/#breadcrumb","itemListElement":[{"@type":"ListItem","position":1,"name":"Home","item":"https:\/\/b2b.calibereurope.com\/fr\/home\/"},{"@type":"ListItem","position":2,"name":"Boutique","item":"https:\/\/b2b.calibereurope.com\/fr\/boutique\/"},{"@type":"ListItem","position":3,"name":"Haut-parleur trolley Bluetooth &#8211; Avec batterie microphone (HPA605BT)"}]},{"@type":"WebSite","@id":"https:\/\/b2b.calibereurope.com\/#website","url":"https:\/\/b2b.calibereurope.com\/","name":"Caliber Europe B.V.","description":"B2B Webshop","publisher":{"@id":"https:\/\/b2b.calibereurope.com\/#organization"},"potentialAction":[{"@type":"SearchAction","target":{"@type":"EntryPoint","urlTemplate":"https:\/\/b2b.calibereurope.com\/?s={search_term_string}"},"query-input":{"@type":"PropertyValueSpecification","valueRequired":true,"valueName":"search_term_string"}}],"inLanguage":"fr-FR"},{"@type":"Organization","@id":"https:\/\/b2b.calibereurope.com\/#organization","name":"Caliber Europe B.V.","url":"https:\/\/b2b.calibereurope.com\/","logo":{"@type":"ImageObject","inLanguage":"fr-FR","@id":"https:\/\/b2b.calibereurope.com\/#\/schema\/logo\/image\/","url":"https:\/\/b2b.calibereurope.com\/wp-content\/uploads\/2020\/12\/Caliber_Logo-Black.png","contentUrl":"https:\/\/b2b.calibereurope.com\/wp-content\/uploads\/2020\/12\/Caliber_Logo-Black.png","width":3157,"height":356,"caption":"Caliber Europe B.V."},"image":{"@id":"https:\/\/b2b.calibereurope.com\/#\/schema\/logo\/image\/"}}]}},"_links":{"self":[{"href":"https:\/\/b2b.calibereurope.com\/fr\/wp-json\/wp\/v2\/product\/476608","targetHints":{"allow":["GET"]}}],"collection":[{"href":"https:\/\/b2b.calibereurope.com\/fr\/wp-json\/wp\/v2\/product"}],"about":[{"href":"https:\/\/b2b.calibereurope.com\/fr\/wp-json\/wp\/v2\/types\/product"}],"version-history":[{"count":0,"href":"https:\/\/b2b.calibereurope.com\/fr\/wp-json\/wp\/v2\/product\/476608\/revisions"}],"wp:featuredmedia":[{"embeddable":true,"href":"https:\/\/b2b.calibereurope.com\/fr\/wp-json\/wp\/v2\/media\/842713"}],"wp:attachment":[{"href":"https:\/\/b2b.calibereurope.com\/fr\/wp-json\/wp\/v2\/media?parent=476608"}],"wp:term":[{"taxonomy":"product_brand","embeddable":true,"href":"https:\/\/b2b.calibereurope.com\/fr\/wp-json\/wp\/v2\/product_brand?post=476608"},{"taxonomy":"product_cat","embeddable":true,"href":"https:\/\/b2b.calibereurope.com\/fr\/wp-json\/wp\/v2\/product_cat?post=476608"},{"taxonomy":"product_tag","embeddable":true,"href":"https:\/\/b2b.calibereurope.com\/fr\/wp-json\/wp\/v2\/product_tag?post=476608"}],"curies":[{"name":"wp","href":"https:\/\/api.w.org\/{rel}","templated":true}]}}