{"id":476784,"date":"2025-12-04T01:00:00","date_gmt":"2025-12-04T00:00:00","guid":{"rendered":"0"},"modified":"2025-12-04T14:45:35","modified_gmt":"2025-12-04T13:45:35","slug":"PS23-fr_FR","status":"publish","type":"product","link":"https:\/\/b2b.calibereurope.com\/fr\/produit\/PS23-fr_FR\/","title":{"rendered":"Charger de voiture &#8211; Splitter de briquet de cigarette &#8211; 2x USB &#8211; 1x USB -C &#8211; 12\/24 V &#8211; Chargeur rapide (PS23)"},"content":{"rendered":"<p> Arrivez toujours \u00e0 destination avec le chargeur de voiture PS23 de Caliber dans votre voiture. Le s\u00e9parateur allume-cigare vous fournit <strong> deux portes de chargement USB <\/strong>, une avec une technologie de chargement rapide <\/strong> <strong>. Sur le chargeur de voiture, vous trouverez \u00e9galement un <strong> port USB-C <\/strong> et <strong> deux briquets de cigarettes. <\/strong> Par exemple, vous pouvez non seulement charger votre smartphone sur le chemin, mais aussi, par exemple, votre tablette. De plus, vous pouvez fournir un lecteur DVD ou une bo\u00eete cool avec de l&#39;\u00e9lectricit\u00e9 via les briquets de cigarette du chargeur de voiture, qui peuvent \u00eatre activ\u00e9s et \u00e9teints <strong> s\u00e9par\u00e9ment <\/strong>. <\/p>\n<p> <strong> Caract\u00e9ristiques: <\/strong> <\/p>\n<ul>\n<li> 2x Port de charge USB (1x qc3.0, 1x 2.4a) <l> FAST Option de charge\n<li> 1x USB-C (max 4.8a)\n<li> 2x Cigarette Light\n<li> Interrupteur ON \/ OFF par cigarette allume\n<li> 12\/24 V Connexion\n<li> Protection de surtension et de d\u00e9bordement\n<li> Court circuit Protection <L> anneau de m\u00e9tal gun <\/li>\n<\/ul>\n<h3> Une batterie compl\u00e8te <\/h3>\n<p> Avec ce chargeur de voiture, vous pouvez tourner votre allume-cigare en un instant dans un chargeur pour pas moins de 3 appareils . Par exemple, avec les deux portes de chargement USB, vous pouvez charger votre smartphone, oreilles sans fil, tablette ou bo\u00eete de musique si vous \u00eates sur la route. Via le port USB-C du chargeur de voiture, vous facturez des appareils qui ont un c\u00e2ble USB-C, comme c&#39;est le cas avec de plus en plus de smartphones Samsung. De cette fa\u00e7on, vous arrivez au bureau, sur la plage ou \u00e0 votre destination de vacances. Conduisez-vous simplement un court morceau? Ensuite, la porte de charge USB offre une solution avec une technologie de charge rapide. De cette fa\u00e7on, vous avez \u00e0 nouveau une batterie compl\u00e8te en un rien de temps. <\/p>\n<h3> Splitteur de briquet cigarette pratique <\/h3>\n<p> o\u00f9 vous pouvez normalement utiliser votre allume-cigare pour un lecteur DVD ou une bo\u00eete cool qui utilise cette nourriture, ce chargeur de voiture offre de nombreuses options. En plus des portes de chargement USB, vous n&#39;avez pas moins de deux briquets de cigarettes. Gr\u00e2ce au design intelligent, vous pouvez allumer et \u00e9teindre s\u00e9par\u00e9ment cela. Gr\u00e2ce \u00e0 la finition sabllassante, \u00e0 la bague en m\u00e9tal de pistolet et \u00e0 la couleur noire mate, le s\u00e9parateur de chargeur de voiture est \u00e9galement un ajout \u00e9l\u00e9gant \u00e0 l&#39;int\u00e9rieur de votre voiture. <\/p>\n<h3> en toute s\u00e9curit\u00e9 sur la route <\/h3>\n<p> Le s\u00e9parateur de chargeur de voiture a une protection construite contre la port\u00e9e, le d\u00e9bordement et le court-circuit. Gr\u00e2ce \u00e0 la conception intelligente, trop de puissance n&#39;est jamais n\u00e9cessaire. De cette fa\u00e7on, vous pouvez utiliser toutes les portes du distributeur de tige de cigarette et charger ce que vous voulez. <\/p>\n","protected":false},"excerpt":{"rendered":"<p>Arrivez toujours \u00e0 destination avec le chargeur de voiture PS23 de Caliber dans votre voiture. Le s\u00e9parateur allume-cigare vous fournit deux portes de chargement USB , une avec une technologie de chargement rapide . Sur le chargeur de voiture, vous trouverez \u00e9galement un port USB-C et deux briquets de cigarettes. Par exemple, vous pouvez non [&hellip;]<\/p>\n","protected":false},"featured_media":865985,"template":"","meta":{"_acf_changed":false,"site-sidebar-layout":"default","site-content-layout":"","ast-site-content-layout":"default","site-content-style":"default","site-sidebar-style":"default","ast-global-header-display":"","ast-banner-title-visibility":"","ast-main-header-display":"","ast-hfb-above-header-display":"","ast-hfb-below-header-display":"","ast-hfb-mobile-header-display":"","site-post-title":"","ast-breadcrumbs-content":"","ast-featured-img":"","footer-sml-layout":"","theme-transparent-header-meta":"","adv-header-id-meta":"","stick-header-meta":"","header-above-stick-meta":"","header-main-stick-meta":"","header-below-stick-meta":"","astra-migrate-meta-layouts":"default","ast-page-background-enabled":"default","ast-page-background-meta":{"desktop":{"background-color":"","background-image":"","background-repeat":"repeat","background-position":"center center","background-size":"auto","background-attachment":"scroll","background-type":"","background-media":"","overlay-type":"","overlay-color":"","overlay-opacity":"","overlay-gradient":""},"tablet":{"background-color":"","background-image":"","background-repeat":"repeat","background-position":"center center","background-size":"auto","background-attachment":"scroll","background-type":"","background-media":"","overlay-type":"","overlay-color":"","overlay-opacity":"","overlay-gradient":""},"mobile":{"background-color":"","background-image":"","background-repeat":"repeat","background-position":"center center","background-size":"auto","background-attachment":"scroll","background-type":"","background-media":"","overlay-type":"","overlay-color":"","overlay-opacity":"","overlay-gradient":""}},"ast-content-background-meta":{"desktop":{"background-color":"var(--ast-global-color-5)","background-image":"","background-repeat":"repeat","background-position":"center center","background-size":"auto","background-attachment":"scroll","background-type":"","background-media":"","overlay-type":"","overlay-color":"","overlay-opacity":"","overlay-gradient":""},"tablet":{"background-color":"var(--ast-global-color-5)","background-image":"","background-repeat":"repeat","background-position":"center center","background-size":"auto","background-attachment":"scroll","background-type":"","background-media":"","overlay-type":"","overlay-color":"","overlay-opacity":"","overlay-gradient":""},"mobile":{"background-color":"var(--ast-global-color-5)","background-image":"","background-repeat":"repeat","background-position":"center center","background-size":"auto","background-attachment":"scroll","background-type":"","background-media":"","overlay-type":"","overlay-color":"","overlay-opacity":"","overlay-gradient":""}}},"product_brand":[],"product_cat":[22955],"product_tag":[],"class_list":{"0":"post-476784","1":"product","2":"type-product","3":"status-publish","4":"has-post-thumbnail","6":"product_cat-pas-de-categorie","7":"desktop-align-center","8":"tablet-align-center","9":"mobile-align-center","10":"ast-product-gallery-layout-horizontal","11":"ast-product-tabs-layout-horizontal","13":"first","14":"instock","15":"taxable","16":"shipping-taxable","17":"purchasable","18":"product-type-simple"},"acf":[],"yoast_head":"<!-- This site is optimized with the Yoast SEO plugin v26.5 - https:\/\/yoast.com\/wordpress\/plugins\/seo\/ -->\n<title>Charger de voiture - Splitter de briquet de cigarette - 2x USB - 1x USB -C - 12\/24 V - Chargeur rapide (PS23) - Caliber Europe B.V.<\/title>\n<meta name=\"robots\" content=\"noindex, follow, max-snippet:-1, max-image-preview:large, max-video-preview:-1\" \/>\n<meta property=\"og:locale\" content=\"fr_FR\" \/>\n<meta property=\"og:type\" content=\"article\" \/>\n<meta property=\"og:title\" content=\"Charger de voiture - Splitter de briquet de cigarette - 2x USB - 1x USB -C - 12\/24 V - Chargeur rapide (PS23) - Caliber Europe B.V.\" \/>\n<meta property=\"og:description\" content=\"Arrivez toujours \u00e0 destination avec le chargeur de voiture PS23 de Caliber dans votre voiture. Le s\u00e9parateur allume-cigare vous fournit deux portes de chargement USB , une avec une technologie de chargement rapide . Sur le chargeur de voiture, vous trouverez \u00e9galement un port USB-C et deux briquets de cigarettes. Par exemple, vous pouvez non [&hellip;]\" \/>\n<meta property=\"og:url\" content=\"https:\/\/b2b.calibereurope.com\/fr\/produit\/ps23-fr_fr\/\" \/>\n<meta property=\"og:site_name\" content=\"Caliber Europe B.V.\" \/>\n<meta property=\"article:modified_time\" content=\"2025-12-04T13:45:35+00:00\" \/>\n<meta property=\"og:image\" content=\"https:\/\/b2b.calibereurope.com\/wp-content\/uploads\/2021\/09\/4d8551cb56a47fa0330116d30a2f072bb9158737_PS23.jpg\" \/>\n\t<meta property=\"og:image:width\" content=\"1024\" \/>\n\t<meta property=\"og:image:height\" content=\"768\" \/>\n\t<meta property=\"og:image:type\" content=\"image\/jpeg\" \/>\n<meta name=\"twitter:card\" content=\"summary_large_image\" \/>\n<meta name=\"twitter:label1\" content=\"Dur\u00e9e de lecture estim\u00e9e\" \/>\n\t<meta name=\"twitter:data1\" content=\"2 minutes\" \/>\n<script type=\"application\/ld+json\" class=\"yoast-schema-graph\">{\"@context\":\"https:\/\/schema.org\",\"@graph\":[{\"@type\":\"WebPage\",\"@id\":\"https:\/\/b2b.calibereurope.com\/fr\/produit\/ps23-fr_fr\/\",\"url\":\"https:\/\/b2b.calibereurope.com\/fr\/produit\/ps23-fr_fr\/\",\"name\":\"Charger de voiture - Splitter de briquet de cigarette - 2x USB - 1x USB -C - 12\/24 V - Chargeur rapide (PS23) - Caliber Europe B.V.\",\"isPartOf\":{\"@id\":\"https:\/\/b2b.calibereurope.com\/#website\"},\"primaryImageOfPage\":{\"@id\":\"https:\/\/b2b.calibereurope.com\/fr\/produit\/ps23-fr_fr\/#primaryimage\"},\"image\":{\"@id\":\"https:\/\/b2b.calibereurope.com\/fr\/produit\/ps23-fr_fr\/#primaryimage\"},\"thumbnailUrl\":\"https:\/\/b2b.calibereurope.com\/wp-content\/uploads\/2025\/12\/4d8551cb56a47fa0330116d30a2f072bb9158737_PS23-4.jpg\",\"datePublished\":\"2025-12-04T00:00:00+00:00\",\"dateModified\":\"2025-12-04T13:45:35+00:00\",\"breadcrumb\":{\"@id\":\"https:\/\/b2b.calibereurope.com\/fr\/produit\/ps23-fr_fr\/#breadcrumb\"},\"inLanguage\":\"fr-FR\",\"potentialAction\":[{\"@type\":\"ReadAction\",\"target\":[\"https:\/\/b2b.calibereurope.com\/fr\/produit\/ps23-fr_fr\/\"]}]},{\"@type\":\"ImageObject\",\"inLanguage\":\"fr-FR\",\"@id\":\"https:\/\/b2b.calibereurope.com\/fr\/produit\/ps23-fr_fr\/#primaryimage\",\"url\":\"https:\/\/b2b.calibereurope.com\/wp-content\/uploads\/2025\/12\/4d8551cb56a47fa0330116d30a2f072bb9158737_PS23-4.jpg\",\"contentUrl\":\"https:\/\/b2b.calibereurope.com\/wp-content\/uploads\/2025\/12\/4d8551cb56a47fa0330116d30a2f072bb9158737_PS23-4.jpg\",\"width\":1024,\"height\":768},{\"@type\":\"BreadcrumbList\",\"@id\":\"https:\/\/b2b.calibereurope.com\/fr\/produit\/ps23-fr_fr\/#breadcrumb\",\"itemListElement\":[{\"@type\":\"ListItem\",\"position\":1,\"name\":\"Home\",\"item\":\"https:\/\/b2b.calibereurope.com\/fr\/home\/\"},{\"@type\":\"ListItem\",\"position\":2,\"name\":\"Boutique\",\"item\":\"https:\/\/b2b.calibereurope.com\/fr\/boutique\/\"},{\"@type\":\"ListItem\",\"position\":3,\"name\":\"Chargeur de voiture \u00e0 2 ports &#8211; Charge rapide USB A et C (PS23)\"}]},{\"@type\":\"WebSite\",\"@id\":\"https:\/\/b2b.calibereurope.com\/#website\",\"url\":\"https:\/\/b2b.calibereurope.com\/\",\"name\":\"Caliber Europe B.V.\",\"description\":\"B2B Webshop\",\"publisher\":{\"@id\":\"https:\/\/b2b.calibereurope.com\/#organization\"},\"potentialAction\":[{\"@type\":\"SearchAction\",\"target\":{\"@type\":\"EntryPoint\",\"urlTemplate\":\"https:\/\/b2b.calibereurope.com\/?s={search_term_string}\"},\"query-input\":{\"@type\":\"PropertyValueSpecification\",\"valueRequired\":true,\"valueName\":\"search_term_string\"}}],\"inLanguage\":\"fr-FR\"},{\"@type\":\"Organization\",\"@id\":\"https:\/\/b2b.calibereurope.com\/#organization\",\"name\":\"Caliber Europe B.V.\",\"url\":\"https:\/\/b2b.calibereurope.com\/\",\"logo\":{\"@type\":\"ImageObject\",\"inLanguage\":\"fr-FR\",\"@id\":\"https:\/\/b2b.calibereurope.com\/#\/schema\/logo\/image\/\",\"url\":\"https:\/\/b2b.calibereurope.com\/wp-content\/uploads\/2020\/12\/Caliber_Logo-Black.png\",\"contentUrl\":\"https:\/\/b2b.calibereurope.com\/wp-content\/uploads\/2020\/12\/Caliber_Logo-Black.png\",\"width\":3157,\"height\":356,\"caption\":\"Caliber Europe B.V.\"},\"image\":{\"@id\":\"https:\/\/b2b.calibereurope.com\/#\/schema\/logo\/image\/\"}}]}<\/script>\n<!-- \/ Yoast SEO plugin. -->","yoast_head_json":{"title":"Charger de voiture - Splitter de briquet de cigarette - 2x USB - 1x USB -C - 12\/24 V - Chargeur rapide (PS23) - Caliber Europe B.V.","robots":{"index":"noindex","follow":"follow","max-snippet":"max-snippet:-1","max-image-preview":"max-image-preview:large","max-video-preview":"max-video-preview:-1"},"og_locale":"fr_FR","og_type":"article","og_title":"Charger de voiture - Splitter de briquet de cigarette - 2x USB - 1x USB -C - 12\/24 V - Chargeur rapide (PS23) - Caliber Europe B.V.","og_description":"Arrivez toujours \u00e0 destination avec le chargeur de voiture PS23 de Caliber dans votre voiture. Le s\u00e9parateur allume-cigare vous fournit deux portes de chargement USB , une avec une technologie de chargement rapide . Sur le chargeur de voiture, vous trouverez \u00e9galement un port USB-C et deux briquets de cigarettes. Par exemple, vous pouvez non [&hellip;]","og_url":"https:\/\/b2b.calibereurope.com\/fr\/produit\/ps23-fr_fr\/","og_site_name":"Caliber Europe B.V.","article_modified_time":"2025-12-04T13:45:35+00:00","og_image":[{"width":1024,"height":768,"url":"https:\/\/b2b.calibereurope.com\/wp-content\/uploads\/2021\/09\/4d8551cb56a47fa0330116d30a2f072bb9158737_PS23.jpg","type":"image\/jpeg"}],"twitter_card":"summary_large_image","twitter_misc":{"Dur\u00e9e de lecture estim\u00e9e":"2 minutes"},"schema":{"@context":"https:\/\/schema.org","@graph":[{"@type":"WebPage","@id":"https:\/\/b2b.calibereurope.com\/fr\/produit\/ps23-fr_fr\/","url":"https:\/\/b2b.calibereurope.com\/fr\/produit\/ps23-fr_fr\/","name":"Charger de voiture - Splitter de briquet de cigarette - 2x USB - 1x USB -C - 12\/24 V - Chargeur rapide (PS23) - Caliber Europe B.V.","isPartOf":{"@id":"https:\/\/b2b.calibereurope.com\/#website"},"primaryImageOfPage":{"@id":"https:\/\/b2b.calibereurope.com\/fr\/produit\/ps23-fr_fr\/#primaryimage"},"image":{"@id":"https:\/\/b2b.calibereurope.com\/fr\/produit\/ps23-fr_fr\/#primaryimage"},"thumbnailUrl":"https:\/\/b2b.calibereurope.com\/wp-content\/uploads\/2025\/12\/4d8551cb56a47fa0330116d30a2f072bb9158737_PS23-4.jpg","datePublished":"2025-12-04T00:00:00+00:00","dateModified":"2025-12-04T13:45:35+00:00","breadcrumb":{"@id":"https:\/\/b2b.calibereurope.com\/fr\/produit\/ps23-fr_fr\/#breadcrumb"},"inLanguage":"fr-FR","potentialAction":[{"@type":"ReadAction","target":["https:\/\/b2b.calibereurope.com\/fr\/produit\/ps23-fr_fr\/"]}]},{"@type":"ImageObject","inLanguage":"fr-FR","@id":"https:\/\/b2b.calibereurope.com\/fr\/produit\/ps23-fr_fr\/#primaryimage","url":"https:\/\/b2b.calibereurope.com\/wp-content\/uploads\/2025\/12\/4d8551cb56a47fa0330116d30a2f072bb9158737_PS23-4.jpg","contentUrl":"https:\/\/b2b.calibereurope.com\/wp-content\/uploads\/2025\/12\/4d8551cb56a47fa0330116d30a2f072bb9158737_PS23-4.jpg","width":1024,"height":768},{"@type":"BreadcrumbList","@id":"https:\/\/b2b.calibereurope.com\/fr\/produit\/ps23-fr_fr\/#breadcrumb","itemListElement":[{"@type":"ListItem","position":1,"name":"Home","item":"https:\/\/b2b.calibereurope.com\/fr\/home\/"},{"@type":"ListItem","position":2,"name":"Boutique","item":"https:\/\/b2b.calibereurope.com\/fr\/boutique\/"},{"@type":"ListItem","position":3,"name":"Chargeur de voiture \u00e0 2 ports &#8211; Charge rapide USB A et C (PS23)"}]},{"@type":"WebSite","@id":"https:\/\/b2b.calibereurope.com\/#website","url":"https:\/\/b2b.calibereurope.com\/","name":"Caliber Europe B.V.","description":"B2B Webshop","publisher":{"@id":"https:\/\/b2b.calibereurope.com\/#organization"},"potentialAction":[{"@type":"SearchAction","target":{"@type":"EntryPoint","urlTemplate":"https:\/\/b2b.calibereurope.com\/?s={search_term_string}"},"query-input":{"@type":"PropertyValueSpecification","valueRequired":true,"valueName":"search_term_string"}}],"inLanguage":"fr-FR"},{"@type":"Organization","@id":"https:\/\/b2b.calibereurope.com\/#organization","name":"Caliber Europe B.V.","url":"https:\/\/b2b.calibereurope.com\/","logo":{"@type":"ImageObject","inLanguage":"fr-FR","@id":"https:\/\/b2b.calibereurope.com\/#\/schema\/logo\/image\/","url":"https:\/\/b2b.calibereurope.com\/wp-content\/uploads\/2020\/12\/Caliber_Logo-Black.png","contentUrl":"https:\/\/b2b.calibereurope.com\/wp-content\/uploads\/2020\/12\/Caliber_Logo-Black.png","width":3157,"height":356,"caption":"Caliber Europe B.V."},"image":{"@id":"https:\/\/b2b.calibereurope.com\/#\/schema\/logo\/image\/"}}]}},"_links":{"self":[{"href":"https:\/\/b2b.calibereurope.com\/fr\/wp-json\/wp\/v2\/product\/476784","targetHints":{"allow":["GET"]}}],"collection":[{"href":"https:\/\/b2b.calibereurope.com\/fr\/wp-json\/wp\/v2\/product"}],"about":[{"href":"https:\/\/b2b.calibereurope.com\/fr\/wp-json\/wp\/v2\/types\/product"}],"version-history":[{"count":0,"href":"https:\/\/b2b.calibereurope.com\/fr\/wp-json\/wp\/v2\/product\/476784\/revisions"}],"wp:featuredmedia":[{"embeddable":true,"href":"https:\/\/b2b.calibereurope.com\/fr\/wp-json\/wp\/v2\/media\/865985"}],"wp:attachment":[{"href":"https:\/\/b2b.calibereurope.com\/fr\/wp-json\/wp\/v2\/media?parent=476784"}],"wp:term":[{"taxonomy":"product_brand","embeddable":true,"href":"https:\/\/b2b.calibereurope.com\/fr\/wp-json\/wp\/v2\/product_brand?post=476784"},{"taxonomy":"product_cat","embeddable":true,"href":"https:\/\/b2b.calibereurope.com\/fr\/wp-json\/wp\/v2\/product_cat?post=476784"},{"taxonomy":"product_tag","embeddable":true,"href":"https:\/\/b2b.calibereurope.com\/fr\/wp-json\/wp\/v2\/product_tag?post=476784"}],"curies":[{"name":"wp","href":"https:\/\/api.w.org\/{rel}","templated":true}]}}