{"id":477532,"date":"2023-07-04T02:00:00","date_gmt":"2023-07-04T00:00:00","guid":{"rendered":""},"modified":"2025-04-01T19:07:20","modified_gmt":"2025-04-01T17:07:20","slug":"RCD120DAB-BT-fr_FR","status":"publish","type":"product","link":"https:\/\/b2b.calibereurope.com\/fr\/produit\/RCD120DAB-BT-fr_FR\/","title":{"rendered":"Autoradio Bluetooth, Lecteur CD, Radio DAB+ et FM &#8211; USB &#8211; 1 DIN &#8211; Design R\u00e9tro Chrom\u00e9 (RCD120DAB-BT)"},"content":{"rendered":"<p> Optez pour un look r\u00e9tro avec l&#39;autoradio Bluetooth Caliber RCD120DAB-BT. . L&#39;autoradio r\u00e9tro dispose d\u2019un <strong> bo\u00eetier chrom\u00e9 <\/strong>. Malgr\u00e9 son look r\u00e9tro, cet autoradio dispose de tous les gadgets que vous attendez d&#39;un autoradio. <strong>1 DIN<\/strong> moderne. Par exemple, vous pouvez profite.  <strong> d&#39;une bonne qualit\u00e9 sonore gr\u00e2ce \u00e0 la radio DAB+.<\/strong> En outre, vous pouvez s\u00e9lectionner jusqu&#39;\u00e0 <strong>18 stations FM et 18 stations DAB+ pr\u00e9r\u00e9gl\u00e9es <\/strong>. Vous voulez faire jouer votre propre musique? C&#39;est \u00e9galement possible via <strong> Bluetooth, les entr\u00e9es USB et AUX, le lecteur CD ou la carte SD <\/strong>. <strong> Les appels mains libres <\/strong> sont \u00e9galement possibles gr\u00e2ce au <strong> kit mains libres.<\/strong> <\/p>\n<p> <strong> Caract\u00e9ristiques : <\/strong> <\/p>\n<ul>\n<li> Look r\u00e9tro\n<li> Tuner FM et DAB+\n<li> Bluetooth, CD, AUX, USB et SD\n<li> Lecture MP3 et WMA et ID3-Tag\n<li> Face avant d\u00e9tachable\n<li>Appels mains libres avec le micro\n<li>18 stations FM et 18 DAB+ pr\u00e9r\u00e9gl\u00e9es\n<li> Profondeur d&#39;encastrement 165 mm\n<li> Couleur chrome\n<li> Puissance 4&#215;75 watts <\/li>\n<\/ul>\n<h3> Autoradio Bluetooth r\u00e9tro, gadgets modernes <\/h3>\n<p> Cet autoradio Bluetooth a un design r\u00e9tro, mais est \u00e9quip\u00e9 de toutes les technologies modernes. Par exemple, vous pouvez passer des appels en mains libres gr\u00e2ce au kit de voiture mains libres avec le micro externe inclus. Vous pouvez \u00e9couter votre musique pr\u00e9f\u00e9r\u00e9e via Bluetooth, USB, lecteur CD ou via l&#39;entr\u00e9e AUX et le lecteur de carte SD<\/p>\n<h3> Autoradio Bluetooth avec DAB+ <\/h3>\n<p> L&#39;autoradio est \u00e9quip\u00e9 du syst\u00e8me DAB+. Cela garantit un son d\u00e9fini et agr\u00e9able. Contrairement \u00e0 un autoradio FM, un autoradio DAB+ a une meilleure r\u00e9ception. Par cons\u00e9quent, vous souffrez moins du bruit. C&#39;est aussi ce qui fait que les radios DAB+ sont de plus en plus populaires ces derni\u00e8res ann\u00e9es. Vous pourrez toujours profiter de votre musique pr\u00e9f\u00e9r\u00e9e avec cet autoradio gr\u00e2ce \u00e0 son son de haute qualit\u00e9 !  <\/p>\n<h3> Autoradio Bluetooth puissant <\/h3>\n<p> Cet autoradio avec USB et Bluetooth a une puissance maximale de 4 x 75 watts, ce qui garantit un son puissant dans la voiture. La profondeur d&#39;installation de cet autoradio 1 DIN est de 165 millim\u00e8tres. Il s&#39;agit d&#39;une taille standard, ce qui permet d&#39;installer facilement l&#39;autoradio avec Bluetooth dans presque toutes les voitures <\/p>\n<p> <strong>Inclus :<\/strong> <\/p>\n<ul>\n<li>Autoradio Caliber RCD120DAB-BT\n<li> Antenne DAB+\n<li> Kit voiture mains libres <\/li>\n<\/ul>\n","protected":false},"excerpt":{"rendered":"<p>Optez pour un look r\u00e9tro avec l&#39;autoradio Bluetooth Caliber RCD120DAB-BT. . L&#39;autoradio r\u00e9tro dispose d\u2019un bo\u00eetier chrom\u00e9 . Malgr\u00e9 son look r\u00e9tro, cet autoradio dispose de tous les gadgets que vous attendez d&#39;un autoradio. 1 DIN moderne. Par exemple, vous pouvez profite. d&#39;une bonne qualit\u00e9 sonore gr\u00e2ce \u00e0 la radio DAB+. En outre, vous pouvez [&hellip;]<\/p>\n","protected":false},"featured_media":828037,"template":"","meta":{"_acf_changed":false,"site-sidebar-layout":"default","site-content-layout":"","ast-site-content-layout":"default","site-content-style":"default","site-sidebar-style":"default","ast-global-header-display":"","ast-banner-title-visibility":"","ast-main-header-display":"","ast-hfb-above-header-display":"","ast-hfb-below-header-display":"","ast-hfb-mobile-header-display":"","site-post-title":"","ast-breadcrumbs-content":"","ast-featured-img":"","footer-sml-layout":"","theme-transparent-header-meta":"","adv-header-id-meta":"","stick-header-meta":"","header-above-stick-meta":"","header-main-stick-meta":"","header-below-stick-meta":"","astra-migrate-meta-layouts":"default","ast-page-background-enabled":"default","ast-page-background-meta":{"desktop":{"background-color":"","background-image":"","background-repeat":"repeat","background-position":"center center","background-size":"auto","background-attachment":"scroll","background-type":"","background-media":"","overlay-type":"","overlay-color":"","overlay-opacity":"","overlay-gradient":""},"tablet":{"background-color":"","background-image":"","background-repeat":"repeat","background-position":"center center","background-size":"auto","background-attachment":"scroll","background-type":"","background-media":"","overlay-type":"","overlay-color":"","overlay-opacity":"","overlay-gradient":""},"mobile":{"background-color":"","background-image":"","background-repeat":"repeat","background-position":"center center","background-size":"auto","background-attachment":"scroll","background-type":"","background-media":"","overlay-type":"","overlay-color":"","overlay-opacity":"","overlay-gradient":""}},"ast-content-background-meta":{"desktop":{"background-color":"var(--ast-global-color-5)","background-image":"","background-repeat":"repeat","background-position":"center center","background-size":"auto","background-attachment":"scroll","background-type":"","background-media":"","overlay-type":"","overlay-color":"","overlay-opacity":"","overlay-gradient":""},"tablet":{"background-color":"var(--ast-global-color-5)","background-image":"","background-repeat":"repeat","background-position":"center center","background-size":"auto","background-attachment":"scroll","background-type":"","background-media":"","overlay-type":"","overlay-color":"","overlay-opacity":"","overlay-gradient":""},"mobile":{"background-color":"var(--ast-global-color-5)","background-image":"","background-repeat":"repeat","background-position":"center center","background-size":"auto","background-attachment":"scroll","background-type":"","background-media":"","overlay-type":"","overlay-color":"","overlay-opacity":"","overlay-gradient":""}}},"product_brand":[],"product_cat":[22955],"product_tag":[],"class_list":{"0":"post-477532","1":"product","2":"type-product","3":"status-publish","4":"has-post-thumbnail","6":"product_cat-pas-de-categorie","7":"desktop-align-center","8":"tablet-align-center","9":"mobile-align-center","10":"ast-product-gallery-layout-horizontal","11":"ast-product-tabs-layout-horizontal","13":"first","14":"outofstock","15":"taxable","16":"shipping-taxable","17":"purchasable","18":"product-type-simple"},"acf":[],"yoast_head":"<!-- This site is optimized with the Yoast SEO plugin v26.5 - https:\/\/yoast.com\/wordpress\/plugins\/seo\/ -->\n<title>Autoradio Bluetooth, Lecteur CD, Radio DAB+ et FM - USB - 1 DIN - Design R\u00e9tro Chrom\u00e9 (RCD120DAB-BT) - Caliber Europe B.V.<\/title>\n<meta name=\"robots\" content=\"noindex, follow, max-snippet:-1, max-image-preview:large, max-video-preview:-1\" \/>\n<meta property=\"og:locale\" content=\"fr_FR\" \/>\n<meta property=\"og:type\" content=\"article\" \/>\n<meta property=\"og:title\" content=\"Autoradio Bluetooth, Lecteur CD, Radio DAB+ et FM - USB - 1 DIN - Design R\u00e9tro Chrom\u00e9 (RCD120DAB-BT) - Caliber Europe B.V.\" \/>\n<meta property=\"og:description\" content=\"Optez pour un look r\u00e9tro avec l&#039;autoradio Bluetooth Caliber RCD120DAB-BT. . L&#039;autoradio r\u00e9tro dispose d\u2019un bo\u00eetier chrom\u00e9 . Malgr\u00e9 son look r\u00e9tro, cet autoradio dispose de tous les gadgets que vous attendez d&#039;un autoradio. 1 DIN moderne. Par exemple, vous pouvez profite. d&#039;une bonne qualit\u00e9 sonore gr\u00e2ce \u00e0 la radio DAB+. En outre, vous pouvez [&hellip;]\" \/>\n<meta property=\"og:url\" content=\"https:\/\/b2b.calibereurope.com\/fr\/produit\/rcd120dab-bt-fr_fr\/\" \/>\n<meta property=\"og:site_name\" content=\"Caliber Europe B.V.\" \/>\n<meta property=\"article:modified_time\" content=\"2025-04-01T17:07:20+00:00\" \/>\n<meta property=\"og:image\" content=\"https:\/\/b2b.calibereurope.com\/wp-content\/uploads\/2021\/11\/17afe50236684985aeda29e18495568e8398c322_RCD120DAB_BT_mic.jpg\" \/>\n\t<meta property=\"og:image:width\" content=\"1024\" \/>\n\t<meta property=\"og:image:height\" content=\"768\" \/>\n\t<meta property=\"og:image:type\" content=\"image\/jpeg\" \/>\n<meta name=\"twitter:card\" content=\"summary_large_image\" \/>\n<meta name=\"twitter:label1\" content=\"Dur\u00e9e de lecture estim\u00e9e\" \/>\n\t<meta name=\"twitter:data1\" content=\"2 minutes\" \/>\n<script type=\"application\/ld+json\" class=\"yoast-schema-graph\">{\"@context\":\"https:\/\/schema.org\",\"@graph\":[{\"@type\":\"WebPage\",\"@id\":\"https:\/\/b2b.calibereurope.com\/fr\/produit\/rcd120dab-bt-fr_fr\/\",\"url\":\"https:\/\/b2b.calibereurope.com\/fr\/produit\/rcd120dab-bt-fr_fr\/\",\"name\":\"Autoradio Bluetooth, Lecteur CD, Radio DAB+ et FM - USB - 1 DIN - Design R\u00e9tro Chrom\u00e9 (RCD120DAB-BT) - Caliber Europe B.V.\",\"isPartOf\":{\"@id\":\"https:\/\/b2b.calibereurope.com\/#website\"},\"primaryImageOfPage\":{\"@id\":\"https:\/\/b2b.calibereurope.com\/fr\/produit\/rcd120dab-bt-fr_fr\/#primaryimage\"},\"image\":{\"@id\":\"https:\/\/b2b.calibereurope.com\/fr\/produit\/rcd120dab-bt-fr_fr\/#primaryimage\"},\"thumbnailUrl\":\"https:\/\/b2b.calibereurope.com\/wp-content\/uploads\/2023\/07\/315766cd28f0320c9c5fdf279e2e4608952e68b5_Caliber_RCD_120_DAB_BT_Front-scaled.jpg\",\"datePublished\":\"2023-07-04T00:00:00+00:00\",\"dateModified\":\"2025-04-01T17:07:20+00:00\",\"breadcrumb\":{\"@id\":\"https:\/\/b2b.calibereurope.com\/fr\/produit\/rcd120dab-bt-fr_fr\/#breadcrumb\"},\"inLanguage\":\"fr-FR\",\"potentialAction\":[{\"@type\":\"ReadAction\",\"target\":[\"https:\/\/b2b.calibereurope.com\/fr\/produit\/rcd120dab-bt-fr_fr\/\"]}]},{\"@type\":\"ImageObject\",\"inLanguage\":\"fr-FR\",\"@id\":\"https:\/\/b2b.calibereurope.com\/fr\/produit\/rcd120dab-bt-fr_fr\/#primaryimage\",\"url\":\"https:\/\/b2b.calibereurope.com\/wp-content\/uploads\/2023\/07\/315766cd28f0320c9c5fdf279e2e4608952e68b5_Caliber_RCD_120_DAB_BT_Front-scaled.jpg\",\"contentUrl\":\"https:\/\/b2b.calibereurope.com\/wp-content\/uploads\/2023\/07\/315766cd28f0320c9c5fdf279e2e4608952e68b5_Caliber_RCD_120_DAB_BT_Front-scaled.jpg\",\"width\":2560,\"height\":1707},{\"@type\":\"BreadcrumbList\",\"@id\":\"https:\/\/b2b.calibereurope.com\/fr\/produit\/rcd120dab-bt-fr_fr\/#breadcrumb\",\"itemListElement\":[{\"@type\":\"ListItem\",\"position\":1,\"name\":\"Home\",\"item\":\"https:\/\/b2b.calibereurope.com\/fr\/home\/\"},{\"@type\":\"ListItem\",\"position\":2,\"name\":\"Boutique\",\"item\":\"https:\/\/b2b.calibereurope.com\/fr\/boutique\/\"},{\"@type\":\"ListItem\",\"position\":3,\"name\":\"Autoradio &#8211; DAB+ Radio Retro Chrome (RCD120DAB-BT)\"}]},{\"@type\":\"WebSite\",\"@id\":\"https:\/\/b2b.calibereurope.com\/#website\",\"url\":\"https:\/\/b2b.calibereurope.com\/\",\"name\":\"Caliber Europe B.V.\",\"description\":\"B2B Webshop\",\"publisher\":{\"@id\":\"https:\/\/b2b.calibereurope.com\/#organization\"},\"potentialAction\":[{\"@type\":\"SearchAction\",\"target\":{\"@type\":\"EntryPoint\",\"urlTemplate\":\"https:\/\/b2b.calibereurope.com\/?s={search_term_string}\"},\"query-input\":{\"@type\":\"PropertyValueSpecification\",\"valueRequired\":true,\"valueName\":\"search_term_string\"}}],\"inLanguage\":\"fr-FR\"},{\"@type\":\"Organization\",\"@id\":\"https:\/\/b2b.calibereurope.com\/#organization\",\"name\":\"Caliber Europe B.V.\",\"url\":\"https:\/\/b2b.calibereurope.com\/\",\"logo\":{\"@type\":\"ImageObject\",\"inLanguage\":\"fr-FR\",\"@id\":\"https:\/\/b2b.calibereurope.com\/#\/schema\/logo\/image\/\",\"url\":\"https:\/\/b2b.calibereurope.com\/wp-content\/uploads\/2020\/12\/Caliber_Logo-Black.png\",\"contentUrl\":\"https:\/\/b2b.calibereurope.com\/wp-content\/uploads\/2020\/12\/Caliber_Logo-Black.png\",\"width\":3157,\"height\":356,\"caption\":\"Caliber Europe B.V.\"},\"image\":{\"@id\":\"https:\/\/b2b.calibereurope.com\/#\/schema\/logo\/image\/\"}}]}<\/script>\n<!-- \/ Yoast SEO plugin. -->","yoast_head_json":{"title":"Autoradio Bluetooth, Lecteur CD, Radio DAB+ et FM - USB - 1 DIN - Design R\u00e9tro Chrom\u00e9 (RCD120DAB-BT) - Caliber Europe B.V.","robots":{"index":"noindex","follow":"follow","max-snippet":"max-snippet:-1","max-image-preview":"max-image-preview:large","max-video-preview":"max-video-preview:-1"},"og_locale":"fr_FR","og_type":"article","og_title":"Autoradio Bluetooth, Lecteur CD, Radio DAB+ et FM - USB - 1 DIN - Design R\u00e9tro Chrom\u00e9 (RCD120DAB-BT) - Caliber Europe B.V.","og_description":"Optez pour un look r\u00e9tro avec l&#39;autoradio Bluetooth Caliber RCD120DAB-BT. . L&#39;autoradio r\u00e9tro dispose d\u2019un bo\u00eetier chrom\u00e9 . Malgr\u00e9 son look r\u00e9tro, cet autoradio dispose de tous les gadgets que vous attendez d&#39;un autoradio. 1 DIN moderne. Par exemple, vous pouvez profite. d&#39;une bonne qualit\u00e9 sonore gr\u00e2ce \u00e0 la radio DAB+. En outre, vous pouvez [&hellip;]","og_url":"https:\/\/b2b.calibereurope.com\/fr\/produit\/rcd120dab-bt-fr_fr\/","og_site_name":"Caliber Europe B.V.","article_modified_time":"2025-04-01T17:07:20+00:00","og_image":[{"width":1024,"height":768,"url":"https:\/\/b2b.calibereurope.com\/wp-content\/uploads\/2021\/11\/17afe50236684985aeda29e18495568e8398c322_RCD120DAB_BT_mic.jpg","type":"image\/jpeg"}],"twitter_card":"summary_large_image","twitter_misc":{"Dur\u00e9e de lecture estim\u00e9e":"2 minutes"},"schema":{"@context":"https:\/\/schema.org","@graph":[{"@type":"WebPage","@id":"https:\/\/b2b.calibereurope.com\/fr\/produit\/rcd120dab-bt-fr_fr\/","url":"https:\/\/b2b.calibereurope.com\/fr\/produit\/rcd120dab-bt-fr_fr\/","name":"Autoradio Bluetooth, Lecteur CD, Radio DAB+ et FM - USB - 1 DIN - Design R\u00e9tro Chrom\u00e9 (RCD120DAB-BT) - Caliber Europe B.V.","isPartOf":{"@id":"https:\/\/b2b.calibereurope.com\/#website"},"primaryImageOfPage":{"@id":"https:\/\/b2b.calibereurope.com\/fr\/produit\/rcd120dab-bt-fr_fr\/#primaryimage"},"image":{"@id":"https:\/\/b2b.calibereurope.com\/fr\/produit\/rcd120dab-bt-fr_fr\/#primaryimage"},"thumbnailUrl":"https:\/\/b2b.calibereurope.com\/wp-content\/uploads\/2023\/07\/315766cd28f0320c9c5fdf279e2e4608952e68b5_Caliber_RCD_120_DAB_BT_Front-scaled.jpg","datePublished":"2023-07-04T00:00:00+00:00","dateModified":"2025-04-01T17:07:20+00:00","breadcrumb":{"@id":"https:\/\/b2b.calibereurope.com\/fr\/produit\/rcd120dab-bt-fr_fr\/#breadcrumb"},"inLanguage":"fr-FR","potentialAction":[{"@type":"ReadAction","target":["https:\/\/b2b.calibereurope.com\/fr\/produit\/rcd120dab-bt-fr_fr\/"]}]},{"@type":"ImageObject","inLanguage":"fr-FR","@id":"https:\/\/b2b.calibereurope.com\/fr\/produit\/rcd120dab-bt-fr_fr\/#primaryimage","url":"https:\/\/b2b.calibereurope.com\/wp-content\/uploads\/2023\/07\/315766cd28f0320c9c5fdf279e2e4608952e68b5_Caliber_RCD_120_DAB_BT_Front-scaled.jpg","contentUrl":"https:\/\/b2b.calibereurope.com\/wp-content\/uploads\/2023\/07\/315766cd28f0320c9c5fdf279e2e4608952e68b5_Caliber_RCD_120_DAB_BT_Front-scaled.jpg","width":2560,"height":1707},{"@type":"BreadcrumbList","@id":"https:\/\/b2b.calibereurope.com\/fr\/produit\/rcd120dab-bt-fr_fr\/#breadcrumb","itemListElement":[{"@type":"ListItem","position":1,"name":"Home","item":"https:\/\/b2b.calibereurope.com\/fr\/home\/"},{"@type":"ListItem","position":2,"name":"Boutique","item":"https:\/\/b2b.calibereurope.com\/fr\/boutique\/"},{"@type":"ListItem","position":3,"name":"Autoradio &#8211; DAB+ Radio Retro Chrome (RCD120DAB-BT)"}]},{"@type":"WebSite","@id":"https:\/\/b2b.calibereurope.com\/#website","url":"https:\/\/b2b.calibereurope.com\/","name":"Caliber Europe B.V.","description":"B2B Webshop","publisher":{"@id":"https:\/\/b2b.calibereurope.com\/#organization"},"potentialAction":[{"@type":"SearchAction","target":{"@type":"EntryPoint","urlTemplate":"https:\/\/b2b.calibereurope.com\/?s={search_term_string}"},"query-input":{"@type":"PropertyValueSpecification","valueRequired":true,"valueName":"search_term_string"}}],"inLanguage":"fr-FR"},{"@type":"Organization","@id":"https:\/\/b2b.calibereurope.com\/#organization","name":"Caliber Europe B.V.","url":"https:\/\/b2b.calibereurope.com\/","logo":{"@type":"ImageObject","inLanguage":"fr-FR","@id":"https:\/\/b2b.calibereurope.com\/#\/schema\/logo\/image\/","url":"https:\/\/b2b.calibereurope.com\/wp-content\/uploads\/2020\/12\/Caliber_Logo-Black.png","contentUrl":"https:\/\/b2b.calibereurope.com\/wp-content\/uploads\/2020\/12\/Caliber_Logo-Black.png","width":3157,"height":356,"caption":"Caliber Europe B.V."},"image":{"@id":"https:\/\/b2b.calibereurope.com\/#\/schema\/logo\/image\/"}}]}},"_links":{"self":[{"href":"https:\/\/b2b.calibereurope.com\/fr\/wp-json\/wp\/v2\/product\/477532","targetHints":{"allow":["GET"]}}],"collection":[{"href":"https:\/\/b2b.calibereurope.com\/fr\/wp-json\/wp\/v2\/product"}],"about":[{"href":"https:\/\/b2b.calibereurope.com\/fr\/wp-json\/wp\/v2\/types\/product"}],"version-history":[{"count":0,"href":"https:\/\/b2b.calibereurope.com\/fr\/wp-json\/wp\/v2\/product\/477532\/revisions"}],"wp:featuredmedia":[{"embeddable":true,"href":"https:\/\/b2b.calibereurope.com\/fr\/wp-json\/wp\/v2\/media\/828037"}],"wp:attachment":[{"href":"https:\/\/b2b.calibereurope.com\/fr\/wp-json\/wp\/v2\/media?parent=477532"}],"wp:term":[{"taxonomy":"product_brand","embeddable":true,"href":"https:\/\/b2b.calibereurope.com\/fr\/wp-json\/wp\/v2\/product_brand?post=477532"},{"taxonomy":"product_cat","embeddable":true,"href":"https:\/\/b2b.calibereurope.com\/fr\/wp-json\/wp\/v2\/product_cat?post=477532"},{"taxonomy":"product_tag","embeddable":true,"href":"https:\/\/b2b.calibereurope.com\/fr\/wp-json\/wp\/v2\/product_tag?post=477532"}],"curies":[{"name":"wp","href":"https:\/\/api.w.org\/{rel}","templated":true}]}}