{"id":477724,"date":"2022-10-03T02:00:00","date_gmt":"2022-10-03T00:00:00","guid":{"rendered":""},"modified":"2022-10-12T08:23:16","modified_gmt":"2022-10-12T06:23:16","slug":"sp-mpd2010t-r1-fr_fr","status":"publish","type":"product","link":"https:\/\/b2b.calibereurope.com\/fr\/produit\/sp-mpd2010t-r1-fr_fr\/","title":{"rendered":"Remote Control-Remote pour DVD Player Auto MPD2010T et MDP298 (SP-MPD2010T-R1)"},"content":{"rendered":"<p> n&#39;a plus jamais trouv\u00e9 une batterie vide \u00e0 nouveau gr\u00e2ce au c\u00e2ble d&#39;alimentation Caliber SP-MPD-DC2 <strong> pour le lecteur DVD dans la voiture <\/strong>. Ce c\u00e2ble d&#39;alimentation a \u00e9t\u00e9 sp\u00e9cialement d\u00e9velopp\u00e9 pour les s\u00e9ries MPD de Caliber <strong> <\/strong>. Le c\u00e2ble <strong> double <\/strong> peut fournir aux lecteurs DVD de la voiture avec une puissance suffisante, afin que vous puissiez para\u00eetre encore non perturb\u00e9. Vous pouvez facilement utiliser le c\u00e2ble d&#39;alimentation <strong> 12 volts <\/strong> via le allume-cigare. Le c\u00e2ble d&#39;alimentation mesure <strong> 1,2 m\u00e8tre de long <\/strong>. Gr\u00e2ce \u00e0 cette longueur pratique, vous avez toujours assez d&#39;espace dans la voiture pour connecter le c\u00e2ble. <\/p>\n<p> <strong> Propri\u00e9t\u00e9s: <\/strong> <\/p>\n<ul>\n<li> C\u00e2ble \u00e0 double charge\n<li> Convient pour la s\u00e9rie MPD de Caliber <l> 12 volts < Li> Longueur: 1,2 m\u00e8tres\n<li> Poids: 94 grammes\n<li> s&#39;adapte au bilan de cigarette <\/li>\n<\/ul>\n<p> <strong> Remarque: <\/strong> uniquement compatible avec le Caliber MPD178, MPD278, MPD278T , MPD298 et MPD2010T <\/p>\n<h3> Regardez plus loin <\/h3>\n<p> avec les lecteurs DVD de la s\u00e9rie MPD de Caliber, vous pouvez regarder vos DVD pr\u00e9f\u00e9r\u00e9s \u00e0 votre guise. Les joueurs de DVD portables peuvent \u00eatre utilis\u00e9s dans la voiture, au camping ou dans le parc. Avec ce c\u00e2ble d&#39;alimentation pour le lecteur DVD, vous gardez les enfants divertis pendant les longs trajets en voiture, car ils peuvent toujours continuer \u00e0 chercher. Un long embouteillage n&#39;est plus un probl\u00e8me. <\/p>\n<h3> facile \u00e0 connecter <\/h3>\n<p> Le c\u00e2ble d&#39;alimentation est facile \u00e0 connecter dans la voiture. Le c\u00e2ble a une longueur de 1,2 m\u00e8tre, de sorte que vous avez suffisamment d&#39;espace et jouez pour poser le c\u00e2ble d&#39;alimentation dans un endroit pratique. Le c\u00e2ble de 12 volts peut \u00eatre utilis\u00e9 en le mettant dans le allume-cigare. Lorsque vous conduisez, l&#39;\u00e9lectricit\u00e9 est livr\u00e9e aux deux joueurs de DVD. <\/p>\n<h3> Compatible avec les \u00e9crans de Caliber <\/h3>\n<p> Le c\u00e2ble d&#39;alimentation convient aux \u00e9crans DVD de Caliber de la s\u00e9rie MPD. Dans cette s\u00e9rie, vous trouverez de nombreux joueurs de DVD de Caliber pratique qui peuvent \u00eatre utilis\u00e9s dans la voiture en route pour des heures de divertissement. Un incontournable absolu pendant chaque vacances ou long trajet. <\/p>\n","protected":false},"excerpt":{"rendered":"<p>n&#39;a plus jamais trouv\u00e9 une batterie vide \u00e0 nouveau gr\u00e2ce au c\u00e2ble d&#39;alimentation Caliber SP-MPD-DC2 pour le lecteur DVD dans la voiture . Ce c\u00e2ble d&#39;alimentation a \u00e9t\u00e9 sp\u00e9cialement d\u00e9velopp\u00e9 pour les s\u00e9ries MPD de Caliber . Le c\u00e2ble double peut fournir aux lecteurs DVD de la voiture avec une puissance suffisante, afin que vous [&hellip;]<\/p>\n","protected":false},"featured_media":742392,"template":"","meta":{"_acf_changed":false,"site-sidebar-layout":"default","site-content-layout":"","ast-site-content-layout":"default","site-content-style":"default","site-sidebar-style":"default","ast-global-header-display":"","ast-banner-title-visibility":"","ast-main-header-display":"","ast-hfb-above-header-display":"","ast-hfb-below-header-display":"","ast-hfb-mobile-header-display":"","site-post-title":"","ast-breadcrumbs-content":"","ast-featured-img":"","footer-sml-layout":"","theme-transparent-header-meta":"","adv-header-id-meta":"","stick-header-meta":"","header-above-stick-meta":"","header-main-stick-meta":"","header-below-stick-meta":"","astra-migrate-meta-layouts":"default","ast-page-background-enabled":"default","ast-page-background-meta":{"desktop":{"background-color":"","background-image":"","background-repeat":"repeat","background-position":"center center","background-size":"auto","background-attachment":"scroll","background-type":"","background-media":"","overlay-type":"","overlay-color":"","overlay-opacity":"","overlay-gradient":""},"tablet":{"background-color":"","background-image":"","background-repeat":"repeat","background-position":"center center","background-size":"auto","background-attachment":"scroll","background-type":"","background-media":"","overlay-type":"","overlay-color":"","overlay-opacity":"","overlay-gradient":""},"mobile":{"background-color":"","background-image":"","background-repeat":"repeat","background-position":"center center","background-size":"auto","background-attachment":"scroll","background-type":"","background-media":"","overlay-type":"","overlay-color":"","overlay-opacity":"","overlay-gradient":""}},"ast-content-background-meta":{"desktop":{"background-color":"var(--ast-global-color-5)","background-image":"","background-repeat":"repeat","background-position":"center center","background-size":"auto","background-attachment":"scroll","background-type":"","background-media":"","overlay-type":"","overlay-color":"","overlay-opacity":"","overlay-gradient":""},"tablet":{"background-color":"var(--ast-global-color-5)","background-image":"","background-repeat":"repeat","background-position":"center center","background-size":"auto","background-attachment":"scroll","background-type":"","background-media":"","overlay-type":"","overlay-color":"","overlay-opacity":"","overlay-gradient":""},"mobile":{"background-color":"var(--ast-global-color-5)","background-image":"","background-repeat":"repeat","background-position":"center center","background-size":"auto","background-attachment":"scroll","background-type":"","background-media":"","overlay-type":"","overlay-color":"","overlay-opacity":"","overlay-gradient":""}}},"product_brand":[],"product_cat":[22955],"product_tag":[],"class_list":{"0":"post-477724","1":"product","2":"type-product","3":"status-publish","4":"has-post-thumbnail","6":"product_cat-pas-de-categorie","7":"desktop-align-center","8":"tablet-align-center","9":"mobile-align-center","10":"ast-product-gallery-layout-horizontal","11":"ast-product-gallery-with-no-image","12":"ast-product-tabs-layout-horizontal","14":"first","15":"instock","16":"taxable","17":"shipping-taxable","18":"purchasable","19":"product-type-simple"},"acf":[],"yoast_head":"<!-- This site is optimized with the Yoast SEO plugin v26.5 - https:\/\/yoast.com\/wordpress\/plugins\/seo\/ -->\n<title>Remote Control-Remote pour DVD Player Auto MPD2010T et MDP298 (SP-MPD2010T-R1) - Caliber Europe B.V.<\/title>\n<meta name=\"robots\" content=\"noindex, follow, max-snippet:-1, max-image-preview:large, max-video-preview:-1\" \/>\n<meta property=\"og:locale\" content=\"fr_FR\" \/>\n<meta property=\"og:type\" content=\"article\" \/>\n<meta property=\"og:title\" content=\"Remote Control-Remote pour DVD Player Auto MPD2010T et MDP298 (SP-MPD2010T-R1) - Caliber Europe B.V.\" \/>\n<meta property=\"og:description\" content=\"n&#039;a plus jamais trouv\u00e9 une batterie vide \u00e0 nouveau gr\u00e2ce au c\u00e2ble d&#039;alimentation Caliber SP-MPD-DC2 pour le lecteur DVD dans la voiture . Ce c\u00e2ble d&#039;alimentation a \u00e9t\u00e9 sp\u00e9cialement d\u00e9velopp\u00e9 pour les s\u00e9ries MPD de Caliber . Le c\u00e2ble double peut fournir aux lecteurs DVD de la voiture avec une puissance suffisante, afin que vous [&hellip;]\" \/>\n<meta property=\"og:url\" content=\"https:\/\/b2b.calibereurope.com\/fr\/produit\/sp-mpd2010t-r1-fr_fr\/\" \/>\n<meta property=\"og:site_name\" content=\"Caliber Europe B.V.\" \/>\n<meta property=\"article:modified_time\" content=\"2022-10-12T06:23:16+00:00\" \/>\n<meta property=\"og:image\" content=\"https:\/\/b2b.calibereurope.com\/wp-content\/uploads\/2021\/09\/3ee6d8ae7718f80744465471262378806e57da64_MPD2010T_remote.jpg\" \/>\n\t<meta property=\"og:image:width\" content=\"1024\" \/>\n\t<meta property=\"og:image:height\" content=\"768\" \/>\n\t<meta property=\"og:image:type\" content=\"image\/jpeg\" \/>\n<meta name=\"twitter:card\" content=\"summary_large_image\" \/>\n<meta name=\"twitter:label1\" content=\"Dur\u00e9e de lecture estim\u00e9e\" \/>\n\t<meta name=\"twitter:data1\" content=\"2 minutes\" \/>\n<script type=\"application\/ld+json\" class=\"yoast-schema-graph\">{\"@context\":\"https:\/\/schema.org\",\"@graph\":[{\"@type\":\"WebPage\",\"@id\":\"https:\/\/b2b.calibereurope.com\/fr\/produit\/sp-mpd2010t-r1-fr_fr\/\",\"url\":\"https:\/\/b2b.calibereurope.com\/fr\/produit\/sp-mpd2010t-r1-fr_fr\/\",\"name\":\"Remote Control-Remote pour DVD Player Auto MPD2010T et MDP298 (SP-MPD2010T-R1) - Caliber Europe B.V.\",\"isPartOf\":{\"@id\":\"https:\/\/b2b.calibereurope.com\/#website\"},\"primaryImageOfPage\":{\"@id\":\"https:\/\/b2b.calibereurope.com\/fr\/produit\/sp-mpd2010t-r1-fr_fr\/#primaryimage\"},\"image\":{\"@id\":\"https:\/\/b2b.calibereurope.com\/fr\/produit\/sp-mpd2010t-r1-fr_fr\/#primaryimage\"},\"thumbnailUrl\":\"https:\/\/b2b.calibereurope.com\/wp-content\/uploads\/2022\/10\/3ee6d8ae7718f80744465471262378806e57da64_MPD2010T_remote.jpg\",\"datePublished\":\"2022-10-03T00:00:00+00:00\",\"dateModified\":\"2022-10-12T06:23:16+00:00\",\"breadcrumb\":{\"@id\":\"https:\/\/b2b.calibereurope.com\/fr\/produit\/sp-mpd2010t-r1-fr_fr\/#breadcrumb\"},\"inLanguage\":\"fr-FR\",\"potentialAction\":[{\"@type\":\"ReadAction\",\"target\":[\"https:\/\/b2b.calibereurope.com\/fr\/produit\/sp-mpd2010t-r1-fr_fr\/\"]}]},{\"@type\":\"ImageObject\",\"inLanguage\":\"fr-FR\",\"@id\":\"https:\/\/b2b.calibereurope.com\/fr\/produit\/sp-mpd2010t-r1-fr_fr\/#primaryimage\",\"url\":\"https:\/\/b2b.calibereurope.com\/wp-content\/uploads\/2022\/10\/3ee6d8ae7718f80744465471262378806e57da64_MPD2010T_remote.jpg\",\"contentUrl\":\"https:\/\/b2b.calibereurope.com\/wp-content\/uploads\/2022\/10\/3ee6d8ae7718f80744465471262378806e57da64_MPD2010T_remote.jpg\",\"width\":1024,\"height\":768},{\"@type\":\"BreadcrumbList\",\"@id\":\"https:\/\/b2b.calibereurope.com\/fr\/produit\/sp-mpd2010t-r1-fr_fr\/#breadcrumb\",\"itemListElement\":[{\"@type\":\"ListItem\",\"position\":1,\"name\":\"Home\",\"item\":\"https:\/\/b2b.calibereurope.com\/fr\/home\/\"},{\"@type\":\"ListItem\",\"position\":2,\"name\":\"Boutique\",\"item\":\"https:\/\/b2b.calibereurope.com\/fr\/boutique\/\"},{\"@type\":\"ListItem\",\"position\":3,\"name\":\"Lecteur t\u00e9l\u00e9command\u00e9 1 (Calibre SP-MPD2010T-R1) (SP-MPD2010T-R1)\"}]},{\"@type\":\"WebSite\",\"@id\":\"https:\/\/b2b.calibereurope.com\/#website\",\"url\":\"https:\/\/b2b.calibereurope.com\/\",\"name\":\"Caliber Europe B.V.\",\"description\":\"B2B Webshop\",\"publisher\":{\"@id\":\"https:\/\/b2b.calibereurope.com\/#organization\"},\"potentialAction\":[{\"@type\":\"SearchAction\",\"target\":{\"@type\":\"EntryPoint\",\"urlTemplate\":\"https:\/\/b2b.calibereurope.com\/?s={search_term_string}\"},\"query-input\":{\"@type\":\"PropertyValueSpecification\",\"valueRequired\":true,\"valueName\":\"search_term_string\"}}],\"inLanguage\":\"fr-FR\"},{\"@type\":\"Organization\",\"@id\":\"https:\/\/b2b.calibereurope.com\/#organization\",\"name\":\"Caliber Europe B.V.\",\"url\":\"https:\/\/b2b.calibereurope.com\/\",\"logo\":{\"@type\":\"ImageObject\",\"inLanguage\":\"fr-FR\",\"@id\":\"https:\/\/b2b.calibereurope.com\/#\/schema\/logo\/image\/\",\"url\":\"https:\/\/b2b.calibereurope.com\/wp-content\/uploads\/2020\/12\/Caliber_Logo-Black.png\",\"contentUrl\":\"https:\/\/b2b.calibereurope.com\/wp-content\/uploads\/2020\/12\/Caliber_Logo-Black.png\",\"width\":3157,\"height\":356,\"caption\":\"Caliber Europe B.V.\"},\"image\":{\"@id\":\"https:\/\/b2b.calibereurope.com\/#\/schema\/logo\/image\/\"}}]}<\/script>\n<!-- \/ Yoast SEO plugin. -->","yoast_head_json":{"title":"Remote Control-Remote pour DVD Player Auto MPD2010T et MDP298 (SP-MPD2010T-R1) - Caliber Europe B.V.","robots":{"index":"noindex","follow":"follow","max-snippet":"max-snippet:-1","max-image-preview":"max-image-preview:large","max-video-preview":"max-video-preview:-1"},"og_locale":"fr_FR","og_type":"article","og_title":"Remote Control-Remote pour DVD Player Auto MPD2010T et MDP298 (SP-MPD2010T-R1) - Caliber Europe B.V.","og_description":"n&#39;a plus jamais trouv\u00e9 une batterie vide \u00e0 nouveau gr\u00e2ce au c\u00e2ble d&#39;alimentation Caliber SP-MPD-DC2 pour le lecteur DVD dans la voiture . Ce c\u00e2ble d&#39;alimentation a \u00e9t\u00e9 sp\u00e9cialement d\u00e9velopp\u00e9 pour les s\u00e9ries MPD de Caliber . Le c\u00e2ble double peut fournir aux lecteurs DVD de la voiture avec une puissance suffisante, afin que vous [&hellip;]","og_url":"https:\/\/b2b.calibereurope.com\/fr\/produit\/sp-mpd2010t-r1-fr_fr\/","og_site_name":"Caliber Europe B.V.","article_modified_time":"2022-10-12T06:23:16+00:00","og_image":[{"width":1024,"height":768,"url":"https:\/\/b2b.calibereurope.com\/wp-content\/uploads\/2021\/09\/3ee6d8ae7718f80744465471262378806e57da64_MPD2010T_remote.jpg","type":"image\/jpeg"}],"twitter_card":"summary_large_image","twitter_misc":{"Dur\u00e9e de lecture estim\u00e9e":"2 minutes"},"schema":{"@context":"https:\/\/schema.org","@graph":[{"@type":"WebPage","@id":"https:\/\/b2b.calibereurope.com\/fr\/produit\/sp-mpd2010t-r1-fr_fr\/","url":"https:\/\/b2b.calibereurope.com\/fr\/produit\/sp-mpd2010t-r1-fr_fr\/","name":"Remote Control-Remote pour DVD Player Auto MPD2010T et MDP298 (SP-MPD2010T-R1) - Caliber Europe B.V.","isPartOf":{"@id":"https:\/\/b2b.calibereurope.com\/#website"},"primaryImageOfPage":{"@id":"https:\/\/b2b.calibereurope.com\/fr\/produit\/sp-mpd2010t-r1-fr_fr\/#primaryimage"},"image":{"@id":"https:\/\/b2b.calibereurope.com\/fr\/produit\/sp-mpd2010t-r1-fr_fr\/#primaryimage"},"thumbnailUrl":"https:\/\/b2b.calibereurope.com\/wp-content\/uploads\/2022\/10\/3ee6d8ae7718f80744465471262378806e57da64_MPD2010T_remote.jpg","datePublished":"2022-10-03T00:00:00+00:00","dateModified":"2022-10-12T06:23:16+00:00","breadcrumb":{"@id":"https:\/\/b2b.calibereurope.com\/fr\/produit\/sp-mpd2010t-r1-fr_fr\/#breadcrumb"},"inLanguage":"fr-FR","potentialAction":[{"@type":"ReadAction","target":["https:\/\/b2b.calibereurope.com\/fr\/produit\/sp-mpd2010t-r1-fr_fr\/"]}]},{"@type":"ImageObject","inLanguage":"fr-FR","@id":"https:\/\/b2b.calibereurope.com\/fr\/produit\/sp-mpd2010t-r1-fr_fr\/#primaryimage","url":"https:\/\/b2b.calibereurope.com\/wp-content\/uploads\/2022\/10\/3ee6d8ae7718f80744465471262378806e57da64_MPD2010T_remote.jpg","contentUrl":"https:\/\/b2b.calibereurope.com\/wp-content\/uploads\/2022\/10\/3ee6d8ae7718f80744465471262378806e57da64_MPD2010T_remote.jpg","width":1024,"height":768},{"@type":"BreadcrumbList","@id":"https:\/\/b2b.calibereurope.com\/fr\/produit\/sp-mpd2010t-r1-fr_fr\/#breadcrumb","itemListElement":[{"@type":"ListItem","position":1,"name":"Home","item":"https:\/\/b2b.calibereurope.com\/fr\/home\/"},{"@type":"ListItem","position":2,"name":"Boutique","item":"https:\/\/b2b.calibereurope.com\/fr\/boutique\/"},{"@type":"ListItem","position":3,"name":"Lecteur t\u00e9l\u00e9command\u00e9 1 (Calibre SP-MPD2010T-R1) (SP-MPD2010T-R1)"}]},{"@type":"WebSite","@id":"https:\/\/b2b.calibereurope.com\/#website","url":"https:\/\/b2b.calibereurope.com\/","name":"Caliber Europe B.V.","description":"B2B Webshop","publisher":{"@id":"https:\/\/b2b.calibereurope.com\/#organization"},"potentialAction":[{"@type":"SearchAction","target":{"@type":"EntryPoint","urlTemplate":"https:\/\/b2b.calibereurope.com\/?s={search_term_string}"},"query-input":{"@type":"PropertyValueSpecification","valueRequired":true,"valueName":"search_term_string"}}],"inLanguage":"fr-FR"},{"@type":"Organization","@id":"https:\/\/b2b.calibereurope.com\/#organization","name":"Caliber Europe B.V.","url":"https:\/\/b2b.calibereurope.com\/","logo":{"@type":"ImageObject","inLanguage":"fr-FR","@id":"https:\/\/b2b.calibereurope.com\/#\/schema\/logo\/image\/","url":"https:\/\/b2b.calibereurope.com\/wp-content\/uploads\/2020\/12\/Caliber_Logo-Black.png","contentUrl":"https:\/\/b2b.calibereurope.com\/wp-content\/uploads\/2020\/12\/Caliber_Logo-Black.png","width":3157,"height":356,"caption":"Caliber Europe B.V."},"image":{"@id":"https:\/\/b2b.calibereurope.com\/#\/schema\/logo\/image\/"}}]}},"_links":{"self":[{"href":"https:\/\/b2b.calibereurope.com\/fr\/wp-json\/wp\/v2\/product\/477724","targetHints":{"allow":["GET"]}}],"collection":[{"href":"https:\/\/b2b.calibereurope.com\/fr\/wp-json\/wp\/v2\/product"}],"about":[{"href":"https:\/\/b2b.calibereurope.com\/fr\/wp-json\/wp\/v2\/types\/product"}],"version-history":[{"count":0,"href":"https:\/\/b2b.calibereurope.com\/fr\/wp-json\/wp\/v2\/product\/477724\/revisions"}],"wp:featuredmedia":[{"embeddable":true,"href":"https:\/\/b2b.calibereurope.com\/fr\/wp-json\/wp\/v2\/media\/742392"}],"wp:attachment":[{"href":"https:\/\/b2b.calibereurope.com\/fr\/wp-json\/wp\/v2\/media?parent=477724"}],"wp:term":[{"taxonomy":"product_brand","embeddable":true,"href":"https:\/\/b2b.calibereurope.com\/fr\/wp-json\/wp\/v2\/product_brand?post=477724"},{"taxonomy":"product_cat","embeddable":true,"href":"https:\/\/b2b.calibereurope.com\/fr\/wp-json\/wp\/v2\/product_cat?post=477724"},{"taxonomy":"product_tag","embeddable":true,"href":"https:\/\/b2b.calibereurope.com\/fr\/wp-json\/wp\/v2\/product_tag?post=477724"}],"curies":[{"name":"wp","href":"https:\/\/api.w.org\/{rel}","templated":true}]}}