{"id":477784,"date":"2023-07-31T02:00:00","date_gmt":"2023-07-31T00:00:00","guid":{"rendered":""},"modified":"2023-07-31T09:58:23","modified_gmt":"2023-07-31T07:58:23","slug":"SP-MPD-DC1-fr_FR","status":"publish","type":"product","link":"https:\/\/b2b.calibereurope.com\/fr\/produit\/SP-MPD-DC1-fr_FR\/","title":{"rendered":"DVD Player Auto Charger &#8211; Compatible avec MPD178, MPD278, MPD278T, MPD298 et MPD2010T &#8211; 12V (SP -MPD -DC1))"},"content":{"rendered":"<p> Assurez-vous que vos joueurs de DVD dans la voiture sont toujours fournis avec une puissance suffisante avec ce c\u00e2ble d&#39;alimentation SP-MPD2010T-AV de Caliber. Le c\u00e2ble d&#39;alimentation est <strong> adapt\u00e9 aux joueurs DVD de Caliber MPD2010T et MPD298 <\/strong>. Le c\u00e2ble d&#39;alimentation <strong> double <\/strong> peut <strong> 2 \u00e9crans DVD <\/strong> avec puissance. De cette fa\u00e7on, vous pouvez profiter de films et de vid\u00e9os pendant chaque long trajet ou dans la maison de vacances en les jouant sur les joueurs DVD. Vos films ne feront jamais \u00e9chou\u00e9 de fa\u00e7on inattendue! <\/p>\n<p> <strong> Propri\u00e9t\u00e9s: <\/strong> <\/p>\n<ul>\n<li> C\u00e2ble de nutrition audio-video\n<li> Pour le Caliber MPD2010T \/ MPD298 Players DVD\n<li> Pour lier 2 \u00e9crans <\/li>\n<\/ul>\n<h3> pour les joueurs DVD de Caliber <\/h3>\n<p> Ce c\u00e2ble d&#39;alimentation est sp\u00e9cialement con\u00e7u pour les joueurs DVD utilis\u00e9s dans la voiture. Le c\u00e2ble d&#39;alimentation s&#39;adapte aux joueurs DVD MPD2010T et MPD298. Votre c\u00e2ble est-il cass\u00e9? Ensuite, vous pouvez le remplacer par ce c\u00e2ble d&#39;alimentation pour un plaisir de vision sans fin. Vous connectez deux \u00e9crans au c\u00e2ble d&#39;alimentation. De cette fa\u00e7on, vous n&#39;avez besoin que d&#39;un seul c\u00e2ble. Id\u00e9al pour deux fois plus de plaisir de visionnement! <\/p>\n","protected":false},"excerpt":{"rendered":"<p>Assurez-vous que vos joueurs de DVD dans la voiture sont toujours fournis avec une puissance suffisante avec ce c\u00e2ble d&#39;alimentation SP-MPD2010T-AV de Caliber. Le c\u00e2ble d&#39;alimentation est adapt\u00e9 aux joueurs DVD de Caliber MPD2010T et MPD298 . Le c\u00e2ble d&#39;alimentation double peut 2 \u00e9crans DVD avec puissance. De cette fa\u00e7on, vous pouvez profiter de films [&hellip;]<\/p>\n","protected":false},"featured_media":829206,"template":"","meta":{"_acf_changed":false,"site-sidebar-layout":"default","site-content-layout":"","ast-site-content-layout":"default","site-content-style":"default","site-sidebar-style":"default","ast-global-header-display":"","ast-banner-title-visibility":"","ast-main-header-display":"","ast-hfb-above-header-display":"","ast-hfb-below-header-display":"","ast-hfb-mobile-header-display":"","site-post-title":"","ast-breadcrumbs-content":"","ast-featured-img":"","footer-sml-layout":"","theme-transparent-header-meta":"","adv-header-id-meta":"","stick-header-meta":"","header-above-stick-meta":"","header-main-stick-meta":"","header-below-stick-meta":"","astra-migrate-meta-layouts":"default","ast-page-background-enabled":"default","ast-page-background-meta":{"desktop":{"background-color":"","background-image":"","background-repeat":"repeat","background-position":"center center","background-size":"auto","background-attachment":"scroll","background-type":"","background-media":"","overlay-type":"","overlay-color":"","overlay-opacity":"","overlay-gradient":""},"tablet":{"background-color":"","background-image":"","background-repeat":"repeat","background-position":"center center","background-size":"auto","background-attachment":"scroll","background-type":"","background-media":"","overlay-type":"","overlay-color":"","overlay-opacity":"","overlay-gradient":""},"mobile":{"background-color":"","background-image":"","background-repeat":"repeat","background-position":"center center","background-size":"auto","background-attachment":"scroll","background-type":"","background-media":"","overlay-type":"","overlay-color":"","overlay-opacity":"","overlay-gradient":""}},"ast-content-background-meta":{"desktop":{"background-color":"var(--ast-global-color-5)","background-image":"","background-repeat":"repeat","background-position":"center center","background-size":"auto","background-attachment":"scroll","background-type":"","background-media":"","overlay-type":"","overlay-color":"","overlay-opacity":"","overlay-gradient":""},"tablet":{"background-color":"var(--ast-global-color-5)","background-image":"","background-repeat":"repeat","background-position":"center center","background-size":"auto","background-attachment":"scroll","background-type":"","background-media":"","overlay-type":"","overlay-color":"","overlay-opacity":"","overlay-gradient":""},"mobile":{"background-color":"var(--ast-global-color-5)","background-image":"","background-repeat":"repeat","background-position":"center center","background-size":"auto","background-attachment":"scroll","background-type":"","background-media":"","overlay-type":"","overlay-color":"","overlay-opacity":"","overlay-gradient":""}}},"product_brand":[],"product_cat":[22955],"product_tag":[],"class_list":{"0":"post-477784","1":"product","2":"type-product","3":"status-publish","4":"has-post-thumbnail","6":"product_cat-pas-de-categorie","7":"desktop-align-center","8":"tablet-align-center","9":"mobile-align-center","10":"ast-product-gallery-layout-horizontal","11":"ast-product-gallery-with-no-image","12":"ast-product-tabs-layout-horizontal","14":"first","15":"onbackorder","16":"taxable","17":"shipping-taxable","18":"purchasable","19":"product-type-simple"},"acf":[],"yoast_head":"<!-- This site is optimized with the Yoast SEO plugin v26.5 - https:\/\/yoast.com\/wordpress\/plugins\/seo\/ -->\n<title>DVD Player Auto Charger - Compatible avec MPD178, MPD278, MPD278T, MPD298 et MPD2010T - 12V (SP -MPD -DC1)) - Caliber Europe B.V.<\/title>\n<meta name=\"robots\" content=\"noindex, follow, max-snippet:-1, max-image-preview:large, max-video-preview:-1\" \/>\n<meta property=\"og:locale\" content=\"fr_FR\" \/>\n<meta property=\"og:type\" content=\"article\" \/>\n<meta property=\"og:title\" content=\"DVD Player Auto Charger - Compatible avec MPD178, MPD278, MPD278T, MPD298 et MPD2010T - 12V (SP -MPD -DC1)) - Caliber Europe B.V.\" \/>\n<meta property=\"og:description\" content=\"Assurez-vous que vos joueurs de DVD dans la voiture sont toujours fournis avec une puissance suffisante avec ce c\u00e2ble d&#039;alimentation SP-MPD2010T-AV de Caliber. Le c\u00e2ble d&#039;alimentation est adapt\u00e9 aux joueurs DVD de Caliber MPD2010T et MPD298 . Le c\u00e2ble d&#039;alimentation double peut 2 \u00e9crans DVD avec puissance. De cette fa\u00e7on, vous pouvez profiter de films [&hellip;]\" \/>\n<meta property=\"og:url\" content=\"https:\/\/b2b.calibereurope.com\/fr\/produit\/sp-mpd-dc1-fr_fr\/\" \/>\n<meta property=\"og:site_name\" content=\"Caliber Europe B.V.\" \/>\n<meta property=\"article:modified_time\" content=\"2023-07-31T07:58:23+00:00\" \/>\n<meta property=\"og:image\" content=\"https:\/\/b2b.calibereurope.com\/wp-content\/uploads\/2021\/09\/a795660f00aaa7368e0a68080401d2f324510b60_MPD178_278_CarCharger.jpg\" \/>\n\t<meta property=\"og:image:width\" content=\"1024\" \/>\n\t<meta property=\"og:image:height\" content=\"768\" \/>\n\t<meta property=\"og:image:type\" content=\"image\/jpeg\" \/>\n<meta name=\"twitter:card\" content=\"summary_large_image\" \/>\n<meta name=\"twitter:label1\" content=\"Dur\u00e9e de lecture estim\u00e9e\" \/>\n\t<meta name=\"twitter:data1\" content=\"1 minute\" \/>\n<script type=\"application\/ld+json\" class=\"yoast-schema-graph\">{\"@context\":\"https:\/\/schema.org\",\"@graph\":[{\"@type\":\"WebPage\",\"@id\":\"https:\/\/b2b.calibereurope.com\/fr\/produit\/sp-mpd-dc1-fr_fr\/\",\"url\":\"https:\/\/b2b.calibereurope.com\/fr\/produit\/sp-mpd-dc1-fr_fr\/\",\"name\":\"DVD Player Auto Charger - Compatible avec MPD178, MPD278, MPD278T, MPD298 et MPD2010T - 12V (SP -MPD -DC1)) - Caliber Europe B.V.\",\"isPartOf\":{\"@id\":\"https:\/\/b2b.calibereurope.com\/#website\"},\"primaryImageOfPage\":{\"@id\":\"https:\/\/b2b.calibereurope.com\/fr\/produit\/sp-mpd-dc1-fr_fr\/#primaryimage\"},\"image\":{\"@id\":\"https:\/\/b2b.calibereurope.com\/fr\/produit\/sp-mpd-dc1-fr_fr\/#primaryimage\"},\"thumbnailUrl\":\"https:\/\/b2b.calibereurope.com\/wp-content\/uploads\/2023\/07\/a795660f00aaa7368e0a68080401d2f324510b60_MPD178_278_CarCharger.jpg\",\"datePublished\":\"2023-07-31T00:00:00+00:00\",\"dateModified\":\"2023-07-31T07:58:23+00:00\",\"breadcrumb\":{\"@id\":\"https:\/\/b2b.calibereurope.com\/fr\/produit\/sp-mpd-dc1-fr_fr\/#breadcrumb\"},\"inLanguage\":\"fr-FR\",\"potentialAction\":[{\"@type\":\"ReadAction\",\"target\":[\"https:\/\/b2b.calibereurope.com\/fr\/produit\/sp-mpd-dc1-fr_fr\/\"]}]},{\"@type\":\"ImageObject\",\"inLanguage\":\"fr-FR\",\"@id\":\"https:\/\/b2b.calibereurope.com\/fr\/produit\/sp-mpd-dc1-fr_fr\/#primaryimage\",\"url\":\"https:\/\/b2b.calibereurope.com\/wp-content\/uploads\/2023\/07\/a795660f00aaa7368e0a68080401d2f324510b60_MPD178_278_CarCharger.jpg\",\"contentUrl\":\"https:\/\/b2b.calibereurope.com\/wp-content\/uploads\/2023\/07\/a795660f00aaa7368e0a68080401d2f324510b60_MPD178_278_CarCharger.jpg\",\"width\":1024,\"height\":768},{\"@type\":\"BreadcrumbList\",\"@id\":\"https:\/\/b2b.calibereurope.com\/fr\/produit\/sp-mpd-dc1-fr_fr\/#breadcrumb\",\"itemListElement\":[{\"@type\":\"ListItem\",\"position\":1,\"name\":\"Home\",\"item\":\"https:\/\/b2b.calibereurope.com\/fr\/home\/\"},{\"@type\":\"ListItem\",\"position\":2,\"name\":\"Boutique\",\"item\":\"https:\/\/b2b.calibereurope.com\/fr\/boutique\/\"},{\"@type\":\"ListItem\",\"position\":3,\"name\":\"C\u00e2ble d&#8217;alimentation 12 Volet unique pour la s\u00e9rie MPD (SP-MPD-DC1)\"}]},{\"@type\":\"WebSite\",\"@id\":\"https:\/\/b2b.calibereurope.com\/#website\",\"url\":\"https:\/\/b2b.calibereurope.com\/\",\"name\":\"Caliber Europe B.V.\",\"description\":\"B2B Webshop\",\"publisher\":{\"@id\":\"https:\/\/b2b.calibereurope.com\/#organization\"},\"potentialAction\":[{\"@type\":\"SearchAction\",\"target\":{\"@type\":\"EntryPoint\",\"urlTemplate\":\"https:\/\/b2b.calibereurope.com\/?s={search_term_string}\"},\"query-input\":{\"@type\":\"PropertyValueSpecification\",\"valueRequired\":true,\"valueName\":\"search_term_string\"}}],\"inLanguage\":\"fr-FR\"},{\"@type\":\"Organization\",\"@id\":\"https:\/\/b2b.calibereurope.com\/#organization\",\"name\":\"Caliber Europe B.V.\",\"url\":\"https:\/\/b2b.calibereurope.com\/\",\"logo\":{\"@type\":\"ImageObject\",\"inLanguage\":\"fr-FR\",\"@id\":\"https:\/\/b2b.calibereurope.com\/#\/schema\/logo\/image\/\",\"url\":\"https:\/\/b2b.calibereurope.com\/wp-content\/uploads\/2020\/12\/Caliber_Logo-Black.png\",\"contentUrl\":\"https:\/\/b2b.calibereurope.com\/wp-content\/uploads\/2020\/12\/Caliber_Logo-Black.png\",\"width\":3157,\"height\":356,\"caption\":\"Caliber Europe B.V.\"},\"image\":{\"@id\":\"https:\/\/b2b.calibereurope.com\/#\/schema\/logo\/image\/\"}}]}<\/script>\n<!-- \/ Yoast SEO plugin. -->","yoast_head_json":{"title":"DVD Player Auto Charger - Compatible avec MPD178, MPD278, MPD278T, MPD298 et MPD2010T - 12V (SP -MPD -DC1)) - Caliber Europe B.V.","robots":{"index":"noindex","follow":"follow","max-snippet":"max-snippet:-1","max-image-preview":"max-image-preview:large","max-video-preview":"max-video-preview:-1"},"og_locale":"fr_FR","og_type":"article","og_title":"DVD Player Auto Charger - Compatible avec MPD178, MPD278, MPD278T, MPD298 et MPD2010T - 12V (SP -MPD -DC1)) - Caliber Europe B.V.","og_description":"Assurez-vous que vos joueurs de DVD dans la voiture sont toujours fournis avec une puissance suffisante avec ce c\u00e2ble d&#39;alimentation SP-MPD2010T-AV de Caliber. Le c\u00e2ble d&#39;alimentation est adapt\u00e9 aux joueurs DVD de Caliber MPD2010T et MPD298 . Le c\u00e2ble d&#39;alimentation double peut 2 \u00e9crans DVD avec puissance. De cette fa\u00e7on, vous pouvez profiter de films [&hellip;]","og_url":"https:\/\/b2b.calibereurope.com\/fr\/produit\/sp-mpd-dc1-fr_fr\/","og_site_name":"Caliber Europe B.V.","article_modified_time":"2023-07-31T07:58:23+00:00","og_image":[{"width":1024,"height":768,"url":"https:\/\/b2b.calibereurope.com\/wp-content\/uploads\/2021\/09\/a795660f00aaa7368e0a68080401d2f324510b60_MPD178_278_CarCharger.jpg","type":"image\/jpeg"}],"twitter_card":"summary_large_image","twitter_misc":{"Dur\u00e9e de lecture estim\u00e9e":"1 minute"},"schema":{"@context":"https:\/\/schema.org","@graph":[{"@type":"WebPage","@id":"https:\/\/b2b.calibereurope.com\/fr\/produit\/sp-mpd-dc1-fr_fr\/","url":"https:\/\/b2b.calibereurope.com\/fr\/produit\/sp-mpd-dc1-fr_fr\/","name":"DVD Player Auto Charger - Compatible avec MPD178, MPD278, MPD278T, MPD298 et MPD2010T - 12V (SP -MPD -DC1)) - Caliber Europe B.V.","isPartOf":{"@id":"https:\/\/b2b.calibereurope.com\/#website"},"primaryImageOfPage":{"@id":"https:\/\/b2b.calibereurope.com\/fr\/produit\/sp-mpd-dc1-fr_fr\/#primaryimage"},"image":{"@id":"https:\/\/b2b.calibereurope.com\/fr\/produit\/sp-mpd-dc1-fr_fr\/#primaryimage"},"thumbnailUrl":"https:\/\/b2b.calibereurope.com\/wp-content\/uploads\/2023\/07\/a795660f00aaa7368e0a68080401d2f324510b60_MPD178_278_CarCharger.jpg","datePublished":"2023-07-31T00:00:00+00:00","dateModified":"2023-07-31T07:58:23+00:00","breadcrumb":{"@id":"https:\/\/b2b.calibereurope.com\/fr\/produit\/sp-mpd-dc1-fr_fr\/#breadcrumb"},"inLanguage":"fr-FR","potentialAction":[{"@type":"ReadAction","target":["https:\/\/b2b.calibereurope.com\/fr\/produit\/sp-mpd-dc1-fr_fr\/"]}]},{"@type":"ImageObject","inLanguage":"fr-FR","@id":"https:\/\/b2b.calibereurope.com\/fr\/produit\/sp-mpd-dc1-fr_fr\/#primaryimage","url":"https:\/\/b2b.calibereurope.com\/wp-content\/uploads\/2023\/07\/a795660f00aaa7368e0a68080401d2f324510b60_MPD178_278_CarCharger.jpg","contentUrl":"https:\/\/b2b.calibereurope.com\/wp-content\/uploads\/2023\/07\/a795660f00aaa7368e0a68080401d2f324510b60_MPD178_278_CarCharger.jpg","width":1024,"height":768},{"@type":"BreadcrumbList","@id":"https:\/\/b2b.calibereurope.com\/fr\/produit\/sp-mpd-dc1-fr_fr\/#breadcrumb","itemListElement":[{"@type":"ListItem","position":1,"name":"Home","item":"https:\/\/b2b.calibereurope.com\/fr\/home\/"},{"@type":"ListItem","position":2,"name":"Boutique","item":"https:\/\/b2b.calibereurope.com\/fr\/boutique\/"},{"@type":"ListItem","position":3,"name":"C\u00e2ble d&#8217;alimentation 12 Volet unique pour la s\u00e9rie MPD (SP-MPD-DC1)"}]},{"@type":"WebSite","@id":"https:\/\/b2b.calibereurope.com\/#website","url":"https:\/\/b2b.calibereurope.com\/","name":"Caliber Europe B.V.","description":"B2B Webshop","publisher":{"@id":"https:\/\/b2b.calibereurope.com\/#organization"},"potentialAction":[{"@type":"SearchAction","target":{"@type":"EntryPoint","urlTemplate":"https:\/\/b2b.calibereurope.com\/?s={search_term_string}"},"query-input":{"@type":"PropertyValueSpecification","valueRequired":true,"valueName":"search_term_string"}}],"inLanguage":"fr-FR"},{"@type":"Organization","@id":"https:\/\/b2b.calibereurope.com\/#organization","name":"Caliber Europe B.V.","url":"https:\/\/b2b.calibereurope.com\/","logo":{"@type":"ImageObject","inLanguage":"fr-FR","@id":"https:\/\/b2b.calibereurope.com\/#\/schema\/logo\/image\/","url":"https:\/\/b2b.calibereurope.com\/wp-content\/uploads\/2020\/12\/Caliber_Logo-Black.png","contentUrl":"https:\/\/b2b.calibereurope.com\/wp-content\/uploads\/2020\/12\/Caliber_Logo-Black.png","width":3157,"height":356,"caption":"Caliber Europe B.V."},"image":{"@id":"https:\/\/b2b.calibereurope.com\/#\/schema\/logo\/image\/"}}]}},"_links":{"self":[{"href":"https:\/\/b2b.calibereurope.com\/fr\/wp-json\/wp\/v2\/product\/477784","targetHints":{"allow":["GET"]}}],"collection":[{"href":"https:\/\/b2b.calibereurope.com\/fr\/wp-json\/wp\/v2\/product"}],"about":[{"href":"https:\/\/b2b.calibereurope.com\/fr\/wp-json\/wp\/v2\/types\/product"}],"version-history":[{"count":0,"href":"https:\/\/b2b.calibereurope.com\/fr\/wp-json\/wp\/v2\/product\/477784\/revisions"}],"wp:featuredmedia":[{"embeddable":true,"href":"https:\/\/b2b.calibereurope.com\/fr\/wp-json\/wp\/v2\/media\/829206"}],"wp:attachment":[{"href":"https:\/\/b2b.calibereurope.com\/fr\/wp-json\/wp\/v2\/media?parent=477784"}],"wp:term":[{"taxonomy":"product_brand","embeddable":true,"href":"https:\/\/b2b.calibereurope.com\/fr\/wp-json\/wp\/v2\/product_brand?post=477784"},{"taxonomy":"product_cat","embeddable":true,"href":"https:\/\/b2b.calibereurope.com\/fr\/wp-json\/wp\/v2\/product_cat?post=477784"},{"taxonomy":"product_tag","embeddable":true,"href":"https:\/\/b2b.calibereurope.com\/fr\/wp-json\/wp\/v2\/product_tag?post=477784"}],"curies":[{"name":"wp","href":"https:\/\/api.w.org\/{rel}","templated":true}]}}