{"id":477804,"date":"2025-06-05T02:00:00","date_gmt":"2025-06-05T00:00:00","guid":{"rendered":""},"modified":"2025-06-05T08:23:02","modified_gmt":"2025-06-05T06:23:02","slug":"SP-MPD-DC2-fr_FR","status":"publish","type":"product","link":"https:\/\/b2b.calibereurope.com\/fr\/produit\/SP-MPD-DC2-fr_FR\/","title":{"rendered":"DVD Player Auto Charger &#8211; Compatible avec MPD178, MPD278, MPD278T, MPD298 et MPD2010T &#8211; 12V (SP -MPD -DC2))"},"content":{"rendered":"<p>Ne tombez plus jamais en panne de batterie gr\u00e2ce au c\u00e2ble d&#39;alimentation Caliber SP-MPD-DC2 <strong>pour le lecteur DVD de voiture<\/strong>. Ce c\u00e2ble d&#39;alimentation est sp\u00e9cialement con\u00e7u pour la <strong>s\u00e9rie Caliber MPD<\/strong>. Le c\u00e2ble <strong>double<\/strong> permet d\u2019alimenter deux lecteurs DVD dans la voiture, afin que vous puissiez continuer \u00e0 regarder sans interruption. Ce c\u00e2ble d\u2019alimentation 12 volts se branche facilement sur l\u2019allume-cigare. Avec une <strong>longueur de 1,2 m\u00e8tre<\/strong>, vous disposez de suffisamment de libert\u00e9 pour connecter le c\u00e2ble facilement dans la voiture.<\/p>\n<p><\/p>\n<p><strong>Caract\u00e9ristiques :<\/strong><\/p>\n<ul>\n<li>C\u00e2ble de charge double<\/li>\n<li>Compatible avec la s\u00e9rie Caliber MPD<\/li>\n<li>12 volts<\/li>\n<li>Longueur : 1,2 m\u00e8tre<\/li>\n<li>Poids : 94 grammes<\/li>\n<li>Se branche sur l\u2019allume-cigare<\/li>\n<\/ul>\n<p><strong>Attention :<\/strong> Compatible uniquement avec les mod\u00e8les Caliber MPD178, MPD278, MPD278T, MPD298 et MPD2010T<\/p>\n<h3>Regardez sans interruption<\/h3>\n<p>Avec les lecteurs DVD de la s\u00e9rie Caliber MPD, profitez de vos DVD pr\u00e9f\u00e9r\u00e9s partout et en toute tranquillit\u00e9. Les lecteurs DVD portables peuvent \u00eatre utilis\u00e9s en voiture, au camping ou au parc. Ce c\u00e2ble d\u2019alimentation pour lecteur DVD permet aux enfants de rester divertis pendant les longs trajets, car ils peuvent continuer \u00e0 regarder leurs films. M\u00eame les embouteillages deviennent supportables.<\/p>\n<h3>Connexion facile<\/h3>\n<p>Le c\u00e2ble d\u2019alimentation se connecte facilement dans la voiture. Avec une longueur de 1,2 m\u00e8tre, vous avez suffisamment d\u2019espace pour le positionner confortablement. Le c\u00e2ble 12 volts s\u2019utilise via l\u2019allume-cigare. En roulant, les deux lecteurs DVD re\u00e7oivent ainsi de l\u2019\u00e9lectricit\u00e9.<\/p>\n<h3>Compatible avec les \u00e9crans Caliber<\/h3>\n<p>Ce c\u00e2ble est compatible avec les \u00e9crans DVD Caliber de la s\u00e9rie MPD. Cette s\u00e9rie comprend de nombreux lecteurs DVD pratiques \u00e0 utiliser en voiture pour des heures de divertissement. Un accessoire indispensable pour chaque trajet ou vacances.<\/p>\n","protected":false},"excerpt":{"rendered":"<p>Ne tombez plus jamais en panne de batterie gr\u00e2ce au c\u00e2ble d&#39;alimentation Caliber SP-MPD-DC2 pour le lecteur DVD de voiture. Ce c\u00e2ble d&#39;alimentation est sp\u00e9cialement con\u00e7u pour la s\u00e9rie Caliber MPD. Le c\u00e2ble double permet d\u2019alimenter deux lecteurs DVD dans la voiture, afin que vous puissiez continuer \u00e0 regarder sans interruption. Ce c\u00e2ble d\u2019alimentation 12 [&hellip;]<\/p>\n","protected":false},"featured_media":857244,"template":"","meta":{"_acf_changed":false,"site-sidebar-layout":"default","site-content-layout":"","ast-site-content-layout":"default","site-content-style":"default","site-sidebar-style":"default","ast-global-header-display":"","ast-banner-title-visibility":"","ast-main-header-display":"","ast-hfb-above-header-display":"","ast-hfb-below-header-display":"","ast-hfb-mobile-header-display":"","site-post-title":"","ast-breadcrumbs-content":"","ast-featured-img":"","footer-sml-layout":"","theme-transparent-header-meta":"","adv-header-id-meta":"","stick-header-meta":"","header-above-stick-meta":"","header-main-stick-meta":"","header-below-stick-meta":"","astra-migrate-meta-layouts":"default","ast-page-background-enabled":"default","ast-page-background-meta":{"desktop":{"background-color":"","background-image":"","background-repeat":"repeat","background-position":"center center","background-size":"auto","background-attachment":"scroll","background-type":"","background-media":"","overlay-type":"","overlay-color":"","overlay-opacity":"","overlay-gradient":""},"tablet":{"background-color":"","background-image":"","background-repeat":"repeat","background-position":"center center","background-size":"auto","background-attachment":"scroll","background-type":"","background-media":"","overlay-type":"","overlay-color":"","overlay-opacity":"","overlay-gradient":""},"mobile":{"background-color":"","background-image":"","background-repeat":"repeat","background-position":"center center","background-size":"auto","background-attachment":"scroll","background-type":"","background-media":"","overlay-type":"","overlay-color":"","overlay-opacity":"","overlay-gradient":""}},"ast-content-background-meta":{"desktop":{"background-color":"var(--ast-global-color-5)","background-image":"","background-repeat":"repeat","background-position":"center center","background-size":"auto","background-attachment":"scroll","background-type":"","background-media":"","overlay-type":"","overlay-color":"","overlay-opacity":"","overlay-gradient":""},"tablet":{"background-color":"var(--ast-global-color-5)","background-image":"","background-repeat":"repeat","background-position":"center center","background-size":"auto","background-attachment":"scroll","background-type":"","background-media":"","overlay-type":"","overlay-color":"","overlay-opacity":"","overlay-gradient":""},"mobile":{"background-color":"var(--ast-global-color-5)","background-image":"","background-repeat":"repeat","background-position":"center center","background-size":"auto","background-attachment":"scroll","background-type":"","background-media":"","overlay-type":"","overlay-color":"","overlay-opacity":"","overlay-gradient":""}}},"product_brand":[],"product_cat":[22955],"product_tag":[],"class_list":{"0":"post-477804","1":"product","2":"type-product","3":"status-publish","4":"has-post-thumbnail","6":"product_cat-pas-de-categorie","7":"desktop-align-center","8":"tablet-align-center","9":"mobile-align-center","10":"ast-product-gallery-layout-horizontal","11":"ast-product-gallery-with-no-image","12":"ast-product-tabs-layout-horizontal","14":"first","15":"onbackorder","16":"taxable","17":"shipping-taxable","18":"purchasable","19":"product-type-simple"},"acf":[],"yoast_head":"<!-- This site is optimized with the Yoast SEO plugin v26.5 - https:\/\/yoast.com\/wordpress\/plugins\/seo\/ -->\n<title>DVD Player Auto Charger - Compatible avec MPD178, MPD278, MPD278T, MPD298 et MPD2010T - 12V (SP -MPD -DC2)) - Caliber Europe B.V.<\/title>\n<meta name=\"robots\" content=\"noindex, follow, max-snippet:-1, max-image-preview:large, max-video-preview:-1\" \/>\n<meta property=\"og:locale\" content=\"fr_FR\" \/>\n<meta property=\"og:type\" content=\"article\" \/>\n<meta property=\"og:title\" content=\"DVD Player Auto Charger - Compatible avec MPD178, MPD278, MPD278T, MPD298 et MPD2010T - 12V (SP -MPD -DC2)) - Caliber Europe B.V.\" \/>\n<meta property=\"og:description\" content=\"Ne tombez plus jamais en panne de batterie gr\u00e2ce au c\u00e2ble d&#039;alimentation Caliber SP-MPD-DC2 pour le lecteur DVD de voiture. Ce c\u00e2ble d&#039;alimentation est sp\u00e9cialement con\u00e7u pour la s\u00e9rie Caliber MPD. Le c\u00e2ble double permet d\u2019alimenter deux lecteurs DVD dans la voiture, afin que vous puissiez continuer \u00e0 regarder sans interruption. Ce c\u00e2ble d\u2019alimentation 12 [&hellip;]\" \/>\n<meta property=\"og:url\" content=\"https:\/\/b2b.calibereurope.com\/fr\/produit\/sp-mpd-dc2-fr_fr\/\" \/>\n<meta property=\"og:site_name\" content=\"Caliber Europe B.V.\" \/>\n<meta property=\"article:modified_time\" content=\"2025-06-05T06:23:02+00:00\" \/>\n<meta property=\"og:image\" content=\"https:\/\/b2b.calibereurope.com\/wp-content\/uploads\/2021\/09\/1b3664ec12f78f3585e667145ebbd09a99e6fb74_MPD278T_CarCharger_web.jpg\" \/>\n\t<meta property=\"og:image:width\" content=\"1152\" \/>\n\t<meta property=\"og:image:height\" content=\"768\" \/>\n\t<meta property=\"og:image:type\" content=\"image\/jpeg\" \/>\n<meta name=\"twitter:card\" content=\"summary_large_image\" \/>\n<meta name=\"twitter:label1\" content=\"Dur\u00e9e de lecture estim\u00e9e\" \/>\n\t<meta name=\"twitter:data1\" content=\"2 minutes\" \/>\n<script type=\"application\/ld+json\" class=\"yoast-schema-graph\">{\"@context\":\"https:\/\/schema.org\",\"@graph\":[{\"@type\":\"WebPage\",\"@id\":\"https:\/\/b2b.calibereurope.com\/fr\/produit\/sp-mpd-dc2-fr_fr\/\",\"url\":\"https:\/\/b2b.calibereurope.com\/fr\/produit\/sp-mpd-dc2-fr_fr\/\",\"name\":\"DVD Player Auto Charger - Compatible avec MPD178, MPD278, MPD278T, MPD298 et MPD2010T - 12V (SP -MPD -DC2)) - Caliber Europe B.V.\",\"isPartOf\":{\"@id\":\"https:\/\/b2b.calibereurope.com\/#website\"},\"primaryImageOfPage\":{\"@id\":\"https:\/\/b2b.calibereurope.com\/fr\/produit\/sp-mpd-dc2-fr_fr\/#primaryimage\"},\"image\":{\"@id\":\"https:\/\/b2b.calibereurope.com\/fr\/produit\/sp-mpd-dc2-fr_fr\/#primaryimage\"},\"thumbnailUrl\":\"https:\/\/b2b.calibereurope.com\/wp-content\/uploads\/2025\/06\/1b3664ec12f78f3585e667145ebbd09a99e6fb74_MPD278T_CarCharger_web.jpg\",\"datePublished\":\"2025-06-05T00:00:00+00:00\",\"dateModified\":\"2025-06-05T06:23:02+00:00\",\"breadcrumb\":{\"@id\":\"https:\/\/b2b.calibereurope.com\/fr\/produit\/sp-mpd-dc2-fr_fr\/#breadcrumb\"},\"inLanguage\":\"fr-FR\",\"potentialAction\":[{\"@type\":\"ReadAction\",\"target\":[\"https:\/\/b2b.calibereurope.com\/fr\/produit\/sp-mpd-dc2-fr_fr\/\"]}]},{\"@type\":\"ImageObject\",\"inLanguage\":\"fr-FR\",\"@id\":\"https:\/\/b2b.calibereurope.com\/fr\/produit\/sp-mpd-dc2-fr_fr\/#primaryimage\",\"url\":\"https:\/\/b2b.calibereurope.com\/wp-content\/uploads\/2025\/06\/1b3664ec12f78f3585e667145ebbd09a99e6fb74_MPD278T_CarCharger_web.jpg\",\"contentUrl\":\"https:\/\/b2b.calibereurope.com\/wp-content\/uploads\/2025\/06\/1b3664ec12f78f3585e667145ebbd09a99e6fb74_MPD278T_CarCharger_web.jpg\",\"width\":1152,\"height\":768},{\"@type\":\"BreadcrumbList\",\"@id\":\"https:\/\/b2b.calibereurope.com\/fr\/produit\/sp-mpd-dc2-fr_fr\/#breadcrumb\",\"itemListElement\":[{\"@type\":\"ListItem\",\"position\":1,\"name\":\"Home\",\"item\":\"https:\/\/b2b.calibereurope.com\/fr\/home\/\"},{\"@type\":\"ListItem\",\"position\":2,\"name\":\"Boutique\",\"item\":\"https:\/\/b2b.calibereurope.com\/fr\/boutique\/\"},{\"@type\":\"ListItem\",\"position\":3,\"name\":\"C\u00e2ble d&#8217;alimentation 12 Volt Deux fois pour la s\u00e9rie MPD (SP-MPD-DC2)\"}]},{\"@type\":\"WebSite\",\"@id\":\"https:\/\/b2b.calibereurope.com\/#website\",\"url\":\"https:\/\/b2b.calibereurope.com\/\",\"name\":\"Caliber Europe B.V.\",\"description\":\"B2B Webshop\",\"publisher\":{\"@id\":\"https:\/\/b2b.calibereurope.com\/#organization\"},\"potentialAction\":[{\"@type\":\"SearchAction\",\"target\":{\"@type\":\"EntryPoint\",\"urlTemplate\":\"https:\/\/b2b.calibereurope.com\/?s={search_term_string}\"},\"query-input\":{\"@type\":\"PropertyValueSpecification\",\"valueRequired\":true,\"valueName\":\"search_term_string\"}}],\"inLanguage\":\"fr-FR\"},{\"@type\":\"Organization\",\"@id\":\"https:\/\/b2b.calibereurope.com\/#organization\",\"name\":\"Caliber Europe B.V.\",\"url\":\"https:\/\/b2b.calibereurope.com\/\",\"logo\":{\"@type\":\"ImageObject\",\"inLanguage\":\"fr-FR\",\"@id\":\"https:\/\/b2b.calibereurope.com\/#\/schema\/logo\/image\/\",\"url\":\"https:\/\/b2b.calibereurope.com\/wp-content\/uploads\/2020\/12\/Caliber_Logo-Black.png\",\"contentUrl\":\"https:\/\/b2b.calibereurope.com\/wp-content\/uploads\/2020\/12\/Caliber_Logo-Black.png\",\"width\":3157,\"height\":356,\"caption\":\"Caliber Europe B.V.\"},\"image\":{\"@id\":\"https:\/\/b2b.calibereurope.com\/#\/schema\/logo\/image\/\"}}]}<\/script>\n<!-- \/ Yoast SEO plugin. -->","yoast_head_json":{"title":"DVD Player Auto Charger - Compatible avec MPD178, MPD278, MPD278T, MPD298 et MPD2010T - 12V (SP -MPD -DC2)) - Caliber Europe B.V.","robots":{"index":"noindex","follow":"follow","max-snippet":"max-snippet:-1","max-image-preview":"max-image-preview:large","max-video-preview":"max-video-preview:-1"},"og_locale":"fr_FR","og_type":"article","og_title":"DVD Player Auto Charger - Compatible avec MPD178, MPD278, MPD278T, MPD298 et MPD2010T - 12V (SP -MPD -DC2)) - Caliber Europe B.V.","og_description":"Ne tombez plus jamais en panne de batterie gr\u00e2ce au c\u00e2ble d&#39;alimentation Caliber SP-MPD-DC2 pour le lecteur DVD de voiture. Ce c\u00e2ble d&#39;alimentation est sp\u00e9cialement con\u00e7u pour la s\u00e9rie Caliber MPD. Le c\u00e2ble double permet d\u2019alimenter deux lecteurs DVD dans la voiture, afin que vous puissiez continuer \u00e0 regarder sans interruption. Ce c\u00e2ble d\u2019alimentation 12 [&hellip;]","og_url":"https:\/\/b2b.calibereurope.com\/fr\/produit\/sp-mpd-dc2-fr_fr\/","og_site_name":"Caliber Europe B.V.","article_modified_time":"2025-06-05T06:23:02+00:00","og_image":[{"width":1152,"height":768,"url":"https:\/\/b2b.calibereurope.com\/wp-content\/uploads\/2021\/09\/1b3664ec12f78f3585e667145ebbd09a99e6fb74_MPD278T_CarCharger_web.jpg","type":"image\/jpeg"}],"twitter_card":"summary_large_image","twitter_misc":{"Dur\u00e9e de lecture estim\u00e9e":"2 minutes"},"schema":{"@context":"https:\/\/schema.org","@graph":[{"@type":"WebPage","@id":"https:\/\/b2b.calibereurope.com\/fr\/produit\/sp-mpd-dc2-fr_fr\/","url":"https:\/\/b2b.calibereurope.com\/fr\/produit\/sp-mpd-dc2-fr_fr\/","name":"DVD Player Auto Charger - Compatible avec MPD178, MPD278, MPD278T, MPD298 et MPD2010T - 12V (SP -MPD -DC2)) - Caliber Europe B.V.","isPartOf":{"@id":"https:\/\/b2b.calibereurope.com\/#website"},"primaryImageOfPage":{"@id":"https:\/\/b2b.calibereurope.com\/fr\/produit\/sp-mpd-dc2-fr_fr\/#primaryimage"},"image":{"@id":"https:\/\/b2b.calibereurope.com\/fr\/produit\/sp-mpd-dc2-fr_fr\/#primaryimage"},"thumbnailUrl":"https:\/\/b2b.calibereurope.com\/wp-content\/uploads\/2025\/06\/1b3664ec12f78f3585e667145ebbd09a99e6fb74_MPD278T_CarCharger_web.jpg","datePublished":"2025-06-05T00:00:00+00:00","dateModified":"2025-06-05T06:23:02+00:00","breadcrumb":{"@id":"https:\/\/b2b.calibereurope.com\/fr\/produit\/sp-mpd-dc2-fr_fr\/#breadcrumb"},"inLanguage":"fr-FR","potentialAction":[{"@type":"ReadAction","target":["https:\/\/b2b.calibereurope.com\/fr\/produit\/sp-mpd-dc2-fr_fr\/"]}]},{"@type":"ImageObject","inLanguage":"fr-FR","@id":"https:\/\/b2b.calibereurope.com\/fr\/produit\/sp-mpd-dc2-fr_fr\/#primaryimage","url":"https:\/\/b2b.calibereurope.com\/wp-content\/uploads\/2025\/06\/1b3664ec12f78f3585e667145ebbd09a99e6fb74_MPD278T_CarCharger_web.jpg","contentUrl":"https:\/\/b2b.calibereurope.com\/wp-content\/uploads\/2025\/06\/1b3664ec12f78f3585e667145ebbd09a99e6fb74_MPD278T_CarCharger_web.jpg","width":1152,"height":768},{"@type":"BreadcrumbList","@id":"https:\/\/b2b.calibereurope.com\/fr\/produit\/sp-mpd-dc2-fr_fr\/#breadcrumb","itemListElement":[{"@type":"ListItem","position":1,"name":"Home","item":"https:\/\/b2b.calibereurope.com\/fr\/home\/"},{"@type":"ListItem","position":2,"name":"Boutique","item":"https:\/\/b2b.calibereurope.com\/fr\/boutique\/"},{"@type":"ListItem","position":3,"name":"C\u00e2ble d&#8217;alimentation 12 Volt Deux fois pour la s\u00e9rie MPD (SP-MPD-DC2)"}]},{"@type":"WebSite","@id":"https:\/\/b2b.calibereurope.com\/#website","url":"https:\/\/b2b.calibereurope.com\/","name":"Caliber Europe B.V.","description":"B2B Webshop","publisher":{"@id":"https:\/\/b2b.calibereurope.com\/#organization"},"potentialAction":[{"@type":"SearchAction","target":{"@type":"EntryPoint","urlTemplate":"https:\/\/b2b.calibereurope.com\/?s={search_term_string}"},"query-input":{"@type":"PropertyValueSpecification","valueRequired":true,"valueName":"search_term_string"}}],"inLanguage":"fr-FR"},{"@type":"Organization","@id":"https:\/\/b2b.calibereurope.com\/#organization","name":"Caliber Europe B.V.","url":"https:\/\/b2b.calibereurope.com\/","logo":{"@type":"ImageObject","inLanguage":"fr-FR","@id":"https:\/\/b2b.calibereurope.com\/#\/schema\/logo\/image\/","url":"https:\/\/b2b.calibereurope.com\/wp-content\/uploads\/2020\/12\/Caliber_Logo-Black.png","contentUrl":"https:\/\/b2b.calibereurope.com\/wp-content\/uploads\/2020\/12\/Caliber_Logo-Black.png","width":3157,"height":356,"caption":"Caliber Europe B.V."},"image":{"@id":"https:\/\/b2b.calibereurope.com\/#\/schema\/logo\/image\/"}}]}},"_links":{"self":[{"href":"https:\/\/b2b.calibereurope.com\/fr\/wp-json\/wp\/v2\/product\/477804","targetHints":{"allow":["GET"]}}],"collection":[{"href":"https:\/\/b2b.calibereurope.com\/fr\/wp-json\/wp\/v2\/product"}],"about":[{"href":"https:\/\/b2b.calibereurope.com\/fr\/wp-json\/wp\/v2\/types\/product"}],"version-history":[{"count":0,"href":"https:\/\/b2b.calibereurope.com\/fr\/wp-json\/wp\/v2\/product\/477804\/revisions"}],"wp:featuredmedia":[{"embeddable":true,"href":"https:\/\/b2b.calibereurope.com\/fr\/wp-json\/wp\/v2\/media\/857244"}],"wp:attachment":[{"href":"https:\/\/b2b.calibereurope.com\/fr\/wp-json\/wp\/v2\/media?parent=477804"}],"wp:term":[{"taxonomy":"product_brand","embeddable":true,"href":"https:\/\/b2b.calibereurope.com\/fr\/wp-json\/wp\/v2\/product_brand?post=477804"},{"taxonomy":"product_cat","embeddable":true,"href":"https:\/\/b2b.calibereurope.com\/fr\/wp-json\/wp\/v2\/product_cat?post=477804"},{"taxonomy":"product_tag","embeddable":true,"href":"https:\/\/b2b.calibereurope.com\/fr\/wp-json\/wp\/v2\/product_tag?post=477804"}],"curies":[{"name":"wp","href":"https:\/\/api.w.org\/{rel}","templated":true}]}}