{"id":478408,"date":"2026-04-07T00:00:00","date_gmt":"2026-04-07T00:00:00","guid":{"rendered":"0"},"modified":"2026-04-07T07:23:29","modified_gmt":"2026-04-07T05:23:29","slug":"HCG006-fr_FR","status":"publish","type":"product","link":"https:\/\/b2b.calibereurope.com\/fr\/produit\/HCG006-fr_FR\/","title":{"rendered":"R\u00e9veil num\u00e9rique avec fonction snooze &#8211; Double alarme &#8211; Grand \u00e9cran rouge &#8211; Design \u00e9l\u00e9gant (HCG006)"},"content":{"rendered":"<p><span>Le <\/span><b>r&eacute;veil num&eacute;rique HCG006<\/b><span> est un best-seller depuis des ann&eacute;es ! Gr&acirc;ce &agrave; ses nombreuses options de r&eacute;glage, vous pouvez l&rsquo;adapter enti&egrave;rement &agrave; vos pr&eacute;f&eacute;rences afin de vous r&eacute;veiller repos&eacute; chaque matin.<\/span><\/p>\n<p><span>Placez-le sur votre table de nuit et branchez-le sur le <\/span><b>secteur<\/b><span>, ou emportez-le en <\/span><b>voyage<\/b><span> et utilisez-le avec <\/span><b>3 piles AAA<\/b><span>. Gr&acirc;ce &agrave; son <\/span><b>&eacute;cran r&eacute;glable<\/b><span>, vous ne serez pas d&eacute;rang&eacute; par une lumi&egrave;re trop forte la nuit.<\/span><\/p>\n<p><span>Ce qui rend ce r&eacute;veil vraiment unique, c&rsquo;est la <\/span><b>dur&eacute;e de la fonction snooze r&eacute;glable<\/b><span>. Sur la plupart des r&eacute;veils, la dur&eacute;e de la r&eacute;p&eacute;tition est fix&eacute;e &agrave; 9 minutes, mais avec ce mod&egrave;le,<\/span><b> vous choisissez vous-m&ecirc;me combien de temps vous souhaitez rester au lit<\/b><span>. Vous avez besoin de quelques minutes suppl&eacute;mentaires le matin ? Accordez-vous ce temps en plus. Vous pr&eacute;f&eacute;rez vous lever imm&eacute;diatement ? R&eacute;glez un snooze plus court et commencez votre journ&eacute;e plus rapidement.<\/span><\/p>\n<p><span>De plus, les <\/span><b>deux alarmes programmables<\/b><span> vous permettent de d&eacute;finir exactement quand vous souhaitez &ecirc;tre r&eacute;veill&eacute; : uniquement <\/span><b>en semaine, y compris le samedi ou tous les jours<\/b><span>.<\/span><\/p>\n<p>&nbsp;<\/p>\n<p><b>Caract&eacute;ristiques du produit :<\/b><\/p>\n<ul>\n<li aria-level=\"1\"><span>Grand &eacute;cran LED r&eacute;glable&nbsp;<\/span><\/li>\n<li aria-level=\"1\"><span>&Eacute;cran : 160x60mm<\/span><\/li>\n<li aria-level=\"1\"><span>Couleur de l&#39;affichage : rouge<\/span><\/li>\n<li aria-level=\"1\"><span>Couleur de l&rsquo;horloge : noire<\/span><\/li>\n<li aria-level=\"1\"><span>Fonction temp&eacute;rature<\/span><\/li>\n<li aria-level=\"1\"><span>Affichage de la date&nbsp;<\/span><\/li>\n<li aria-level=\"1\"><span>Deux alarmes programmables&nbsp;<\/span><\/li>\n<li aria-level=\"1\"><span>Mode nuit pour l&rsquo;&eacute;cran&nbsp;<\/span><\/li>\n<li aria-level=\"1\"><span>Dur&eacute;e de snooze r&eacute;glable &ndash; choisissez votre propre intervalle<\/span><\/li>\n<li aria-level=\"1\"><span>Fonctionne sur secteur ou avec 3 piles AAA<\/span><\/li>\n<li aria-level=\"1\"><span>Mode &eacute;conomie d&rsquo;&eacute;nergie sur piles&nbsp;<\/span><\/li>\n<li aria-level=\"1\"><span>Format compact : 165x29x80mm<\/span><\/li>\n<li aria-level=\"1\"><span>Poids : 112g<\/span><\/li>\n<li aria-level=\"1\">C&acirc;ble d&#39;alimentation inclus (adaptateur non fourni, fonctionne avec n&#39;importe quel adaptateur USB-A 1,5 A), manuel d&#39;utilisation<\/li>\n<\/ul>\n<p>&nbsp;<\/p>\n<h3><b>Design moderne avec &eacute;cran LED<\/b><\/h3>\n<p><span>Le grand &eacute;cran LED est clair et s&#39;adapte automatiquement &agrave; la luminosit&eacute; de la pi&egrave;ce, ce qui le rend facilement lisible pendant la journ&eacute;e et non &eacute;blouissant la nuit. Vous pouvez &eacute;galement r&eacute;gler la luminosit&eacute; manuellement. De plus, le r&eacute;veil dispose d&rsquo;un affichage de la date pratique, vous permettant de voir l&#39;heure et la date d&rsquo;un seul coup d&#39;&oelig;il.<\/span><\/p>\n<h3><b>Fonctionnalit&eacute;s intelligentes pour un r&eacute;veil en douceur<\/b><\/h3>\n<p><span>Avec deux alarmes programmables, vous pouvez d&eacute;finir pr&eacute;cis&eacute;ment quand vous souhaitez &ecirc;tre r&eacute;veill&eacute; : uniquement en semaine, y compris le samedi ou tous les jours. La dur&eacute;e de la fonction snooze est une fonctionnalit&eacute; unique &ndash; au lieu des 9 minutes fixes habituelles, vous pouvez choisir vous-m&ecirc;me la dur&eacute;e de votre snooze.<\/span><\/p>\n<h3><b>Parfait pour la maison et les voyages<\/b><\/h3>\n<p><span>Gr&acirc;ce au mode batterie (3x AAA), le HCG006 est non seulement id&eacute;al pour votre table de nuit, mais aussi comme r&eacute;veil de voyage. En mode batterie, l&rsquo;&eacute;cran s&rsquo;&eacute;teint apr&egrave;s 16 secondes pour &eacute;conomiser de l&rsquo;&eacute;nergie. Vous voulez voir l&rsquo;heure ? Une simple touche suffit pour r&eacute;activer l&rsquo;affichage. Ainsi, vous avez toujours un r&eacute;veil fiable, o&ugrave; que vous soyez.<\/span><\/p>\n","protected":false},"excerpt":{"rendered":"<p>Le r&eacute;veil num&eacute;rique HCG006 est un best-seller depuis des ann&eacute;es ! Gr&acirc;ce &agrave; ses nombreuses options de r&eacute;glage, vous pouvez l&rsquo;adapter enti&egrave;rement &agrave; vos pr&eacute;f&eacute;rences afin de vous r&eacute;veiller repos&eacute; chaque matin. Placez-le sur votre table de nuit et branchez-le sur le secteur, ou emportez-le en voyage et utilisez-le avec 3 piles AAA. Gr&acirc;ce &agrave; [&hellip;]<\/p>\n","protected":false},"featured_media":872626,"template":"","meta":{"_acf_changed":false,"site-sidebar-layout":"default","site-content-layout":"","ast-site-content-layout":"default","site-content-style":"default","site-sidebar-style":"default","ast-global-header-display":"","ast-banner-title-visibility":"","ast-main-header-display":"","ast-hfb-above-header-display":"","ast-hfb-below-header-display":"","ast-hfb-mobile-header-display":"","site-post-title":"","ast-breadcrumbs-content":"","ast-featured-img":"","footer-sml-layout":"","theme-transparent-header-meta":"","adv-header-id-meta":"","stick-header-meta":"","header-above-stick-meta":"","header-main-stick-meta":"","header-below-stick-meta":"","astra-migrate-meta-layouts":"default","ast-page-background-enabled":"default","ast-page-background-meta":{"desktop":{"background-color":"","background-image":"","background-repeat":"repeat","background-position":"center center","background-size":"auto","background-attachment":"scroll","background-type":"","background-media":"","overlay-type":"","overlay-color":"","overlay-opacity":"","overlay-gradient":""},"tablet":{"background-color":"","background-image":"","background-repeat":"repeat","background-position":"center center","background-size":"auto","background-attachment":"scroll","background-type":"","background-media":"","overlay-type":"","overlay-color":"","overlay-opacity":"","overlay-gradient":""},"mobile":{"background-color":"","background-image":"","background-repeat":"repeat","background-position":"center center","background-size":"auto","background-attachment":"scroll","background-type":"","background-media":"","overlay-type":"","overlay-color":"","overlay-opacity":"","overlay-gradient":""}},"ast-content-background-meta":{"desktop":{"background-color":"var(--ast-global-color-5)","background-image":"","background-repeat":"repeat","background-position":"center center","background-size":"auto","background-attachment":"scroll","background-type":"","background-media":"","overlay-type":"","overlay-color":"","overlay-opacity":"","overlay-gradient":""},"tablet":{"background-color":"var(--ast-global-color-5)","background-image":"","background-repeat":"repeat","background-position":"center center","background-size":"auto","background-attachment":"scroll","background-type":"","background-media":"","overlay-type":"","overlay-color":"","overlay-opacity":"","overlay-gradient":""},"mobile":{"background-color":"var(--ast-global-color-5)","background-image":"","background-repeat":"repeat","background-position":"center center","background-size":"auto","background-attachment":"scroll","background-type":"","background-media":"","overlay-type":"","overlay-color":"","overlay-opacity":"","overlay-gradient":""}}},"product_brand":[],"product_cat":[12274,12262],"product_tag":[],"class_list":{"0":"post-478408","1":"product","2":"type-product","3":"status-publish","4":"has-post-thumbnail","6":"product_cat-wekker_radios_fr_fr","7":"product_cat-wonen_fr_fr","8":"desktop-align-center","9":"tablet-align-center","10":"mobile-align-center","11":"ast-product-gallery-layout-horizontal","12":"ast-product-gallery-with-no-image","13":"ast-product-tabs-layout-horizontal","15":"first","16":"instock","17":"taxable","18":"shipping-taxable","19":"purchasable","20":"product-type-simple"},"acf":[],"yoast_head":"<!-- This site is optimized with the Yoast SEO plugin v26.5 - https:\/\/yoast.com\/wordpress\/plugins\/seo\/ -->\n<title>R\u00e9veil num\u00e9rique avec fonction snooze - Double alarme - Grand \u00e9cran rouge - Design \u00e9l\u00e9gant (HCG006) - Caliber Europe B.V.<\/title>\n<meta name=\"robots\" content=\"noindex, follow, max-snippet:-1, max-image-preview:large, max-video-preview:-1\" \/>\n<meta property=\"og:locale\" content=\"fr_FR\" \/>\n<meta property=\"og:type\" content=\"article\" \/>\n<meta property=\"og:title\" content=\"R\u00e9veil num\u00e9rique avec fonction snooze - Double alarme - Grand \u00e9cran rouge - Design \u00e9l\u00e9gant (HCG006) - Caliber Europe B.V.\" \/>\n<meta property=\"og:description\" content=\"Le r&eacute;veil num&eacute;rique HCG006 est un best-seller depuis des ann&eacute;es ! Gr&acirc;ce &agrave; ses nombreuses options de r&eacute;glage, vous pouvez l&rsquo;adapter enti&egrave;rement &agrave; vos pr&eacute;f&eacute;rences afin de vous r&eacute;veiller repos&eacute; chaque matin. Placez-le sur votre table de nuit et branchez-le sur le secteur, ou emportez-le en voyage et utilisez-le avec 3 piles AAA. Gr&acirc;ce &agrave; [&hellip;]\" \/>\n<meta property=\"og:url\" content=\"https:\/\/b2b.calibereurope.com\/fr\/produit\/hcg006-fr_fr\/\" \/>\n<meta property=\"og:site_name\" content=\"Caliber Europe B.V.\" \/>\n<meta property=\"article:modified_time\" content=\"2026-04-07T05:23:29+00:00\" \/>\n<meta property=\"og:image\" content=\"https:\/\/b2b.calibereurope.com\/wp-content\/uploads\/2021\/09\/555304dbbeaec1bd7de213b0b36c827f1d88d791_HCG006_Front_WEB.jpg\" \/>\n\t<meta property=\"og:image:width\" content=\"1024\" \/>\n\t<meta property=\"og:image:height\" content=\"768\" \/>\n\t<meta property=\"og:image:type\" content=\"image\/jpeg\" \/>\n<meta name=\"twitter:card\" content=\"summary_large_image\" \/>\n<meta name=\"twitter:label1\" content=\"Dur\u00e9e de lecture estim\u00e9e\" \/>\n\t<meta name=\"twitter:data1\" content=\"3 minutes\" \/>\n<script type=\"application\/ld+json\" class=\"yoast-schema-graph\">{\"@context\":\"https:\/\/schema.org\",\"@graph\":[{\"@type\":\"WebPage\",\"@id\":\"https:\/\/b2b.calibereurope.com\/fr\/produit\/hcg006-fr_fr\/\",\"url\":\"https:\/\/b2b.calibereurope.com\/fr\/produit\/hcg006-fr_fr\/\",\"name\":\"R\u00e9veil num\u00e9rique avec fonction snooze - Double alarme - Grand \u00e9cran rouge - Design \u00e9l\u00e9gant (HCG006) - Caliber Europe B.V.\",\"isPartOf\":{\"@id\":\"https:\/\/b2b.calibereurope.com\/#website\"},\"primaryImageOfPage\":{\"@id\":\"https:\/\/b2b.calibereurope.com\/fr\/produit\/hcg006-fr_fr\/#primaryimage\"},\"image\":{\"@id\":\"https:\/\/b2b.calibereurope.com\/fr\/produit\/hcg006-fr_fr\/#primaryimage\"},\"thumbnailUrl\":\"https:\/\/b2b.calibereurope.com\/wp-content\/uploads\/2026\/04\/01de54635f9df388f0f2e80880103dffa882b748_HCG006_top_right-2.jpg\",\"datePublished\":\"2026-04-07T00:00:00+00:00\",\"dateModified\":\"2026-04-07T05:23:29+00:00\",\"breadcrumb\":{\"@id\":\"https:\/\/b2b.calibereurope.com\/fr\/produit\/hcg006-fr_fr\/#breadcrumb\"},\"inLanguage\":\"fr-FR\",\"potentialAction\":[{\"@type\":\"ReadAction\",\"target\":[\"https:\/\/b2b.calibereurope.com\/fr\/produit\/hcg006-fr_fr\/\"]}]},{\"@type\":\"ImageObject\",\"inLanguage\":\"fr-FR\",\"@id\":\"https:\/\/b2b.calibereurope.com\/fr\/produit\/hcg006-fr_fr\/#primaryimage\",\"url\":\"https:\/\/b2b.calibereurope.com\/wp-content\/uploads\/2026\/04\/01de54635f9df388f0f2e80880103dffa882b748_HCG006_top_right-2.jpg\",\"contentUrl\":\"https:\/\/b2b.calibereurope.com\/wp-content\/uploads\/2026\/04\/01de54635f9df388f0f2e80880103dffa882b748_HCG006_top_right-2.jpg\",\"width\":2000,\"height\":2000},{\"@type\":\"BreadcrumbList\",\"@id\":\"https:\/\/b2b.calibereurope.com\/fr\/produit\/hcg006-fr_fr\/#breadcrumb\",\"itemListElement\":[{\"@type\":\"ListItem\",\"position\":1,\"name\":\"Home\",\"item\":\"https:\/\/b2b.calibereurope.com\/fr\/home\/\"},{\"@type\":\"ListItem\",\"position\":2,\"name\":\"Boutique\",\"item\":\"https:\/\/b2b.calibereurope.com\/fr\/boutique\/\"},{\"@type\":\"ListItem\",\"position\":3,\"name\":\"R\u00e9veil \u00e0 grand affichage &#8211; Noir (HCG006)\"}]},{\"@type\":\"WebSite\",\"@id\":\"https:\/\/b2b.calibereurope.com\/#website\",\"url\":\"https:\/\/b2b.calibereurope.com\/\",\"name\":\"Caliber Europe B.V.\",\"description\":\"B2B Webshop\",\"publisher\":{\"@id\":\"https:\/\/b2b.calibereurope.com\/#organization\"},\"potentialAction\":[{\"@type\":\"SearchAction\",\"target\":{\"@type\":\"EntryPoint\",\"urlTemplate\":\"https:\/\/b2b.calibereurope.com\/?s={search_term_string}\"},\"query-input\":{\"@type\":\"PropertyValueSpecification\",\"valueRequired\":true,\"valueName\":\"search_term_string\"}}],\"inLanguage\":\"fr-FR\"},{\"@type\":\"Organization\",\"@id\":\"https:\/\/b2b.calibereurope.com\/#organization\",\"name\":\"Caliber Europe B.V.\",\"url\":\"https:\/\/b2b.calibereurope.com\/\",\"logo\":{\"@type\":\"ImageObject\",\"inLanguage\":\"fr-FR\",\"@id\":\"https:\/\/b2b.calibereurope.com\/#\/schema\/logo\/image\/\",\"url\":\"https:\/\/b2b.calibereurope.com\/wp-content\/uploads\/2020\/12\/Caliber_Logo-Black.png\",\"contentUrl\":\"https:\/\/b2b.calibereurope.com\/wp-content\/uploads\/2020\/12\/Caliber_Logo-Black.png\",\"width\":3157,\"height\":356,\"caption\":\"Caliber Europe B.V.\"},\"image\":{\"@id\":\"https:\/\/b2b.calibereurope.com\/#\/schema\/logo\/image\/\"}}]}<\/script>\n<!-- \/ Yoast SEO plugin. -->","yoast_head_json":{"title":"R\u00e9veil num\u00e9rique avec fonction snooze - Double alarme - Grand \u00e9cran rouge - Design \u00e9l\u00e9gant (HCG006) - Caliber Europe B.V.","robots":{"index":"noindex","follow":"follow","max-snippet":"max-snippet:-1","max-image-preview":"max-image-preview:large","max-video-preview":"max-video-preview:-1"},"og_locale":"fr_FR","og_type":"article","og_title":"R\u00e9veil num\u00e9rique avec fonction snooze - Double alarme - Grand \u00e9cran rouge - Design \u00e9l\u00e9gant (HCG006) - Caliber Europe B.V.","og_description":"Le r&eacute;veil num&eacute;rique HCG006 est un best-seller depuis des ann&eacute;es ! Gr&acirc;ce &agrave; ses nombreuses options de r&eacute;glage, vous pouvez l&rsquo;adapter enti&egrave;rement &agrave; vos pr&eacute;f&eacute;rences afin de vous r&eacute;veiller repos&eacute; chaque matin. Placez-le sur votre table de nuit et branchez-le sur le secteur, ou emportez-le en voyage et utilisez-le avec 3 piles AAA. Gr&acirc;ce &agrave; [&hellip;]","og_url":"https:\/\/b2b.calibereurope.com\/fr\/produit\/hcg006-fr_fr\/","og_site_name":"Caliber Europe B.V.","article_modified_time":"2026-04-07T05:23:29+00:00","og_image":[{"width":1024,"height":768,"url":"https:\/\/b2b.calibereurope.com\/wp-content\/uploads\/2021\/09\/555304dbbeaec1bd7de213b0b36c827f1d88d791_HCG006_Front_WEB.jpg","type":"image\/jpeg"}],"twitter_card":"summary_large_image","twitter_misc":{"Dur\u00e9e de lecture estim\u00e9e":"3 minutes"},"schema":{"@context":"https:\/\/schema.org","@graph":[{"@type":"WebPage","@id":"https:\/\/b2b.calibereurope.com\/fr\/produit\/hcg006-fr_fr\/","url":"https:\/\/b2b.calibereurope.com\/fr\/produit\/hcg006-fr_fr\/","name":"R\u00e9veil num\u00e9rique avec fonction snooze - Double alarme - Grand \u00e9cran rouge - Design \u00e9l\u00e9gant (HCG006) - Caliber Europe B.V.","isPartOf":{"@id":"https:\/\/b2b.calibereurope.com\/#website"},"primaryImageOfPage":{"@id":"https:\/\/b2b.calibereurope.com\/fr\/produit\/hcg006-fr_fr\/#primaryimage"},"image":{"@id":"https:\/\/b2b.calibereurope.com\/fr\/produit\/hcg006-fr_fr\/#primaryimage"},"thumbnailUrl":"https:\/\/b2b.calibereurope.com\/wp-content\/uploads\/2026\/04\/01de54635f9df388f0f2e80880103dffa882b748_HCG006_top_right-2.jpg","datePublished":"2026-04-07T00:00:00+00:00","dateModified":"2026-04-07T05:23:29+00:00","breadcrumb":{"@id":"https:\/\/b2b.calibereurope.com\/fr\/produit\/hcg006-fr_fr\/#breadcrumb"},"inLanguage":"fr-FR","potentialAction":[{"@type":"ReadAction","target":["https:\/\/b2b.calibereurope.com\/fr\/produit\/hcg006-fr_fr\/"]}]},{"@type":"ImageObject","inLanguage":"fr-FR","@id":"https:\/\/b2b.calibereurope.com\/fr\/produit\/hcg006-fr_fr\/#primaryimage","url":"https:\/\/b2b.calibereurope.com\/wp-content\/uploads\/2026\/04\/01de54635f9df388f0f2e80880103dffa882b748_HCG006_top_right-2.jpg","contentUrl":"https:\/\/b2b.calibereurope.com\/wp-content\/uploads\/2026\/04\/01de54635f9df388f0f2e80880103dffa882b748_HCG006_top_right-2.jpg","width":2000,"height":2000},{"@type":"BreadcrumbList","@id":"https:\/\/b2b.calibereurope.com\/fr\/produit\/hcg006-fr_fr\/#breadcrumb","itemListElement":[{"@type":"ListItem","position":1,"name":"Home","item":"https:\/\/b2b.calibereurope.com\/fr\/home\/"},{"@type":"ListItem","position":2,"name":"Boutique","item":"https:\/\/b2b.calibereurope.com\/fr\/boutique\/"},{"@type":"ListItem","position":3,"name":"R\u00e9veil \u00e0 grand affichage &#8211; Noir (HCG006)"}]},{"@type":"WebSite","@id":"https:\/\/b2b.calibereurope.com\/#website","url":"https:\/\/b2b.calibereurope.com\/","name":"Caliber Europe B.V.","description":"B2B Webshop","publisher":{"@id":"https:\/\/b2b.calibereurope.com\/#organization"},"potentialAction":[{"@type":"SearchAction","target":{"@type":"EntryPoint","urlTemplate":"https:\/\/b2b.calibereurope.com\/?s={search_term_string}"},"query-input":{"@type":"PropertyValueSpecification","valueRequired":true,"valueName":"search_term_string"}}],"inLanguage":"fr-FR"},{"@type":"Organization","@id":"https:\/\/b2b.calibereurope.com\/#organization","name":"Caliber Europe B.V.","url":"https:\/\/b2b.calibereurope.com\/","logo":{"@type":"ImageObject","inLanguage":"fr-FR","@id":"https:\/\/b2b.calibereurope.com\/#\/schema\/logo\/image\/","url":"https:\/\/b2b.calibereurope.com\/wp-content\/uploads\/2020\/12\/Caliber_Logo-Black.png","contentUrl":"https:\/\/b2b.calibereurope.com\/wp-content\/uploads\/2020\/12\/Caliber_Logo-Black.png","width":3157,"height":356,"caption":"Caliber Europe B.V."},"image":{"@id":"https:\/\/b2b.calibereurope.com\/#\/schema\/logo\/image\/"}}]}},"_links":{"self":[{"href":"https:\/\/b2b.calibereurope.com\/fr\/wp-json\/wp\/v2\/product\/478408","targetHints":{"allow":["GET"]}}],"collection":[{"href":"https:\/\/b2b.calibereurope.com\/fr\/wp-json\/wp\/v2\/product"}],"about":[{"href":"https:\/\/b2b.calibereurope.com\/fr\/wp-json\/wp\/v2\/types\/product"}],"version-history":[{"count":0,"href":"https:\/\/b2b.calibereurope.com\/fr\/wp-json\/wp\/v2\/product\/478408\/revisions"}],"wp:featuredmedia":[{"embeddable":true,"href":"https:\/\/b2b.calibereurope.com\/fr\/wp-json\/wp\/v2\/media\/872626"}],"wp:attachment":[{"href":"https:\/\/b2b.calibereurope.com\/fr\/wp-json\/wp\/v2\/media?parent=478408"}],"wp:term":[{"taxonomy":"product_brand","embeddable":true,"href":"https:\/\/b2b.calibereurope.com\/fr\/wp-json\/wp\/v2\/product_brand?post=478408"},{"taxonomy":"product_cat","embeddable":true,"href":"https:\/\/b2b.calibereurope.com\/fr\/wp-json\/wp\/v2\/product_cat?post=478408"},{"taxonomy":"product_tag","embeddable":true,"href":"https:\/\/b2b.calibereurope.com\/fr\/wp-json\/wp\/v2\/product_tag?post=478408"}],"curies":[{"name":"wp","href":"https:\/\/api.w.org\/{rel}","templated":true}]}}