{"id":478688,"date":"2025-12-04T01:00:00","date_gmt":"2025-12-04T00:00:00","guid":{"rendered":"0"},"modified":"2026-04-08T11:00:25","modified_gmt":"2026-04-08T09:00:25","slug":"CPK25D-fr_FR","status":"publish","type":"product","link":"https:\/\/b2b.calibereurope.com\/fr\/produit\/CPK25D-fr_FR\/","title":{"rendered":"Kit C\u00e2bles Audio pour Amplificateur de Voiture &#8211; C\u00e2ble pour Subwoofer de 2000 Watt &#8211; Jeu de 4 C\u00e2bles &#8211; 5 m\u00e8tres (CPK25D)"},"content":{"rendered":"<p> Le kit de connexion d&#39;amplificateur Caliber CPK25D peut \u00eatre utilis\u00e9 pour connecter un amplificateur jusqu&#39;\u00e0 2000 watts dans votre voiture. Ce jeu de c\u00e2bles se compose donc d&#39;un <strong>c\u00e2ble de masse, d&#39;un c\u00e2ble de t\u00e9l\u00e9commande, d&#39;un c\u00e2ble de signal, d&#39;un c\u00e2ble d&#39;alimentation, de 10 attaches de c\u00e2ble et de 3 \u0153illets de c\u00e2ble.<\/strong> En bref : tout ce dont vous avez besoin pour connecter un amplificateur ! Gr\u00e2ce aux serre-c\u00e2bles, les c\u00e2bles sont \u00e9galement <strong> bien maintenus en place <\/strong>. Le c\u00e2ble d&#39;alimentation fait pas moins de <strong>5 m\u00e8tres de long, <\/strong>ce qui est tout \u00e0 fait suffisant pour votre voiture. Le c\u00e2ble d&#39;alimentation a une <strong> \u00e9paisseur de fil de 25 mm.<\/strong><\/p>\n<p><strong><br \/><\/strong><\/p>\n<p><strong> <\/strong> <\/p>\n<p> <strong> Caract\u00e9ristiques  25 mm2 <\/strong> <\/p>\n<ul>\n<li> Pour amplificateur jusqu&#39;\u00e0 2000 Watt<\/li>\n<li>:   5 m\u00e8tres de c\u00e2ble d&#39;alimentation 25 mm2 <\/li>\n<li>0,8 m\u00e8tre de c\u00e2ble de masse 25 mm2 <\/li>\n<li>5 m\u00e8tres de c\u00e2ble de t\u00e9l\u00e9commande <\/li>\n<li>5 m\u00e8tres de c\u00e2ble de signal RCA <\/li>\n<li>3 oeillets de c\u00e2ble (M6) <\/li>\n<li> Porte-fusible avec fusible 60A <\/li>\n<li>10 serre-c\u00e2bles <\/li>\n<\/ul>\n<h3> Kit c\u00e2ble complet pour une grande puissance et un bon son <\/h3>\n<p> Ce kit convient pour connecter un amplificateur jusqu&#39;\u00e0 2000 watts. De nombreux ensembles de c\u00e2bles peuvent supporter un amplificateur d&#39;une puissance de 500, 1000 ou 1500 watts. Ainsi, gr\u00e2ce \u00e0 ce jeu de c\u00e2bles, profitez d&#39;un amplificateur s\u00e9rieux qui vous permet d&#39;appr\u00e9cier encore plus votre musique pr\u00e9f\u00e9r\u00e9e en conduisant. <\/p>\n<h3> Kit c\u00e2bles haut-parleurs et ampli complet <\/h3>\n<p> Ce jeu de c\u00e2bles pour amplificateur comprend tout ce dont vous avez besoin pour connecter un amplificateur dans votre voiture. Vous disposez d&#39;un c\u00e2ble d&#39;alimentation de 5 m\u00e8tres de long avec un diam\u00e8tre d&#39;\u00e2me de 25 mm. En outre, ce kit comprend un c\u00e2ble de masse de 80 centim\u00e8tres de long. Un c\u00e2ble de t\u00e9l\u00e9commande et un c\u00e2ble de signal sont \u00e9galement inclus dans ce kit de c\u00e2bles audio.  . <\/p>\n<h3>Kit c\u00e2ble facile \u00e0 installer<\/h3>\n<p> L&#39;installation de l&#39;amplificateur ne n\u00e9cessite que quelques \u00e9tapes. Connectez le c\u00e2ble d&#39;alimentation \u00e0 la batterie de votre voiture \u00e0 l&#39;aide d&#39;un \u0153illet de c\u00e2ble M6. Ensuite, connectez le c\u00e2ble de masse au ch\u00e2ssis et utilisez le c\u00e2ble de t\u00e9l\u00e9commande pour faire la connexion entre l&#39;autoradio et l&#39;amplificateur. Le c\u00e2ble de signal transporte ensuite le son de l&#39;autoradio vers l&#39;amplificateur. Les \u0153illets de c\u00e2ble inclus permettent de garantir une connexion stable des c\u00e2bles audio aux \u00e9quipements de la voiture.<\/p>\n<p><\/p>\n<\/p>\n<p> <strong> Inclus :<\/strong> <\/p>\n<ul>\n<li>0,8 m\u00e8tre de c\u00e2ble de masse 25 mm2 <\/li>\n<li>5 m\u00e8tres de c\u00e2ble de t\u00e9l\u00e9commande <\/li>\n<li>5 m\u00e8tres de c\u00e2ble de signal RCA <\/li>\n<li>5 m\u00e8tres de c\u00e2ble d&#39;alimentation 25 mm2 <\/li>\n<li>10 attaches de c\u00e2ble <\/li>\n<li>3 \u0153illets de c\u00e2ble <\/li>\n<li> Porte-fusible avec fusible de 50 amp\u00e8res <\/li>\n<\/ul>\n","protected":false},"excerpt":{"rendered":"<ul>\n<li>Pour amplificateur jusqu&rsquo;\u00e0 2000 Watt<\/li>\n<li>: 5 m\u00e8tres de c\u00e2ble d&rsquo;alimentation 25 mm2<\/li>\n<li>0,8 m\u00e8tre de c\u00e2ble de masse 25 mm2<\/li>\n<li>5 m\u00e8tres de c\u00e2ble de t\u00e9l\u00e9commande<\/li>\n<li>5 m\u00e8tres de c\u00e2ble de signal RCA<\/li>\n<li>3 oeillets de c\u00e2ble (M6)<\/li>\n<li>Porte-fusible avec fusible 60A<\/li>\n<li>10 serre-c\u00e2bles<\/li>\n<\/ul>\n","protected":false},"featured_media":867585,"template":"","meta":{"_acf_changed":false,"site-sidebar-layout":"default","site-content-layout":"","ast-site-content-layout":"default","site-content-style":"default","site-sidebar-style":"default","ast-global-header-display":"","ast-banner-title-visibility":"","ast-main-header-display":"","ast-hfb-above-header-display":"","ast-hfb-below-header-display":"","ast-hfb-mobile-header-display":"","site-post-title":"","ast-breadcrumbs-content":"","ast-featured-img":"","footer-sml-layout":"","theme-transparent-header-meta":"","adv-header-id-meta":"","stick-header-meta":"","header-above-stick-meta":"","header-main-stick-meta":"","header-below-stick-meta":"","astra-migrate-meta-layouts":"default","ast-page-background-enabled":"default","ast-page-background-meta":{"desktop":{"background-color":"","background-image":"","background-repeat":"repeat","background-position":"center center","background-size":"auto","background-attachment":"scroll","background-type":"","background-media":"","overlay-type":"","overlay-color":"","overlay-opacity":"","overlay-gradient":""},"tablet":{"background-color":"","background-image":"","background-repeat":"repeat","background-position":"center center","background-size":"auto","background-attachment":"scroll","background-type":"","background-media":"","overlay-type":"","overlay-color":"","overlay-opacity":"","overlay-gradient":""},"mobile":{"background-color":"","background-image":"","background-repeat":"repeat","background-position":"center center","background-size":"auto","background-attachment":"scroll","background-type":"","background-media":"","overlay-type":"","overlay-color":"","overlay-opacity":"","overlay-gradient":""}},"ast-content-background-meta":{"desktop":{"background-color":"var(--ast-global-color-5)","background-image":"","background-repeat":"repeat","background-position":"center center","background-size":"auto","background-attachment":"scroll","background-type":"","background-media":"","overlay-type":"","overlay-color":"","overlay-opacity":"","overlay-gradient":""},"tablet":{"background-color":"var(--ast-global-color-5)","background-image":"","background-repeat":"repeat","background-position":"center center","background-size":"auto","background-attachment":"scroll","background-type":"","background-media":"","overlay-type":"","overlay-color":"","overlay-opacity":"","overlay-gradient":""},"mobile":{"background-color":"var(--ast-global-color-5)","background-image":"","background-repeat":"repeat","background-position":"center center","background-size":"auto","background-attachment":"scroll","background-type":"","background-media":"","overlay-type":"","overlay-color":"","overlay-opacity":"","overlay-gradient":""}}},"product_brand":[],"product_cat":[22955],"product_tag":[],"class_list":{"0":"post-478688","1":"product","2":"type-product","3":"status-publish","4":"has-post-thumbnail","6":"product_cat-pas-de-categorie","7":"desktop-align-center","8":"tablet-align-center","9":"mobile-align-center","10":"ast-product-gallery-layout-horizontal","11":"ast-product-tabs-layout-horizontal","13":"first","14":"instock","15":"taxable","16":"shipping-taxable","17":"purchasable","18":"product-type-simple"},"acf":[],"yoast_head":"<!-- This site is optimized with the Yoast SEO plugin v26.5 - https:\/\/yoast.com\/wordpress\/plugins\/seo\/ -->\n<title>Kit C\u00e2bles Audio pour Amplificateur de Voiture - C\u00e2ble pour Subwoofer de 2000 Watt - Jeu de 4 C\u00e2bles - 5 m\u00e8tres (CPK25D) - Caliber Europe B.V.<\/title>\n<meta name=\"robots\" content=\"noindex, follow, max-snippet:-1, max-image-preview:large, max-video-preview:-1\" \/>\n<meta property=\"og:locale\" content=\"fr_FR\" \/>\n<meta property=\"og:type\" content=\"article\" \/>\n<meta property=\"og:title\" content=\"Kit C\u00e2bles Audio pour Amplificateur de Voiture - C\u00e2ble pour Subwoofer de 2000 Watt - Jeu de 4 C\u00e2bles - 5 m\u00e8tres (CPK25D) - Caliber Europe B.V.\" \/>\n<meta property=\"og:description\" content=\"Pour amplificateur jusqu&#039;\u00e0 2000 Watt: 5 m\u00e8tres de c\u00e2ble d&#039;alimentation 25 mm20,8 m\u00e8tre de c\u00e2ble de masse 25 mm25 m\u00e8tres de c\u00e2ble de t\u00e9l\u00e9commande5 m\u00e8tres de c\u00e2ble de signal RCA3 oeillets de c\u00e2ble (M6)Porte-fusible avec fusible 60A10 serre-c\u00e2bles\" \/>\n<meta property=\"og:url\" content=\"https:\/\/b2b.calibereurope.com\/fr\/produit\/cpk25d-fr_fr\/\" \/>\n<meta property=\"og:site_name\" content=\"Caliber Europe B.V.\" \/>\n<meta property=\"article:modified_time\" content=\"2026-04-08T09:00:25+00:00\" \/>\n<meta property=\"og:image\" content=\"https:\/\/b2b.calibereurope.com\/wp-content\/uploads\/2021\/09\/fd7f2625148274709f8946e820e264c9c9defbf0_CPK25D_web.jpg\" \/>\n\t<meta property=\"og:image:width\" content=\"1024\" \/>\n\t<meta property=\"og:image:height\" content=\"768\" \/>\n\t<meta property=\"og:image:type\" content=\"image\/jpeg\" \/>\n<meta name=\"twitter:card\" content=\"summary_large_image\" \/>\n<meta name=\"twitter:label1\" content=\"Dur\u00e9e de lecture estim\u00e9e\" \/>\n\t<meta name=\"twitter:data1\" content=\"2 minutes\" \/>\n<script type=\"application\/ld+json\" class=\"yoast-schema-graph\">{\"@context\":\"https:\/\/schema.org\",\"@graph\":[{\"@type\":\"WebPage\",\"@id\":\"https:\/\/b2b.calibereurope.com\/fr\/produit\/cpk25d-fr_fr\/\",\"url\":\"https:\/\/b2b.calibereurope.com\/fr\/produit\/cpk25d-fr_fr\/\",\"name\":\"Kit C\u00e2bles Audio pour Amplificateur de Voiture - C\u00e2ble pour Subwoofer de 2000 Watt - Jeu de 4 C\u00e2bles - 5 m\u00e8tres (CPK25D) - Caliber Europe B.V.\",\"isPartOf\":{\"@id\":\"https:\/\/b2b.calibereurope.com\/#website\"},\"primaryImageOfPage\":{\"@id\":\"https:\/\/b2b.calibereurope.com\/fr\/produit\/cpk25d-fr_fr\/#primaryimage\"},\"image\":{\"@id\":\"https:\/\/b2b.calibereurope.com\/fr\/produit\/cpk25d-fr_fr\/#primaryimage\"},\"thumbnailUrl\":\"https:\/\/b2b.calibereurope.com\/wp-content\/uploads\/2025\/12\/fd7f2625148274709f8946e820e264c9c9defbf0_CPK25D_web-4.jpg\",\"datePublished\":\"2025-12-04T00:00:00+00:00\",\"dateModified\":\"2026-04-08T09:00:25+00:00\",\"breadcrumb\":{\"@id\":\"https:\/\/b2b.calibereurope.com\/fr\/produit\/cpk25d-fr_fr\/#breadcrumb\"},\"inLanguage\":\"fr-FR\",\"potentialAction\":[{\"@type\":\"ReadAction\",\"target\":[\"https:\/\/b2b.calibereurope.com\/fr\/produit\/cpk25d-fr_fr\/\"]}]},{\"@type\":\"ImageObject\",\"inLanguage\":\"fr-FR\",\"@id\":\"https:\/\/b2b.calibereurope.com\/fr\/produit\/cpk25d-fr_fr\/#primaryimage\",\"url\":\"https:\/\/b2b.calibereurope.com\/wp-content\/uploads\/2025\/12\/fd7f2625148274709f8946e820e264c9c9defbf0_CPK25D_web-4.jpg\",\"contentUrl\":\"https:\/\/b2b.calibereurope.com\/wp-content\/uploads\/2025\/12\/fd7f2625148274709f8946e820e264c9c9defbf0_CPK25D_web-4.jpg\",\"width\":1024,\"height\":768},{\"@type\":\"BreadcrumbList\",\"@id\":\"https:\/\/b2b.calibereurope.com\/fr\/produit\/cpk25d-fr_fr\/#breadcrumb\",\"itemListElement\":[{\"@type\":\"ListItem\",\"position\":1,\"name\":\"Home\",\"item\":\"https:\/\/b2b.calibereurope.com\/fr\/home\/\"},{\"@type\":\"ListItem\",\"position\":2,\"name\":\"Boutique\",\"item\":\"https:\/\/b2b.calibereurope.com\/fr\/boutique\/\"},{\"@type\":\"ListItem\",\"position\":3,\"name\":\"Jeu de c\u00e2bles 25mm &#8211; 2000 Watt (CPK25D)\"}]},{\"@type\":\"WebSite\",\"@id\":\"https:\/\/b2b.calibereurope.com\/#website\",\"url\":\"https:\/\/b2b.calibereurope.com\/\",\"name\":\"Caliber Europe B.V.\",\"description\":\"B2B Webshop\",\"publisher\":{\"@id\":\"https:\/\/b2b.calibereurope.com\/#organization\"},\"potentialAction\":[{\"@type\":\"SearchAction\",\"target\":{\"@type\":\"EntryPoint\",\"urlTemplate\":\"https:\/\/b2b.calibereurope.com\/?s={search_term_string}\"},\"query-input\":{\"@type\":\"PropertyValueSpecification\",\"valueRequired\":true,\"valueName\":\"search_term_string\"}}],\"inLanguage\":\"fr-FR\"},{\"@type\":\"Organization\",\"@id\":\"https:\/\/b2b.calibereurope.com\/#organization\",\"name\":\"Caliber Europe B.V.\",\"url\":\"https:\/\/b2b.calibereurope.com\/\",\"logo\":{\"@type\":\"ImageObject\",\"inLanguage\":\"fr-FR\",\"@id\":\"https:\/\/b2b.calibereurope.com\/#\/schema\/logo\/image\/\",\"url\":\"https:\/\/b2b.calibereurope.com\/wp-content\/uploads\/2020\/12\/Caliber_Logo-Black.png\",\"contentUrl\":\"https:\/\/b2b.calibereurope.com\/wp-content\/uploads\/2020\/12\/Caliber_Logo-Black.png\",\"width\":3157,\"height\":356,\"caption\":\"Caliber Europe B.V.\"},\"image\":{\"@id\":\"https:\/\/b2b.calibereurope.com\/#\/schema\/logo\/image\/\"}}]}<\/script>\n<!-- \/ Yoast SEO plugin. -->","yoast_head_json":{"title":"Kit C\u00e2bles Audio pour Amplificateur de Voiture - C\u00e2ble pour Subwoofer de 2000 Watt - Jeu de 4 C\u00e2bles - 5 m\u00e8tres (CPK25D) - Caliber Europe B.V.","robots":{"index":"noindex","follow":"follow","max-snippet":"max-snippet:-1","max-image-preview":"max-image-preview:large","max-video-preview":"max-video-preview:-1"},"og_locale":"fr_FR","og_type":"article","og_title":"Kit C\u00e2bles Audio pour Amplificateur de Voiture - C\u00e2ble pour Subwoofer de 2000 Watt - Jeu de 4 C\u00e2bles - 5 m\u00e8tres (CPK25D) - Caliber Europe B.V.","og_description":"Pour amplificateur jusqu'\u00e0 2000 Watt: 5 m\u00e8tres de c\u00e2ble d'alimentation 25 mm20,8 m\u00e8tre de c\u00e2ble de masse 25 mm25 m\u00e8tres de c\u00e2ble de t\u00e9l\u00e9commande5 m\u00e8tres de c\u00e2ble de signal RCA3 oeillets de c\u00e2ble (M6)Porte-fusible avec fusible 60A10 serre-c\u00e2bles","og_url":"https:\/\/b2b.calibereurope.com\/fr\/produit\/cpk25d-fr_fr\/","og_site_name":"Caliber Europe B.V.","article_modified_time":"2026-04-08T09:00:25+00:00","og_image":[{"width":1024,"height":768,"url":"https:\/\/b2b.calibereurope.com\/wp-content\/uploads\/2021\/09\/fd7f2625148274709f8946e820e264c9c9defbf0_CPK25D_web.jpg","type":"image\/jpeg"}],"twitter_card":"summary_large_image","twitter_misc":{"Dur\u00e9e de lecture estim\u00e9e":"2 minutes"},"schema":{"@context":"https:\/\/schema.org","@graph":[{"@type":"WebPage","@id":"https:\/\/b2b.calibereurope.com\/fr\/produit\/cpk25d-fr_fr\/","url":"https:\/\/b2b.calibereurope.com\/fr\/produit\/cpk25d-fr_fr\/","name":"Kit C\u00e2bles Audio pour Amplificateur de Voiture - C\u00e2ble pour Subwoofer de 2000 Watt - Jeu de 4 C\u00e2bles - 5 m\u00e8tres (CPK25D) - Caliber Europe B.V.","isPartOf":{"@id":"https:\/\/b2b.calibereurope.com\/#website"},"primaryImageOfPage":{"@id":"https:\/\/b2b.calibereurope.com\/fr\/produit\/cpk25d-fr_fr\/#primaryimage"},"image":{"@id":"https:\/\/b2b.calibereurope.com\/fr\/produit\/cpk25d-fr_fr\/#primaryimage"},"thumbnailUrl":"https:\/\/b2b.calibereurope.com\/wp-content\/uploads\/2025\/12\/fd7f2625148274709f8946e820e264c9c9defbf0_CPK25D_web-4.jpg","datePublished":"2025-12-04T00:00:00+00:00","dateModified":"2026-04-08T09:00:25+00:00","breadcrumb":{"@id":"https:\/\/b2b.calibereurope.com\/fr\/produit\/cpk25d-fr_fr\/#breadcrumb"},"inLanguage":"fr-FR","potentialAction":[{"@type":"ReadAction","target":["https:\/\/b2b.calibereurope.com\/fr\/produit\/cpk25d-fr_fr\/"]}]},{"@type":"ImageObject","inLanguage":"fr-FR","@id":"https:\/\/b2b.calibereurope.com\/fr\/produit\/cpk25d-fr_fr\/#primaryimage","url":"https:\/\/b2b.calibereurope.com\/wp-content\/uploads\/2025\/12\/fd7f2625148274709f8946e820e264c9c9defbf0_CPK25D_web-4.jpg","contentUrl":"https:\/\/b2b.calibereurope.com\/wp-content\/uploads\/2025\/12\/fd7f2625148274709f8946e820e264c9c9defbf0_CPK25D_web-4.jpg","width":1024,"height":768},{"@type":"BreadcrumbList","@id":"https:\/\/b2b.calibereurope.com\/fr\/produit\/cpk25d-fr_fr\/#breadcrumb","itemListElement":[{"@type":"ListItem","position":1,"name":"Home","item":"https:\/\/b2b.calibereurope.com\/fr\/home\/"},{"@type":"ListItem","position":2,"name":"Boutique","item":"https:\/\/b2b.calibereurope.com\/fr\/boutique\/"},{"@type":"ListItem","position":3,"name":"Jeu de c\u00e2bles 25mm &#8211; 2000 Watt (CPK25D)"}]},{"@type":"WebSite","@id":"https:\/\/b2b.calibereurope.com\/#website","url":"https:\/\/b2b.calibereurope.com\/","name":"Caliber Europe B.V.","description":"B2B Webshop","publisher":{"@id":"https:\/\/b2b.calibereurope.com\/#organization"},"potentialAction":[{"@type":"SearchAction","target":{"@type":"EntryPoint","urlTemplate":"https:\/\/b2b.calibereurope.com\/?s={search_term_string}"},"query-input":{"@type":"PropertyValueSpecification","valueRequired":true,"valueName":"search_term_string"}}],"inLanguage":"fr-FR"},{"@type":"Organization","@id":"https:\/\/b2b.calibereurope.com\/#organization","name":"Caliber Europe B.V.","url":"https:\/\/b2b.calibereurope.com\/","logo":{"@type":"ImageObject","inLanguage":"fr-FR","@id":"https:\/\/b2b.calibereurope.com\/#\/schema\/logo\/image\/","url":"https:\/\/b2b.calibereurope.com\/wp-content\/uploads\/2020\/12\/Caliber_Logo-Black.png","contentUrl":"https:\/\/b2b.calibereurope.com\/wp-content\/uploads\/2020\/12\/Caliber_Logo-Black.png","width":3157,"height":356,"caption":"Caliber Europe B.V."},"image":{"@id":"https:\/\/b2b.calibereurope.com\/#\/schema\/logo\/image\/"}}]}},"_links":{"self":[{"href":"https:\/\/b2b.calibereurope.com\/fr\/wp-json\/wp\/v2\/product\/478688","targetHints":{"allow":["GET"]}}],"collection":[{"href":"https:\/\/b2b.calibereurope.com\/fr\/wp-json\/wp\/v2\/product"}],"about":[{"href":"https:\/\/b2b.calibereurope.com\/fr\/wp-json\/wp\/v2\/types\/product"}],"version-history":[{"count":0,"href":"https:\/\/b2b.calibereurope.com\/fr\/wp-json\/wp\/v2\/product\/478688\/revisions"}],"wp:featuredmedia":[{"embeddable":true,"href":"https:\/\/b2b.calibereurope.com\/fr\/wp-json\/wp\/v2\/media\/867585"}],"wp:attachment":[{"href":"https:\/\/b2b.calibereurope.com\/fr\/wp-json\/wp\/v2\/media?parent=478688"}],"wp:term":[{"taxonomy":"product_brand","embeddable":true,"href":"https:\/\/b2b.calibereurope.com\/fr\/wp-json\/wp\/v2\/product_brand?post=478688"},{"taxonomy":"product_cat","embeddable":true,"href":"https:\/\/b2b.calibereurope.com\/fr\/wp-json\/wp\/v2\/product_cat?post=478688"},{"taxonomy":"product_tag","embeddable":true,"href":"https:\/\/b2b.calibereurope.com\/fr\/wp-json\/wp\/v2\/product_tag?post=478688"}],"curies":[{"name":"wp","href":"https:\/\/api.w.org\/{rel}","templated":true}]}}