{"id":478984,"date":"2025-12-04T01:00:00","date_gmt":"2025-12-04T00:00:00","guid":{"rendered":"0"},"modified":"2026-04-08T11:00:25","modified_gmt":"2026-04-08T09:00:25","slug":"CPK20D-fr_FR","status":"publish","type":"product","link":"https:\/\/b2b.calibereurope.com\/fr\/produit\/CPK20D-fr_FR\/","title":{"rendered":"Kit de c\u00e2bles audio pour Amplificateur de Voiture &#8211; C\u00e2ble pour Subwoofer de 1500 Watt &#8211; Jeu de 4 C\u00e2bles &#8211; 5 M\u00e8tres (CPK20D)"},"content":{"rendered":"<p> Am\u00e9liorez le syst\u00e8me de musique de votre voiture en utilisant le kit de connexion pour amplificateur Caliber CPK20D. Vous pouvez connecter votre autoradio et votre amplificateur par le biais du c\u00e2ble. Le c\u00e2ble de l&#39;amplificateur a une puissance de <strong>1500 watt<\/strong> et une longueur de <strong>5 m\u00e8tres <\/strong>. Le c\u00e2ble convient donc \u00e0 presque tous les types de voitures. Le jeu de c\u00e2bles de l&#39;amplificateur se compose de <strong> quatre c\u00e2bles <\/strong> , chacun ayant sa <strong> propre fonction <\/strong>.<strong> <\/strong> En connectant les c\u00e2bles correctement dans la voiture, vous pouvez profiter tr\u00e8s rapidement d&#39;une exp\u00e9rience sonore optimale !<\/p>\n<p><\/p>\n<\/p>\n<p> <strong> Caract\u00e9ristiques :<\/strong> <\/p>\n<ul>\n<li> C\u00e2ble d&#39;alimentation <\/li>\n<li> C\u00e2ble de masse <\/li>\n<li> C\u00e2ble de t\u00e9l\u00e9commande <\/li>\n<li> C\u00e2ble de signal <\/li>\n<li> Trois \u0153illets de c\u00e2ble <\/li>\n<li> Dix attaches de c\u00e2ble <\/li>\n<li>1500 Watt <\/li>\n<li>5 m\u00e8tres <\/li>\n<\/ul>\n<h3> Kit complet de c\u00e2bles enceintes ampli <\/h3>\n<p> Le kit de c\u00e2bles ampli est livr\u00e9 avec quatre types de c\u00e2bles diff\u00e9rents. Le c\u00e2ble d&#39;alimentation est un c\u00e2ble de 5 m\u00e8tres que vous connectez \u00e0 la batterie de votre voiture. Pour ce faire, vous utilisez un \u0153illet de c\u00e2ble M6 qui est \u00e9galement fourni. Le c\u00e2ble de masse doit \u00eatre connect\u00e9 au ch\u00e2ssis de la voiture. Cela se fait \u00e9galement \u00e0 l&#39;aide d&#39;un \u0153illet de c\u00e2ble M6. La connexion du ch\u00e2ssis se trouve souvent dans le coffre. Le c\u00e2ble de t\u00e9l\u00e9commande garantit que votre radio et votre amplificateur s&#39;allument et s&#39;\u00e9teignent en m\u00eame temps. Vous le connectez \u00e9galement avec un \u0153il de c\u00e2ble M13. Enfin, le c\u00e2ble de signal assure un signal fort entre la radio et l&#39;amplificateur. Les serre-c\u00e2bles fournis garantissent que tous les c\u00e2bles restent \u00e0 leur place. Ainsi, vous profitez toujours du meilleur son \u00e0 chaque virage et \u00e0 chaque bosse ! <\/p>\n<h3> La meilleure qualit\u00e9 musicale gr\u00e2ce au kit c\u00e2bles ampli de voiture<\/h3>\n<p> En fixant un amplificateur, vous profiterez du meilleur son lors de chaque trajet en voiture. En effet, un amplificateur offre un son plus agr\u00e9able et un meilleur contr\u00f4le. Outre les quatre c\u00e2bles diff\u00e9rents inclus, vous disposez \u00e9galement d&#39;un porte-fusible avec un fusible de 40 amp\u00e8res. Vous le placez aussi pr\u00e8s que possible de la batterie pour profiter de la meilleure qualit\u00e9 musicale. <\/p>\n<h3> Obtenez une puissance \u00e9lev\u00e9e avec le kit c\u00e2ble ampli de voiture<\/h3>\n<p> Le kit de raccordement de c\u00e2bles accepte une puissance \u00e9lev\u00e9e allant jusqu&#39;\u00e0 1500 Watt. Il est donc fortement d\u00e9conseill\u00e9 de connecter un amplificateur de plus de 1500 Watt en utilisant ces c\u00e2bles.<\/p>\n<p><\/p>\n<\/p>\n<p> <strong> Inclus :<\/strong> <\/p>\n<ul>\n<li>Caliber CPK20D <\/li>\n<li> Porte-fusible 40 amp <\/li>\n<li> C\u00e2ble d&#39;alimentation <\/li>\n<li> C\u00e2ble de masse <\/li>\n<li> C\u00e2ble de t\u00e9l\u00e9commande <\/li>\n<li> C\u00e2ble de signal <\/li>\n<li>3 oeillets de c\u00e2ble M13 <\/li>\n<li>10 attaches de c\u00e2ble<\/li>\n<\/ul>\n","protected":false},"excerpt":{"rendered":"<ul>\n<li>C\u00e2ble d&rsquo;alimentation<\/li>\n<li>C\u00e2ble de masse<\/li>\n<li>C\u00e2ble de t\u00e9l\u00e9commande<\/li>\n<li>C\u00e2ble de signal<\/li>\n<li>Trois \u0153illets de c\u00e2ble<\/li>\n<li>Dix attaches de c\u00e2ble<\/li>\n<li>1500 Watt<\/li>\n<li>5 m\u00e8tres<\/li>\n<\/ul>\n","protected":false},"featured_media":867841,"template":"","meta":{"_acf_changed":false,"site-sidebar-layout":"default","site-content-layout":"","ast-site-content-layout":"default","site-content-style":"default","site-sidebar-style":"default","ast-global-header-display":"","ast-banner-title-visibility":"","ast-main-header-display":"","ast-hfb-above-header-display":"","ast-hfb-below-header-display":"","ast-hfb-mobile-header-display":"","site-post-title":"","ast-breadcrumbs-content":"","ast-featured-img":"","footer-sml-layout":"","theme-transparent-header-meta":"","adv-header-id-meta":"","stick-header-meta":"","header-above-stick-meta":"","header-main-stick-meta":"","header-below-stick-meta":"","astra-migrate-meta-layouts":"default","ast-page-background-enabled":"default","ast-page-background-meta":{"desktop":{"background-color":"","background-image":"","background-repeat":"repeat","background-position":"center center","background-size":"auto","background-attachment":"scroll","background-type":"","background-media":"","overlay-type":"","overlay-color":"","overlay-opacity":"","overlay-gradient":""},"tablet":{"background-color":"","background-image":"","background-repeat":"repeat","background-position":"center center","background-size":"auto","background-attachment":"scroll","background-type":"","background-media":"","overlay-type":"","overlay-color":"","overlay-opacity":"","overlay-gradient":""},"mobile":{"background-color":"","background-image":"","background-repeat":"repeat","background-position":"center center","background-size":"auto","background-attachment":"scroll","background-type":"","background-media":"","overlay-type":"","overlay-color":"","overlay-opacity":"","overlay-gradient":""}},"ast-content-background-meta":{"desktop":{"background-color":"var(--ast-global-color-5)","background-image":"","background-repeat":"repeat","background-position":"center center","background-size":"auto","background-attachment":"scroll","background-type":"","background-media":"","overlay-type":"","overlay-color":"","overlay-opacity":"","overlay-gradient":""},"tablet":{"background-color":"var(--ast-global-color-5)","background-image":"","background-repeat":"repeat","background-position":"center center","background-size":"auto","background-attachment":"scroll","background-type":"","background-media":"","overlay-type":"","overlay-color":"","overlay-opacity":"","overlay-gradient":""},"mobile":{"background-color":"var(--ast-global-color-5)","background-image":"","background-repeat":"repeat","background-position":"center center","background-size":"auto","background-attachment":"scroll","background-type":"","background-media":"","overlay-type":"","overlay-color":"","overlay-opacity":"","overlay-gradient":""}}},"product_brand":[],"product_cat":[22955],"product_tag":[],"class_list":{"0":"post-478984","1":"product","2":"type-product","3":"status-publish","4":"has-post-thumbnail","6":"product_cat-pas-de-categorie","7":"desktop-align-center","8":"tablet-align-center","9":"mobile-align-center","10":"ast-product-gallery-layout-horizontal","11":"ast-product-tabs-layout-horizontal","13":"first","14":"onbackorder","15":"taxable","16":"shipping-taxable","17":"purchasable","18":"product-type-simple"},"acf":[],"yoast_head":"<!-- This site is optimized with the Yoast SEO plugin v26.5 - https:\/\/yoast.com\/wordpress\/plugins\/seo\/ -->\n<title>Kit de c\u00e2bles audio pour Amplificateur de Voiture - C\u00e2ble pour Subwoofer de 1500 Watt - Jeu de 4 C\u00e2bles - 5 M\u00e8tres (CPK20D) - Caliber Europe B.V.<\/title>\n<meta name=\"robots\" content=\"noindex, follow, max-snippet:-1, max-image-preview:large, max-video-preview:-1\" \/>\n<meta property=\"og:locale\" content=\"fr_FR\" \/>\n<meta property=\"og:type\" content=\"article\" \/>\n<meta property=\"og:title\" content=\"Kit de c\u00e2bles audio pour Amplificateur de Voiture - C\u00e2ble pour Subwoofer de 1500 Watt - Jeu de 4 C\u00e2bles - 5 M\u00e8tres (CPK20D) - Caliber Europe B.V.\" \/>\n<meta property=\"og:description\" content=\"C\u00e2ble d&#039;alimentationC\u00e2ble de masseC\u00e2ble de t\u00e9l\u00e9commandeC\u00e2ble de signalTrois \u0153illets de c\u00e2bleDix attaches de c\u00e2ble1500 Watt5 m\u00e8tres\" \/>\n<meta property=\"og:url\" content=\"https:\/\/b2b.calibereurope.com\/fr\/produit\/cpk20d-fr_fr\/\" \/>\n<meta property=\"og:site_name\" content=\"Caliber Europe B.V.\" \/>\n<meta property=\"article:modified_time\" content=\"2026-04-08T09:00:25+00:00\" \/>\n<meta property=\"og:image\" content=\"https:\/\/b2b.calibereurope.com\/wp-content\/uploads\/2021\/09\/c6dde95319342bcbac43add0f56e47e7cf20bbc6_CPK20D_web.jpg\" \/>\n\t<meta property=\"og:image:width\" content=\"1024\" \/>\n\t<meta property=\"og:image:height\" content=\"768\" \/>\n\t<meta property=\"og:image:type\" content=\"image\/jpeg\" \/>\n<meta name=\"twitter:card\" content=\"summary_large_image\" \/>\n<meta name=\"twitter:label1\" content=\"Dur\u00e9e de lecture estim\u00e9e\" \/>\n\t<meta name=\"twitter:data1\" content=\"2 minutes\" \/>\n<script type=\"application\/ld+json\" class=\"yoast-schema-graph\">{\"@context\":\"https:\/\/schema.org\",\"@graph\":[{\"@type\":\"WebPage\",\"@id\":\"https:\/\/b2b.calibereurope.com\/fr\/produit\/cpk20d-fr_fr\/\",\"url\":\"https:\/\/b2b.calibereurope.com\/fr\/produit\/cpk20d-fr_fr\/\",\"name\":\"Kit de c\u00e2bles audio pour Amplificateur de Voiture - C\u00e2ble pour Subwoofer de 1500 Watt - Jeu de 4 C\u00e2bles - 5 M\u00e8tres (CPK20D) - Caliber Europe B.V.\",\"isPartOf\":{\"@id\":\"https:\/\/b2b.calibereurope.com\/#website\"},\"primaryImageOfPage\":{\"@id\":\"https:\/\/b2b.calibereurope.com\/fr\/produit\/cpk20d-fr_fr\/#primaryimage\"},\"image\":{\"@id\":\"https:\/\/b2b.calibereurope.com\/fr\/produit\/cpk20d-fr_fr\/#primaryimage\"},\"thumbnailUrl\":\"https:\/\/b2b.calibereurope.com\/wp-content\/uploads\/2025\/12\/c6dde95319342bcbac43add0f56e47e7cf20bbc6_CPK20D_web-4.jpg\",\"datePublished\":\"2025-12-04T00:00:00+00:00\",\"dateModified\":\"2026-04-08T09:00:25+00:00\",\"breadcrumb\":{\"@id\":\"https:\/\/b2b.calibereurope.com\/fr\/produit\/cpk20d-fr_fr\/#breadcrumb\"},\"inLanguage\":\"fr-FR\",\"potentialAction\":[{\"@type\":\"ReadAction\",\"target\":[\"https:\/\/b2b.calibereurope.com\/fr\/produit\/cpk20d-fr_fr\/\"]}]},{\"@type\":\"ImageObject\",\"inLanguage\":\"fr-FR\",\"@id\":\"https:\/\/b2b.calibereurope.com\/fr\/produit\/cpk20d-fr_fr\/#primaryimage\",\"url\":\"https:\/\/b2b.calibereurope.com\/wp-content\/uploads\/2025\/12\/c6dde95319342bcbac43add0f56e47e7cf20bbc6_CPK20D_web-4.jpg\",\"contentUrl\":\"https:\/\/b2b.calibereurope.com\/wp-content\/uploads\/2025\/12\/c6dde95319342bcbac43add0f56e47e7cf20bbc6_CPK20D_web-4.jpg\",\"width\":1024,\"height\":768},{\"@type\":\"BreadcrumbList\",\"@id\":\"https:\/\/b2b.calibereurope.com\/fr\/produit\/cpk20d-fr_fr\/#breadcrumb\",\"itemListElement\":[{\"@type\":\"ListItem\",\"position\":1,\"name\":\"Home\",\"item\":\"https:\/\/b2b.calibereurope.com\/fr\/home\/\"},{\"@type\":\"ListItem\",\"position\":2,\"name\":\"Boutique\",\"item\":\"https:\/\/b2b.calibereurope.com\/fr\/boutique\/\"},{\"@type\":\"ListItem\",\"position\":3,\"name\":\"Jeu de c\u00e2bles 20mm &#8211; 1500Watt (CPK20D)\"}]},{\"@type\":\"WebSite\",\"@id\":\"https:\/\/b2b.calibereurope.com\/#website\",\"url\":\"https:\/\/b2b.calibereurope.com\/\",\"name\":\"Caliber Europe B.V.\",\"description\":\"B2B Webshop\",\"publisher\":{\"@id\":\"https:\/\/b2b.calibereurope.com\/#organization\"},\"potentialAction\":[{\"@type\":\"SearchAction\",\"target\":{\"@type\":\"EntryPoint\",\"urlTemplate\":\"https:\/\/b2b.calibereurope.com\/?s={search_term_string}\"},\"query-input\":{\"@type\":\"PropertyValueSpecification\",\"valueRequired\":true,\"valueName\":\"search_term_string\"}}],\"inLanguage\":\"fr-FR\"},{\"@type\":\"Organization\",\"@id\":\"https:\/\/b2b.calibereurope.com\/#organization\",\"name\":\"Caliber Europe B.V.\",\"url\":\"https:\/\/b2b.calibereurope.com\/\",\"logo\":{\"@type\":\"ImageObject\",\"inLanguage\":\"fr-FR\",\"@id\":\"https:\/\/b2b.calibereurope.com\/#\/schema\/logo\/image\/\",\"url\":\"https:\/\/b2b.calibereurope.com\/wp-content\/uploads\/2020\/12\/Caliber_Logo-Black.png\",\"contentUrl\":\"https:\/\/b2b.calibereurope.com\/wp-content\/uploads\/2020\/12\/Caliber_Logo-Black.png\",\"width\":3157,\"height\":356,\"caption\":\"Caliber Europe B.V.\"},\"image\":{\"@id\":\"https:\/\/b2b.calibereurope.com\/#\/schema\/logo\/image\/\"}}]}<\/script>\n<!-- \/ Yoast SEO plugin. -->","yoast_head_json":{"title":"Kit de c\u00e2bles audio pour Amplificateur de Voiture - C\u00e2ble pour Subwoofer de 1500 Watt - Jeu de 4 C\u00e2bles - 5 M\u00e8tres (CPK20D) - Caliber Europe B.V.","robots":{"index":"noindex","follow":"follow","max-snippet":"max-snippet:-1","max-image-preview":"max-image-preview:large","max-video-preview":"max-video-preview:-1"},"og_locale":"fr_FR","og_type":"article","og_title":"Kit de c\u00e2bles audio pour Amplificateur de Voiture - C\u00e2ble pour Subwoofer de 1500 Watt - Jeu de 4 C\u00e2bles - 5 M\u00e8tres (CPK20D) - Caliber Europe B.V.","og_description":"C\u00e2ble d'alimentationC\u00e2ble de masseC\u00e2ble de t\u00e9l\u00e9commandeC\u00e2ble de signalTrois \u0153illets de c\u00e2bleDix attaches de c\u00e2ble1500 Watt5 m\u00e8tres","og_url":"https:\/\/b2b.calibereurope.com\/fr\/produit\/cpk20d-fr_fr\/","og_site_name":"Caliber Europe B.V.","article_modified_time":"2026-04-08T09:00:25+00:00","og_image":[{"width":1024,"height":768,"url":"https:\/\/b2b.calibereurope.com\/wp-content\/uploads\/2021\/09\/c6dde95319342bcbac43add0f56e47e7cf20bbc6_CPK20D_web.jpg","type":"image\/jpeg"}],"twitter_card":"summary_large_image","twitter_misc":{"Dur\u00e9e de lecture estim\u00e9e":"2 minutes"},"schema":{"@context":"https:\/\/schema.org","@graph":[{"@type":"WebPage","@id":"https:\/\/b2b.calibereurope.com\/fr\/produit\/cpk20d-fr_fr\/","url":"https:\/\/b2b.calibereurope.com\/fr\/produit\/cpk20d-fr_fr\/","name":"Kit de c\u00e2bles audio pour Amplificateur de Voiture - C\u00e2ble pour Subwoofer de 1500 Watt - Jeu de 4 C\u00e2bles - 5 M\u00e8tres (CPK20D) - Caliber Europe B.V.","isPartOf":{"@id":"https:\/\/b2b.calibereurope.com\/#website"},"primaryImageOfPage":{"@id":"https:\/\/b2b.calibereurope.com\/fr\/produit\/cpk20d-fr_fr\/#primaryimage"},"image":{"@id":"https:\/\/b2b.calibereurope.com\/fr\/produit\/cpk20d-fr_fr\/#primaryimage"},"thumbnailUrl":"https:\/\/b2b.calibereurope.com\/wp-content\/uploads\/2025\/12\/c6dde95319342bcbac43add0f56e47e7cf20bbc6_CPK20D_web-4.jpg","datePublished":"2025-12-04T00:00:00+00:00","dateModified":"2026-04-08T09:00:25+00:00","breadcrumb":{"@id":"https:\/\/b2b.calibereurope.com\/fr\/produit\/cpk20d-fr_fr\/#breadcrumb"},"inLanguage":"fr-FR","potentialAction":[{"@type":"ReadAction","target":["https:\/\/b2b.calibereurope.com\/fr\/produit\/cpk20d-fr_fr\/"]}]},{"@type":"ImageObject","inLanguage":"fr-FR","@id":"https:\/\/b2b.calibereurope.com\/fr\/produit\/cpk20d-fr_fr\/#primaryimage","url":"https:\/\/b2b.calibereurope.com\/wp-content\/uploads\/2025\/12\/c6dde95319342bcbac43add0f56e47e7cf20bbc6_CPK20D_web-4.jpg","contentUrl":"https:\/\/b2b.calibereurope.com\/wp-content\/uploads\/2025\/12\/c6dde95319342bcbac43add0f56e47e7cf20bbc6_CPK20D_web-4.jpg","width":1024,"height":768},{"@type":"BreadcrumbList","@id":"https:\/\/b2b.calibereurope.com\/fr\/produit\/cpk20d-fr_fr\/#breadcrumb","itemListElement":[{"@type":"ListItem","position":1,"name":"Home","item":"https:\/\/b2b.calibereurope.com\/fr\/home\/"},{"@type":"ListItem","position":2,"name":"Boutique","item":"https:\/\/b2b.calibereurope.com\/fr\/boutique\/"},{"@type":"ListItem","position":3,"name":"Jeu de c\u00e2bles 20mm &#8211; 1500Watt (CPK20D)"}]},{"@type":"WebSite","@id":"https:\/\/b2b.calibereurope.com\/#website","url":"https:\/\/b2b.calibereurope.com\/","name":"Caliber Europe B.V.","description":"B2B Webshop","publisher":{"@id":"https:\/\/b2b.calibereurope.com\/#organization"},"potentialAction":[{"@type":"SearchAction","target":{"@type":"EntryPoint","urlTemplate":"https:\/\/b2b.calibereurope.com\/?s={search_term_string}"},"query-input":{"@type":"PropertyValueSpecification","valueRequired":true,"valueName":"search_term_string"}}],"inLanguage":"fr-FR"},{"@type":"Organization","@id":"https:\/\/b2b.calibereurope.com\/#organization","name":"Caliber Europe B.V.","url":"https:\/\/b2b.calibereurope.com\/","logo":{"@type":"ImageObject","inLanguage":"fr-FR","@id":"https:\/\/b2b.calibereurope.com\/#\/schema\/logo\/image\/","url":"https:\/\/b2b.calibereurope.com\/wp-content\/uploads\/2020\/12\/Caliber_Logo-Black.png","contentUrl":"https:\/\/b2b.calibereurope.com\/wp-content\/uploads\/2020\/12\/Caliber_Logo-Black.png","width":3157,"height":356,"caption":"Caliber Europe B.V."},"image":{"@id":"https:\/\/b2b.calibereurope.com\/#\/schema\/logo\/image\/"}}]}},"_links":{"self":[{"href":"https:\/\/b2b.calibereurope.com\/fr\/wp-json\/wp\/v2\/product\/478984","targetHints":{"allow":["GET"]}}],"collection":[{"href":"https:\/\/b2b.calibereurope.com\/fr\/wp-json\/wp\/v2\/product"}],"about":[{"href":"https:\/\/b2b.calibereurope.com\/fr\/wp-json\/wp\/v2\/types\/product"}],"version-history":[{"count":0,"href":"https:\/\/b2b.calibereurope.com\/fr\/wp-json\/wp\/v2\/product\/478984\/revisions"}],"wp:featuredmedia":[{"embeddable":true,"href":"https:\/\/b2b.calibereurope.com\/fr\/wp-json\/wp\/v2\/media\/867841"}],"wp:attachment":[{"href":"https:\/\/b2b.calibereurope.com\/fr\/wp-json\/wp\/v2\/media?parent=478984"}],"wp:term":[{"taxonomy":"product_brand","embeddable":true,"href":"https:\/\/b2b.calibereurope.com\/fr\/wp-json\/wp\/v2\/product_brand?post=478984"},{"taxonomy":"product_cat","embeddable":true,"href":"https:\/\/b2b.calibereurope.com\/fr\/wp-json\/wp\/v2\/product_cat?post=478984"},{"taxonomy":"product_tag","embeddable":true,"href":"https:\/\/b2b.calibereurope.com\/fr\/wp-json\/wp\/v2\/product_tag?post=478984"}],"curies":[{"name":"wp","href":"https:\/\/api.w.org\/{rel}","templated":true}]}}