{"id":479124,"date":"2025-12-04T01:00:00","date_gmt":"2025-12-04T00:00:00","guid":{"rendered":"0"},"modified":"2026-04-10T14:17:44","modified_gmt":"2026-04-10T12:17:44","slug":"CPK15D-fr_FR","status":"publish","type":"product","link":"https:\/\/b2b.calibereurope.com\/fr\/produit\/CPK15D-fr_FR\/","title":{"rendered":"KIt de C\u00e2bles Audio pour Amplificateur de Voiture &#8211; C\u00e2ble pour Subwoofer 1000 Watt &#8211; Jeu de 4 C\u00e2bles &#8211; 5 M\u00e8tres (CPK15D)"},"content":{"rendered":"<p> Boostez les syst\u00e8mes de musique de votre voiture \u00e0 l&#39;aide du kit de connexion pour amplificateur Caliber CPK15D ! Le jeu de c\u00e2bles est con\u00e7u pour connecter un amplificateur d&#39;une puissance allant jusqu&#39;\u00e0<strong>1000 watt<\/strong> \u00e0 votre voiture. Les c\u00e2bles de l&#39;amplificateur sont fournis sous forme d&#39;un jeu de <strong> quatre types de c\u00e2bles diff\u00e9rents <\/strong> comprenant toutes les fournitures n\u00e9cessaires \u00e0 l&#39;installation de l&#39;amplificateur. Ainsi, <strong>3 \u0153illets de c\u00e2ble <\/strong> et <strong>10 attaches de c\u00e2ble <\/strong> sont \u00e9galement inclus. Les \u0153illets de c\u00e2ble garantissent une bonne conductivit\u00e9 et les serre-c\u00e2bles permettent de s&#39;assurer que les c\u00e2bles restent au bon endroit dans la voiture.<\/p>\n<p><\/p>\n<\/p>\n<p> <strong> Caract\u00e9ristiques :<\/strong> <\/p>\n<ul>\n<li> C\u00e2ble d&#39;alimentation <\/li>\n<li> C\u00e2ble de masse <\/li>\n<li> C\u00e2ble de t\u00e9l\u00e9commande <\/li>\n<li> C\u00e2ble de signal <\/li>\n<li> Trois \u0153illets de c\u00e2ble <\/li>\n<li> Dix attaches de c\u00e2ble <\/li>\n<li> Convient pour une puissance de 1000 watt<\/li>\n<\/ul>\n<h3> Kit c\u00e2bles haut-parleurs et amplificateur complet <\/h3>\n<p> Le jeu de c\u00e2bles d&#39;ampli est livr\u00e9 avec tout ce qui est n\u00e9cessaire. Gr\u00e2ce au mat\u00e9riel d&#39;installation, vous disposez imm\u00e9diatement de tout ce dont vous avez besoin. Le c\u00e2ble d&#39;alimentation de 5 m\u00e8tres se connecte \u00e0 la batterie de votre voiture \u00e0 l&#39;aide d&#39;un \u0153illet de c\u00e2ble. Le c\u00e2ble de masse se connecte simplement au ch\u00e2ssis de votre voiture. Le c\u00e2ble de la t\u00e9l\u00e9commande allume et \u00e9teint l&#39;amplificateur en m\u00eame temps que votre radio. Enfin, le c\u00e2ble de signal assure un signal fort entre l&#39;autoradio et l&#39;amplificateur. <\/p>\n<h3> Une qualit\u00e9 musicale optimale gr\u00e2ce au c\u00e2ble enceinte ampli<\/h3>\n<p> Avec le c\u00e2ble d\u2019ampli, vous vous assurez une exp\u00e9rience musicale exceptionnelle lors de chaque trajet en voiture. Le jeu de c\u00e2bles ampli peut supporter une puissance de 1000 watts. Vous pouvez ainsi connecter les meilleurs amplificateurs \u00e0 vos syst\u00e8mes de musique. <\/p>\n<h3> Kit c\u00e2bles enceinte ampli facile \u00e0 installer <\/h3>\n<p> Le jeu de c\u00e2bles ampli est tr\u00e8s facile \u00e0 installer. En connectant les c\u00e2bles en combinaison avec les \u0153illets et les fixations \u00e0 votre autoradio, votre amplificateur est install\u00e9 en un rien de temps et vous pouvez imm\u00e9diatement profiter de votre musique pr\u00e9f\u00e9r\u00e9e. Les serre-c\u00e2bles inclus garantissent que tout reste bien en place.<\/p>\n<p><\/p>\n<\/p>\n<p> <strong> Inclus :<\/strong> <\/p>\n<ul>\n<li>5 m\u00e8tres de c\u00e2ble d&#39;alimentation 15 mm2 <\/li>\n<li>0,8 m\u00e8tre de c\u00e2ble de masse 15 mm2 <\/li>\n<li>5 m\u00e8tres de c\u00e2ble de t\u00e9l\u00e9commande <\/li>\n<li>5 m\u00e8tres de c\u00e2ble de signal <\/li>\n<li>3 oeillets de c\u00e2ble (M6) <\/li>\n<li> Porte-fusible avec fusible 40A <\/li>\n<li>10 serre-c\u00e2bles<\/li>\n<\/ul>\n","protected":false},"excerpt":{"rendered":"<ul>\n<li>C\u00e2ble d&rsquo;alimentation<\/li>\n<li>C\u00e2ble de masse<\/li>\n<li>C\u00e2ble de t\u00e9l\u00e9commande<\/li>\n<li>C\u00e2ble de signal<\/li>\n<li>Trois \u0153illets de c\u00e2ble<\/li>\n<li>Dix attaches de c\u00e2ble<\/li>\n<li>Convient pour une puissance de 1000 watt<\/li>\n<\/ul>\n","protected":false},"featured_media":867906,"template":"","meta":{"_acf_changed":false,"site-sidebar-layout":"default","site-content-layout":"","ast-site-content-layout":"default","site-content-style":"default","site-sidebar-style":"default","ast-global-header-display":"","ast-banner-title-visibility":"","ast-main-header-display":"","ast-hfb-above-header-display":"","ast-hfb-below-header-display":"","ast-hfb-mobile-header-display":"","site-post-title":"","ast-breadcrumbs-content":"","ast-featured-img":"","footer-sml-layout":"","theme-transparent-header-meta":"","adv-header-id-meta":"","stick-header-meta":"","header-above-stick-meta":"","header-main-stick-meta":"","header-below-stick-meta":"","astra-migrate-meta-layouts":"default","ast-page-background-enabled":"default","ast-page-background-meta":{"desktop":{"background-color":"","background-image":"","background-repeat":"repeat","background-position":"center center","background-size":"auto","background-attachment":"scroll","background-type":"","background-media":"","overlay-type":"","overlay-color":"","overlay-opacity":"","overlay-gradient":""},"tablet":{"background-color":"","background-image":"","background-repeat":"repeat","background-position":"center center","background-size":"auto","background-attachment":"scroll","background-type":"","background-media":"","overlay-type":"","overlay-color":"","overlay-opacity":"","overlay-gradient":""},"mobile":{"background-color":"","background-image":"","background-repeat":"repeat","background-position":"center center","background-size":"auto","background-attachment":"scroll","background-type":"","background-media":"","overlay-type":"","overlay-color":"","overlay-opacity":"","overlay-gradient":""}},"ast-content-background-meta":{"desktop":{"background-color":"var(--ast-global-color-5)","background-image":"","background-repeat":"repeat","background-position":"center center","background-size":"auto","background-attachment":"scroll","background-type":"","background-media":"","overlay-type":"","overlay-color":"","overlay-opacity":"","overlay-gradient":""},"tablet":{"background-color":"var(--ast-global-color-5)","background-image":"","background-repeat":"repeat","background-position":"center center","background-size":"auto","background-attachment":"scroll","background-type":"","background-media":"","overlay-type":"","overlay-color":"","overlay-opacity":"","overlay-gradient":""},"mobile":{"background-color":"var(--ast-global-color-5)","background-image":"","background-repeat":"repeat","background-position":"center center","background-size":"auto","background-attachment":"scroll","background-type":"","background-media":"","overlay-type":"","overlay-color":"","overlay-opacity":"","overlay-gradient":""}}},"product_brand":[],"product_cat":[22955],"product_tag":[],"class_list":{"0":"post-479124","1":"product","2":"type-product","3":"status-publish","4":"has-post-thumbnail","6":"product_cat-pas-de-categorie","7":"desktop-align-center","8":"tablet-align-center","9":"mobile-align-center","10":"ast-product-gallery-layout-horizontal","11":"ast-product-tabs-layout-horizontal","13":"first","14":"instock","15":"taxable","16":"shipping-taxable","17":"purchasable","18":"product-type-simple"},"acf":[],"yoast_head":"<!-- This site is optimized with the Yoast SEO plugin v26.5 - https:\/\/yoast.com\/wordpress\/plugins\/seo\/ -->\n<title>KIt de C\u00e2bles Audio pour Amplificateur de Voiture - C\u00e2ble pour Subwoofer 1000 Watt - Jeu de 4 C\u00e2bles - 5 M\u00e8tres (CPK15D) - Caliber Europe B.V.<\/title>\n<meta name=\"robots\" content=\"noindex, follow, max-snippet:-1, max-image-preview:large, max-video-preview:-1\" \/>\n<meta property=\"og:locale\" content=\"fr_FR\" \/>\n<meta property=\"og:type\" content=\"article\" \/>\n<meta property=\"og:title\" content=\"KIt de C\u00e2bles Audio pour Amplificateur de Voiture - C\u00e2ble pour Subwoofer 1000 Watt - Jeu de 4 C\u00e2bles - 5 M\u00e8tres (CPK15D) - Caliber Europe B.V.\" \/>\n<meta property=\"og:description\" content=\"C\u00e2ble d&#039;alimentationC\u00e2ble de masseC\u00e2ble de t\u00e9l\u00e9commandeC\u00e2ble de signalTrois \u0153illets de c\u00e2bleDix attaches de c\u00e2bleConvient pour une puissance de 1000 watt\" \/>\n<meta property=\"og:url\" content=\"https:\/\/b2b.calibereurope.com\/fr\/produit\/cpk15d-fr_fr\/\" \/>\n<meta property=\"og:site_name\" content=\"Caliber Europe B.V.\" \/>\n<meta property=\"article:modified_time\" content=\"2026-04-10T12:17:44+00:00\" \/>\n<meta property=\"og:image\" content=\"https:\/\/b2b.calibereurope.com\/wp-content\/uploads\/2021\/09\/86862fba8bf53f39b86e2c14327f2063e99d4767_CPK15D_web.jpg\" \/>\n\t<meta property=\"og:image:width\" content=\"1024\" \/>\n\t<meta property=\"og:image:height\" content=\"768\" \/>\n\t<meta property=\"og:image:type\" content=\"image\/jpeg\" \/>\n<meta name=\"twitter:card\" content=\"summary_large_image\" \/>\n<meta name=\"twitter:label1\" content=\"Dur\u00e9e de lecture estim\u00e9e\" \/>\n\t<meta name=\"twitter:data1\" content=\"2 minutes\" \/>\n<script type=\"application\/ld+json\" class=\"yoast-schema-graph\">{\"@context\":\"https:\/\/schema.org\",\"@graph\":[{\"@type\":\"WebPage\",\"@id\":\"https:\/\/b2b.calibereurope.com\/fr\/produit\/cpk15d-fr_fr\/\",\"url\":\"https:\/\/b2b.calibereurope.com\/fr\/produit\/cpk15d-fr_fr\/\",\"name\":\"KIt de C\u00e2bles Audio pour Amplificateur de Voiture - C\u00e2ble pour Subwoofer 1000 Watt - Jeu de 4 C\u00e2bles - 5 M\u00e8tres (CPK15D) - Caliber Europe B.V.\",\"isPartOf\":{\"@id\":\"https:\/\/b2b.calibereurope.com\/#website\"},\"primaryImageOfPage\":{\"@id\":\"https:\/\/b2b.calibereurope.com\/fr\/produit\/cpk15d-fr_fr\/#primaryimage\"},\"image\":{\"@id\":\"https:\/\/b2b.calibereurope.com\/fr\/produit\/cpk15d-fr_fr\/#primaryimage\"},\"thumbnailUrl\":\"https:\/\/b2b.calibereurope.com\/wp-content\/uploads\/2025\/12\/86862fba8bf53f39b86e2c14327f2063e99d4767_CPK15D_web-4.jpg\",\"datePublished\":\"2025-12-04T00:00:00+00:00\",\"dateModified\":\"2026-04-10T12:17:44+00:00\",\"breadcrumb\":{\"@id\":\"https:\/\/b2b.calibereurope.com\/fr\/produit\/cpk15d-fr_fr\/#breadcrumb\"},\"inLanguage\":\"fr-FR\",\"potentialAction\":[{\"@type\":\"ReadAction\",\"target\":[\"https:\/\/b2b.calibereurope.com\/fr\/produit\/cpk15d-fr_fr\/\"]}]},{\"@type\":\"ImageObject\",\"inLanguage\":\"fr-FR\",\"@id\":\"https:\/\/b2b.calibereurope.com\/fr\/produit\/cpk15d-fr_fr\/#primaryimage\",\"url\":\"https:\/\/b2b.calibereurope.com\/wp-content\/uploads\/2025\/12\/86862fba8bf53f39b86e2c14327f2063e99d4767_CPK15D_web-4.jpg\",\"contentUrl\":\"https:\/\/b2b.calibereurope.com\/wp-content\/uploads\/2025\/12\/86862fba8bf53f39b86e2c14327f2063e99d4767_CPK15D_web-4.jpg\",\"width\":1024,\"height\":768},{\"@type\":\"BreadcrumbList\",\"@id\":\"https:\/\/b2b.calibereurope.com\/fr\/produit\/cpk15d-fr_fr\/#breadcrumb\",\"itemListElement\":[{\"@type\":\"ListItem\",\"position\":1,\"name\":\"Home\",\"item\":\"https:\/\/b2b.calibereurope.com\/fr\/home\/\"},{\"@type\":\"ListItem\",\"position\":2,\"name\":\"Boutique\",\"item\":\"https:\/\/b2b.calibereurope.com\/fr\/boutique\/\"},{\"@type\":\"ListItem\",\"position\":3,\"name\":\"Jeu de c\u00e2bles 15mm &#8211; 1000 Watt (CPK15D)\"}]},{\"@type\":\"WebSite\",\"@id\":\"https:\/\/b2b.calibereurope.com\/#website\",\"url\":\"https:\/\/b2b.calibereurope.com\/\",\"name\":\"Caliber Europe B.V.\",\"description\":\"B2B Webshop\",\"publisher\":{\"@id\":\"https:\/\/b2b.calibereurope.com\/#organization\"},\"potentialAction\":[{\"@type\":\"SearchAction\",\"target\":{\"@type\":\"EntryPoint\",\"urlTemplate\":\"https:\/\/b2b.calibereurope.com\/?s={search_term_string}\"},\"query-input\":{\"@type\":\"PropertyValueSpecification\",\"valueRequired\":true,\"valueName\":\"search_term_string\"}}],\"inLanguage\":\"fr-FR\"},{\"@type\":\"Organization\",\"@id\":\"https:\/\/b2b.calibereurope.com\/#organization\",\"name\":\"Caliber Europe B.V.\",\"url\":\"https:\/\/b2b.calibereurope.com\/\",\"logo\":{\"@type\":\"ImageObject\",\"inLanguage\":\"fr-FR\",\"@id\":\"https:\/\/b2b.calibereurope.com\/#\/schema\/logo\/image\/\",\"url\":\"https:\/\/b2b.calibereurope.com\/wp-content\/uploads\/2020\/12\/Caliber_Logo-Black.png\",\"contentUrl\":\"https:\/\/b2b.calibereurope.com\/wp-content\/uploads\/2020\/12\/Caliber_Logo-Black.png\",\"width\":3157,\"height\":356,\"caption\":\"Caliber Europe B.V.\"},\"image\":{\"@id\":\"https:\/\/b2b.calibereurope.com\/#\/schema\/logo\/image\/\"}}]}<\/script>\n<!-- \/ Yoast SEO plugin. -->","yoast_head_json":{"title":"KIt de C\u00e2bles Audio pour Amplificateur de Voiture - C\u00e2ble pour Subwoofer 1000 Watt - Jeu de 4 C\u00e2bles - 5 M\u00e8tres (CPK15D) - Caliber Europe B.V.","robots":{"index":"noindex","follow":"follow","max-snippet":"max-snippet:-1","max-image-preview":"max-image-preview:large","max-video-preview":"max-video-preview:-1"},"og_locale":"fr_FR","og_type":"article","og_title":"KIt de C\u00e2bles Audio pour Amplificateur de Voiture - C\u00e2ble pour Subwoofer 1000 Watt - Jeu de 4 C\u00e2bles - 5 M\u00e8tres (CPK15D) - Caliber Europe B.V.","og_description":"C\u00e2ble d'alimentationC\u00e2ble de masseC\u00e2ble de t\u00e9l\u00e9commandeC\u00e2ble de signalTrois \u0153illets de c\u00e2bleDix attaches de c\u00e2bleConvient pour une puissance de 1000 watt","og_url":"https:\/\/b2b.calibereurope.com\/fr\/produit\/cpk15d-fr_fr\/","og_site_name":"Caliber Europe B.V.","article_modified_time":"2026-04-10T12:17:44+00:00","og_image":[{"width":1024,"height":768,"url":"https:\/\/b2b.calibereurope.com\/wp-content\/uploads\/2021\/09\/86862fba8bf53f39b86e2c14327f2063e99d4767_CPK15D_web.jpg","type":"image\/jpeg"}],"twitter_card":"summary_large_image","twitter_misc":{"Dur\u00e9e de lecture estim\u00e9e":"2 minutes"},"schema":{"@context":"https:\/\/schema.org","@graph":[{"@type":"WebPage","@id":"https:\/\/b2b.calibereurope.com\/fr\/produit\/cpk15d-fr_fr\/","url":"https:\/\/b2b.calibereurope.com\/fr\/produit\/cpk15d-fr_fr\/","name":"KIt de C\u00e2bles Audio pour Amplificateur de Voiture - C\u00e2ble pour Subwoofer 1000 Watt - Jeu de 4 C\u00e2bles - 5 M\u00e8tres (CPK15D) - Caliber Europe B.V.","isPartOf":{"@id":"https:\/\/b2b.calibereurope.com\/#website"},"primaryImageOfPage":{"@id":"https:\/\/b2b.calibereurope.com\/fr\/produit\/cpk15d-fr_fr\/#primaryimage"},"image":{"@id":"https:\/\/b2b.calibereurope.com\/fr\/produit\/cpk15d-fr_fr\/#primaryimage"},"thumbnailUrl":"https:\/\/b2b.calibereurope.com\/wp-content\/uploads\/2025\/12\/86862fba8bf53f39b86e2c14327f2063e99d4767_CPK15D_web-4.jpg","datePublished":"2025-12-04T00:00:00+00:00","dateModified":"2026-04-10T12:17:44+00:00","breadcrumb":{"@id":"https:\/\/b2b.calibereurope.com\/fr\/produit\/cpk15d-fr_fr\/#breadcrumb"},"inLanguage":"fr-FR","potentialAction":[{"@type":"ReadAction","target":["https:\/\/b2b.calibereurope.com\/fr\/produit\/cpk15d-fr_fr\/"]}]},{"@type":"ImageObject","inLanguage":"fr-FR","@id":"https:\/\/b2b.calibereurope.com\/fr\/produit\/cpk15d-fr_fr\/#primaryimage","url":"https:\/\/b2b.calibereurope.com\/wp-content\/uploads\/2025\/12\/86862fba8bf53f39b86e2c14327f2063e99d4767_CPK15D_web-4.jpg","contentUrl":"https:\/\/b2b.calibereurope.com\/wp-content\/uploads\/2025\/12\/86862fba8bf53f39b86e2c14327f2063e99d4767_CPK15D_web-4.jpg","width":1024,"height":768},{"@type":"BreadcrumbList","@id":"https:\/\/b2b.calibereurope.com\/fr\/produit\/cpk15d-fr_fr\/#breadcrumb","itemListElement":[{"@type":"ListItem","position":1,"name":"Home","item":"https:\/\/b2b.calibereurope.com\/fr\/home\/"},{"@type":"ListItem","position":2,"name":"Boutique","item":"https:\/\/b2b.calibereurope.com\/fr\/boutique\/"},{"@type":"ListItem","position":3,"name":"Jeu de c\u00e2bles 15mm &#8211; 1000 Watt (CPK15D)"}]},{"@type":"WebSite","@id":"https:\/\/b2b.calibereurope.com\/#website","url":"https:\/\/b2b.calibereurope.com\/","name":"Caliber Europe B.V.","description":"B2B Webshop","publisher":{"@id":"https:\/\/b2b.calibereurope.com\/#organization"},"potentialAction":[{"@type":"SearchAction","target":{"@type":"EntryPoint","urlTemplate":"https:\/\/b2b.calibereurope.com\/?s={search_term_string}"},"query-input":{"@type":"PropertyValueSpecification","valueRequired":true,"valueName":"search_term_string"}}],"inLanguage":"fr-FR"},{"@type":"Organization","@id":"https:\/\/b2b.calibereurope.com\/#organization","name":"Caliber Europe B.V.","url":"https:\/\/b2b.calibereurope.com\/","logo":{"@type":"ImageObject","inLanguage":"fr-FR","@id":"https:\/\/b2b.calibereurope.com\/#\/schema\/logo\/image\/","url":"https:\/\/b2b.calibereurope.com\/wp-content\/uploads\/2020\/12\/Caliber_Logo-Black.png","contentUrl":"https:\/\/b2b.calibereurope.com\/wp-content\/uploads\/2020\/12\/Caliber_Logo-Black.png","width":3157,"height":356,"caption":"Caliber Europe B.V."},"image":{"@id":"https:\/\/b2b.calibereurope.com\/#\/schema\/logo\/image\/"}}]}},"_links":{"self":[{"href":"https:\/\/b2b.calibereurope.com\/fr\/wp-json\/wp\/v2\/product\/479124","targetHints":{"allow":["GET"]}}],"collection":[{"href":"https:\/\/b2b.calibereurope.com\/fr\/wp-json\/wp\/v2\/product"}],"about":[{"href":"https:\/\/b2b.calibereurope.com\/fr\/wp-json\/wp\/v2\/types\/product"}],"version-history":[{"count":0,"href":"https:\/\/b2b.calibereurope.com\/fr\/wp-json\/wp\/v2\/product\/479124\/revisions"}],"wp:featuredmedia":[{"embeddable":true,"href":"https:\/\/b2b.calibereurope.com\/fr\/wp-json\/wp\/v2\/media\/867906"}],"wp:attachment":[{"href":"https:\/\/b2b.calibereurope.com\/fr\/wp-json\/wp\/v2\/media?parent=479124"}],"wp:term":[{"taxonomy":"product_brand","embeddable":true,"href":"https:\/\/b2b.calibereurope.com\/fr\/wp-json\/wp\/v2\/product_brand?post=479124"},{"taxonomy":"product_cat","embeddable":true,"href":"https:\/\/b2b.calibereurope.com\/fr\/wp-json\/wp\/v2\/product_cat?post=479124"},{"taxonomy":"product_tag","embeddable":true,"href":"https:\/\/b2b.calibereurope.com\/fr\/wp-json\/wp\/v2\/product_tag?post=479124"}],"curies":[{"name":"wp","href":"https:\/\/api.w.org\/{rel}","templated":true}]}}