{"id":479176,"date":"2025-12-04T01:00:00","date_gmt":"2025-12-04T00:00:00","guid":{"rendered":"0"},"modified":"2026-03-10T13:28:43","modified_gmt":"2026-03-10T12:28:43","slug":"CPK10D-fr_FR","status":"publish","type":"product","link":"https:\/\/b2b.calibereurope.com\/fr\/produit\/CPK10D-fr_FR\/","title":{"rendered":"Jeu de c\u00e2bles audio pour amplificateur de voiture &#8211; C\u00e2ble pour subwoofer de 500 Watt &#8211; Jeu de 4 c\u00e2bles &#8211; 5 m\u00e8tres (CPK10D)"},"content":{"rendered":"<p> Transformez chaque voyage en voiture en f\u00eate avec le kit de connexion d&#39;amplificateur Caliber CPK10D. Ce jeu de c\u00e2bles est utilis\u00e9 pour connecter un <strong>amplificateur \u00e0 un autoradio.<\/strong> Le jeu de c\u00e2bles d&#39;amplificateur pour voiture est livr\u00e9 avec tout le n\u00e9cessaire. De cette fa\u00e7on, vous pouvez installer le jeu de c\u00e2bles imm\u00e9diatement. Le jeu de c\u00e2bles d&#39;amplificateur se compose de <strong>quatre c\u00e2bles diff\u00e9rents. <\/strong> De plus, le jeu est \u00e9galement livr\u00e9 avec <strong>3 cosses de c\u00e2ble M13<\/strong> et <strong>10 connecteurs de c\u00e2ble<\/strong>. Les connecteurs de c\u00e2ble garantissent que les c\u00e2bles restent en place. De cette fa\u00e7on, la musique continue de jouer \u00e0 chaque tour!<\/p>\n<p><\/p>\n<\/p>\n<p> <strong>Propri\u00e9t\u00e9s :<\/strong> <\/p>\n<ul>\n<li>C\u00e2ble d&#39;alimentation <\/li>\n<li>C\u00e2ble de masse <\/li>\n<li>C\u00e2ble \u00e0 distance <\/li>\n<li>C\u00e2ble de signal <\/li>\n<li>Trois cosses de c\u00e2ble <\/li>\n<li>Dix attaches de c\u00e2ble<\/li>\n<li>500 watts <\/li>\n<\/ul>\n<h3>La meilleure qualit\u00e9 musicale <\/h3>\n<p> Le kit de connexion de l&#39;amplificateur garantit une exp\u00e9rience musicale de la plus haute qualit\u00e9. L&#39;ensemble est livr\u00e9 avec quatre types de c\u00e2bles. Le c\u00e2ble d&#39;alimentation a une \u00e9paisseur de 10 mm2 et une longueur de 5 m\u00e8tres. Vous connectez le c\u00e2ble d&#39;alimentation \u00e0 la batterie \u00e0 l&#39;aide d&#39;un \u0153illet de c\u00e2ble M13. Un porte-fusible de 30 amp\u00e8res est \u00e9galement inclus. Placez cela aussi pr\u00e8s que possible de la batterie. Connectez le c\u00e2ble de masse au ch\u00e2ssis de la voiture \u00e0 l&#39;aide d&#39;un \u0153illet de c\u00e2ble. Le c\u00e2ble de t\u00e9l\u00e9commande garantit que l&#39;amplificateur s&#39;allume et s&#39;\u00e9teint avec la radio. Le c\u00e2ble de signal fournit un signal fort entre la radio et l&#39;amplificateur. <\/p>\n<h3>Facile \u00e0 fixer<\/h3>\n<p> Le c\u00e2ble de l&#39;amplificateur s&#39;installe tr\u00e8s rapidement. En connectant les quatre c\u00e2bles en combinaison avec le mat\u00e9riel d&#39;installation fourni dans la voiture, vous pouvez imm\u00e9diatement profiter de votre prochain voyage en voiture et d&#39;une qualit\u00e9 sonore optimale. Les c\u00e2bles sont suffisamment longs pour placer les amplificateurs \u00e0 diff\u00e9rents endroits de la voiture. <\/p>\n<h3>500 watts de puissance<\/h3>\n<p> Le jeu de c\u00e2bles pour l&#39;amplificateur a une puissance de 500 watts. Cela signifie que le jeu de c\u00e2bles peut conduire 500 watts \u00e0 partir de l&#39;amplificateur. Il est donc \u00e9galement recommand\u00e9 de ne pas connecter un amplificateur de plus de 500 watts aux c\u00e2bles ! <\/p>\n<p> <strong>Inclus :<\/strong><\/p>\n<p><strong><br \/><\/strong> <\/p>\n<ul>\n<li>Caliber CPK10D <\/li>\n<li>Porte-fusible 30 amp\u00e8res <\/li>\n<li>C\u00e2ble d&#39;alimentation <\/li>\n<li>C\u00e2ble de masse <\/li>\n<li>C\u00e2ble de t\u00e9l\u00e9commande <\/li>\n<li>C\u00e2ble de signal <\/li>\n<li>3 cosses de c\u00e2ble M13 <\/li>\n<li>10 serre-c\u00e2bles <\/li>\n<\/ul>\n","protected":false},"excerpt":{"rendered":"<ul>\n<li>C\u00e2ble d&rsquo;alimentation<\/li>\n<li>C\u00e2ble de masse<\/li>\n<li>C\u00e2ble \u00e0 distance<\/li>\n<li>C\u00e2ble de signal<\/li>\n<li>Trois cosses de c\u00e2ble<\/li>\n<li>Dix attaches de c\u00e2ble<\/li>\n<li>500 watts<\/li>\n<\/ul>\n","protected":false},"featured_media":867970,"template":"","meta":{"_acf_changed":false,"site-sidebar-layout":"default","site-content-layout":"","ast-site-content-layout":"default","site-content-style":"default","site-sidebar-style":"default","ast-global-header-display":"","ast-banner-title-visibility":"","ast-main-header-display":"","ast-hfb-above-header-display":"","ast-hfb-below-header-display":"","ast-hfb-mobile-header-display":"","site-post-title":"","ast-breadcrumbs-content":"","ast-featured-img":"","footer-sml-layout":"","theme-transparent-header-meta":"","adv-header-id-meta":"","stick-header-meta":"","header-above-stick-meta":"","header-main-stick-meta":"","header-below-stick-meta":"","astra-migrate-meta-layouts":"default","ast-page-background-enabled":"default","ast-page-background-meta":{"desktop":{"background-color":"","background-image":"","background-repeat":"repeat","background-position":"center center","background-size":"auto","background-attachment":"scroll","background-type":"","background-media":"","overlay-type":"","overlay-color":"","overlay-opacity":"","overlay-gradient":""},"tablet":{"background-color":"","background-image":"","background-repeat":"repeat","background-position":"center center","background-size":"auto","background-attachment":"scroll","background-type":"","background-media":"","overlay-type":"","overlay-color":"","overlay-opacity":"","overlay-gradient":""},"mobile":{"background-color":"","background-image":"","background-repeat":"repeat","background-position":"center center","background-size":"auto","background-attachment":"scroll","background-type":"","background-media":"","overlay-type":"","overlay-color":"","overlay-opacity":"","overlay-gradient":""}},"ast-content-background-meta":{"desktop":{"background-color":"var(--ast-global-color-5)","background-image":"","background-repeat":"repeat","background-position":"center center","background-size":"auto","background-attachment":"scroll","background-type":"","background-media":"","overlay-type":"","overlay-color":"","overlay-opacity":"","overlay-gradient":""},"tablet":{"background-color":"var(--ast-global-color-5)","background-image":"","background-repeat":"repeat","background-position":"center center","background-size":"auto","background-attachment":"scroll","background-type":"","background-media":"","overlay-type":"","overlay-color":"","overlay-opacity":"","overlay-gradient":""},"mobile":{"background-color":"var(--ast-global-color-5)","background-image":"","background-repeat":"repeat","background-position":"center center","background-size":"auto","background-attachment":"scroll","background-type":"","background-media":"","overlay-type":"","overlay-color":"","overlay-opacity":"","overlay-gradient":""}}},"product_brand":[],"product_cat":[22955],"product_tag":[],"class_list":{"0":"post-479176","1":"product","2":"type-product","3":"status-publish","4":"has-post-thumbnail","6":"product_cat-pas-de-categorie","7":"desktop-align-center","8":"tablet-align-center","9":"mobile-align-center","10":"ast-product-gallery-layout-horizontal","11":"ast-product-tabs-layout-horizontal","13":"first","14":"instock","15":"taxable","16":"shipping-taxable","17":"purchasable","18":"product-type-simple"},"acf":[],"yoast_head":"<!-- This site is optimized with the Yoast SEO plugin v26.5 - https:\/\/yoast.com\/wordpress\/plugins\/seo\/ -->\n<title>Jeu de c\u00e2bles audio pour amplificateur de voiture - C\u00e2ble pour subwoofer de 500 Watt - Jeu de 4 c\u00e2bles - 5 m\u00e8tres (CPK10D) - Caliber Europe B.V.<\/title>\n<meta name=\"robots\" content=\"noindex, follow, max-snippet:-1, max-image-preview:large, max-video-preview:-1\" \/>\n<meta property=\"og:locale\" content=\"fr_FR\" \/>\n<meta property=\"og:type\" content=\"article\" \/>\n<meta property=\"og:title\" content=\"Jeu de c\u00e2bles audio pour amplificateur de voiture - C\u00e2ble pour subwoofer de 500 Watt - Jeu de 4 c\u00e2bles - 5 m\u00e8tres (CPK10D) - Caliber Europe B.V.\" \/>\n<meta property=\"og:description\" content=\"C\u00e2ble d&#039;alimentationC\u00e2ble de masseC\u00e2ble \u00e0 distanceC\u00e2ble de signalTrois cosses de c\u00e2bleDix attaches de c\u00e2ble500 watts\" \/>\n<meta property=\"og:url\" content=\"https:\/\/b2b.calibereurope.com\/fr\/produit\/cpk10d-fr_fr\/\" \/>\n<meta property=\"og:site_name\" content=\"Caliber Europe B.V.\" \/>\n<meta property=\"article:modified_time\" content=\"2026-03-10T12:28:43+00:00\" \/>\n<meta property=\"og:image\" content=\"https:\/\/b2b.calibereurope.com\/wp-content\/uploads\/2021\/09\/189740c52daae0cc0367ea2a3346ad667e8a5b27_CPK10D_web.jpg\" \/>\n\t<meta property=\"og:image:width\" content=\"1024\" \/>\n\t<meta property=\"og:image:height\" content=\"768\" \/>\n\t<meta property=\"og:image:type\" content=\"image\/jpeg\" \/>\n<meta name=\"twitter:card\" content=\"summary_large_image\" \/>\n<meta name=\"twitter:label1\" content=\"Dur\u00e9e de lecture estim\u00e9e\" \/>\n\t<meta name=\"twitter:data1\" content=\"2 minutes\" \/>\n<script type=\"application\/ld+json\" class=\"yoast-schema-graph\">{\"@context\":\"https:\/\/schema.org\",\"@graph\":[{\"@type\":\"WebPage\",\"@id\":\"https:\/\/b2b.calibereurope.com\/fr\/produit\/cpk10d-fr_fr\/\",\"url\":\"https:\/\/b2b.calibereurope.com\/fr\/produit\/cpk10d-fr_fr\/\",\"name\":\"Jeu de c\u00e2bles audio pour amplificateur de voiture - C\u00e2ble pour subwoofer de 500 Watt - Jeu de 4 c\u00e2bles - 5 m\u00e8tres (CPK10D) - Caliber Europe B.V.\",\"isPartOf\":{\"@id\":\"https:\/\/b2b.calibereurope.com\/#website\"},\"primaryImageOfPage\":{\"@id\":\"https:\/\/b2b.calibereurope.com\/fr\/produit\/cpk10d-fr_fr\/#primaryimage\"},\"image\":{\"@id\":\"https:\/\/b2b.calibereurope.com\/fr\/produit\/cpk10d-fr_fr\/#primaryimage\"},\"thumbnailUrl\":\"https:\/\/b2b.calibereurope.com\/wp-content\/uploads\/2025\/12\/189740c52daae0cc0367ea2a3346ad667e8a5b27_CPK10D_web-4.jpg\",\"datePublished\":\"2025-12-04T00:00:00+00:00\",\"dateModified\":\"2026-03-10T12:28:43+00:00\",\"breadcrumb\":{\"@id\":\"https:\/\/b2b.calibereurope.com\/fr\/produit\/cpk10d-fr_fr\/#breadcrumb\"},\"inLanguage\":\"fr-FR\",\"potentialAction\":[{\"@type\":\"ReadAction\",\"target\":[\"https:\/\/b2b.calibereurope.com\/fr\/produit\/cpk10d-fr_fr\/\"]}]},{\"@type\":\"ImageObject\",\"inLanguage\":\"fr-FR\",\"@id\":\"https:\/\/b2b.calibereurope.com\/fr\/produit\/cpk10d-fr_fr\/#primaryimage\",\"url\":\"https:\/\/b2b.calibereurope.com\/wp-content\/uploads\/2025\/12\/189740c52daae0cc0367ea2a3346ad667e8a5b27_CPK10D_web-4.jpg\",\"contentUrl\":\"https:\/\/b2b.calibereurope.com\/wp-content\/uploads\/2025\/12\/189740c52daae0cc0367ea2a3346ad667e8a5b27_CPK10D_web-4.jpg\",\"width\":1024,\"height\":768},{\"@type\":\"BreadcrumbList\",\"@id\":\"https:\/\/b2b.calibereurope.com\/fr\/produit\/cpk10d-fr_fr\/#breadcrumb\",\"itemListElement\":[{\"@type\":\"ListItem\",\"position\":1,\"name\":\"Home\",\"item\":\"https:\/\/b2b.calibereurope.com\/fr\/home\/\"},{\"@type\":\"ListItem\",\"position\":2,\"name\":\"Boutique\",\"item\":\"https:\/\/b2b.calibereurope.com\/fr\/boutique\/\"},{\"@type\":\"ListItem\",\"position\":3,\"name\":\"Jeu de c\u00e2bles 10mm &#8211; 500 Watt (CPK10D)\"}]},{\"@type\":\"WebSite\",\"@id\":\"https:\/\/b2b.calibereurope.com\/#website\",\"url\":\"https:\/\/b2b.calibereurope.com\/\",\"name\":\"Caliber Europe B.V.\",\"description\":\"B2B Webshop\",\"publisher\":{\"@id\":\"https:\/\/b2b.calibereurope.com\/#organization\"},\"potentialAction\":[{\"@type\":\"SearchAction\",\"target\":{\"@type\":\"EntryPoint\",\"urlTemplate\":\"https:\/\/b2b.calibereurope.com\/?s={search_term_string}\"},\"query-input\":{\"@type\":\"PropertyValueSpecification\",\"valueRequired\":true,\"valueName\":\"search_term_string\"}}],\"inLanguage\":\"fr-FR\"},{\"@type\":\"Organization\",\"@id\":\"https:\/\/b2b.calibereurope.com\/#organization\",\"name\":\"Caliber Europe B.V.\",\"url\":\"https:\/\/b2b.calibereurope.com\/\",\"logo\":{\"@type\":\"ImageObject\",\"inLanguage\":\"fr-FR\",\"@id\":\"https:\/\/b2b.calibereurope.com\/#\/schema\/logo\/image\/\",\"url\":\"https:\/\/b2b.calibereurope.com\/wp-content\/uploads\/2020\/12\/Caliber_Logo-Black.png\",\"contentUrl\":\"https:\/\/b2b.calibereurope.com\/wp-content\/uploads\/2020\/12\/Caliber_Logo-Black.png\",\"width\":3157,\"height\":356,\"caption\":\"Caliber Europe B.V.\"},\"image\":{\"@id\":\"https:\/\/b2b.calibereurope.com\/#\/schema\/logo\/image\/\"}}]}<\/script>\n<!-- \/ Yoast SEO plugin. -->","yoast_head_json":{"title":"Jeu de c\u00e2bles audio pour amplificateur de voiture - C\u00e2ble pour subwoofer de 500 Watt - Jeu de 4 c\u00e2bles - 5 m\u00e8tres (CPK10D) - Caliber Europe B.V.","robots":{"index":"noindex","follow":"follow","max-snippet":"max-snippet:-1","max-image-preview":"max-image-preview:large","max-video-preview":"max-video-preview:-1"},"og_locale":"fr_FR","og_type":"article","og_title":"Jeu de c\u00e2bles audio pour amplificateur de voiture - C\u00e2ble pour subwoofer de 500 Watt - Jeu de 4 c\u00e2bles - 5 m\u00e8tres (CPK10D) - Caliber Europe B.V.","og_description":"C\u00e2ble d'alimentationC\u00e2ble de masseC\u00e2ble \u00e0 distanceC\u00e2ble de signalTrois cosses de c\u00e2bleDix attaches de c\u00e2ble500 watts","og_url":"https:\/\/b2b.calibereurope.com\/fr\/produit\/cpk10d-fr_fr\/","og_site_name":"Caliber Europe B.V.","article_modified_time":"2026-03-10T12:28:43+00:00","og_image":[{"width":1024,"height":768,"url":"https:\/\/b2b.calibereurope.com\/wp-content\/uploads\/2021\/09\/189740c52daae0cc0367ea2a3346ad667e8a5b27_CPK10D_web.jpg","type":"image\/jpeg"}],"twitter_card":"summary_large_image","twitter_misc":{"Dur\u00e9e de lecture estim\u00e9e":"2 minutes"},"schema":{"@context":"https:\/\/schema.org","@graph":[{"@type":"WebPage","@id":"https:\/\/b2b.calibereurope.com\/fr\/produit\/cpk10d-fr_fr\/","url":"https:\/\/b2b.calibereurope.com\/fr\/produit\/cpk10d-fr_fr\/","name":"Jeu de c\u00e2bles audio pour amplificateur de voiture - C\u00e2ble pour subwoofer de 500 Watt - Jeu de 4 c\u00e2bles - 5 m\u00e8tres (CPK10D) - Caliber Europe B.V.","isPartOf":{"@id":"https:\/\/b2b.calibereurope.com\/#website"},"primaryImageOfPage":{"@id":"https:\/\/b2b.calibereurope.com\/fr\/produit\/cpk10d-fr_fr\/#primaryimage"},"image":{"@id":"https:\/\/b2b.calibereurope.com\/fr\/produit\/cpk10d-fr_fr\/#primaryimage"},"thumbnailUrl":"https:\/\/b2b.calibereurope.com\/wp-content\/uploads\/2025\/12\/189740c52daae0cc0367ea2a3346ad667e8a5b27_CPK10D_web-4.jpg","datePublished":"2025-12-04T00:00:00+00:00","dateModified":"2026-03-10T12:28:43+00:00","breadcrumb":{"@id":"https:\/\/b2b.calibereurope.com\/fr\/produit\/cpk10d-fr_fr\/#breadcrumb"},"inLanguage":"fr-FR","potentialAction":[{"@type":"ReadAction","target":["https:\/\/b2b.calibereurope.com\/fr\/produit\/cpk10d-fr_fr\/"]}]},{"@type":"ImageObject","inLanguage":"fr-FR","@id":"https:\/\/b2b.calibereurope.com\/fr\/produit\/cpk10d-fr_fr\/#primaryimage","url":"https:\/\/b2b.calibereurope.com\/wp-content\/uploads\/2025\/12\/189740c52daae0cc0367ea2a3346ad667e8a5b27_CPK10D_web-4.jpg","contentUrl":"https:\/\/b2b.calibereurope.com\/wp-content\/uploads\/2025\/12\/189740c52daae0cc0367ea2a3346ad667e8a5b27_CPK10D_web-4.jpg","width":1024,"height":768},{"@type":"BreadcrumbList","@id":"https:\/\/b2b.calibereurope.com\/fr\/produit\/cpk10d-fr_fr\/#breadcrumb","itemListElement":[{"@type":"ListItem","position":1,"name":"Home","item":"https:\/\/b2b.calibereurope.com\/fr\/home\/"},{"@type":"ListItem","position":2,"name":"Boutique","item":"https:\/\/b2b.calibereurope.com\/fr\/boutique\/"},{"@type":"ListItem","position":3,"name":"Jeu de c\u00e2bles 10mm &#8211; 500 Watt (CPK10D)"}]},{"@type":"WebSite","@id":"https:\/\/b2b.calibereurope.com\/#website","url":"https:\/\/b2b.calibereurope.com\/","name":"Caliber Europe B.V.","description":"B2B Webshop","publisher":{"@id":"https:\/\/b2b.calibereurope.com\/#organization"},"potentialAction":[{"@type":"SearchAction","target":{"@type":"EntryPoint","urlTemplate":"https:\/\/b2b.calibereurope.com\/?s={search_term_string}"},"query-input":{"@type":"PropertyValueSpecification","valueRequired":true,"valueName":"search_term_string"}}],"inLanguage":"fr-FR"},{"@type":"Organization","@id":"https:\/\/b2b.calibereurope.com\/#organization","name":"Caliber Europe B.V.","url":"https:\/\/b2b.calibereurope.com\/","logo":{"@type":"ImageObject","inLanguage":"fr-FR","@id":"https:\/\/b2b.calibereurope.com\/#\/schema\/logo\/image\/","url":"https:\/\/b2b.calibereurope.com\/wp-content\/uploads\/2020\/12\/Caliber_Logo-Black.png","contentUrl":"https:\/\/b2b.calibereurope.com\/wp-content\/uploads\/2020\/12\/Caliber_Logo-Black.png","width":3157,"height":356,"caption":"Caliber Europe B.V."},"image":{"@id":"https:\/\/b2b.calibereurope.com\/#\/schema\/logo\/image\/"}}]}},"_links":{"self":[{"href":"https:\/\/b2b.calibereurope.com\/fr\/wp-json\/wp\/v2\/product\/479176","targetHints":{"allow":["GET"]}}],"collection":[{"href":"https:\/\/b2b.calibereurope.com\/fr\/wp-json\/wp\/v2\/product"}],"about":[{"href":"https:\/\/b2b.calibereurope.com\/fr\/wp-json\/wp\/v2\/types\/product"}],"version-history":[{"count":0,"href":"https:\/\/b2b.calibereurope.com\/fr\/wp-json\/wp\/v2\/product\/479176\/revisions"}],"wp:featuredmedia":[{"embeddable":true,"href":"https:\/\/b2b.calibereurope.com\/fr\/wp-json\/wp\/v2\/media\/867970"}],"wp:attachment":[{"href":"https:\/\/b2b.calibereurope.com\/fr\/wp-json\/wp\/v2\/media?parent=479176"}],"wp:term":[{"taxonomy":"product_brand","embeddable":true,"href":"https:\/\/b2b.calibereurope.com\/fr\/wp-json\/wp\/v2\/product_brand?post=479176"},{"taxonomy":"product_cat","embeddable":true,"href":"https:\/\/b2b.calibereurope.com\/fr\/wp-json\/wp\/v2\/product_cat?post=479176"},{"taxonomy":"product_tag","embeddable":true,"href":"https:\/\/b2b.calibereurope.com\/fr\/wp-json\/wp\/v2\/product_tag?post=479176"}],"curies":[{"name":"wp","href":"https:\/\/api.w.org\/{rel}","templated":true}]}}