{"id":479760,"date":"2025-10-23T02:00:00","date_gmt":"2025-10-23T00:00:00","guid":{"rendered":""},"modified":"2026-03-31T11:21:02","modified_gmt":"2026-03-31T09:21:02","slug":"CAM030-fr_FR","status":"publish","type":"product","link":"https:\/\/b2b.calibereurope.com\/fr\/produit\/CAM030-fr_FR\/","title":{"rendered":"Cam\u00e9ra de Recul &#8211; Grand Angle &#8211; Vision Nocturne &#8211; 3 Options de fixations fournies &#8211; Pour Voiture et Camping-Car &#8211; 12V (CAM030)"},"content":{"rendered":"<p> Assurez-vous de toujours faire marche arri\u00e8re en toute s\u00e9curit\u00e9 avec cette cam\u00e9ra de recul Caliber CAM030. Gr\u00e2ce \u00e0 son <strong> grand angle de 170 degr\u00e9s <\/strong>, <strong> son autofocus et sa balance des blancs, <\/strong> les usagers de la route ou les objets sont observ\u00e9s sous tous les angles. La <strong> fonction de vision nocturne <\/strong> vous permet, m\u00eame dans l&#39;obscurit\u00e9, de faire marche arri\u00e8re ou de vous arr\u00eater sans crainte, les guides de distance <\/strong> offrant une aide suppl\u00e9mentaire. La cam\u00e9ra est <strong> r\u00e9sistante \u00e0 l&#39;eau et aux intemp\u00e9ries <\/strong> et est fournie avec <strong>3 options de montage <\/strong>, ce qui vous permet de l&#39;installer comme vous le souhaitez. <\/p>\n<p> <strong> Caract\u00e9ristiques :<\/strong> <\/p>\n<ul>\n<li> Grand angle (170 degr\u00e9s)\n<li> Vision nocturne, autofocus et balance des blancs\n<li> Rep\u00e8res de distances\n<li> R\u00e9sistant \u00e0 l&#39;eau et aux intemp\u00e9ries (IP68)\n<li>Pixels : 976 x 496\n<li> Connecteur de voiture 12 V\n<li> Comprend 3 options de fixation <\/li>\n<\/ul>\n<p> <strong>Attention :<\/strong> il s&#39;agit uniquement de la cam\u00e9ra <\/p>\n<h3> La s\u00e9curit\u00e9 partout sur la route avec cette cam\u00e9ra de recul <\/h3>\n<p> Vous \u00eates nerveux \u00e0 l&#39;id\u00e9e de vous garer en marche arri\u00e8re, vous vous \u00eates retrouv\u00e9 dans une impasse en vacances ou la voiture de quelqu&#39;un d&#39;autre est gar\u00e9e tr\u00e8s pr\u00e8s de la v\u00f4tre ? Il est alors id\u00e9al d&#39;avoir une bonne cam\u00e9ra de recul dans votre voiture. Avec cette cam\u00e9ra de voiture compacte, vous ne manquerez rien et vous pourrez reculer en toute s\u00e9curit\u00e9 et en toute confiance.. <\/p>\n<h3> Cette cam\u00e9ra de recul vous permet d\u2019avoir toujours une bonne vision <\/h3>\n<p> La cam\u00e9ra de recul a un grand angle de pas moins de 170 degr\u00e9s. Cela vous permet de voir rapidement quand un usager de la route arrive dans le virage. En outre, la cam\u00e9ra de recul est dot\u00e9e de fonctions de vision nocturne, d&#39;autofocus et de balance des blancs, ce qui vous permet de voir avec pr\u00e9cision ce qui se passe derri\u00e8re la voiture. En connectant la cam\u00e9ra \u00e0 un \u00e9cran, vous b\u00e9n\u00e9ficiez \u00e9galement de rep\u00e8res de distance lorsque vous vous garez ou vous d\u00e9marrez. <\/p>\n<h3> Cam\u00e9ra de recul facile \u00e0 installer <\/h3>\n<p> La cam\u00e9ra de recul est livr\u00e9e avec trois syst\u00e8mes de fixations diff\u00e9rentes. Cela vous permet de dimensionner et d&#39;installer la cam\u00e9ra exactement l\u00e0 o\u00f9 vous le souhaitez. Comme la cam\u00e9ra de voiture est r\u00e9sistante \u00e0 l&#39;eau et aux intemp\u00e9ries, elle peut \u00eatre install\u00e9e \u00e0 l&#39;ext\u00e9rieur de la voiture. Par exemple, vous pouvez facilement fixer la cam\u00e9ra de recul sur votre plaque d&#39;immatriculation. <\/p>\n<p> <strong><br \/> Inclus :<\/strong> <\/p>\n<ul>\n<li> Cam\u00e9ra de recul Caliber CAM030\n<li> Trois options de montage<br \/>\n","protected":false},"excerpt":{"rendered":"<p>Assurez-vous de toujours faire marche arri\u00e8re en toute s\u00e9curit\u00e9 avec cette cam\u00e9ra de recul Caliber CAM030. Gr\u00e2ce \u00e0 son grand angle de 170 degr\u00e9s , son autofocus et sa balance des blancs, les usagers de la route ou les objets sont observ\u00e9s sous tous les angles. La fonction de vision nocturne vous permet, m\u00eame dans [&hellip;]<\/p>\n","protected":false},"featured_media":810242,"template":"","meta":{"_acf_changed":false,"site-sidebar-layout":"default","site-content-layout":"default","ast-site-content-layout":"default","site-content-style":"default","site-sidebar-style":"default","ast-global-header-display":"","ast-banner-title-visibility":"","ast-main-header-display":"","ast-hfb-above-header-display":"","ast-hfb-below-header-display":"","ast-hfb-mobile-header-display":"","site-post-title":"","ast-breadcrumbs-content":"","ast-featured-img":"","footer-sml-layout":"","theme-transparent-header-meta":"default","adv-header-id-meta":"","stick-header-meta":"default","header-above-stick-meta":"","header-main-stick-meta":"","header-below-stick-meta":"","astra-migrate-meta-layouts":"default","ast-page-background-enabled":"default","ast-page-background-meta":{"desktop":{"background-color":"","background-image":"","background-repeat":"repeat","background-position":"center center","background-size":"auto","background-attachment":"scroll","background-type":"","background-media":"","overlay-type":"","overlay-color":"","overlay-opacity":"","overlay-gradient":""},"tablet":{"background-color":"","background-image":"","background-repeat":"repeat","background-position":"center center","background-size":"auto","background-attachment":"scroll","background-type":"","background-media":"","overlay-type":"","overlay-color":"","overlay-opacity":"","overlay-gradient":""},"mobile":{"background-color":"","background-image":"","background-repeat":"repeat","background-position":"center center","background-size":"auto","background-attachment":"scroll","background-type":"","background-media":"","overlay-type":"","overlay-color":"","overlay-opacity":"","overlay-gradient":""}},"ast-content-background-meta":{"desktop":{"background-color":"var(--ast-global-color-5)","background-image":"","background-repeat":"repeat","background-position":"center center","background-size":"auto","background-attachment":"scroll","background-type":"","background-media":"","overlay-type":"","overlay-color":"","overlay-opacity":"","overlay-gradient":""},"tablet":{"background-color":"var(--ast-global-color-5)","background-image":"","background-repeat":"repeat","background-position":"center center","background-size":"auto","background-attachment":"scroll","background-type":"","background-media":"","overlay-type":"","overlay-color":"","overlay-opacity":"","overlay-gradient":""},"mobile":{"background-color":"var(--ast-global-color-5)","background-image":"","background-repeat":"repeat","background-position":"center center","background-size":"auto","background-attachment":"scroll","background-type":"","background-media":"","overlay-type":"","overlay-color":"","overlay-opacity":"","overlay-gradient":""}}},"product_brand":[],"product_cat":[22955],"product_tag":[],"class_list":{"0":"post-479760","1":"product","2":"type-product","3":"status-publish","4":"has-post-thumbnail","6":"product_cat-pas-de-categorie","7":"desktop-align-center","8":"tablet-align-center","9":"mobile-align-center","10":"ast-product-gallery-layout-horizontal","11":"ast-product-tabs-layout-horizontal","13":"first","14":"onbackorder","15":"taxable","16":"shipping-taxable","17":"purchasable","18":"product-type-simple"},"acf":[],"yoast_head":"<!-- This site is optimized with the Yoast SEO plugin v26.5 - https:\/\/yoast.com\/wordpress\/plugins\/seo\/ -->\n<title>Cam\u00e9ra de Recul - Grand Angle - Vision Nocturne - 3 Options de fixations fournies - Pour Voiture et Camping-Car - 12V (CAM030) - Caliber Europe B.V.<\/title>\n<meta name=\"robots\" content=\"noindex, follow, max-snippet:-1, max-image-preview:large, max-video-preview:-1\" \/>\n<meta property=\"og:locale\" content=\"fr_FR\" \/>\n<meta property=\"og:type\" content=\"article\" \/>\n<meta property=\"og:title\" content=\"Cam\u00e9ra de Recul - Grand Angle - Vision Nocturne - 3 Options de fixations fournies - Pour Voiture et Camping-Car - 12V (CAM030) - Caliber Europe B.V.\" \/>\n<meta property=\"og:description\" content=\"Assurez-vous de toujours faire marche arri\u00e8re en toute s\u00e9curit\u00e9 avec cette cam\u00e9ra de recul Caliber CAM030. Gr\u00e2ce \u00e0 son grand angle de 170 degr\u00e9s , son autofocus et sa balance des blancs, les usagers de la route ou les objets sont observ\u00e9s sous tous les angles. La fonction de vision nocturne vous permet, m\u00eame dans [&hellip;]\" \/>\n<meta property=\"og:url\" content=\"https:\/\/b2b.calibereurope.com\/fr\/produit\/cam030-fr_fr\/\" \/>\n<meta property=\"og:site_name\" content=\"Caliber Europe B.V.\" \/>\n<meta property=\"article:modified_time\" content=\"2026-03-31T09:21:02+00:00\" \/>\n<meta property=\"og:image\" content=\"http:\/\/b2b.calibereurope.com\/wp-content\/uploads\/2021\/09\/748c02caab6c5b8e5bb60e9ad47967893a1a9439_CAM030_hang03.jpg\" \/>\n\t<meta property=\"og:image:width\" content=\"1024\" \/>\n\t<meta property=\"og:image:height\" content=\"768\" \/>\n\t<meta property=\"og:image:type\" content=\"image\/jpeg\" \/>\n<meta name=\"twitter:card\" content=\"summary_large_image\" \/>\n<meta name=\"twitter:label1\" content=\"Dur\u00e9e de lecture estim\u00e9e\" \/>\n\t<meta name=\"twitter:data1\" content=\"2 minutes\" \/>\n<script type=\"application\/ld+json\" class=\"yoast-schema-graph\">{\"@context\":\"https:\/\/schema.org\",\"@graph\":[{\"@type\":\"WebPage\",\"@id\":\"https:\/\/b2b.calibereurope.com\/fr\/produit\/cam030-fr_fr\/\",\"url\":\"https:\/\/b2b.calibereurope.com\/fr\/produit\/cam030-fr_fr\/\",\"name\":\"Cam\u00e9ra de Recul - Grand Angle - Vision Nocturne - 3 Options de fixations fournies - Pour Voiture et Camping-Car - 12V (CAM030) - Caliber Europe B.V.\",\"isPartOf\":{\"@id\":\"https:\/\/b2b.calibereurope.com\/#website\"},\"primaryImageOfPage\":{\"@id\":\"https:\/\/b2b.calibereurope.com\/fr\/produit\/cam030-fr_fr\/#primaryimage\"},\"image\":{\"@id\":\"https:\/\/b2b.calibereurope.com\/fr\/produit\/cam030-fr_fr\/#primaryimage\"},\"thumbnailUrl\":\"https:\/\/b2b.calibereurope.com\/wp-content\/uploads\/2023\/02\/748c02caab6c5b8e5bb60e9ad47967893a1a9439_CAM030_hang03.jpg\",\"datePublished\":\"2025-10-23T00:00:00+00:00\",\"dateModified\":\"2026-03-31T09:21:02+00:00\",\"breadcrumb\":{\"@id\":\"https:\/\/b2b.calibereurope.com\/fr\/produit\/cam030-fr_fr\/#breadcrumb\"},\"inLanguage\":\"fr-FR\",\"potentialAction\":[{\"@type\":\"ReadAction\",\"target\":[\"https:\/\/b2b.calibereurope.com\/fr\/produit\/cam030-fr_fr\/\"]}]},{\"@type\":\"ImageObject\",\"inLanguage\":\"fr-FR\",\"@id\":\"https:\/\/b2b.calibereurope.com\/fr\/produit\/cam030-fr_fr\/#primaryimage\",\"url\":\"https:\/\/b2b.calibereurope.com\/wp-content\/uploads\/2023\/02\/748c02caab6c5b8e5bb60e9ad47967893a1a9439_CAM030_hang03.jpg\",\"contentUrl\":\"https:\/\/b2b.calibereurope.com\/wp-content\/uploads\/2023\/02\/748c02caab6c5b8e5bb60e9ad47967893a1a9439_CAM030_hang03.jpg\",\"width\":1024,\"height\":768},{\"@type\":\"BreadcrumbList\",\"@id\":\"https:\/\/b2b.calibereurope.com\/fr\/produit\/cam030-fr_fr\/#breadcrumb\",\"itemListElement\":[{\"@type\":\"ListItem\",\"position\":1,\"name\":\"Home\",\"item\":\"https:\/\/b2b.calibereurope.com\/fr\/home\/\"},{\"@type\":\"ListItem\",\"position\":2,\"name\":\"Boutique\",\"item\":\"https:\/\/b2b.calibereurope.com\/fr\/boutique\/\"},{\"@type\":\"ListItem\",\"position\":3,\"name\":\"Cam\u00e9ra de recul avec vision nocturne &#8211; Noir (CAM030)\"}]},{\"@type\":\"WebSite\",\"@id\":\"https:\/\/b2b.calibereurope.com\/#website\",\"url\":\"https:\/\/b2b.calibereurope.com\/\",\"name\":\"Caliber Europe B.V.\",\"description\":\"B2B Webshop\",\"publisher\":{\"@id\":\"https:\/\/b2b.calibereurope.com\/#organization\"},\"potentialAction\":[{\"@type\":\"SearchAction\",\"target\":{\"@type\":\"EntryPoint\",\"urlTemplate\":\"https:\/\/b2b.calibereurope.com\/?s={search_term_string}\"},\"query-input\":{\"@type\":\"PropertyValueSpecification\",\"valueRequired\":true,\"valueName\":\"search_term_string\"}}],\"inLanguage\":\"fr-FR\"},{\"@type\":\"Organization\",\"@id\":\"https:\/\/b2b.calibereurope.com\/#organization\",\"name\":\"Caliber Europe B.V.\",\"url\":\"https:\/\/b2b.calibereurope.com\/\",\"logo\":{\"@type\":\"ImageObject\",\"inLanguage\":\"fr-FR\",\"@id\":\"https:\/\/b2b.calibereurope.com\/#\/schema\/logo\/image\/\",\"url\":\"https:\/\/b2b.calibereurope.com\/wp-content\/uploads\/2020\/12\/Caliber_Logo-Black.png\",\"contentUrl\":\"https:\/\/b2b.calibereurope.com\/wp-content\/uploads\/2020\/12\/Caliber_Logo-Black.png\",\"width\":3157,\"height\":356,\"caption\":\"Caliber Europe B.V.\"},\"image\":{\"@id\":\"https:\/\/b2b.calibereurope.com\/#\/schema\/logo\/image\/\"}}]}<\/script>\n<!-- \/ Yoast SEO plugin. -->","yoast_head_json":{"title":"Cam\u00e9ra de Recul - Grand Angle - Vision Nocturne - 3 Options de fixations fournies - Pour Voiture et Camping-Car - 12V (CAM030) - Caliber Europe B.V.","robots":{"index":"noindex","follow":"follow","max-snippet":"max-snippet:-1","max-image-preview":"max-image-preview:large","max-video-preview":"max-video-preview:-1"},"og_locale":"fr_FR","og_type":"article","og_title":"Cam\u00e9ra de Recul - Grand Angle - Vision Nocturne - 3 Options de fixations fournies - Pour Voiture et Camping-Car - 12V (CAM030) - Caliber Europe B.V.","og_description":"Assurez-vous de toujours faire marche arri\u00e8re en toute s\u00e9curit\u00e9 avec cette cam\u00e9ra de recul Caliber CAM030. Gr\u00e2ce \u00e0 son grand angle de 170 degr\u00e9s , son autofocus et sa balance des blancs, les usagers de la route ou les objets sont observ\u00e9s sous tous les angles. La fonction de vision nocturne vous permet, m\u00eame dans [&hellip;]","og_url":"https:\/\/b2b.calibereurope.com\/fr\/produit\/cam030-fr_fr\/","og_site_name":"Caliber Europe B.V.","article_modified_time":"2026-03-31T09:21:02+00:00","og_image":[{"width":1024,"height":768,"url":"http:\/\/b2b.calibereurope.com\/wp-content\/uploads\/2021\/09\/748c02caab6c5b8e5bb60e9ad47967893a1a9439_CAM030_hang03.jpg","type":"image\/jpeg"}],"twitter_card":"summary_large_image","twitter_misc":{"Dur\u00e9e de lecture estim\u00e9e":"2 minutes"},"schema":{"@context":"https:\/\/schema.org","@graph":[{"@type":"WebPage","@id":"https:\/\/b2b.calibereurope.com\/fr\/produit\/cam030-fr_fr\/","url":"https:\/\/b2b.calibereurope.com\/fr\/produit\/cam030-fr_fr\/","name":"Cam\u00e9ra de Recul - Grand Angle - Vision Nocturne - 3 Options de fixations fournies - Pour Voiture et Camping-Car - 12V (CAM030) - Caliber Europe B.V.","isPartOf":{"@id":"https:\/\/b2b.calibereurope.com\/#website"},"primaryImageOfPage":{"@id":"https:\/\/b2b.calibereurope.com\/fr\/produit\/cam030-fr_fr\/#primaryimage"},"image":{"@id":"https:\/\/b2b.calibereurope.com\/fr\/produit\/cam030-fr_fr\/#primaryimage"},"thumbnailUrl":"https:\/\/b2b.calibereurope.com\/wp-content\/uploads\/2023\/02\/748c02caab6c5b8e5bb60e9ad47967893a1a9439_CAM030_hang03.jpg","datePublished":"2025-10-23T00:00:00+00:00","dateModified":"2026-03-31T09:21:02+00:00","breadcrumb":{"@id":"https:\/\/b2b.calibereurope.com\/fr\/produit\/cam030-fr_fr\/#breadcrumb"},"inLanguage":"fr-FR","potentialAction":[{"@type":"ReadAction","target":["https:\/\/b2b.calibereurope.com\/fr\/produit\/cam030-fr_fr\/"]}]},{"@type":"ImageObject","inLanguage":"fr-FR","@id":"https:\/\/b2b.calibereurope.com\/fr\/produit\/cam030-fr_fr\/#primaryimage","url":"https:\/\/b2b.calibereurope.com\/wp-content\/uploads\/2023\/02\/748c02caab6c5b8e5bb60e9ad47967893a1a9439_CAM030_hang03.jpg","contentUrl":"https:\/\/b2b.calibereurope.com\/wp-content\/uploads\/2023\/02\/748c02caab6c5b8e5bb60e9ad47967893a1a9439_CAM030_hang03.jpg","width":1024,"height":768},{"@type":"BreadcrumbList","@id":"https:\/\/b2b.calibereurope.com\/fr\/produit\/cam030-fr_fr\/#breadcrumb","itemListElement":[{"@type":"ListItem","position":1,"name":"Home","item":"https:\/\/b2b.calibereurope.com\/fr\/home\/"},{"@type":"ListItem","position":2,"name":"Boutique","item":"https:\/\/b2b.calibereurope.com\/fr\/boutique\/"},{"@type":"ListItem","position":3,"name":"Cam\u00e9ra de recul avec vision nocturne &#8211; Noir (CAM030)"}]},{"@type":"WebSite","@id":"https:\/\/b2b.calibereurope.com\/#website","url":"https:\/\/b2b.calibereurope.com\/","name":"Caliber Europe B.V.","description":"B2B Webshop","publisher":{"@id":"https:\/\/b2b.calibereurope.com\/#organization"},"potentialAction":[{"@type":"SearchAction","target":{"@type":"EntryPoint","urlTemplate":"https:\/\/b2b.calibereurope.com\/?s={search_term_string}"},"query-input":{"@type":"PropertyValueSpecification","valueRequired":true,"valueName":"search_term_string"}}],"inLanguage":"fr-FR"},{"@type":"Organization","@id":"https:\/\/b2b.calibereurope.com\/#organization","name":"Caliber Europe B.V.","url":"https:\/\/b2b.calibereurope.com\/","logo":{"@type":"ImageObject","inLanguage":"fr-FR","@id":"https:\/\/b2b.calibereurope.com\/#\/schema\/logo\/image\/","url":"https:\/\/b2b.calibereurope.com\/wp-content\/uploads\/2020\/12\/Caliber_Logo-Black.png","contentUrl":"https:\/\/b2b.calibereurope.com\/wp-content\/uploads\/2020\/12\/Caliber_Logo-Black.png","width":3157,"height":356,"caption":"Caliber Europe B.V."},"image":{"@id":"https:\/\/b2b.calibereurope.com\/#\/schema\/logo\/image\/"}}]}},"_links":{"self":[{"href":"https:\/\/b2b.calibereurope.com\/fr\/wp-json\/wp\/v2\/product\/479760","targetHints":{"allow":["GET"]}}],"collection":[{"href":"https:\/\/b2b.calibereurope.com\/fr\/wp-json\/wp\/v2\/product"}],"about":[{"href":"https:\/\/b2b.calibereurope.com\/fr\/wp-json\/wp\/v2\/types\/product"}],"version-history":[{"count":0,"href":"https:\/\/b2b.calibereurope.com\/fr\/wp-json\/wp\/v2\/product\/479760\/revisions"}],"wp:featuredmedia":[{"embeddable":true,"href":"https:\/\/b2b.calibereurope.com\/fr\/wp-json\/wp\/v2\/media\/810242"}],"wp:attachment":[{"href":"https:\/\/b2b.calibereurope.com\/fr\/wp-json\/wp\/v2\/media?parent=479760"}],"wp:term":[{"taxonomy":"product_brand","embeddable":true,"href":"https:\/\/b2b.calibereurope.com\/fr\/wp-json\/wp\/v2\/product_brand?post=479760"},{"taxonomy":"product_cat","embeddable":true,"href":"https:\/\/b2b.calibereurope.com\/fr\/wp-json\/wp\/v2\/product_cat?post=479760"},{"taxonomy":"product_tag","embeddable":true,"href":"https:\/\/b2b.calibereurope.com\/fr\/wp-json\/wp\/v2\/product_tag?post=479760"}],"curies":[{"name":"wp","href":"https:\/\/api.w.org\/{rel}","templated":true}]}}