{"id":480484,"date":"2025-12-04T01:00:00","date_gmt":"2025-12-04T00:00:00","guid":{"rendered":"0"},"modified":"2026-03-09T12:31:18","modified_gmt":"2026-03-09T11:31:18","slug":"CSB1-fr_FR","status":"publish","type":"product","link":"https:\/\/b2b.calibereurope.com\/fr\/produit\/CSB1-fr_FR\/","title":{"rendered":"Ensemble de haut-parleurs de voiture &#8211; 2 haut-parleurs de voiture \u00e0 montage en surface &#8211; 80 watts maximum &#8211; adapt\u00e9s au montage en surface (CSB1)"},"content":{"rendered":"<p> Laissez le son jouer dans votre voiture avec cet ensemble de haut-parleurs de voiture Caliber CSB1. Ces <strong>enceintes en saillie<\/strong> sont con\u00e7ues pour \u00eatre plac\u00e9es <strong>sur la plage arri\u00e8re<\/strong> de votre voiture ou dans votre camionnette, par exemple. Ou montez les haut-parleurs dans votre bateau ou votre abri de jardin et profitez de vos morceaux pr\u00e9f\u00e9r\u00e9s. Vous pouvez installer l&#39;ensemble de haut-parleurs de voiture \u00e0 diff\u00e9rents endroits. Avec une <strong>puissance de 40 \u00e0<\/strong> <strong>80 watts<\/strong>, vous pouvez produire un volume solide gr\u00e2ce aux <strong>deux haut-parleurs<\/strong>. Gr\u00e2ce au woofer et au tweeter, vous pouvez profiter d&#39;un <strong>son profond et clair<\/strong>. <\/p>\n<p> <strong>Caract\u00e9ristiques :<\/strong> <\/p>\n<ul>\n<li>Ensemble de haut-parleurs de voiture en deux parties <\/li>\n<li>Haut-parleurs \u00e0 2 voies <\/li>\n<li>Clair et son profond <\/li>\n<li>Convient pour <\/li>\n<li>Puissance RMS 40 W int\u00e9gr\u00e9e <\/li>\n<li>Puissance MAX 80 W <\/li>\n<li>Id\u00e9al pour les camionnettes, bateaux et camions <\/li>\n<li>Convient pour le montage sur une \u00e9tag\u00e8re \u00e0 colis<\/li>\n<\/ul>\n<h3>Encastr\u00e9s o\u00f9 vous voulez<\/h3>\n<p> Que vous souhaitiez remplacer les haut-parleurs de vos portes de voiture ou monter un ensemble de haut-parleurs sur votre plage arri\u00e8re : ces petits haut-parleurs de voiture sont votre nouvel ami. Cependant, les possibilit\u00e9s s&#39;\u00e9tendent au-del\u00e0 de votre voiture ou de votre camionnette. Que diriez-vous de tons clairs au camping, sur l&#39;eau ou dans votre jardin ? Ces haut-parleurs en saillie conviennent \u00e9galement pour une installation dans votre caravane, votre bateau ou votre abri de jardin. O\u00f9 allez-vous am\u00e9liorer le son ? <\/p>\n<h3>Son parfait<\/h3>\n<p>Gr\u00e2ce au syst\u00e8me audio bidirectionnel de cet ensemble d&#39;enceintes, une qualit\u00e9 sonore \u00e9lev\u00e9e est obtenue. De cette fa\u00e7on, vous pouvez profiter d&#39;un son clair et profond lors de vos d\u00e9placements. Que vous jouiez de la pop, du rock, de la musique classique, du hardstyle ou de la musique instrumentale : tous les sons de la musique sortent clairement avec ces deux haut-parleurs mont\u00e9s en surface dans votre voiture, bateau ou camion. <\/p>\n<h3>Utilisation multifonctionnelle<\/h3>\n<p> Cet ensemble d&#39;enceintes est polyvalent et peut facilement \u00eatre mont\u00e9 \u00e0 diff\u00e9rents endroits. Tenez compte de la taille de ces bo\u00eetes (moins de 10 cm) et vous pourrez les monter dans votre voiture en un laps de temps. Avec le syst\u00e8me audio de haute qualit\u00e9 des haut-parleurs de voiture, les tonalit\u00e9s musicales &#8211; des basses aux voix &#8211; sonnent toujours magnifiquement dans la pi\u00e8ce. <\/p>\n","protected":false},"excerpt":{"rendered":"<ul>\n<li>Ensemble de haut-parleurs de voiture en deux parties<\/li>\n<li>Haut-parleurs \u00e0 2 voies<\/li>\n<li>Clair et son profond<\/li>\n<li>Convient pour<\/li>\n<li>Puissance RMS 40 W int\u00e9gr\u00e9e<\/li>\n<li>Puissance MAX 80 W<\/li>\n<li>Id\u00e9al pour les camionnettes, bateaux et camions<\/li>\n<li>Convient pour le montage sur une \u00e9tag\u00e8re \u00e0 colis<\/li>\n<\/ul>\n","protected":false},"featured_media":869058,"template":"","meta":{"_acf_changed":false,"site-sidebar-layout":"default","site-content-layout":"","ast-site-content-layout":"default","site-content-style":"default","site-sidebar-style":"default","ast-global-header-display":"","ast-banner-title-visibility":"","ast-main-header-display":"","ast-hfb-above-header-display":"","ast-hfb-below-header-display":"","ast-hfb-mobile-header-display":"","site-post-title":"","ast-breadcrumbs-content":"","ast-featured-img":"","footer-sml-layout":"","theme-transparent-header-meta":"","adv-header-id-meta":"","stick-header-meta":"","header-above-stick-meta":"","header-main-stick-meta":"","header-below-stick-meta":"","astra-migrate-meta-layouts":"default","ast-page-background-enabled":"default","ast-page-background-meta":{"desktop":{"background-color":"","background-image":"","background-repeat":"repeat","background-position":"center center","background-size":"auto","background-attachment":"scroll","background-type":"","background-media":"","overlay-type":"","overlay-color":"","overlay-opacity":"","overlay-gradient":""},"tablet":{"background-color":"","background-image":"","background-repeat":"repeat","background-position":"center center","background-size":"auto","background-attachment":"scroll","background-type":"","background-media":"","overlay-type":"","overlay-color":"","overlay-opacity":"","overlay-gradient":""},"mobile":{"background-color":"","background-image":"","background-repeat":"repeat","background-position":"center center","background-size":"auto","background-attachment":"scroll","background-type":"","background-media":"","overlay-type":"","overlay-color":"","overlay-opacity":"","overlay-gradient":""}},"ast-content-background-meta":{"desktop":{"background-color":"var(--ast-global-color-5)","background-image":"","background-repeat":"repeat","background-position":"center center","background-size":"auto","background-attachment":"scroll","background-type":"","background-media":"","overlay-type":"","overlay-color":"","overlay-opacity":"","overlay-gradient":""},"tablet":{"background-color":"var(--ast-global-color-5)","background-image":"","background-repeat":"repeat","background-position":"center center","background-size":"auto","background-attachment":"scroll","background-type":"","background-media":"","overlay-type":"","overlay-color":"","overlay-opacity":"","overlay-gradient":""},"mobile":{"background-color":"var(--ast-global-color-5)","background-image":"","background-repeat":"repeat","background-position":"center center","background-size":"auto","background-attachment":"scroll","background-type":"","background-media":"","overlay-type":"","overlay-color":"","overlay-opacity":"","overlay-gradient":""}}},"product_brand":[],"product_cat":[22955],"product_tag":[],"class_list":{"0":"post-480484","1":"product","2":"type-product","3":"status-publish","4":"has-post-thumbnail","6":"product_cat-pas-de-categorie","7":"desktop-align-center","8":"tablet-align-center","9":"mobile-align-center","10":"ast-product-gallery-layout-horizontal","11":"ast-product-tabs-layout-horizontal","13":"first","14":"instock","15":"taxable","16":"shipping-taxable","17":"purchasable","18":"product-type-simple"},"acf":[],"yoast_head":"<!-- This site is optimized with the Yoast SEO plugin v26.5 - https:\/\/yoast.com\/wordpress\/plugins\/seo\/ -->\n<title>Ensemble de haut-parleurs de voiture - 2 haut-parleurs de voiture \u00e0 montage en surface - 80 watts maximum - adapt\u00e9s au montage en surface (CSB1) - Caliber Europe B.V.<\/title>\n<meta name=\"robots\" content=\"noindex, follow, max-snippet:-1, max-image-preview:large, max-video-preview:-1\" \/>\n<meta property=\"og:locale\" content=\"fr_FR\" \/>\n<meta property=\"og:type\" content=\"article\" \/>\n<meta property=\"og:title\" content=\"Ensemble de haut-parleurs de voiture - 2 haut-parleurs de voiture \u00e0 montage en surface - 80 watts maximum - adapt\u00e9s au montage en surface (CSB1) - Caliber Europe B.V.\" \/>\n<meta property=\"og:description\" content=\"Ensemble de haut-parleurs de voiture en deux partiesHaut-parleurs \u00e0 2 voiesClair et son profondConvient pourPuissance RMS 40 W int\u00e9gr\u00e9ePuissance MAX 80 WId\u00e9al pour les camionnettes, bateaux et camionsConvient pour le montage sur une \u00e9tag\u00e8re \u00e0 colis\" \/>\n<meta property=\"og:url\" content=\"https:\/\/b2b.calibereurope.com\/fr\/produit\/csb1-fr_fr\/\" \/>\n<meta property=\"og:site_name\" content=\"Caliber Europe B.V.\" \/>\n<meta property=\"article:modified_time\" content=\"2026-03-09T11:31:18+00:00\" \/>\n<meta property=\"og:image\" content=\"https:\/\/b2b.calibereurope.com\/wp-content\/uploads\/2021\/09\/e0ee726116fa58d0faf294bc37ec74f84612ce78_CSB1_web.jpg\" \/>\n\t<meta property=\"og:image:width\" content=\"1024\" \/>\n\t<meta property=\"og:image:height\" content=\"768\" \/>\n\t<meta property=\"og:image:type\" content=\"image\/jpeg\" \/>\n<meta name=\"twitter:card\" content=\"summary_large_image\" \/>\n<meta name=\"twitter:label1\" content=\"Dur\u00e9e de lecture estim\u00e9e\" \/>\n\t<meta name=\"twitter:data1\" content=\"2 minutes\" \/>\n<script type=\"application\/ld+json\" class=\"yoast-schema-graph\">{\"@context\":\"https:\/\/schema.org\",\"@graph\":[{\"@type\":\"WebPage\",\"@id\":\"https:\/\/b2b.calibereurope.com\/fr\/produit\/csb1-fr_fr\/\",\"url\":\"https:\/\/b2b.calibereurope.com\/fr\/produit\/csb1-fr_fr\/\",\"name\":\"Ensemble de haut-parleurs de voiture - 2 haut-parleurs de voiture \u00e0 montage en surface - 80 watts maximum - adapt\u00e9s au montage en surface (CSB1) - Caliber Europe B.V.\",\"isPartOf\":{\"@id\":\"https:\/\/b2b.calibereurope.com\/#website\"},\"primaryImageOfPage\":{\"@id\":\"https:\/\/b2b.calibereurope.com\/fr\/produit\/csb1-fr_fr\/#primaryimage\"},\"image\":{\"@id\":\"https:\/\/b2b.calibereurope.com\/fr\/produit\/csb1-fr_fr\/#primaryimage\"},\"thumbnailUrl\":\"https:\/\/b2b.calibereurope.com\/wp-content\/uploads\/2025\/12\/e0ee726116fa58d0faf294bc37ec74f84612ce78_CSB1_web-4.jpg\",\"datePublished\":\"2025-12-04T00:00:00+00:00\",\"dateModified\":\"2026-03-09T11:31:18+00:00\",\"breadcrumb\":{\"@id\":\"https:\/\/b2b.calibereurope.com\/fr\/produit\/csb1-fr_fr\/#breadcrumb\"},\"inLanguage\":\"fr-FR\",\"potentialAction\":[{\"@type\":\"ReadAction\",\"target\":[\"https:\/\/b2b.calibereurope.com\/fr\/produit\/csb1-fr_fr\/\"]}]},{\"@type\":\"ImageObject\",\"inLanguage\":\"fr-FR\",\"@id\":\"https:\/\/b2b.calibereurope.com\/fr\/produit\/csb1-fr_fr\/#primaryimage\",\"url\":\"https:\/\/b2b.calibereurope.com\/wp-content\/uploads\/2025\/12\/e0ee726116fa58d0faf294bc37ec74f84612ce78_CSB1_web-4.jpg\",\"contentUrl\":\"https:\/\/b2b.calibereurope.com\/wp-content\/uploads\/2025\/12\/e0ee726116fa58d0faf294bc37ec74f84612ce78_CSB1_web-4.jpg\",\"width\":1024,\"height\":768},{\"@type\":\"BreadcrumbList\",\"@id\":\"https:\/\/b2b.calibereurope.com\/fr\/produit\/csb1-fr_fr\/#breadcrumb\",\"itemListElement\":[{\"@type\":\"ListItem\",\"position\":1,\"name\":\"Home\",\"item\":\"https:\/\/b2b.calibereurope.com\/fr\/home\/\"},{\"@type\":\"ListItem\",\"position\":2,\"name\":\"Boutique\",\"item\":\"https:\/\/b2b.calibereurope.com\/fr\/boutique\/\"},{\"@type\":\"ListItem\",\"position\":3,\"name\":\"Haut-parleur mont\u00e9 en surface &#8211; 2 voies 40 Watt Noir (CSB1)\"}]},{\"@type\":\"WebSite\",\"@id\":\"https:\/\/b2b.calibereurope.com\/#website\",\"url\":\"https:\/\/b2b.calibereurope.com\/\",\"name\":\"Caliber Europe B.V.\",\"description\":\"B2B Webshop\",\"publisher\":{\"@id\":\"https:\/\/b2b.calibereurope.com\/#organization\"},\"potentialAction\":[{\"@type\":\"SearchAction\",\"target\":{\"@type\":\"EntryPoint\",\"urlTemplate\":\"https:\/\/b2b.calibereurope.com\/?s={search_term_string}\"},\"query-input\":{\"@type\":\"PropertyValueSpecification\",\"valueRequired\":true,\"valueName\":\"search_term_string\"}}],\"inLanguage\":\"fr-FR\"},{\"@type\":\"Organization\",\"@id\":\"https:\/\/b2b.calibereurope.com\/#organization\",\"name\":\"Caliber Europe B.V.\",\"url\":\"https:\/\/b2b.calibereurope.com\/\",\"logo\":{\"@type\":\"ImageObject\",\"inLanguage\":\"fr-FR\",\"@id\":\"https:\/\/b2b.calibereurope.com\/#\/schema\/logo\/image\/\",\"url\":\"https:\/\/b2b.calibereurope.com\/wp-content\/uploads\/2020\/12\/Caliber_Logo-Black.png\",\"contentUrl\":\"https:\/\/b2b.calibereurope.com\/wp-content\/uploads\/2020\/12\/Caliber_Logo-Black.png\",\"width\":3157,\"height\":356,\"caption\":\"Caliber Europe B.V.\"},\"image\":{\"@id\":\"https:\/\/b2b.calibereurope.com\/#\/schema\/logo\/image\/\"}}]}<\/script>\n<!-- \/ Yoast SEO plugin. -->","yoast_head_json":{"title":"Ensemble de haut-parleurs de voiture - 2 haut-parleurs de voiture \u00e0 montage en surface - 80 watts maximum - adapt\u00e9s au montage en surface (CSB1) - Caliber Europe B.V.","robots":{"index":"noindex","follow":"follow","max-snippet":"max-snippet:-1","max-image-preview":"max-image-preview:large","max-video-preview":"max-video-preview:-1"},"og_locale":"fr_FR","og_type":"article","og_title":"Ensemble de haut-parleurs de voiture - 2 haut-parleurs de voiture \u00e0 montage en surface - 80 watts maximum - adapt\u00e9s au montage en surface (CSB1) - Caliber Europe B.V.","og_description":"Ensemble de haut-parleurs de voiture en deux partiesHaut-parleurs \u00e0 2 voiesClair et son profondConvient pourPuissance RMS 40 W int\u00e9gr\u00e9ePuissance MAX 80 WId\u00e9al pour les camionnettes, bateaux et camionsConvient pour le montage sur une \u00e9tag\u00e8re \u00e0 colis","og_url":"https:\/\/b2b.calibereurope.com\/fr\/produit\/csb1-fr_fr\/","og_site_name":"Caliber Europe B.V.","article_modified_time":"2026-03-09T11:31:18+00:00","og_image":[{"width":1024,"height":768,"url":"https:\/\/b2b.calibereurope.com\/wp-content\/uploads\/2021\/09\/e0ee726116fa58d0faf294bc37ec74f84612ce78_CSB1_web.jpg","type":"image\/jpeg"}],"twitter_card":"summary_large_image","twitter_misc":{"Dur\u00e9e de lecture estim\u00e9e":"2 minutes"},"schema":{"@context":"https:\/\/schema.org","@graph":[{"@type":"WebPage","@id":"https:\/\/b2b.calibereurope.com\/fr\/produit\/csb1-fr_fr\/","url":"https:\/\/b2b.calibereurope.com\/fr\/produit\/csb1-fr_fr\/","name":"Ensemble de haut-parleurs de voiture - 2 haut-parleurs de voiture \u00e0 montage en surface - 80 watts maximum - adapt\u00e9s au montage en surface (CSB1) - Caliber Europe B.V.","isPartOf":{"@id":"https:\/\/b2b.calibereurope.com\/#website"},"primaryImageOfPage":{"@id":"https:\/\/b2b.calibereurope.com\/fr\/produit\/csb1-fr_fr\/#primaryimage"},"image":{"@id":"https:\/\/b2b.calibereurope.com\/fr\/produit\/csb1-fr_fr\/#primaryimage"},"thumbnailUrl":"https:\/\/b2b.calibereurope.com\/wp-content\/uploads\/2025\/12\/e0ee726116fa58d0faf294bc37ec74f84612ce78_CSB1_web-4.jpg","datePublished":"2025-12-04T00:00:00+00:00","dateModified":"2026-03-09T11:31:18+00:00","breadcrumb":{"@id":"https:\/\/b2b.calibereurope.com\/fr\/produit\/csb1-fr_fr\/#breadcrumb"},"inLanguage":"fr-FR","potentialAction":[{"@type":"ReadAction","target":["https:\/\/b2b.calibereurope.com\/fr\/produit\/csb1-fr_fr\/"]}]},{"@type":"ImageObject","inLanguage":"fr-FR","@id":"https:\/\/b2b.calibereurope.com\/fr\/produit\/csb1-fr_fr\/#primaryimage","url":"https:\/\/b2b.calibereurope.com\/wp-content\/uploads\/2025\/12\/e0ee726116fa58d0faf294bc37ec74f84612ce78_CSB1_web-4.jpg","contentUrl":"https:\/\/b2b.calibereurope.com\/wp-content\/uploads\/2025\/12\/e0ee726116fa58d0faf294bc37ec74f84612ce78_CSB1_web-4.jpg","width":1024,"height":768},{"@type":"BreadcrumbList","@id":"https:\/\/b2b.calibereurope.com\/fr\/produit\/csb1-fr_fr\/#breadcrumb","itemListElement":[{"@type":"ListItem","position":1,"name":"Home","item":"https:\/\/b2b.calibereurope.com\/fr\/home\/"},{"@type":"ListItem","position":2,"name":"Boutique","item":"https:\/\/b2b.calibereurope.com\/fr\/boutique\/"},{"@type":"ListItem","position":3,"name":"Haut-parleur mont\u00e9 en surface &#8211; 2 voies 40 Watt Noir (CSB1)"}]},{"@type":"WebSite","@id":"https:\/\/b2b.calibereurope.com\/#website","url":"https:\/\/b2b.calibereurope.com\/","name":"Caliber Europe B.V.","description":"B2B Webshop","publisher":{"@id":"https:\/\/b2b.calibereurope.com\/#organization"},"potentialAction":[{"@type":"SearchAction","target":{"@type":"EntryPoint","urlTemplate":"https:\/\/b2b.calibereurope.com\/?s={search_term_string}"},"query-input":{"@type":"PropertyValueSpecification","valueRequired":true,"valueName":"search_term_string"}}],"inLanguage":"fr-FR"},{"@type":"Organization","@id":"https:\/\/b2b.calibereurope.com\/#organization","name":"Caliber Europe B.V.","url":"https:\/\/b2b.calibereurope.com\/","logo":{"@type":"ImageObject","inLanguage":"fr-FR","@id":"https:\/\/b2b.calibereurope.com\/#\/schema\/logo\/image\/","url":"https:\/\/b2b.calibereurope.com\/wp-content\/uploads\/2020\/12\/Caliber_Logo-Black.png","contentUrl":"https:\/\/b2b.calibereurope.com\/wp-content\/uploads\/2020\/12\/Caliber_Logo-Black.png","width":3157,"height":356,"caption":"Caliber Europe B.V."},"image":{"@id":"https:\/\/b2b.calibereurope.com\/#\/schema\/logo\/image\/"}}]}},"_links":{"self":[{"href":"https:\/\/b2b.calibereurope.com\/fr\/wp-json\/wp\/v2\/product\/480484","targetHints":{"allow":["GET"]}}],"collection":[{"href":"https:\/\/b2b.calibereurope.com\/fr\/wp-json\/wp\/v2\/product"}],"about":[{"href":"https:\/\/b2b.calibereurope.com\/fr\/wp-json\/wp\/v2\/types\/product"}],"version-history":[{"count":0,"href":"https:\/\/b2b.calibereurope.com\/fr\/wp-json\/wp\/v2\/product\/480484\/revisions"}],"wp:featuredmedia":[{"embeddable":true,"href":"https:\/\/b2b.calibereurope.com\/fr\/wp-json\/wp\/v2\/media\/869058"}],"wp:attachment":[{"href":"https:\/\/b2b.calibereurope.com\/fr\/wp-json\/wp\/v2\/media?parent=480484"}],"wp:term":[{"taxonomy":"product_brand","embeddable":true,"href":"https:\/\/b2b.calibereurope.com\/fr\/wp-json\/wp\/v2\/product_brand?post=480484"},{"taxonomy":"product_cat","embeddable":true,"href":"https:\/\/b2b.calibereurope.com\/fr\/wp-json\/wp\/v2\/product_cat?post=480484"},{"taxonomy":"product_tag","embeddable":true,"href":"https:\/\/b2b.calibereurope.com\/fr\/wp-json\/wp\/v2\/product_tag?post=480484"}],"curies":[{"name":"wp","href":"https:\/\/api.w.org\/{rel}","templated":true}]}}