{"id":482492,"date":"2024-10-22T02:00:00","date_gmt":"2024-10-22T00:00:00","guid":{"rendered":""},"modified":"2026-02-02T16:43:58","modified_gmt":"2026-02-02T15:43:58","slug":"DVR225Dual-fr_FR","status":"publish","type":"product","link":"https:\/\/b2b.calibereurope.com\/fr\/produit\/DVR225Dual-fr_FR\/","title":{"rendered":"Dashcam pour Voiture Avant et Arri\u00e8re &#8211; \u00c9cran de 2,7 pouces &#8211; 3,0 M\u00e9gapixel &#8211; Enregistrement HD &#8211; Cam\u00e9ra Arri\u00e8re (DVR225DUAL)"},"content":{"rendered":"<p> La dashcam Caliber DVR255Dual pour voiture am\u00e9liore consid\u00e9rablement votre exp\u00e9rience de conduite. L&#39;appareil photo est dot\u00e9 d&#39;un objectif grand angle de 143 degr\u00e9s. Vous voyez tout clairement gr\u00e2ce \u00e0 <strong> l&#39;\u00e9cran de 2,7 pouces <\/strong>. En outre, avec cette dashcam, vous disposez d&#39;une <strong> cam\u00e9ra suppl\u00e9mentaire pour la lunette arri\u00e8re, par exemple. <\/strong> La dashcam est \u00e9quip\u00e9e d&#39;un <strong> microphone et d&#39;un haut-parleur int\u00e9gr\u00e9s <\/strong>. Avec une <strong> qualit\u00e9 d&#39;enregistrement HD de 2,0 m\u00e9gapixels <\/strong> et un <strong> capteur jour\/nuit <\/strong>, vous \u00eates assur\u00e9 d&#39;obtenir des images claires. <strong> Comprend un traceur GPS int\u00e9gr\u00e9 <\/strong> et <strong> une batterie rechargeable de 180 mAh.<\/strong><\/p>\n<p><strong><br \/><\/strong><\/p>\n<p><strong> <\/strong> <\/p>\n<p> <strong> Caract\u00e9ristiques :<\/strong> <\/p>\n<ul>\n<li> Cam\u00e9ra de 2 m\u00e9gapixels <\/li>\n<li> \u00c9cran de 2,7 pouces <\/li>\n<li> Cam\u00e9ra suppl\u00e9mentaire pour la lunette arri\u00e8re <\/li>\n<li> Objectif grand angle de 143 degr\u00e9s <\/li>\n<li> Traqueur GPS via le logiciel Windows <\/li>\n<li> Enregistrements HD (1920&#215;1080 @ 30fps) <\/li>\n<li> Capteur de mouvement (capteur G)<\/li>\n<li> Capteur jour\/nuit <\/li>\n<li> Microphone et haut-parleur int\u00e9gr\u00e9s <\/li>\n<li> Enregistrements en boucle (1, 3 et 5 minutes)<\/li>\n<\/ul>\n<h3> Cette dashcam est l&#39;accessoire id\u00e9al pour la voiture <\/h3>\n<p> Les dashcams peuvent \u00eatre un compl\u00e9ment id\u00e9al \u00e0 l&#39;\u00e9quipement de votre voiture. Pourquoi ? Les dashcams commencent \u00e0 enregistrer des vid\u00e9os d\u00e8s que vous commencez \u00e0 conduire. Les images de la cam\u00e9ra du tableau de bord sont ensuite stock\u00e9es sur la carte micro SD. Une dashcam est donc principalement utilis\u00e9e pour avoir la preuve d&#39;un \u00e9ventuel accident ou, en cas de dommage, pour v\u00e9rifier quelle voiture vous a percut\u00e9. Un atout suppl\u00e9mentaire de cette dashcam : l&#39;avant et l&#39;arri\u00e8re sont tous deux visibles gr\u00e2ce aux deux cam\u00e9ras. <\/p>\n<h3> Dashcam avec suivi GPS et enregistrements SOS <\/h3>\n<p> Cette dashcam pour voitures dispose \u00e9galement d&#39;un suivi GPS et est compatible avec Windows. Le GPS enregistre la vitesse \u00e0 laquelle vous conduisez, ainsi que l&#39;endroit et la direction o\u00f9 vous vous trouvez. Elle commence \u00e9galement \u00e0 enregistrer automatiquement d\u00e8s que la dashcam d\u00e9tecte qu&#39;un accident est en train de se produire gr\u00e2ce \u00e0 la fonction d&#39;enregistrement SOS. <\/p>\n<h3> Cette dashcam dispose d\u2019une deuxi\u00e8me cam\u00e9ra et le n\u00e9cessaire pour l\u2019installation <\/h3>\n<p> Avec cette dashcam avant et arri\u00e8re, vous aurez \u00e9galement les accessoires de montage pratiques, comme une ventouse pour la dashcam. Pour la deuxi\u00e8me cam\u00e9ra, qui peut \u00eatre utilis\u00e9e comme cam\u00e9ra arri\u00e8re, vous disposez \u00e9galement d&#39;un c\u00e2ble de rallonge de pas moins de 6 m\u00e8tres pour une installation facile dans la voiture.<\/p>\n<p><\/p>\n<\/p>\n<p> <strong>Inclus :<\/strong> <\/p>\n<ul>\n<li> Dual dashcam Caliber DVR225 <\/li>\n<li> Adaptateur 12~24V avec c\u00e2ble de 3.0m <\/li>\n<li> C\u00e2ble d&#39;extension de 6m pour cam\u00e9ra de recul <\/li>\n<li> Pi\u00e8ces de montage <\/li>\n<\/ul>\n","protected":false},"excerpt":{"rendered":"<ul>\n<li>Cam\u00e9ra de 2 m\u00e9gapixels<\/li>\n<li>\u00c9cran de 2,7 pouces<\/li>\n<li>Cam\u00e9ra suppl\u00e9mentaire pour la lunette arri\u00e8re<\/li>\n<li>Objectif grand angle de 143 degr\u00e9s<\/li>\n<li>Traqueur GPS via le logiciel Windows<\/li>\n<li>Enregistrements HD (1920&#215;1080 @ 30fps)<\/li>\n<li>Capteur de mouvement (capteur G)<\/li>\n<li>Capteur jour\/nuit<\/li>\n<li>Microphone et haut-parleur int\u00e9gr\u00e9s<\/li>\n<li>Enregistrements en boucle (1, 3 et 5 minutes)<\/li>\n<\/ul>\n","protected":false},"featured_media":852754,"template":"","meta":{"_acf_changed":false,"site-sidebar-layout":"default","site-content-layout":"","ast-site-content-layout":"default","site-content-style":"default","site-sidebar-style":"default","ast-global-header-display":"","ast-banner-title-visibility":"","ast-main-header-display":"","ast-hfb-above-header-display":"","ast-hfb-below-header-display":"","ast-hfb-mobile-header-display":"","site-post-title":"","ast-breadcrumbs-content":"","ast-featured-img":"","footer-sml-layout":"","theme-transparent-header-meta":"","adv-header-id-meta":"","stick-header-meta":"","header-above-stick-meta":"","header-main-stick-meta":"","header-below-stick-meta":"","astra-migrate-meta-layouts":"default","ast-page-background-enabled":"default","ast-page-background-meta":{"desktop":{"background-color":"","background-image":"","background-repeat":"repeat","background-position":"center center","background-size":"auto","background-attachment":"scroll","background-type":"","background-media":"","overlay-type":"","overlay-color":"","overlay-opacity":"","overlay-gradient":""},"tablet":{"background-color":"","background-image":"","background-repeat":"repeat","background-position":"center center","background-size":"auto","background-attachment":"scroll","background-type":"","background-media":"","overlay-type":"","overlay-color":"","overlay-opacity":"","overlay-gradient":""},"mobile":{"background-color":"","background-image":"","background-repeat":"repeat","background-position":"center center","background-size":"auto","background-attachment":"scroll","background-type":"","background-media":"","overlay-type":"","overlay-color":"","overlay-opacity":"","overlay-gradient":""}},"ast-content-background-meta":{"desktop":{"background-color":"var(--ast-global-color-5)","background-image":"","background-repeat":"repeat","background-position":"center center","background-size":"auto","background-attachment":"scroll","background-type":"","background-media":"","overlay-type":"","overlay-color":"","overlay-opacity":"","overlay-gradient":""},"tablet":{"background-color":"var(--ast-global-color-5)","background-image":"","background-repeat":"repeat","background-position":"center center","background-size":"auto","background-attachment":"scroll","background-type":"","background-media":"","overlay-type":"","overlay-color":"","overlay-opacity":"","overlay-gradient":""},"mobile":{"background-color":"var(--ast-global-color-5)","background-image":"","background-repeat":"repeat","background-position":"center center","background-size":"auto","background-attachment":"scroll","background-type":"","background-media":"","overlay-type":"","overlay-color":"","overlay-opacity":"","overlay-gradient":""}}},"product_brand":[],"product_cat":[22955],"product_tag":[],"class_list":{"0":"post-482492","1":"product","2":"type-product","3":"status-publish","4":"has-post-thumbnail","6":"product_cat-pas-de-categorie","7":"desktop-align-center","8":"tablet-align-center","9":"mobile-align-center","10":"ast-product-gallery-layout-horizontal","11":"ast-product-tabs-layout-horizontal","13":"first","14":"instock","15":"taxable","16":"shipping-taxable","17":"purchasable","18":"product-type-simple"},"acf":[],"yoast_head":"<!-- This site is optimized with the Yoast SEO plugin v26.5 - https:\/\/yoast.com\/wordpress\/plugins\/seo\/ -->\n<title>Dashcam pour Voiture Avant et Arri\u00e8re - \u00c9cran de 2,7 pouces - 3,0 M\u00e9gapixel - Enregistrement HD - Cam\u00e9ra Arri\u00e8re (DVR225DUAL) - Caliber Europe B.V.<\/title>\n<meta name=\"robots\" content=\"noindex, follow, max-snippet:-1, max-image-preview:large, max-video-preview:-1\" \/>\n<meta property=\"og:locale\" content=\"fr_FR\" \/>\n<meta property=\"og:type\" content=\"article\" \/>\n<meta property=\"og:title\" content=\"Dashcam pour Voiture Avant et Arri\u00e8re - \u00c9cran de 2,7 pouces - 3,0 M\u00e9gapixel - Enregistrement HD - Cam\u00e9ra Arri\u00e8re (DVR225DUAL) - Caliber Europe B.V.\" \/>\n<meta property=\"og:description\" content=\"Cam\u00e9ra de 2 m\u00e9gapixels\u00c9cran de 2,7 poucesCam\u00e9ra suppl\u00e9mentaire pour la lunette arri\u00e8reObjectif grand angle de 143 degr\u00e9sTraqueur GPS via le logiciel WindowsEnregistrements HD (1920x1080 @ 30fps)Capteur de mouvement (capteur G)Capteur jour\/nuitMicrophone et haut-parleur int\u00e9gr\u00e9sEnregistrements en boucle (1, 3 et 5 minutes)\" \/>\n<meta property=\"og:url\" content=\"https:\/\/b2b.calibereurope.com\/fr\/produit\/dvr225dual-fr_fr\/\" \/>\n<meta property=\"og:site_name\" content=\"Caliber Europe B.V.\" \/>\n<meta property=\"article:modified_time\" content=\"2026-02-02T15:43:58+00:00\" \/>\n<meta property=\"og:image\" content=\"https:\/\/b2b.calibereurope.com\/wp-content\/uploads\/2021\/09\/02da296d786e5140d8b98ddd1d5e001b71de3b7f_DVR225dual_cam_total_web.jpg\" \/>\n\t<meta property=\"og:image:width\" content=\"1023\" \/>\n\t<meta property=\"og:image:height\" content=\"768\" \/>\n\t<meta property=\"og:image:type\" content=\"image\/jpeg\" \/>\n<meta name=\"twitter:card\" content=\"summary_large_image\" \/>\n<meta name=\"twitter:label1\" content=\"Dur\u00e9e de lecture estim\u00e9e\" \/>\n\t<meta name=\"twitter:data1\" content=\"2 minutes\" \/>\n<script type=\"application\/ld+json\" class=\"yoast-schema-graph\">{\"@context\":\"https:\/\/schema.org\",\"@graph\":[{\"@type\":\"WebPage\",\"@id\":\"https:\/\/b2b.calibereurope.com\/fr\/produit\/dvr225dual-fr_fr\/\",\"url\":\"https:\/\/b2b.calibereurope.com\/fr\/produit\/dvr225dual-fr_fr\/\",\"name\":\"Dashcam pour Voiture Avant et Arri\u00e8re - \u00c9cran de 2,7 pouces - 3,0 M\u00e9gapixel - Enregistrement HD - Cam\u00e9ra Arri\u00e8re (DVR225DUAL) - Caliber Europe B.V.\",\"isPartOf\":{\"@id\":\"https:\/\/b2b.calibereurope.com\/#website\"},\"primaryImageOfPage\":{\"@id\":\"https:\/\/b2b.calibereurope.com\/fr\/produit\/dvr225dual-fr_fr\/#primaryimage\"},\"image\":{\"@id\":\"https:\/\/b2b.calibereurope.com\/fr\/produit\/dvr225dual-fr_fr\/#primaryimage\"},\"thumbnailUrl\":\"https:\/\/b2b.calibereurope.com\/wp-content\/uploads\/2024\/10\/02da296d786e5140d8b98ddd1d5e001b71de3b7f_DVR225dual_cam_total_web.jpg\",\"datePublished\":\"2024-10-22T00:00:00+00:00\",\"dateModified\":\"2026-02-02T15:43:58+00:00\",\"breadcrumb\":{\"@id\":\"https:\/\/b2b.calibereurope.com\/fr\/produit\/dvr225dual-fr_fr\/#breadcrumb\"},\"inLanguage\":\"fr-FR\",\"potentialAction\":[{\"@type\":\"ReadAction\",\"target\":[\"https:\/\/b2b.calibereurope.com\/fr\/produit\/dvr225dual-fr_fr\/\"]}]},{\"@type\":\"ImageObject\",\"inLanguage\":\"fr-FR\",\"@id\":\"https:\/\/b2b.calibereurope.com\/fr\/produit\/dvr225dual-fr_fr\/#primaryimage\",\"url\":\"https:\/\/b2b.calibereurope.com\/wp-content\/uploads\/2024\/10\/02da296d786e5140d8b98ddd1d5e001b71de3b7f_DVR225dual_cam_total_web.jpg\",\"contentUrl\":\"https:\/\/b2b.calibereurope.com\/wp-content\/uploads\/2024\/10\/02da296d786e5140d8b98ddd1d5e001b71de3b7f_DVR225dual_cam_total_web.jpg\",\"width\":1023,\"height\":768},{\"@type\":\"BreadcrumbList\",\"@id\":\"https:\/\/b2b.calibereurope.com\/fr\/produit\/dvr225dual-fr_fr\/#breadcrumb\",\"itemListElement\":[{\"@type\":\"ListItem\",\"position\":1,\"name\":\"Home\",\"item\":\"https:\/\/b2b.calibereurope.com\/fr\/home\/\"},{\"@type\":\"ListItem\",\"position\":2,\"name\":\"Boutique\",\"item\":\"https:\/\/b2b.calibereurope.com\/fr\/boutique\/\"},{\"@type\":\"ListItem\",\"position\":3,\"name\":\"Dashcam avec cam\u00e9ra de 2,0 m\u00e9gapixels &#8211; Noir (DVR225DUAL)\"}]},{\"@type\":\"WebSite\",\"@id\":\"https:\/\/b2b.calibereurope.com\/#website\",\"url\":\"https:\/\/b2b.calibereurope.com\/\",\"name\":\"Caliber Europe B.V.\",\"description\":\"B2B Webshop\",\"publisher\":{\"@id\":\"https:\/\/b2b.calibereurope.com\/#organization\"},\"potentialAction\":[{\"@type\":\"SearchAction\",\"target\":{\"@type\":\"EntryPoint\",\"urlTemplate\":\"https:\/\/b2b.calibereurope.com\/?s={search_term_string}\"},\"query-input\":{\"@type\":\"PropertyValueSpecification\",\"valueRequired\":true,\"valueName\":\"search_term_string\"}}],\"inLanguage\":\"fr-FR\"},{\"@type\":\"Organization\",\"@id\":\"https:\/\/b2b.calibereurope.com\/#organization\",\"name\":\"Caliber Europe B.V.\",\"url\":\"https:\/\/b2b.calibereurope.com\/\",\"logo\":{\"@type\":\"ImageObject\",\"inLanguage\":\"fr-FR\",\"@id\":\"https:\/\/b2b.calibereurope.com\/#\/schema\/logo\/image\/\",\"url\":\"https:\/\/b2b.calibereurope.com\/wp-content\/uploads\/2020\/12\/Caliber_Logo-Black.png\",\"contentUrl\":\"https:\/\/b2b.calibereurope.com\/wp-content\/uploads\/2020\/12\/Caliber_Logo-Black.png\",\"width\":3157,\"height\":356,\"caption\":\"Caliber Europe B.V.\"},\"image\":{\"@id\":\"https:\/\/b2b.calibereurope.com\/#\/schema\/logo\/image\/\"}}]}<\/script>\n<!-- \/ Yoast SEO plugin. -->","yoast_head_json":{"title":"Dashcam pour Voiture Avant et Arri\u00e8re - \u00c9cran de 2,7 pouces - 3,0 M\u00e9gapixel - Enregistrement HD - Cam\u00e9ra Arri\u00e8re (DVR225DUAL) - Caliber Europe B.V.","robots":{"index":"noindex","follow":"follow","max-snippet":"max-snippet:-1","max-image-preview":"max-image-preview:large","max-video-preview":"max-video-preview:-1"},"og_locale":"fr_FR","og_type":"article","og_title":"Dashcam pour Voiture Avant et Arri\u00e8re - \u00c9cran de 2,7 pouces - 3,0 M\u00e9gapixel - Enregistrement HD - Cam\u00e9ra Arri\u00e8re (DVR225DUAL) - Caliber Europe B.V.","og_description":"Cam\u00e9ra de 2 m\u00e9gapixels\u00c9cran de 2,7 poucesCam\u00e9ra suppl\u00e9mentaire pour la lunette arri\u00e8reObjectif grand angle de 143 degr\u00e9sTraqueur GPS via le logiciel WindowsEnregistrements HD (1920x1080 @ 30fps)Capteur de mouvement (capteur G)Capteur jour\/nuitMicrophone et haut-parleur int\u00e9gr\u00e9sEnregistrements en boucle (1, 3 et 5 minutes)","og_url":"https:\/\/b2b.calibereurope.com\/fr\/produit\/dvr225dual-fr_fr\/","og_site_name":"Caliber Europe B.V.","article_modified_time":"2026-02-02T15:43:58+00:00","og_image":[{"width":1023,"height":768,"url":"https:\/\/b2b.calibereurope.com\/wp-content\/uploads\/2021\/09\/02da296d786e5140d8b98ddd1d5e001b71de3b7f_DVR225dual_cam_total_web.jpg","type":"image\/jpeg"}],"twitter_card":"summary_large_image","twitter_misc":{"Dur\u00e9e de lecture estim\u00e9e":"2 minutes"},"schema":{"@context":"https:\/\/schema.org","@graph":[{"@type":"WebPage","@id":"https:\/\/b2b.calibereurope.com\/fr\/produit\/dvr225dual-fr_fr\/","url":"https:\/\/b2b.calibereurope.com\/fr\/produit\/dvr225dual-fr_fr\/","name":"Dashcam pour Voiture Avant et Arri\u00e8re - \u00c9cran de 2,7 pouces - 3,0 M\u00e9gapixel - Enregistrement HD - Cam\u00e9ra Arri\u00e8re (DVR225DUAL) - Caliber Europe B.V.","isPartOf":{"@id":"https:\/\/b2b.calibereurope.com\/#website"},"primaryImageOfPage":{"@id":"https:\/\/b2b.calibereurope.com\/fr\/produit\/dvr225dual-fr_fr\/#primaryimage"},"image":{"@id":"https:\/\/b2b.calibereurope.com\/fr\/produit\/dvr225dual-fr_fr\/#primaryimage"},"thumbnailUrl":"https:\/\/b2b.calibereurope.com\/wp-content\/uploads\/2024\/10\/02da296d786e5140d8b98ddd1d5e001b71de3b7f_DVR225dual_cam_total_web.jpg","datePublished":"2024-10-22T00:00:00+00:00","dateModified":"2026-02-02T15:43:58+00:00","breadcrumb":{"@id":"https:\/\/b2b.calibereurope.com\/fr\/produit\/dvr225dual-fr_fr\/#breadcrumb"},"inLanguage":"fr-FR","potentialAction":[{"@type":"ReadAction","target":["https:\/\/b2b.calibereurope.com\/fr\/produit\/dvr225dual-fr_fr\/"]}]},{"@type":"ImageObject","inLanguage":"fr-FR","@id":"https:\/\/b2b.calibereurope.com\/fr\/produit\/dvr225dual-fr_fr\/#primaryimage","url":"https:\/\/b2b.calibereurope.com\/wp-content\/uploads\/2024\/10\/02da296d786e5140d8b98ddd1d5e001b71de3b7f_DVR225dual_cam_total_web.jpg","contentUrl":"https:\/\/b2b.calibereurope.com\/wp-content\/uploads\/2024\/10\/02da296d786e5140d8b98ddd1d5e001b71de3b7f_DVR225dual_cam_total_web.jpg","width":1023,"height":768},{"@type":"BreadcrumbList","@id":"https:\/\/b2b.calibereurope.com\/fr\/produit\/dvr225dual-fr_fr\/#breadcrumb","itemListElement":[{"@type":"ListItem","position":1,"name":"Home","item":"https:\/\/b2b.calibereurope.com\/fr\/home\/"},{"@type":"ListItem","position":2,"name":"Boutique","item":"https:\/\/b2b.calibereurope.com\/fr\/boutique\/"},{"@type":"ListItem","position":3,"name":"Dashcam avec cam\u00e9ra de 2,0 m\u00e9gapixels &#8211; Noir (DVR225DUAL)"}]},{"@type":"WebSite","@id":"https:\/\/b2b.calibereurope.com\/#website","url":"https:\/\/b2b.calibereurope.com\/","name":"Caliber Europe B.V.","description":"B2B Webshop","publisher":{"@id":"https:\/\/b2b.calibereurope.com\/#organization"},"potentialAction":[{"@type":"SearchAction","target":{"@type":"EntryPoint","urlTemplate":"https:\/\/b2b.calibereurope.com\/?s={search_term_string}"},"query-input":{"@type":"PropertyValueSpecification","valueRequired":true,"valueName":"search_term_string"}}],"inLanguage":"fr-FR"},{"@type":"Organization","@id":"https:\/\/b2b.calibereurope.com\/#organization","name":"Caliber Europe B.V.","url":"https:\/\/b2b.calibereurope.com\/","logo":{"@type":"ImageObject","inLanguage":"fr-FR","@id":"https:\/\/b2b.calibereurope.com\/#\/schema\/logo\/image\/","url":"https:\/\/b2b.calibereurope.com\/wp-content\/uploads\/2020\/12\/Caliber_Logo-Black.png","contentUrl":"https:\/\/b2b.calibereurope.com\/wp-content\/uploads\/2020\/12\/Caliber_Logo-Black.png","width":3157,"height":356,"caption":"Caliber Europe B.V."},"image":{"@id":"https:\/\/b2b.calibereurope.com\/#\/schema\/logo\/image\/"}}]}},"_links":{"self":[{"href":"https:\/\/b2b.calibereurope.com\/fr\/wp-json\/wp\/v2\/product\/482492","targetHints":{"allow":["GET"]}}],"collection":[{"href":"https:\/\/b2b.calibereurope.com\/fr\/wp-json\/wp\/v2\/product"}],"about":[{"href":"https:\/\/b2b.calibereurope.com\/fr\/wp-json\/wp\/v2\/types\/product"}],"version-history":[{"count":0,"href":"https:\/\/b2b.calibereurope.com\/fr\/wp-json\/wp\/v2\/product\/482492\/revisions"}],"wp:featuredmedia":[{"embeddable":true,"href":"https:\/\/b2b.calibereurope.com\/fr\/wp-json\/wp\/v2\/media\/852754"}],"wp:attachment":[{"href":"https:\/\/b2b.calibereurope.com\/fr\/wp-json\/wp\/v2\/media?parent=482492"}],"wp:term":[{"taxonomy":"product_brand","embeddable":true,"href":"https:\/\/b2b.calibereurope.com\/fr\/wp-json\/wp\/v2\/product_brand?post=482492"},{"taxonomy":"product_cat","embeddable":true,"href":"https:\/\/b2b.calibereurope.com\/fr\/wp-json\/wp\/v2\/product_cat?post=482492"},{"taxonomy":"product_tag","embeddable":true,"href":"https:\/\/b2b.calibereurope.com\/fr\/wp-json\/wp\/v2\/product_tag?post=482492"}],"curies":[{"name":"wp","href":"https:\/\/api.w.org\/{rel}","templated":true}]}}