{"id":482988,"date":"2021-09-21T00:00:00","date_gmt":"2021-09-21T00:00:00","guid":{"rendered":"https:\/\/b2b.calibereurope.com\/?post_type=product&#038;p=482988"},"modified":"2024-12-27T00:33:32","modified_gmt":"2024-12-26T23:33:32","slug":"pmt060bt-fr_fr","status":"publish","type":"product","link":"https:\/\/b2b.calibereurope.com\/fr\/produit\/pmt060bt-fr_fr\/","title":{"rendered":"R\u00e9cepteur Bluetooth avec 2X USB et sortie AUX &#8211; Gris (PMT060BT)"},"content":{"rendered":"<p>\u00c9coutez facilement la musique de votre t\u00e9l\u00e9phone de voiture avec le Caliber PMT060BT. Ce r\u00e9cepteur bluetooth est branch\u00e9 sur une prise de courant de 12 \u00e0 24 volts, comme l&rsquo;allume-cigare, dans votre voiture. La prise jack de 3,5 mm se branche sur l&rsquo;entr\u00e9e auxiliaire de votre autoradio et vous avez de la musique.<\/p>\n<p><strong>Qualit\u00e9 sonore et appels sans fil<br \/><\/strong>Le PMT060BT a une port\u00e9e Bluetooth de 10 m\u00e8tres, donc vous \u00eates toujours bien assis dans la voiture. Le support du profil Bluetooth A2DP assure une transmission sonore de haute qualit\u00e9. Recevez-vous un appel ? Gr\u00e2ce au microphone int\u00e9gr\u00e9, vous pouvez \u00e9galement passer imm\u00e9diatement un appel t\u00e9l\u00e9phonique via le syst\u00e8me audio de votre voiture. Vous faites fonctionner le r\u00e9cepteur avec le bouton en haut. Via un port USB, vous connectez un c\u00e2ble pour charger votre t\u00e9l\u00e9phone en conduisant.<\/p>\n","protected":false},"excerpt":{"rendered":"<p>\u00c9coutez facilement la musique de votre t\u00e9l\u00e9phone de voiture avec le Caliber PMT060BT. Ce r\u00e9cepteur bluetooth est branch\u00e9 sur une prise de courant de 12 \u00e0 24 volts, comme l&rsquo;allume-cigare, dans votre voiture. La prise jack de 3,5 mm se branche sur l&rsquo;entr\u00e9e auxiliaire de votre autoradio et vous avez de la musique. Qualit\u00e9 sonore [&hellip;]<\/p>\n","protected":false},"featured_media":650579,"template":"","meta":{"_acf_changed":false,"site-sidebar-layout":"default","site-content-layout":"","ast-site-content-layout":"default","site-content-style":"default","site-sidebar-style":"default","ast-global-header-display":"","ast-banner-title-visibility":"","ast-main-header-display":"","ast-hfb-above-header-display":"","ast-hfb-below-header-display":"","ast-hfb-mobile-header-display":"","site-post-title":"","ast-breadcrumbs-content":"","ast-featured-img":"","footer-sml-layout":"","theme-transparent-header-meta":"","adv-header-id-meta":"","stick-header-meta":"","header-above-stick-meta":"","header-main-stick-meta":"","header-below-stick-meta":"","astra-migrate-meta-layouts":"default","ast-page-background-enabled":"default","ast-page-background-meta":{"desktop":{"background-color":"","background-image":"","background-repeat":"repeat","background-position":"center center","background-size":"auto","background-attachment":"scroll","background-type":"","background-media":"","overlay-type":"","overlay-color":"","overlay-opacity":"","overlay-gradient":""},"tablet":{"background-color":"","background-image":"","background-repeat":"repeat","background-position":"center center","background-size":"auto","background-attachment":"scroll","background-type":"","background-media":"","overlay-type":"","overlay-color":"","overlay-opacity":"","overlay-gradient":""},"mobile":{"background-color":"","background-image":"","background-repeat":"repeat","background-position":"center center","background-size":"auto","background-attachment":"scroll","background-type":"","background-media":"","overlay-type":"","overlay-color":"","overlay-opacity":"","overlay-gradient":""}},"ast-content-background-meta":{"desktop":{"background-color":"var(--ast-global-color-5)","background-image":"","background-repeat":"repeat","background-position":"center center","background-size":"auto","background-attachment":"scroll","background-type":"","background-media":"","overlay-type":"","overlay-color":"","overlay-opacity":"","overlay-gradient":""},"tablet":{"background-color":"var(--ast-global-color-5)","background-image":"","background-repeat":"repeat","background-position":"center center","background-size":"auto","background-attachment":"scroll","background-type":"","background-media":"","overlay-type":"","overlay-color":"","overlay-opacity":"","overlay-gradient":""},"mobile":{"background-color":"var(--ast-global-color-5)","background-image":"","background-repeat":"repeat","background-position":"center center","background-size":"auto","background-attachment":"scroll","background-type":"","background-media":"","overlay-type":"","overlay-color":"","overlay-opacity":"","overlay-gradient":""}}},"product_brand":[],"product_cat":[12238,12230],"product_tag":[],"class_list":{"0":"post-482988","1":"product","2":"type-product","3":"status-publish","4":"has-post-thumbnail","6":"product_cat-multimedia_fr_fr","7":"product_cat-geluid_fr_fr","8":"desktop-align-center","9":"tablet-align-center","10":"mobile-align-center","11":"ast-product-gallery-layout-horizontal","12":"ast-product-tabs-layout-horizontal","14":"first","15":"onbackorder","16":"taxable","17":"shipping-taxable","18":"product-type-simple"},"acf":[],"yoast_head":"<!-- This site is optimized with the Yoast SEO plugin v26.5 - https:\/\/yoast.com\/wordpress\/plugins\/seo\/ -->\n<title>R\u00e9cepteur Bluetooth avec 2X USB et sortie AUX - Gris (PMT060BT) - Caliber Europe B.V.<\/title>\n<meta name=\"robots\" content=\"noindex, follow, max-snippet:-1, max-image-preview:large, max-video-preview:-1\" \/>\n<meta property=\"og:locale\" content=\"fr_FR\" \/>\n<meta property=\"og:type\" content=\"article\" \/>\n<meta property=\"og:title\" content=\"R\u00e9cepteur Bluetooth avec 2X USB et sortie AUX - Gris (PMT060BT) - Caliber Europe B.V.\" \/>\n<meta property=\"og:description\" content=\"\u00c9coutez facilement la musique de votre t\u00e9l\u00e9phone de voiture avec le Caliber PMT060BT. Ce r\u00e9cepteur bluetooth est branch\u00e9 sur une prise de courant de 12 \u00e0 24 volts, comme l&rsquo;allume-cigare, dans votre voiture. La prise jack de 3,5 mm se branche sur l&rsquo;entr\u00e9e auxiliaire de votre autoradio et vous avez de la musique. Qualit\u00e9 sonore [&hellip;]\" \/>\n<meta property=\"og:url\" content=\"https:\/\/b2b.calibereurope.com\/fr\/?post_type=product&amp;p=482988\" \/>\n<meta property=\"og:site_name\" content=\"Caliber Europe B.V.\" \/>\n<meta property=\"article:modified_time\" content=\"2024-12-26T23:33:32+00:00\" \/>\n<meta property=\"og:image\" content=\"https:\/\/b2b.calibereurope.com\/wp-content\/uploads\/2021\/09\/d40fdb3517bfb4acd47fd7c8e944c3a43e5310c6_PMT060BT_slantwise.jpg\" \/>\n\t<meta property=\"og:image:width\" content=\"640\" \/>\n\t<meta property=\"og:image:height\" content=\"480\" \/>\n\t<meta property=\"og:image:type\" content=\"image\/jpeg\" \/>\n<meta name=\"twitter:card\" content=\"summary_large_image\" \/>\n<meta name=\"twitter:label1\" content=\"Dur\u00e9e de lecture estim\u00e9e\" \/>\n\t<meta name=\"twitter:data1\" content=\"1 minute\" \/>\n<script type=\"application\/ld+json\" class=\"yoast-schema-graph\">{\"@context\":\"https:\/\/schema.org\",\"@graph\":[{\"@type\":\"WebPage\",\"@id\":\"https:\/\/b2b.calibereurope.com\/fr\/?post_type=product&p=482988\",\"url\":\"https:\/\/b2b.calibereurope.com\/fr\/?post_type=product&p=482988\",\"name\":\"R\u00e9cepteur Bluetooth avec 2X USB et sortie AUX - Gris (PMT060BT) - Caliber Europe B.V.\",\"isPartOf\":{\"@id\":\"https:\/\/b2b.calibereurope.com\/#website\"},\"primaryImageOfPage\":{\"@id\":\"https:\/\/b2b.calibereurope.com\/fr\/?post_type=product&p=482988#primaryimage\"},\"image\":{\"@id\":\"https:\/\/b2b.calibereurope.com\/fr\/?post_type=product&p=482988#primaryimage\"},\"thumbnailUrl\":\"https:\/\/b2b.calibereurope.com\/wp-content\/uploads\/2022\/03\/d40fdb3517bfb4acd47fd7c8e944c3a43e5310c6_PMT060BT_slantwise.jpg\",\"datePublished\":\"2021-09-21T00:00:00+00:00\",\"dateModified\":\"2024-12-26T23:33:32+00:00\",\"breadcrumb\":{\"@id\":\"https:\/\/b2b.calibereurope.com\/fr\/?post_type=product&p=482988#breadcrumb\"},\"inLanguage\":\"fr-FR\",\"potentialAction\":[{\"@type\":\"ReadAction\",\"target\":[\"https:\/\/b2b.calibereurope.com\/fr\/?post_type=product&p=482988\"]}]},{\"@type\":\"ImageObject\",\"inLanguage\":\"fr-FR\",\"@id\":\"https:\/\/b2b.calibereurope.com\/fr\/?post_type=product&p=482988#primaryimage\",\"url\":\"https:\/\/b2b.calibereurope.com\/wp-content\/uploads\/2022\/03\/d40fdb3517bfb4acd47fd7c8e944c3a43e5310c6_PMT060BT_slantwise.jpg\",\"contentUrl\":\"https:\/\/b2b.calibereurope.com\/wp-content\/uploads\/2022\/03\/d40fdb3517bfb4acd47fd7c8e944c3a43e5310c6_PMT060BT_slantwise.jpg\",\"width\":640,\"height\":480},{\"@type\":\"BreadcrumbList\",\"@id\":\"https:\/\/b2b.calibereurope.com\/fr\/?post_type=product&p=482988#breadcrumb\",\"itemListElement\":[{\"@type\":\"ListItem\",\"position\":1,\"name\":\"Home\",\"item\":\"https:\/\/b2b.calibereurope.com\/fr\/home\/\"},{\"@type\":\"ListItem\",\"position\":2,\"name\":\"Boutique\",\"item\":\"https:\/\/b2b.calibereurope.com\/fr\/boutique\/\"},{\"@type\":\"ListItem\",\"position\":3,\"name\":\"R\u00e9cepteur Bluetooth avec 2X USB et sortie AUX &#8211; Gris (PMT060BT)\"}]},{\"@type\":\"WebSite\",\"@id\":\"https:\/\/b2b.calibereurope.com\/#website\",\"url\":\"https:\/\/b2b.calibereurope.com\/\",\"name\":\"Caliber Europe B.V.\",\"description\":\"B2B Webshop\",\"publisher\":{\"@id\":\"https:\/\/b2b.calibereurope.com\/#organization\"},\"potentialAction\":[{\"@type\":\"SearchAction\",\"target\":{\"@type\":\"EntryPoint\",\"urlTemplate\":\"https:\/\/b2b.calibereurope.com\/?s={search_term_string}\"},\"query-input\":{\"@type\":\"PropertyValueSpecification\",\"valueRequired\":true,\"valueName\":\"search_term_string\"}}],\"inLanguage\":\"fr-FR\"},{\"@type\":\"Organization\",\"@id\":\"https:\/\/b2b.calibereurope.com\/#organization\",\"name\":\"Caliber Europe B.V.\",\"url\":\"https:\/\/b2b.calibereurope.com\/\",\"logo\":{\"@type\":\"ImageObject\",\"inLanguage\":\"fr-FR\",\"@id\":\"https:\/\/b2b.calibereurope.com\/#\/schema\/logo\/image\/\",\"url\":\"https:\/\/b2b.calibereurope.com\/wp-content\/uploads\/2020\/12\/Caliber_Logo-Black.png\",\"contentUrl\":\"https:\/\/b2b.calibereurope.com\/wp-content\/uploads\/2020\/12\/Caliber_Logo-Black.png\",\"width\":3157,\"height\":356,\"caption\":\"Caliber Europe B.V.\"},\"image\":{\"@id\":\"https:\/\/b2b.calibereurope.com\/#\/schema\/logo\/image\/\"}}]}<\/script>\n<!-- \/ Yoast SEO plugin. -->","yoast_head_json":{"title":"R\u00e9cepteur Bluetooth avec 2X USB et sortie AUX - Gris (PMT060BT) - Caliber Europe B.V.","robots":{"index":"noindex","follow":"follow","max-snippet":"max-snippet:-1","max-image-preview":"max-image-preview:large","max-video-preview":"max-video-preview:-1"},"og_locale":"fr_FR","og_type":"article","og_title":"R\u00e9cepteur Bluetooth avec 2X USB et sortie AUX - Gris (PMT060BT) - Caliber Europe B.V.","og_description":"\u00c9coutez facilement la musique de votre t\u00e9l\u00e9phone de voiture avec le Caliber PMT060BT. Ce r\u00e9cepteur bluetooth est branch\u00e9 sur une prise de courant de 12 \u00e0 24 volts, comme l&rsquo;allume-cigare, dans votre voiture. La prise jack de 3,5 mm se branche sur l&rsquo;entr\u00e9e auxiliaire de votre autoradio et vous avez de la musique. Qualit\u00e9 sonore [&hellip;]","og_url":"https:\/\/b2b.calibereurope.com\/fr\/?post_type=product&p=482988","og_site_name":"Caliber Europe B.V.","article_modified_time":"2024-12-26T23:33:32+00:00","og_image":[{"width":640,"height":480,"url":"https:\/\/b2b.calibereurope.com\/wp-content\/uploads\/2021\/09\/d40fdb3517bfb4acd47fd7c8e944c3a43e5310c6_PMT060BT_slantwise.jpg","type":"image\/jpeg"}],"twitter_card":"summary_large_image","twitter_misc":{"Dur\u00e9e de lecture estim\u00e9e":"1 minute"},"schema":{"@context":"https:\/\/schema.org","@graph":[{"@type":"WebPage","@id":"https:\/\/b2b.calibereurope.com\/fr\/?post_type=product&p=482988","url":"https:\/\/b2b.calibereurope.com\/fr\/?post_type=product&p=482988","name":"R\u00e9cepteur Bluetooth avec 2X USB et sortie AUX - Gris (PMT060BT) - Caliber Europe B.V.","isPartOf":{"@id":"https:\/\/b2b.calibereurope.com\/#website"},"primaryImageOfPage":{"@id":"https:\/\/b2b.calibereurope.com\/fr\/?post_type=product&p=482988#primaryimage"},"image":{"@id":"https:\/\/b2b.calibereurope.com\/fr\/?post_type=product&p=482988#primaryimage"},"thumbnailUrl":"https:\/\/b2b.calibereurope.com\/wp-content\/uploads\/2022\/03\/d40fdb3517bfb4acd47fd7c8e944c3a43e5310c6_PMT060BT_slantwise.jpg","datePublished":"2021-09-21T00:00:00+00:00","dateModified":"2024-12-26T23:33:32+00:00","breadcrumb":{"@id":"https:\/\/b2b.calibereurope.com\/fr\/?post_type=product&p=482988#breadcrumb"},"inLanguage":"fr-FR","potentialAction":[{"@type":"ReadAction","target":["https:\/\/b2b.calibereurope.com\/fr\/?post_type=product&p=482988"]}]},{"@type":"ImageObject","inLanguage":"fr-FR","@id":"https:\/\/b2b.calibereurope.com\/fr\/?post_type=product&p=482988#primaryimage","url":"https:\/\/b2b.calibereurope.com\/wp-content\/uploads\/2022\/03\/d40fdb3517bfb4acd47fd7c8e944c3a43e5310c6_PMT060BT_slantwise.jpg","contentUrl":"https:\/\/b2b.calibereurope.com\/wp-content\/uploads\/2022\/03\/d40fdb3517bfb4acd47fd7c8e944c3a43e5310c6_PMT060BT_slantwise.jpg","width":640,"height":480},{"@type":"BreadcrumbList","@id":"https:\/\/b2b.calibereurope.com\/fr\/?post_type=product&p=482988#breadcrumb","itemListElement":[{"@type":"ListItem","position":1,"name":"Home","item":"https:\/\/b2b.calibereurope.com\/fr\/home\/"},{"@type":"ListItem","position":2,"name":"Boutique","item":"https:\/\/b2b.calibereurope.com\/fr\/boutique\/"},{"@type":"ListItem","position":3,"name":"R\u00e9cepteur Bluetooth avec 2X USB et sortie AUX &#8211; Gris (PMT060BT)"}]},{"@type":"WebSite","@id":"https:\/\/b2b.calibereurope.com\/#website","url":"https:\/\/b2b.calibereurope.com\/","name":"Caliber Europe B.V.","description":"B2B Webshop","publisher":{"@id":"https:\/\/b2b.calibereurope.com\/#organization"},"potentialAction":[{"@type":"SearchAction","target":{"@type":"EntryPoint","urlTemplate":"https:\/\/b2b.calibereurope.com\/?s={search_term_string}"},"query-input":{"@type":"PropertyValueSpecification","valueRequired":true,"valueName":"search_term_string"}}],"inLanguage":"fr-FR"},{"@type":"Organization","@id":"https:\/\/b2b.calibereurope.com\/#organization","name":"Caliber Europe B.V.","url":"https:\/\/b2b.calibereurope.com\/","logo":{"@type":"ImageObject","inLanguage":"fr-FR","@id":"https:\/\/b2b.calibereurope.com\/#\/schema\/logo\/image\/","url":"https:\/\/b2b.calibereurope.com\/wp-content\/uploads\/2020\/12\/Caliber_Logo-Black.png","contentUrl":"https:\/\/b2b.calibereurope.com\/wp-content\/uploads\/2020\/12\/Caliber_Logo-Black.png","width":3157,"height":356,"caption":"Caliber Europe B.V."},"image":{"@id":"https:\/\/b2b.calibereurope.com\/#\/schema\/logo\/image\/"}}]}},"_links":{"self":[{"href":"https:\/\/b2b.calibereurope.com\/fr\/wp-json\/wp\/v2\/product\/482988","targetHints":{"allow":["GET"]}}],"collection":[{"href":"https:\/\/b2b.calibereurope.com\/fr\/wp-json\/wp\/v2\/product"}],"about":[{"href":"https:\/\/b2b.calibereurope.com\/fr\/wp-json\/wp\/v2\/types\/product"}],"version-history":[{"count":0,"href":"https:\/\/b2b.calibereurope.com\/fr\/wp-json\/wp\/v2\/product\/482988\/revisions"}],"wp:featuredmedia":[{"embeddable":true,"href":"https:\/\/b2b.calibereurope.com\/fr\/wp-json\/wp\/v2\/media\/650579"}],"wp:attachment":[{"href":"https:\/\/b2b.calibereurope.com\/fr\/wp-json\/wp\/v2\/media?parent=482988"}],"wp:term":[{"taxonomy":"product_brand","embeddable":true,"href":"https:\/\/b2b.calibereurope.com\/fr\/wp-json\/wp\/v2\/product_brand?post=482988"},{"taxonomy":"product_cat","embeddable":true,"href":"https:\/\/b2b.calibereurope.com\/fr\/wp-json\/wp\/v2\/product_cat?post=482988"},{"taxonomy":"product_tag","embeddable":true,"href":"https:\/\/b2b.calibereurope.com\/fr\/wp-json\/wp\/v2\/product_tag?post=482988"}],"curies":[{"name":"wp","href":"https:\/\/api.w.org\/{rel}","templated":true}]}}