{"id":483024,"date":"2026-03-04T00:00:00","date_gmt":"2026-03-04T00:00:00","guid":{"rendered":"0"},"modified":"2026-03-04T09:06:31","modified_gmt":"2026-03-04T08:06:31","slug":"MPD278T-fr_FR","status":"publish","type":"product","link":"https:\/\/b2b.calibereurope.com\/fr\/produit\/MPD278T-fr_FR\/","title":{"rendered":"Lecteur DVD portable pour Voiture &#8211; Ensemble de 2 \u00c9crans &#8211; 7 Pouces &#8211; avec Batterie pour une Dur\u00e9e de Lecture de 1,5 Heure (MPD278T)"},"content":{"rendered":"<p> Profitez des meilleures vid\u00e9os et des meilleurs films pendant les longs trajets en voiture avec vos amis et votre famille gr\u00e2ce au lecteur DVD portable Caliber MPD278T. Le lecteur DVD de voiture est sp\u00e9cialement con\u00e7u pour des heures de plaisir visuel.<strong> Avec deux \u00e9crans de 7 pouces <\/strong> les occupants peuvent regarder leurs DVD pr\u00e9f\u00e9r\u00e9s pendant chaque trajet. Les lecteurs <strong> peuvent \u00eatre utilis\u00e9s ensemble ou s\u00e9par\u00e9ment <\/strong>. Le lecteur DVD est \u00e9quip\u00e9 d&#39;une<strong> batterie <\/strong>, ce qui vous permet de continuer \u00e0 le regarder lorsque le moteur est \u00e9teint Vous pouvez lire des DVD, ainsi que regarder via <strong>USB<\/strong>, <strong>SD<\/strong>. Les<strong> haut-parleurs int\u00e9gr\u00e9s <\/strong> produisent un bon son. <\/p>\n<p> <strong>Caract\u00e9ristiques :<\/strong> <\/p>\n<ul>\n<li>2 lecteurs DVD portables <\/li>\n<li> Peuvent \u00eatre utilis\u00e9s ensemble ou s\u00e9par\u00e9ment <\/li>\n<li> \u00c9cran de 7 pouces <\/li>\n<li> Batterie incluse pour 1,5 heure de lecture <\/li>\n<li> Connexion voiture 12V\/24V <\/li>\n<li> R\u00e9solution 800 x 480 <\/li>\n<li> USB et SD jusqu&#39;\u00e0 32 Go <\/li>\n<li>CD\/DVD\/VCD\/MP3\/MPEG4\/DivX et JPEG <\/li>\n<li> Haut-parleurs int\u00e9gr\u00e9s <\/li>\n<li> Entr\u00e9es et sorties AV <\/li>\n<li> Prise casque 3,5 mm <\/li>\n<\/ul>\n<h3> Profitez des longs trajets en voiture avec ce lecteur DVD<\/h3>\n<p> Les longs trajets en voiture vous ennuient ? Avec ces lecteurs DVD portables pratiques dans la voiture, ce n&#39;est plus un probl\u00e8me pour les enfants ! Vous pourrez profiter de vos films, s\u00e9ries ou vid\u00e9os pr\u00e9f\u00e9r\u00e9s pendant des heures sur la route. Le lecteur DVD se compose de 2 \u00e9crans qui peuvent \u00eatre utilis\u00e9s s\u00e9par\u00e9ment, de sorte que chacun dans la voiture peut choisir ses propres films. Vous pouvez \u00e9galement regarder ensemble et relier les \u00e9crans pour un plaisir partag\u00e9. Gr\u00e2ce \u00e0 l&#39;\u00e9cran de 7 pouces et \u00e0 la r\u00e9solution de 800*480, vous profiterez toujours de belles images. <\/p>\n<h3> Ce lecteur DVD peut lire un grand nombre de formats de fichiers <\/h3>\n<p> Que vous stockiez vos films sur des DVD, des cartes SD ou des cl\u00e9s USB, vous pouvez tout lire avec ces \u00e9crans DVD de voiture. Vous pouvez ainsi regarder des vid\u00e9os aux formats MP3, MPEG4 et DivX, ou visualiser des fichiers photo JPEG, o\u00f9 que vous soyez <\/p>\n<h3> Ce lecteur DVD peut \u00eatre plac\u00e9 n&#39;importe o\u00f9 <\/h3>\n<p> Le lecteur DVD peut \u00eatre facilement fix\u00e9 \u00e0 l&#39;appuie-t\u00eate de la voiture \u00e0 l&#39;aide du syst\u00e8me de montage fourni. Gr\u00e2ce au support de bureau int\u00e9gr\u00e9, vous pouvez \u00e9galement placer le lecteur DVD portable n&#39;importe o\u00f9. Utilisez les lecteurs au camping ou dans une maison de vacances, par exemple, et alimentez-les via l&#39;alimentation PS32. Les haut-parleurs int\u00e9gr\u00e9s vous permettent de profiter d&#39;un bon son dans n&#39;importe quel environnement. <\/p>\n<p> <strong><br \/> Inclus :<\/strong> <\/p>\n<ul>\n<li>2 lecteurs DVD portables <\/li>\n<li> Syst\u00e8me de fixation sur l&#39;appuie-t\u00eate <\/li>\n<li> C\u00e2bles de connexion <\/li>\n<li> \u00c9couteurs <\/li>\n<li> Sangles d&#39;appuie-t\u00eate <\/li>\n<li> Prise allume-cigare 12\/24V <\/li>\n<li>2 t\u00e9l\u00e9commandes<\/li>\n<\/ul>\n","protected":false},"excerpt":{"rendered":"<ul>\n<li>2 lecteurs DVD portables<\/li>\n<li>Peuvent \u00eatre utilis\u00e9s ensemble ou s\u00e9par\u00e9ment<\/li>\n<li>\u00c9cran de 7 pouces<\/li>\n<li>Batterie incluse pour 1,5 heure de lecture<\/li>\n<li>Connexion voiture 12V\/24V<\/li>\n<li>R\u00e9solution 800 x 480<\/li>\n<li>USB et SD jusqu&rsquo;\u00e0 32 Go<\/li>\n<li>CD\/DVD\/VCD\/MP3\/MPEG4\/DivX et JPEG<\/li>\n<li>Haut-parleurs int\u00e9gr\u00e9s<\/li>\n<li>Entr\u00e9es et sorties AV<\/li>\n<li>Prise casque 3,5 mm<\/li>\n<\/ul>\n","protected":false},"featured_media":871483,"template":"","meta":{"_acf_changed":false,"site-sidebar-layout":"default","site-content-layout":"","ast-site-content-layout":"default","site-content-style":"default","site-sidebar-style":"default","ast-global-header-display":"","ast-banner-title-visibility":"","ast-main-header-display":"","ast-hfb-above-header-display":"","ast-hfb-below-header-display":"","ast-hfb-mobile-header-display":"","site-post-title":"","ast-breadcrumbs-content":"","ast-featured-img":"","footer-sml-layout":"","theme-transparent-header-meta":"","adv-header-id-meta":"","stick-header-meta":"","header-above-stick-meta":"","header-main-stick-meta":"","header-below-stick-meta":"","astra-migrate-meta-layouts":"default","ast-page-background-enabled":"default","ast-page-background-meta":{"desktop":{"background-color":"","background-image":"","background-repeat":"repeat","background-position":"center center","background-size":"auto","background-attachment":"scroll","background-type":"","background-media":"","overlay-type":"","overlay-color":"","overlay-opacity":"","overlay-gradient":""},"tablet":{"background-color":"","background-image":"","background-repeat":"repeat","background-position":"center center","background-size":"auto","background-attachment":"scroll","background-type":"","background-media":"","overlay-type":"","overlay-color":"","overlay-opacity":"","overlay-gradient":""},"mobile":{"background-color":"","background-image":"","background-repeat":"repeat","background-position":"center center","background-size":"auto","background-attachment":"scroll","background-type":"","background-media":"","overlay-type":"","overlay-color":"","overlay-opacity":"","overlay-gradient":""}},"ast-content-background-meta":{"desktop":{"background-color":"var(--ast-global-color-5)","background-image":"","background-repeat":"repeat","background-position":"center center","background-size":"auto","background-attachment":"scroll","background-type":"","background-media":"","overlay-type":"","overlay-color":"","overlay-opacity":"","overlay-gradient":""},"tablet":{"background-color":"var(--ast-global-color-5)","background-image":"","background-repeat":"repeat","background-position":"center center","background-size":"auto","background-attachment":"scroll","background-type":"","background-media":"","overlay-type":"","overlay-color":"","overlay-opacity":"","overlay-gradient":""},"mobile":{"background-color":"var(--ast-global-color-5)","background-image":"","background-repeat":"repeat","background-position":"center center","background-size":"auto","background-attachment":"scroll","background-type":"","background-media":"","overlay-type":"","overlay-color":"","overlay-opacity":"","overlay-gradient":""}}},"product_brand":[],"product_cat":[12186,12182],"product_tag":[],"class_list":{"0":"post-483024","1":"product","2":"type-product","3":"status-publish","4":"has-post-thumbnail","6":"product_cat-dvd_en_dvb_t_fr_fr","7":"product_cat-beeld_fr_fr","8":"desktop-align-center","9":"tablet-align-center","10":"mobile-align-center","11":"ast-product-gallery-layout-horizontal","12":"ast-product-tabs-layout-horizontal","14":"first","15":"instock","16":"taxable","17":"shipping-taxable","18":"purchasable","19":"product-type-simple"},"acf":[],"yoast_head":"<!-- This site is optimized with the Yoast SEO plugin v26.5 - https:\/\/yoast.com\/wordpress\/plugins\/seo\/ -->\n<title>Lecteur DVD portable pour Voiture - Ensemble de 2 \u00c9crans - 7 Pouces - avec Batterie pour une Dur\u00e9e de Lecture de 1,5 Heure (MPD278T) - Caliber Europe B.V.<\/title>\n<meta name=\"robots\" content=\"noindex, follow, max-snippet:-1, max-image-preview:large, max-video-preview:-1\" \/>\n<meta property=\"og:locale\" content=\"fr_FR\" \/>\n<meta property=\"og:type\" content=\"article\" \/>\n<meta property=\"og:title\" content=\"Lecteur DVD portable pour Voiture - Ensemble de 2 \u00c9crans - 7 Pouces - avec Batterie pour une Dur\u00e9e de Lecture de 1,5 Heure (MPD278T) - Caliber Europe B.V.\" \/>\n<meta property=\"og:description\" content=\"2 lecteurs DVD portablesPeuvent \u00eatre utilis\u00e9s ensemble ou s\u00e9par\u00e9ment\u00c9cran de 7 poucesBatterie incluse pour 1,5 heure de lectureConnexion voiture 12V\/24VR\u00e9solution 800 x 480USB et SD jusqu&#039;\u00e0 32 GoCD\/DVD\/VCD\/MP3\/MPEG4\/DivX et JPEGHaut-parleurs int\u00e9gr\u00e9sEntr\u00e9es et sorties AVPrise casque 3,5 mm\" \/>\n<meta property=\"og:url\" content=\"https:\/\/b2b.calibereurope.com\/fr\/produit\/mpd278t-fr_fr\/\" \/>\n<meta property=\"og:site_name\" content=\"Caliber Europe B.V.\" \/>\n<meta property=\"article:modified_time\" content=\"2026-03-04T08:06:31+00:00\" \/>\n<meta property=\"og:image\" content=\"https:\/\/b2b.calibereurope.com\/wp-content\/uploads\/2021\/09\/8a6ffb3f55f106aca1843a1701f20fe02af6a9ed_MPD278T_set_web.jpg\" \/>\n\t<meta property=\"og:image:width\" content=\"1180\" \/>\n\t<meta property=\"og:image:height\" content=\"768\" \/>\n\t<meta property=\"og:image:type\" content=\"image\/jpeg\" \/>\n<meta name=\"twitter:card\" content=\"summary_large_image\" \/>\n<meta name=\"twitter:label1\" content=\"Dur\u00e9e de lecture estim\u00e9e\" \/>\n\t<meta name=\"twitter:data1\" content=\"2 minutes\" \/>\n<script type=\"application\/ld+json\" class=\"yoast-schema-graph\">{\"@context\":\"https:\/\/schema.org\",\"@graph\":[{\"@type\":\"WebPage\",\"@id\":\"https:\/\/b2b.calibereurope.com\/fr\/produit\/mpd278t-fr_fr\/\",\"url\":\"https:\/\/b2b.calibereurope.com\/fr\/produit\/mpd278t-fr_fr\/\",\"name\":\"Lecteur DVD portable pour Voiture - Ensemble de 2 \u00c9crans - 7 Pouces - avec Batterie pour une Dur\u00e9e de Lecture de 1,5 Heure (MPD278T) - Caliber Europe B.V.\",\"isPartOf\":{\"@id\":\"https:\/\/b2b.calibereurope.com\/#website\"},\"primaryImageOfPage\":{\"@id\":\"https:\/\/b2b.calibereurope.com\/fr\/produit\/mpd278t-fr_fr\/#primaryimage\"},\"image\":{\"@id\":\"https:\/\/b2b.calibereurope.com\/fr\/produit\/mpd278t-fr_fr\/#primaryimage\"},\"thumbnailUrl\":\"https:\/\/b2b.calibereurope.com\/wp-content\/uploads\/2026\/03\/f021dedbc1c6ece57914c2414dd9e9ecba9693d2_MPD278T_set_kids-2.jpg\",\"datePublished\":\"2026-03-04T00:00:00+00:00\",\"dateModified\":\"2026-03-04T08:06:31+00:00\",\"breadcrumb\":{\"@id\":\"https:\/\/b2b.calibereurope.com\/fr\/produit\/mpd278t-fr_fr\/#breadcrumb\"},\"inLanguage\":\"fr-FR\",\"potentialAction\":[{\"@type\":\"ReadAction\",\"target\":[\"https:\/\/b2b.calibereurope.com\/fr\/produit\/mpd278t-fr_fr\/\"]}]},{\"@type\":\"ImageObject\",\"inLanguage\":\"fr-FR\",\"@id\":\"https:\/\/b2b.calibereurope.com\/fr\/produit\/mpd278t-fr_fr\/#primaryimage\",\"url\":\"https:\/\/b2b.calibereurope.com\/wp-content\/uploads\/2026\/03\/f021dedbc1c6ece57914c2414dd9e9ecba9693d2_MPD278T_set_kids-2.jpg\",\"contentUrl\":\"https:\/\/b2b.calibereurope.com\/wp-content\/uploads\/2026\/03\/f021dedbc1c6ece57914c2414dd9e9ecba9693d2_MPD278T_set_kids-2.jpg\",\"width\":1024,\"height\":666},{\"@type\":\"BreadcrumbList\",\"@id\":\"https:\/\/b2b.calibereurope.com\/fr\/produit\/mpd278t-fr_fr\/#breadcrumb\",\"itemListElement\":[{\"@type\":\"ListItem\",\"position\":1,\"name\":\"Home\",\"item\":\"https:\/\/b2b.calibereurope.com\/fr\/home\/\"},{\"@type\":\"ListItem\",\"position\":2,\"name\":\"Boutique\",\"item\":\"https:\/\/b2b.calibereurope.com\/fr\/boutique\/\"},{\"@type\":\"ListItem\",\"position\":3,\"name\":\"Lecteur DVD portable de 2 \u00e0 7 pouces &#8211; noir (MPD278T)\"}]},{\"@type\":\"WebSite\",\"@id\":\"https:\/\/b2b.calibereurope.com\/#website\",\"url\":\"https:\/\/b2b.calibereurope.com\/\",\"name\":\"Caliber Europe B.V.\",\"description\":\"B2B Webshop\",\"publisher\":{\"@id\":\"https:\/\/b2b.calibereurope.com\/#organization\"},\"potentialAction\":[{\"@type\":\"SearchAction\",\"target\":{\"@type\":\"EntryPoint\",\"urlTemplate\":\"https:\/\/b2b.calibereurope.com\/?s={search_term_string}\"},\"query-input\":{\"@type\":\"PropertyValueSpecification\",\"valueRequired\":true,\"valueName\":\"search_term_string\"}}],\"inLanguage\":\"fr-FR\"},{\"@type\":\"Organization\",\"@id\":\"https:\/\/b2b.calibereurope.com\/#organization\",\"name\":\"Caliber Europe B.V.\",\"url\":\"https:\/\/b2b.calibereurope.com\/\",\"logo\":{\"@type\":\"ImageObject\",\"inLanguage\":\"fr-FR\",\"@id\":\"https:\/\/b2b.calibereurope.com\/#\/schema\/logo\/image\/\",\"url\":\"https:\/\/b2b.calibereurope.com\/wp-content\/uploads\/2020\/12\/Caliber_Logo-Black.png\",\"contentUrl\":\"https:\/\/b2b.calibereurope.com\/wp-content\/uploads\/2020\/12\/Caliber_Logo-Black.png\",\"width\":3157,\"height\":356,\"caption\":\"Caliber Europe B.V.\"},\"image\":{\"@id\":\"https:\/\/b2b.calibereurope.com\/#\/schema\/logo\/image\/\"}}]}<\/script>\n<!-- \/ Yoast SEO plugin. -->","yoast_head_json":{"title":"Lecteur DVD portable pour Voiture - Ensemble de 2 \u00c9crans - 7 Pouces - avec Batterie pour une Dur\u00e9e de Lecture de 1,5 Heure (MPD278T) - Caliber Europe B.V.","robots":{"index":"noindex","follow":"follow","max-snippet":"max-snippet:-1","max-image-preview":"max-image-preview:large","max-video-preview":"max-video-preview:-1"},"og_locale":"fr_FR","og_type":"article","og_title":"Lecteur DVD portable pour Voiture - Ensemble de 2 \u00c9crans - 7 Pouces - avec Batterie pour une Dur\u00e9e de Lecture de 1,5 Heure (MPD278T) - Caliber Europe B.V.","og_description":"2 lecteurs DVD portablesPeuvent \u00eatre utilis\u00e9s ensemble ou s\u00e9par\u00e9ment\u00c9cran de 7 poucesBatterie incluse pour 1,5 heure de lectureConnexion voiture 12V\/24VR\u00e9solution 800 x 480USB et SD jusqu'\u00e0 32 GoCD\/DVD\/VCD\/MP3\/MPEG4\/DivX et JPEGHaut-parleurs int\u00e9gr\u00e9sEntr\u00e9es et sorties AVPrise casque 3,5 mm","og_url":"https:\/\/b2b.calibereurope.com\/fr\/produit\/mpd278t-fr_fr\/","og_site_name":"Caliber Europe B.V.","article_modified_time":"2026-03-04T08:06:31+00:00","og_image":[{"width":1180,"height":768,"url":"https:\/\/b2b.calibereurope.com\/wp-content\/uploads\/2021\/09\/8a6ffb3f55f106aca1843a1701f20fe02af6a9ed_MPD278T_set_web.jpg","type":"image\/jpeg"}],"twitter_card":"summary_large_image","twitter_misc":{"Dur\u00e9e de lecture estim\u00e9e":"2 minutes"},"schema":{"@context":"https:\/\/schema.org","@graph":[{"@type":"WebPage","@id":"https:\/\/b2b.calibereurope.com\/fr\/produit\/mpd278t-fr_fr\/","url":"https:\/\/b2b.calibereurope.com\/fr\/produit\/mpd278t-fr_fr\/","name":"Lecteur DVD portable pour Voiture - Ensemble de 2 \u00c9crans - 7 Pouces - avec Batterie pour une Dur\u00e9e de Lecture de 1,5 Heure (MPD278T) - Caliber Europe B.V.","isPartOf":{"@id":"https:\/\/b2b.calibereurope.com\/#website"},"primaryImageOfPage":{"@id":"https:\/\/b2b.calibereurope.com\/fr\/produit\/mpd278t-fr_fr\/#primaryimage"},"image":{"@id":"https:\/\/b2b.calibereurope.com\/fr\/produit\/mpd278t-fr_fr\/#primaryimage"},"thumbnailUrl":"https:\/\/b2b.calibereurope.com\/wp-content\/uploads\/2026\/03\/f021dedbc1c6ece57914c2414dd9e9ecba9693d2_MPD278T_set_kids-2.jpg","datePublished":"2026-03-04T00:00:00+00:00","dateModified":"2026-03-04T08:06:31+00:00","breadcrumb":{"@id":"https:\/\/b2b.calibereurope.com\/fr\/produit\/mpd278t-fr_fr\/#breadcrumb"},"inLanguage":"fr-FR","potentialAction":[{"@type":"ReadAction","target":["https:\/\/b2b.calibereurope.com\/fr\/produit\/mpd278t-fr_fr\/"]}]},{"@type":"ImageObject","inLanguage":"fr-FR","@id":"https:\/\/b2b.calibereurope.com\/fr\/produit\/mpd278t-fr_fr\/#primaryimage","url":"https:\/\/b2b.calibereurope.com\/wp-content\/uploads\/2026\/03\/f021dedbc1c6ece57914c2414dd9e9ecba9693d2_MPD278T_set_kids-2.jpg","contentUrl":"https:\/\/b2b.calibereurope.com\/wp-content\/uploads\/2026\/03\/f021dedbc1c6ece57914c2414dd9e9ecba9693d2_MPD278T_set_kids-2.jpg","width":1024,"height":666},{"@type":"BreadcrumbList","@id":"https:\/\/b2b.calibereurope.com\/fr\/produit\/mpd278t-fr_fr\/#breadcrumb","itemListElement":[{"@type":"ListItem","position":1,"name":"Home","item":"https:\/\/b2b.calibereurope.com\/fr\/home\/"},{"@type":"ListItem","position":2,"name":"Boutique","item":"https:\/\/b2b.calibereurope.com\/fr\/boutique\/"},{"@type":"ListItem","position":3,"name":"Lecteur DVD portable de 2 \u00e0 7 pouces &#8211; noir (MPD278T)"}]},{"@type":"WebSite","@id":"https:\/\/b2b.calibereurope.com\/#website","url":"https:\/\/b2b.calibereurope.com\/","name":"Caliber Europe B.V.","description":"B2B Webshop","publisher":{"@id":"https:\/\/b2b.calibereurope.com\/#organization"},"potentialAction":[{"@type":"SearchAction","target":{"@type":"EntryPoint","urlTemplate":"https:\/\/b2b.calibereurope.com\/?s={search_term_string}"},"query-input":{"@type":"PropertyValueSpecification","valueRequired":true,"valueName":"search_term_string"}}],"inLanguage":"fr-FR"},{"@type":"Organization","@id":"https:\/\/b2b.calibereurope.com\/#organization","name":"Caliber Europe B.V.","url":"https:\/\/b2b.calibereurope.com\/","logo":{"@type":"ImageObject","inLanguage":"fr-FR","@id":"https:\/\/b2b.calibereurope.com\/#\/schema\/logo\/image\/","url":"https:\/\/b2b.calibereurope.com\/wp-content\/uploads\/2020\/12\/Caliber_Logo-Black.png","contentUrl":"https:\/\/b2b.calibereurope.com\/wp-content\/uploads\/2020\/12\/Caliber_Logo-Black.png","width":3157,"height":356,"caption":"Caliber Europe B.V."},"image":{"@id":"https:\/\/b2b.calibereurope.com\/#\/schema\/logo\/image\/"}}]}},"_links":{"self":[{"href":"https:\/\/b2b.calibereurope.com\/fr\/wp-json\/wp\/v2\/product\/483024","targetHints":{"allow":["GET"]}}],"collection":[{"href":"https:\/\/b2b.calibereurope.com\/fr\/wp-json\/wp\/v2\/product"}],"about":[{"href":"https:\/\/b2b.calibereurope.com\/fr\/wp-json\/wp\/v2\/types\/product"}],"version-history":[{"count":0,"href":"https:\/\/b2b.calibereurope.com\/fr\/wp-json\/wp\/v2\/product\/483024\/revisions"}],"wp:featuredmedia":[{"embeddable":true,"href":"https:\/\/b2b.calibereurope.com\/fr\/wp-json\/wp\/v2\/media\/871483"}],"wp:attachment":[{"href":"https:\/\/b2b.calibereurope.com\/fr\/wp-json\/wp\/v2\/media?parent=483024"}],"wp:term":[{"taxonomy":"product_brand","embeddable":true,"href":"https:\/\/b2b.calibereurope.com\/fr\/wp-json\/wp\/v2\/product_brand?post=483024"},{"taxonomy":"product_cat","embeddable":true,"href":"https:\/\/b2b.calibereurope.com\/fr\/wp-json\/wp\/v2\/product_cat?post=483024"},{"taxonomy":"product_tag","embeddable":true,"href":"https:\/\/b2b.calibereurope.com\/fr\/wp-json\/wp\/v2\/product_tag?post=483024"}],"curies":[{"name":"wp","href":"https:\/\/api.w.org\/{rel}","templated":true}]}}