{"id":483092,"date":"2024-02-05T01:00:00","date_gmt":"2024-02-05T00:00:00","guid":{"rendered":""},"modified":"2024-02-05T09:31:10","modified_gmt":"2024-02-05T08:31:10","slug":"MPD2010T-fr_FR","status":"publish","type":"product","link":"https:\/\/b2b.calibereurope.com\/fr\/produit\/MPD2010T-fr_FR\/","title":{"rendered":"Ensemble de lecteur DVD Portable pour Voiture avec 2 \u00c9crans &#8211; \u00c9cran de 10 Pouces &#8211; USB &#8211; Connexion pour Casque (MPD2010T)"},"content":{"rendered":"<p> Les longs trajets en voiture deviennent une f\u00eate avec ce lecteur DVD portable pour voiture Caliber. Gr\u00e2ce aux,<strong> deux lecteurs DVD <\/strong> dot\u00e9s de grands <strong> \u00e9crans de 10 pouces <\/strong> toute la banquette arri\u00e8re peut profiter de divers films et s\u00e9ries. Vous pouvez<strong> jumeler les \u00e9crans <\/strong>,<strong> <\/strong> mais ils peuvent aussi <strong> \u00eatre utilis\u00e9s s\u00e9par\u00e9ment <\/strong> si vous voulez chacun regarder vos propres vid\u00e9os. Profitez-en ensemble avec les<strong> haut-parleurs int\u00e9gr\u00e9s,<\/strong> ou plongez dans votre propre univers en <strong> connectant un casque <\/strong>. Le lecteur DVD est facile \u00e0 fixer \u00e0 un appuie-t\u00eate gr\u00e2ce au <strong> syst\u00e8me de montage inclus.<\/strong> <\/p>\n<p> <strong> Caract\u00e9ristiques :<\/strong> <\/p>\n<ul>\n<li>2 lecteurs DVD avec \u00e9cran de 10 pouces\n<li> Fonctionnent ensemble et s\u00e9par\u00e9ment\n<li> Avec batterie pour 2 heures d&#39;utilisation sans fil\n<li> Haut-parleurs int\u00e9gr\u00e9s\n<li> Prise casque de 3,5 mm\n<li> R\u00e9solution : 1024 x 600\n<li> Comprend un syst\u00e8me de montage pour l&#39;appui-t\u00eate\n<li> Entr\u00e9es et sorties AV\n<li> Comprend un chargeur de voiture 12V\/24V\n<li> Alimentation PS32 disponible en 230V <\/li>\n<\/ul>\n<h3> Lisez des vid\u00e9os vari\u00e9es sur ce lecteur DVD<\/h3>\n<p> Sur cet \u00e9cran DVD pour voiture, vous pouvez regarder des films sans fin. Le lecteur DVD peut lire diff\u00e9rents fichiers tels que CD, DVD, MP3 et MPEG4. En outre, vous pouvez \u00e9galement lire des vid\u00e9os via une cl\u00e9 USB ou une carte SD. Des photos du pass\u00e9, un DVD amusant ou une vid\u00e9o maison : regardez tout cela en d\u00e9placement avec ce lecteur DVD portable. <\/p>\n<h3> Regardez ce lecteur DVD comme vous voulez <\/h3>\n<p> Les deux \u00e9crans du lecteur DVD peuvent \u00eatre reli\u00e9s, ce qui vous permet de regarder la m\u00eame chose de mani\u00e8re synchronis\u00e9e sur les deux \u00e9crans. Les puissants haut-parleurs permettent d&#39;entendre le son sur toute la banquette arri\u00e8re. Vous pr\u00e9f\u00e9rez regarder \u00e0 deux votre propre film ? Cela aussi fait partie des options. Vous pouvez simplement utiliser les lecteurs DVD portables de la voiture comme deux \u00e9crans distincts. Les deux \u00e9crans peuvent lire leur propre vid\u00e9o. Connectez les \u00e9couteurs fournis via la prise casque de 3,5 mm et vous ne serez pas g\u00ean\u00e9s par le son de l&#39;autre. Vous \u00eates compl\u00e8tement absorb\u00e9 par votre film, mais il y a une pause en cours de route ? Vous pouvez continuer \u00e0 regarder ! Gr\u00e2ce \u00e0 la batterie int\u00e9gr\u00e9e, le lecteur DVD peut rester allum\u00e9 jusqu&#39;\u00e0 2 heures lorsque l&#39;alimentation de la voiture est coup\u00e9e. Le lecteur DVD portable est \u00e9galement livr\u00e9 avec une alimentation PS32, ce qui vous permet de l&#39;utiliser \u00e9galement \u00e0 l&#39;int\u00e9rieur. C&#39;est id\u00e9al pour une nuit pluvieuse au chalet ou pour une soir\u00e9e pyjama dans la chambre. <\/p>\n<h3> Lecteur DVD facile \u00e0 monter dans la voiture <\/h3>\n<p> Gr\u00e2ce au syst\u00e8me de montage pratique, vous pouvez facilement accrocher le lecteur DVD aux appuie-t\u00eates de la voiture. Ainsi, les enfants n&#39;ont pas \u00e0 tenir les 2 joueurs sur leurs genoux, mais les \u00e9crans sont suspendus en toute s\u00e9curit\u00e9 \u00e0 une hauteur agr\u00e9able. Le support DVD en option permet de monter encore plus facilement le lecteur DVD dans la voiture. <\/p>\n<p> <strong><br \/>Inclus :<\/strong> <\/p>\n<ul>\n<li> Lecteur DVD portable Caliber\n<li> Syst\u00e8me de fixation sur l&#39;appuie-t\u00eate\n<li> C\u00e2bles de connexion\n<li>\u00c9couteurs\n<li> Sangles d&#39;appui-t\u00eate\n<li> Prise allume-cigare 12\/24V\n<li>2 t\u00e9l\u00e9commandes<\/li>\n<\/ul>\n","protected":false},"excerpt":{"rendered":"<p>Les longs trajets en voiture deviennent une f\u00eate avec ce lecteur DVD portable pour voiture Caliber. Gr\u00e2ce aux, deux lecteurs DVD dot\u00e9s de grands \u00e9crans de 10 pouces toute la banquette arri\u00e8re peut profiter de divers films et s\u00e9ries. Vous pouvez jumeler les \u00e9crans , mais ils peuvent aussi \u00eatre utilis\u00e9s s\u00e9par\u00e9ment si vous voulez [&hellip;]<\/p>\n","protected":false},"featured_media":841831,"template":"","meta":{"_acf_changed":false,"site-sidebar-layout":"default","site-content-layout":"","ast-site-content-layout":"default","site-content-style":"default","site-sidebar-style":"default","ast-global-header-display":"","ast-banner-title-visibility":"","ast-main-header-display":"","ast-hfb-above-header-display":"","ast-hfb-below-header-display":"","ast-hfb-mobile-header-display":"","site-post-title":"","ast-breadcrumbs-content":"","ast-featured-img":"","footer-sml-layout":"","theme-transparent-header-meta":"","adv-header-id-meta":"","stick-header-meta":"","header-above-stick-meta":"","header-main-stick-meta":"","header-below-stick-meta":"","astra-migrate-meta-layouts":"default","ast-page-background-enabled":"default","ast-page-background-meta":{"desktop":{"background-color":"","background-image":"","background-repeat":"repeat","background-position":"center center","background-size":"auto","background-attachment":"scroll","background-type":"","background-media":"","overlay-type":"","overlay-color":"","overlay-opacity":"","overlay-gradient":""},"tablet":{"background-color":"","background-image":"","background-repeat":"repeat","background-position":"center center","background-size":"auto","background-attachment":"scroll","background-type":"","background-media":"","overlay-type":"","overlay-color":"","overlay-opacity":"","overlay-gradient":""},"mobile":{"background-color":"","background-image":"","background-repeat":"repeat","background-position":"center center","background-size":"auto","background-attachment":"scroll","background-type":"","background-media":"","overlay-type":"","overlay-color":"","overlay-opacity":"","overlay-gradient":""}},"ast-content-background-meta":{"desktop":{"background-color":"var(--ast-global-color-5)","background-image":"","background-repeat":"repeat","background-position":"center center","background-size":"auto","background-attachment":"scroll","background-type":"","background-media":"","overlay-type":"","overlay-color":"","overlay-opacity":"","overlay-gradient":""},"tablet":{"background-color":"var(--ast-global-color-5)","background-image":"","background-repeat":"repeat","background-position":"center center","background-size":"auto","background-attachment":"scroll","background-type":"","background-media":"","overlay-type":"","overlay-color":"","overlay-opacity":"","overlay-gradient":""},"mobile":{"background-color":"var(--ast-global-color-5)","background-image":"","background-repeat":"repeat","background-position":"center center","background-size":"auto","background-attachment":"scroll","background-type":"","background-media":"","overlay-type":"","overlay-color":"","overlay-opacity":"","overlay-gradient":""}}},"product_brand":[],"product_cat":[22955],"product_tag":[],"class_list":{"0":"post-483092","1":"product","2":"type-product","3":"status-publish","4":"has-post-thumbnail","6":"product_cat-pas-de-categorie","7":"desktop-align-center","8":"tablet-align-center","9":"mobile-align-center","10":"ast-product-gallery-layout-horizontal","11":"ast-product-tabs-layout-horizontal","13":"first","14":"outofstock","15":"taxable","16":"shipping-taxable","17":"purchasable","18":"product-type-simple"},"acf":[],"yoast_head":"<!-- This site is optimized with the Yoast SEO plugin v26.5 - https:\/\/yoast.com\/wordpress\/plugins\/seo\/ -->\n<title>Ensemble de lecteur DVD Portable pour Voiture avec 2 \u00c9crans - \u00c9cran de 10 Pouces - USB - Connexion pour Casque (MPD2010T) - Caliber Europe B.V.<\/title>\n<meta name=\"robots\" content=\"noindex, follow, max-snippet:-1, max-image-preview:large, max-video-preview:-1\" \/>\n<meta property=\"og:locale\" content=\"fr_FR\" \/>\n<meta property=\"og:type\" content=\"article\" \/>\n<meta property=\"og:title\" content=\"Ensemble de lecteur DVD Portable pour Voiture avec 2 \u00c9crans - \u00c9cran de 10 Pouces - USB - Connexion pour Casque (MPD2010T) - Caliber Europe B.V.\" \/>\n<meta property=\"og:description\" content=\"Les longs trajets en voiture deviennent une f\u00eate avec ce lecteur DVD portable pour voiture Caliber. Gr\u00e2ce aux, deux lecteurs DVD dot\u00e9s de grands \u00e9crans de 10 pouces toute la banquette arri\u00e8re peut profiter de divers films et s\u00e9ries. Vous pouvez jumeler les \u00e9crans , mais ils peuvent aussi \u00eatre utilis\u00e9s s\u00e9par\u00e9ment si vous voulez [&hellip;]\" \/>\n<meta property=\"og:url\" content=\"https:\/\/b2b.calibereurope.com\/fr\/produit\/mpd2010t-fr_fr\/\" \/>\n<meta property=\"og:site_name\" content=\"Caliber Europe B.V.\" \/>\n<meta property=\"article:modified_time\" content=\"2024-02-05T08:31:10+00:00\" \/>\n<meta property=\"og:image\" content=\"https:\/\/b2b.calibereurope.com\/wp-content\/uploads\/2021\/09\/f116d9e910f8c60488be312ce6b49733a055d7ff_MPD2010T_set_web.jpg\" \/>\n\t<meta property=\"og:image:width\" content=\"1416\" \/>\n\t<meta property=\"og:image:height\" content=\"768\" \/>\n\t<meta property=\"og:image:type\" content=\"image\/jpeg\" \/>\n<meta name=\"twitter:card\" content=\"summary_large_image\" \/>\n<meta name=\"twitter:label1\" content=\"Dur\u00e9e de lecture estim\u00e9e\" \/>\n\t<meta name=\"twitter:data1\" content=\"3 minutes\" \/>\n<script type=\"application\/ld+json\" class=\"yoast-schema-graph\">{\"@context\":\"https:\/\/schema.org\",\"@graph\":[{\"@type\":\"WebPage\",\"@id\":\"https:\/\/b2b.calibereurope.com\/fr\/produit\/mpd2010t-fr_fr\/\",\"url\":\"https:\/\/b2b.calibereurope.com\/fr\/produit\/mpd2010t-fr_fr\/\",\"name\":\"Ensemble de lecteur DVD Portable pour Voiture avec 2 \u00c9crans - \u00c9cran de 10 Pouces - USB - Connexion pour Casque (MPD2010T) - Caliber Europe B.V.\",\"isPartOf\":{\"@id\":\"https:\/\/b2b.calibereurope.com\/#website\"},\"primaryImageOfPage\":{\"@id\":\"https:\/\/b2b.calibereurope.com\/fr\/produit\/mpd2010t-fr_fr\/#primaryimage\"},\"image\":{\"@id\":\"https:\/\/b2b.calibereurope.com\/fr\/produit\/mpd2010t-fr_fr\/#primaryimage\"},\"thumbnailUrl\":\"https:\/\/b2b.calibereurope.com\/wp-content\/uploads\/2024\/02\/749bee5846f65eda6eb5dc87de1a2318fcf7107c_MPD2010T_kids.jpg\",\"datePublished\":\"2024-02-05T00:00:00+00:00\",\"dateModified\":\"2024-02-05T08:31:10+00:00\",\"breadcrumb\":{\"@id\":\"https:\/\/b2b.calibereurope.com\/fr\/produit\/mpd2010t-fr_fr\/#breadcrumb\"},\"inLanguage\":\"fr-FR\",\"potentialAction\":[{\"@type\":\"ReadAction\",\"target\":[\"https:\/\/b2b.calibereurope.com\/fr\/produit\/mpd2010t-fr_fr\/\"]}]},{\"@type\":\"ImageObject\",\"inLanguage\":\"fr-FR\",\"@id\":\"https:\/\/b2b.calibereurope.com\/fr\/produit\/mpd2010t-fr_fr\/#primaryimage\",\"url\":\"https:\/\/b2b.calibereurope.com\/wp-content\/uploads\/2024\/02\/749bee5846f65eda6eb5dc87de1a2318fcf7107c_MPD2010T_kids.jpg\",\"contentUrl\":\"https:\/\/b2b.calibereurope.com\/wp-content\/uploads\/2024\/02\/749bee5846f65eda6eb5dc87de1a2318fcf7107c_MPD2010T_kids.jpg\",\"width\":1024,\"height\":768},{\"@type\":\"BreadcrumbList\",\"@id\":\"https:\/\/b2b.calibereurope.com\/fr\/produit\/mpd2010t-fr_fr\/#breadcrumb\",\"itemListElement\":[{\"@type\":\"ListItem\",\"position\":1,\"name\":\"Home\",\"item\":\"https:\/\/b2b.calibereurope.com\/fr\/home\/\"},{\"@type\":\"ListItem\",\"position\":2,\"name\":\"Boutique\",\"item\":\"https:\/\/b2b.calibereurope.com\/fr\/boutique\/\"},{\"@type\":\"ListItem\",\"position\":3,\"name\":\"Lecteur DVD portable de 2 \u00e0 10 pouces &#8211; noir (MPD2010T)\"}]},{\"@type\":\"WebSite\",\"@id\":\"https:\/\/b2b.calibereurope.com\/#website\",\"url\":\"https:\/\/b2b.calibereurope.com\/\",\"name\":\"Caliber Europe B.V.\",\"description\":\"B2B Webshop\",\"publisher\":{\"@id\":\"https:\/\/b2b.calibereurope.com\/#organization\"},\"potentialAction\":[{\"@type\":\"SearchAction\",\"target\":{\"@type\":\"EntryPoint\",\"urlTemplate\":\"https:\/\/b2b.calibereurope.com\/?s={search_term_string}\"},\"query-input\":{\"@type\":\"PropertyValueSpecification\",\"valueRequired\":true,\"valueName\":\"search_term_string\"}}],\"inLanguage\":\"fr-FR\"},{\"@type\":\"Organization\",\"@id\":\"https:\/\/b2b.calibereurope.com\/#organization\",\"name\":\"Caliber Europe B.V.\",\"url\":\"https:\/\/b2b.calibereurope.com\/\",\"logo\":{\"@type\":\"ImageObject\",\"inLanguage\":\"fr-FR\",\"@id\":\"https:\/\/b2b.calibereurope.com\/#\/schema\/logo\/image\/\",\"url\":\"https:\/\/b2b.calibereurope.com\/wp-content\/uploads\/2020\/12\/Caliber_Logo-Black.png\",\"contentUrl\":\"https:\/\/b2b.calibereurope.com\/wp-content\/uploads\/2020\/12\/Caliber_Logo-Black.png\",\"width\":3157,\"height\":356,\"caption\":\"Caliber Europe B.V.\"},\"image\":{\"@id\":\"https:\/\/b2b.calibereurope.com\/#\/schema\/logo\/image\/\"}}]}<\/script>\n<!-- \/ Yoast SEO plugin. -->","yoast_head_json":{"title":"Ensemble de lecteur DVD Portable pour Voiture avec 2 \u00c9crans - \u00c9cran de 10 Pouces - USB - Connexion pour Casque (MPD2010T) - Caliber Europe B.V.","robots":{"index":"noindex","follow":"follow","max-snippet":"max-snippet:-1","max-image-preview":"max-image-preview:large","max-video-preview":"max-video-preview:-1"},"og_locale":"fr_FR","og_type":"article","og_title":"Ensemble de lecteur DVD Portable pour Voiture avec 2 \u00c9crans - \u00c9cran de 10 Pouces - USB - Connexion pour Casque (MPD2010T) - Caliber Europe B.V.","og_description":"Les longs trajets en voiture deviennent une f\u00eate avec ce lecteur DVD portable pour voiture Caliber. Gr\u00e2ce aux, deux lecteurs DVD dot\u00e9s de grands \u00e9crans de 10 pouces toute la banquette arri\u00e8re peut profiter de divers films et s\u00e9ries. Vous pouvez jumeler les \u00e9crans , mais ils peuvent aussi \u00eatre utilis\u00e9s s\u00e9par\u00e9ment si vous voulez [&hellip;]","og_url":"https:\/\/b2b.calibereurope.com\/fr\/produit\/mpd2010t-fr_fr\/","og_site_name":"Caliber Europe B.V.","article_modified_time":"2024-02-05T08:31:10+00:00","og_image":[{"width":1416,"height":768,"url":"https:\/\/b2b.calibereurope.com\/wp-content\/uploads\/2021\/09\/f116d9e910f8c60488be312ce6b49733a055d7ff_MPD2010T_set_web.jpg","type":"image\/jpeg"}],"twitter_card":"summary_large_image","twitter_misc":{"Dur\u00e9e de lecture estim\u00e9e":"3 minutes"},"schema":{"@context":"https:\/\/schema.org","@graph":[{"@type":"WebPage","@id":"https:\/\/b2b.calibereurope.com\/fr\/produit\/mpd2010t-fr_fr\/","url":"https:\/\/b2b.calibereurope.com\/fr\/produit\/mpd2010t-fr_fr\/","name":"Ensemble de lecteur DVD Portable pour Voiture avec 2 \u00c9crans - \u00c9cran de 10 Pouces - USB - Connexion pour Casque (MPD2010T) - Caliber Europe B.V.","isPartOf":{"@id":"https:\/\/b2b.calibereurope.com\/#website"},"primaryImageOfPage":{"@id":"https:\/\/b2b.calibereurope.com\/fr\/produit\/mpd2010t-fr_fr\/#primaryimage"},"image":{"@id":"https:\/\/b2b.calibereurope.com\/fr\/produit\/mpd2010t-fr_fr\/#primaryimage"},"thumbnailUrl":"https:\/\/b2b.calibereurope.com\/wp-content\/uploads\/2024\/02\/749bee5846f65eda6eb5dc87de1a2318fcf7107c_MPD2010T_kids.jpg","datePublished":"2024-02-05T00:00:00+00:00","dateModified":"2024-02-05T08:31:10+00:00","breadcrumb":{"@id":"https:\/\/b2b.calibereurope.com\/fr\/produit\/mpd2010t-fr_fr\/#breadcrumb"},"inLanguage":"fr-FR","potentialAction":[{"@type":"ReadAction","target":["https:\/\/b2b.calibereurope.com\/fr\/produit\/mpd2010t-fr_fr\/"]}]},{"@type":"ImageObject","inLanguage":"fr-FR","@id":"https:\/\/b2b.calibereurope.com\/fr\/produit\/mpd2010t-fr_fr\/#primaryimage","url":"https:\/\/b2b.calibereurope.com\/wp-content\/uploads\/2024\/02\/749bee5846f65eda6eb5dc87de1a2318fcf7107c_MPD2010T_kids.jpg","contentUrl":"https:\/\/b2b.calibereurope.com\/wp-content\/uploads\/2024\/02\/749bee5846f65eda6eb5dc87de1a2318fcf7107c_MPD2010T_kids.jpg","width":1024,"height":768},{"@type":"BreadcrumbList","@id":"https:\/\/b2b.calibereurope.com\/fr\/produit\/mpd2010t-fr_fr\/#breadcrumb","itemListElement":[{"@type":"ListItem","position":1,"name":"Home","item":"https:\/\/b2b.calibereurope.com\/fr\/home\/"},{"@type":"ListItem","position":2,"name":"Boutique","item":"https:\/\/b2b.calibereurope.com\/fr\/boutique\/"},{"@type":"ListItem","position":3,"name":"Lecteur DVD portable de 2 \u00e0 10 pouces &#8211; noir (MPD2010T)"}]},{"@type":"WebSite","@id":"https:\/\/b2b.calibereurope.com\/#website","url":"https:\/\/b2b.calibereurope.com\/","name":"Caliber Europe B.V.","description":"B2B Webshop","publisher":{"@id":"https:\/\/b2b.calibereurope.com\/#organization"},"potentialAction":[{"@type":"SearchAction","target":{"@type":"EntryPoint","urlTemplate":"https:\/\/b2b.calibereurope.com\/?s={search_term_string}"},"query-input":{"@type":"PropertyValueSpecification","valueRequired":true,"valueName":"search_term_string"}}],"inLanguage":"fr-FR"},{"@type":"Organization","@id":"https:\/\/b2b.calibereurope.com\/#organization","name":"Caliber Europe B.V.","url":"https:\/\/b2b.calibereurope.com\/","logo":{"@type":"ImageObject","inLanguage":"fr-FR","@id":"https:\/\/b2b.calibereurope.com\/#\/schema\/logo\/image\/","url":"https:\/\/b2b.calibereurope.com\/wp-content\/uploads\/2020\/12\/Caliber_Logo-Black.png","contentUrl":"https:\/\/b2b.calibereurope.com\/wp-content\/uploads\/2020\/12\/Caliber_Logo-Black.png","width":3157,"height":356,"caption":"Caliber Europe B.V."},"image":{"@id":"https:\/\/b2b.calibereurope.com\/#\/schema\/logo\/image\/"}}]}},"_links":{"self":[{"href":"https:\/\/b2b.calibereurope.com\/fr\/wp-json\/wp\/v2\/product\/483092","targetHints":{"allow":["GET"]}}],"collection":[{"href":"https:\/\/b2b.calibereurope.com\/fr\/wp-json\/wp\/v2\/product"}],"about":[{"href":"https:\/\/b2b.calibereurope.com\/fr\/wp-json\/wp\/v2\/types\/product"}],"version-history":[{"count":0,"href":"https:\/\/b2b.calibereurope.com\/fr\/wp-json\/wp\/v2\/product\/483092\/revisions"}],"wp:featuredmedia":[{"embeddable":true,"href":"https:\/\/b2b.calibereurope.com\/fr\/wp-json\/wp\/v2\/media\/841831"}],"wp:attachment":[{"href":"https:\/\/b2b.calibereurope.com\/fr\/wp-json\/wp\/v2\/media?parent=483092"}],"wp:term":[{"taxonomy":"product_brand","embeddable":true,"href":"https:\/\/b2b.calibereurope.com\/fr\/wp-json\/wp\/v2\/product_brand?post=483092"},{"taxonomy":"product_cat","embeddable":true,"href":"https:\/\/b2b.calibereurope.com\/fr\/wp-json\/wp\/v2\/product_cat?post=483092"},{"taxonomy":"product_tag","embeddable":true,"href":"https:\/\/b2b.calibereurope.com\/fr\/wp-json\/wp\/v2\/product_tag?post=483092"}],"curies":[{"name":"wp","href":"https:\/\/api.w.org\/{rel}","templated":true}]}}