{"id":483440,"date":"2026-03-04T01:00:00","date_gmt":"2026-03-04T00:00:00","guid":{"rendered":"0"},"modified":"2026-03-04T09:06:46","modified_gmt":"2026-03-04T08:06:46","slug":"MPD298-fr_FR","status":"publish","type":"product","link":"https:\/\/b2b.calibereurope.com\/fr\/produit\/MPD298-fr_FR\/","title":{"rendered":"Lecteur DVD Portable pour Voiture &#8211; Ensemble de 2 Lecteurs &#8211; \u00c9cran de 9 pouces &#8211; Avec Batterie pour une Autonomie de 1,5 heure (MPD298)"},"content":{"rendered":"<p>Lecteur DVD Portable pour Voiture &#8211; Ensemble de 2 Lecteurs &#8211; \u00c9cran de 9 pouces &#8211; Avec Batterie pour une Autonomie de 1,5 heure (MPD298)<\/p>\n<p> Laissez vos enfants profiter de leurs films et s\u00e9ries pr\u00e9f\u00e9r\u00e9s pendant les longs trajets en voiture gr\u00e2ce au lecteur DVD portable pour voiture Caliber MPD298. Cet ensemble de <strong>deux lecteurs <\/strong> est facile <strong> \u00e0 fixer aux appui-t\u00eate <\/strong> de la voiture. Sur l\u2019 <strong>\u00e9cran 9 pouces<\/strong> ils peuvent regarder des films et des vid\u00e9os dans une qualit\u00e9 optimale. Gr\u00e2ce \u00e0 <strong>la batterie <\/strong> la lecture ne s&#39;arr\u00eate pas lorsque la voiture est arr\u00eat\u00e9e. Vous pouvez donc continuer \u00e0 regarder m\u00eame pendant les pauses sanitaires ou lorsque vous faites le plein. Les <strong>2 \u00e9crans peuvent \u00e9galement \u00eatre connect\u00e9s <\/strong>, de sorte <strong> qu&#39;un seul DVD<\/strong> est n\u00e9cessaire. <\/p>\n<p> <strong>Caract\u00e9ristiques :<\/strong> <\/p>\n<ul>\n<li>2 lecteurs DVD portables<\/li>\n<li>\u00c9cran de 9 pouces<\/li>\n<li>800 x 480 Pixels<\/li>\n<li>Avec batterie pour une autonomie de 1,5 heure<\/li>\n<li>Adaptateur voiture 12V<\/li>\n<li> Avec syst\u00e8me de fixation pour appui-t\u00eate<\/li>\n<li>Possibilit\u00e9 de connecter des \u00e9crans<\/li>\n<li>Convient aussi pour une utilisation \u00e0 la maison<\/li>\n<li>Avec entr\u00e9e USB<\/li>\n<li>Comprend des supports pour appui-t\u00eate<\/li>\n<\/ul>\n<h3>Un lecteur DVD portable : id\u00e9al pour les longs trajets en voiture <\/h3>\n<p> Les longs trajets en voiture peuvent rapidement devenir ennuyeux lorsqu&#39;il n&#39;y a pas de divertissement en chemin. Les enfants qui souffrent du mal des transports ne peuvent souvent pas lire de livres en voiture, mais peuvent regarder des vid\u00e9os. Avec ces lecteurs DVD pour voiture, ils disposent chacun de leur propre \u00e9cran sur lequel ils peuvent regarder leur film pr\u00e9f\u00e9r\u00e9. Ils peuvent choisir chacun leur propre DVD, ou profiter ensemble du m\u00eame film gr\u00e2ce \u00e0 l&#39;option de connectivit\u00e9.   <\/p>\n<h3> Un lecteur DVD portable : fixation facile et rapide <\/h3>\n<p> Les \u00e9crans peuvent \u00eatre fix\u00e9s \u00e0 un appui-t\u00eate en quelques secondes \u00e0 l&#39;aide des supports pour appui-t\u00eate fournis. Vous \u00eates donc pr\u00eat \u00e0 repartir presque imm\u00e9diatement. Vous ne trouvez pas les DVD en cours de route ou ils prennent trop de place ? Vous pouvez \u00e9galement utiliser le port USB pour lire des vid\u00e9os.<\/p>\n<h3> Pour la caravane, le camping-car et la maison <\/h3>\n<p>Le lecteur DVD portable n&#39;est pas seulement pratique pour la voiture, vous pouvez aussi parfaitement l&#39;utiliser dans une caravane ou un camping-car. \u00c0 l&#39;arri\u00e8re, il y a un support pratique qui vous permet de poser simplement le lecteur DVD. Cela en fait l&#39;accessoire id\u00e9al pour toutes les vacances en camping.   <\/p>\n<p><strong><br \/>Inclus :<\/strong> <\/p>\n<ul>\n<li>2 lecteurs DVD portables<\/li>\n<li>C\u00e2bles de connexion<\/li>\n<li>Casques d&#39;\u00e9coute<\/li>\n<li>Supports pour appuie-t\u00eate<\/li>\n<li>Chargeur 12V<\/li>\n<\/ul>\n","protected":false},"excerpt":{"rendered":"<ul>\n<li>2 lecteurs DVD portables<\/li>\n<li>\u00c9cran de 9 pouces<\/li>\n<li>800 x 480 Pixels<\/li>\n<li>Avec batterie pour une autonomie de 1,5 heure<\/li>\n<li>Adaptateur voiture 12V<\/li>\n<li>Avec syst\u00e8me de fixation pour appui-t\u00eate<\/li>\n<li>Possibilit\u00e9 de connecter des \u00e9crans<\/li>\n<li>Convient aussi pour une utilisation \u00e0 la maison<\/li>\n<li>Avec entr\u00e9e USB<\/li>\n<li>Comprend des supports pour appui-t\u00eate<\/li>\n<\/ul>\n","protected":false},"featured_media":871525,"template":"","meta":{"_acf_changed":false,"site-sidebar-layout":"default","site-content-layout":"","ast-site-content-layout":"default","site-content-style":"default","site-sidebar-style":"default","ast-global-header-display":"","ast-banner-title-visibility":"","ast-main-header-display":"","ast-hfb-above-header-display":"","ast-hfb-below-header-display":"","ast-hfb-mobile-header-display":"","site-post-title":"","ast-breadcrumbs-content":"","ast-featured-img":"","footer-sml-layout":"","theme-transparent-header-meta":"","adv-header-id-meta":"","stick-header-meta":"","header-above-stick-meta":"","header-main-stick-meta":"","header-below-stick-meta":"","astra-migrate-meta-layouts":"default","ast-page-background-enabled":"default","ast-page-background-meta":{"desktop":{"background-color":"","background-image":"","background-repeat":"repeat","background-position":"center center","background-size":"auto","background-attachment":"scroll","background-type":"","background-media":"","overlay-type":"","overlay-color":"","overlay-opacity":"","overlay-gradient":""},"tablet":{"background-color":"","background-image":"","background-repeat":"repeat","background-position":"center center","background-size":"auto","background-attachment":"scroll","background-type":"","background-media":"","overlay-type":"","overlay-color":"","overlay-opacity":"","overlay-gradient":""},"mobile":{"background-color":"","background-image":"","background-repeat":"repeat","background-position":"center center","background-size":"auto","background-attachment":"scroll","background-type":"","background-media":"","overlay-type":"","overlay-color":"","overlay-opacity":"","overlay-gradient":""}},"ast-content-background-meta":{"desktop":{"background-color":"var(--ast-global-color-5)","background-image":"","background-repeat":"repeat","background-position":"center center","background-size":"auto","background-attachment":"scroll","background-type":"","background-media":"","overlay-type":"","overlay-color":"","overlay-opacity":"","overlay-gradient":""},"tablet":{"background-color":"var(--ast-global-color-5)","background-image":"","background-repeat":"repeat","background-position":"center center","background-size":"auto","background-attachment":"scroll","background-type":"","background-media":"","overlay-type":"","overlay-color":"","overlay-opacity":"","overlay-gradient":""},"mobile":{"background-color":"var(--ast-global-color-5)","background-image":"","background-repeat":"repeat","background-position":"center center","background-size":"auto","background-attachment":"scroll","background-type":"","background-media":"","overlay-type":"","overlay-color":"","overlay-opacity":"","overlay-gradient":""}}},"product_brand":[],"product_cat":[12186,12182],"product_tag":[],"class_list":{"0":"post-483440","1":"product","2":"type-product","3":"status-publish","4":"has-post-thumbnail","6":"product_cat-dvd_en_dvb_t_fr_fr","7":"product_cat-beeld_fr_fr","8":"desktop-align-center","9":"tablet-align-center","10":"mobile-align-center","11":"ast-product-gallery-layout-horizontal","12":"ast-product-tabs-layout-horizontal","14":"first","15":"instock","16":"taxable","17":"shipping-taxable","18":"purchasable","19":"product-type-simple"},"acf":[],"yoast_head":"<!-- This site is optimized with the Yoast SEO plugin v26.5 - https:\/\/yoast.com\/wordpress\/plugins\/seo\/ -->\n<title>Lecteur DVD Portable pour Voiture - Ensemble de 2 Lecteurs - \u00c9cran de 9 pouces - Avec Batterie pour une Autonomie de 1,5 heure (MPD298) - Caliber Europe B.V.<\/title>\n<meta name=\"robots\" content=\"noindex, follow, max-snippet:-1, max-image-preview:large, max-video-preview:-1\" \/>\n<meta property=\"og:locale\" content=\"fr_FR\" \/>\n<meta property=\"og:type\" content=\"article\" \/>\n<meta property=\"og:title\" content=\"Lecteur DVD Portable pour Voiture - Ensemble de 2 Lecteurs - \u00c9cran de 9 pouces - Avec Batterie pour une Autonomie de 1,5 heure (MPD298) - Caliber Europe B.V.\" \/>\n<meta property=\"og:description\" content=\"2 lecteurs DVD portables\u00c9cran de 9 pouces800 x 480 PixelsAvec batterie pour une autonomie de 1,5 heureAdaptateur voiture 12VAvec syst\u00e8me de fixation pour appui-t\u00eatePossibilit\u00e9 de connecter des \u00e9cransConvient aussi pour une utilisation \u00e0 la maisonAvec entr\u00e9e USBComprend des supports pour appui-t\u00eate\" \/>\n<meta property=\"og:url\" content=\"https:\/\/b2b.calibereurope.com\/fr\/produit\/mpd298-fr_fr\/\" \/>\n<meta property=\"og:site_name\" content=\"Caliber Europe B.V.\" \/>\n<meta property=\"article:modified_time\" content=\"2026-03-04T08:06:46+00:00\" \/>\n<meta property=\"og:image\" content=\"https:\/\/b2b.calibereurope.com\/wp-content\/uploads\/2021\/11\/95bac52bd6aec490766a355f81aecfcd07b1c927_MPD298_compilatiefoto_web.jpg\" \/>\n\t<meta property=\"og:image:width\" content=\"1024\" \/>\n\t<meta property=\"og:image:height\" content=\"768\" \/>\n\t<meta property=\"og:image:type\" content=\"image\/jpeg\" \/>\n<meta name=\"twitter:card\" content=\"summary_large_image\" \/>\n<meta name=\"twitter:label1\" content=\"Dur\u00e9e de lecture estim\u00e9e\" \/>\n\t<meta name=\"twitter:data1\" content=\"2 minutes\" \/>\n<script type=\"application\/ld+json\" class=\"yoast-schema-graph\">{\"@context\":\"https:\/\/schema.org\",\"@graph\":[{\"@type\":\"WebPage\",\"@id\":\"https:\/\/b2b.calibereurope.com\/fr\/produit\/mpd298-fr_fr\/\",\"url\":\"https:\/\/b2b.calibereurope.com\/fr\/produit\/mpd298-fr_fr\/\",\"name\":\"Lecteur DVD Portable pour Voiture - Ensemble de 2 Lecteurs - \u00c9cran de 9 pouces - Avec Batterie pour une Autonomie de 1,5 heure (MPD298) - Caliber Europe B.V.\",\"isPartOf\":{\"@id\":\"https:\/\/b2b.calibereurope.com\/#website\"},\"primaryImageOfPage\":{\"@id\":\"https:\/\/b2b.calibereurope.com\/fr\/produit\/mpd298-fr_fr\/#primaryimage\"},\"image\":{\"@id\":\"https:\/\/b2b.calibereurope.com\/fr\/produit\/mpd298-fr_fr\/#primaryimage\"},\"thumbnailUrl\":\"https:\/\/b2b.calibereurope.com\/wp-content\/uploads\/2026\/03\/eee32c29bf8d60937e718b34abfdbb12d45f783f_MPD298_set_kids.jpg\",\"datePublished\":\"2026-03-04T00:00:00+00:00\",\"dateModified\":\"2026-03-04T08:06:46+00:00\",\"breadcrumb\":{\"@id\":\"https:\/\/b2b.calibereurope.com\/fr\/produit\/mpd298-fr_fr\/#breadcrumb\"},\"inLanguage\":\"fr-FR\",\"potentialAction\":[{\"@type\":\"ReadAction\",\"target\":[\"https:\/\/b2b.calibereurope.com\/fr\/produit\/mpd298-fr_fr\/\"]}]},{\"@type\":\"ImageObject\",\"inLanguage\":\"fr-FR\",\"@id\":\"https:\/\/b2b.calibereurope.com\/fr\/produit\/mpd298-fr_fr\/#primaryimage\",\"url\":\"https:\/\/b2b.calibereurope.com\/wp-content\/uploads\/2026\/03\/eee32c29bf8d60937e718b34abfdbb12d45f783f_MPD298_set_kids.jpg\",\"contentUrl\":\"https:\/\/b2b.calibereurope.com\/wp-content\/uploads\/2026\/03\/eee32c29bf8d60937e718b34abfdbb12d45f783f_MPD298_set_kids.jpg\",\"width\":1024,\"height\":768},{\"@type\":\"BreadcrumbList\",\"@id\":\"https:\/\/b2b.calibereurope.com\/fr\/produit\/mpd298-fr_fr\/#breadcrumb\",\"itemListElement\":[{\"@type\":\"ListItem\",\"position\":1,\"name\":\"Home\",\"item\":\"https:\/\/b2b.calibereurope.com\/fr\/home\/\"},{\"@type\":\"ListItem\",\"position\":2,\"name\":\"Boutique\",\"item\":\"https:\/\/b2b.calibereurope.com\/fr\/boutique\/\"},{\"@type\":\"ListItem\",\"position\":3,\"name\":\"Lot de 2 lecteurs DVD &#8211; 9 pouces noir (MPD298)\"}]},{\"@type\":\"WebSite\",\"@id\":\"https:\/\/b2b.calibereurope.com\/#website\",\"url\":\"https:\/\/b2b.calibereurope.com\/\",\"name\":\"Caliber Europe B.V.\",\"description\":\"B2B Webshop\",\"publisher\":{\"@id\":\"https:\/\/b2b.calibereurope.com\/#organization\"},\"potentialAction\":[{\"@type\":\"SearchAction\",\"target\":{\"@type\":\"EntryPoint\",\"urlTemplate\":\"https:\/\/b2b.calibereurope.com\/?s={search_term_string}\"},\"query-input\":{\"@type\":\"PropertyValueSpecification\",\"valueRequired\":true,\"valueName\":\"search_term_string\"}}],\"inLanguage\":\"fr-FR\"},{\"@type\":\"Organization\",\"@id\":\"https:\/\/b2b.calibereurope.com\/#organization\",\"name\":\"Caliber Europe B.V.\",\"url\":\"https:\/\/b2b.calibereurope.com\/\",\"logo\":{\"@type\":\"ImageObject\",\"inLanguage\":\"fr-FR\",\"@id\":\"https:\/\/b2b.calibereurope.com\/#\/schema\/logo\/image\/\",\"url\":\"https:\/\/b2b.calibereurope.com\/wp-content\/uploads\/2020\/12\/Caliber_Logo-Black.png\",\"contentUrl\":\"https:\/\/b2b.calibereurope.com\/wp-content\/uploads\/2020\/12\/Caliber_Logo-Black.png\",\"width\":3157,\"height\":356,\"caption\":\"Caliber Europe B.V.\"},\"image\":{\"@id\":\"https:\/\/b2b.calibereurope.com\/#\/schema\/logo\/image\/\"}}]}<\/script>\n<!-- \/ Yoast SEO plugin. -->","yoast_head_json":{"title":"Lecteur DVD Portable pour Voiture - Ensemble de 2 Lecteurs - \u00c9cran de 9 pouces - Avec Batterie pour une Autonomie de 1,5 heure (MPD298) - Caliber Europe B.V.","robots":{"index":"noindex","follow":"follow","max-snippet":"max-snippet:-1","max-image-preview":"max-image-preview:large","max-video-preview":"max-video-preview:-1"},"og_locale":"fr_FR","og_type":"article","og_title":"Lecteur DVD Portable pour Voiture - Ensemble de 2 Lecteurs - \u00c9cran de 9 pouces - Avec Batterie pour une Autonomie de 1,5 heure (MPD298) - Caliber Europe B.V.","og_description":"2 lecteurs DVD portables\u00c9cran de 9 pouces800 x 480 PixelsAvec batterie pour une autonomie de 1,5 heureAdaptateur voiture 12VAvec syst\u00e8me de fixation pour appui-t\u00eatePossibilit\u00e9 de connecter des \u00e9cransConvient aussi pour une utilisation \u00e0 la maisonAvec entr\u00e9e USBComprend des supports pour appui-t\u00eate","og_url":"https:\/\/b2b.calibereurope.com\/fr\/produit\/mpd298-fr_fr\/","og_site_name":"Caliber Europe B.V.","article_modified_time":"2026-03-04T08:06:46+00:00","og_image":[{"width":1024,"height":768,"url":"https:\/\/b2b.calibereurope.com\/wp-content\/uploads\/2021\/11\/95bac52bd6aec490766a355f81aecfcd07b1c927_MPD298_compilatiefoto_web.jpg","type":"image\/jpeg"}],"twitter_card":"summary_large_image","twitter_misc":{"Dur\u00e9e de lecture estim\u00e9e":"2 minutes"},"schema":{"@context":"https:\/\/schema.org","@graph":[{"@type":"WebPage","@id":"https:\/\/b2b.calibereurope.com\/fr\/produit\/mpd298-fr_fr\/","url":"https:\/\/b2b.calibereurope.com\/fr\/produit\/mpd298-fr_fr\/","name":"Lecteur DVD Portable pour Voiture - Ensemble de 2 Lecteurs - \u00c9cran de 9 pouces - Avec Batterie pour une Autonomie de 1,5 heure (MPD298) - Caliber Europe B.V.","isPartOf":{"@id":"https:\/\/b2b.calibereurope.com\/#website"},"primaryImageOfPage":{"@id":"https:\/\/b2b.calibereurope.com\/fr\/produit\/mpd298-fr_fr\/#primaryimage"},"image":{"@id":"https:\/\/b2b.calibereurope.com\/fr\/produit\/mpd298-fr_fr\/#primaryimage"},"thumbnailUrl":"https:\/\/b2b.calibereurope.com\/wp-content\/uploads\/2026\/03\/eee32c29bf8d60937e718b34abfdbb12d45f783f_MPD298_set_kids.jpg","datePublished":"2026-03-04T00:00:00+00:00","dateModified":"2026-03-04T08:06:46+00:00","breadcrumb":{"@id":"https:\/\/b2b.calibereurope.com\/fr\/produit\/mpd298-fr_fr\/#breadcrumb"},"inLanguage":"fr-FR","potentialAction":[{"@type":"ReadAction","target":["https:\/\/b2b.calibereurope.com\/fr\/produit\/mpd298-fr_fr\/"]}]},{"@type":"ImageObject","inLanguage":"fr-FR","@id":"https:\/\/b2b.calibereurope.com\/fr\/produit\/mpd298-fr_fr\/#primaryimage","url":"https:\/\/b2b.calibereurope.com\/wp-content\/uploads\/2026\/03\/eee32c29bf8d60937e718b34abfdbb12d45f783f_MPD298_set_kids.jpg","contentUrl":"https:\/\/b2b.calibereurope.com\/wp-content\/uploads\/2026\/03\/eee32c29bf8d60937e718b34abfdbb12d45f783f_MPD298_set_kids.jpg","width":1024,"height":768},{"@type":"BreadcrumbList","@id":"https:\/\/b2b.calibereurope.com\/fr\/produit\/mpd298-fr_fr\/#breadcrumb","itemListElement":[{"@type":"ListItem","position":1,"name":"Home","item":"https:\/\/b2b.calibereurope.com\/fr\/home\/"},{"@type":"ListItem","position":2,"name":"Boutique","item":"https:\/\/b2b.calibereurope.com\/fr\/boutique\/"},{"@type":"ListItem","position":3,"name":"Lot de 2 lecteurs DVD &#8211; 9 pouces noir (MPD298)"}]},{"@type":"WebSite","@id":"https:\/\/b2b.calibereurope.com\/#website","url":"https:\/\/b2b.calibereurope.com\/","name":"Caliber Europe B.V.","description":"B2B Webshop","publisher":{"@id":"https:\/\/b2b.calibereurope.com\/#organization"},"potentialAction":[{"@type":"SearchAction","target":{"@type":"EntryPoint","urlTemplate":"https:\/\/b2b.calibereurope.com\/?s={search_term_string}"},"query-input":{"@type":"PropertyValueSpecification","valueRequired":true,"valueName":"search_term_string"}}],"inLanguage":"fr-FR"},{"@type":"Organization","@id":"https:\/\/b2b.calibereurope.com\/#organization","name":"Caliber Europe B.V.","url":"https:\/\/b2b.calibereurope.com\/","logo":{"@type":"ImageObject","inLanguage":"fr-FR","@id":"https:\/\/b2b.calibereurope.com\/#\/schema\/logo\/image\/","url":"https:\/\/b2b.calibereurope.com\/wp-content\/uploads\/2020\/12\/Caliber_Logo-Black.png","contentUrl":"https:\/\/b2b.calibereurope.com\/wp-content\/uploads\/2020\/12\/Caliber_Logo-Black.png","width":3157,"height":356,"caption":"Caliber Europe B.V."},"image":{"@id":"https:\/\/b2b.calibereurope.com\/#\/schema\/logo\/image\/"}}]}},"_links":{"self":[{"href":"https:\/\/b2b.calibereurope.com\/fr\/wp-json\/wp\/v2\/product\/483440","targetHints":{"allow":["GET"]}}],"collection":[{"href":"https:\/\/b2b.calibereurope.com\/fr\/wp-json\/wp\/v2\/product"}],"about":[{"href":"https:\/\/b2b.calibereurope.com\/fr\/wp-json\/wp\/v2\/types\/product"}],"version-history":[{"count":0,"href":"https:\/\/b2b.calibereurope.com\/fr\/wp-json\/wp\/v2\/product\/483440\/revisions"}],"wp:featuredmedia":[{"embeddable":true,"href":"https:\/\/b2b.calibereurope.com\/fr\/wp-json\/wp\/v2\/media\/871525"}],"wp:attachment":[{"href":"https:\/\/b2b.calibereurope.com\/fr\/wp-json\/wp\/v2\/media?parent=483440"}],"wp:term":[{"taxonomy":"product_brand","embeddable":true,"href":"https:\/\/b2b.calibereurope.com\/fr\/wp-json\/wp\/v2\/product_brand?post=483440"},{"taxonomy":"product_cat","embeddable":true,"href":"https:\/\/b2b.calibereurope.com\/fr\/wp-json\/wp\/v2\/product_cat?post=483440"},{"taxonomy":"product_tag","embeddable":true,"href":"https:\/\/b2b.calibereurope.com\/fr\/wp-json\/wp\/v2\/product_tag?post=483440"}],"curies":[{"name":"wp","href":"https:\/\/api.w.org\/{rel}","templated":true}]}}