{"id":483708,"date":"2025-12-10T01:00:00","date_gmt":"2025-12-10T00:00:00","guid":{"rendered":"0"},"modified":"2026-03-12T11:23:00","modified_gmt":"2026-03-12T10:23:00","slug":"HFG411BT-fr_FR","status":"publish","type":"product","link":"https:\/\/b2b.calibereurope.com\/fr\/produit\/HFG411BT-fr_FR\/","title":{"rendered":"Haut-parleur Bluetooth\u00ae technologie &#8211; R\u00e9tro USB Noir (HFG411BT)"},"content":{"rendered":"<p>Le Caliber HFG411BT est un haut-parleur Bluetooth\u00ae technologie  avec un v\u00e9ritable look r\u00e9tro. Connectez votre smartphone, tablette ou ordinateur portable via Bluetooth\u00ae technologie  et \u00e9coutez votre musique pr\u00e9f\u00e9r\u00e9e \u00e0 la maison. Gr\u00e2ce aux profils Bluetooth\u00ae technologie  A2DP et AVRCP, la qualit\u00e9 de la connexion Bluetooth\u00ae technologie  est \u00e9lev\u00e9e, de sorte que vous pouvez entendre votre musique clairement et sans hoquet. Sa taille compacte permet de placer facilement cette enceinte sur la table, sur un placard ou sur le comptoir de la cuisine. Le haut-parleur a une puissance maximale de 45 Watt RMS. ConnexionsConnectez votre appareil via Bluetooth\u00ae technologie  et restez connect\u00e9 jusqu&#39;\u00e0 10 m\u00e8tres de distance. Vous voulez \u00e9couter votre musique autrement que par Bluetooth\u00ae technologie  ? C&#39;est possible aussi. Le HFG411BT est \u00e9quip\u00e9 d&#39;un connecteur jack de 3,5 mm, ce qui vous permet de brancher votre appareil \u00e0 une prise mini-jack standard. Le haut-parleur fonctionne \u00e9galement \u00e0 partir d&#39;une cl\u00e9 USB avec une capacit\u00e9 de stockage allant jusqu&#39;\u00e0 32 Go. Panneau de contr\u00f4le Sur le dessus du haut-parleur Bluetooth\u00ae technologie , vous trouverez les boutons que vous utilisez pour le contr\u00f4ler. Vous n&#39;avez donc pas besoin de tenir votre t\u00e9l\u00e9phone dans vos mains ou de vous asseoir derri\u00e8re votre ordinateur portable. Il y a des boutons pour la lecture\/pause, le rembobinage et l&#39;avance rapide. Les boutons \u00ab\u00a0play\u00a0\u00bb et \u00ab\u00a0forward\u00a0\u00bb servent simultan\u00e9ment de paire (pour Bluetooth\u00ae technologie ) et de bouton \u00ab\u00a0wake\u00a0\u00bb. R\u00e9glez le volume, les basses et les aigus \u00e0 l&#39;aide des boutons rotatifs faciles \u00e0 utiliser. Sur le panneau, vous verrez \u00e9galement des indicateurs LED pour voir si le haut-parleur est allum\u00e9 et connect\u00e9 via Bluetooth\u00ae technologie .<\/p>\n","protected":false},"excerpt":{"rendered":"<p>Le Caliber HFG411BT est un haut-parleur Bluetooth\u00ae technologie avec un v\u00e9ritable look r\u00e9tro. Connectez votre smartphone, tablette ou ordinateur portable via Bluetooth\u00ae technologie et \u00e9coutez votre musique pr\u00e9f\u00e9r\u00e9e \u00e0 la maison. Gr\u00e2ce aux profils Bluetooth\u00ae technologie A2DP et AVRCP, la qualit\u00e9 de la connexion Bluetooth\u00ae technologie est \u00e9lev\u00e9e, de sorte que vous pouvez entendre votre [&hellip;]<\/p>\n","protected":false},"featured_media":870728,"template":"","meta":{"_acf_changed":false,"site-sidebar-layout":"default","site-content-layout":"","ast-site-content-layout":"default","site-content-style":"default","site-sidebar-style":"default","ast-global-header-display":"","ast-banner-title-visibility":"","ast-main-header-display":"","ast-hfb-above-header-display":"","ast-hfb-below-header-display":"","ast-hfb-mobile-header-display":"","site-post-title":"","ast-breadcrumbs-content":"","ast-featured-img":"","footer-sml-layout":"","theme-transparent-header-meta":"","adv-header-id-meta":"","stick-header-meta":"","header-above-stick-meta":"","header-main-stick-meta":"","header-below-stick-meta":"","astra-migrate-meta-layouts":"default","ast-page-background-enabled":"default","ast-page-background-meta":{"desktop":{"background-color":"","background-image":"","background-repeat":"repeat","background-position":"center center","background-size":"auto","background-attachment":"scroll","background-type":"","background-media":"","overlay-type":"","overlay-color":"","overlay-opacity":"","overlay-gradient":""},"tablet":{"background-color":"","background-image":"","background-repeat":"repeat","background-position":"center center","background-size":"auto","background-attachment":"scroll","background-type":"","background-media":"","overlay-type":"","overlay-color":"","overlay-opacity":"","overlay-gradient":""},"mobile":{"background-color":"","background-image":"","background-repeat":"repeat","background-position":"center center","background-size":"auto","background-attachment":"scroll","background-type":"","background-media":"","overlay-type":"","overlay-color":"","overlay-opacity":"","overlay-gradient":""}},"ast-content-background-meta":{"desktop":{"background-color":"var(--ast-global-color-5)","background-image":"","background-repeat":"repeat","background-position":"center center","background-size":"auto","background-attachment":"scroll","background-type":"","background-media":"","overlay-type":"","overlay-color":"","overlay-opacity":"","overlay-gradient":""},"tablet":{"background-color":"var(--ast-global-color-5)","background-image":"","background-repeat":"repeat","background-position":"center center","background-size":"auto","background-attachment":"scroll","background-type":"","background-media":"","overlay-type":"","overlay-color":"","overlay-opacity":"","overlay-gradient":""},"mobile":{"background-color":"var(--ast-global-color-5)","background-image":"","background-repeat":"repeat","background-position":"center center","background-size":"auto","background-attachment":"scroll","background-type":"","background-media":"","overlay-type":"","overlay-color":"","overlay-opacity":"","overlay-gradient":""}}},"product_brand":[],"product_cat":[22955],"product_tag":[],"class_list":{"0":"post-483708","1":"product","2":"type-product","3":"status-publish","4":"has-post-thumbnail","6":"product_cat-pas-de-categorie","7":"desktop-align-center","8":"tablet-align-center","9":"mobile-align-center","10":"ast-product-gallery-layout-horizontal","11":"ast-product-gallery-with-no-image","12":"ast-product-tabs-layout-horizontal","14":"first","15":"onbackorder","16":"taxable","17":"shipping-taxable","18":"purchasable","19":"product-type-simple"},"acf":[],"yoast_head":"<!-- This site is optimized with the Yoast SEO plugin v26.5 - https:\/\/yoast.com\/wordpress\/plugins\/seo\/ -->\n<title>Haut-parleur Bluetooth\u00ae technologie - R\u00e9tro USB Noir (HFG411BT) - Caliber Europe B.V.<\/title>\n<meta name=\"robots\" content=\"noindex, follow, max-snippet:-1, max-image-preview:large, max-video-preview:-1\" \/>\n<meta property=\"og:locale\" content=\"fr_FR\" \/>\n<meta property=\"og:type\" content=\"article\" \/>\n<meta property=\"og:title\" content=\"Haut-parleur Bluetooth\u00ae technologie - R\u00e9tro USB Noir (HFG411BT) - Caliber Europe B.V.\" \/>\n<meta property=\"og:description\" content=\"Le Caliber HFG411BT est un haut-parleur Bluetooth\u00ae technologie avec un v\u00e9ritable look r\u00e9tro. Connectez votre smartphone, tablette ou ordinateur portable via Bluetooth\u00ae technologie et \u00e9coutez votre musique pr\u00e9f\u00e9r\u00e9e \u00e0 la maison. Gr\u00e2ce aux profils Bluetooth\u00ae technologie A2DP et AVRCP, la qualit\u00e9 de la connexion Bluetooth\u00ae technologie est \u00e9lev\u00e9e, de sorte que vous pouvez entendre votre [&hellip;]\" \/>\n<meta property=\"og:url\" content=\"https:\/\/b2b.calibereurope.com\/fr\/?post_type=product&amp;p=483708\" \/>\n<meta property=\"og:site_name\" content=\"Caliber Europe B.V.\" \/>\n<meta property=\"article:modified_time\" content=\"2026-03-12T10:23:00+00:00\" \/>\n<meta property=\"og:image\" content=\"https:\/\/b2b.calibereurope.com\/wp-content\/uploads\/2021\/09\/89bbc87760882613f35488286ced2ca995cfe86e_HFG411BT_front_web.jpg\" \/>\n\t<meta property=\"og:image:width\" content=\"1024\" \/>\n\t<meta property=\"og:image:height\" content=\"768\" \/>\n\t<meta property=\"og:image:type\" content=\"image\/jpeg\" \/>\n<meta name=\"twitter:card\" content=\"summary_large_image\" \/>\n<meta name=\"twitter:label1\" content=\"Dur\u00e9e de lecture estim\u00e9e\" \/>\n\t<meta name=\"twitter:data1\" content=\"1 minute\" \/>\n<script type=\"application\/ld+json\" class=\"yoast-schema-graph\">{\"@context\":\"https:\/\/schema.org\",\"@graph\":[{\"@type\":\"WebPage\",\"@id\":\"https:\/\/b2b.calibereurope.com\/fr\/?post_type=product&p=483708\",\"url\":\"https:\/\/b2b.calibereurope.com\/fr\/?post_type=product&p=483708\",\"name\":\"Haut-parleur Bluetooth\u00ae technologie - R\u00e9tro USB Noir (HFG411BT) - Caliber Europe B.V.\",\"isPartOf\":{\"@id\":\"https:\/\/b2b.calibereurope.com\/#website\"},\"primaryImageOfPage\":{\"@id\":\"https:\/\/b2b.calibereurope.com\/fr\/?post_type=product&p=483708#primaryimage\"},\"image\":{\"@id\":\"https:\/\/b2b.calibereurope.com\/fr\/?post_type=product&p=483708#primaryimage\"},\"thumbnailUrl\":\"https:\/\/b2b.calibereurope.com\/wp-content\/uploads\/2025\/12\/0dd35dd0771899d19425a649103f32a1bd0c9f99_HFG411BT_left_front_top-scaled.jpg\",\"datePublished\":\"2025-12-10T00:00:00+00:00\",\"dateModified\":\"2026-03-12T10:23:00+00:00\",\"breadcrumb\":{\"@id\":\"https:\/\/b2b.calibereurope.com\/fr\/?post_type=product&p=483708#breadcrumb\"},\"inLanguage\":\"fr-FR\",\"potentialAction\":[{\"@type\":\"ReadAction\",\"target\":[\"https:\/\/b2b.calibereurope.com\/fr\/?post_type=product&p=483708\"]}]},{\"@type\":\"ImageObject\",\"inLanguage\":\"fr-FR\",\"@id\":\"https:\/\/b2b.calibereurope.com\/fr\/?post_type=product&p=483708#primaryimage\",\"url\":\"https:\/\/b2b.calibereurope.com\/wp-content\/uploads\/2025\/12\/0dd35dd0771899d19425a649103f32a1bd0c9f99_HFG411BT_left_front_top-scaled.jpg\",\"contentUrl\":\"https:\/\/b2b.calibereurope.com\/wp-content\/uploads\/2025\/12\/0dd35dd0771899d19425a649103f32a1bd0c9f99_HFG411BT_left_front_top-scaled.jpg\",\"width\":2560,\"height\":2560},{\"@type\":\"BreadcrumbList\",\"@id\":\"https:\/\/b2b.calibereurope.com\/fr\/?post_type=product&p=483708#breadcrumb\",\"itemListElement\":[{\"@type\":\"ListItem\",\"position\":1,\"name\":\"Home\",\"item\":\"https:\/\/b2b.calibereurope.com\/fr\/home\/\"},{\"@type\":\"ListItem\",\"position\":2,\"name\":\"Boutique\",\"item\":\"https:\/\/b2b.calibereurope.com\/fr\/boutique\/\"},{\"@type\":\"ListItem\",\"position\":3,\"name\":\"Haut-parleur Bluetooth &#8211; R\u00e9tro USB Noir (HFG411BT)\"}]},{\"@type\":\"WebSite\",\"@id\":\"https:\/\/b2b.calibereurope.com\/#website\",\"url\":\"https:\/\/b2b.calibereurope.com\/\",\"name\":\"Caliber Europe B.V.\",\"description\":\"B2B Webshop\",\"publisher\":{\"@id\":\"https:\/\/b2b.calibereurope.com\/#organization\"},\"potentialAction\":[{\"@type\":\"SearchAction\",\"target\":{\"@type\":\"EntryPoint\",\"urlTemplate\":\"https:\/\/b2b.calibereurope.com\/?s={search_term_string}\"},\"query-input\":{\"@type\":\"PropertyValueSpecification\",\"valueRequired\":true,\"valueName\":\"search_term_string\"}}],\"inLanguage\":\"fr-FR\"},{\"@type\":\"Organization\",\"@id\":\"https:\/\/b2b.calibereurope.com\/#organization\",\"name\":\"Caliber Europe B.V.\",\"url\":\"https:\/\/b2b.calibereurope.com\/\",\"logo\":{\"@type\":\"ImageObject\",\"inLanguage\":\"fr-FR\",\"@id\":\"https:\/\/b2b.calibereurope.com\/#\/schema\/logo\/image\/\",\"url\":\"https:\/\/b2b.calibereurope.com\/wp-content\/uploads\/2020\/12\/Caliber_Logo-Black.png\",\"contentUrl\":\"https:\/\/b2b.calibereurope.com\/wp-content\/uploads\/2020\/12\/Caliber_Logo-Black.png\",\"width\":3157,\"height\":356,\"caption\":\"Caliber Europe B.V.\"},\"image\":{\"@id\":\"https:\/\/b2b.calibereurope.com\/#\/schema\/logo\/image\/\"}}]}<\/script>\n<!-- \/ Yoast SEO plugin. -->","yoast_head_json":{"title":"Haut-parleur Bluetooth\u00ae technologie - R\u00e9tro USB Noir (HFG411BT) - Caliber Europe B.V.","robots":{"index":"noindex","follow":"follow","max-snippet":"max-snippet:-1","max-image-preview":"max-image-preview:large","max-video-preview":"max-video-preview:-1"},"og_locale":"fr_FR","og_type":"article","og_title":"Haut-parleur Bluetooth\u00ae technologie - R\u00e9tro USB Noir (HFG411BT) - Caliber Europe B.V.","og_description":"Le Caliber HFG411BT est un haut-parleur Bluetooth\u00ae technologie avec un v\u00e9ritable look r\u00e9tro. Connectez votre smartphone, tablette ou ordinateur portable via Bluetooth\u00ae technologie et \u00e9coutez votre musique pr\u00e9f\u00e9r\u00e9e \u00e0 la maison. Gr\u00e2ce aux profils Bluetooth\u00ae technologie A2DP et AVRCP, la qualit\u00e9 de la connexion Bluetooth\u00ae technologie est \u00e9lev\u00e9e, de sorte que vous pouvez entendre votre [&hellip;]","og_url":"https:\/\/b2b.calibereurope.com\/fr\/?post_type=product&p=483708","og_site_name":"Caliber Europe B.V.","article_modified_time":"2026-03-12T10:23:00+00:00","og_image":[{"width":1024,"height":768,"url":"https:\/\/b2b.calibereurope.com\/wp-content\/uploads\/2021\/09\/89bbc87760882613f35488286ced2ca995cfe86e_HFG411BT_front_web.jpg","type":"image\/jpeg"}],"twitter_card":"summary_large_image","twitter_misc":{"Dur\u00e9e de lecture estim\u00e9e":"1 minute"},"schema":{"@context":"https:\/\/schema.org","@graph":[{"@type":"WebPage","@id":"https:\/\/b2b.calibereurope.com\/fr\/?post_type=product&p=483708","url":"https:\/\/b2b.calibereurope.com\/fr\/?post_type=product&p=483708","name":"Haut-parleur Bluetooth\u00ae technologie - R\u00e9tro USB Noir (HFG411BT) - Caliber Europe B.V.","isPartOf":{"@id":"https:\/\/b2b.calibereurope.com\/#website"},"primaryImageOfPage":{"@id":"https:\/\/b2b.calibereurope.com\/fr\/?post_type=product&p=483708#primaryimage"},"image":{"@id":"https:\/\/b2b.calibereurope.com\/fr\/?post_type=product&p=483708#primaryimage"},"thumbnailUrl":"https:\/\/b2b.calibereurope.com\/wp-content\/uploads\/2025\/12\/0dd35dd0771899d19425a649103f32a1bd0c9f99_HFG411BT_left_front_top-scaled.jpg","datePublished":"2025-12-10T00:00:00+00:00","dateModified":"2026-03-12T10:23:00+00:00","breadcrumb":{"@id":"https:\/\/b2b.calibereurope.com\/fr\/?post_type=product&p=483708#breadcrumb"},"inLanguage":"fr-FR","potentialAction":[{"@type":"ReadAction","target":["https:\/\/b2b.calibereurope.com\/fr\/?post_type=product&p=483708"]}]},{"@type":"ImageObject","inLanguage":"fr-FR","@id":"https:\/\/b2b.calibereurope.com\/fr\/?post_type=product&p=483708#primaryimage","url":"https:\/\/b2b.calibereurope.com\/wp-content\/uploads\/2025\/12\/0dd35dd0771899d19425a649103f32a1bd0c9f99_HFG411BT_left_front_top-scaled.jpg","contentUrl":"https:\/\/b2b.calibereurope.com\/wp-content\/uploads\/2025\/12\/0dd35dd0771899d19425a649103f32a1bd0c9f99_HFG411BT_left_front_top-scaled.jpg","width":2560,"height":2560},{"@type":"BreadcrumbList","@id":"https:\/\/b2b.calibereurope.com\/fr\/?post_type=product&p=483708#breadcrumb","itemListElement":[{"@type":"ListItem","position":1,"name":"Home","item":"https:\/\/b2b.calibereurope.com\/fr\/home\/"},{"@type":"ListItem","position":2,"name":"Boutique","item":"https:\/\/b2b.calibereurope.com\/fr\/boutique\/"},{"@type":"ListItem","position":3,"name":"Haut-parleur Bluetooth &#8211; R\u00e9tro USB Noir (HFG411BT)"}]},{"@type":"WebSite","@id":"https:\/\/b2b.calibereurope.com\/#website","url":"https:\/\/b2b.calibereurope.com\/","name":"Caliber Europe B.V.","description":"B2B Webshop","publisher":{"@id":"https:\/\/b2b.calibereurope.com\/#organization"},"potentialAction":[{"@type":"SearchAction","target":{"@type":"EntryPoint","urlTemplate":"https:\/\/b2b.calibereurope.com\/?s={search_term_string}"},"query-input":{"@type":"PropertyValueSpecification","valueRequired":true,"valueName":"search_term_string"}}],"inLanguage":"fr-FR"},{"@type":"Organization","@id":"https:\/\/b2b.calibereurope.com\/#organization","name":"Caliber Europe B.V.","url":"https:\/\/b2b.calibereurope.com\/","logo":{"@type":"ImageObject","inLanguage":"fr-FR","@id":"https:\/\/b2b.calibereurope.com\/#\/schema\/logo\/image\/","url":"https:\/\/b2b.calibereurope.com\/wp-content\/uploads\/2020\/12\/Caliber_Logo-Black.png","contentUrl":"https:\/\/b2b.calibereurope.com\/wp-content\/uploads\/2020\/12\/Caliber_Logo-Black.png","width":3157,"height":356,"caption":"Caliber Europe B.V."},"image":{"@id":"https:\/\/b2b.calibereurope.com\/#\/schema\/logo\/image\/"}}]}},"_links":{"self":[{"href":"https:\/\/b2b.calibereurope.com\/fr\/wp-json\/wp\/v2\/product\/483708","targetHints":{"allow":["GET"]}}],"collection":[{"href":"https:\/\/b2b.calibereurope.com\/fr\/wp-json\/wp\/v2\/product"}],"about":[{"href":"https:\/\/b2b.calibereurope.com\/fr\/wp-json\/wp\/v2\/types\/product"}],"version-history":[{"count":0,"href":"https:\/\/b2b.calibereurope.com\/fr\/wp-json\/wp\/v2\/product\/483708\/revisions"}],"wp:featuredmedia":[{"embeddable":true,"href":"https:\/\/b2b.calibereurope.com\/fr\/wp-json\/wp\/v2\/media\/870728"}],"wp:attachment":[{"href":"https:\/\/b2b.calibereurope.com\/fr\/wp-json\/wp\/v2\/media?parent=483708"}],"wp:term":[{"taxonomy":"product_brand","embeddable":true,"href":"https:\/\/b2b.calibereurope.com\/fr\/wp-json\/wp\/v2\/product_brand?post=483708"},{"taxonomy":"product_cat","embeddable":true,"href":"https:\/\/b2b.calibereurope.com\/fr\/wp-json\/wp\/v2\/product_cat?post=483708"},{"taxonomy":"product_tag","embeddable":true,"href":"https:\/\/b2b.calibereurope.com\/fr\/wp-json\/wp\/v2\/product_tag?post=483708"}],"curies":[{"name":"wp","href":"https:\/\/api.w.org\/{rel}","templated":true}]}}