{"id":484472,"date":"2025-02-10T01:00:00","date_gmt":"2025-02-10T00:00:00","guid":{"rendered":""},"modified":"2025-04-16T13:02:32","modified_gmt":"2025-04-16T11:02:32","slug":"RMD031BT-fr_FR","status":"publish","type":"product","link":"https:\/\/b2b.calibereurope.com\/fr\/produit\/RMD031BT-fr_FR\/","title":{"rendered":"1 ACUR DIN Radio avec Bluetooth &#8211; FM -radio, USB, SD et AUX &#8211; avec microphone construit (RMD031BT)"},"content":{"rendered":"<p> Passez \u00e0 votre \u00e9mission de radio pr\u00e9f\u00e9r\u00e9e \u00e0 votre propre liste de lecture ou \u00e0 une conversation t\u00e9l\u00e9phonique avec ce Caliber RMD031BT 1 DIN Radio Din avec Bluetooth. Connectez votre t\u00e9l\u00e9phone via <strong> bluetooth <\/strong> et \u00e9coutez tout sur votre t\u00e9l\u00e9phone. Gr\u00e2ce au <strong> microphone interne <\/strong>, vous pouvez appeler en toute s\u00e9curit\u00e9 <strong> les mains libres. <\/strong> Configurer \u00e0 <strong> 18 pr\u00e9dicteurs <\/strong> et vous trouverez toujours les stations de radio que vous aimez \u00e9couter. Quelque chose de diff\u00e9rent? Ensuite, vous utilisez le <strong> USB, SD- <\/strong> ou <strong> entr\u00e9e AUX <\/strong> pour jouer de la musique. Avec la <strong> t\u00e9l\u00e9commande <\/strong>, vous pouvez facilement faire fonctionner l&#39;autoradio. <\/p>\n<p> <strong> Caract\u00e9ristiques: <\/strong> <\/p>\n<ul>\n<li> Extr\u00eame peu profond: 35 mm\n<li> FM-tuner avec 18 pr\u00e9r\u00e9glages <l> Bluetooth Technologie\n<li> Option de lecture USB et SD (jusqu&#39;\u00e0 32 Go)\n<li> Entr\u00e9e AUX\n<li> Microphone interne pour les appels mains libres\n<li> Affichage MP3 possible\n<li> Avec t\u00e9l\u00e9commande\n<li> 1 Din Din Taille <l> Installation suppl\u00e9mentaire peu profonde \u00e0 partir de 35 mm\n<li> 4 x 55 watts Power <\/li>\n<\/ul>\n<p> <H3> Options de lecture sans fin <\/h3>\n<p> L&#39;ennui en cours de route est une chose du pass\u00e9 avec cela Bluetooth Autoradio. Comme pour toutes les radios de voiture, le tuner FM garantit que vous pouvez facilement recevoir toutes les stations de radio. Cet autoradio va plus loin avec, par exemple, USB et Bluetooth. De cette fa\u00e7on, vous pouvez jouer pratiquement tout l&#39;audio de votre smartphone sur l&#39;autoradio. Trouvez-vous Bluetooth maladroit? Ensuite, vous pouvez facilement connecter votre t\u00e9l\u00e9phone \u00e0 l&#39;autoradio avec un c\u00e2ble AUX. De plus, une carte USB et une carte SD sont \u00e9galement possibles, afin que vous puissiez varier sans cesse dans votre musique. <\/p>\n<h3> Extras pratiques <\/h3>\n<p> Cette autoradio avec Bluetooth est parfaite pour les utilisateurs modernes. Par exemple, le microphone construit garantit que vous passez des appels t\u00e9l\u00e9phoniques faciles et sans mains lorsque vous \u00eates sur la route. De plus, il n&#39;y a pas moins de 18 stations de radio, afin que vous puissiez facilement avoir toutes vos \u00e9missions de radio pr\u00e9f\u00e9r\u00e9es et vos programmes d&#39;information. Avec la t\u00e9l\u00e9commande incluse, vous pouvez \u00e9galement utiliser facilement l&#39;autoradio Bluetooth, \u00e9galement pour les passagers du si\u00e8ge arri\u00e8re. <\/p>\n<h3> Facile \u00e0 installer <\/h3>\n<p> La radio-autoradio 1 est facile \u00e0 installer. Gr\u00e2ce au format standard que vous connaissez avec certitude qu&#39;il s&#39;adaptera et vous pouvez remplacer votre autoradio actuelle. L&#39;autoradio avec USB et Bluetooth a \u00e9galement une installation suppl\u00e9mentaire et peu profonde de 35 mm, de sorte qu&#39;elle ne prend pas plus d&#39;espace que n\u00e9cessaire. <\/p>\n","protected":false},"excerpt":{"rendered":"<p>Passez \u00e0 votre \u00e9mission de radio pr\u00e9f\u00e9r\u00e9e \u00e0 votre propre liste de lecture ou \u00e0 une conversation t\u00e9l\u00e9phonique avec ce Caliber RMD031BT 1 DIN Radio Din avec Bluetooth. Connectez votre t\u00e9l\u00e9phone via bluetooth et \u00e9coutez tout sur votre t\u00e9l\u00e9phone. Gr\u00e2ce au microphone interne , vous pouvez appeler en toute s\u00e9curit\u00e9 les mains libres. Configurer \u00e0 [&hellip;]<\/p>\n","protected":false},"featured_media":855943,"template":"","meta":{"_acf_changed":false,"site-sidebar-layout":"default","site-content-layout":"","ast-site-content-layout":"default","site-content-style":"default","site-sidebar-style":"default","ast-global-header-display":"","ast-banner-title-visibility":"","ast-main-header-display":"","ast-hfb-above-header-display":"","ast-hfb-below-header-display":"","ast-hfb-mobile-header-display":"","site-post-title":"","ast-breadcrumbs-content":"","ast-featured-img":"","footer-sml-layout":"","theme-transparent-header-meta":"","adv-header-id-meta":"","stick-header-meta":"","header-above-stick-meta":"","header-main-stick-meta":"","header-below-stick-meta":"","astra-migrate-meta-layouts":"default","ast-page-background-enabled":"default","ast-page-background-meta":{"desktop":{"background-color":"","background-image":"","background-repeat":"repeat","background-position":"center center","background-size":"auto","background-attachment":"scroll","background-type":"","background-media":"","overlay-type":"","overlay-color":"","overlay-opacity":"","overlay-gradient":""},"tablet":{"background-color":"","background-image":"","background-repeat":"repeat","background-position":"center center","background-size":"auto","background-attachment":"scroll","background-type":"","background-media":"","overlay-type":"","overlay-color":"","overlay-opacity":"","overlay-gradient":""},"mobile":{"background-color":"","background-image":"","background-repeat":"repeat","background-position":"center center","background-size":"auto","background-attachment":"scroll","background-type":"","background-media":"","overlay-type":"","overlay-color":"","overlay-opacity":"","overlay-gradient":""}},"ast-content-background-meta":{"desktop":{"background-color":"var(--ast-global-color-5)","background-image":"","background-repeat":"repeat","background-position":"center center","background-size":"auto","background-attachment":"scroll","background-type":"","background-media":"","overlay-type":"","overlay-color":"","overlay-opacity":"","overlay-gradient":""},"tablet":{"background-color":"var(--ast-global-color-5)","background-image":"","background-repeat":"repeat","background-position":"center center","background-size":"auto","background-attachment":"scroll","background-type":"","background-media":"","overlay-type":"","overlay-color":"","overlay-opacity":"","overlay-gradient":""},"mobile":{"background-color":"var(--ast-global-color-5)","background-image":"","background-repeat":"repeat","background-position":"center center","background-size":"auto","background-attachment":"scroll","background-type":"","background-media":"","overlay-type":"","overlay-color":"","overlay-opacity":"","overlay-gradient":""}}},"product_brand":[],"product_cat":[22955],"product_tag":[],"class_list":{"0":"post-484472","1":"product","2":"type-product","3":"status-publish","4":"has-post-thumbnail","6":"product_cat-pas-de-categorie","7":"desktop-align-center","8":"tablet-align-center","9":"mobile-align-center","10":"ast-product-gallery-layout-horizontal","11":"ast-product-tabs-layout-horizontal","13":"first","14":"outofstock","15":"taxable","16":"shipping-taxable","17":"purchasable","18":"product-type-simple"},"acf":[],"yoast_head":"<!-- This site is optimized with the Yoast SEO plugin v26.5 - https:\/\/yoast.com\/wordpress\/plugins\/seo\/ -->\n<title>1 ACUR DIN Radio avec Bluetooth - FM -radio, USB, SD et AUX - avec microphone construit (RMD031BT) - Caliber Europe B.V.<\/title>\n<meta name=\"robots\" content=\"noindex, follow, max-snippet:-1, max-image-preview:large, max-video-preview:-1\" \/>\n<meta property=\"og:locale\" content=\"fr_FR\" \/>\n<meta property=\"og:type\" content=\"article\" \/>\n<meta property=\"og:title\" content=\"1 ACUR DIN Radio avec Bluetooth - FM -radio, USB, SD et AUX - avec microphone construit (RMD031BT) - Caliber Europe B.V.\" \/>\n<meta property=\"og:description\" content=\"Passez \u00e0 votre \u00e9mission de radio pr\u00e9f\u00e9r\u00e9e \u00e0 votre propre liste de lecture ou \u00e0 une conversation t\u00e9l\u00e9phonique avec ce Caliber RMD031BT 1 DIN Radio Din avec Bluetooth. Connectez votre t\u00e9l\u00e9phone via bluetooth et \u00e9coutez tout sur votre t\u00e9l\u00e9phone. Gr\u00e2ce au microphone interne , vous pouvez appeler en toute s\u00e9curit\u00e9 les mains libres. Configurer \u00e0 [&hellip;]\" \/>\n<meta property=\"og:url\" content=\"https:\/\/b2b.calibereurope.com\/fr\/produit\/rmd031bt-fr_fr\/\" \/>\n<meta property=\"og:site_name\" content=\"Caliber Europe B.V.\" \/>\n<meta property=\"article:modified_time\" content=\"2025-04-16T11:02:32+00:00\" \/>\n<meta property=\"og:image\" content=\"https:\/\/b2b.calibereurope.com\/wp-content\/uploads\/2021\/11\/d840d73ecfcc8e2c21e8ae6969728ec141a553c5_RMD031BT_web.jpg\" \/>\n\t<meta property=\"og:image:width\" content=\"1024\" \/>\n\t<meta property=\"og:image:height\" content=\"768\" \/>\n\t<meta property=\"og:image:type\" content=\"image\/jpeg\" \/>\n<meta name=\"twitter:card\" content=\"summary_large_image\" \/>\n<meta name=\"twitter:label1\" content=\"Dur\u00e9e de lecture estim\u00e9e\" \/>\n\t<meta name=\"twitter:data1\" content=\"2 minutes\" \/>\n<script type=\"application\/ld+json\" class=\"yoast-schema-graph\">{\"@context\":\"https:\/\/schema.org\",\"@graph\":[{\"@type\":\"WebPage\",\"@id\":\"https:\/\/b2b.calibereurope.com\/fr\/produit\/rmd031bt-fr_fr\/\",\"url\":\"https:\/\/b2b.calibereurope.com\/fr\/produit\/rmd031bt-fr_fr\/\",\"name\":\"1 ACUR DIN Radio avec Bluetooth - FM -radio, USB, SD et AUX - avec microphone construit (RMD031BT) - Caliber Europe B.V.\",\"isPartOf\":{\"@id\":\"https:\/\/b2b.calibereurope.com\/#website\"},\"primaryImageOfPage\":{\"@id\":\"https:\/\/b2b.calibereurope.com\/fr\/produit\/rmd031bt-fr_fr\/#primaryimage\"},\"image\":{\"@id\":\"https:\/\/b2b.calibereurope.com\/fr\/produit\/rmd031bt-fr_fr\/#primaryimage\"},\"thumbnailUrl\":\"https:\/\/b2b.calibereurope.com\/wp-content\/uploads\/2025\/02\/d840d73ecfcc8e2c21e8ae6969728ec141a553c5_RMD031BT_web.jpg\",\"datePublished\":\"2025-02-10T00:00:00+00:00\",\"dateModified\":\"2025-04-16T11:02:32+00:00\",\"breadcrumb\":{\"@id\":\"https:\/\/b2b.calibereurope.com\/fr\/produit\/rmd031bt-fr_fr\/#breadcrumb\"},\"inLanguage\":\"fr-FR\",\"potentialAction\":[{\"@type\":\"ReadAction\",\"target\":[\"https:\/\/b2b.calibereurope.com\/fr\/produit\/rmd031bt-fr_fr\/\"]}]},{\"@type\":\"ImageObject\",\"inLanguage\":\"fr-FR\",\"@id\":\"https:\/\/b2b.calibereurope.com\/fr\/produit\/rmd031bt-fr_fr\/#primaryimage\",\"url\":\"https:\/\/b2b.calibereurope.com\/wp-content\/uploads\/2025\/02\/d840d73ecfcc8e2c21e8ae6969728ec141a553c5_RMD031BT_web.jpg\",\"contentUrl\":\"https:\/\/b2b.calibereurope.com\/wp-content\/uploads\/2025\/02\/d840d73ecfcc8e2c21e8ae6969728ec141a553c5_RMD031BT_web.jpg\",\"width\":1024,\"height\":768},{\"@type\":\"BreadcrumbList\",\"@id\":\"https:\/\/b2b.calibereurope.com\/fr\/produit\/rmd031bt-fr_fr\/#breadcrumb\",\"itemListElement\":[{\"@type\":\"ListItem\",\"position\":1,\"name\":\"Home\",\"item\":\"https:\/\/b2b.calibereurope.com\/fr\/home\/\"},{\"@type\":\"ListItem\",\"position\":2,\"name\":\"Boutique\",\"item\":\"https:\/\/b2b.calibereurope.com\/fr\/boutique\/\"},{\"@type\":\"ListItem\",\"position\":3,\"name\":\"Autoradio &#8211; Radio FM avec Bluetooth Noir (RMD031BT)\"}]},{\"@type\":\"WebSite\",\"@id\":\"https:\/\/b2b.calibereurope.com\/#website\",\"url\":\"https:\/\/b2b.calibereurope.com\/\",\"name\":\"Caliber Europe B.V.\",\"description\":\"B2B Webshop\",\"publisher\":{\"@id\":\"https:\/\/b2b.calibereurope.com\/#organization\"},\"potentialAction\":[{\"@type\":\"SearchAction\",\"target\":{\"@type\":\"EntryPoint\",\"urlTemplate\":\"https:\/\/b2b.calibereurope.com\/?s={search_term_string}\"},\"query-input\":{\"@type\":\"PropertyValueSpecification\",\"valueRequired\":true,\"valueName\":\"search_term_string\"}}],\"inLanguage\":\"fr-FR\"},{\"@type\":\"Organization\",\"@id\":\"https:\/\/b2b.calibereurope.com\/#organization\",\"name\":\"Caliber Europe B.V.\",\"url\":\"https:\/\/b2b.calibereurope.com\/\",\"logo\":{\"@type\":\"ImageObject\",\"inLanguage\":\"fr-FR\",\"@id\":\"https:\/\/b2b.calibereurope.com\/#\/schema\/logo\/image\/\",\"url\":\"https:\/\/b2b.calibereurope.com\/wp-content\/uploads\/2020\/12\/Caliber_Logo-Black.png\",\"contentUrl\":\"https:\/\/b2b.calibereurope.com\/wp-content\/uploads\/2020\/12\/Caliber_Logo-Black.png\",\"width\":3157,\"height\":356,\"caption\":\"Caliber Europe B.V.\"},\"image\":{\"@id\":\"https:\/\/b2b.calibereurope.com\/#\/schema\/logo\/image\/\"}}]}<\/script>\n<!-- \/ Yoast SEO plugin. -->","yoast_head_json":{"title":"1 ACUR DIN Radio avec Bluetooth - FM -radio, USB, SD et AUX - avec microphone construit (RMD031BT) - Caliber Europe B.V.","robots":{"index":"noindex","follow":"follow","max-snippet":"max-snippet:-1","max-image-preview":"max-image-preview:large","max-video-preview":"max-video-preview:-1"},"og_locale":"fr_FR","og_type":"article","og_title":"1 ACUR DIN Radio avec Bluetooth - FM -radio, USB, SD et AUX - avec microphone construit (RMD031BT) - Caliber Europe B.V.","og_description":"Passez \u00e0 votre \u00e9mission de radio pr\u00e9f\u00e9r\u00e9e \u00e0 votre propre liste de lecture ou \u00e0 une conversation t\u00e9l\u00e9phonique avec ce Caliber RMD031BT 1 DIN Radio Din avec Bluetooth. Connectez votre t\u00e9l\u00e9phone via bluetooth et \u00e9coutez tout sur votre t\u00e9l\u00e9phone. Gr\u00e2ce au microphone interne , vous pouvez appeler en toute s\u00e9curit\u00e9 les mains libres. Configurer \u00e0 [&hellip;]","og_url":"https:\/\/b2b.calibereurope.com\/fr\/produit\/rmd031bt-fr_fr\/","og_site_name":"Caliber Europe B.V.","article_modified_time":"2025-04-16T11:02:32+00:00","og_image":[{"width":1024,"height":768,"url":"https:\/\/b2b.calibereurope.com\/wp-content\/uploads\/2021\/11\/d840d73ecfcc8e2c21e8ae6969728ec141a553c5_RMD031BT_web.jpg","type":"image\/jpeg"}],"twitter_card":"summary_large_image","twitter_misc":{"Dur\u00e9e de lecture estim\u00e9e":"2 minutes"},"schema":{"@context":"https:\/\/schema.org","@graph":[{"@type":"WebPage","@id":"https:\/\/b2b.calibereurope.com\/fr\/produit\/rmd031bt-fr_fr\/","url":"https:\/\/b2b.calibereurope.com\/fr\/produit\/rmd031bt-fr_fr\/","name":"1 ACUR DIN Radio avec Bluetooth - FM -radio, USB, SD et AUX - avec microphone construit (RMD031BT) - Caliber Europe B.V.","isPartOf":{"@id":"https:\/\/b2b.calibereurope.com\/#website"},"primaryImageOfPage":{"@id":"https:\/\/b2b.calibereurope.com\/fr\/produit\/rmd031bt-fr_fr\/#primaryimage"},"image":{"@id":"https:\/\/b2b.calibereurope.com\/fr\/produit\/rmd031bt-fr_fr\/#primaryimage"},"thumbnailUrl":"https:\/\/b2b.calibereurope.com\/wp-content\/uploads\/2025\/02\/d840d73ecfcc8e2c21e8ae6969728ec141a553c5_RMD031BT_web.jpg","datePublished":"2025-02-10T00:00:00+00:00","dateModified":"2025-04-16T11:02:32+00:00","breadcrumb":{"@id":"https:\/\/b2b.calibereurope.com\/fr\/produit\/rmd031bt-fr_fr\/#breadcrumb"},"inLanguage":"fr-FR","potentialAction":[{"@type":"ReadAction","target":["https:\/\/b2b.calibereurope.com\/fr\/produit\/rmd031bt-fr_fr\/"]}]},{"@type":"ImageObject","inLanguage":"fr-FR","@id":"https:\/\/b2b.calibereurope.com\/fr\/produit\/rmd031bt-fr_fr\/#primaryimage","url":"https:\/\/b2b.calibereurope.com\/wp-content\/uploads\/2025\/02\/d840d73ecfcc8e2c21e8ae6969728ec141a553c5_RMD031BT_web.jpg","contentUrl":"https:\/\/b2b.calibereurope.com\/wp-content\/uploads\/2025\/02\/d840d73ecfcc8e2c21e8ae6969728ec141a553c5_RMD031BT_web.jpg","width":1024,"height":768},{"@type":"BreadcrumbList","@id":"https:\/\/b2b.calibereurope.com\/fr\/produit\/rmd031bt-fr_fr\/#breadcrumb","itemListElement":[{"@type":"ListItem","position":1,"name":"Home","item":"https:\/\/b2b.calibereurope.com\/fr\/home\/"},{"@type":"ListItem","position":2,"name":"Boutique","item":"https:\/\/b2b.calibereurope.com\/fr\/boutique\/"},{"@type":"ListItem","position":3,"name":"Autoradio &#8211; Radio FM avec Bluetooth Noir (RMD031BT)"}]},{"@type":"WebSite","@id":"https:\/\/b2b.calibereurope.com\/#website","url":"https:\/\/b2b.calibereurope.com\/","name":"Caliber Europe B.V.","description":"B2B Webshop","publisher":{"@id":"https:\/\/b2b.calibereurope.com\/#organization"},"potentialAction":[{"@type":"SearchAction","target":{"@type":"EntryPoint","urlTemplate":"https:\/\/b2b.calibereurope.com\/?s={search_term_string}"},"query-input":{"@type":"PropertyValueSpecification","valueRequired":true,"valueName":"search_term_string"}}],"inLanguage":"fr-FR"},{"@type":"Organization","@id":"https:\/\/b2b.calibereurope.com\/#organization","name":"Caliber Europe B.V.","url":"https:\/\/b2b.calibereurope.com\/","logo":{"@type":"ImageObject","inLanguage":"fr-FR","@id":"https:\/\/b2b.calibereurope.com\/#\/schema\/logo\/image\/","url":"https:\/\/b2b.calibereurope.com\/wp-content\/uploads\/2020\/12\/Caliber_Logo-Black.png","contentUrl":"https:\/\/b2b.calibereurope.com\/wp-content\/uploads\/2020\/12\/Caliber_Logo-Black.png","width":3157,"height":356,"caption":"Caliber Europe B.V."},"image":{"@id":"https:\/\/b2b.calibereurope.com\/#\/schema\/logo\/image\/"}}]}},"_links":{"self":[{"href":"https:\/\/b2b.calibereurope.com\/fr\/wp-json\/wp\/v2\/product\/484472","targetHints":{"allow":["GET"]}}],"collection":[{"href":"https:\/\/b2b.calibereurope.com\/fr\/wp-json\/wp\/v2\/product"}],"about":[{"href":"https:\/\/b2b.calibereurope.com\/fr\/wp-json\/wp\/v2\/types\/product"}],"version-history":[{"count":0,"href":"https:\/\/b2b.calibereurope.com\/fr\/wp-json\/wp\/v2\/product\/484472\/revisions"}],"wp:featuredmedia":[{"embeddable":true,"href":"https:\/\/b2b.calibereurope.com\/fr\/wp-json\/wp\/v2\/media\/855943"}],"wp:attachment":[{"href":"https:\/\/b2b.calibereurope.com\/fr\/wp-json\/wp\/v2\/media?parent=484472"}],"wp:term":[{"taxonomy":"product_brand","embeddable":true,"href":"https:\/\/b2b.calibereurope.com\/fr\/wp-json\/wp\/v2\/product_brand?post=484472"},{"taxonomy":"product_cat","embeddable":true,"href":"https:\/\/b2b.calibereurope.com\/fr\/wp-json\/wp\/v2\/product_cat?post=484472"},{"taxonomy":"product_tag","embeddable":true,"href":"https:\/\/b2b.calibereurope.com\/fr\/wp-json\/wp\/v2\/product_tag?post=484472"}],"curies":[{"name":"wp","href":"https:\/\/api.w.org\/{rel}","templated":true}]}}