{"id":484860,"date":"2024-07-17T02:00:00","date_gmt":"2024-07-17T00:00:00","guid":{"rendered":""},"modified":"2024-07-17T08:02:09","modified_gmt":"2024-07-17T06:02:09","slug":"RMD049DAB-fr_FR","status":"publish","type":"product","link":"https:\/\/b2b.calibereurope.com\/fr\/produit\/RMD049DAB-fr_FR\/","title":{"rendered":"Autoradio DAB+ avec USB, SD et AUX &#8211; 1DIN &#8211; Avec T\u00e9l\u00e9commande (RMD049DAB)"},"content":{"rendered":"<p> \u00c9coutez vos chansons, programmes radio et podcasts pr\u00e9f\u00e9r\u00e9s avec cet autoradio  Bluetooth Caliber RMD049DAB DAB+. Gr\u00e2ce \u00e0 son format standard <strong>1DIN <\/strong>et <strong> \u00e0 sa profondeur d&#39;encastrement de 110 mm, <\/strong> vous pouvez facilement installer la radio. \u00c9coutez vos propres listes de lecture en connectant votre t\u00e9l\u00e9phone \u00e0 l&#39;autoradio via l&#39;<span style=\"font-weight: bold;\"> entr\u00e9e AUX<\/span><strong>&nbsp;<\/strong> ou en utilisant l&#39;<strong>entr\u00e9e USB <\/strong>.<strong> <\/strong> Votre musique pr\u00e9f\u00e9r\u00e9e se trouve-t-elle sur une <strong> carte SD<\/strong>? Branchez-le alors sur l&#39;autoradio et commencez imm\u00e9diatement \u00e0 \u00e9couter. Acc\u00e9dez facilement \u00e0 toutes les stations de radio gr\u00e2ce \u00e0 la fonction <strong> radio FM et DAB+<\/strong>. <\/p>\n<p> <strong> Caract\u00e9ristiques :<\/strong> <\/p>\n<ul>\n<li> Format 1DIN <\/li>\n<li> Format 1DIN DAB+, radio FM et lecture AUX <\/li>\n<li> USB et SD (jusqu&#39;\u00e0 32 Go)  <\/li>\n<li> USB suppl\u00e9mentaire pour le chargement du smartphone <\/li>\n<li> Avec t\u00e9l\u00e9commande <\/li>\n<li> Double sortie RCA <\/li>\n<li>4 x 75 watt de puissance <\/li>\n<li> Lecture MP3 et WMA et ID3-Tag <\/li>\n<li> Connecteur ISO int\u00e9gr\u00e9 <\/li>\n<li> Profondeur d&#39;encastrement de 110 mm <\/li>\n<\/ul>\n<h3> Cet autoradio Bluetooth offre de nombreuses options de lecture <\/h3>\n<p> Cet autoradio permet d\u2019\u00e9couter plus que de simples stations de radio. Gr\u00e2ce \u00e0 ses diff\u00e9rents ports, vous pouvez \u00e9couter de la musique et des podcasts de toutes sortes de fa\u00e7ons. Utilisez la radio DAB+ ou FM pour \u00e9couter les hit-parades ou vos DJs pr\u00e9f\u00e9r\u00e9s. Vous pr\u00e9f\u00e9rez contr\u00f4ler ce que vous \u00e9coutez sur l&#39;autoradio ? Vous pouvez le faire via les entr\u00e9es USB, SD et AUX.<\/p>\n<h3> Plus qu&#39;une autoradio Bluetooth <\/h3>\n<p> Lorsque vous \u00e9coutez la musique de votre t\u00e9l\u00e9phone sur l&#39;autoradio via l&#39;entr\u00e9e auxiliaire pendant que vous \u00eates sur la route, votre batterie se vide naturellement. Heureusement, cela ne doit pas \u00eatre un inconv\u00e9nient ! En effet, cet autoradio DAB+ est dot\u00e9 d&#39;une entr\u00e9e USB 1A qui vous permet de charger votre t\u00e9l\u00e9phone. Vous pouvez donc \u00e9couter vos morceaux pr\u00e9f\u00e9r\u00e9s sans fin et arriver avec une batterie pleine. <\/p>\n<h3>Le design de cet autoradio Bluetooth est intelligent<\/h3>\n<p> L&#39;autoradio 1DIN est dot\u00e9 de plusieurs gadgets techniques. Par exemple, l&#39;autoradio DAB+ balaie automatiquement toutes les stations FM et DAB+ pour les m\u00e9moriser. En outre, le RDS EON permet d&#39;afficher \u00e0 l&#39;\u00e9cran des informations utiles sur la musique et de vous tenir inform\u00e9 des informations sur la circulation. En outre, vous pouvez faire fonctionner l&#39;autoradio avec USB \u00e0 l&#39;aide de la t\u00e9l\u00e9commande fournie. <\/p>\n","protected":false},"excerpt":{"rendered":"<p>\u00c9coutez vos chansons, programmes radio et podcasts pr\u00e9f\u00e9r\u00e9s avec cet autoradio Bluetooth Caliber RMD049DAB DAB+. Gr\u00e2ce \u00e0 son format standard 1DIN et \u00e0 sa profondeur d&#39;encastrement de 110 mm, vous pouvez facilement installer la radio. \u00c9coutez vos propres listes de lecture en connectant votre t\u00e9l\u00e9phone \u00e0 l&#39;autoradio via l&#39; entr\u00e9e AUX&nbsp; ou en utilisant l&#39;entr\u00e9e [&hellip;]<\/p>\n","protected":false},"featured_media":811500,"template":"","meta":{"_acf_changed":false,"site-sidebar-layout":"default","site-content-layout":"default","ast-site-content-layout":"default","site-content-style":"default","site-sidebar-style":"default","ast-global-header-display":"","ast-banner-title-visibility":"","ast-main-header-display":"","ast-hfb-above-header-display":"","ast-hfb-below-header-display":"","ast-hfb-mobile-header-display":"","site-post-title":"","ast-breadcrumbs-content":"","ast-featured-img":"","footer-sml-layout":"","theme-transparent-header-meta":"default","adv-header-id-meta":"","stick-header-meta":"default","header-above-stick-meta":"","header-main-stick-meta":"","header-below-stick-meta":"","astra-migrate-meta-layouts":"default","ast-page-background-enabled":"default","ast-page-background-meta":{"desktop":{"background-color":"","background-image":"","background-repeat":"repeat","background-position":"center center","background-size":"auto","background-attachment":"scroll","background-type":"","background-media":"","overlay-type":"","overlay-color":"","overlay-opacity":"","overlay-gradient":""},"tablet":{"background-color":"","background-image":"","background-repeat":"repeat","background-position":"center center","background-size":"auto","background-attachment":"scroll","background-type":"","background-media":"","overlay-type":"","overlay-color":"","overlay-opacity":"","overlay-gradient":""},"mobile":{"background-color":"","background-image":"","background-repeat":"repeat","background-position":"center center","background-size":"auto","background-attachment":"scroll","background-type":"","background-media":"","overlay-type":"","overlay-color":"","overlay-opacity":"","overlay-gradient":""}},"ast-content-background-meta":{"desktop":{"background-color":"var(--ast-global-color-5)","background-image":"","background-repeat":"repeat","background-position":"center center","background-size":"auto","background-attachment":"scroll","background-type":"","background-media":"","overlay-type":"","overlay-color":"","overlay-opacity":"","overlay-gradient":""},"tablet":{"background-color":"var(--ast-global-color-5)","background-image":"","background-repeat":"repeat","background-position":"center center","background-size":"auto","background-attachment":"scroll","background-type":"","background-media":"","overlay-type":"","overlay-color":"","overlay-opacity":"","overlay-gradient":""},"mobile":{"background-color":"var(--ast-global-color-5)","background-image":"","background-repeat":"repeat","background-position":"center center","background-size":"auto","background-attachment":"scroll","background-type":"","background-media":"","overlay-type":"","overlay-color":"","overlay-opacity":"","overlay-gradient":""}}},"product_brand":[],"product_cat":[22955],"product_tag":[],"class_list":{"0":"post-484860","1":"product","2":"type-product","3":"status-publish","4":"has-post-thumbnail","6":"product_cat-pas-de-categorie","7":"desktop-align-center","8":"tablet-align-center","9":"mobile-align-center","10":"ast-product-gallery-layout-horizontal","11":"ast-product-tabs-layout-horizontal","13":"first","14":"outofstock","15":"taxable","16":"shipping-taxable","17":"purchasable","18":"product-type-simple"},"acf":[],"yoast_head":"<!-- This site is optimized with the Yoast SEO plugin v26.5 - https:\/\/yoast.com\/wordpress\/plugins\/seo\/ -->\n<title>Autoradio DAB+ avec USB, SD et AUX - 1DIN - Avec T\u00e9l\u00e9commande (RMD049DAB) - Caliber Europe B.V.<\/title>\n<meta name=\"robots\" content=\"noindex, follow, max-snippet:-1, max-image-preview:large, max-video-preview:-1\" \/>\n<meta property=\"og:locale\" content=\"fr_FR\" \/>\n<meta property=\"og:type\" content=\"article\" \/>\n<meta property=\"og:title\" content=\"Autoradio DAB+ avec USB, SD et AUX - 1DIN - Avec T\u00e9l\u00e9commande (RMD049DAB) - Caliber Europe B.V.\" \/>\n<meta property=\"og:description\" content=\"\u00c9coutez vos chansons, programmes radio et podcasts pr\u00e9f\u00e9r\u00e9s avec cet autoradio Bluetooth Caliber RMD049DAB DAB+. Gr\u00e2ce \u00e0 son format standard 1DIN et \u00e0 sa profondeur d&#039;encastrement de 110 mm, vous pouvez facilement installer la radio. \u00c9coutez vos propres listes de lecture en connectant votre t\u00e9l\u00e9phone \u00e0 l&#039;autoradio via l&#039; entr\u00e9e AUX&nbsp; ou en utilisant l&#039;entr\u00e9e [&hellip;]\" \/>\n<meta property=\"og:url\" content=\"https:\/\/b2b.calibereurope.com\/fr\/produit\/rmd049dab-fr_fr\/\" \/>\n<meta property=\"og:site_name\" content=\"Caliber Europe B.V.\" \/>\n<meta property=\"article:modified_time\" content=\"2024-07-17T06:02:09+00:00\" \/>\n<meta property=\"og:image\" content=\"https:\/\/b2b.calibereurope.com\/wp-content\/uploads\/2021\/11\/6bb5c93fbb160c5cae178fd38d763ac0e1585457_RMD049DAB_web.jpg\" \/>\n\t<meta property=\"og:image:width\" content=\"1024\" \/>\n\t<meta property=\"og:image:height\" content=\"768\" \/>\n\t<meta property=\"og:image:type\" content=\"image\/jpeg\" \/>\n<meta name=\"twitter:card\" content=\"summary_large_image\" \/>\n<meta name=\"twitter:label1\" content=\"Dur\u00e9e de lecture estim\u00e9e\" \/>\n\t<meta name=\"twitter:data1\" content=\"2 minutes\" \/>\n<script type=\"application\/ld+json\" class=\"yoast-schema-graph\">{\"@context\":\"https:\/\/schema.org\",\"@graph\":[{\"@type\":\"WebPage\",\"@id\":\"https:\/\/b2b.calibereurope.com\/fr\/produit\/rmd049dab-fr_fr\/\",\"url\":\"https:\/\/b2b.calibereurope.com\/fr\/produit\/rmd049dab-fr_fr\/\",\"name\":\"Autoradio DAB+ avec USB, SD et AUX - 1DIN - Avec T\u00e9l\u00e9commande (RMD049DAB) - Caliber Europe B.V.\",\"isPartOf\":{\"@id\":\"https:\/\/b2b.calibereurope.com\/#website\"},\"primaryImageOfPage\":{\"@id\":\"https:\/\/b2b.calibereurope.com\/fr\/produit\/rmd049dab-fr_fr\/#primaryimage\"},\"image\":{\"@id\":\"https:\/\/b2b.calibereurope.com\/fr\/produit\/rmd049dab-fr_fr\/#primaryimage\"},\"thumbnailUrl\":\"https:\/\/b2b.calibereurope.com\/wp-content\/uploads\/2023\/02\/6bb5c93fbb160c5cae178fd38d763ac0e1585457_RMD049DAB_web.jpg\",\"datePublished\":\"2024-07-17T00:00:00+00:00\",\"dateModified\":\"2024-07-17T06:02:09+00:00\",\"breadcrumb\":{\"@id\":\"https:\/\/b2b.calibereurope.com\/fr\/produit\/rmd049dab-fr_fr\/#breadcrumb\"},\"inLanguage\":\"fr-FR\",\"potentialAction\":[{\"@type\":\"ReadAction\",\"target\":[\"https:\/\/b2b.calibereurope.com\/fr\/produit\/rmd049dab-fr_fr\/\"]}]},{\"@type\":\"ImageObject\",\"inLanguage\":\"fr-FR\",\"@id\":\"https:\/\/b2b.calibereurope.com\/fr\/produit\/rmd049dab-fr_fr\/#primaryimage\",\"url\":\"https:\/\/b2b.calibereurope.com\/wp-content\/uploads\/2023\/02\/6bb5c93fbb160c5cae178fd38d763ac0e1585457_RMD049DAB_web.jpg\",\"contentUrl\":\"https:\/\/b2b.calibereurope.com\/wp-content\/uploads\/2023\/02\/6bb5c93fbb160c5cae178fd38d763ac0e1585457_RMD049DAB_web.jpg\",\"width\":1024,\"height\":768},{\"@type\":\"BreadcrumbList\",\"@id\":\"https:\/\/b2b.calibereurope.com\/fr\/produit\/rmd049dab-fr_fr\/#breadcrumb\",\"itemListElement\":[{\"@type\":\"ListItem\",\"position\":1,\"name\":\"Home\",\"item\":\"https:\/\/b2b.calibereurope.com\/fr\/home\/\"},{\"@type\":\"ListItem\",\"position\":2,\"name\":\"Boutique\",\"item\":\"https:\/\/b2b.calibereurope.com\/fr\/boutique\/\"},{\"@type\":\"ListItem\",\"position\":3,\"name\":\"Autoradio &#8211; DAB+ Radio FM 4X 75W (RMD049DAB)\"}]},{\"@type\":\"WebSite\",\"@id\":\"https:\/\/b2b.calibereurope.com\/#website\",\"url\":\"https:\/\/b2b.calibereurope.com\/\",\"name\":\"Caliber Europe B.V.\",\"description\":\"B2B Webshop\",\"publisher\":{\"@id\":\"https:\/\/b2b.calibereurope.com\/#organization\"},\"potentialAction\":[{\"@type\":\"SearchAction\",\"target\":{\"@type\":\"EntryPoint\",\"urlTemplate\":\"https:\/\/b2b.calibereurope.com\/?s={search_term_string}\"},\"query-input\":{\"@type\":\"PropertyValueSpecification\",\"valueRequired\":true,\"valueName\":\"search_term_string\"}}],\"inLanguage\":\"fr-FR\"},{\"@type\":\"Organization\",\"@id\":\"https:\/\/b2b.calibereurope.com\/#organization\",\"name\":\"Caliber Europe B.V.\",\"url\":\"https:\/\/b2b.calibereurope.com\/\",\"logo\":{\"@type\":\"ImageObject\",\"inLanguage\":\"fr-FR\",\"@id\":\"https:\/\/b2b.calibereurope.com\/#\/schema\/logo\/image\/\",\"url\":\"https:\/\/b2b.calibereurope.com\/wp-content\/uploads\/2020\/12\/Caliber_Logo-Black.png\",\"contentUrl\":\"https:\/\/b2b.calibereurope.com\/wp-content\/uploads\/2020\/12\/Caliber_Logo-Black.png\",\"width\":3157,\"height\":356,\"caption\":\"Caliber Europe B.V.\"},\"image\":{\"@id\":\"https:\/\/b2b.calibereurope.com\/#\/schema\/logo\/image\/\"}}]}<\/script>\n<!-- \/ Yoast SEO plugin. -->","yoast_head_json":{"title":"Autoradio DAB+ avec USB, SD et AUX - 1DIN - Avec T\u00e9l\u00e9commande (RMD049DAB) - Caliber Europe B.V.","robots":{"index":"noindex","follow":"follow","max-snippet":"max-snippet:-1","max-image-preview":"max-image-preview:large","max-video-preview":"max-video-preview:-1"},"og_locale":"fr_FR","og_type":"article","og_title":"Autoradio DAB+ avec USB, SD et AUX - 1DIN - Avec T\u00e9l\u00e9commande (RMD049DAB) - Caliber Europe B.V.","og_description":"\u00c9coutez vos chansons, programmes radio et podcasts pr\u00e9f\u00e9r\u00e9s avec cet autoradio Bluetooth Caliber RMD049DAB DAB+. Gr\u00e2ce \u00e0 son format standard 1DIN et \u00e0 sa profondeur d&#39;encastrement de 110 mm, vous pouvez facilement installer la radio. \u00c9coutez vos propres listes de lecture en connectant votre t\u00e9l\u00e9phone \u00e0 l&#39;autoradio via l&#39; entr\u00e9e AUX&nbsp; ou en utilisant l&#39;entr\u00e9e [&hellip;]","og_url":"https:\/\/b2b.calibereurope.com\/fr\/produit\/rmd049dab-fr_fr\/","og_site_name":"Caliber Europe B.V.","article_modified_time":"2024-07-17T06:02:09+00:00","og_image":[{"width":1024,"height":768,"url":"https:\/\/b2b.calibereurope.com\/wp-content\/uploads\/2021\/11\/6bb5c93fbb160c5cae178fd38d763ac0e1585457_RMD049DAB_web.jpg","type":"image\/jpeg"}],"twitter_card":"summary_large_image","twitter_misc":{"Dur\u00e9e de lecture estim\u00e9e":"2 minutes"},"schema":{"@context":"https:\/\/schema.org","@graph":[{"@type":"WebPage","@id":"https:\/\/b2b.calibereurope.com\/fr\/produit\/rmd049dab-fr_fr\/","url":"https:\/\/b2b.calibereurope.com\/fr\/produit\/rmd049dab-fr_fr\/","name":"Autoradio DAB+ avec USB, SD et AUX - 1DIN - Avec T\u00e9l\u00e9commande (RMD049DAB) - Caliber Europe B.V.","isPartOf":{"@id":"https:\/\/b2b.calibereurope.com\/#website"},"primaryImageOfPage":{"@id":"https:\/\/b2b.calibereurope.com\/fr\/produit\/rmd049dab-fr_fr\/#primaryimage"},"image":{"@id":"https:\/\/b2b.calibereurope.com\/fr\/produit\/rmd049dab-fr_fr\/#primaryimage"},"thumbnailUrl":"https:\/\/b2b.calibereurope.com\/wp-content\/uploads\/2023\/02\/6bb5c93fbb160c5cae178fd38d763ac0e1585457_RMD049DAB_web.jpg","datePublished":"2024-07-17T00:00:00+00:00","dateModified":"2024-07-17T06:02:09+00:00","breadcrumb":{"@id":"https:\/\/b2b.calibereurope.com\/fr\/produit\/rmd049dab-fr_fr\/#breadcrumb"},"inLanguage":"fr-FR","potentialAction":[{"@type":"ReadAction","target":["https:\/\/b2b.calibereurope.com\/fr\/produit\/rmd049dab-fr_fr\/"]}]},{"@type":"ImageObject","inLanguage":"fr-FR","@id":"https:\/\/b2b.calibereurope.com\/fr\/produit\/rmd049dab-fr_fr\/#primaryimage","url":"https:\/\/b2b.calibereurope.com\/wp-content\/uploads\/2023\/02\/6bb5c93fbb160c5cae178fd38d763ac0e1585457_RMD049DAB_web.jpg","contentUrl":"https:\/\/b2b.calibereurope.com\/wp-content\/uploads\/2023\/02\/6bb5c93fbb160c5cae178fd38d763ac0e1585457_RMD049DAB_web.jpg","width":1024,"height":768},{"@type":"BreadcrumbList","@id":"https:\/\/b2b.calibereurope.com\/fr\/produit\/rmd049dab-fr_fr\/#breadcrumb","itemListElement":[{"@type":"ListItem","position":1,"name":"Home","item":"https:\/\/b2b.calibereurope.com\/fr\/home\/"},{"@type":"ListItem","position":2,"name":"Boutique","item":"https:\/\/b2b.calibereurope.com\/fr\/boutique\/"},{"@type":"ListItem","position":3,"name":"Autoradio &#8211; DAB+ Radio FM 4X 75W (RMD049DAB)"}]},{"@type":"WebSite","@id":"https:\/\/b2b.calibereurope.com\/#website","url":"https:\/\/b2b.calibereurope.com\/","name":"Caliber Europe B.V.","description":"B2B Webshop","publisher":{"@id":"https:\/\/b2b.calibereurope.com\/#organization"},"potentialAction":[{"@type":"SearchAction","target":{"@type":"EntryPoint","urlTemplate":"https:\/\/b2b.calibereurope.com\/?s={search_term_string}"},"query-input":{"@type":"PropertyValueSpecification","valueRequired":true,"valueName":"search_term_string"}}],"inLanguage":"fr-FR"},{"@type":"Organization","@id":"https:\/\/b2b.calibereurope.com\/#organization","name":"Caliber Europe B.V.","url":"https:\/\/b2b.calibereurope.com\/","logo":{"@type":"ImageObject","inLanguage":"fr-FR","@id":"https:\/\/b2b.calibereurope.com\/#\/schema\/logo\/image\/","url":"https:\/\/b2b.calibereurope.com\/wp-content\/uploads\/2020\/12\/Caliber_Logo-Black.png","contentUrl":"https:\/\/b2b.calibereurope.com\/wp-content\/uploads\/2020\/12\/Caliber_Logo-Black.png","width":3157,"height":356,"caption":"Caliber Europe B.V."},"image":{"@id":"https:\/\/b2b.calibereurope.com\/#\/schema\/logo\/image\/"}}]}},"_links":{"self":[{"href":"https:\/\/b2b.calibereurope.com\/fr\/wp-json\/wp\/v2\/product\/484860","targetHints":{"allow":["GET"]}}],"collection":[{"href":"https:\/\/b2b.calibereurope.com\/fr\/wp-json\/wp\/v2\/product"}],"about":[{"href":"https:\/\/b2b.calibereurope.com\/fr\/wp-json\/wp\/v2\/types\/product"}],"version-history":[{"count":0,"href":"https:\/\/b2b.calibereurope.com\/fr\/wp-json\/wp\/v2\/product\/484860\/revisions"}],"wp:featuredmedia":[{"embeddable":true,"href":"https:\/\/b2b.calibereurope.com\/fr\/wp-json\/wp\/v2\/media\/811500"}],"wp:attachment":[{"href":"https:\/\/b2b.calibereurope.com\/fr\/wp-json\/wp\/v2\/media?parent=484860"}],"wp:term":[{"taxonomy":"product_brand","embeddable":true,"href":"https:\/\/b2b.calibereurope.com\/fr\/wp-json\/wp\/v2\/product_brand?post=484860"},{"taxonomy":"product_cat","embeddable":true,"href":"https:\/\/b2b.calibereurope.com\/fr\/wp-json\/wp\/v2\/product_cat?post=484860"},{"taxonomy":"product_tag","embeddable":true,"href":"https:\/\/b2b.calibereurope.com\/fr\/wp-json\/wp\/v2\/product_tag?post=484860"}],"curies":[{"name":"wp","href":"https:\/\/api.w.org\/{rel}","templated":true}]}}