{"id":485012,"date":"2022-10-19T02:00:00","date_gmt":"2022-10-19T00:00:00","guid":{"rendered":""},"modified":"2025-12-03T11:16:12","modified_gmt":"2025-12-03T10:16:12","slug":"RMD213-fr_FR","status":"publish","type":"product","link":"https:\/\/b2b.calibereurope.com\/fr\/produit\/RMD213-fr_FR\/","title":{"rendered":"Autoradio avec FM, USD, SD et haut-parleurs int\u00e9gr\u00e9s &#8211; Noir (RMD213)"},"content":{"rendered":"<p>Le Caliber RMD213 est un autoradio avec des haut-parleurs int\u00e9gr\u00e9s de 25 watts chacun. Vous placez cette radio dans les v\u00e9hicules sans possibilit\u00e9 de brancher des haut-parleurs externes. Pensez \u00e0 un ancien. Bien s\u00fbr, vous pouvez aussi brancher la radio dans une voiture avec des haut-parleurs. Avec une puissance de 4x 75 Watt, votre musique s&#39;\u00e9l\u00e8vera facilement au-dessus du son de votre voiture.<\/p>\n<p> Jouer de la musique<\/p>\n<p> Le Caliber RMD213 offre de multiples possibilit\u00e9s de jouer de la musique. Par exemple, connectez votre smartphone via USB ou l&#39;entr\u00e9e auxiliaire. Vous pouvez \u00e9galement \u00e9couter le son d&#39;une cl\u00e9 USB ou ins\u00e9rer une carte SD dans le lecteur de carte SD. Si vous pr\u00e9f\u00e9rez \u00e9couter la radio, vous pouvez r\u00e9gler 18 stations pr\u00e9r\u00e9gl\u00e9es.<\/p>\n<p> Lecture longue<\/p>\n<p> Si vous restez immobile quelque part et que vous \u00e9teignez compl\u00e8tement la voiture, la radio joue une heure de plus gr\u00e2ce \u00e0 la CAA. Utile si vous vous trouvez devant un pont ouvert ou dans un embouteillage et que vous voulez \u00e9conomiser la batterie de votre voiture. L&#39;EEPROM garantit que tous les param\u00e8tres que vous avez d\u00e9finis sont sauvegard\u00e9s. M\u00eame s&#39;il n&#39;y a pas du tout d&#39;alimentation \u00e9lectrique. Cette radio a la taille standard 1-DIN, ce qui permet de remplacer facilement votre ancien autoradio.<\/p>\n","protected":false},"excerpt":{"rendered":"<p>Le Caliber RMD213 est un autoradio avec des haut-parleurs int\u00e9gr\u00e9s de 25 watts chacun. Vous placez cette radio dans les v\u00e9hicules sans possibilit\u00e9 de brancher des haut-parleurs externes. Pensez \u00e0 un ancien. Bien s\u00fbr, vous pouvez aussi brancher la radio dans une voiture avec des haut-parleurs. Avec une puissance de 4x 75 Watt, votre musique [&hellip;]<\/p>\n","protected":false},"featured_media":758917,"template":"","meta":{"_acf_changed":false,"site-sidebar-layout":"default","site-content-layout":"","ast-site-content-layout":"default","site-content-style":"default","site-sidebar-style":"default","ast-global-header-display":"","ast-banner-title-visibility":"","ast-main-header-display":"","ast-hfb-above-header-display":"","ast-hfb-below-header-display":"","ast-hfb-mobile-header-display":"","site-post-title":"","ast-breadcrumbs-content":"","ast-featured-img":"","footer-sml-layout":"","theme-transparent-header-meta":"","adv-header-id-meta":"","stick-header-meta":"","header-above-stick-meta":"","header-main-stick-meta":"","header-below-stick-meta":"","astra-migrate-meta-layouts":"default","ast-page-background-enabled":"default","ast-page-background-meta":{"desktop":{"background-color":"","background-image":"","background-repeat":"repeat","background-position":"center center","background-size":"auto","background-attachment":"scroll","background-type":"","background-media":"","overlay-type":"","overlay-color":"","overlay-opacity":"","overlay-gradient":""},"tablet":{"background-color":"","background-image":"","background-repeat":"repeat","background-position":"center center","background-size":"auto","background-attachment":"scroll","background-type":"","background-media":"","overlay-type":"","overlay-color":"","overlay-opacity":"","overlay-gradient":""},"mobile":{"background-color":"","background-image":"","background-repeat":"repeat","background-position":"center center","background-size":"auto","background-attachment":"scroll","background-type":"","background-media":"","overlay-type":"","overlay-color":"","overlay-opacity":"","overlay-gradient":""}},"ast-content-background-meta":{"desktop":{"background-color":"var(--ast-global-color-5)","background-image":"","background-repeat":"repeat","background-position":"center center","background-size":"auto","background-attachment":"scroll","background-type":"","background-media":"","overlay-type":"","overlay-color":"","overlay-opacity":"","overlay-gradient":""},"tablet":{"background-color":"var(--ast-global-color-5)","background-image":"","background-repeat":"repeat","background-position":"center center","background-size":"auto","background-attachment":"scroll","background-type":"","background-media":"","overlay-type":"","overlay-color":"","overlay-opacity":"","overlay-gradient":""},"mobile":{"background-color":"var(--ast-global-color-5)","background-image":"","background-repeat":"repeat","background-position":"center center","background-size":"auto","background-attachment":"scroll","background-type":"","background-media":"","overlay-type":"","overlay-color":"","overlay-opacity":"","overlay-gradient":""}}},"product_brand":[],"product_cat":[22955],"product_tag":[],"class_list":{"0":"post-485012","1":"product","2":"type-product","3":"status-publish","4":"has-post-thumbnail","6":"product_cat-pas-de-categorie","7":"desktop-align-center","8":"tablet-align-center","9":"mobile-align-center","10":"ast-product-gallery-layout-horizontal","11":"ast-product-tabs-layout-horizontal","13":"first","14":"instock","15":"taxable","16":"shipping-taxable","17":"purchasable","18":"product-type-simple"},"acf":[],"yoast_head":"<!-- This site is optimized with the Yoast SEO plugin v26.5 - https:\/\/yoast.com\/wordpress\/plugins\/seo\/ -->\n<title>Autoradio avec FM, USD, SD et haut-parleurs int\u00e9gr\u00e9s - Noir (RMD213) - Caliber Europe B.V.<\/title>\n<meta name=\"robots\" content=\"noindex, follow, max-snippet:-1, max-image-preview:large, max-video-preview:-1\" \/>\n<meta property=\"og:locale\" content=\"fr_FR\" \/>\n<meta property=\"og:type\" content=\"article\" \/>\n<meta property=\"og:title\" content=\"Autoradio avec FM, USD, SD et haut-parleurs int\u00e9gr\u00e9s - Noir (RMD213) - Caliber Europe B.V.\" \/>\n<meta property=\"og:description\" content=\"Le Caliber RMD213 est un autoradio avec des haut-parleurs int\u00e9gr\u00e9s de 25 watts chacun. Vous placez cette radio dans les v\u00e9hicules sans possibilit\u00e9 de brancher des haut-parleurs externes. Pensez \u00e0 un ancien. Bien s\u00fbr, vous pouvez aussi brancher la radio dans une voiture avec des haut-parleurs. Avec une puissance de 4x 75 Watt, votre musique [&hellip;]\" \/>\n<meta property=\"og:url\" content=\"https:\/\/b2b.calibereurope.com\/fr\/produit\/rmd213-fr_fr\/\" \/>\n<meta property=\"og:site_name\" content=\"Caliber Europe B.V.\" \/>\n<meta property=\"article:modified_time\" content=\"2025-12-03T10:16:12+00:00\" \/>\n<meta property=\"og:image\" content=\"https:\/\/b2b.calibereurope.com\/wp-content\/uploads\/2021\/11\/48b92d220b03ca7e237ed92ba579cfb8a6846faf_RMD213.jpg\" \/>\n\t<meta property=\"og:image:width\" content=\"1696\" \/>\n\t<meta property=\"og:image:height\" content=\"699\" \/>\n\t<meta property=\"og:image:type\" content=\"image\/jpeg\" \/>\n<meta name=\"twitter:card\" content=\"summary_large_image\" \/>\n<meta name=\"twitter:label1\" content=\"Dur\u00e9e de lecture estim\u00e9e\" \/>\n\t<meta name=\"twitter:data1\" content=\"1 minute\" \/>\n<script type=\"application\/ld+json\" class=\"yoast-schema-graph\">{\"@context\":\"https:\/\/schema.org\",\"@graph\":[{\"@type\":\"WebPage\",\"@id\":\"https:\/\/b2b.calibereurope.com\/fr\/produit\/rmd213-fr_fr\/\",\"url\":\"https:\/\/b2b.calibereurope.com\/fr\/produit\/rmd213-fr_fr\/\",\"name\":\"Autoradio avec FM, USD, SD et haut-parleurs int\u00e9gr\u00e9s - Noir (RMD213) - Caliber Europe B.V.\",\"isPartOf\":{\"@id\":\"https:\/\/b2b.calibereurope.com\/#website\"},\"primaryImageOfPage\":{\"@id\":\"https:\/\/b2b.calibereurope.com\/fr\/produit\/rmd213-fr_fr\/#primaryimage\"},\"image\":{\"@id\":\"https:\/\/b2b.calibereurope.com\/fr\/produit\/rmd213-fr_fr\/#primaryimage\"},\"thumbnailUrl\":\"https:\/\/b2b.calibereurope.com\/wp-content\/uploads\/2022\/10\/3fa3d65ad4d2aa832c19ee05cfd08301b9baed4d_RMD213.jpg\",\"datePublished\":\"2022-10-19T00:00:00+00:00\",\"dateModified\":\"2025-12-03T10:16:12+00:00\",\"breadcrumb\":{\"@id\":\"https:\/\/b2b.calibereurope.com\/fr\/produit\/rmd213-fr_fr\/#breadcrumb\"},\"inLanguage\":\"fr-FR\",\"potentialAction\":[{\"@type\":\"ReadAction\",\"target\":[\"https:\/\/b2b.calibereurope.com\/fr\/produit\/rmd213-fr_fr\/\"]}]},{\"@type\":\"ImageObject\",\"inLanguage\":\"fr-FR\",\"@id\":\"https:\/\/b2b.calibereurope.com\/fr\/produit\/rmd213-fr_fr\/#primaryimage\",\"url\":\"https:\/\/b2b.calibereurope.com\/wp-content\/uploads\/2022\/10\/3fa3d65ad4d2aa832c19ee05cfd08301b9baed4d_RMD213.jpg\",\"contentUrl\":\"https:\/\/b2b.calibereurope.com\/wp-content\/uploads\/2022\/10\/3fa3d65ad4d2aa832c19ee05cfd08301b9baed4d_RMD213.jpg\",\"width\":1722,\"height\":1291},{\"@type\":\"BreadcrumbList\",\"@id\":\"https:\/\/b2b.calibereurope.com\/fr\/produit\/rmd213-fr_fr\/#breadcrumb\",\"itemListElement\":[{\"@type\":\"ListItem\",\"position\":1,\"name\":\"Home\",\"item\":\"https:\/\/b2b.calibereurope.com\/fr\/home\/\"},{\"@type\":\"ListItem\",\"position\":2,\"name\":\"Boutique\",\"item\":\"https:\/\/b2b.calibereurope.com\/fr\/boutique\/\"},{\"@type\":\"ListItem\",\"position\":3,\"name\":\"Autoradio avec haut-parleurs int\u00e9gr\u00e9s (RMD213)\"}]},{\"@type\":\"WebSite\",\"@id\":\"https:\/\/b2b.calibereurope.com\/#website\",\"url\":\"https:\/\/b2b.calibereurope.com\/\",\"name\":\"Caliber Europe B.V.\",\"description\":\"B2B Webshop\",\"publisher\":{\"@id\":\"https:\/\/b2b.calibereurope.com\/#organization\"},\"potentialAction\":[{\"@type\":\"SearchAction\",\"target\":{\"@type\":\"EntryPoint\",\"urlTemplate\":\"https:\/\/b2b.calibereurope.com\/?s={search_term_string}\"},\"query-input\":{\"@type\":\"PropertyValueSpecification\",\"valueRequired\":true,\"valueName\":\"search_term_string\"}}],\"inLanguage\":\"fr-FR\"},{\"@type\":\"Organization\",\"@id\":\"https:\/\/b2b.calibereurope.com\/#organization\",\"name\":\"Caliber Europe B.V.\",\"url\":\"https:\/\/b2b.calibereurope.com\/\",\"logo\":{\"@type\":\"ImageObject\",\"inLanguage\":\"fr-FR\",\"@id\":\"https:\/\/b2b.calibereurope.com\/#\/schema\/logo\/image\/\",\"url\":\"https:\/\/b2b.calibereurope.com\/wp-content\/uploads\/2020\/12\/Caliber_Logo-Black.png\",\"contentUrl\":\"https:\/\/b2b.calibereurope.com\/wp-content\/uploads\/2020\/12\/Caliber_Logo-Black.png\",\"width\":3157,\"height\":356,\"caption\":\"Caliber Europe B.V.\"},\"image\":{\"@id\":\"https:\/\/b2b.calibereurope.com\/#\/schema\/logo\/image\/\"}}]}<\/script>\n<!-- \/ Yoast SEO plugin. -->","yoast_head_json":{"title":"Autoradio avec FM, USD, SD et haut-parleurs int\u00e9gr\u00e9s - Noir (RMD213) - Caliber Europe B.V.","robots":{"index":"noindex","follow":"follow","max-snippet":"max-snippet:-1","max-image-preview":"max-image-preview:large","max-video-preview":"max-video-preview:-1"},"og_locale":"fr_FR","og_type":"article","og_title":"Autoradio avec FM, USD, SD et haut-parleurs int\u00e9gr\u00e9s - Noir (RMD213) - Caliber Europe B.V.","og_description":"Le Caliber RMD213 est un autoradio avec des haut-parleurs int\u00e9gr\u00e9s de 25 watts chacun. Vous placez cette radio dans les v\u00e9hicules sans possibilit\u00e9 de brancher des haut-parleurs externes. Pensez \u00e0 un ancien. Bien s\u00fbr, vous pouvez aussi brancher la radio dans une voiture avec des haut-parleurs. Avec une puissance de 4x 75 Watt, votre musique [&hellip;]","og_url":"https:\/\/b2b.calibereurope.com\/fr\/produit\/rmd213-fr_fr\/","og_site_name":"Caliber Europe B.V.","article_modified_time":"2025-12-03T10:16:12+00:00","og_image":[{"width":1696,"height":699,"url":"https:\/\/b2b.calibereurope.com\/wp-content\/uploads\/2021\/11\/48b92d220b03ca7e237ed92ba579cfb8a6846faf_RMD213.jpg","type":"image\/jpeg"}],"twitter_card":"summary_large_image","twitter_misc":{"Dur\u00e9e de lecture estim\u00e9e":"1 minute"},"schema":{"@context":"https:\/\/schema.org","@graph":[{"@type":"WebPage","@id":"https:\/\/b2b.calibereurope.com\/fr\/produit\/rmd213-fr_fr\/","url":"https:\/\/b2b.calibereurope.com\/fr\/produit\/rmd213-fr_fr\/","name":"Autoradio avec FM, USD, SD et haut-parleurs int\u00e9gr\u00e9s - Noir (RMD213) - Caliber Europe B.V.","isPartOf":{"@id":"https:\/\/b2b.calibereurope.com\/#website"},"primaryImageOfPage":{"@id":"https:\/\/b2b.calibereurope.com\/fr\/produit\/rmd213-fr_fr\/#primaryimage"},"image":{"@id":"https:\/\/b2b.calibereurope.com\/fr\/produit\/rmd213-fr_fr\/#primaryimage"},"thumbnailUrl":"https:\/\/b2b.calibereurope.com\/wp-content\/uploads\/2022\/10\/3fa3d65ad4d2aa832c19ee05cfd08301b9baed4d_RMD213.jpg","datePublished":"2022-10-19T00:00:00+00:00","dateModified":"2025-12-03T10:16:12+00:00","breadcrumb":{"@id":"https:\/\/b2b.calibereurope.com\/fr\/produit\/rmd213-fr_fr\/#breadcrumb"},"inLanguage":"fr-FR","potentialAction":[{"@type":"ReadAction","target":["https:\/\/b2b.calibereurope.com\/fr\/produit\/rmd213-fr_fr\/"]}]},{"@type":"ImageObject","inLanguage":"fr-FR","@id":"https:\/\/b2b.calibereurope.com\/fr\/produit\/rmd213-fr_fr\/#primaryimage","url":"https:\/\/b2b.calibereurope.com\/wp-content\/uploads\/2022\/10\/3fa3d65ad4d2aa832c19ee05cfd08301b9baed4d_RMD213.jpg","contentUrl":"https:\/\/b2b.calibereurope.com\/wp-content\/uploads\/2022\/10\/3fa3d65ad4d2aa832c19ee05cfd08301b9baed4d_RMD213.jpg","width":1722,"height":1291},{"@type":"BreadcrumbList","@id":"https:\/\/b2b.calibereurope.com\/fr\/produit\/rmd213-fr_fr\/#breadcrumb","itemListElement":[{"@type":"ListItem","position":1,"name":"Home","item":"https:\/\/b2b.calibereurope.com\/fr\/home\/"},{"@type":"ListItem","position":2,"name":"Boutique","item":"https:\/\/b2b.calibereurope.com\/fr\/boutique\/"},{"@type":"ListItem","position":3,"name":"Autoradio avec haut-parleurs int\u00e9gr\u00e9s (RMD213)"}]},{"@type":"WebSite","@id":"https:\/\/b2b.calibereurope.com\/#website","url":"https:\/\/b2b.calibereurope.com\/","name":"Caliber Europe B.V.","description":"B2B Webshop","publisher":{"@id":"https:\/\/b2b.calibereurope.com\/#organization"},"potentialAction":[{"@type":"SearchAction","target":{"@type":"EntryPoint","urlTemplate":"https:\/\/b2b.calibereurope.com\/?s={search_term_string}"},"query-input":{"@type":"PropertyValueSpecification","valueRequired":true,"valueName":"search_term_string"}}],"inLanguage":"fr-FR"},{"@type":"Organization","@id":"https:\/\/b2b.calibereurope.com\/#organization","name":"Caliber Europe B.V.","url":"https:\/\/b2b.calibereurope.com\/","logo":{"@type":"ImageObject","inLanguage":"fr-FR","@id":"https:\/\/b2b.calibereurope.com\/#\/schema\/logo\/image\/","url":"https:\/\/b2b.calibereurope.com\/wp-content\/uploads\/2020\/12\/Caliber_Logo-Black.png","contentUrl":"https:\/\/b2b.calibereurope.com\/wp-content\/uploads\/2020\/12\/Caliber_Logo-Black.png","width":3157,"height":356,"caption":"Caliber Europe B.V."},"image":{"@id":"https:\/\/b2b.calibereurope.com\/#\/schema\/logo\/image\/"}}]}},"_links":{"self":[{"href":"https:\/\/b2b.calibereurope.com\/fr\/wp-json\/wp\/v2\/product\/485012","targetHints":{"allow":["GET"]}}],"collection":[{"href":"https:\/\/b2b.calibereurope.com\/fr\/wp-json\/wp\/v2\/product"}],"about":[{"href":"https:\/\/b2b.calibereurope.com\/fr\/wp-json\/wp\/v2\/types\/product"}],"version-history":[{"count":0,"href":"https:\/\/b2b.calibereurope.com\/fr\/wp-json\/wp\/v2\/product\/485012\/revisions"}],"wp:featuredmedia":[{"embeddable":true,"href":"https:\/\/b2b.calibereurope.com\/fr\/wp-json\/wp\/v2\/media\/758917"}],"wp:attachment":[{"href":"https:\/\/b2b.calibereurope.com\/fr\/wp-json\/wp\/v2\/media?parent=485012"}],"wp:term":[{"taxonomy":"product_brand","embeddable":true,"href":"https:\/\/b2b.calibereurope.com\/fr\/wp-json\/wp\/v2\/product_brand?post=485012"},{"taxonomy":"product_cat","embeddable":true,"href":"https:\/\/b2b.calibereurope.com\/fr\/wp-json\/wp\/v2\/product_cat?post=485012"},{"taxonomy":"product_tag","embeddable":true,"href":"https:\/\/b2b.calibereurope.com\/fr\/wp-json\/wp\/v2\/product_tag?post=485012"}],"curies":[{"name":"wp","href":"https:\/\/api.w.org\/{rel}","templated":true}]}}