{"id":485440,"date":"2025-10-07T02:00:00","date_gmt":"2025-10-07T00:00:00","guid":{"rendered":"https:\/\/b2b.calibereurope.com\/product\/hwp101le-fr_fr\/"},"modified":"2025-10-07T12:06:16","modified_gmt":"2025-10-07T10:06:16","slug":"hwp101le-fr_fr","status":"publish","type":"product","link":"https:\/\/b2b.calibereurope.com\/fr\/produit\/hwp101le-fr_fr\/","title":{"rendered":"Prise intelligente avec moniteur d&rsquo;\u00e9nergie &#8211; LED RGB (HWP101LE)"},"content":{"rendered":"<p>Le Caliber HWP101LE est une prise intelligente avec \u00e9clairage LED. Gr\u00e2ce \u00e0 cette prise, vous \u00e9conomisez beaucoup d&rsquo;\u00e9nergie dans votre maison. Placez la fiche entre une prise murale et un appareil \u00e9lectronique et r\u00e9glez-la vous-m\u00eame lorsque l&rsquo;appareil est branch\u00e9 sur le secteur. Possibilit\u00e9s de r\u00e9glageUtilisez le HWP101LE \u00e9galement en combinaison avec des lampes. Avec l&rsquo;application Caliber Smart Home, les possibilit\u00e9s sont presque infinies. Le HWP a la fonction de l&rsquo;allumer\/\u00e9teindre automatiquement selon un horaire (heures fixes), mais il est \u00e9galement possible de l&rsquo;allumer aux heures de lever et de coucher du soleil. De cette fa\u00e7on, vous n&rsquo;avez jamais \u00e0 ajuster les temps et la lampe ne br\u00fble pas inutilement. En combinaison avec d&rsquo;autres produits Caliber Smart, vous pouvez cr\u00e9er des sc\u00e9narios, de sorte que vous pouvez laisser la cam\u00e9ra intelligente (HWC) s&rsquo;allumer par exemple lorsqu&rsquo;un mouvement est d\u00e9tect\u00e9 par une cam\u00e9ra intelligente (HWC) ou un capteur intelligent (HWS). Des fonctions pratiques La HWP101LE est \u00e9quip\u00e9e d&rsquo;une sonnerie \u00e0 LED RGB. De cette fa\u00e7on, il peut \u00e9galement \u00eatre utilis\u00e9 comme veilleuse. L&rsquo;application permet de commander l&rsquo;\u00e9clairage annulaire LED de mani\u00e8re totalement ind\u00e9pendante de l&rsquo;alimentation \u00e9lectrique. Le HWP101LE est \u00e9galement \u00e9quip\u00e9 d&rsquo;un bouton marche\/arr\u00eat physique, de sorte que vous pouvez l&rsquo;allumer ou l&rsquo;\u00e9teindre m\u00eame sans t\u00e9l\u00e9phone \u00e0 proximit\u00e9. La fiche utilise une protection pour enfants, de sorte que vous pouvez l&rsquo;utiliser en toute s\u00e9curit\u00e9 avec les enfants \u00e0 la maison. En outre, vous suivez \u00e9galement la consommation d&rsquo;\u00e9lectricit\u00e9, ce qui vous permet de conna\u00eetre vos co\u00fbts \u00e9nerg\u00e9tiques.<\/p>\n","protected":false},"excerpt":{"rendered":"<p>Le Caliber HWP101LE est une prise intelligente avec \u00e9clairage LED. Gr\u00e2ce \u00e0 cette prise, vous \u00e9conomisez beaucoup d&rsquo;\u00e9nergie dans votre maison. Placez la fiche entre une prise murale et un appareil \u00e9lectronique et r\u00e9glez-la vous-m\u00eame lorsque l&rsquo;appareil est branch\u00e9 sur le secteur. Possibilit\u00e9s de r\u00e9glageUtilisez le HWP101LE \u00e9galement en combinaison avec des lampes. Avec l&rsquo;application [&hellip;]<\/p>\n","protected":false},"featured_media":858243,"template":"","meta":{"_acf_changed":false,"site-sidebar-layout":"default","site-content-layout":"","ast-site-content-layout":"default","site-content-style":"default","site-sidebar-style":"default","ast-global-header-display":"","ast-banner-title-visibility":"","ast-main-header-display":"","ast-hfb-above-header-display":"","ast-hfb-below-header-display":"","ast-hfb-mobile-header-display":"","site-post-title":"","ast-breadcrumbs-content":"","ast-featured-img":"","footer-sml-layout":"","theme-transparent-header-meta":"","adv-header-id-meta":"","stick-header-meta":"","header-above-stick-meta":"","header-main-stick-meta":"","header-below-stick-meta":"","astra-migrate-meta-layouts":"default","ast-page-background-enabled":"default","ast-page-background-meta":{"desktop":{"background-color":"","background-image":"","background-repeat":"repeat","background-position":"center center","background-size":"auto","background-attachment":"scroll","background-type":"","background-media":"","overlay-type":"","overlay-color":"","overlay-opacity":"","overlay-gradient":""},"tablet":{"background-color":"","background-image":"","background-repeat":"repeat","background-position":"center center","background-size":"auto","background-attachment":"scroll","background-type":"","background-media":"","overlay-type":"","overlay-color":"","overlay-opacity":"","overlay-gradient":""},"mobile":{"background-color":"","background-image":"","background-repeat":"repeat","background-position":"center center","background-size":"auto","background-attachment":"scroll","background-type":"","background-media":"","overlay-type":"","overlay-color":"","overlay-opacity":"","overlay-gradient":""}},"ast-content-background-meta":{"desktop":{"background-color":"var(--ast-global-color-5)","background-image":"","background-repeat":"repeat","background-position":"center center","background-size":"auto","background-attachment":"scroll","background-type":"","background-media":"","overlay-type":"","overlay-color":"","overlay-opacity":"","overlay-gradient":""},"tablet":{"background-color":"var(--ast-global-color-5)","background-image":"","background-repeat":"repeat","background-position":"center center","background-size":"auto","background-attachment":"scroll","background-type":"","background-media":"","overlay-type":"","overlay-color":"","overlay-opacity":"","overlay-gradient":""},"mobile":{"background-color":"var(--ast-global-color-5)","background-image":"","background-repeat":"repeat","background-position":"center center","background-size":"auto","background-attachment":"scroll","background-type":"","background-media":"","overlay-type":"","overlay-color":"","overlay-opacity":"","overlay-gradient":""}}},"product_brand":[],"product_cat":[22955],"product_tag":[21750],"class_list":{"0":"post-485440","1":"product","2":"type-product","3":"status-publish","4":"has-post-thumbnail","6":"product_cat-pas-de-categorie","7":"product_tag-plugs-fr","8":"desktop-align-center","9":"tablet-align-center","10":"mobile-align-center","11":"ast-product-gallery-layout-horizontal","12":"ast-product-tabs-layout-horizontal","14":"first","15":"instock","16":"taxable","17":"shipping-taxable","18":"purchasable","19":"product-type-simple"},"acf":[],"yoast_head":"<!-- This site is optimized with the Yoast SEO plugin v26.5 - https:\/\/yoast.com\/wordpress\/plugins\/seo\/ -->\n<title>Prise intelligente avec moniteur d&#039;\u00e9nergie - LED RGB (HWP101LE) - Caliber Europe B.V.<\/title>\n<meta name=\"robots\" content=\"noindex, follow, max-snippet:-1, max-image-preview:large, max-video-preview:-1\" \/>\n<meta property=\"og:locale\" content=\"fr_FR\" \/>\n<meta property=\"og:type\" content=\"article\" \/>\n<meta property=\"og:title\" content=\"Prise intelligente avec moniteur d&#039;\u00e9nergie - LED RGB (HWP101LE) - Caliber Europe B.V.\" \/>\n<meta property=\"og:description\" content=\"Le Caliber HWP101LE est une prise intelligente avec \u00e9clairage LED. Gr\u00e2ce \u00e0 cette prise, vous \u00e9conomisez beaucoup d&rsquo;\u00e9nergie dans votre maison. Placez la fiche entre une prise murale et un appareil \u00e9lectronique et r\u00e9glez-la vous-m\u00eame lorsque l&rsquo;appareil est branch\u00e9 sur le secteur. Possibilit\u00e9s de r\u00e9glageUtilisez le HWP101LE \u00e9galement en combinaison avec des lampes. Avec l&rsquo;application [&hellip;]\" \/>\n<meta property=\"og:url\" content=\"https:\/\/b2b.calibereurope.com\/fr\/produit\/hwp101le-fr_fr\/\" \/>\n<meta property=\"og:site_name\" content=\"Caliber Europe B.V.\" \/>\n<meta property=\"article:modified_time\" content=\"2025-10-07T10:06:16+00:00\" \/>\n<meta property=\"og:image\" content=\"https:\/\/b2b.calibereurope.com\/wp-content\/uploads\/2021\/09\/1af325ba809cca3ddb1b7d3d9c1baf7b14651d50_HWL101LE_no_light.jpg\" \/>\n\t<meta property=\"og:image:width\" content=\"1024\" \/>\n\t<meta property=\"og:image:height\" content=\"768\" \/>\n\t<meta property=\"og:image:type\" content=\"image\/jpeg\" \/>\n<meta name=\"twitter:card\" content=\"summary_large_image\" \/>\n<meta name=\"twitter:label1\" content=\"Dur\u00e9e de lecture estim\u00e9e\" \/>\n\t<meta name=\"twitter:data1\" content=\"1 minute\" \/>\n<script type=\"application\/ld+json\" class=\"yoast-schema-graph\">{\"@context\":\"https:\/\/schema.org\",\"@graph\":[{\"@type\":\"WebPage\",\"@id\":\"https:\/\/b2b.calibereurope.com\/fr\/produit\/hwp101le-fr_fr\/\",\"url\":\"https:\/\/b2b.calibereurope.com\/fr\/produit\/hwp101le-fr_fr\/\",\"name\":\"Prise intelligente avec moniteur d'\u00e9nergie - LED RGB (HWP101LE) - Caliber Europe B.V.\",\"isPartOf\":{\"@id\":\"https:\/\/b2b.calibereurope.com\/#website\"},\"primaryImageOfPage\":{\"@id\":\"https:\/\/b2b.calibereurope.com\/fr\/produit\/hwp101le-fr_fr\/#primaryimage\"},\"image\":{\"@id\":\"https:\/\/b2b.calibereurope.com\/fr\/produit\/hwp101le-fr_fr\/#primaryimage\"},\"thumbnailUrl\":\"https:\/\/b2b.calibereurope.com\/wp-content\/uploads\/2025\/10\/02997221e23691d956cc435c115eb7dfd65170aa_HWP101LE.jpg\",\"datePublished\":\"2025-10-07T00:00:00+00:00\",\"dateModified\":\"2025-10-07T10:06:16+00:00\",\"breadcrumb\":{\"@id\":\"https:\/\/b2b.calibereurope.com\/fr\/produit\/hwp101le-fr_fr\/#breadcrumb\"},\"inLanguage\":\"fr-FR\",\"potentialAction\":[{\"@type\":\"ReadAction\",\"target\":[\"https:\/\/b2b.calibereurope.com\/fr\/produit\/hwp101le-fr_fr\/\"]}]},{\"@type\":\"ImageObject\",\"inLanguage\":\"fr-FR\",\"@id\":\"https:\/\/b2b.calibereurope.com\/fr\/produit\/hwp101le-fr_fr\/#primaryimage\",\"url\":\"https:\/\/b2b.calibereurope.com\/wp-content\/uploads\/2025\/10\/02997221e23691d956cc435c115eb7dfd65170aa_HWP101LE.jpg\",\"contentUrl\":\"https:\/\/b2b.calibereurope.com\/wp-content\/uploads\/2025\/10\/02997221e23691d956cc435c115eb7dfd65170aa_HWP101LE.jpg\",\"width\":1024,\"height\":768},{\"@type\":\"BreadcrumbList\",\"@id\":\"https:\/\/b2b.calibereurope.com\/fr\/produit\/hwp101le-fr_fr\/#breadcrumb\",\"itemListElement\":[{\"@type\":\"ListItem\",\"position\":1,\"name\":\"Home\",\"item\":\"https:\/\/b2b.calibereurope.com\/fr\/home\/\"},{\"@type\":\"ListItem\",\"position\":2,\"name\":\"Boutique\",\"item\":\"https:\/\/b2b.calibereurope.com\/fr\/boutique\/\"},{\"@type\":\"ListItem\",\"position\":3,\"name\":\"Prise intelligente avec moniteur d&rsquo;\u00e9nergie &#8211; LED RGB (HWP101LE)\"}]},{\"@type\":\"WebSite\",\"@id\":\"https:\/\/b2b.calibereurope.com\/#website\",\"url\":\"https:\/\/b2b.calibereurope.com\/\",\"name\":\"Caliber Europe B.V.\",\"description\":\"B2B Webshop\",\"publisher\":{\"@id\":\"https:\/\/b2b.calibereurope.com\/#organization\"},\"potentialAction\":[{\"@type\":\"SearchAction\",\"target\":{\"@type\":\"EntryPoint\",\"urlTemplate\":\"https:\/\/b2b.calibereurope.com\/?s={search_term_string}\"},\"query-input\":{\"@type\":\"PropertyValueSpecification\",\"valueRequired\":true,\"valueName\":\"search_term_string\"}}],\"inLanguage\":\"fr-FR\"},{\"@type\":\"Organization\",\"@id\":\"https:\/\/b2b.calibereurope.com\/#organization\",\"name\":\"Caliber Europe B.V.\",\"url\":\"https:\/\/b2b.calibereurope.com\/\",\"logo\":{\"@type\":\"ImageObject\",\"inLanguage\":\"fr-FR\",\"@id\":\"https:\/\/b2b.calibereurope.com\/#\/schema\/logo\/image\/\",\"url\":\"https:\/\/b2b.calibereurope.com\/wp-content\/uploads\/2020\/12\/Caliber_Logo-Black.png\",\"contentUrl\":\"https:\/\/b2b.calibereurope.com\/wp-content\/uploads\/2020\/12\/Caliber_Logo-Black.png\",\"width\":3157,\"height\":356,\"caption\":\"Caliber Europe B.V.\"},\"image\":{\"@id\":\"https:\/\/b2b.calibereurope.com\/#\/schema\/logo\/image\/\"}}]}<\/script>\n<!-- \/ Yoast SEO plugin. -->","yoast_head_json":{"title":"Prise intelligente avec moniteur d'\u00e9nergie - LED RGB (HWP101LE) - Caliber Europe B.V.","robots":{"index":"noindex","follow":"follow","max-snippet":"max-snippet:-1","max-image-preview":"max-image-preview:large","max-video-preview":"max-video-preview:-1"},"og_locale":"fr_FR","og_type":"article","og_title":"Prise intelligente avec moniteur d'\u00e9nergie - LED RGB (HWP101LE) - Caliber Europe B.V.","og_description":"Le Caliber HWP101LE est une prise intelligente avec \u00e9clairage LED. Gr\u00e2ce \u00e0 cette prise, vous \u00e9conomisez beaucoup d&rsquo;\u00e9nergie dans votre maison. Placez la fiche entre une prise murale et un appareil \u00e9lectronique et r\u00e9glez-la vous-m\u00eame lorsque l&rsquo;appareil est branch\u00e9 sur le secteur. Possibilit\u00e9s de r\u00e9glageUtilisez le HWP101LE \u00e9galement en combinaison avec des lampes. Avec l&rsquo;application [&hellip;]","og_url":"https:\/\/b2b.calibereurope.com\/fr\/produit\/hwp101le-fr_fr\/","og_site_name":"Caliber Europe B.V.","article_modified_time":"2025-10-07T10:06:16+00:00","og_image":[{"width":1024,"height":768,"url":"https:\/\/b2b.calibereurope.com\/wp-content\/uploads\/2021\/09\/1af325ba809cca3ddb1b7d3d9c1baf7b14651d50_HWL101LE_no_light.jpg","type":"image\/jpeg"}],"twitter_card":"summary_large_image","twitter_misc":{"Dur\u00e9e de lecture estim\u00e9e":"1 minute"},"schema":{"@context":"https:\/\/schema.org","@graph":[{"@type":"WebPage","@id":"https:\/\/b2b.calibereurope.com\/fr\/produit\/hwp101le-fr_fr\/","url":"https:\/\/b2b.calibereurope.com\/fr\/produit\/hwp101le-fr_fr\/","name":"Prise intelligente avec moniteur d'\u00e9nergie - LED RGB (HWP101LE) - Caliber Europe B.V.","isPartOf":{"@id":"https:\/\/b2b.calibereurope.com\/#website"},"primaryImageOfPage":{"@id":"https:\/\/b2b.calibereurope.com\/fr\/produit\/hwp101le-fr_fr\/#primaryimage"},"image":{"@id":"https:\/\/b2b.calibereurope.com\/fr\/produit\/hwp101le-fr_fr\/#primaryimage"},"thumbnailUrl":"https:\/\/b2b.calibereurope.com\/wp-content\/uploads\/2025\/10\/02997221e23691d956cc435c115eb7dfd65170aa_HWP101LE.jpg","datePublished":"2025-10-07T00:00:00+00:00","dateModified":"2025-10-07T10:06:16+00:00","breadcrumb":{"@id":"https:\/\/b2b.calibereurope.com\/fr\/produit\/hwp101le-fr_fr\/#breadcrumb"},"inLanguage":"fr-FR","potentialAction":[{"@type":"ReadAction","target":["https:\/\/b2b.calibereurope.com\/fr\/produit\/hwp101le-fr_fr\/"]}]},{"@type":"ImageObject","inLanguage":"fr-FR","@id":"https:\/\/b2b.calibereurope.com\/fr\/produit\/hwp101le-fr_fr\/#primaryimage","url":"https:\/\/b2b.calibereurope.com\/wp-content\/uploads\/2025\/10\/02997221e23691d956cc435c115eb7dfd65170aa_HWP101LE.jpg","contentUrl":"https:\/\/b2b.calibereurope.com\/wp-content\/uploads\/2025\/10\/02997221e23691d956cc435c115eb7dfd65170aa_HWP101LE.jpg","width":1024,"height":768},{"@type":"BreadcrumbList","@id":"https:\/\/b2b.calibereurope.com\/fr\/produit\/hwp101le-fr_fr\/#breadcrumb","itemListElement":[{"@type":"ListItem","position":1,"name":"Home","item":"https:\/\/b2b.calibereurope.com\/fr\/home\/"},{"@type":"ListItem","position":2,"name":"Boutique","item":"https:\/\/b2b.calibereurope.com\/fr\/boutique\/"},{"@type":"ListItem","position":3,"name":"Prise intelligente avec moniteur d&rsquo;\u00e9nergie &#8211; LED RGB (HWP101LE)"}]},{"@type":"WebSite","@id":"https:\/\/b2b.calibereurope.com\/#website","url":"https:\/\/b2b.calibereurope.com\/","name":"Caliber Europe B.V.","description":"B2B Webshop","publisher":{"@id":"https:\/\/b2b.calibereurope.com\/#organization"},"potentialAction":[{"@type":"SearchAction","target":{"@type":"EntryPoint","urlTemplate":"https:\/\/b2b.calibereurope.com\/?s={search_term_string}"},"query-input":{"@type":"PropertyValueSpecification","valueRequired":true,"valueName":"search_term_string"}}],"inLanguage":"fr-FR"},{"@type":"Organization","@id":"https:\/\/b2b.calibereurope.com\/#organization","name":"Caliber Europe B.V.","url":"https:\/\/b2b.calibereurope.com\/","logo":{"@type":"ImageObject","inLanguage":"fr-FR","@id":"https:\/\/b2b.calibereurope.com\/#\/schema\/logo\/image\/","url":"https:\/\/b2b.calibereurope.com\/wp-content\/uploads\/2020\/12\/Caliber_Logo-Black.png","contentUrl":"https:\/\/b2b.calibereurope.com\/wp-content\/uploads\/2020\/12\/Caliber_Logo-Black.png","width":3157,"height":356,"caption":"Caliber Europe B.V."},"image":{"@id":"https:\/\/b2b.calibereurope.com\/#\/schema\/logo\/image\/"}}]}},"_links":{"self":[{"href":"https:\/\/b2b.calibereurope.com\/fr\/wp-json\/wp\/v2\/product\/485440","targetHints":{"allow":["GET"]}}],"collection":[{"href":"https:\/\/b2b.calibereurope.com\/fr\/wp-json\/wp\/v2\/product"}],"about":[{"href":"https:\/\/b2b.calibereurope.com\/fr\/wp-json\/wp\/v2\/types\/product"}],"version-history":[{"count":0,"href":"https:\/\/b2b.calibereurope.com\/fr\/wp-json\/wp\/v2\/product\/485440\/revisions"}],"wp:featuredmedia":[{"embeddable":true,"href":"https:\/\/b2b.calibereurope.com\/fr\/wp-json\/wp\/v2\/media\/858243"}],"wp:attachment":[{"href":"https:\/\/b2b.calibereurope.com\/fr\/wp-json\/wp\/v2\/media?parent=485440"}],"wp:term":[{"taxonomy":"product_brand","embeddable":true,"href":"https:\/\/b2b.calibereurope.com\/fr\/wp-json\/wp\/v2\/product_brand?post=485440"},{"taxonomy":"product_cat","embeddable":true,"href":"https:\/\/b2b.calibereurope.com\/fr\/wp-json\/wp\/v2\/product_cat?post=485440"},{"taxonomy":"product_tag","embeddable":true,"href":"https:\/\/b2b.calibereurope.com\/fr\/wp-json\/wp\/v2\/product_tag?post=485440"}],"curies":[{"name":"wp","href":"https:\/\/api.w.org\/{rel}","templated":true}]}}