{"id":485960,"date":"2025-12-04T01:00:00","date_gmt":"2025-12-04T00:00:00","guid":{"rendered":"0"},"modified":"2026-04-10T10:58:57","modified_gmt":"2026-04-10T08:58:57","slug":"CAM401-fr_FR","status":"publish","type":"product","link":"https:\/\/b2b.calibereurope.com\/fr\/produit\/CAM401-fr_FR\/","title":{"rendered":"Cam\u00e9ra de Recul Sans Fil avec \u00c9cran de 4,3 pouces &#8211; Pour Voiture et Camping-car &#8211; \u00c9tanche (CAM401)"},"content":{"rendered":"<p> Rendez la conduite beaucoup plus facile et plus s\u00fbre avec cette cam\u00e9ra de recul sans fil Caliber CAM401. L&#39;\u00e9cran et la cam\u00e9ra de voiture sont <strong> connect\u00e9s sans fil <\/strong>, vous n&#39;avez donc pas besoin de c\u00e2bles pour les relier. Vous fixez le moniteur \u00e0 votre pare-brise \u00e0 l&#39;aide de la <strong> ventouse <\/strong> et vous l&#39;ajustez facilement \u00e0 la bonne position gr\u00e2ce au <strong> bras r\u00e9glable <\/strong>. Alimentez le moniteur LCD en <strong>12 \/ 24V<\/strong> <strong> via l&#39;allume-cigare <\/strong> et vous pourrez toujours voir clairement ce qui se passe derri\u00e8re la voiture ou le camping-car. La cam\u00e9ra de recul est <strong> r\u00e9sistante \u00e0 l&#39;eau et aux intemp\u00e9ries <\/strong>. <\/p>\n<p> <strong> Caract\u00e9ristiques : <\/strong> <\/p>\n<ul>\n<li> Connexion sans fil entre la cam\u00e9ra et le moniteur <\/li>\n<li> \u00c9cran couleur TFT de 4,3 pouces avec cam\u00e9ra de recul <\/li>\n<li> R\u00e9solution de l&#39;\u00e9cran : 480 x 272<\/li>\n<li> Tension d&#39;entr\u00e9e 12 \/ 24V pour le moniteur <\/li>\n<li> \u00c9tanche \u00e0 l&#39;eau et aux intemp\u00e9ries (IP65) <\/li>\n<li> Autofocus, balance des blancs et 6 LED UV <\/li>\n<li> Ventouse avec bras enti\u00e8rement r\u00e9glable <\/li>\n<\/ul>\n<h3>En s\u00e9curit\u00e9 sur la route gr\u00e2ce \u00e0 cette cam\u00e9ra de recul<\/h3>\n<p> Se garer en marche arri\u00e8re dans une rue passante ou un parking \u00e9troit ? Ce n&#39;est pas un probl\u00e8me avec cette cam\u00e9ra de recul sans fil. Gr\u00e2ce \u00e0 la cam\u00e9ra de voiture, vous verrez toujours les pi\u00e9tons, les bornes et autres objets et vous pourrez vous garer ou d\u00e9marrer en marche arri\u00e8re en toute s\u00e9curit\u00e9. La cam\u00e9ra est r\u00e9sistante \u00e0 l&#39;eau et aux intemp\u00e9ries, vous pouvez donc vous y fier dans toutes les conditions. <\/p>\n<h3>Les images sont lumineuses sur cette cam\u00e9ra de recul<\/h3>\n<p> L&#39;\u00e9cran LCD de la cam\u00e9ra de voiture affiche tout en couleurs lumineuses. Gr\u00e2ce \u00e0 l&#39;autofocus, \u00e0 la balance des blancs et aux 6 LED UV, vous pouvez voir clairement sur l&#39;\u00e9cran ce qui se passe derri\u00e8re la voiture. Le moniteur fonctionne sur 12 \/ 24 volts, que vous pouvez facilement connecter via l&#39;allume-cigare de votre voiture. Vous pouvez facilement mettre l&#39;\u00e9cran dans la bonne position gr\u00e2ce au bras r\u00e9glable de la ventouse. <\/p>\n<h3> Une cam\u00e9ra de recul sans fil, c\u2019est pratique <\/h3>\n<p> Le moniteur et la cam\u00e9ra de recul sont connect\u00e9s sans fil. Cela signifie que vous n&#39;avez pas besoin de faire passer des c\u00e2bles de l&#39;avant \u00e0 l&#39;arri\u00e8re de votre voiture. Les images de la cam\u00e9ra de recul sont transmises num\u00e9riquement via 2,4 GHz. Dans un espace ouvert, la connexion sans fil a une port\u00e9e allant jusqu&#39;\u00e0 50 m\u00e8tres. <\/p>\n<p> <strong><br \/> Inclus :<\/strong> <\/p>\n<ul>\n<li> Cam\u00e9ra de recul sans fil Caliber CAM401 <\/li>\n<li> \u00c9cran couleur LCD de 4,3 pouces <\/li>\n<li> Ventouse avec bras enti\u00e8rement r\u00e9glable<\/li>\n<p>&lt; \/ul&gt;<\/ul>\n","protected":false},"excerpt":{"rendered":"<ul>\n<li>Connexion sans fil entre la cam\u00e9ra et le moniteur<\/li>\n<li>\u00c9cran couleur TFT de 4,3 pouces avec cam\u00e9ra de recul<\/li>\n<li>R\u00e9solution de l&rsquo;\u00e9cran : 480 x 272<\/li>\n<li>Tension d&rsquo;entr\u00e9e 12 \/ 24V pour le moniteur<\/li>\n<li>\u00c9tanche \u00e0 l&rsquo;eau et aux intemp\u00e9ries (IP65)<\/li>\n<li>Autofocus, balance des blancs et 6 LED UV<\/li>\n<li>Ventouse avec bras enti\u00e8rement r\u00e9glable<\/li>\n<\/ul>\n","protected":false},"featured_media":869154,"template":"","meta":{"_acf_changed":false,"site-sidebar-layout":"default","site-content-layout":"","ast-site-content-layout":"default","site-content-style":"default","site-sidebar-style":"default","ast-global-header-display":"","ast-banner-title-visibility":"","ast-main-header-display":"","ast-hfb-above-header-display":"","ast-hfb-below-header-display":"","ast-hfb-mobile-header-display":"","site-post-title":"","ast-breadcrumbs-content":"","ast-featured-img":"","footer-sml-layout":"","theme-transparent-header-meta":"","adv-header-id-meta":"","stick-header-meta":"","header-above-stick-meta":"","header-main-stick-meta":"","header-below-stick-meta":"","astra-migrate-meta-layouts":"default","ast-page-background-enabled":"default","ast-page-background-meta":{"desktop":{"background-color":"","background-image":"","background-repeat":"repeat","background-position":"center center","background-size":"auto","background-attachment":"scroll","background-type":"","background-media":"","overlay-type":"","overlay-color":"","overlay-opacity":"","overlay-gradient":""},"tablet":{"background-color":"","background-image":"","background-repeat":"repeat","background-position":"center center","background-size":"auto","background-attachment":"scroll","background-type":"","background-media":"","overlay-type":"","overlay-color":"","overlay-opacity":"","overlay-gradient":""},"mobile":{"background-color":"","background-image":"","background-repeat":"repeat","background-position":"center center","background-size":"auto","background-attachment":"scroll","background-type":"","background-media":"","overlay-type":"","overlay-color":"","overlay-opacity":"","overlay-gradient":""}},"ast-content-background-meta":{"desktop":{"background-color":"var(--ast-global-color-5)","background-image":"","background-repeat":"repeat","background-position":"center center","background-size":"auto","background-attachment":"scroll","background-type":"","background-media":"","overlay-type":"","overlay-color":"","overlay-opacity":"","overlay-gradient":""},"tablet":{"background-color":"var(--ast-global-color-5)","background-image":"","background-repeat":"repeat","background-position":"center center","background-size":"auto","background-attachment":"scroll","background-type":"","background-media":"","overlay-type":"","overlay-color":"","overlay-opacity":"","overlay-gradient":""},"mobile":{"background-color":"var(--ast-global-color-5)","background-image":"","background-repeat":"repeat","background-position":"center center","background-size":"auto","background-attachment":"scroll","background-type":"","background-media":"","overlay-type":"","overlay-color":"","overlay-opacity":"","overlay-gradient":""}}},"product_brand":[],"product_cat":[22955],"product_tag":[],"class_list":{"0":"post-485960","1":"product","2":"type-product","3":"status-publish","4":"has-post-thumbnail","6":"product_cat-pas-de-categorie","7":"desktop-align-center","8":"tablet-align-center","9":"mobile-align-center","10":"ast-product-gallery-layout-horizontal","11":"ast-product-tabs-layout-horizontal","13":"first","14":"instock","15":"taxable","16":"shipping-taxable","17":"purchasable","18":"product-type-simple"},"acf":[],"yoast_head":"<!-- This site is optimized with the Yoast SEO plugin v26.5 - https:\/\/yoast.com\/wordpress\/plugins\/seo\/ -->\n<title>Cam\u00e9ra de Recul Sans Fil avec \u00c9cran de 4,3 pouces - Pour Voiture et Camping-car - \u00c9tanche (CAM401) - Caliber Europe B.V.<\/title>\n<meta name=\"robots\" content=\"noindex, follow, max-snippet:-1, max-image-preview:large, max-video-preview:-1\" \/>\n<meta property=\"og:locale\" content=\"fr_FR\" \/>\n<meta property=\"og:type\" content=\"article\" \/>\n<meta property=\"og:title\" content=\"Cam\u00e9ra de Recul Sans Fil avec \u00c9cran de 4,3 pouces - Pour Voiture et Camping-car - \u00c9tanche (CAM401) - Caliber Europe B.V.\" \/>\n<meta property=\"og:description\" content=\"Connexion sans fil entre la cam\u00e9ra et le moniteur\u00c9cran couleur TFT de 4,3 pouces avec cam\u00e9ra de reculR\u00e9solution de l&#039;\u00e9cran : 480 x 272Tension d&#039;entr\u00e9e 12 \/ 24V pour le moniteur\u00c9tanche \u00e0 l&#039;eau et aux intemp\u00e9ries (IP65)Autofocus, balance des blancs et 6 LED UVVentouse avec bras enti\u00e8rement r\u00e9glable\" \/>\n<meta property=\"og:url\" content=\"https:\/\/b2b.calibereurope.com\/fr\/produit\/cam401-fr_fr\/\" \/>\n<meta property=\"og:site_name\" content=\"Caliber Europe B.V.\" \/>\n<meta property=\"article:modified_time\" content=\"2026-04-10T08:58:57+00:00\" \/>\n<meta property=\"og:image\" content=\"https:\/\/b2b.calibereurope.com\/wp-content\/uploads\/2021\/09\/7e57b5bac5c7652266040c40f64ecd46d2464de4_CAM401_set.jpg\" \/>\n\t<meta property=\"og:image:width\" content=\"640\" \/>\n\t<meta property=\"og:image:height\" content=\"480\" \/>\n\t<meta property=\"og:image:type\" content=\"image\/jpeg\" \/>\n<meta name=\"twitter:card\" content=\"summary_large_image\" \/>\n<meta name=\"twitter:label1\" content=\"Dur\u00e9e de lecture estim\u00e9e\" \/>\n\t<meta name=\"twitter:data1\" content=\"2 minutes\" \/>\n<script type=\"application\/ld+json\" class=\"yoast-schema-graph\">{\"@context\":\"https:\/\/schema.org\",\"@graph\":[{\"@type\":\"WebPage\",\"@id\":\"https:\/\/b2b.calibereurope.com\/fr\/produit\/cam401-fr_fr\/\",\"url\":\"https:\/\/b2b.calibereurope.com\/fr\/produit\/cam401-fr_fr\/\",\"name\":\"Cam\u00e9ra de Recul Sans Fil avec \u00c9cran de 4,3 pouces - Pour Voiture et Camping-car - \u00c9tanche (CAM401) - Caliber Europe B.V.\",\"isPartOf\":{\"@id\":\"https:\/\/b2b.calibereurope.com\/#website\"},\"primaryImageOfPage\":{\"@id\":\"https:\/\/b2b.calibereurope.com\/fr\/produit\/cam401-fr_fr\/#primaryimage\"},\"image\":{\"@id\":\"https:\/\/b2b.calibereurope.com\/fr\/produit\/cam401-fr_fr\/#primaryimage\"},\"thumbnailUrl\":\"https:\/\/b2b.calibereurope.com\/wp-content\/uploads\/2025\/12\/7e57b5bac5c7652266040c40f64ecd46d2464de4_CAM401_set-4.jpg\",\"datePublished\":\"2025-12-04T00:00:00+00:00\",\"dateModified\":\"2026-04-10T08:58:57+00:00\",\"breadcrumb\":{\"@id\":\"https:\/\/b2b.calibereurope.com\/fr\/produit\/cam401-fr_fr\/#breadcrumb\"},\"inLanguage\":\"fr-FR\",\"potentialAction\":[{\"@type\":\"ReadAction\",\"target\":[\"https:\/\/b2b.calibereurope.com\/fr\/produit\/cam401-fr_fr\/\"]}]},{\"@type\":\"ImageObject\",\"inLanguage\":\"fr-FR\",\"@id\":\"https:\/\/b2b.calibereurope.com\/fr\/produit\/cam401-fr_fr\/#primaryimage\",\"url\":\"https:\/\/b2b.calibereurope.com\/wp-content\/uploads\/2025\/12\/7e57b5bac5c7652266040c40f64ecd46d2464de4_CAM401_set-4.jpg\",\"contentUrl\":\"https:\/\/b2b.calibereurope.com\/wp-content\/uploads\/2025\/12\/7e57b5bac5c7652266040c40f64ecd46d2464de4_CAM401_set-4.jpg\",\"width\":640,\"height\":480},{\"@type\":\"BreadcrumbList\",\"@id\":\"https:\/\/b2b.calibereurope.com\/fr\/produit\/cam401-fr_fr\/#breadcrumb\",\"itemListElement\":[{\"@type\":\"ListItem\",\"position\":1,\"name\":\"Home\",\"item\":\"https:\/\/b2b.calibereurope.com\/fr\/home\/\"},{\"@type\":\"ListItem\",\"position\":2,\"name\":\"Boutique\",\"item\":\"https:\/\/b2b.calibereurope.com\/fr\/boutique\/\"},{\"@type\":\"ListItem\",\"position\":3,\"name\":\"Cam\u00e9ra sans fil avec moniteur de 4,3 pouces &#8211; Noir (CAM401)\"}]},{\"@type\":\"WebSite\",\"@id\":\"https:\/\/b2b.calibereurope.com\/#website\",\"url\":\"https:\/\/b2b.calibereurope.com\/\",\"name\":\"Caliber Europe B.V.\",\"description\":\"B2B Webshop\",\"publisher\":{\"@id\":\"https:\/\/b2b.calibereurope.com\/#organization\"},\"potentialAction\":[{\"@type\":\"SearchAction\",\"target\":{\"@type\":\"EntryPoint\",\"urlTemplate\":\"https:\/\/b2b.calibereurope.com\/?s={search_term_string}\"},\"query-input\":{\"@type\":\"PropertyValueSpecification\",\"valueRequired\":true,\"valueName\":\"search_term_string\"}}],\"inLanguage\":\"fr-FR\"},{\"@type\":\"Organization\",\"@id\":\"https:\/\/b2b.calibereurope.com\/#organization\",\"name\":\"Caliber Europe B.V.\",\"url\":\"https:\/\/b2b.calibereurope.com\/\",\"logo\":{\"@type\":\"ImageObject\",\"inLanguage\":\"fr-FR\",\"@id\":\"https:\/\/b2b.calibereurope.com\/#\/schema\/logo\/image\/\",\"url\":\"https:\/\/b2b.calibereurope.com\/wp-content\/uploads\/2020\/12\/Caliber_Logo-Black.png\",\"contentUrl\":\"https:\/\/b2b.calibereurope.com\/wp-content\/uploads\/2020\/12\/Caliber_Logo-Black.png\",\"width\":3157,\"height\":356,\"caption\":\"Caliber Europe B.V.\"},\"image\":{\"@id\":\"https:\/\/b2b.calibereurope.com\/#\/schema\/logo\/image\/\"}}]}<\/script>\n<!-- \/ Yoast SEO plugin. -->","yoast_head_json":{"title":"Cam\u00e9ra de Recul Sans Fil avec \u00c9cran de 4,3 pouces - Pour Voiture et Camping-car - \u00c9tanche (CAM401) - Caliber Europe B.V.","robots":{"index":"noindex","follow":"follow","max-snippet":"max-snippet:-1","max-image-preview":"max-image-preview:large","max-video-preview":"max-video-preview:-1"},"og_locale":"fr_FR","og_type":"article","og_title":"Cam\u00e9ra de Recul Sans Fil avec \u00c9cran de 4,3 pouces - Pour Voiture et Camping-car - \u00c9tanche (CAM401) - Caliber Europe B.V.","og_description":"Connexion sans fil entre la cam\u00e9ra et le moniteur\u00c9cran couleur TFT de 4,3 pouces avec cam\u00e9ra de reculR\u00e9solution de l'\u00e9cran : 480 x 272Tension d'entr\u00e9e 12 \/ 24V pour le moniteur\u00c9tanche \u00e0 l'eau et aux intemp\u00e9ries (IP65)Autofocus, balance des blancs et 6 LED UVVentouse avec bras enti\u00e8rement r\u00e9glable","og_url":"https:\/\/b2b.calibereurope.com\/fr\/produit\/cam401-fr_fr\/","og_site_name":"Caliber Europe B.V.","article_modified_time":"2026-04-10T08:58:57+00:00","og_image":[{"width":640,"height":480,"url":"https:\/\/b2b.calibereurope.com\/wp-content\/uploads\/2021\/09\/7e57b5bac5c7652266040c40f64ecd46d2464de4_CAM401_set.jpg","type":"image\/jpeg"}],"twitter_card":"summary_large_image","twitter_misc":{"Dur\u00e9e de lecture estim\u00e9e":"2 minutes"},"schema":{"@context":"https:\/\/schema.org","@graph":[{"@type":"WebPage","@id":"https:\/\/b2b.calibereurope.com\/fr\/produit\/cam401-fr_fr\/","url":"https:\/\/b2b.calibereurope.com\/fr\/produit\/cam401-fr_fr\/","name":"Cam\u00e9ra de Recul Sans Fil avec \u00c9cran de 4,3 pouces - Pour Voiture et Camping-car - \u00c9tanche (CAM401) - Caliber Europe B.V.","isPartOf":{"@id":"https:\/\/b2b.calibereurope.com\/#website"},"primaryImageOfPage":{"@id":"https:\/\/b2b.calibereurope.com\/fr\/produit\/cam401-fr_fr\/#primaryimage"},"image":{"@id":"https:\/\/b2b.calibereurope.com\/fr\/produit\/cam401-fr_fr\/#primaryimage"},"thumbnailUrl":"https:\/\/b2b.calibereurope.com\/wp-content\/uploads\/2025\/12\/7e57b5bac5c7652266040c40f64ecd46d2464de4_CAM401_set-4.jpg","datePublished":"2025-12-04T00:00:00+00:00","dateModified":"2026-04-10T08:58:57+00:00","breadcrumb":{"@id":"https:\/\/b2b.calibereurope.com\/fr\/produit\/cam401-fr_fr\/#breadcrumb"},"inLanguage":"fr-FR","potentialAction":[{"@type":"ReadAction","target":["https:\/\/b2b.calibereurope.com\/fr\/produit\/cam401-fr_fr\/"]}]},{"@type":"ImageObject","inLanguage":"fr-FR","@id":"https:\/\/b2b.calibereurope.com\/fr\/produit\/cam401-fr_fr\/#primaryimage","url":"https:\/\/b2b.calibereurope.com\/wp-content\/uploads\/2025\/12\/7e57b5bac5c7652266040c40f64ecd46d2464de4_CAM401_set-4.jpg","contentUrl":"https:\/\/b2b.calibereurope.com\/wp-content\/uploads\/2025\/12\/7e57b5bac5c7652266040c40f64ecd46d2464de4_CAM401_set-4.jpg","width":640,"height":480},{"@type":"BreadcrumbList","@id":"https:\/\/b2b.calibereurope.com\/fr\/produit\/cam401-fr_fr\/#breadcrumb","itemListElement":[{"@type":"ListItem","position":1,"name":"Home","item":"https:\/\/b2b.calibereurope.com\/fr\/home\/"},{"@type":"ListItem","position":2,"name":"Boutique","item":"https:\/\/b2b.calibereurope.com\/fr\/boutique\/"},{"@type":"ListItem","position":3,"name":"Cam\u00e9ra sans fil avec moniteur de 4,3 pouces &#8211; Noir (CAM401)"}]},{"@type":"WebSite","@id":"https:\/\/b2b.calibereurope.com\/#website","url":"https:\/\/b2b.calibereurope.com\/","name":"Caliber Europe B.V.","description":"B2B Webshop","publisher":{"@id":"https:\/\/b2b.calibereurope.com\/#organization"},"potentialAction":[{"@type":"SearchAction","target":{"@type":"EntryPoint","urlTemplate":"https:\/\/b2b.calibereurope.com\/?s={search_term_string}"},"query-input":{"@type":"PropertyValueSpecification","valueRequired":true,"valueName":"search_term_string"}}],"inLanguage":"fr-FR"},{"@type":"Organization","@id":"https:\/\/b2b.calibereurope.com\/#organization","name":"Caliber Europe B.V.","url":"https:\/\/b2b.calibereurope.com\/","logo":{"@type":"ImageObject","inLanguage":"fr-FR","@id":"https:\/\/b2b.calibereurope.com\/#\/schema\/logo\/image\/","url":"https:\/\/b2b.calibereurope.com\/wp-content\/uploads\/2020\/12\/Caliber_Logo-Black.png","contentUrl":"https:\/\/b2b.calibereurope.com\/wp-content\/uploads\/2020\/12\/Caliber_Logo-Black.png","width":3157,"height":356,"caption":"Caliber Europe B.V."},"image":{"@id":"https:\/\/b2b.calibereurope.com\/#\/schema\/logo\/image\/"}}]}},"_links":{"self":[{"href":"https:\/\/b2b.calibereurope.com\/fr\/wp-json\/wp\/v2\/product\/485960","targetHints":{"allow":["GET"]}}],"collection":[{"href":"https:\/\/b2b.calibereurope.com\/fr\/wp-json\/wp\/v2\/product"}],"about":[{"href":"https:\/\/b2b.calibereurope.com\/fr\/wp-json\/wp\/v2\/types\/product"}],"version-history":[{"count":0,"href":"https:\/\/b2b.calibereurope.com\/fr\/wp-json\/wp\/v2\/product\/485960\/revisions"}],"wp:featuredmedia":[{"embeddable":true,"href":"https:\/\/b2b.calibereurope.com\/fr\/wp-json\/wp\/v2\/media\/869154"}],"wp:attachment":[{"href":"https:\/\/b2b.calibereurope.com\/fr\/wp-json\/wp\/v2\/media?parent=485960"}],"wp:term":[{"taxonomy":"product_brand","embeddable":true,"href":"https:\/\/b2b.calibereurope.com\/fr\/wp-json\/wp\/v2\/product_brand?post=485960"},{"taxonomy":"product_cat","embeddable":true,"href":"https:\/\/b2b.calibereurope.com\/fr\/wp-json\/wp\/v2\/product_cat?post=485960"},{"taxonomy":"product_tag","embeddable":true,"href":"https:\/\/b2b.calibereurope.com\/fr\/wp-json\/wp\/v2\/product_tag?post=485960"}],"curies":[{"name":"wp","href":"https:\/\/api.w.org\/{rel}","templated":true}]}}