{"id":486564,"date":"2025-12-04T01:00:00","date_gmt":"2025-12-04T00:00:00","guid":{"rendered":"0"},"modified":"2026-03-09T12:31:18","modified_gmt":"2026-03-09T11:31:18","slug":"CSB2-fr_FR","status":"publish","type":"product","link":"https:\/\/b2b.calibereurope.com\/fr\/produit\/CSB2-fr_FR\/","title":{"rendered":"Enceintes 3 voies pr\u00eat \u00e0 poser dans une Voiture ou un Camion &#8211; 120W\/90dB \u2013 Jeu de 2 HP et inclus le Support de Montage (CSB2)"},"content":{"rendered":"<p>Enceintes 3 voies pr\u00eat \u00e0 poser dans une Voiture ou un Camion &#8211; 120W\/90dB \u2013 Jeu de 2 HP et inclus le Support de Montage (CSB2)<\/p>\n<p> Profitez du meilleur son des enceintes de voiture Caliber CSB2 lorsque vous \u00eates en d\u00e9placement. Avec <strong> une puissance RMS de 80 watts <\/strong>et m\u00eame <strong>120 watts de puissance max <\/strong> vous pouvez toujours diffuser vos morceaux pr\u00e9f\u00e9r\u00e9s avec un son tr\u00e8s clair dans toute la voiture. Gr\u00e2ce \u00e0 une <strong> la gamme de fr\u00e9quences de 150 \u00e0 21 000 hertz <\/strong> l&#39;ensemble d\u2019enceintes ajoute une dimension suppl\u00e9mentaire \u00e0 la musique. Les haut-parleurs de voiture pr\u00eat \u00e0 poser comportent <strong>3 unit\u00e9s<\/strong> qui, ensemble, produisent un son clair. Avec le <strong> supports de montage inclus <\/strong> vous pouvez facilement installer le jeu d\u2019enceintes dans votre voiture. <\/p>\n<p> <strong>Caract\u00e9ristiques :<\/strong> <\/p>\n<ul>\n<li>Ensemble de deux enceintes \u00e0 poser<\/li>\n<li>Puissance RMS de 80 watts<\/li>\n<li>Max 120 watt<\/li>\n<li>3 haut-parleurs pour les basses, les mediums et les aigus<\/li>\n<li>Gamme de fr\u00e9quences : 150 \u00e0 21 000 hertz<\/li>\n<li>Sensibilit\u00e9 : 90 dB<\/li>\n<li>Supports de montage inclus<\/li>\n<\/ul>\n<h3> Profitez d&#39;un son d\u00e9fini avec les CSB2<\/h3>\n<p> Gr\u00e2ce au syst\u00e8me \u00e0 3 voies, toutes les basses, moyennes et aigues sont produites par un haut-parleur distinct. Vous b\u00e9n\u00e9ficiez donc d&#39;un son clair, m\u00eame \u00e0 des volumes \u00e9lev\u00e9s. Avec une puissance de 80 watts RMS, vous pouvez laisser votre musique jouer assez fort dans la voiture. Vous voulez jouer un refrain tr\u00e8s fort ? Alors la puissance max de 120 watts offre exactement ce dont vous avez besoin. Les haut-parleurs de la voiture ont une large gamme de fr\u00e9quences allant de 150 \u00e0 21 000 hertz, produisant un son d\u00e9fini. <\/p>\n<h3> Les meilleurs rythmes sur la route avec les meilleurs haut-parleurs<\/h3>\n<p> Les enceintes actuelle de votre voiture ne sont plus tr\u00e8s en forme ou vous n&#39;entendez rien de la musique sur la banquette arri\u00e8re ? Alors ces haut-parleurs \u00e0 poser sont un excellent compl\u00e9ment. Placez le jeu de haut-parleurs sur le si\u00e8ge arri\u00e8re et la musique est non seulement plus forte, mais aussi de meilleure qualit\u00e9 dans toute la voiture. Vous pouvez donc chanter tout en roulant sur la route du soleil ou \u00e9couter vos chansons pr\u00e9f\u00e9r\u00e9es lorsque vous \u00eates sur la route. <\/p>\n<h3> Installation facile <\/h3>\n<p> L&#39;assemblage des haut-parleurs de voiture est facile gr\u00e2ce aux supports de montage inclus. Connectez les enceintes \u00e0 l&#39;autoradio \u00e0 l&#39;aide du fil et vous pouvez ensuite les placer \u00e0 l&#39;endroit souhait\u00e9 dans la voiture. Gr\u00e2ce \u00e0 son format rectangulaire, vous pouvez facilement trouver un bon emplacement.    <\/p>\n<p><strong><br \/> Inclus :<\/strong> <\/p>\n<ul>\n<li>Ensemble Caliber CSB2<\/li>\n<li>Supports de montage<\/li>\n<\/ul>\n","protected":false},"excerpt":{"rendered":"<ul>\n<li>Ensemble de deux enceintes \u00e0 poser<\/li>\n<li>Puissance RMS de 80 watts<\/li>\n<li>Max 120 watt<\/li>\n<li>3 haut-parleurs pour les basses, les mediums et les aigus<\/li>\n<li>Gamme de fr\u00e9quences : 150 \u00e0 21 000 hertz<\/li>\n<li>Sensibilit\u00e9 : 90 dB<\/li>\n<li>Supports de montage inclus<\/li>\n<\/ul>\n","protected":false},"featured_media":869266,"template":"","meta":{"_acf_changed":false,"site-sidebar-layout":"default","site-content-layout":"","ast-site-content-layout":"default","site-content-style":"default","site-sidebar-style":"default","ast-global-header-display":"","ast-banner-title-visibility":"","ast-main-header-display":"","ast-hfb-above-header-display":"","ast-hfb-below-header-display":"","ast-hfb-mobile-header-display":"","site-post-title":"","ast-breadcrumbs-content":"","ast-featured-img":"","footer-sml-layout":"","theme-transparent-header-meta":"","adv-header-id-meta":"","stick-header-meta":"","header-above-stick-meta":"","header-main-stick-meta":"","header-below-stick-meta":"","astra-migrate-meta-layouts":"default","ast-page-background-enabled":"default","ast-page-background-meta":{"desktop":{"background-color":"","background-image":"","background-repeat":"repeat","background-position":"center center","background-size":"auto","background-attachment":"scroll","background-type":"","background-media":"","overlay-type":"","overlay-color":"","overlay-opacity":"","overlay-gradient":""},"tablet":{"background-color":"","background-image":"","background-repeat":"repeat","background-position":"center center","background-size":"auto","background-attachment":"scroll","background-type":"","background-media":"","overlay-type":"","overlay-color":"","overlay-opacity":"","overlay-gradient":""},"mobile":{"background-color":"","background-image":"","background-repeat":"repeat","background-position":"center center","background-size":"auto","background-attachment":"scroll","background-type":"","background-media":"","overlay-type":"","overlay-color":"","overlay-opacity":"","overlay-gradient":""}},"ast-content-background-meta":{"desktop":{"background-color":"var(--ast-global-color-5)","background-image":"","background-repeat":"repeat","background-position":"center center","background-size":"auto","background-attachment":"scroll","background-type":"","background-media":"","overlay-type":"","overlay-color":"","overlay-opacity":"","overlay-gradient":""},"tablet":{"background-color":"var(--ast-global-color-5)","background-image":"","background-repeat":"repeat","background-position":"center center","background-size":"auto","background-attachment":"scroll","background-type":"","background-media":"","overlay-type":"","overlay-color":"","overlay-opacity":"","overlay-gradient":""},"mobile":{"background-color":"var(--ast-global-color-5)","background-image":"","background-repeat":"repeat","background-position":"center center","background-size":"auto","background-attachment":"scroll","background-type":"","background-media":"","overlay-type":"","overlay-color":"","overlay-opacity":"","overlay-gradient":""}}},"product_brand":[],"product_cat":[22955],"product_tag":[],"class_list":{"0":"post-486564","1":"product","2":"type-product","3":"status-publish","4":"has-post-thumbnail","6":"product_cat-pas-de-categorie","7":"desktop-align-center","8":"tablet-align-center","9":"mobile-align-center","10":"ast-product-gallery-layout-horizontal","11":"ast-product-gallery-with-no-image","12":"ast-product-tabs-layout-horizontal","14":"first","15":"instock","16":"taxable","17":"shipping-taxable","18":"purchasable","19":"product-type-simple"},"acf":[],"yoast_head":"<!-- This site is optimized with the Yoast SEO plugin v26.5 - https:\/\/yoast.com\/wordpress\/plugins\/seo\/ -->\n<title>Enceintes 3 voies pr\u00eat \u00e0 poser dans une Voiture ou un Camion - 120W\/90dB \u2013 Jeu de 2 HP et inclus le Support de Montage (CSB2) - Caliber Europe B.V.<\/title>\n<meta name=\"robots\" content=\"noindex, follow, max-snippet:-1, max-image-preview:large, max-video-preview:-1\" \/>\n<meta property=\"og:locale\" content=\"fr_FR\" \/>\n<meta property=\"og:type\" content=\"article\" \/>\n<meta property=\"og:title\" content=\"Enceintes 3 voies pr\u00eat \u00e0 poser dans une Voiture ou un Camion - 120W\/90dB \u2013 Jeu de 2 HP et inclus le Support de Montage (CSB2) - Caliber Europe B.V.\" \/>\n<meta property=\"og:description\" content=\"Ensemble de deux enceintes \u00e0 poserPuissance RMS de 80 wattsMax 120 watt3 haut-parleurs pour les basses, les mediums et les aigusGamme de fr\u00e9quences : 150 \u00e0 21 000 hertzSensibilit\u00e9 : 90 dBSupports de montage inclus\" \/>\n<meta property=\"og:url\" content=\"https:\/\/b2b.calibereurope.com\/fr\/produit\/csb2-fr_fr\/\" \/>\n<meta property=\"og:site_name\" content=\"Caliber Europe B.V.\" \/>\n<meta property=\"article:modified_time\" content=\"2026-03-09T11:31:18+00:00\" \/>\n<meta property=\"og:image\" content=\"https:\/\/b2b.calibereurope.com\/wp-content\/uploads\/2021\/09\/91b3846070b95cbc7de38115dc4a296c7c3e76a3_csb2.jpg\" \/>\n\t<meta property=\"og:image:width\" content=\"550\" \/>\n\t<meta property=\"og:image:height\" content=\"413\" \/>\n\t<meta property=\"og:image:type\" content=\"image\/jpeg\" \/>\n<meta name=\"twitter:card\" content=\"summary_large_image\" \/>\n<meta name=\"twitter:label1\" content=\"Dur\u00e9e de lecture estim\u00e9e\" \/>\n\t<meta name=\"twitter:data1\" content=\"2 minutes\" \/>\n<script type=\"application\/ld+json\" class=\"yoast-schema-graph\">{\"@context\":\"https:\/\/schema.org\",\"@graph\":[{\"@type\":\"WebPage\",\"@id\":\"https:\/\/b2b.calibereurope.com\/fr\/produit\/csb2-fr_fr\/\",\"url\":\"https:\/\/b2b.calibereurope.com\/fr\/produit\/csb2-fr_fr\/\",\"name\":\"Enceintes 3 voies pr\u00eat \u00e0 poser dans une Voiture ou un Camion - 120W\/90dB \u2013 Jeu de 2 HP et inclus le Support de Montage (CSB2) - Caliber Europe B.V.\",\"isPartOf\":{\"@id\":\"https:\/\/b2b.calibereurope.com\/#website\"},\"primaryImageOfPage\":{\"@id\":\"https:\/\/b2b.calibereurope.com\/fr\/produit\/csb2-fr_fr\/#primaryimage\"},\"image\":{\"@id\":\"https:\/\/b2b.calibereurope.com\/fr\/produit\/csb2-fr_fr\/#primaryimage\"},\"thumbnailUrl\":\"https:\/\/b2b.calibereurope.com\/wp-content\/uploads\/2025\/12\/91b3846070b95cbc7de38115dc4a296c7c3e76a3_csb2-4.jpg\",\"datePublished\":\"2025-12-04T00:00:00+00:00\",\"dateModified\":\"2026-03-09T11:31:18+00:00\",\"breadcrumb\":{\"@id\":\"https:\/\/b2b.calibereurope.com\/fr\/produit\/csb2-fr_fr\/#breadcrumb\"},\"inLanguage\":\"fr-FR\",\"potentialAction\":[{\"@type\":\"ReadAction\",\"target\":[\"https:\/\/b2b.calibereurope.com\/fr\/produit\/csb2-fr_fr\/\"]}]},{\"@type\":\"ImageObject\",\"inLanguage\":\"fr-FR\",\"@id\":\"https:\/\/b2b.calibereurope.com\/fr\/produit\/csb2-fr_fr\/#primaryimage\",\"url\":\"https:\/\/b2b.calibereurope.com\/wp-content\/uploads\/2025\/12\/91b3846070b95cbc7de38115dc4a296c7c3e76a3_csb2-4.jpg\",\"contentUrl\":\"https:\/\/b2b.calibereurope.com\/wp-content\/uploads\/2025\/12\/91b3846070b95cbc7de38115dc4a296c7c3e76a3_csb2-4.jpg\",\"width\":550,\"height\":413},{\"@type\":\"BreadcrumbList\",\"@id\":\"https:\/\/b2b.calibereurope.com\/fr\/produit\/csb2-fr_fr\/#breadcrumb\",\"itemListElement\":[{\"@type\":\"ListItem\",\"position\":1,\"name\":\"Home\",\"item\":\"https:\/\/b2b.calibereurope.com\/fr\/home\/\"},{\"@type\":\"ListItem\",\"position\":2,\"name\":\"Boutique\",\"item\":\"https:\/\/b2b.calibereurope.com\/fr\/boutique\/\"},{\"@type\":\"ListItem\",\"position\":3,\"name\":\"Haut-parleur mont\u00e9 en surface &#8211; 2 voies 40 Watt Noir (CSB2)\"}]},{\"@type\":\"WebSite\",\"@id\":\"https:\/\/b2b.calibereurope.com\/#website\",\"url\":\"https:\/\/b2b.calibereurope.com\/\",\"name\":\"Caliber Europe B.V.\",\"description\":\"B2B Webshop\",\"publisher\":{\"@id\":\"https:\/\/b2b.calibereurope.com\/#organization\"},\"potentialAction\":[{\"@type\":\"SearchAction\",\"target\":{\"@type\":\"EntryPoint\",\"urlTemplate\":\"https:\/\/b2b.calibereurope.com\/?s={search_term_string}\"},\"query-input\":{\"@type\":\"PropertyValueSpecification\",\"valueRequired\":true,\"valueName\":\"search_term_string\"}}],\"inLanguage\":\"fr-FR\"},{\"@type\":\"Organization\",\"@id\":\"https:\/\/b2b.calibereurope.com\/#organization\",\"name\":\"Caliber Europe B.V.\",\"url\":\"https:\/\/b2b.calibereurope.com\/\",\"logo\":{\"@type\":\"ImageObject\",\"inLanguage\":\"fr-FR\",\"@id\":\"https:\/\/b2b.calibereurope.com\/#\/schema\/logo\/image\/\",\"url\":\"https:\/\/b2b.calibereurope.com\/wp-content\/uploads\/2020\/12\/Caliber_Logo-Black.png\",\"contentUrl\":\"https:\/\/b2b.calibereurope.com\/wp-content\/uploads\/2020\/12\/Caliber_Logo-Black.png\",\"width\":3157,\"height\":356,\"caption\":\"Caliber Europe B.V.\"},\"image\":{\"@id\":\"https:\/\/b2b.calibereurope.com\/#\/schema\/logo\/image\/\"}}]}<\/script>\n<!-- \/ Yoast SEO plugin. -->","yoast_head_json":{"title":"Enceintes 3 voies pr\u00eat \u00e0 poser dans une Voiture ou un Camion - 120W\/90dB \u2013 Jeu de 2 HP et inclus le Support de Montage (CSB2) - Caliber Europe B.V.","robots":{"index":"noindex","follow":"follow","max-snippet":"max-snippet:-1","max-image-preview":"max-image-preview:large","max-video-preview":"max-video-preview:-1"},"og_locale":"fr_FR","og_type":"article","og_title":"Enceintes 3 voies pr\u00eat \u00e0 poser dans une Voiture ou un Camion - 120W\/90dB \u2013 Jeu de 2 HP et inclus le Support de Montage (CSB2) - Caliber Europe B.V.","og_description":"Ensemble de deux enceintes \u00e0 poserPuissance RMS de 80 wattsMax 120 watt3 haut-parleurs pour les basses, les mediums et les aigusGamme de fr\u00e9quences : 150 \u00e0 21 000 hertzSensibilit\u00e9 : 90 dBSupports de montage inclus","og_url":"https:\/\/b2b.calibereurope.com\/fr\/produit\/csb2-fr_fr\/","og_site_name":"Caliber Europe B.V.","article_modified_time":"2026-03-09T11:31:18+00:00","og_image":[{"width":550,"height":413,"url":"https:\/\/b2b.calibereurope.com\/wp-content\/uploads\/2021\/09\/91b3846070b95cbc7de38115dc4a296c7c3e76a3_csb2.jpg","type":"image\/jpeg"}],"twitter_card":"summary_large_image","twitter_misc":{"Dur\u00e9e de lecture estim\u00e9e":"2 minutes"},"schema":{"@context":"https:\/\/schema.org","@graph":[{"@type":"WebPage","@id":"https:\/\/b2b.calibereurope.com\/fr\/produit\/csb2-fr_fr\/","url":"https:\/\/b2b.calibereurope.com\/fr\/produit\/csb2-fr_fr\/","name":"Enceintes 3 voies pr\u00eat \u00e0 poser dans une Voiture ou un Camion - 120W\/90dB \u2013 Jeu de 2 HP et inclus le Support de Montage (CSB2) - Caliber Europe B.V.","isPartOf":{"@id":"https:\/\/b2b.calibereurope.com\/#website"},"primaryImageOfPage":{"@id":"https:\/\/b2b.calibereurope.com\/fr\/produit\/csb2-fr_fr\/#primaryimage"},"image":{"@id":"https:\/\/b2b.calibereurope.com\/fr\/produit\/csb2-fr_fr\/#primaryimage"},"thumbnailUrl":"https:\/\/b2b.calibereurope.com\/wp-content\/uploads\/2025\/12\/91b3846070b95cbc7de38115dc4a296c7c3e76a3_csb2-4.jpg","datePublished":"2025-12-04T00:00:00+00:00","dateModified":"2026-03-09T11:31:18+00:00","breadcrumb":{"@id":"https:\/\/b2b.calibereurope.com\/fr\/produit\/csb2-fr_fr\/#breadcrumb"},"inLanguage":"fr-FR","potentialAction":[{"@type":"ReadAction","target":["https:\/\/b2b.calibereurope.com\/fr\/produit\/csb2-fr_fr\/"]}]},{"@type":"ImageObject","inLanguage":"fr-FR","@id":"https:\/\/b2b.calibereurope.com\/fr\/produit\/csb2-fr_fr\/#primaryimage","url":"https:\/\/b2b.calibereurope.com\/wp-content\/uploads\/2025\/12\/91b3846070b95cbc7de38115dc4a296c7c3e76a3_csb2-4.jpg","contentUrl":"https:\/\/b2b.calibereurope.com\/wp-content\/uploads\/2025\/12\/91b3846070b95cbc7de38115dc4a296c7c3e76a3_csb2-4.jpg","width":550,"height":413},{"@type":"BreadcrumbList","@id":"https:\/\/b2b.calibereurope.com\/fr\/produit\/csb2-fr_fr\/#breadcrumb","itemListElement":[{"@type":"ListItem","position":1,"name":"Home","item":"https:\/\/b2b.calibereurope.com\/fr\/home\/"},{"@type":"ListItem","position":2,"name":"Boutique","item":"https:\/\/b2b.calibereurope.com\/fr\/boutique\/"},{"@type":"ListItem","position":3,"name":"Haut-parleur mont\u00e9 en surface &#8211; 2 voies 40 Watt Noir (CSB2)"}]},{"@type":"WebSite","@id":"https:\/\/b2b.calibereurope.com\/#website","url":"https:\/\/b2b.calibereurope.com\/","name":"Caliber Europe B.V.","description":"B2B Webshop","publisher":{"@id":"https:\/\/b2b.calibereurope.com\/#organization"},"potentialAction":[{"@type":"SearchAction","target":{"@type":"EntryPoint","urlTemplate":"https:\/\/b2b.calibereurope.com\/?s={search_term_string}"},"query-input":{"@type":"PropertyValueSpecification","valueRequired":true,"valueName":"search_term_string"}}],"inLanguage":"fr-FR"},{"@type":"Organization","@id":"https:\/\/b2b.calibereurope.com\/#organization","name":"Caliber Europe B.V.","url":"https:\/\/b2b.calibereurope.com\/","logo":{"@type":"ImageObject","inLanguage":"fr-FR","@id":"https:\/\/b2b.calibereurope.com\/#\/schema\/logo\/image\/","url":"https:\/\/b2b.calibereurope.com\/wp-content\/uploads\/2020\/12\/Caliber_Logo-Black.png","contentUrl":"https:\/\/b2b.calibereurope.com\/wp-content\/uploads\/2020\/12\/Caliber_Logo-Black.png","width":3157,"height":356,"caption":"Caliber Europe B.V."},"image":{"@id":"https:\/\/b2b.calibereurope.com\/#\/schema\/logo\/image\/"}}]}},"_links":{"self":[{"href":"https:\/\/b2b.calibereurope.com\/fr\/wp-json\/wp\/v2\/product\/486564","targetHints":{"allow":["GET"]}}],"collection":[{"href":"https:\/\/b2b.calibereurope.com\/fr\/wp-json\/wp\/v2\/product"}],"about":[{"href":"https:\/\/b2b.calibereurope.com\/fr\/wp-json\/wp\/v2\/types\/product"}],"version-history":[{"count":0,"href":"https:\/\/b2b.calibereurope.com\/fr\/wp-json\/wp\/v2\/product\/486564\/revisions"}],"wp:featuredmedia":[{"embeddable":true,"href":"https:\/\/b2b.calibereurope.com\/fr\/wp-json\/wp\/v2\/media\/869266"}],"wp:attachment":[{"href":"https:\/\/b2b.calibereurope.com\/fr\/wp-json\/wp\/v2\/media?parent=486564"}],"wp:term":[{"taxonomy":"product_brand","embeddable":true,"href":"https:\/\/b2b.calibereurope.com\/fr\/wp-json\/wp\/v2\/product_brand?post=486564"},{"taxonomy":"product_cat","embeddable":true,"href":"https:\/\/b2b.calibereurope.com\/fr\/wp-json\/wp\/v2\/product_cat?post=486564"},{"taxonomy":"product_tag","embeddable":true,"href":"https:\/\/b2b.calibereurope.com\/fr\/wp-json\/wp\/v2\/product_tag?post=486564"}],"curies":[{"name":"wp","href":"https:\/\/api.w.org\/{rel}","templated":true}]}}