{"id":486984,"date":"2025-01-15T01:00:00","date_gmt":"2025-01-15T00:00:00","guid":{"rendered":"https:\/\/b2b.calibereurope.com\/product\/hpg430bt-fr_fr\/"},"modified":"2026-03-25T14:04:09","modified_gmt":"2026-03-25T13:04:09","slug":"hpg430bt-fr_fr","status":"publish","type":"product","link":"https:\/\/b2b.calibereurope.com\/fr\/produit\/hpg430bt-fr_fr\/","title":{"rendered":"Entr\u00e9e auxiliaire USB SD &#8211; Batterie R\u00e9sistante \u00e0 l&rsquo;eau (HPG430BT)"},"content":{"rendered":"<p>Le Caliber HPG430BT est un haut-parleur Bluetooth\u00ae qui vous permet de profiter de la musique partout. Ce haut-parleur a un bo\u00eetier solide et robuste et est prot\u00e9g\u00e9 contre les \u00e9claboussures. Gr\u00e2ce \u00e0 la puissance du TWSMet 50 Watt, vous ne manquerez jamais de volume et la musique s&rsquo;\u00e9l\u00e8vera toujours au-dessus du bruit ambiant. Si vous voulez toujours \u00eatre plus fort, gr\u00e2ce au TWS (True Wireless Stereo), vous pouvez connecter un deuxi\u00e8me haut-parleur HPG430BT via Bluetooth\u00ae \u00e0 un t\u00e9l\u00e9phone. possibilit\u00e9s de connexion et de chargementLe HPG430BT fonctionne \u00e9galement comme un kit mains libres. Si vous recevez un appel pendant que vous \u00e9coutez de la musique, vous pouvez passer un appel t\u00e9l\u00e9phonique via le haut-parleur et laisser votre t\u00e9l\u00e9phone. Le haut-parleur Bluetooth\u00ae dispose de plusieurs connexions. Vous pouvez \u00e9galement connecter un appareil externe via l&rsquo;entr\u00e9e auxiliaire. Gr\u00e2ce \u00e0 la connexion usb, il est possible de charger votre t\u00e9l\u00e9phone ou de jouer de la musique \u00e0 partir d&rsquo;une cl\u00e9 usb. Le HPG435BT peut \u00e9galement \u00eatre utilis\u00e9 comme une banque d&rsquo;\u00e9nergie de 1800mAh. Il est \u00e9galement possible de jouer de la musique \u00e0 partir d&rsquo;un micro SD. Les connexions sont en s\u00e9curit\u00e9 derri\u00e8re une fermeture \u00e9clair, les gardant hors de port\u00e9e du sable, de la poussi\u00e8re ou de l&rsquo;humidit\u00e9. La batterie rechargeable du haut-parleur dure jusqu&rsquo;\u00e0 5 heures. Comme le HPG430BT a une grande taille de 30 x 13 x 12,5 centim\u00e8tres, une courroie de transport pratique est incluse. Si le haut-parleur ne tient plus dans votre sac, vous pouvez facilement le porter sur votre \u00e9paule.<\/p>\n","protected":false},"excerpt":{"rendered":"<p>Le Caliber HPG430BT est un haut-parleur Bluetooth\u00ae qui vous permet de profiter de la musique partout. Ce haut-parleur a un bo\u00eetier solide et robuste et est prot\u00e9g\u00e9 contre les \u00e9claboussures. Gr\u00e2ce \u00e0 la puissance du TWSMet 50 Watt, vous ne manquerez jamais de volume et la musique s&rsquo;\u00e9l\u00e8vera toujours au-dessus du bruit ambiant. Si vous [&hellip;]<\/p>\n","protected":false},"featured_media":855101,"template":"","meta":{"_acf_changed":false,"site-sidebar-layout":"default","site-content-layout":"","ast-site-content-layout":"default","site-content-style":"default","site-sidebar-style":"default","ast-global-header-display":"","ast-banner-title-visibility":"","ast-main-header-display":"","ast-hfb-above-header-display":"","ast-hfb-below-header-display":"","ast-hfb-mobile-header-display":"","site-post-title":"","ast-breadcrumbs-content":"","ast-featured-img":"","footer-sml-layout":"","theme-transparent-header-meta":"","adv-header-id-meta":"","stick-header-meta":"","header-above-stick-meta":"","header-main-stick-meta":"","header-below-stick-meta":"","astra-migrate-meta-layouts":"default","ast-page-background-enabled":"default","ast-page-background-meta":{"desktop":{"background-color":"","background-image":"","background-repeat":"repeat","background-position":"center center","background-size":"auto","background-attachment":"scroll","background-type":"","background-media":"","overlay-type":"","overlay-color":"","overlay-opacity":"","overlay-gradient":""},"tablet":{"background-color":"","background-image":"","background-repeat":"repeat","background-position":"center center","background-size":"auto","background-attachment":"scroll","background-type":"","background-media":"","overlay-type":"","overlay-color":"","overlay-opacity":"","overlay-gradient":""},"mobile":{"background-color":"","background-image":"","background-repeat":"repeat","background-position":"center center","background-size":"auto","background-attachment":"scroll","background-type":"","background-media":"","overlay-type":"","overlay-color":"","overlay-opacity":"","overlay-gradient":""}},"ast-content-background-meta":{"desktop":{"background-color":"var(--ast-global-color-5)","background-image":"","background-repeat":"repeat","background-position":"center center","background-size":"auto","background-attachment":"scroll","background-type":"","background-media":"","overlay-type":"","overlay-color":"","overlay-opacity":"","overlay-gradient":""},"tablet":{"background-color":"var(--ast-global-color-5)","background-image":"","background-repeat":"repeat","background-position":"center center","background-size":"auto","background-attachment":"scroll","background-type":"","background-media":"","overlay-type":"","overlay-color":"","overlay-opacity":"","overlay-gradient":""},"mobile":{"background-color":"var(--ast-global-color-5)","background-image":"","background-repeat":"repeat","background-position":"center center","background-size":"auto","background-attachment":"scroll","background-type":"","background-media":"","overlay-type":"","overlay-color":"","overlay-opacity":"","overlay-gradient":""}}},"product_brand":[],"product_cat":[22955],"product_tag":[],"class_list":{"0":"post-486984","1":"product","2":"type-product","3":"status-publish","4":"has-post-thumbnail","6":"product_cat-pas-de-categorie","7":"desktop-align-center","8":"tablet-align-center","9":"mobile-align-center","10":"ast-product-gallery-layout-horizontal","11":"ast-product-tabs-layout-horizontal","13":"first","14":"instock","15":"taxable","16":"shipping-taxable","17":"purchasable","18":"product-type-simple"},"acf":[],"yoast_head":"<!-- This site is optimized with the Yoast SEO plugin v26.5 - https:\/\/yoast.com\/wordpress\/plugins\/seo\/ -->\n<title>Entr\u00e9e auxiliaire USB SD - Batterie R\u00e9sistante \u00e0 l&#039;eau (HPG430BT) - Caliber Europe B.V.<\/title>\n<meta name=\"robots\" content=\"noindex, follow, max-snippet:-1, max-image-preview:large, max-video-preview:-1\" \/>\n<meta property=\"og:locale\" content=\"fr_FR\" \/>\n<meta property=\"og:type\" content=\"article\" \/>\n<meta property=\"og:title\" content=\"Entr\u00e9e auxiliaire USB SD - Batterie R\u00e9sistante \u00e0 l&#039;eau (HPG430BT) - Caliber Europe B.V.\" \/>\n<meta property=\"og:description\" content=\"Le Caliber HPG430BT est un haut-parleur Bluetooth\u00ae qui vous permet de profiter de la musique partout. Ce haut-parleur a un bo\u00eetier solide et robuste et est prot\u00e9g\u00e9 contre les \u00e9claboussures. Gr\u00e2ce \u00e0 la puissance du TWSMet 50 Watt, vous ne manquerez jamais de volume et la musique s&rsquo;\u00e9l\u00e8vera toujours au-dessus du bruit ambiant. Si vous [&hellip;]\" \/>\n<meta property=\"og:url\" content=\"https:\/\/b2b.calibereurope.com\/fr\/produit\/hpg430bt-fr_fr\/\" \/>\n<meta property=\"og:site_name\" content=\"Caliber Europe B.V.\" \/>\n<meta property=\"article:modified_time\" content=\"2026-03-25T13:04:09+00:00\" \/>\n<meta property=\"og:image\" content=\"https:\/\/b2b.calibereurope.com\/wp-content\/uploads\/2021\/09\/c57eddf3e4916b8fd7c03adb263fb8b74d11eda6_HPG430BT.jpg\" \/>\n\t<meta property=\"og:image:width\" content=\"1024\" \/>\n\t<meta property=\"og:image:height\" content=\"768\" \/>\n\t<meta property=\"og:image:type\" content=\"image\/jpeg\" \/>\n<meta name=\"twitter:card\" content=\"summary_large_image\" \/>\n<meta name=\"twitter:label1\" content=\"Dur\u00e9e de lecture estim\u00e9e\" \/>\n\t<meta name=\"twitter:data1\" content=\"1 minute\" \/>\n<script type=\"application\/ld+json\" class=\"yoast-schema-graph\">{\"@context\":\"https:\/\/schema.org\",\"@graph\":[{\"@type\":\"WebPage\",\"@id\":\"https:\/\/b2b.calibereurope.com\/fr\/produit\/hpg430bt-fr_fr\/\",\"url\":\"https:\/\/b2b.calibereurope.com\/fr\/produit\/hpg430bt-fr_fr\/\",\"name\":\"Entr\u00e9e auxiliaire USB SD - Batterie R\u00e9sistante \u00e0 l'eau (HPG430BT) - Caliber Europe B.V.\",\"isPartOf\":{\"@id\":\"https:\/\/b2b.calibereurope.com\/#website\"},\"primaryImageOfPage\":{\"@id\":\"https:\/\/b2b.calibereurope.com\/fr\/produit\/hpg430bt-fr_fr\/#primaryimage\"},\"image\":{\"@id\":\"https:\/\/b2b.calibereurope.com\/fr\/produit\/hpg430bt-fr_fr\/#primaryimage\"},\"thumbnailUrl\":\"https:\/\/b2b.calibereurope.com\/wp-content\/uploads\/2025\/01\/c57eddf3e4916b8fd7c03adb263fb8b74d11eda6_HPG430BT.jpg\",\"datePublished\":\"2025-01-15T00:00:00+00:00\",\"dateModified\":\"2026-03-25T13:04:09+00:00\",\"breadcrumb\":{\"@id\":\"https:\/\/b2b.calibereurope.com\/fr\/produit\/hpg430bt-fr_fr\/#breadcrumb\"},\"inLanguage\":\"fr-FR\",\"potentialAction\":[{\"@type\":\"ReadAction\",\"target\":[\"https:\/\/b2b.calibereurope.com\/fr\/produit\/hpg430bt-fr_fr\/\"]}]},{\"@type\":\"ImageObject\",\"inLanguage\":\"fr-FR\",\"@id\":\"https:\/\/b2b.calibereurope.com\/fr\/produit\/hpg430bt-fr_fr\/#primaryimage\",\"url\":\"https:\/\/b2b.calibereurope.com\/wp-content\/uploads\/2025\/01\/c57eddf3e4916b8fd7c03adb263fb8b74d11eda6_HPG430BT.jpg\",\"contentUrl\":\"https:\/\/b2b.calibereurope.com\/wp-content\/uploads\/2025\/01\/c57eddf3e4916b8fd7c03adb263fb8b74d11eda6_HPG430BT.jpg\",\"width\":1024,\"height\":768},{\"@type\":\"BreadcrumbList\",\"@id\":\"https:\/\/b2b.calibereurope.com\/fr\/produit\/hpg430bt-fr_fr\/#breadcrumb\",\"itemListElement\":[{\"@type\":\"ListItem\",\"position\":1,\"name\":\"Home\",\"item\":\"https:\/\/b2b.calibereurope.com\/fr\/home\/\"},{\"@type\":\"ListItem\",\"position\":2,\"name\":\"Boutique\",\"item\":\"https:\/\/b2b.calibereurope.com\/fr\/boutique\/\"},{\"@type\":\"ListItem\",\"position\":3,\"name\":\"Entr\u00e9e auxiliaire USB SD &#8211; Batterie R\u00e9sistante \u00e0 l&rsquo;eau (HPG430BT)\"}]},{\"@type\":\"WebSite\",\"@id\":\"https:\/\/b2b.calibereurope.com\/#website\",\"url\":\"https:\/\/b2b.calibereurope.com\/\",\"name\":\"Caliber Europe B.V.\",\"description\":\"B2B Webshop\",\"publisher\":{\"@id\":\"https:\/\/b2b.calibereurope.com\/#organization\"},\"potentialAction\":[{\"@type\":\"SearchAction\",\"target\":{\"@type\":\"EntryPoint\",\"urlTemplate\":\"https:\/\/b2b.calibereurope.com\/?s={search_term_string}\"},\"query-input\":{\"@type\":\"PropertyValueSpecification\",\"valueRequired\":true,\"valueName\":\"search_term_string\"}}],\"inLanguage\":\"fr-FR\"},{\"@type\":\"Organization\",\"@id\":\"https:\/\/b2b.calibereurope.com\/#organization\",\"name\":\"Caliber Europe B.V.\",\"url\":\"https:\/\/b2b.calibereurope.com\/\",\"logo\":{\"@type\":\"ImageObject\",\"inLanguage\":\"fr-FR\",\"@id\":\"https:\/\/b2b.calibereurope.com\/#\/schema\/logo\/image\/\",\"url\":\"https:\/\/b2b.calibereurope.com\/wp-content\/uploads\/2020\/12\/Caliber_Logo-Black.png\",\"contentUrl\":\"https:\/\/b2b.calibereurope.com\/wp-content\/uploads\/2020\/12\/Caliber_Logo-Black.png\",\"width\":3157,\"height\":356,\"caption\":\"Caliber Europe B.V.\"},\"image\":{\"@id\":\"https:\/\/b2b.calibereurope.com\/#\/schema\/logo\/image\/\"}}]}<\/script>\n<!-- \/ Yoast SEO plugin. -->","yoast_head_json":{"title":"Entr\u00e9e auxiliaire USB SD - Batterie R\u00e9sistante \u00e0 l'eau (HPG430BT) - Caliber Europe B.V.","robots":{"index":"noindex","follow":"follow","max-snippet":"max-snippet:-1","max-image-preview":"max-image-preview:large","max-video-preview":"max-video-preview:-1"},"og_locale":"fr_FR","og_type":"article","og_title":"Entr\u00e9e auxiliaire USB SD - Batterie R\u00e9sistante \u00e0 l'eau (HPG430BT) - Caliber Europe B.V.","og_description":"Le Caliber HPG430BT est un haut-parleur Bluetooth\u00ae qui vous permet de profiter de la musique partout. Ce haut-parleur a un bo\u00eetier solide et robuste et est prot\u00e9g\u00e9 contre les \u00e9claboussures. Gr\u00e2ce \u00e0 la puissance du TWSMet 50 Watt, vous ne manquerez jamais de volume et la musique s&rsquo;\u00e9l\u00e8vera toujours au-dessus du bruit ambiant. Si vous [&hellip;]","og_url":"https:\/\/b2b.calibereurope.com\/fr\/produit\/hpg430bt-fr_fr\/","og_site_name":"Caliber Europe B.V.","article_modified_time":"2026-03-25T13:04:09+00:00","og_image":[{"width":1024,"height":768,"url":"https:\/\/b2b.calibereurope.com\/wp-content\/uploads\/2021\/09\/c57eddf3e4916b8fd7c03adb263fb8b74d11eda6_HPG430BT.jpg","type":"image\/jpeg"}],"twitter_card":"summary_large_image","twitter_misc":{"Dur\u00e9e de lecture estim\u00e9e":"1 minute"},"schema":{"@context":"https:\/\/schema.org","@graph":[{"@type":"WebPage","@id":"https:\/\/b2b.calibereurope.com\/fr\/produit\/hpg430bt-fr_fr\/","url":"https:\/\/b2b.calibereurope.com\/fr\/produit\/hpg430bt-fr_fr\/","name":"Entr\u00e9e auxiliaire USB SD - Batterie R\u00e9sistante \u00e0 l'eau (HPG430BT) - Caliber Europe B.V.","isPartOf":{"@id":"https:\/\/b2b.calibereurope.com\/#website"},"primaryImageOfPage":{"@id":"https:\/\/b2b.calibereurope.com\/fr\/produit\/hpg430bt-fr_fr\/#primaryimage"},"image":{"@id":"https:\/\/b2b.calibereurope.com\/fr\/produit\/hpg430bt-fr_fr\/#primaryimage"},"thumbnailUrl":"https:\/\/b2b.calibereurope.com\/wp-content\/uploads\/2025\/01\/c57eddf3e4916b8fd7c03adb263fb8b74d11eda6_HPG430BT.jpg","datePublished":"2025-01-15T00:00:00+00:00","dateModified":"2026-03-25T13:04:09+00:00","breadcrumb":{"@id":"https:\/\/b2b.calibereurope.com\/fr\/produit\/hpg430bt-fr_fr\/#breadcrumb"},"inLanguage":"fr-FR","potentialAction":[{"@type":"ReadAction","target":["https:\/\/b2b.calibereurope.com\/fr\/produit\/hpg430bt-fr_fr\/"]}]},{"@type":"ImageObject","inLanguage":"fr-FR","@id":"https:\/\/b2b.calibereurope.com\/fr\/produit\/hpg430bt-fr_fr\/#primaryimage","url":"https:\/\/b2b.calibereurope.com\/wp-content\/uploads\/2025\/01\/c57eddf3e4916b8fd7c03adb263fb8b74d11eda6_HPG430BT.jpg","contentUrl":"https:\/\/b2b.calibereurope.com\/wp-content\/uploads\/2025\/01\/c57eddf3e4916b8fd7c03adb263fb8b74d11eda6_HPG430BT.jpg","width":1024,"height":768},{"@type":"BreadcrumbList","@id":"https:\/\/b2b.calibereurope.com\/fr\/produit\/hpg430bt-fr_fr\/#breadcrumb","itemListElement":[{"@type":"ListItem","position":1,"name":"Home","item":"https:\/\/b2b.calibereurope.com\/fr\/home\/"},{"@type":"ListItem","position":2,"name":"Boutique","item":"https:\/\/b2b.calibereurope.com\/fr\/boutique\/"},{"@type":"ListItem","position":3,"name":"Entr\u00e9e auxiliaire USB SD &#8211; Batterie R\u00e9sistante \u00e0 l&rsquo;eau (HPG430BT)"}]},{"@type":"WebSite","@id":"https:\/\/b2b.calibereurope.com\/#website","url":"https:\/\/b2b.calibereurope.com\/","name":"Caliber Europe B.V.","description":"B2B Webshop","publisher":{"@id":"https:\/\/b2b.calibereurope.com\/#organization"},"potentialAction":[{"@type":"SearchAction","target":{"@type":"EntryPoint","urlTemplate":"https:\/\/b2b.calibereurope.com\/?s={search_term_string}"},"query-input":{"@type":"PropertyValueSpecification","valueRequired":true,"valueName":"search_term_string"}}],"inLanguage":"fr-FR"},{"@type":"Organization","@id":"https:\/\/b2b.calibereurope.com\/#organization","name":"Caliber Europe B.V.","url":"https:\/\/b2b.calibereurope.com\/","logo":{"@type":"ImageObject","inLanguage":"fr-FR","@id":"https:\/\/b2b.calibereurope.com\/#\/schema\/logo\/image\/","url":"https:\/\/b2b.calibereurope.com\/wp-content\/uploads\/2020\/12\/Caliber_Logo-Black.png","contentUrl":"https:\/\/b2b.calibereurope.com\/wp-content\/uploads\/2020\/12\/Caliber_Logo-Black.png","width":3157,"height":356,"caption":"Caliber Europe B.V."},"image":{"@id":"https:\/\/b2b.calibereurope.com\/#\/schema\/logo\/image\/"}}]}},"_links":{"self":[{"href":"https:\/\/b2b.calibereurope.com\/fr\/wp-json\/wp\/v2\/product\/486984","targetHints":{"allow":["GET"]}}],"collection":[{"href":"https:\/\/b2b.calibereurope.com\/fr\/wp-json\/wp\/v2\/product"}],"about":[{"href":"https:\/\/b2b.calibereurope.com\/fr\/wp-json\/wp\/v2\/types\/product"}],"version-history":[{"count":0,"href":"https:\/\/b2b.calibereurope.com\/fr\/wp-json\/wp\/v2\/product\/486984\/revisions"}],"wp:featuredmedia":[{"embeddable":true,"href":"https:\/\/b2b.calibereurope.com\/fr\/wp-json\/wp\/v2\/media\/855101"}],"wp:attachment":[{"href":"https:\/\/b2b.calibereurope.com\/fr\/wp-json\/wp\/v2\/media?parent=486984"}],"wp:term":[{"taxonomy":"product_brand","embeddable":true,"href":"https:\/\/b2b.calibereurope.com\/fr\/wp-json\/wp\/v2\/product_brand?post=486984"},{"taxonomy":"product_cat","embeddable":true,"href":"https:\/\/b2b.calibereurope.com\/fr\/wp-json\/wp\/v2\/product_cat?post=486984"},{"taxonomy":"product_tag","embeddable":true,"href":"https:\/\/b2b.calibereurope.com\/fr\/wp-json\/wp\/v2\/product_tag?post=486984"}],"curies":[{"name":"wp","href":"https:\/\/api.w.org\/{rel}","templated":true}]}}